{"id":6136,"date":"2025-01-15T09:01:21","date_gmt":"2025-01-15T09:01:21","guid":{"rendered":"https:\/\/usa-b2.com\/pacific-coast-highway\/"},"modified":"2025-10-16T10:03:41","modified_gmt":"2025-10-16T10:03:41","slug":"stillehavskysten-motorvei","status":"publish","type":"page","link":"https:\/\/usa-b2.com\/no\/stillehavskysten-motorvei\/","title":{"rendered":"\u00c5 reise langs Pacific Coast Highway i USA"},"content":{"rendered":"\n<h1 class=\"wp-block-heading\">Hvordan organisere bilturen p\u00e5 Pacific Coast Highway?<\/h1>\n\n<p><a href=\"https:\/\/www.visittheusa.com\/trip\/pacific-coast-highway-road-trip\">Pacific Coast Highway<\/a> (PCH), offisielt kjent som California State Route 1, er mye mer enn bare en vei. Dette asfaltb\u00e5ndet langs den californiske kysten byr p\u00e5 storsl\u00e5tt natur, pittoreske byer og minneverdige opplevelser ved hver eneste sving. Enten du er ute etter eventyr eller fred og ro, vil denne detaljerte guiden hjelpe deg med \u00e5 planlegge en uforglemmelig ferie.  <\/p>\n\n<figure class=\"wp-block-image size-full\"><img fetchpriority=\"high\" decoding=\"async\" width=\"831\" height=\"467\" src=\"https:\/\/usa-b2.com\/wp-content\/uploads\/2025\/01\/Pacific-Coast-Highway-usa-edited.png\" alt=\"\" class=\"wp-image-6503\" srcset=\"https:\/\/usa-b2.com\/wp-content\/uploads\/2025\/01\/Pacific-Coast-Highway-usa-edited.png 831w, https:\/\/usa-b2.com\/wp-content\/uploads\/2025\/01\/Pacific-Coast-Highway-usa-edited-300x169.png 300w, https:\/\/usa-b2.com\/wp-content\/uploads\/2025\/01\/Pacific-Coast-Highway-usa-edited-768x432.png 768w\" sizes=\"(max-width: 831px) 100vw, 831px\" \/><\/figure>\n\n<h2 class=\"wp-block-heading\">Hvorfor bes\u00f8ke Pacific Coast Highway?<\/h2>\n\n<p>Pacific Coast Highway er en sann ode til <a href=\"https:\/\/www.ca.gov\/\">Californias<\/a> mangfold og naturlige skj\u00f8nnhet. P\u00e5 denne ikoniske ruten kj\u00f8rer du gjennom et variert landskap som tar deg fra gylne strender til forrevne klipper, fra frodige skoger til travle byer. Det er en reise der hvert \u00f8yeblikk byr p\u00e5 en ny oppdagelse, enten det er panoramautsikt over Stillehavet eller sjarmerende landsbyer langs kysten.  <\/p>\n\n<p>En av de mest tiltalende sidene ved PCH er tempoet. I motsetning til moderne motorveier inviterer denne ruten deg til \u00e5 senke farten og nyte hver eneste kilometer. Hyppige stopp er ikke bare et alternativ, men en n\u00f8dvendighet, ettersom spektakul\u00e6re utsikter og unike attraksjoner avl\u00f8ser hverandre langs veien. Denne bilturen er ideell for deg som \u00f8nsker \u00e5 komme i kontakt med naturen, nyte rolige \u00f8yeblikk eller rett og slett utforske et hj\u00f8rne av paradiset i ditt eget tempo.   <\/p>\n\n<h2 class=\"wp-block-heading\">Must-sees p\u00e5 veien<\/h2>\n\n<h3 class=\"wp-block-heading\">Mytiske landskap<\/h3>\n\n<p>Pacific Coast Highway er verdensber\u00f8mt for sitt fantastiske landskap. Ved Big Sur skaper de spektakul\u00e6re klippene som stuper ned i havet en unik atmosf\u00e6re, der hver eneste sving avsl\u00f8rer et nytt postkortpanorama. Point Lobos State Natural Reserve er et paradis for naturelskere, med stier langs kysten og utsikt over sj\u00f8l\u00f8ver og delfiner.  <\/p>\n\n<p>17-Mile Drive er et annet h\u00f8ydepunkt p\u00e5 ruten. Denne private strekningen er full av ikoniske steder som Lone Cypress og luksuri\u00f8se golfbaner. Den byr p\u00e5 en unik atmosf\u00e6re som blander luksus med r\u00f8ff skj\u00f8nnhet. Til slutt er Hearst Castle et must \u00e5 se. Dette ekstravagante herskapshuset, som ble bygget av avismagnaten William Randolph Hearst, har utsikt over havet og byr p\u00e5 en fascinerende omvisning i historie og overd\u00e5dighet.    <\/p>\n\n<h4 class=\"wp-block-heading\">Liste over severdigheter du m\u00e5 se :<\/h4>\n\n<ul class=\"wp-block-list\">\n<li>Big Sur og de majestetiske klippene<\/li>\n\n\n\n<li>Point Lobos for naturelskere<\/li>\n\n\n\n<li><a href=\"https:\/\/hearstcastle.org\/\">Hearst Castle<\/a>, et arkitektonisk mesterverk<\/li>\n\n\n\n<li>Nasjonalparker<\/li>\n<\/ul>\n\n<p>Nasjonalparkene langs ruten er ogs\u00e5 vel verdt et bes\u00f8k. <g id=\"gid_0\">Channel Islands National Park<\/g>, som er tilgjengelig fra Ventura, er et paradis for kajakkpadlere, snorklere og turg\u00e5ere. Lenger nord ligger <a href=\"https:\/\/www.nps.gov\/redw\/index.htm\">Redwood nasjonalpark<\/a> og delstatspark, som er hjem til de ber\u00f8mte kjempesequoiaene, noen av de h\u00f8yeste tr\u00e6rne i verden. Disse parkene er den perfekte muligheten til \u00e5 fordype deg i unike \u00f8kosystemer og ta en pause i naturen midt p\u00e5 turen.   <\/p>\n\n<h2 class=\"wp-block-heading\">Hvor kan man sove langs PCH?<\/h2>\n\n<h3 class=\"wp-block-heading\">Hoteller og vandrerhjem<\/h3>\n\n<p>Valget av overnattingssted kan gj\u00f8re reisen til en enda mer minneverdig opplevelse. Carmel-by-the-Sea, for eksempel, er en sjarmerende by der du kan bo p\u00e5 koselige vertshus eller boutiquehoteller. De brosteinsbelagte gatene og kunstgalleriene i denne lille byen gj\u00f8r den til et perfekt stoppested for en avslappende natt. Lenger s\u00f8r ligger Santa Barbara, som byr p\u00e5 kysthoteller som kombinerer komfort og eleganse.   <\/p>\n\n<h3 class=\"wp-block-heading\">Campingplasser for total fordypning<\/h3>\n\n<p>For friluftsentusiaster er camping langs Pacific Coast Highway et fantastisk alternativ. Campingplasser som Kirk Creek Campground i Big Sur har direkte utsikt over havet, slik at du kan sovne til lyden av b\u00f8lgeskvulp. Disse plassene er perfekte for deg som vil oppleve den californiske naturen til fulle og samtidig spare penger p\u00e5 overnatting.  <\/p>\n\n<h4 class=\"wp-block-heading\">Anbefalt overnatting :<\/h4>\n\n<figure class=\"wp-block-table\"><table class=\"has-fixed-layout\"><tbody><tr><td><strong>By<\/strong><\/td><td><strong>Type overnatting<\/strong><\/td><td><strong>Anbefalt navn<\/strong><\/td><\/tr><tr><td>Carmel-by-the-Sea<\/td><td>Boutique-hotell<\/td><td>The Carmel Inn<\/td><\/tr><tr><td>Big Sur<\/td><td>Camping Kirk<\/td><td>Creek Campingplass<\/td><\/tr><tr><td>Santa Barbara<\/td><td>Hotell ved sj\u00f8en<\/td><td>Santa Barbara Inn<\/td><\/tr><\/tbody><\/table><\/figure>\n\n<h2 class=\"wp-block-heading\"><br\/>Den ideelle ruten \u00e5 f\u00f8lge<\/h2>\n\n<h3 class=\"wp-block-heading\">Etappe 1: San Francisco til Monterey<\/h3>\n\n<p>Start reisen i <a href=\"https:\/\/www.sftravel.com\/\">San Francisco<\/a> ved \u00e5 krysse den legendariske <a href=\"https:\/\/www.goldengate.org\/bridge\/visiting-the-bridge\/\">Golden Gate Bridge<\/a>. Ta deg tid til \u00e5 bes\u00f8ke byens ikoniske bydeler, som <a href=\"https:\/\/www.fishermanswharf.org\/\">Fisherman&#8217;s Wharf<\/a> og Chinatown, f\u00f8r du setter kursen mot <a href=\"https:\/\/monterey.gov\/\">Monterey<\/a>. P\u00e5 veien kan du stoppe ved Half Moon Bay, en rolig strand som er ideell for en piknik. I Monterey m\u00e5 du ikke g\u00e5 glipp av det ber\u00f8mte akvariet og <a href=\"https:\/\/canneryrow.com\/experience-cannery-row\/\">Cannery Row<\/a>, en historisk gate full av butikker og restauranter.   <\/p>\n\n<h3 class=\"wp-block-heading\">Etappe 2: Monterey til Big Sur<\/h3>\n\n<p>Denne strekningen er en av de mest spektakul\u00e6re p\u00e5 ruten. Underveis kan du stoppe ved Point <g id=\"gid_0\">Lobos State Reserve<\/g> for en fottur langs kysten. Fortsett til <a href=\"https:\/\/www.bigsurcalifornia.org\/\">Big Sur<\/a>, der Bixby Creek Bridge byr p\u00e5 en ikonisk utsikt. Utforsk ogs\u00e5 McWay Falls, en unik foss som faller rett ned i havet.   <\/p>\n\n<h3 class=\"wp-block-heading\">Etappe 3: Big Sur til Santa Barbara<\/h3>\n\n<p>Kj\u00f8r gjennom <a href=\"https:\/\/www.slocity.org\/\">San Luis Obispo<\/a>, og stopp ved Hearst Castle for en fascinerende omvisning. Lenger s\u00f8r kan du nyte de rolige strendene i Santa Barbara og utforske det livlige sentrum f\u00f8r du avslutter reisen. <\/p>\n\n<h2 class=\"wp-block-heading\">Forutg\u00e5ende administrative formaliteter<\/h2>\n\n<p>For \u00e5 kunne reise p\u00e5 Pacific Coast Highway m\u00e5 du v\u00e6re i forkant av reiseformalitetene:<\/p>\n\n<ul class=\"wp-block-list\">\n<li>Sjekk <a href=\"https:\/\/usa-b2.com\/no\/pass-reise-usa\/\">passets gyldighet for USA.<\/a><\/li>\n\n\n\n<li>Fyll ut <a href=\"https:\/\/usa-b2.com\/no\/esta-skjemaet-pa-nettet\/\">ESTA-skjemaet p\u00e5 nettet.<\/a> Hvis landet ditt ikke er en del av <a href=\"https:\/\/usa-b2.com\/no\/visumfritak-programmet\/\">USAs program for visumfritak<\/a>, m\u00e5 du s\u00f8ke om et <a href=\"https:\/\/usa-b2.com\/no\/us-b1-b2-visum\/\">B1-B2-visum<\/a>. <\/li>\n<\/ul>\n\n<div style=\"height:10px\" aria-hidden=\"true\" class=\"wp-block-spacer\"><\/div>\n\n<h2 class=\"wp-block-heading\">Fotoplasser du ikke m\u00e5 g\u00e5 glipp av<\/h2>\n\n<p>Pacific Coast Highway er full av flotte steder \u00e5 forevige minner. Ved <a href=\"https:\/\/mcwayfalls.com\/\">McWay Falls<\/a> byr fossen som faller ned i havet p\u00e5 en unik utsikt, mens Bixby Bridge er et landemerke som ofte blir fotografert. For mer kunstneriske bilder kan du dra til Pfeiffer Beach, som er kjent for sin lilla sand, eller Santa Monica Pier, der solnedgangen skaper et magisk lys. Disse stedene er ideelle for \u00e5 forevige turen og dele minneverdige bilder p\u00e5 sosiale medier.   <\/p>\n\n<h2 class=\"wp-block-heading\">Aktiviteter som passer din profil<\/h2>\n\n<h3 class=\"wp-block-heading\">Par<\/h3>\n\n<p>For par byr PCH p\u00e5 romantiske muligheter overalt. I <a href=\"https:\/\/icilosangeles.fr\/decouvrir-los-angeles\/quartiers\/malibu-beach\/\">Malibu<\/a> kan du bestille en middag for to p\u00e5 en restaurant med utsikt over havet. I Santa Barbara kan dere velge en ridetur langs strendene. Disse intime \u00f8yeblikkene gj\u00f8r bilturen enda mer magisk.   <\/p>\n\n<h3 class=\"wp-block-heading\">Med familien<\/h3>\n\n<p>Familiereiser langs Pacific Coast Highway er en givende opplevelse. Barna vil elske Santa Barbara Zoo eller kajakkturene i Monterey. Strender som Morro Bay byr ogs\u00e5 p\u00e5 avslapping og moro for store og sm\u00e5.  <\/p>\n\n<p>Pacific Coast Highway er en dr\u00f8mmerute som kombinerer sublim natur, varierte aktiviteter og minneverdige stopp. Enten du reiser som par eller familie, byr denne ruten p\u00e5 en uforglemmelig opplevelse der hvert stopp er en oppdagelse. Planlegg turen n\u00f8ye, og la deg forf\u00f8re av en av de vakreste veiene i verden.  <\/p>\n","protected":false},"excerpt":{"rendered":"<p>Hvordan organisere bilturen p\u00e5 Pacific Coast Highway? Pacific Coast Highway (PCH), offisielt kjent som California State Route 1, er mye mer enn bare en vei. Dette asfaltb\u00e5ndet langs den californiske kysten byr p\u00e5 storsl\u00e5tt natur, pittoreske byer og minneverdige opplevelser ved hver eneste sving. Enten du er ute etter eventyr eller fred og ro, vil [&hellip;]<\/p>\n","protected":false},"author":1,"featured_media":0,"parent":0,"menu_order":0,"comment_status":"closed","ping_status":"closed","template":"","meta":{"footnotes":""},"class_list":["post-6136","page","type-page","status-publish","hentry"],"yoast_head":"<!-- This site is optimized with the Yoast SEO plugin v27.4 - https:\/\/yoast.com\/product\/yoast-seo-wordpress\/ -->\n<title>\u00c5 reise langs Pacific Coast Highway i USA - USA B2<\/title>\n<meta name=\"description\" content=\"Oppdag den perfekte reiseruten, stoppestedene du m\u00e5 se, hvor du kan bo og hva du kan gj\u00f8re for \u00e5 utforske Pacific Coast Highway.\" \/>\n<meta name=\"robots\" content=\"index, follow, max-snippet:-1, max-image-preview:large, max-video-preview:-1\" \/>\n<link rel=\"canonical\" href=\"https:\/\/usa-b2.com\/no\/stillehavskysten-motorvei\/\" \/>\n<meta property=\"og:locale\" content=\"nb_NO\" \/>\n<meta property=\"og:type\" content=\"article\" \/>\n<meta property=\"og:title\" content=\"\u00c5 reise langs Pacific Coast Highway i USA - USA B2\" \/>\n<meta property=\"og:description\" content=\"Oppdag den perfekte reiseruten, stoppestedene du m\u00e5 se, hvor du kan bo og hva du kan gj\u00f8re for \u00e5 utforske Pacific Coast Highway.\" \/>\n<meta property=\"og:url\" content=\"https:\/\/usa-b2.com\/no\/stillehavskysten-motorvei\/\" \/>\n<meta property=\"og:site_name\" content=\"USA B2\" \/>\n<meta property=\"article:modified_time\" content=\"2025-10-16T10:03:41+00:00\" \/>\n<meta property=\"og:image\" content=\"https:\/\/usa-b2.com\/wp-content\/uploads\/2025\/01\/Pacific-Coast-Highway-usa-edited.png\" \/>\n\t<meta property=\"og:image:width\" content=\"831\" \/>\n\t<meta property=\"og:image:height\" content=\"467\" \/>\n\t<meta property=\"og:image:type\" content=\"image\/png\" \/>\n<meta name=\"twitter:card\" content=\"summary_large_image\" \/>\n<meta name=\"twitter:label1\" content=\"Ansl. lesetid\" \/>\n\t<meta name=\"twitter:data1\" content=\"5 minutter\" \/>\n<script type=\"application\/ld+json\" class=\"yoast-schema-graph\">{\"@context\":\"https:\\\/\\\/schema.org\",\"@graph\":[{\"@type\":\"WebPage\",\"@id\":\"https:\\\/\\\/usa-b2.com\\\/no\\\/stillehavskysten-motorvei\\\/\",\"url\":\"https:\\\/\\\/usa-b2.com\\\/no\\\/stillehavskysten-motorvei\\\/\",\"name\":\"\u00c5 reise langs Pacific Coast Highway i USA - USA B2\",\"isPartOf\":{\"@id\":\"https:\\\/\\\/usa-b2.com\\\/no\\\/#website\"},\"primaryImageOfPage\":{\"@id\":\"https:\\\/\\\/usa-b2.com\\\/no\\\/stillehavskysten-motorvei\\\/#primaryimage\"},\"image\":{\"@id\":\"https:\\\/\\\/usa-b2.com\\\/no\\\/stillehavskysten-motorvei\\\/#primaryimage\"},\"thumbnailUrl\":\"https:\\\/\\\/usa-b2.com\\\/wp-content\\\/uploads\\\/2025\\\/01\\\/Pacific-Coast-Highway-usa-edited.png\",\"datePublished\":\"2025-01-15T09:01:21+00:00\",\"dateModified\":\"2025-10-16T10:03:41+00:00\",\"description\":\"Oppdag den perfekte reiseruten, stoppestedene du m\u00e5 se, hvor du kan bo og hva du kan gj\u00f8re for \u00e5 utforske Pacific Coast Highway.\",\"breadcrumb\":{\"@id\":\"https:\\\/\\\/usa-b2.com\\\/no\\\/stillehavskysten-motorvei\\\/#breadcrumb\"},\"inLanguage\":\"nb-NO\",\"potentialAction\":[{\"@type\":\"ReadAction\",\"target\":[\"https:\\\/\\\/usa-b2.com\\\/no\\\/stillehavskysten-motorvei\\\/\"]}]},{\"@type\":\"ImageObject\",\"inLanguage\":\"nb-NO\",\"@id\":\"https:\\\/\\\/usa-b2.com\\\/no\\\/stillehavskysten-motorvei\\\/#primaryimage\",\"url\":\"https:\\\/\\\/usa-b2.com\\\/wp-content\\\/uploads\\\/2025\\\/01\\\/Pacific-Coast-Highway-usa-edited.png\",\"contentUrl\":\"https:\\\/\\\/usa-b2.com\\\/wp-content\\\/uploads\\\/2025\\\/01\\\/Pacific-Coast-Highway-usa-edited.png\"},{\"@type\":\"BreadcrumbList\",\"@id\":\"https:\\\/\\\/usa-b2.com\\\/no\\\/stillehavskysten-motorvei\\\/#breadcrumb\",\"itemListElement\":[{\"@type\":\"ListItem\",\"position\":1,\"name\":\"Accueil\",\"item\":\"https:\\\/\\\/usa-b2.com\\\/no\\\/usa\\\/\"},{\"@type\":\"ListItem\",\"position\":2,\"name\":\"\u00c5 reise langs Pacific Coast Highway i USA\"}]},{\"@type\":\"WebSite\",\"@id\":\"https:\\\/\\\/usa-b2.com\\\/no\\\/#website\",\"url\":\"https:\\\/\\\/usa-b2.com\\\/no\\\/\",\"name\":\"USA B2 VISA\",\"description\":\"\",\"potentialAction\":[{\"@type\":\"SearchAction\",\"target\":{\"@type\":\"EntryPoint\",\"urlTemplate\":\"https:\\\/\\\/usa-b2.com\\\/no\\\/?s={search_term_string}\"},\"query-input\":{\"@type\":\"PropertyValueSpecification\",\"valueRequired\":true,\"valueName\":\"search_term_string\"}}],\"inLanguage\":\"nb-NO\"}]}<\/script>\n<!-- \/ Yoast SEO plugin. -->","yoast_head_json":{"title":"\u00c5 reise langs Pacific Coast Highway i USA - USA B2","description":"Oppdag den perfekte reiseruten, stoppestedene du m\u00e5 se, hvor du kan bo og hva du kan gj\u00f8re for \u00e5 utforske Pacific Coast Highway.","robots":{"index":"index","follow":"follow","max-snippet":"max-snippet:-1","max-image-preview":"max-image-preview:large","max-video-preview":"max-video-preview:-1"},"canonical":"https:\/\/usa-b2.com\/no\/stillehavskysten-motorvei\/","og_locale":"nb_NO","og_type":"article","og_title":"\u00c5 reise langs Pacific Coast Highway i USA - USA B2","og_description":"Oppdag den perfekte reiseruten, stoppestedene du m\u00e5 se, hvor du kan bo og hva du kan gj\u00f8re for \u00e5 utforske Pacific Coast Highway.","og_url":"https:\/\/usa-b2.com\/no\/stillehavskysten-motorvei\/","og_site_name":"USA B2","article_modified_time":"2025-10-16T10:03:41+00:00","og_image":[{"width":831,"height":467,"url":"https:\/\/usa-b2.com\/wp-content\/uploads\/2025\/01\/Pacific-Coast-Highway-usa-edited.png","type":"image\/png"}],"twitter_card":"summary_large_image","twitter_misc":{"Ansl. lesetid":"5 minutter"},"schema":{"@context":"https:\/\/schema.org","@graph":[{"@type":"WebPage","@id":"https:\/\/usa-b2.com\/no\/stillehavskysten-motorvei\/","url":"https:\/\/usa-b2.com\/no\/stillehavskysten-motorvei\/","name":"\u00c5 reise langs Pacific Coast Highway i USA - USA B2","isPartOf":{"@id":"https:\/\/usa-b2.com\/no\/#website"},"primaryImageOfPage":{"@id":"https:\/\/usa-b2.com\/no\/stillehavskysten-motorvei\/#primaryimage"},"image":{"@id":"https:\/\/usa-b2.com\/no\/stillehavskysten-motorvei\/#primaryimage"},"thumbnailUrl":"https:\/\/usa-b2.com\/wp-content\/uploads\/2025\/01\/Pacific-Coast-Highway-usa-edited.png","datePublished":"2025-01-15T09:01:21+00:00","dateModified":"2025-10-16T10:03:41+00:00","description":"Oppdag den perfekte reiseruten, stoppestedene du m\u00e5 se, hvor du kan bo og hva du kan gj\u00f8re for \u00e5 utforske Pacific Coast Highway.","breadcrumb":{"@id":"https:\/\/usa-b2.com\/no\/stillehavskysten-motorvei\/#breadcrumb"},"inLanguage":"nb-NO","potentialAction":[{"@type":"ReadAction","target":["https:\/\/usa-b2.com\/no\/stillehavskysten-motorvei\/"]}]},{"@type":"ImageObject","inLanguage":"nb-NO","@id":"https:\/\/usa-b2.com\/no\/stillehavskysten-motorvei\/#primaryimage","url":"https:\/\/usa-b2.com\/wp-content\/uploads\/2025\/01\/Pacific-Coast-Highway-usa-edited.png","contentUrl":"https:\/\/usa-b2.com\/wp-content\/uploads\/2025\/01\/Pacific-Coast-Highway-usa-edited.png"},{"@type":"BreadcrumbList","@id":"https:\/\/usa-b2.com\/no\/stillehavskysten-motorvei\/#breadcrumb","itemListElement":[{"@type":"ListItem","position":1,"name":"Accueil","item":"https:\/\/usa-b2.com\/no\/usa\/"},{"@type":"ListItem","position":2,"name":"\u00c5 reise langs Pacific Coast Highway i USA"}]},{"@type":"WebSite","@id":"https:\/\/usa-b2.com\/no\/#website","url":"https:\/\/usa-b2.com\/no\/","name":"USA B2 VISA","description":"","potentialAction":[{"@type":"SearchAction","target":{"@type":"EntryPoint","urlTemplate":"https:\/\/usa-b2.com\/no\/?s={search_term_string}"},"query-input":{"@type":"PropertyValueSpecification","valueRequired":true,"valueName":"search_term_string"}}],"inLanguage":"nb-NO"}]}},"_links":{"self":[{"href":"https:\/\/usa-b2.com\/no\/wp-json\/wp\/v2\/pages\/6136","targetHints":{"allow":["GET"]}}],"collection":[{"href":"https:\/\/usa-b2.com\/no\/wp-json\/wp\/v2\/pages"}],"about":[{"href":"https:\/\/usa-b2.com\/no\/wp-json\/wp\/v2\/types\/page"}],"author":[{"embeddable":true,"href":"https:\/\/usa-b2.com\/no\/wp-json\/wp\/v2\/users\/1"}],"replies":[{"embeddable":true,"href":"https:\/\/usa-b2.com\/no\/wp-json\/wp\/v2\/comments?post=6136"}],"version-history":[{"count":2,"href":"https:\/\/usa-b2.com\/no\/wp-json\/wp\/v2\/pages\/6136\/revisions"}],"predecessor-version":[{"id":10640,"href":"https:\/\/usa-b2.com\/no\/wp-json\/wp\/v2\/pages\/6136\/revisions\/10640"}],"wp:attachment":[{"href":"https:\/\/usa-b2.com\/no\/wp-json\/wp\/v2\/media?parent=6136"}],"curies":[{"name":"wp","href":"https:\/\/api.w.org\/{rel}","templated":true}]}}