{"id":4514,"date":"2024-11-18T12:44:50","date_gmt":"2024-11-18T12:44:50","guid":{"rendered":"https:\/\/usa-b2.com\/ds-160\/"},"modified":"2026-02-25T15:04:53","modified_gmt":"2026-02-25T15:04:53","slug":"ds-160","status":"publish","type":"page","link":"https:\/\/usa-b2.com\/no\/ds-160\/","title":{"rendered":"DS 160-skjema p\u00e5 nett"},"content":{"rendered":"\n<h1 class=\"wp-block-heading\">DS 160-skjema for s\u00f8knad om visum til USA<\/h1>\n\n<p>Skjema DS-160 er et viktig dokument for alle som \u00f8nsker \u00e5 f\u00e5 visum til USA. Dette skjemaet er obligatorisk for visums\u00f8knader og fylles utelukkende ut p\u00e5 nettet p\u00e5 det offisielle nettstedet til det amerikanske utenriksdepartementet. Her er alt du trenger \u00e5 vite for \u00e5 fylle ut dette skjemaet p\u00e5 en vellykket m\u00e5te.  <\/p>\n\n<h2 class=\"wp-block-heading\">Hva er DS 160-skjemaet?<\/h2>\n\n<p>DS 160-skjemaet er et nettbasert sp\u00f8rreskjema som samler inn detaljert informasjon om visums\u00f8keren, hans\/hennes reiseintensjoner og personlige historie. Dette skjemaet er det f\u00f8rste trinnet i den <a href=\"https:\/\/usa-b2.com\/no\/visa-b2-visumsoknadsprosedyre\/\">amerikanske visums\u00f8knadsprosessen<\/a>. Informasjonen som oppgis, gj\u00f8r det mulig for de konsul\u00e6re myndighetene \u00e5 avgj\u00f8re om du er kvalifisert for den typen visum du s\u00f8ker om.  <\/p>\n\n<p>Dette skjemaet kreves for flere kategorier av ikke-immigrantvisum, inkludert :<\/p>\n\n<ul class=\"wp-block-list\">\n<li><a href=\"https:\/\/usa-b2.com\/no\/b1-visum-usa\/\">B1 turistvisum<\/a>: for forretningsreiser ;<\/li>\n\n\n\n<li><a href=\"https:\/\/usa-b2.com\/no\/visum-b2\/\">B2 turistvisum<\/a>: for turistreiser eller familiebes\u00f8k ;<\/li>\n\n\n\n<li>F1-studentvisum: for \u00e5 studere i USA ;<\/li>\n\n\n\n<li><a href=\"https:\/\/usa-b2.com\/no\/transittvisum-usa\/\">Transittvisum C<\/a>: for midlertidig passasje gjennom USA ;<\/li>\n\n\n\n<li>Midlertidig arbeidsvisum (H, L, O): for profesjonelle oppdrag.<\/li>\n<\/ul>\n\n<div style=\"height:10px\" aria-hidden=\"true\" class=\"wp-block-spacer\"><\/div>\n\n<h2 class=\"wp-block-heading\">Hvordan fyller jeg ut skjema DS 160?<\/h2>\n\n<h3 class=\"wp-block-heading\">1. G\u00e5 til det offisielle nettstedet<\/h3>\n\n<p>For \u00e5 fylle ut skjema DS 160, bes\u00f8k det <a href=\"https:\/\/ceac.state.gov\/genniv\/\">offisielle nettstedet til det amerikanske utenriksdepartementet<\/a>. S\u00f8rg for at du bruker en sikker tilkobling for \u00e5 beskytte personopplysningene dine. <\/p>\n\n<h3 class=\"wp-block-heading\">2. Samle inn informasjonen din<\/h3>\n\n<p>F\u00f8r du begynner, m\u00e5 du forberede alle n\u00f8dvendige dokumenter, inkludert :<\/p>\n\n<ul class=\"wp-block-list\">\n<li><a href=\"https:\/\/usa-b2.com\/no\/pass-reise-usa\/\">Passet ditt er gyldig for USA<\/a><\/li>\n\n\n\n<li>Reiseopplysningene dine (datoer, destinasjoner, adresser)<\/li>\n\n\n\n<li>Dine personlige opplysninger (adresse, yrke, familiesituasjon)<\/li>\n\n\n\n<li>Eventuelle st\u00f8ttedokumenter som kreves avhengig av visumtype (invitasjonsbrev, kontoutskrifter osv.).<\/li>\n<\/ul>\n\n<h3 class=\"wp-block-heading\">3. Fyll ut skjemaet p\u00e5 engelsk<\/h3>\n\n<p>Alle svar m\u00e5 skrives p\u00e5 engelsk. V\u00e6r n\u00f8ye med \u00e5 svare n\u00f8yaktig, da eventuelle feil kan f\u00f8re til avslag eller forsinkelser i behandlingen av s\u00f8knaden din. <\/p>\n\n<h3 class=\"wp-block-heading\">4. Last opp et kompatibelt bilde<\/h3>\n\n<p>Et nytt digitalt bilde m\u00e5 lastes opp i l\u00f8pet av prosessen. Bildet m\u00e5 v\u00e6re i samsvar med etablerte standarder (hvit bakgrunn, bestemte dimensjoner, ingen briller). <\/p>\n\n<h3 class=\"wp-block-heading\">5. Send inn og lagre bekreftelsesnummeret<\/h3>\n\n<p>N\u00e5r du har fylt ut skjemaet, sender du det inn p\u00e5 nettet og laster ned bekreftelsessiden med strekkoden. Dette dokumentet er viktig for <a href=\"https:\/\/usa-b2.com\/no\/utnevnelse-av-usas-ambassade\/\">intervjuet ditt p\u00e5 den amerikanske ambassaden<\/a>. <\/p>\n\n<h2 class=\"wp-block-heading\">Hva skal jeg gj\u00f8re etter at jeg har sendt inn DS 160?<\/h2>\n\n<p>N\u00e5r skjemaet er sendt inn, fortsetter prosessen med f\u00f8lgende trinn:<\/p>\n\n<ol class=\"wp-block-list\">\n<li><strong>Betal gebyret for visums\u00f8knaden<\/strong>: <a href=\"https:\/\/usa-b2.com\/fr\/frais-visa-b2-usa\/\">Visumgebyret<\/a> varierer avhengig av hvilken type visum du s\u00f8ker om. S\u00f8rg for at du tar vare p\u00e5 kvitteringen for betalingen. <\/li>\n\n\n\n<li><strong>Avtal et intervju<\/strong>: G\u00e5 til den offisielle nettsiden til det amerikanske konsulatet eller ambassaden i landet ditt for \u00e5 avtale et intervju.<\/li>\n\n\n\n<li><strong>G\u00e5 til det konsul\u00e6re intervjuet<\/strong>: P\u00e5 dagen for intervjuet m\u00e5 du ta med passet ditt, bekreftelsessiden DS-160, bildet ditt og alle n\u00f8dvendige st\u00f8ttedokumenter.<\/li>\n<\/ol>\n\n<div style=\"height:10px\" aria-hidden=\"true\" class=\"wp-block-spacer\"><\/div>\n\n<p>For mer detaljert informasjon, se siden v\u00e5r om <a href=\"https:\/\/usa-b2.com\/no\/visa-b2-visumsoknadsprosedyre\/\">s\u00f8knadsprosedyren for visum til USA.<\/a><\/p>\n\n<h2 class=\"wp-block-heading\">Tips for en vellykket s\u00f8knad med DS 160<\/h2>\n\n<ul class=\"wp-block-list\">\n<li><strong>V\u00e6r \u00e6rlig og n\u00f8yaktig<\/strong>: Falske opplysninger kan f\u00f8re til at visumet avsl\u00e5s umiddelbart.<\/li>\n\n\n\n<li><strong>Kontroller svarene dine flere ganger<\/strong> f\u00f8r du sender inn skjemaet.<\/li>\n\n\n\n<li>Ta vare p\u00e5 <strong>en utskrift<\/strong> av DS-160 for personlig bruk.<\/li>\n\n\n\n<li><strong>Overhold tidsfristene<\/strong>: Fyll ut skjemaet minst to uker f\u00f8r planlagt intervjudato for \u00e5 unng\u00e5 forsinkelser.<\/li>\n<\/ul>\n\n<h2 class=\"wp-block-heading\">Vanlige sp\u00f8rsm\u00e5l om DS 160-skjemaet<\/h2>\n\n<h3 class=\"wp-block-heading\">Hvor lang tid tar det \u00e5 fylle ut DS-160?<\/h3>\n\n<p>Gjennomsnittlig varighet er rundt 60 minutter. Du kan lagre fremdriften og fortsette senere hvis det er n\u00f8dvendig. <\/p>\n\n<h3 class=\"wp-block-heading\">Kan jeg endre skjemaet etter at jeg har sendt det inn?<\/h3>\n\n<p>Nei, n\u00e5r DS-160 f\u00f8rst er sendt inn, kan den ikke endres. Hvis det oppdages en feil, m\u00e5 du fylle ut et nytt skjema. <\/p>\n\n<h3 class=\"wp-block-heading\">Garanterer DS-160 et visum?<\/h3>\n\n<p>Nei, innsending av DS-160 garanterer ikke at visumet ditt blir godkjent. Det er et obligatorisk steg, men visumet ditt avhenger av utfallet av det konsul\u00e6re intervjuet. <\/p>\n","protected":false},"excerpt":{"rendered":"<p>DS 160-skjema for s\u00f8knad om visum til USA Skjema DS-160 er et viktig dokument for alle som \u00f8nsker \u00e5 f\u00e5 visum til USA. Dette skjemaet er obligatorisk for visums\u00f8knader og fylles utelukkende ut p\u00e5 nettet p\u00e5 det offisielle nettstedet til det amerikanske utenriksdepartementet. Her er alt du trenger \u00e5 vite for \u00e5 fylle ut dette [&hellip;]<\/p>\n","protected":false},"author":1,"featured_media":0,"parent":0,"menu_order":0,"comment_status":"closed","ping_status":"closed","template":"","meta":{"footnotes":""},"class_list":["post-4514","page","type-page","status-publish","hentry"],"yoast_head":"<!-- This site is optimized with the Yoast SEO plugin v27.0 - https:\/\/yoast.com\/product\/yoast-seo-wordpress\/ -->\n<title>DS 160-skjema p\u00e5 nett - USA B2<\/title>\n<meta name=\"description\" content=\"Alt du trenger \u00e5 vite om utfylling av skjema DS 160 for \u00e5 s\u00f8ke om visum til USA p\u00e5 nett\" \/>\n<meta name=\"robots\" content=\"index, follow, max-snippet:-1, max-image-preview:large, max-video-preview:-1\" \/>\n<link rel=\"canonical\" href=\"https:\/\/usa-b2.com\/no\/ds-160\/\" \/>\n<meta property=\"og:locale\" content=\"nb_NO\" \/>\n<meta property=\"og:type\" content=\"article\" \/>\n<meta property=\"og:title\" content=\"DS 160-skjema p\u00e5 nett - USA B2\" \/>\n<meta property=\"og:description\" content=\"Alt du trenger \u00e5 vite om utfylling av skjema DS 160 for \u00e5 s\u00f8ke om visum til USA p\u00e5 nett\" \/>\n<meta property=\"og:url\" content=\"https:\/\/usa-b2.com\/no\/ds-160\/\" \/>\n<meta property=\"og:site_name\" content=\"USA B2\" \/>\n<meta property=\"article:modified_time\" content=\"2026-02-25T15:04:53+00:00\" \/>\n<meta name=\"twitter:card\" content=\"summary_large_image\" \/>\n<meta name=\"twitter:label1\" content=\"Ansl. lesetid\" \/>\n\t<meta name=\"twitter:data1\" content=\"3 minutter\" \/>\n<script type=\"application\/ld+json\" class=\"yoast-schema-graph\">{\"@context\":\"https:\/\/schema.org\",\"@graph\":[{\"@type\":\"WebPage\",\"@id\":\"https:\/\/usa-b2.com\/no\/ds-160\/\",\"url\":\"https:\/\/usa-b2.com\/no\/ds-160\/\",\"name\":\"DS 160-skjema p\u00e5 nett - USA B2\",\"isPartOf\":{\"@id\":\"https:\/\/usa-b2.com\/no\/#website\"},\"datePublished\":\"2024-11-18T12:44:50+00:00\",\"dateModified\":\"2026-02-25T15:04:53+00:00\",\"description\":\"Alt du trenger \u00e5 vite om utfylling av skjema DS 160 for \u00e5 s\u00f8ke om visum til USA p\u00e5 nett\",\"breadcrumb\":{\"@id\":\"https:\/\/usa-b2.com\/no\/ds-160\/#breadcrumb\"},\"inLanguage\":\"nb-NO\",\"potentialAction\":[{\"@type\":\"ReadAction\",\"target\":[\"https:\/\/usa-b2.com\/no\/ds-160\/\"]}]},{\"@type\":\"BreadcrumbList\",\"@id\":\"https:\/\/usa-b2.com\/no\/ds-160\/#breadcrumb\",\"itemListElement\":[{\"@type\":\"ListItem\",\"position\":1,\"name\":\"Accueil\",\"item\":\"https:\/\/usa-b2.com\/no\/guide-roadtrips\/\"},{\"@type\":\"ListItem\",\"position\":2,\"name\":\"DS 160-skjema p\u00e5 nett\"}]},{\"@type\":\"WebSite\",\"@id\":\"https:\/\/usa-b2.com\/no\/#website\",\"url\":\"https:\/\/usa-b2.com\/no\/\",\"name\":\"USA B2 VISA\",\"description\":\"\",\"potentialAction\":[{\"@type\":\"SearchAction\",\"target\":{\"@type\":\"EntryPoint\",\"urlTemplate\":\"https:\/\/usa-b2.com\/no\/?s={search_term_string}\"},\"query-input\":{\"@type\":\"PropertyValueSpecification\",\"valueRequired\":true,\"valueName\":\"search_term_string\"}}],\"inLanguage\":\"nb-NO\"}]}<\/script>\n<!-- \/ Yoast SEO plugin. -->","yoast_head_json":{"title":"DS 160-skjema p\u00e5 nett - USA B2","description":"Alt du trenger \u00e5 vite om utfylling av skjema DS 160 for \u00e5 s\u00f8ke om visum til USA p\u00e5 nett","robots":{"index":"index","follow":"follow","max-snippet":"max-snippet:-1","max-image-preview":"max-image-preview:large","max-video-preview":"max-video-preview:-1"},"canonical":"https:\/\/usa-b2.com\/no\/ds-160\/","og_locale":"nb_NO","og_type":"article","og_title":"DS 160-skjema p\u00e5 nett - USA B2","og_description":"Alt du trenger \u00e5 vite om utfylling av skjema DS 160 for \u00e5 s\u00f8ke om visum til USA p\u00e5 nett","og_url":"https:\/\/usa-b2.com\/no\/ds-160\/","og_site_name":"USA B2","article_modified_time":"2026-02-25T15:04:53+00:00","twitter_card":"summary_large_image","twitter_misc":{"Ansl. lesetid":"3 minutter"},"schema":{"@context":"https:\/\/schema.org","@graph":[{"@type":"WebPage","@id":"https:\/\/usa-b2.com\/no\/ds-160\/","url":"https:\/\/usa-b2.com\/no\/ds-160\/","name":"DS 160-skjema p\u00e5 nett - USA B2","isPartOf":{"@id":"https:\/\/usa-b2.com\/no\/#website"},"datePublished":"2024-11-18T12:44:50+00:00","dateModified":"2026-02-25T15:04:53+00:00","description":"Alt du trenger \u00e5 vite om utfylling av skjema DS 160 for \u00e5 s\u00f8ke om visum til USA p\u00e5 nett","breadcrumb":{"@id":"https:\/\/usa-b2.com\/no\/ds-160\/#breadcrumb"},"inLanguage":"nb-NO","potentialAction":[{"@type":"ReadAction","target":["https:\/\/usa-b2.com\/no\/ds-160\/"]}]},{"@type":"BreadcrumbList","@id":"https:\/\/usa-b2.com\/no\/ds-160\/#breadcrumb","itemListElement":[{"@type":"ListItem","position":1,"name":"Accueil","item":"https:\/\/usa-b2.com\/no\/guide-roadtrips\/"},{"@type":"ListItem","position":2,"name":"DS 160-skjema p\u00e5 nett"}]},{"@type":"WebSite","@id":"https:\/\/usa-b2.com\/no\/#website","url":"https:\/\/usa-b2.com\/no\/","name":"USA B2 VISA","description":"","potentialAction":[{"@type":"SearchAction","target":{"@type":"EntryPoint","urlTemplate":"https:\/\/usa-b2.com\/no\/?s={search_term_string}"},"query-input":{"@type":"PropertyValueSpecification","valueRequired":true,"valueName":"search_term_string"}}],"inLanguage":"nb-NO"}]}},"_links":{"self":[{"href":"https:\/\/usa-b2.com\/no\/wp-json\/wp\/v2\/pages\/4514","targetHints":{"allow":["GET"]}}],"collection":[{"href":"https:\/\/usa-b2.com\/no\/wp-json\/wp\/v2\/pages"}],"about":[{"href":"https:\/\/usa-b2.com\/no\/wp-json\/wp\/v2\/types\/page"}],"author":[{"embeddable":true,"href":"https:\/\/usa-b2.com\/no\/wp-json\/wp\/v2\/users\/1"}],"replies":[{"embeddable":true,"href":"https:\/\/usa-b2.com\/no\/wp-json\/wp\/v2\/comments?post=4514"}],"version-history":[{"count":3,"href":"https:\/\/usa-b2.com\/no\/wp-json\/wp\/v2\/pages\/4514\/revisions"}],"predecessor-version":[{"id":11072,"href":"https:\/\/usa-b2.com\/no\/wp-json\/wp\/v2\/pages\/4514\/revisions\/11072"}],"wp:attachment":[{"href":"https:\/\/usa-b2.com\/no\/wp-json\/wp\/v2\/media?parent=4514"}],"curies":[{"name":"wp","href":"https:\/\/api.w.org\/{rel}","templated":true}]}}