{"id":2839,"date":"2024-06-25T15:44:50","date_gmt":"2024-06-25T15:44:50","guid":{"rendered":"https:\/\/usa-b2.com\/skriv-ut-esta\/"},"modified":"2025-10-13T12:48:45","modified_gmt":"2025-10-13T12:48:45","slug":"skriv-ut-esta","status":"publish","type":"page","link":"https:\/\/usa-b2.com\/no\/skriv-ut-esta\/","title":{"rendered":"Er det n\u00f8dvendig \u00e5 skrive ut en ESTA"},"content":{"rendered":"\n<h1 class=\"wp-block-heading\">Skriv ut ESTA-en din for \u00e5 reise til USA<\/h1>\n\n<p>ESTA-autorisasjon er et elektronisk reisesertifikat. Det betyr at den kun kan bestilles online via nettet, og bekreftelse sendes p\u00e5 e-post. Reisende lurer derfor p\u00e5 om det er n\u00f8dvendig \u00e5 skrive ut ESTA-autorisasjonen sin f\u00f8r de reiser til USA.  <\/p>\n\n<p><strong>For \u00e5 f\u00e5 reisetillatelse p\u00e5 bare noen f\u00e5 minutter <\/strong>, klikker du bare p\u00e5 <a href=\"https:\/\/usa-b2.com\/no\/esta-skjemaet-pa-nettet\/\">ESTA-skjemaet p\u00e5 nettet<\/a>.<\/p>\n\n<div style=\"height:10px\" aria-hidden=\"true\" class=\"wp-block-spacer\"><\/div>\n\n<h2 class=\"wp-block-heading\">M\u00e5 jeg skrive ut ESTA-en min p\u00e5 papir?<\/h2>\n\n<p>Det er <strong>ikke n\u00f8dvendig \u00e5 ha ESTA-autorisasjon p\u00e5 papir<\/strong> n\u00e5r du ankommer USA. Grensevaktene sjekker status for ESTA-autorisasjonen i datasystemet. Noen ganger kan det likevel v\u00e6re betryggende \u00e5 skrive ut en kopi av det godkjente ESTA-sertifikatet og ta det med seg p\u00e5 reisen.  <\/p>\n\n<p>Et <a href=\"https:\/\/usa-b2.com\/fr\/difference-entre-visa-et-esta\/\">ESTA er ikke et visum til USA<\/a>. N\u00e5r det gjelder <a href=\"https:\/\/usa-b2.com\/no\/visum-b2\/\">B2-visumet<\/a>, f\u00e5r den reisende et utskrevet visum som m\u00e5 festes i <a href=\"https:\/\/usa-b2.com\/fr\/passeport-pour-voyager-aux-usa\/\">passet for \u00e5 kunne reise til USA.<\/a> For mer informasjon, se siden v\u00e5r som forklarer <a href=\"https:\/\/usa-b2.com\/fr\/c-est-quoi-une-esta\/\">hva ESTA er<\/a>.<\/p>\n\n<h2 class=\"wp-block-heading\">Hvordan skriver jeg ut ESTA-en min?<\/h2>\n\n<p>N\u00e5r s\u00f8knaden er godkjent av det offisielle ESTA-nettstedet, kan den skrives ut fra bekreftelses-e-posten som mottas.\nDen reisende mottar ogs\u00e5 en elektronisk kvittering for betaling av ESTA. <\/p>\n\n<p><\/p>\n","protected":false},"excerpt":{"rendered":"<p>Skriv ut ESTA-en din for \u00e5 reise til USA ESTA-autorisasjon er et elektronisk reisesertifikat. Det betyr at den kun kan bestilles online via nettet, og bekreftelse sendes p\u00e5 e-post. Reisende lurer derfor p\u00e5 om det er n\u00f8dvendig \u00e5 skrive ut ESTA-autorisasjonen sin f\u00f8r de reiser til USA. For \u00e5 f\u00e5 reisetillatelse p\u00e5 bare noen f\u00e5 [&hellip;]<\/p>\n","protected":false},"author":1,"featured_media":0,"parent":0,"menu_order":0,"comment_status":"closed","ping_status":"closed","template":"","meta":{"footnotes":""},"class_list":["post-2839","page","type-page","status-publish","hentry"],"yoast_head":"<!-- This site is optimized with the Yoast SEO plugin v27.4 - https:\/\/yoast.com\/product\/yoast-seo-wordpress\/ -->\n<title>Er det n\u00f8dvendig \u00e5 skrive ut en ESTA - USA B2<\/title>\n<meta name=\"description\" content=\"M\u00e5 jeg skrive ut det elektroniske ESTA-reisedokumentet mitt for \u00e5 reise til USA?\" \/>\n<meta name=\"robots\" content=\"index, follow, max-snippet:-1, max-image-preview:large, max-video-preview:-1\" \/>\n<link rel=\"canonical\" href=\"https:\/\/usa-b2.com\/no\/skriv-ut-esta\/\" \/>\n<meta property=\"og:locale\" content=\"nb_NO\" \/>\n<meta property=\"og:type\" content=\"article\" \/>\n<meta property=\"og:title\" content=\"Er det n\u00f8dvendig \u00e5 skrive ut en ESTA - USA B2\" \/>\n<meta property=\"og:description\" content=\"M\u00e5 jeg skrive ut det elektroniske ESTA-reisedokumentet mitt for \u00e5 reise til USA?\" \/>\n<meta property=\"og:url\" content=\"https:\/\/usa-b2.com\/no\/skriv-ut-esta\/\" \/>\n<meta property=\"og:site_name\" content=\"USA B2\" \/>\n<meta property=\"article:modified_time\" content=\"2025-10-13T12:48:45+00:00\" \/>\n<meta name=\"twitter:card\" content=\"summary_large_image\" \/>\n<meta name=\"twitter:label1\" content=\"Ansl. lesetid\" \/>\n\t<meta name=\"twitter:data1\" content=\"1 minutt\" \/>\n<script type=\"application\/ld+json\" class=\"yoast-schema-graph\">{\"@context\":\"https:\\\/\\\/schema.org\",\"@graph\":[{\"@type\":\"WebPage\",\"@id\":\"https:\\\/\\\/usa-b2.com\\\/no\\\/skriv-ut-esta\\\/\",\"url\":\"https:\\\/\\\/usa-b2.com\\\/no\\\/skriv-ut-esta\\\/\",\"name\":\"Er det n\u00f8dvendig \u00e5 skrive ut en ESTA - USA B2\",\"isPartOf\":{\"@id\":\"https:\\\/\\\/usa-b2.com\\\/no\\\/#website\"},\"datePublished\":\"2024-06-25T15:44:50+00:00\",\"dateModified\":\"2025-10-13T12:48:45+00:00\",\"description\":\"M\u00e5 jeg skrive ut det elektroniske ESTA-reisedokumentet mitt for \u00e5 reise til USA?\",\"breadcrumb\":{\"@id\":\"https:\\\/\\\/usa-b2.com\\\/no\\\/skriv-ut-esta\\\/#breadcrumb\"},\"inLanguage\":\"nb-NO\",\"potentialAction\":[{\"@type\":\"ReadAction\",\"target\":[\"https:\\\/\\\/usa-b2.com\\\/no\\\/skriv-ut-esta\\\/\"]}]},{\"@type\":\"BreadcrumbList\",\"@id\":\"https:\\\/\\\/usa-b2.com\\\/no\\\/skriv-ut-esta\\\/#breadcrumb\",\"itemListElement\":[{\"@type\":\"ListItem\",\"position\":1,\"name\":\"Accueil\",\"item\":\"https:\\\/\\\/usa-b2.com\\\/no\\\/usa\\\/\"},{\"@type\":\"ListItem\",\"position\":2,\"name\":\"Er det n\u00f8dvendig \u00e5 skrive ut en ESTA\"}]},{\"@type\":\"WebSite\",\"@id\":\"https:\\\/\\\/usa-b2.com\\\/no\\\/#website\",\"url\":\"https:\\\/\\\/usa-b2.com\\\/no\\\/\",\"name\":\"USA B2 VISA\",\"description\":\"\",\"potentialAction\":[{\"@type\":\"SearchAction\",\"target\":{\"@type\":\"EntryPoint\",\"urlTemplate\":\"https:\\\/\\\/usa-b2.com\\\/no\\\/?s={search_term_string}\"},\"query-input\":{\"@type\":\"PropertyValueSpecification\",\"valueRequired\":true,\"valueName\":\"search_term_string\"}}],\"inLanguage\":\"nb-NO\"}]}<\/script>\n<!-- \/ Yoast SEO plugin. -->","yoast_head_json":{"title":"Er det n\u00f8dvendig \u00e5 skrive ut en ESTA - USA B2","description":"M\u00e5 jeg skrive ut det elektroniske ESTA-reisedokumentet mitt for \u00e5 reise til USA?","robots":{"index":"index","follow":"follow","max-snippet":"max-snippet:-1","max-image-preview":"max-image-preview:large","max-video-preview":"max-video-preview:-1"},"canonical":"https:\/\/usa-b2.com\/no\/skriv-ut-esta\/","og_locale":"nb_NO","og_type":"article","og_title":"Er det n\u00f8dvendig \u00e5 skrive ut en ESTA - USA B2","og_description":"M\u00e5 jeg skrive ut det elektroniske ESTA-reisedokumentet mitt for \u00e5 reise til USA?","og_url":"https:\/\/usa-b2.com\/no\/skriv-ut-esta\/","og_site_name":"USA B2","article_modified_time":"2025-10-13T12:48:45+00:00","twitter_card":"summary_large_image","twitter_misc":{"Ansl. lesetid":"1 minutt"},"schema":{"@context":"https:\/\/schema.org","@graph":[{"@type":"WebPage","@id":"https:\/\/usa-b2.com\/no\/skriv-ut-esta\/","url":"https:\/\/usa-b2.com\/no\/skriv-ut-esta\/","name":"Er det n\u00f8dvendig \u00e5 skrive ut en ESTA - USA B2","isPartOf":{"@id":"https:\/\/usa-b2.com\/no\/#website"},"datePublished":"2024-06-25T15:44:50+00:00","dateModified":"2025-10-13T12:48:45+00:00","description":"M\u00e5 jeg skrive ut det elektroniske ESTA-reisedokumentet mitt for \u00e5 reise til USA?","breadcrumb":{"@id":"https:\/\/usa-b2.com\/no\/skriv-ut-esta\/#breadcrumb"},"inLanguage":"nb-NO","potentialAction":[{"@type":"ReadAction","target":["https:\/\/usa-b2.com\/no\/skriv-ut-esta\/"]}]},{"@type":"BreadcrumbList","@id":"https:\/\/usa-b2.com\/no\/skriv-ut-esta\/#breadcrumb","itemListElement":[{"@type":"ListItem","position":1,"name":"Accueil","item":"https:\/\/usa-b2.com\/no\/usa\/"},{"@type":"ListItem","position":2,"name":"Er det n\u00f8dvendig \u00e5 skrive ut en ESTA"}]},{"@type":"WebSite","@id":"https:\/\/usa-b2.com\/no\/#website","url":"https:\/\/usa-b2.com\/no\/","name":"USA B2 VISA","description":"","potentialAction":[{"@type":"SearchAction","target":{"@type":"EntryPoint","urlTemplate":"https:\/\/usa-b2.com\/no\/?s={search_term_string}"},"query-input":{"@type":"PropertyValueSpecification","valueRequired":true,"valueName":"search_term_string"}}],"inLanguage":"nb-NO"}]}},"_links":{"self":[{"href":"https:\/\/usa-b2.com\/no\/wp-json\/wp\/v2\/pages\/2839","targetHints":{"allow":["GET"]}}],"collection":[{"href":"https:\/\/usa-b2.com\/no\/wp-json\/wp\/v2\/pages"}],"about":[{"href":"https:\/\/usa-b2.com\/no\/wp-json\/wp\/v2\/types\/page"}],"author":[{"embeddable":true,"href":"https:\/\/usa-b2.com\/no\/wp-json\/wp\/v2\/users\/1"}],"replies":[{"embeddable":true,"href":"https:\/\/usa-b2.com\/no\/wp-json\/wp\/v2\/comments?post=2839"}],"version-history":[{"count":2,"href":"https:\/\/usa-b2.com\/no\/wp-json\/wp\/v2\/pages\/2839\/revisions"}],"predecessor-version":[{"id":9985,"href":"https:\/\/usa-b2.com\/no\/wp-json\/wp\/v2\/pages\/2839\/revisions\/9985"}],"wp:attachment":[{"href":"https:\/\/usa-b2.com\/no\/wp-json\/wp\/v2\/media?parent=2839"}],"curies":[{"name":"wp","href":"https:\/\/api.w.org\/{rel}","templated":true}]}}