{"id":2759,"date":"2024-06-25T10:10:23","date_gmt":"2024-06-25T10:10:23","guid":{"rendered":"https:\/\/usa-b2.com\/gyldighetsperiode-esta\/"},"modified":"2025-10-13T13:33:10","modified_gmt":"2025-10-13T13:33:10","slug":"gyldighetsperiode-esta","status":"publish","type":"page","link":"https:\/\/usa-b2.com\/no\/gyldighetsperiode-esta\/","title":{"rendered":"ESTA har en begrenset gyldighetsperiode"},"content":{"rendered":"\n<h1 class=\"wp-block-heading\">Hvor lenge er en ESTA-autorisasjon gyldig?<\/h1>\n\n<p>En ESTA-reisetillatelse har en begrenset gyldighetsdato. For \u00e5 fornye ESTA-autorisasjonen din til USA, fyller du ganske enkelt ut <a href=\"https:\/\/usa-b2.com\/no\/esta-skjemaet-pa-nettet\/\">ESTA-skjemaet p\u00e5 nettet<\/a>. <\/p>\n\n<div style=\"height:10px\" aria-hidden=\"true\" class=\"wp-block-spacer\"><\/div>\n\n<h2 class=\"wp-block-heading\">Hvor lenge er et ESTA gyldig?<\/h2>\n\n<p>ESTA-autorisasjoner er i utgangspunktet gyldige i to \u00e5r. I l\u00f8pet av denne perioden kan reisende bes\u00f8ke USA flere ganger uten \u00e5 sende inn en ny s\u00f8knad. Hvert opphold m\u00e5 ikke overstige 90 dager i USA.  <\/p>\n\n<h2 class=\"wp-block-heading\">N\u00e5r reduseres gyldighetsperioden?<\/h2>\n\n<p>Gyldighetsperioden for ESTA kan reduseres i visse situasjoner. Her er de tre viktigste grunnene til at ESTA kan avsluttes f\u00f8r tiden: <\/p>\n\n<ol class=\"wp-block-list\">\n<li><strong>N\u00e5r noen av personopplysningene som ble oppgitt for \u00e5 f\u00e5 ESTA ikke lenger er gyldige<\/strong>. Hvis ESTA-innehaverens navn, kj\u00f8nn eller nasjonalitet endres, er ESTA-en ikke lenger gyldig, og en ny ESTA-s\u00f8knad m\u00e5 sendes inn med de oppdaterte personopplysningene. <\/li>\n\n\n\n<li><strong>N\u00e5r passet som ble brukt for \u00e5 f\u00e5 ESTA har utl\u00f8pt<\/strong>. ESTA er knyttet til passet som ble brukt ved den f\u00f8rste s\u00f8knaden. Hvis dette passet utl\u00f8per, er ESTA-kortet automatisk ikke lenger gyldig. Den reisende m\u00e5 sende inn en ny ESTA-s\u00f8knad med det nye <a href=\"https:\/\/usa-b2.com\/fr\/passeport-pour-voyager-aux-usa\/\">passet som er gyldig for USA<\/a>.   <\/li>\n\n\n\n<li><strong>N\u00e5r svarene p\u00e5 sikkerhetssp\u00f8rsm\u00e5lene i ESTA-s\u00f8knaden ikke lenger er gyldige<\/strong>. Hvis svarene p\u00e5 de personlige sp\u00f8rsm\u00e5lene p\u00e5 ESTA-skjemaet ikke lenger er gyldige, er ESTA-skjemaet ikke lenger gyldig. Du m\u00e5 s\u00f8ke om reisetillatelse p\u00e5 nytt p\u00e5 det offisielle ESTA-nettstedet ved \u00e5 oppdatere svarene p\u00e5 helse- og sikkerhetssp\u00f8rsm\u00e5lene i ESTA-skjemaet.  <\/li>\n<\/ol>\n\n<div style=\"height:10px\" aria-hidden=\"true\" class=\"wp-block-spacer\"><\/div>\n\n<h2 class=\"wp-block-heading\">Utl\u00f8p av ESTA-godkjenning under opphold i USA<\/h2>\n\n<p>N\u00e5r en ESTA-godkjenning utl\u00f8per under et opphold i USA, f\u00e5r den reisende tillatelse av amerikanske myndigheter til \u00e5 fullf\u00f8re oppholdet i USA innen fristen p\u00e5 90 dager. Det er vanligvis ikke noe problem \u00e5 forlate USA etter at ESTA har utl\u00f8pt.<\/p>\n\n<p>Hvis du planlegger \u00e5 oppholde deg i USA i mer enn 90 dager, m\u00e5 du imidlertid skaffe deg et <a href=\"https:\/\/usa-b2.com\/no\/visum-b2\/\">B2-turistvisum<\/a>. Overskridelse av den tillatte oppholdstiden p\u00e5 90 dager er sv\u00e6rt upopul\u00e6rt hos amerikanske myndigheter.<\/p>\n","protected":false},"excerpt":{"rendered":"<p>Hvor lenge er en ESTA-autorisasjon gyldig? En ESTA-reisetillatelse har en begrenset gyldighetsdato. For \u00e5 fornye ESTA-autorisasjonen din til USA, fyller du ganske enkelt ut ESTA-skjemaet p\u00e5 nettet. Hvor lenge er et ESTA gyldig? ESTA-autorisasjoner er i utgangspunktet gyldige i to \u00e5r. I l\u00f8pet av denne perioden kan reisende bes\u00f8ke USA flere ganger uten \u00e5 sende [&hellip;]<\/p>\n","protected":false},"author":1,"featured_media":0,"parent":0,"menu_order":0,"comment_status":"closed","ping_status":"closed","template":"","meta":{"footnotes":""},"class_list":["post-2759","page","type-page","status-publish","hentry"],"yoast_head":"<!-- This site is optimized with the Yoast SEO plugin v27.4 - https:\/\/yoast.com\/product\/yoast-seo-wordpress\/ -->\n<title>ESTA har en begrenset gyldighetsperiode - USA B2<\/title>\n<meta name=\"description\" content=\"ESTA-autorisasjoner er gyldige i en begrenset periode, s\u00e5 det er viktig \u00e5 sjekke gyldigheten f\u00f8r du reiser.\" \/>\n<meta name=\"robots\" content=\"index, follow, max-snippet:-1, max-image-preview:large, max-video-preview:-1\" \/>\n<link rel=\"canonical\" href=\"https:\/\/usa-b2.com\/no\/gyldighetsperiode-esta\/\" \/>\n<meta property=\"og:locale\" content=\"nb_NO\" \/>\n<meta property=\"og:type\" content=\"article\" \/>\n<meta property=\"og:title\" content=\"ESTA har en begrenset gyldighetsperiode - USA B2\" \/>\n<meta property=\"og:description\" content=\"ESTA-autorisasjoner er gyldige i en begrenset periode, s\u00e5 det er viktig \u00e5 sjekke gyldigheten f\u00f8r du reiser.\" \/>\n<meta property=\"og:url\" content=\"https:\/\/usa-b2.com\/no\/gyldighetsperiode-esta\/\" \/>\n<meta property=\"og:site_name\" content=\"USA B2\" \/>\n<meta property=\"article:modified_time\" content=\"2025-10-13T13:33:10+00:00\" \/>\n<meta name=\"twitter:card\" content=\"summary_large_image\" \/>\n<meta name=\"twitter:label1\" content=\"Ansl. lesetid\" \/>\n\t<meta name=\"twitter:data1\" content=\"2 minutter\" \/>\n<script type=\"application\/ld+json\" class=\"yoast-schema-graph\">{\"@context\":\"https:\\\/\\\/schema.org\",\"@graph\":[{\"@type\":\"WebPage\",\"@id\":\"https:\\\/\\\/usa-b2.com\\\/no\\\/gyldighetsperiode-esta\\\/\",\"url\":\"https:\\\/\\\/usa-b2.com\\\/no\\\/gyldighetsperiode-esta\\\/\",\"name\":\"ESTA har en begrenset gyldighetsperiode - USA B2\",\"isPartOf\":{\"@id\":\"https:\\\/\\\/usa-b2.com\\\/no\\\/#website\"},\"datePublished\":\"2024-06-25T10:10:23+00:00\",\"dateModified\":\"2025-10-13T13:33:10+00:00\",\"description\":\"ESTA-autorisasjoner er gyldige i en begrenset periode, s\u00e5 det er viktig \u00e5 sjekke gyldigheten f\u00f8r du reiser.\",\"breadcrumb\":{\"@id\":\"https:\\\/\\\/usa-b2.com\\\/no\\\/gyldighetsperiode-esta\\\/#breadcrumb\"},\"inLanguage\":\"nb-NO\",\"potentialAction\":[{\"@type\":\"ReadAction\",\"target\":[\"https:\\\/\\\/usa-b2.com\\\/no\\\/gyldighetsperiode-esta\\\/\"]}]},{\"@type\":\"BreadcrumbList\",\"@id\":\"https:\\\/\\\/usa-b2.com\\\/no\\\/gyldighetsperiode-esta\\\/#breadcrumb\",\"itemListElement\":[{\"@type\":\"ListItem\",\"position\":1,\"name\":\"Accueil\",\"item\":\"https:\\\/\\\/usa-b2.com\\\/no\\\/usa\\\/\"},{\"@type\":\"ListItem\",\"position\":2,\"name\":\"ESTA har en begrenset gyldighetsperiode\"}]},{\"@type\":\"WebSite\",\"@id\":\"https:\\\/\\\/usa-b2.com\\\/no\\\/#website\",\"url\":\"https:\\\/\\\/usa-b2.com\\\/no\\\/\",\"name\":\"USA B2 VISA\",\"description\":\"\",\"potentialAction\":[{\"@type\":\"SearchAction\",\"target\":{\"@type\":\"EntryPoint\",\"urlTemplate\":\"https:\\\/\\\/usa-b2.com\\\/no\\\/?s={search_term_string}\"},\"query-input\":{\"@type\":\"PropertyValueSpecification\",\"valueRequired\":true,\"valueName\":\"search_term_string\"}}],\"inLanguage\":\"nb-NO\"}]}<\/script>\n<!-- \/ Yoast SEO plugin. -->","yoast_head_json":{"title":"ESTA har en begrenset gyldighetsperiode - USA B2","description":"ESTA-autorisasjoner er gyldige i en begrenset periode, s\u00e5 det er viktig \u00e5 sjekke gyldigheten f\u00f8r du reiser.","robots":{"index":"index","follow":"follow","max-snippet":"max-snippet:-1","max-image-preview":"max-image-preview:large","max-video-preview":"max-video-preview:-1"},"canonical":"https:\/\/usa-b2.com\/no\/gyldighetsperiode-esta\/","og_locale":"nb_NO","og_type":"article","og_title":"ESTA har en begrenset gyldighetsperiode - USA B2","og_description":"ESTA-autorisasjoner er gyldige i en begrenset periode, s\u00e5 det er viktig \u00e5 sjekke gyldigheten f\u00f8r du reiser.","og_url":"https:\/\/usa-b2.com\/no\/gyldighetsperiode-esta\/","og_site_name":"USA B2","article_modified_time":"2025-10-13T13:33:10+00:00","twitter_card":"summary_large_image","twitter_misc":{"Ansl. lesetid":"2 minutter"},"schema":{"@context":"https:\/\/schema.org","@graph":[{"@type":"WebPage","@id":"https:\/\/usa-b2.com\/no\/gyldighetsperiode-esta\/","url":"https:\/\/usa-b2.com\/no\/gyldighetsperiode-esta\/","name":"ESTA har en begrenset gyldighetsperiode - USA B2","isPartOf":{"@id":"https:\/\/usa-b2.com\/no\/#website"},"datePublished":"2024-06-25T10:10:23+00:00","dateModified":"2025-10-13T13:33:10+00:00","description":"ESTA-autorisasjoner er gyldige i en begrenset periode, s\u00e5 det er viktig \u00e5 sjekke gyldigheten f\u00f8r du reiser.","breadcrumb":{"@id":"https:\/\/usa-b2.com\/no\/gyldighetsperiode-esta\/#breadcrumb"},"inLanguage":"nb-NO","potentialAction":[{"@type":"ReadAction","target":["https:\/\/usa-b2.com\/no\/gyldighetsperiode-esta\/"]}]},{"@type":"BreadcrumbList","@id":"https:\/\/usa-b2.com\/no\/gyldighetsperiode-esta\/#breadcrumb","itemListElement":[{"@type":"ListItem","position":1,"name":"Accueil","item":"https:\/\/usa-b2.com\/no\/usa\/"},{"@type":"ListItem","position":2,"name":"ESTA har en begrenset gyldighetsperiode"}]},{"@type":"WebSite","@id":"https:\/\/usa-b2.com\/no\/#website","url":"https:\/\/usa-b2.com\/no\/","name":"USA B2 VISA","description":"","potentialAction":[{"@type":"SearchAction","target":{"@type":"EntryPoint","urlTemplate":"https:\/\/usa-b2.com\/no\/?s={search_term_string}"},"query-input":{"@type":"PropertyValueSpecification","valueRequired":true,"valueName":"search_term_string"}}],"inLanguage":"nb-NO"}]}},"_links":{"self":[{"href":"https:\/\/usa-b2.com\/no\/wp-json\/wp\/v2\/pages\/2759","targetHints":{"allow":["GET"]}}],"collection":[{"href":"https:\/\/usa-b2.com\/no\/wp-json\/wp\/v2\/pages"}],"about":[{"href":"https:\/\/usa-b2.com\/no\/wp-json\/wp\/v2\/types\/page"}],"author":[{"embeddable":true,"href":"https:\/\/usa-b2.com\/no\/wp-json\/wp\/v2\/users\/1"}],"replies":[{"embeddable":true,"href":"https:\/\/usa-b2.com\/no\/wp-json\/wp\/v2\/comments?post=2759"}],"version-history":[{"count":2,"href":"https:\/\/usa-b2.com\/no\/wp-json\/wp\/v2\/pages\/2759\/revisions"}],"predecessor-version":[{"id":10088,"href":"https:\/\/usa-b2.com\/no\/wp-json\/wp\/v2\/pages\/2759\/revisions\/10088"}],"wp:attachment":[{"href":"https:\/\/usa-b2.com\/no\/wp-json\/wp\/v2\/media?parent=2759"}],"curies":[{"name":"wp","href":"https:\/\/api.w.org\/{rel}","templated":true}]}}