{"id":2135,"date":"2024-02-10T17:20:25","date_gmt":"2024-02-10T17:20:25","guid":{"rendered":"https:\/\/usa-b2.com\/visum-las-vegas\/"},"modified":"2025-10-14T11:11:21","modified_gmt":"2025-10-14T11:11:21","slug":"visum-las-vegas","status":"publish","type":"page","link":"https:\/\/usa-b2.com\/no\/visum-las-vegas\/","title":{"rendered":"Visum for \u00e5 reise til Las Vegas i USA"},"content":{"rendered":"\n<h1 class=\"wp-block-heading\" id=\"h-visa-chicago-pour-les-usa\">Las Vegas-visum for reiser til USA<\/h1>\n\n<p>Utenlandske reisende som planlegger \u00e5 ankomme Las Vegas for \u00e5 reise til USA, m\u00e5 v\u00e6re i besittelse av en gyldig reisetillatelse. Det finnes flere typer reisetillatelser, avhengig av form\u00e5let med og varigheten av oppholdet i USA. <\/p>\n\n<h2 class=\"wp-block-heading\" id=\"h-faut-il-un-visa-pour-chicago\">Trenger du visum til Las Vegas?<\/h2>\n\n<p>Las Vegas er en amerikansk by i Nevada-\u00f8rkenen. Det er et av USAs mest popul\u00e6re turistm\u00e5l. Hvis du skal bes\u00f8ke USA som turist i mer enn tre m\u00e5neder, trenger du et <a href=\"https:\/\/usa-b2.com\/no\/visum-b2\/\">B2-visum<\/a>.  <\/p>\n\n<p><strong>For opphold under 90 dager<\/strong>: Det er ikke n\u00f8dvendig med b2-visum til Las Vegas. Alt du trenger \u00e5 gj\u00f8re er \u00e5 skaffe deg en reisetillatelse ved \u00e5 klikke p\u00e5 <a href=\"https:\/\/usa-b2.com\/no\/esta-skjemaet-pa-nettet\/\">ESTA-skjemaet p\u00e5 nettet<\/a>. <\/p>\n\n<div style=\"height:10px\" aria-hidden=\"true\" class=\"wp-block-spacer\"><\/div>\n\n<h2 class=\"wp-block-heading\">Hva er et turistvisum for Las Vegas?<\/h2>\n\n<p>Et B2-turistvisum for Las Vegas gj\u00f8r det mulig for reisende \u00e5 lande i Las Vegas, Nevada, for et opphold i USA. Med et B2-visum kan reisende dra p\u00e5 sightseeing eller bes\u00f8ke slektninger som bor i USA. Visumet er gyldig i en f\u00f8rste periode p\u00e5 6 m\u00e5neder.  <\/p>\n\n<h2 class=\"wp-block-heading\">Trenger jeg visum for \u00e5 mellomlande i Las Vegas?<\/h2>\n\n<p>For \u00e5 mellomlande i Las Vegas m\u00e5 reisende ha gyldig reisebevis. Det finnes flere mulige reisetillatelser.   <\/p>\n\n<p>Hvis den reisende er statsborger i et land som er med i <a href=\"https:\/\/usa-b2.com\/no\/visumfritak-programmet\/\">Visa Waiver-programmet<\/a>, er det ikke n\u00f8dvendig med <a href=\"https:\/\/usa-b2.com\/no\/transittvisum-usa\/\">transittvisum<\/a>. Reisende kan reise gjennom Las Vegas med en enkel ESTA-autorisasjon.<\/p>\n\n<p>Hvis du ikke er statsborger i et land med visumfritak, m\u00e5 du <a href=\"https:\/\/usa-b2.com\/no\/b2-visumskjema-on-line\/\">s\u00f8ke om B2-visum<\/a> f\u00f8r du planlegger en reise med mellomlanding i Las Vegas.<\/p>\n\n<h2 class=\"wp-block-heading\" id=\"h-quel-est-le-prix-du-visa-pour-chicago\">Hva er visumgebyrene for Las Vegas?<\/h2>\n\n<p><a href=\"https:\/\/usa-b2.com\/no\/b2-usa-visumavgifter\/\">Prisen for et B2-visum<\/a> til Las Vegas er 185 USD fra 2023. Gebyrer m\u00e5 betales n\u00e5r du s\u00f8ker om visum for \u00e5 kunne validere s\u00f8knaden p\u00e5 nettet. Kvitteringen for betaling av gebyret m\u00e5 legges ved dokumentasjonen som en del av <a href=\"https:\/\/usa-b2.com\/no\/visa-b2-visumsoknadsprosedyre\/\">s\u00f8knadsprosedyren for B2-visum<\/a>.<\/p>\n\n<h2 class=\"wp-block-heading\" id=\"h-comment-obtenir-un-visa-pour-chicago\">Hvordan f\u00e5 visum til Las Vegas?<\/h2>\n\n<p>For \u00e5 f\u00e5 et B2-visum for reiser til Las Vegas m\u00e5 du fullf\u00f8re <a href=\"https:\/\/www.uscis.gov\/\">USCIS<\/a>&#8216; online <a href=\"https:\/\/usa-b2.com\/no\/visa-b2-visumsoknadsprosedyre\/\">visums\u00f8knadsprosess<\/a>. Den endelige beslutningen om \u00e5 utstede visum tas etter et <a href=\"https:\/\/usa-b2.com\/no\/utnevnelse-av-usas-ambassade\/\">visumintervju p\u00e5 den amerikanske ambassaden<\/a>.<\/p>\n\n<h2 class=\"wp-block-heading\" id=\"h-faut-il-un-visa-esta-pour-chicago\">Hvem kan s\u00f8ke om ESTA for Las Vegas?<\/h2>\n\n<p>Innbyggere i land som er med i USAs visumfritaksprogram, kan <a href=\"https:\/\/usa-b2.com\/no\/esta-skjemaet-pa-nettet\/\">s\u00f8ke om ESTA p\u00e5 nettet<\/a> for Las Vegas. Det tar mye kortere tid \u00e5 f\u00e5 ESTA-autorisasjon enn \u00e5 f\u00e5 et B2-visum fra en <a href=\"https:\/\/usa-b2.com\/no\/amerikanske-ambassade\/\">amerikansk ambassade<\/a>. <\/p>\n\n<p>En ESTA-autorisasjon for Las Vegas er gyldig i 2 \u00e5r. Den kan utl\u00f8pe tidligere hvis <a href=\"https:\/\/usa-b2.com\/no\/pass-reise-usa\/\">passet som ble brukt til \u00e5 reise til USA<\/a>, utl\u00f8per innen to \u00e5r. Tillatelsen er knyttet til passet som ble brukt til \u00e5 skaffe den. <\/p>\n\n<p>Med en ESTA kan du oppholde deg i USA i maksimalt 90 dager sammenhengende.\nOpphold p\u00e5 90 dager kan v\u00e6re flere i l\u00f8pet av <a href=\"https:\/\/usa-b2.com\/no\/gyldighetsperiode-esta\/\">ESTA-kortets gyldighetstid<\/a> p\u00e5 2 \u00e5r. <\/p>\n","protected":false},"excerpt":{"rendered":"<p>Las Vegas-visum for reiser til USA Utenlandske reisende som planlegger \u00e5 ankomme Las Vegas for \u00e5 reise til USA, m\u00e5 v\u00e6re i besittelse av en gyldig reisetillatelse. Det finnes flere typer reisetillatelser, avhengig av form\u00e5let med og varigheten av oppholdet i USA. Trenger du visum til Las Vegas? Las Vegas er en amerikansk by i [&hellip;]<\/p>\n","protected":false},"author":1,"featured_media":0,"parent":0,"menu_order":0,"comment_status":"closed","ping_status":"closed","template":"","meta":{"footnotes":""},"class_list":["post-2135","page","type-page","status-publish","hentry"],"yoast_head":"<!-- This site is optimized with the Yoast SEO plugin v27.4 - https:\/\/yoast.com\/product\/yoast-seo-wordpress\/ -->\n<title>Visum for \u00e5 reise til Las Vegas i USA - USA B2<\/title>\n<meta name=\"description\" content=\"Slik f\u00e5r du reisetillatelse til \u00e5 lande i Las Vegas og bes\u00f8ke USA p\u00e5 et B2-turistvisum.\" \/>\n<meta name=\"robots\" content=\"index, follow, max-snippet:-1, max-image-preview:large, max-video-preview:-1\" \/>\n<link rel=\"canonical\" href=\"https:\/\/usa-b2.com\/no\/visum-las-vegas\/\" \/>\n<meta property=\"og:locale\" content=\"nb_NO\" \/>\n<meta property=\"og:type\" content=\"article\" \/>\n<meta property=\"og:title\" content=\"Visum for \u00e5 reise til Las Vegas i USA - USA B2\" \/>\n<meta property=\"og:description\" content=\"Slik f\u00e5r du reisetillatelse til \u00e5 lande i Las Vegas og bes\u00f8ke USA p\u00e5 et B2-turistvisum.\" \/>\n<meta property=\"og:url\" content=\"https:\/\/usa-b2.com\/no\/visum-las-vegas\/\" \/>\n<meta property=\"og:site_name\" content=\"USA B2\" \/>\n<meta property=\"article:modified_time\" content=\"2025-10-14T11:11:21+00:00\" \/>\n<meta name=\"twitter:card\" content=\"summary_large_image\" \/>\n<meta name=\"twitter:label1\" content=\"Ansl. lesetid\" \/>\n\t<meta name=\"twitter:data1\" content=\"2 minutter\" \/>\n<script type=\"application\/ld+json\" class=\"yoast-schema-graph\">{\"@context\":\"https:\\\/\\\/schema.org\",\"@graph\":[{\"@type\":\"WebPage\",\"@id\":\"https:\\\/\\\/usa-b2.com\\\/no\\\/visum-las-vegas\\\/\",\"url\":\"https:\\\/\\\/usa-b2.com\\\/no\\\/visum-las-vegas\\\/\",\"name\":\"Visum for \u00e5 reise til Las Vegas i USA - USA B2\",\"isPartOf\":{\"@id\":\"https:\\\/\\\/usa-b2.com\\\/no\\\/#website\"},\"datePublished\":\"2024-02-10T17:20:25+00:00\",\"dateModified\":\"2025-10-14T11:11:21+00:00\",\"description\":\"Slik f\u00e5r du reisetillatelse til \u00e5 lande i Las Vegas og bes\u00f8ke USA p\u00e5 et B2-turistvisum.\",\"breadcrumb\":{\"@id\":\"https:\\\/\\\/usa-b2.com\\\/no\\\/visum-las-vegas\\\/#breadcrumb\"},\"inLanguage\":\"nb-NO\",\"potentialAction\":[{\"@type\":\"ReadAction\",\"target\":[\"https:\\\/\\\/usa-b2.com\\\/no\\\/visum-las-vegas\\\/\"]}]},{\"@type\":\"BreadcrumbList\",\"@id\":\"https:\\\/\\\/usa-b2.com\\\/no\\\/visum-las-vegas\\\/#breadcrumb\",\"itemListElement\":[{\"@type\":\"ListItem\",\"position\":1,\"name\":\"Accueil\",\"item\":\"https:\\\/\\\/usa-b2.com\\\/no\\\/usa\\\/\"},{\"@type\":\"ListItem\",\"position\":2,\"name\":\"Visum for \u00e5 reise til Las Vegas i USA\"}]},{\"@type\":\"WebSite\",\"@id\":\"https:\\\/\\\/usa-b2.com\\\/no\\\/#website\",\"url\":\"https:\\\/\\\/usa-b2.com\\\/no\\\/\",\"name\":\"USA B2 VISA\",\"description\":\"\",\"potentialAction\":[{\"@type\":\"SearchAction\",\"target\":{\"@type\":\"EntryPoint\",\"urlTemplate\":\"https:\\\/\\\/usa-b2.com\\\/no\\\/?s={search_term_string}\"},\"query-input\":{\"@type\":\"PropertyValueSpecification\",\"valueRequired\":true,\"valueName\":\"search_term_string\"}}],\"inLanguage\":\"nb-NO\"}]}<\/script>\n<!-- \/ Yoast SEO plugin. -->","yoast_head_json":{"title":"Visum for \u00e5 reise til Las Vegas i USA - USA B2","description":"Slik f\u00e5r du reisetillatelse til \u00e5 lande i Las Vegas og bes\u00f8ke USA p\u00e5 et B2-turistvisum.","robots":{"index":"index","follow":"follow","max-snippet":"max-snippet:-1","max-image-preview":"max-image-preview:large","max-video-preview":"max-video-preview:-1"},"canonical":"https:\/\/usa-b2.com\/no\/visum-las-vegas\/","og_locale":"nb_NO","og_type":"article","og_title":"Visum for \u00e5 reise til Las Vegas i USA - USA B2","og_description":"Slik f\u00e5r du reisetillatelse til \u00e5 lande i Las Vegas og bes\u00f8ke USA p\u00e5 et B2-turistvisum.","og_url":"https:\/\/usa-b2.com\/no\/visum-las-vegas\/","og_site_name":"USA B2","article_modified_time":"2025-10-14T11:11:21+00:00","twitter_card":"summary_large_image","twitter_misc":{"Ansl. lesetid":"2 minutter"},"schema":{"@context":"https:\/\/schema.org","@graph":[{"@type":"WebPage","@id":"https:\/\/usa-b2.com\/no\/visum-las-vegas\/","url":"https:\/\/usa-b2.com\/no\/visum-las-vegas\/","name":"Visum for \u00e5 reise til Las Vegas i USA - USA B2","isPartOf":{"@id":"https:\/\/usa-b2.com\/no\/#website"},"datePublished":"2024-02-10T17:20:25+00:00","dateModified":"2025-10-14T11:11:21+00:00","description":"Slik f\u00e5r du reisetillatelse til \u00e5 lande i Las Vegas og bes\u00f8ke USA p\u00e5 et B2-turistvisum.","breadcrumb":{"@id":"https:\/\/usa-b2.com\/no\/visum-las-vegas\/#breadcrumb"},"inLanguage":"nb-NO","potentialAction":[{"@type":"ReadAction","target":["https:\/\/usa-b2.com\/no\/visum-las-vegas\/"]}]},{"@type":"BreadcrumbList","@id":"https:\/\/usa-b2.com\/no\/visum-las-vegas\/#breadcrumb","itemListElement":[{"@type":"ListItem","position":1,"name":"Accueil","item":"https:\/\/usa-b2.com\/no\/usa\/"},{"@type":"ListItem","position":2,"name":"Visum for \u00e5 reise til Las Vegas i USA"}]},{"@type":"WebSite","@id":"https:\/\/usa-b2.com\/no\/#website","url":"https:\/\/usa-b2.com\/no\/","name":"USA B2 VISA","description":"","potentialAction":[{"@type":"SearchAction","target":{"@type":"EntryPoint","urlTemplate":"https:\/\/usa-b2.com\/no\/?s={search_term_string}"},"query-input":{"@type":"PropertyValueSpecification","valueRequired":true,"valueName":"search_term_string"}}],"inLanguage":"nb-NO"}]}},"_links":{"self":[{"href":"https:\/\/usa-b2.com\/no\/wp-json\/wp\/v2\/pages\/2135","targetHints":{"allow":["GET"]}}],"collection":[{"href":"https:\/\/usa-b2.com\/no\/wp-json\/wp\/v2\/pages"}],"about":[{"href":"https:\/\/usa-b2.com\/no\/wp-json\/wp\/v2\/types\/page"}],"author":[{"embeddable":true,"href":"https:\/\/usa-b2.com\/no\/wp-json\/wp\/v2\/users\/1"}],"replies":[{"embeddable":true,"href":"https:\/\/usa-b2.com\/no\/wp-json\/wp\/v2\/comments?post=2135"}],"version-history":[{"count":2,"href":"https:\/\/usa-b2.com\/no\/wp-json\/wp\/v2\/pages\/2135\/revisions"}],"predecessor-version":[{"id":10449,"href":"https:\/\/usa-b2.com\/no\/wp-json\/wp\/v2\/pages\/2135\/revisions\/10449"}],"wp:attachment":[{"href":"https:\/\/usa-b2.com\/no\/wp-json\/wp\/v2\/media?parent=2135"}],"curies":[{"name":"wp","href":"https:\/\/api.w.org\/{rel}","templated":true}]}}