{"id":2131,"date":"2024-02-27T10:27:31","date_gmt":"2024-02-27T10:27:31","guid":{"rendered":"https:\/\/usa-b2.com\/transittvisum-usa\/"},"modified":"2025-11-04T16:36:12","modified_gmt":"2025-11-04T16:36:12","slug":"transittvisum-usa","status":"publish","type":"page","link":"https:\/\/usa-b2.com\/no\/transittvisum-usa\/","title":{"rendered":"Transittvisum til USA"},"content":{"rendered":"\n<h1 class=\"wp-block-heading\">Skaffe visum for transitt gjennom USA<\/h1>\n\n<p>Ved mellomlanding i USA m\u00e5 utenlandske reisende ha tillatelse til \u00e5 reise gjennom amerikansk territorium. Transittvisumet gj\u00f8r det mulig for reisende \u00e5 reise gjennom USA p\u00e5 vei til et endelig reisem\u00e5l.<\/p>\n\n<p><strong>For mellomlanding i USA<\/strong>: Det er ikke n\u00f8dvendig \u00e5 s\u00f8ke om transittvisum. Du kan enkelt s\u00f8ke om ESTA-reisetillatelse ved \u00e5 klikke p\u00e5 <a href=\"https:\/\/usa-b2.com\/no\/esta-skjemaet-pa-nettet\/\">ESTA online-skjemaet<\/a>. <\/p>\n\n<div style=\"height:10px\" aria-hidden=\"true\" class=\"wp-block-spacer\"><\/div>\n\n<h2 class=\"wp-block-heading\">Hva er et transittvisum?<\/h2>\n\n<p>Et amerikansk transittvisum er en tillatelse til \u00e5 reise inn i USA. Det gir deg mulighet til \u00e5 mellomlande i USA. Visuminnehaveren m\u00e5 fortsette reisen og forlate USA som planlagt.<\/p>\n\n<h2 class=\"wp-block-heading\">Hvem kan s\u00f8ke om transittvisum?<\/h2>\n\n<p>Alle utenlandske reisende som mellomlander i USA, kan s\u00f8ke om amerikansk transittvisum. Det endelige reisem\u00e5let m\u00e5 ikke v\u00e6re i USA, ellers m\u00e5 du s\u00f8ke om et <a href=\"https:\/\/usa-b2.com\/no\/besoksvisum-usa\/\">B1\/B2-visum<\/a> eller en annen type amerikansk visum.   <\/p>\n\n<p>Det finnes en rekke andre spesifikke tilfeller, som f.eks:  <\/p>\n\n<ul class=\"wp-block-list\">\n<li>Utenlandske statsborgere eller FN-tjenestemenn kan ogs\u00e5 f\u00e5 transittvisum for FN-operasjoner i New York;<\/li>\n\n\n\n<li>Utenlandske myndighetspersoner som reiser p\u00e5 tjenestereise kan f\u00e5 transittvisum for mellomlanding i USA.<\/li>\n<\/ul>\n\n<h2 class=\"wp-block-heading\">Hva er de ulike transittvisumene?<\/h2>\n\n<p>Transittvisum deles inn i tre hovedkategorier, tilpasset ulike reisesituasjoner:<\/p>\n\n<ol class=\"wp-block-list\">\n<li><strong>C1-visum: for tradisjonelle transittpassasjerer<\/strong><br\/>Denne visumtypen er beregnet p\u00e5 passasjerer som gj\u00f8r en midlertidig mellomlanding i et land f\u00f8r de fortsetter reisen til det endelige reisem\u00e5let. Hvis du for eksempel skal reise til et annet land med et mellomlandingsfly som krever at du reiser inn i landet, kan du med C1-visumet oppholde deg lovlig i transittomr\u00e5det eller reise dit for en kort periode. Dette visumet brukes ofte av turister eller yrkesreisende som reiser internasjonalt.<\/li>\n\n\n\n<li>C2-visumet<strong>: for reisende i transitt til FNs hovedkvarter<\/strong><br\/>C2-visumet er utelukkende beregnet p\u00e5 personer som reiser til FNs hovedkvarter i New York i forbindelse med offisielle oppdrag eller FN-relaterte arrangementer. Den gjelder kun for transitt og begrenser generelt reiser til FN&#8217;s eget omr\u00e5de. Dette visumet dekker behovene til delegater, ansatte eller representanter som deltar p\u00e5 internasjonale konferanser eller m\u00f8ter.<\/li>\n\n\n\n<li><strong>C3-visum: for medlemmer av utenlandske regjeringer<\/strong><br\/>Dette visumet er beregnet p\u00e5 medlemmer av utenlandske regjeringer, deres familier eller ledsagere, som reiser gjennom et land i offisielt \u00e6rend. Det gjenspeiler deres diplomatiske status og gj\u00f8r det mulig for dem \u00e5 passere kort gjennom et land samtidig som de respekterer internasjonale protokoller.<\/li>\n<\/ol>\n\n<p>Avhengig av den reisendes profil er det viktig \u00e5 velge riktig visumkategori.<\/p>\n\n<h2 class=\"wp-block-heading\">Hvordan f\u00e5r jeg transittvisum?<\/h2>\n\n<p>For \u00e5 f\u00e5 et transittvisum til USA m\u00e5 du f\u00f8lge en rekke trinn:<\/p>\n\n<ul class=\"wp-block-list\">\n<li>Bestem hvilken type visum som kreves, et C1-, C2- eller C3-visum, avhengig av situasjonen;<\/li>\n\n\n\n<li>Fyll ut <a href=\"https:\/\/usa-b2.com\/no\/ds-160\/\">skjema DS-160<\/a> p\u00e5 nettet, og oppgi n\u00f8yaktig og fullstendig informasjon.<\/li>\n\n\n\n<li>N\u00e5r skjemaet er sendt inn, betaler du det ikke-refunderbare <a href=\"https:\/\/usa-b2.com\/fr\/frais-visa-b2-usa\/\">gebyret for visums\u00f8knaden<\/a>.<\/li>\n\n\n\n<li>Deretter avtaler du et <a href=\"https:\/\/usa-b2.com\/no\/utnevnelse-av-usas-ambassade\/\">intervju p\u00e5 den amerikanske ambassaden<\/a> i landet der du bor. P\u00e5 dette intervjuet m\u00e5 du legge frem dokumentasjon, blant annet : \n<ul class=\"wp-block-list\">\n<li><a href=\"https:\/\/usa-b2.com\/no\/pass-reise-usa\/\">Pass som er gyldig for reiser til USA<\/a><\/li>\n\n\n\n<li>Bildet som oppfyller kravene<\/li>\n\n\n\n<li>Bekreftelse av <a href=\"https:\/\/usa-b2.com\/no\/ds-160\/\">skjema DS-160<\/a><\/li>\n\n\n\n<li>Bevis p\u00e5 reiserute, f.eks. flybilletter<\/li>\n\n\n\n<li>Ethvert dokument som bekrefter offisiell status under et C2- eller C3-visum.<\/li>\n<\/ul>\n<\/li>\n<\/ul>\n\n<div style=\"height:10px\" aria-hidden=\"true\" class=\"wp-block-spacer\"><\/div>\n\n<p>Det er viktig \u00e5 vise at transitt gjennom USA ikke vil v\u00e6re en mulighet til \u00e5 bli i landet. N\u00e5r visumet er godkjent, blir det festet til passet for lovlig transitt gjennom USA.<\/p>\n","protected":false},"excerpt":{"rendered":"<p>Skaffe visum for transitt gjennom USA Ved mellomlanding i USA m\u00e5 utenlandske reisende ha tillatelse til \u00e5 reise gjennom amerikansk territorium. Transittvisumet gj\u00f8r det mulig for reisende \u00e5 reise gjennom USA p\u00e5 vei til et endelig reisem\u00e5l. For mellomlanding i USA: Det er ikke n\u00f8dvendig \u00e5 s\u00f8ke om transittvisum. Du kan enkelt s\u00f8ke om ESTA-reisetillatelse [&hellip;]<\/p>\n","protected":false},"author":1,"featured_media":0,"parent":0,"menu_order":0,"comment_status":"closed","ping_status":"closed","template":"","meta":{"footnotes":""},"class_list":["post-2131","page","type-page","status-publish","hentry"],"yoast_head":"<!-- This site is optimized with the Yoast SEO plugin v27.4 - https:\/\/yoast.com\/product\/yoast-seo-wordpress\/ -->\n<title>Transittvisum til USA - USA B2<\/title>\n<meta name=\"description\" content=\"For \u00e5 mellomlande i USA trenger du et gyldig visum eller en ESTA-godkjenning.\" \/>\n<meta name=\"robots\" content=\"index, follow, max-snippet:-1, max-image-preview:large, max-video-preview:-1\" \/>\n<link rel=\"canonical\" href=\"https:\/\/usa-b2.com\/no\/transittvisum-usa\/\" \/>\n<meta property=\"og:locale\" content=\"nb_NO\" \/>\n<meta property=\"og:type\" content=\"article\" \/>\n<meta property=\"og:title\" content=\"Transittvisum til USA - USA B2\" \/>\n<meta property=\"og:description\" content=\"For \u00e5 mellomlande i USA trenger du et gyldig visum eller en ESTA-godkjenning.\" \/>\n<meta property=\"og:url\" content=\"https:\/\/usa-b2.com\/no\/transittvisum-usa\/\" \/>\n<meta property=\"og:site_name\" content=\"USA B2\" \/>\n<meta property=\"article:modified_time\" content=\"2025-11-04T16:36:12+00:00\" \/>\n<meta name=\"twitter:card\" content=\"summary_large_image\" \/>\n<meta name=\"twitter:label1\" content=\"Ansl. lesetid\" \/>\n\t<meta name=\"twitter:data1\" content=\"3 minutter\" \/>\n<script type=\"application\/ld+json\" class=\"yoast-schema-graph\">{\"@context\":\"https:\\\/\\\/schema.org\",\"@graph\":[{\"@type\":\"WebPage\",\"@id\":\"https:\\\/\\\/usa-b2.com\\\/no\\\/transittvisum-usa\\\/\",\"url\":\"https:\\\/\\\/usa-b2.com\\\/no\\\/transittvisum-usa\\\/\",\"name\":\"Transittvisum til USA - USA B2\",\"isPartOf\":{\"@id\":\"https:\\\/\\\/usa-b2.com\\\/no\\\/#website\"},\"datePublished\":\"2024-02-27T10:27:31+00:00\",\"dateModified\":\"2025-11-04T16:36:12+00:00\",\"description\":\"For \u00e5 mellomlande i USA trenger du et gyldig visum eller en ESTA-godkjenning.\",\"breadcrumb\":{\"@id\":\"https:\\\/\\\/usa-b2.com\\\/no\\\/transittvisum-usa\\\/#breadcrumb\"},\"inLanguage\":\"nb-NO\",\"potentialAction\":[{\"@type\":\"ReadAction\",\"target\":[\"https:\\\/\\\/usa-b2.com\\\/no\\\/transittvisum-usa\\\/\"]}]},{\"@type\":\"BreadcrumbList\",\"@id\":\"https:\\\/\\\/usa-b2.com\\\/no\\\/transittvisum-usa\\\/#breadcrumb\",\"itemListElement\":[{\"@type\":\"ListItem\",\"position\":1,\"name\":\"Accueil\",\"item\":\"https:\\\/\\\/usa-b2.com\\\/no\\\/usa\\\/\"},{\"@type\":\"ListItem\",\"position\":2,\"name\":\"Transittvisum til USA\"}]},{\"@type\":\"WebSite\",\"@id\":\"https:\\\/\\\/usa-b2.com\\\/no\\\/#website\",\"url\":\"https:\\\/\\\/usa-b2.com\\\/no\\\/\",\"name\":\"USA B2 VISA\",\"description\":\"\",\"potentialAction\":[{\"@type\":\"SearchAction\",\"target\":{\"@type\":\"EntryPoint\",\"urlTemplate\":\"https:\\\/\\\/usa-b2.com\\\/no\\\/?s={search_term_string}\"},\"query-input\":{\"@type\":\"PropertyValueSpecification\",\"valueRequired\":true,\"valueName\":\"search_term_string\"}}],\"inLanguage\":\"nb-NO\"}]}<\/script>\n<!-- \/ Yoast SEO plugin. -->","yoast_head_json":{"title":"Transittvisum til USA - USA B2","description":"For \u00e5 mellomlande i USA trenger du et gyldig visum eller en ESTA-godkjenning.","robots":{"index":"index","follow":"follow","max-snippet":"max-snippet:-1","max-image-preview":"max-image-preview:large","max-video-preview":"max-video-preview:-1"},"canonical":"https:\/\/usa-b2.com\/no\/transittvisum-usa\/","og_locale":"nb_NO","og_type":"article","og_title":"Transittvisum til USA - USA B2","og_description":"For \u00e5 mellomlande i USA trenger du et gyldig visum eller en ESTA-godkjenning.","og_url":"https:\/\/usa-b2.com\/no\/transittvisum-usa\/","og_site_name":"USA B2","article_modified_time":"2025-11-04T16:36:12+00:00","twitter_card":"summary_large_image","twitter_misc":{"Ansl. lesetid":"3 minutter"},"schema":{"@context":"https:\/\/schema.org","@graph":[{"@type":"WebPage","@id":"https:\/\/usa-b2.com\/no\/transittvisum-usa\/","url":"https:\/\/usa-b2.com\/no\/transittvisum-usa\/","name":"Transittvisum til USA - USA B2","isPartOf":{"@id":"https:\/\/usa-b2.com\/no\/#website"},"datePublished":"2024-02-27T10:27:31+00:00","dateModified":"2025-11-04T16:36:12+00:00","description":"For \u00e5 mellomlande i USA trenger du et gyldig visum eller en ESTA-godkjenning.","breadcrumb":{"@id":"https:\/\/usa-b2.com\/no\/transittvisum-usa\/#breadcrumb"},"inLanguage":"nb-NO","potentialAction":[{"@type":"ReadAction","target":["https:\/\/usa-b2.com\/no\/transittvisum-usa\/"]}]},{"@type":"BreadcrumbList","@id":"https:\/\/usa-b2.com\/no\/transittvisum-usa\/#breadcrumb","itemListElement":[{"@type":"ListItem","position":1,"name":"Accueil","item":"https:\/\/usa-b2.com\/no\/usa\/"},{"@type":"ListItem","position":2,"name":"Transittvisum til USA"}]},{"@type":"WebSite","@id":"https:\/\/usa-b2.com\/no\/#website","url":"https:\/\/usa-b2.com\/no\/","name":"USA B2 VISA","description":"","potentialAction":[{"@type":"SearchAction","target":{"@type":"EntryPoint","urlTemplate":"https:\/\/usa-b2.com\/no\/?s={search_term_string}"},"query-input":{"@type":"PropertyValueSpecification","valueRequired":true,"valueName":"search_term_string"}}],"inLanguage":"nb-NO"}]}},"_links":{"self":[{"href":"https:\/\/usa-b2.com\/no\/wp-json\/wp\/v2\/pages\/2131","targetHints":{"allow":["GET"]}}],"collection":[{"href":"https:\/\/usa-b2.com\/no\/wp-json\/wp\/v2\/pages"}],"about":[{"href":"https:\/\/usa-b2.com\/no\/wp-json\/wp\/v2\/types\/page"}],"author":[{"embeddable":true,"href":"https:\/\/usa-b2.com\/no\/wp-json\/wp\/v2\/users\/1"}],"replies":[{"embeddable":true,"href":"https:\/\/usa-b2.com\/no\/wp-json\/wp\/v2\/comments?post=2131"}],"version-history":[{"count":2,"href":"https:\/\/usa-b2.com\/no\/wp-json\/wp\/v2\/pages\/2131\/revisions"}],"predecessor-version":[{"id":10867,"href":"https:\/\/usa-b2.com\/no\/wp-json\/wp\/v2\/pages\/2131\/revisions\/10867"}],"wp:attachment":[{"href":"https:\/\/usa-b2.com\/no\/wp-json\/wp\/v2\/media?parent=2131"}],"curies":[{"name":"wp","href":"https:\/\/api.w.org\/{rel}","templated":true}]}}