{"id":2127,"date":"2024-02-10T17:09:57","date_gmt":"2024-02-10T17:09:57","guid":{"rendered":"https:\/\/usa-b2.com\/forskjellen-mellom-visum-og-esta\/"},"modified":"2025-02-06T10:21:03","modified_gmt":"2025-02-06T10:21:03","slug":"forskjellen-mellom-visum-og-esta","status":"publish","type":"page","link":"https:\/\/usa-b2.com\/no\/forskjellen-mellom-visum-og-esta\/","title":{"rendered":"Hva er forskjellen mellom et visum og ESTA?"},"content":{"rendered":"\n<h1 class=\"wp-block-heading\">Hva er de viktigste forskjellene mellom visum og ESTA?<\/h1>\n\n<p>Det kreves b\u00e5de ESTA-autorisasjon og visum for \u00e5 reise inn i USA. De er imidlertid forskjellige n\u00e5r det gjelder prosedyrene for \u00e5 f\u00e5 dem, gyldighetsperiodene og vilk\u00e5rene for bruk. De tre grunnleggende forskjellene mellom et visum og en ESTA-autorisasjon er :  <\/p>\n\n<ol class=\"wp-block-list\">\n<li>Visumet utstedes av en <a href=\"https:\/\/usa-b2.com\/no\/amerikanske-ambassade\/\">amerikansk ambassade<\/a> eller et konsulat i det landet der den reisende bor, mens ESTA er en elektronisk tillatelse som f\u00e5s p\u00e5 nettet.<\/li>\n\n\n\n<li>Visumet har spesifikke vilk\u00e5r og en spesifikk gyldighetsperiode for hver visumtype, mens ESTA er gyldig for korte opphold p\u00e5 under 90 dager under Visa Waiver Programme. <a href=\"https:\/\/usa-b2.com\/no\/gyldighetsperiode-esta\/\">ESTA er gyldig<\/a> i maksimalt to \u00e5r. <\/li>\n\n\n\n<li><a href=\"https:\/\/usa-b2.com\/no\/visa-b2-visumsoknadsprosedyre\/\">Prosedyrene for \u00e5 f\u00e5 visum<\/a> inneb\u00e6rer ofte et <a href=\"https:\/\/usa-b2.com\/no\/utnevnelse-av-usas-ambassade\/\">konsul\u00e6rt intervju<\/a> og ytterligere dokumenter, mens ESTA bare krever at du fyller ut et <a href=\"https:\/\/usa-b2.com\/no\/esta-skjemaet-pa-nettet\/\">elektronisk skjema<\/a> og betaler gebyret direkte.<\/li>\n<\/ol>\n\n<h2 class=\"wp-block-heading\">Er ESTA et amerikansk visum?<\/h2>\n\n<p>Nei, en godkjent ESTA-autorisasjon er ikke et visum. <a href=\"https:\/\/usa-b2.com\/no\/hva-er-en-esta\/\">ESTA-autorisasjon<\/a> kan ikke brukes som et amerikansk visum i henhold til amerikansk lov. ESTA har ikke de samme juridiske og regulatoriske kravene som et <a href=\"https:\/\/usa-b2.com\/no\/besoksvisum-usa\/\">amerikansk visum<\/a>.  <\/p>\n\n<h2 class=\"wp-block-heading\">Kan jeg reise med ESTA hvis jeg har visum til USA?<\/h2>\n\n<p>Nei, alle som har gyldig amerikansk visum, m\u00e5 reise til USA med dette visumet. Oppholdet m\u00e5 samsvare med \u00e5rsaken til at visumet ble innvilget. Reisende trenger ikke \u00e5 <a href=\"https:\/\/usa-b2.com\/no\/esta-skjemaet-pa-nettet\/\">s\u00f8ke om ESTA p\u00e5 nettet<\/a> for \u00e5 reise.    <\/p>\n\n<h2 class=\"wp-block-heading\">Kan EU-borgere reise til USA uten visum?<\/h2>\n\n<p>Europeiske borgere kan reise til USA uten visum ved \u00e5 innhente ESTA-godkjenning p\u00e5 visse vilk\u00e5r:<\/p>\n\n<ul class=\"wp-block-list\">\n<li>Oppholdet m\u00e5 vare mindre enn 90 dager p\u00e5 stedet.<\/li>\n\n\n\n<li>Du trenger et <a href=\"https:\/\/usa-b2.com\/no\/pass-reise-usa\/\">biometrisk eller elektronisk pass<\/a><\/li>\n\n\n\n<li>Du m\u00e5 reise med et selskap som er godkjent av <a href=\"https:\/\/usa-b2.com\/no\/visumfritak-programmet\/\">Visa Waiver-programmet<\/a>.<\/li>\n\n\n\n<li>Reisende m\u00e5 ha en returbillett.<\/li>\n<\/ul>\n\n<p><strong>Unntak<\/strong>: Noen europeiske land er enn\u00e5 ikke med i <a href=\"https:\/\/usa-b2.com\/no\/visumfritak-programmet\/\">Visa Waiver-programmet<\/a>. Deres statsborgere kan ikke f\u00e5 ESTA-godkjenning, men m\u00e5 <a href=\"https:\/\/usa-b2.com\/no\/visa-b2-visumsoknadsprosedyre\/\">s\u00f8ke om B2-visum<\/a> p\u00e5 nettet for \u00e5 reise til USA. Det dreier seg hovedsakelig om f\u00f8lgende europeiske land: Bulgaria, Romania og Kypros.<\/p>\n","protected":false},"excerpt":{"rendered":"<p>Hva er de viktigste forskjellene mellom visum og ESTA? Det kreves b\u00e5de ESTA-autorisasjon og visum for \u00e5 reise inn i USA. De er imidlertid forskjellige n\u00e5r det gjelder prosedyrene for \u00e5 f\u00e5 dem, gyldighetsperiodene og vilk\u00e5rene for bruk. De tre grunnleggende forskjellene mellom et visum og en ESTA-autorisasjon er : Er ESTA et amerikansk visum? [&hellip;]<\/p>\n","protected":false},"author":1,"featured_media":0,"parent":0,"menu_order":0,"comment_status":"closed","ping_status":"closed","template":"","meta":{"footnotes":""},"class_list":["post-2127","page","type-page","status-publish","hentry"],"yoast_head":"<!-- This site is optimized with the Yoast SEO plugin v27.4 - https:\/\/yoast.com\/product\/yoast-seo-wordpress\/ -->\n<title>Hva er forskjellen mellom et visum og ESTA? - USA B2<\/title>\n<meta name=\"description\" content=\"Forst\u00e5 i detalj forskjellen mellom et amerikansk visum og en ESTA-reisetillatelse for reiser til USA\" \/>\n<meta name=\"robots\" content=\"index, follow, max-snippet:-1, max-image-preview:large, max-video-preview:-1\" \/>\n<link rel=\"canonical\" href=\"https:\/\/usa-b2.com\/no\/forskjellen-mellom-visum-og-esta\/\" \/>\n<meta property=\"og:locale\" content=\"nb_NO\" \/>\n<meta property=\"og:type\" content=\"article\" \/>\n<meta property=\"og:title\" content=\"Hva er forskjellen mellom et visum og ESTA? - USA B2\" \/>\n<meta property=\"og:description\" content=\"Forst\u00e5 i detalj forskjellen mellom et amerikansk visum og en ESTA-reisetillatelse for reiser til USA\" \/>\n<meta property=\"og:url\" content=\"https:\/\/usa-b2.com\/no\/forskjellen-mellom-visum-og-esta\/\" \/>\n<meta property=\"og:site_name\" content=\"USA B2\" \/>\n<meta property=\"article:modified_time\" content=\"2025-02-06T10:21:03+00:00\" \/>\n<meta name=\"twitter:card\" content=\"summary_large_image\" \/>\n<meta name=\"twitter:label1\" content=\"Ansl. lesetid\" \/>\n\t<meta name=\"twitter:data1\" content=\"2 minutter\" \/>\n<script type=\"application\/ld+json\" class=\"yoast-schema-graph\">{\"@context\":\"https:\\\/\\\/schema.org\",\"@graph\":[{\"@type\":\"WebPage\",\"@id\":\"https:\\\/\\\/usa-b2.com\\\/no\\\/forskjellen-mellom-visum-og-esta\\\/\",\"url\":\"https:\\\/\\\/usa-b2.com\\\/no\\\/forskjellen-mellom-visum-og-esta\\\/\",\"name\":\"Hva er forskjellen mellom et visum og ESTA? - USA B2\",\"isPartOf\":{\"@id\":\"https:\\\/\\\/usa-b2.com\\\/no\\\/#website\"},\"datePublished\":\"2024-02-10T17:09:57+00:00\",\"dateModified\":\"2025-02-06T10:21:03+00:00\",\"description\":\"Forst\u00e5 i detalj forskjellen mellom et amerikansk visum og en ESTA-reisetillatelse for reiser til USA\",\"breadcrumb\":{\"@id\":\"https:\\\/\\\/usa-b2.com\\\/no\\\/forskjellen-mellom-visum-og-esta\\\/#breadcrumb\"},\"inLanguage\":\"nb-NO\",\"potentialAction\":[{\"@type\":\"ReadAction\",\"target\":[\"https:\\\/\\\/usa-b2.com\\\/no\\\/forskjellen-mellom-visum-og-esta\\\/\"]}]},{\"@type\":\"BreadcrumbList\",\"@id\":\"https:\\\/\\\/usa-b2.com\\\/no\\\/forskjellen-mellom-visum-og-esta\\\/#breadcrumb\",\"itemListElement\":[{\"@type\":\"ListItem\",\"position\":1,\"name\":\"Accueil\",\"item\":\"https:\\\/\\\/usa-b2.com\\\/no\\\/usa\\\/\"},{\"@type\":\"ListItem\",\"position\":2,\"name\":\"Hva er forskjellen mellom et visum og ESTA?\"}]},{\"@type\":\"WebSite\",\"@id\":\"https:\\\/\\\/usa-b2.com\\\/no\\\/#website\",\"url\":\"https:\\\/\\\/usa-b2.com\\\/no\\\/\",\"name\":\"USA B2 VISA\",\"description\":\"\",\"potentialAction\":[{\"@type\":\"SearchAction\",\"target\":{\"@type\":\"EntryPoint\",\"urlTemplate\":\"https:\\\/\\\/usa-b2.com\\\/no\\\/?s={search_term_string}\"},\"query-input\":{\"@type\":\"PropertyValueSpecification\",\"valueRequired\":true,\"valueName\":\"search_term_string\"}}],\"inLanguage\":\"nb-NO\"}]}<\/script>\n<!-- \/ Yoast SEO plugin. -->","yoast_head_json":{"title":"Hva er forskjellen mellom et visum og ESTA? - USA B2","description":"Forst\u00e5 i detalj forskjellen mellom et amerikansk visum og en ESTA-reisetillatelse for reiser til USA","robots":{"index":"index","follow":"follow","max-snippet":"max-snippet:-1","max-image-preview":"max-image-preview:large","max-video-preview":"max-video-preview:-1"},"canonical":"https:\/\/usa-b2.com\/no\/forskjellen-mellom-visum-og-esta\/","og_locale":"nb_NO","og_type":"article","og_title":"Hva er forskjellen mellom et visum og ESTA? - USA B2","og_description":"Forst\u00e5 i detalj forskjellen mellom et amerikansk visum og en ESTA-reisetillatelse for reiser til USA","og_url":"https:\/\/usa-b2.com\/no\/forskjellen-mellom-visum-og-esta\/","og_site_name":"USA B2","article_modified_time":"2025-02-06T10:21:03+00:00","twitter_card":"summary_large_image","twitter_misc":{"Ansl. lesetid":"2 minutter"},"schema":{"@context":"https:\/\/schema.org","@graph":[{"@type":"WebPage","@id":"https:\/\/usa-b2.com\/no\/forskjellen-mellom-visum-og-esta\/","url":"https:\/\/usa-b2.com\/no\/forskjellen-mellom-visum-og-esta\/","name":"Hva er forskjellen mellom et visum og ESTA? - USA B2","isPartOf":{"@id":"https:\/\/usa-b2.com\/no\/#website"},"datePublished":"2024-02-10T17:09:57+00:00","dateModified":"2025-02-06T10:21:03+00:00","description":"Forst\u00e5 i detalj forskjellen mellom et amerikansk visum og en ESTA-reisetillatelse for reiser til USA","breadcrumb":{"@id":"https:\/\/usa-b2.com\/no\/forskjellen-mellom-visum-og-esta\/#breadcrumb"},"inLanguage":"nb-NO","potentialAction":[{"@type":"ReadAction","target":["https:\/\/usa-b2.com\/no\/forskjellen-mellom-visum-og-esta\/"]}]},{"@type":"BreadcrumbList","@id":"https:\/\/usa-b2.com\/no\/forskjellen-mellom-visum-og-esta\/#breadcrumb","itemListElement":[{"@type":"ListItem","position":1,"name":"Accueil","item":"https:\/\/usa-b2.com\/no\/usa\/"},{"@type":"ListItem","position":2,"name":"Hva er forskjellen mellom et visum og ESTA?"}]},{"@type":"WebSite","@id":"https:\/\/usa-b2.com\/no\/#website","url":"https:\/\/usa-b2.com\/no\/","name":"USA B2 VISA","description":"","potentialAction":[{"@type":"SearchAction","target":{"@type":"EntryPoint","urlTemplate":"https:\/\/usa-b2.com\/no\/?s={search_term_string}"},"query-input":{"@type":"PropertyValueSpecification","valueRequired":true,"valueName":"search_term_string"}}],"inLanguage":"nb-NO"}]}},"_links":{"self":[{"href":"https:\/\/usa-b2.com\/no\/wp-json\/wp\/v2\/pages\/2127","targetHints":{"allow":["GET"]}}],"collection":[{"href":"https:\/\/usa-b2.com\/no\/wp-json\/wp\/v2\/pages"}],"about":[{"href":"https:\/\/usa-b2.com\/no\/wp-json\/wp\/v2\/types\/page"}],"author":[{"embeddable":true,"href":"https:\/\/usa-b2.com\/no\/wp-json\/wp\/v2\/users\/1"}],"replies":[{"embeddable":true,"href":"https:\/\/usa-b2.com\/no\/wp-json\/wp\/v2\/comments?post=2127"}],"version-history":[{"count":0,"href":"https:\/\/usa-b2.com\/no\/wp-json\/wp\/v2\/pages\/2127\/revisions"}],"wp:attachment":[{"href":"https:\/\/usa-b2.com\/no\/wp-json\/wp\/v2\/media?parent=2127"}],"curies":[{"name":"wp","href":"https:\/\/api.w.org\/{rel}","templated":true}]}}