{"id":2122,"date":"2024-02-27T10:25:43","date_gmt":"2024-02-27T10:25:43","guid":{"rendered":"https:\/\/usa-b2.com\/visa-b2-visumsoknadsprosedyre\/"},"modified":"2025-02-06T10:08:56","modified_gmt":"2025-02-06T10:08:56","slug":"visa-b2-visumsoknadsprosedyre","status":"publish","type":"page","link":"https:\/\/usa-b2.com\/no\/visa-b2-visumsoknadsprosedyre\/","title":{"rendered":"Fremgangsm\u00e5te for \u00e5 s\u00f8ke om B2-visum"},"content":{"rendered":"\n<h1 class=\"wp-block-heading\">Fremgangsm\u00e5te for \u00e5 s\u00f8ke om B2-visum<\/h1>\n\n<p>S\u00f8knadsprosessen for B2-visum best\u00e5r av en rekke trinn som gjennomf\u00f8res p\u00e5 nettet. Prosedyren avsluttes med et intervju p\u00e5 den amerikanske ambassaden eller konsulatet i s\u00f8kerens hjemland. <\/p>\n\n<h2 class=\"wp-block-heading\" id=\"h-demande-de-visa-touristique-usa\">Hvordan s\u00f8ker jeg om B2-visum?<\/h2>\n\n<p>For \u00e5 <a href=\"https:\/\/usa-b2.com\/no\/b2-visumskjema-on-line\/\">s\u00f8ke om et B2-turistvisum<\/a> til USA m\u00e5 s\u00f8keren gjennomf\u00f8re f\u00f8lgende trinn:<\/p>\n\n<ol class=\"wp-block-list\">\n<li>Fyll ut <a href=\"https:\/\/usa-b2.com\/no\/ds-160\/\">skjema DS-160<\/a> p\u00e5 nettet ;<\/li>\n\n\n\n<li>Betal visumavgiften for \u00e5 bekrefte s\u00f8knaden;<\/li>\n\n\n\n<li>Gj\u00f8r en avtale om visum p\u00e5 en <a href=\"https:\/\/usa-b2.com\/no\/amerikanske-ambassade\/\">amerikansk ambassade<\/a>;<\/li>\n\n\n\n<li>Forbered intervjuet og samle inn underlagsdokumenter;<\/li>\n\n\n\n<li>Delta i et intervju med en konsul\u00e6r tjenestemann for \u00e5 fullf\u00f8re visums\u00f8knaden.<\/li>\n<\/ol>\n\n<p>Hvis visums\u00f8keren er statsborger i et land som er medlem av <a href=\"https:\/\/usa-b2.com\/no\/visumfritak-programmet\/\">Visa Waiver-programmet<\/a>, er det ikke n\u00f8dvendig \u00e5 skaffe visum for et opphold p\u00e5 mindre enn 90 dager i USA. <strong>De kan ganske enkelt f\u00e5 et ESTA-sertifikat<\/strong> ved \u00e5 klikke p\u00e5 <a href=\"https:\/\/usa-b2.com\/no\/esta-skjemaet-pa-nettet\/\">ESTA-skjemaet p\u00e5 nettet<\/a>.<\/p>\n\n<div style=\"height:10px\" aria-hidden=\"true\" class=\"wp-block-spacer\"><\/div>\n\n<h3 class=\"wp-block-heading\" id=\"h-soumettre-le-formulaire-ds-160\">Fyll ut visums\u00f8knadsskjema DS-160<\/h3>\n\n<p>Visums\u00f8knadsprosedyren starter p\u00e5 nettet. S\u00f8kere m\u00e5 fylle ut <a href=\"https:\/\/usa-b2.com\/no\/ds-160\/\">skjema DS-160<\/a> for \u00e5 starte s\u00f8knaden p\u00e5 det amerikanske utenriksdepartementets nettside. I starten av den elektroniske prosessen f\u00e5r s\u00f8kerne et journalnummer som de m\u00e5 beholde. Filnummeret ser slik ut:   <\/p>\n\n<figure class=\"wp-block-image size-full\"><img fetchpriority=\"high\" decoding=\"async\" width=\"562\" height=\"274\" src=\"https:\/\/usa-b2.com\/wp-content\/uploads\/2024\/02\/ID-b2-visa-application.webp\" alt=\"\" class=\"wp-image-1426\" srcset=\"https:\/\/usa-b2.com\/wp-content\/uploads\/2024\/02\/ID-b2-visa-application.webp 562w, https:\/\/usa-b2.com\/wp-content\/uploads\/2024\/02\/ID-b2-visa-application-300x146.webp 300w\" sizes=\"(max-width: 562px) 100vw, 562px\" \/><figcaption class=\"wp-element-caption\">Identifisere en visums\u00f8knad p\u00e5 nettet<\/figcaption><\/figure>\n\n<p>S\u00f8kere m\u00e5 deretter fylle ut det elektroniske skjemaet. Den er delt inn i flere avsnitt som dekker f\u00f8lgende informasjon: <\/p>\n\n<ul class=\"wp-block-list\">\n<li>Kandidatens personlige opplysninger<\/li>\n\n\n\n<li>Informasjon om den planlagte reisen<\/li>\n\n\n\n<li>Presentasjon av andre reisende<\/li>\n\n\n\n<li>Beskrivelse av tidligere reiser til USA<\/li>\n\n\n\n<li>Personlig adresse og telefon<\/li>\n\n\n\n<li><a href=\"https:\/\/usa-b2.com\/no\/pass-reise-usa\/\">Passinformasjon for USA<\/a><\/li>\n\n\n\n<li>Kontakter i USA<\/li>\n\n\n\n<li>Familiesituasjon<\/li>\n\n\n\n<li>Sysselsetting, utdanning og oppl\u00e6ring<\/li>\n\n\n\n<li>Sikkerhet og milj\u00f8<\/li>\n<\/ul>\n\n<p>N\u00e5r skjemaet er utfylt, kan s\u00f8keren sende inn s\u00f8knaden. P\u00e5 bekreftelsessiden vises den personlige koden som s\u00f8keren har f\u00e5tt tildelt for \u00e5 legge ved dokumentasjon. <\/p>\n\n<h3 class=\"wp-block-heading\">Betal visumgebyret for \u00e5 bekrefte visums\u00f8knaden.<\/h3>\n\n<p><a href=\"https:\/\/usa-b2.com\/no\/b2-usa-visumavgifter\/\">B2-visumavgiften<\/a> er 185 USD. Bel\u00f8pet ble \u00f8kt i 2023. For \u00e5 validere den elektroniske visums\u00f8knaden m\u00e5 s\u00f8keren betale gebyret umiddelbart etter at visums\u00f8knaden er registrert.<\/p>\n\n<p>Visagebyrene kan betales p\u00e5 forskjellige m\u00e5ter:<\/p>\n\n<ul class=\"wp-block-list\">\n<li>Online betaling med kredittkort<\/li>\n\n\n\n<li>Betaling av gebyrer ved bankoverf\u00f8ring<\/li>\n\n\n\n<li>Betaling med kontant innbetalingskort i en bank godkjent i USA<\/li>\n<\/ul>\n\n<p>Bel\u00f8pet er oppgitt i dollar, men vil automatisk bli konvertert til kandidatens lokale valuta av kandidatens bank. Betalingsbeviset m\u00e5 oppbevares og legges ved dokumentene som skal legges frem ved <a href=\"https:\/\/usa-b2.com\/no\/utnevnelse-av-usas-ambassade\/\">visumbes\u00f8ket p\u00e5 ambassaden<\/a>. <\/p>\n\n<h3 class=\"wp-block-heading\">Gj\u00f8r en avtale om \u00e5 m\u00f8te en amerikansk konsul\u00e6r tjenestemann<\/h3>\n\n<p>N\u00e5r visumavgiften er betalt, m\u00e5 s\u00f8keren avtale tid hos den amerikanske ambassaden eller konsulatet i hjemlandet. S\u00f8kere m\u00e5 gjennomg\u00e5 et intervju med en konsul\u00e6rt ansatt ved den amerikanske ambassaden eller konsulatet p\u00e5 stedet.   <\/p>\n\n<p>Du kan bestille time p\u00e5 nettet via <a href=\"https:\/\/www.uscis.gov\/\">USCIS<\/a>&#8216; nettsted. Kandidatene velger blant de tilgjengelige datoene og tidspunktene som er lagt ut p\u00e5 nettet. Generelt er ambassadene organisert slik at intervjuene finner sted om morgenen fra mandag til fredag.<\/p>\n\n<p>Dette intervjuet er det siste trinnet i prosessen med \u00e5 f\u00e5 visum, og vi forklarer n\u00e6rmere hvordan det fungerer nedenfor. N\u00e5r <a href=\"https:\/\/usa-b2.com\/no\/utnevnelse-av-usas-ambassade\/\">visumintervjuet p\u00e5 ambassaden<\/a> er avtalt, m\u00e5 s\u00f8keren forberede dokumentene som skal leveres p\u00e5 avtaledagen. <\/p>\n\n<h3 class=\"wp-block-heading\">Forberedelser til visums\u00f8knadsm\u00f8tet<\/h3>\n\n<p>S\u00f8kere m\u00e5 forberede seg til m\u00f8tet som skal sluttbehandle visums\u00f8knaden. Disse forberedelsene omfatter to hovedoppgaver: <\/p>\n\n<ul class=\"wp-block-list\">\n<li>Gjennomf\u00f8re en medisinsk unders\u00f8kelse;<\/li>\n\n\n\n<li>Samle inn dokumentasjonen du trenger til visums\u00f8knaden.<\/li>\n<\/ul>\n\n<p>Dokumentasjonsmappen som skal utarbeides til m\u00f8tet, inneholder alle originaldokumentene som ligger til grunn for visums\u00f8knaden. Disse dokumentene m\u00e5 legges frem under intervjuet. <\/p>\n\n<p><strong>Her er listen over dokumenter som kreves for en B2-visums\u00f8knad<\/strong><\/p>\n\n<ul class=\"wp-block-list\">\n<li>Bevis for betaling av <a href=\"https:\/\/usa-b2.com\/no\/b2-usa-visumavgifter\/\">visumavgifter<\/a>;<\/li>\n\n\n\n<li>Den personlige identifikasjonskoden som ble innhentet da skjema DS-160 ble startet opp;<\/li>\n\n\n\n<li>Utskrift av bekreftelse p\u00e5 avtalen din<\/li>\n\n\n\n<li>Et bilde som oppfyller kravene til et B2-visum;<\/li>\n\n\n\n<li>Et personlig brev som beskriver \u00e5rsaken til oppholdet i USA;<\/li>\n\n\n\n<li>Bevis p\u00e5 finansiering av oppholdet i USA ;<\/li>\n\n\n\n<li>Dokumenter som viser s\u00f8kerens tilknytning til hjemlandet og som beviser at vedkommende vil returnere til hjemlandet etter endt opphold;<\/li>\n\n\n\n<li>Et rent rulleblad eller en attest fra myndighetene som bekrefter at du ikke er straffed\u00f8mt.<\/li>\n<\/ul>\n\n<div style=\"height:10px\" aria-hidden=\"true\" class=\"wp-block-spacer\"><\/div>\n\n<h3 class=\"wp-block-heading\">Delta p\u00e5 intervjuet p\u00e5 den amerikanske ambassaden<\/h3>\n\n<p>S\u00f8kere b\u00f8r ankomme ambassaden med 15 minutter ekstra til sikkerhetskontroll f\u00f8r m\u00f8tetidspunktet. N\u00e5r de har g\u00e5tt gjennom sikkerhetskontrollen, tar de fingeravtrykk og blir f\u00f8rt til venterommet for \u00e5 f\u00e5 time. <\/p>\n\n<p>Intervjuet varer i rundt 15 minutter og foreg\u00e5r vanligvis p\u00e5 engelsk. Utvekslingen kan foreg\u00e5 p\u00e5 det lokale spr\u00e5ket hvis ambassadetjenestemannen snakker spr\u00e5ket flytende. I l\u00f8pet av intervjuet gjennomg\u00e5s f\u00f8lgende emner:  <\/p>\n\n<ul class=\"wp-block-list\">\n<li>Hvorfor bes\u00f8ker du USA?<\/li>\n\n\n\n<li>Hvordan blir reiseruten og innkvarteringen?<\/li>\n\n\n\n<li>Hvordan skal hele ferien finansieres?<\/li>\n<\/ul>\n\n<p>Ved slutten av intervjuet vil konsulatmedarbeideren opplyse om visumet er innvilget. Det stemplede passet med <a href=\"https:\/\/usa-b2.com\/no\/\">B2-visumet<\/a> vil bli sendt i posten kort tid etter. <\/p>\n\n<p><\/p>\n","protected":false},"excerpt":{"rendered":"<p>Fremgangsm\u00e5te for \u00e5 s\u00f8ke om B2-visum S\u00f8knadsprosessen for B2-visum best\u00e5r av en rekke trinn som gjennomf\u00f8res p\u00e5 nettet. Prosedyren avsluttes med et intervju p\u00e5 den amerikanske ambassaden eller konsulatet i s\u00f8kerens hjemland. Hvordan s\u00f8ker jeg om B2-visum? For \u00e5 s\u00f8ke om et B2-turistvisum til USA m\u00e5 s\u00f8keren gjennomf\u00f8re f\u00f8lgende trinn: Hvis visums\u00f8keren er statsborger i [&hellip;]<\/p>\n","protected":false},"author":1,"featured_media":0,"parent":0,"menu_order":0,"comment_status":"closed","ping_status":"closed","template":"","meta":{"footnotes":""},"class_list":["post-2122","page","type-page","status-publish","hentry"],"yoast_head":"<!-- This site is optimized with the Yoast SEO plugin v27.4 - https:\/\/yoast.com\/product\/yoast-seo-wordpress\/ -->\n<title>Fremgangsm\u00e5te for \u00e5 s\u00f8ke om B2-visum - USA B2<\/title>\n<meta name=\"description\" content=\"Slik s\u00f8ker du om B2-visum p\u00e5 nettet. Prosedyren er detaljert og best\u00e5r av flere trinn.\" \/>\n<meta name=\"robots\" content=\"index, follow, max-snippet:-1, max-image-preview:large, max-video-preview:-1\" \/>\n<link rel=\"canonical\" href=\"https:\/\/usa-b2.com\/no\/visa-b2-visumsoknadsprosedyre\/\" \/>\n<meta property=\"og:locale\" content=\"nb_NO\" \/>\n<meta property=\"og:type\" content=\"article\" \/>\n<meta property=\"og:title\" content=\"Fremgangsm\u00e5te for \u00e5 s\u00f8ke om B2-visum - USA B2\" \/>\n<meta property=\"og:description\" content=\"Slik s\u00f8ker du om B2-visum p\u00e5 nettet. Prosedyren er detaljert og best\u00e5r av flere trinn.\" \/>\n<meta property=\"og:url\" content=\"https:\/\/usa-b2.com\/no\/visa-b2-visumsoknadsprosedyre\/\" \/>\n<meta property=\"og:site_name\" content=\"USA B2\" \/>\n<meta property=\"article:modified_time\" content=\"2025-02-06T10:08:56+00:00\" \/>\n<meta property=\"og:image\" content=\"https:\/\/usa-b2.com\/wp-content\/uploads\/2024\/02\/ID-b2-visa-application.webp\" \/>\n\t<meta property=\"og:image:width\" content=\"562\" \/>\n\t<meta property=\"og:image:height\" content=\"274\" \/>\n\t<meta property=\"og:image:type\" content=\"image\/webp\" \/>\n<meta name=\"twitter:card\" content=\"summary_large_image\" \/>\n<meta name=\"twitter:label1\" content=\"Ansl. lesetid\" \/>\n\t<meta name=\"twitter:data1\" content=\"4 minutter\" \/>\n<script type=\"application\/ld+json\" class=\"yoast-schema-graph\">{\"@context\":\"https:\\\/\\\/schema.org\",\"@graph\":[{\"@type\":\"WebPage\",\"@id\":\"https:\\\/\\\/usa-b2.com\\\/no\\\/visa-b2-visumsoknadsprosedyre\\\/\",\"url\":\"https:\\\/\\\/usa-b2.com\\\/no\\\/visa-b2-visumsoknadsprosedyre\\\/\",\"name\":\"Fremgangsm\u00e5te for \u00e5 s\u00f8ke om B2-visum - USA B2\",\"isPartOf\":{\"@id\":\"https:\\\/\\\/usa-b2.com\\\/no\\\/#website\"},\"primaryImageOfPage\":{\"@id\":\"https:\\\/\\\/usa-b2.com\\\/no\\\/visa-b2-visumsoknadsprosedyre\\\/#primaryimage\"},\"image\":{\"@id\":\"https:\\\/\\\/usa-b2.com\\\/no\\\/visa-b2-visumsoknadsprosedyre\\\/#primaryimage\"},\"thumbnailUrl\":\"https:\\\/\\\/usa-b2.com\\\/wp-content\\\/uploads\\\/2024\\\/02\\\/ID-b2-visa-application.webp\",\"datePublished\":\"2024-02-27T10:25:43+00:00\",\"dateModified\":\"2025-02-06T10:08:56+00:00\",\"description\":\"Slik s\u00f8ker du om B2-visum p\u00e5 nettet. Prosedyren er detaljert og best\u00e5r av flere trinn.\",\"breadcrumb\":{\"@id\":\"https:\\\/\\\/usa-b2.com\\\/no\\\/visa-b2-visumsoknadsprosedyre\\\/#breadcrumb\"},\"inLanguage\":\"nb-NO\",\"potentialAction\":[{\"@type\":\"ReadAction\",\"target\":[\"https:\\\/\\\/usa-b2.com\\\/no\\\/visa-b2-visumsoknadsprosedyre\\\/\"]}]},{\"@type\":\"ImageObject\",\"inLanguage\":\"nb-NO\",\"@id\":\"https:\\\/\\\/usa-b2.com\\\/no\\\/visa-b2-visumsoknadsprosedyre\\\/#primaryimage\",\"url\":\"https:\\\/\\\/usa-b2.com\\\/wp-content\\\/uploads\\\/2024\\\/02\\\/ID-b2-visa-application.webp\",\"contentUrl\":\"https:\\\/\\\/usa-b2.com\\\/wp-content\\\/uploads\\\/2024\\\/02\\\/ID-b2-visa-application.webp\"},{\"@type\":\"BreadcrumbList\",\"@id\":\"https:\\\/\\\/usa-b2.com\\\/no\\\/visa-b2-visumsoknadsprosedyre\\\/#breadcrumb\",\"itemListElement\":[{\"@type\":\"ListItem\",\"position\":1,\"name\":\"Accueil\",\"item\":\"https:\\\/\\\/usa-b2.com\\\/no\\\/usa\\\/\"},{\"@type\":\"ListItem\",\"position\":2,\"name\":\"Fremgangsm\u00e5te for \u00e5 s\u00f8ke om B2-visum\"}]},{\"@type\":\"WebSite\",\"@id\":\"https:\\\/\\\/usa-b2.com\\\/no\\\/#website\",\"url\":\"https:\\\/\\\/usa-b2.com\\\/no\\\/\",\"name\":\"USA B2 VISA\",\"description\":\"\",\"potentialAction\":[{\"@type\":\"SearchAction\",\"target\":{\"@type\":\"EntryPoint\",\"urlTemplate\":\"https:\\\/\\\/usa-b2.com\\\/no\\\/?s={search_term_string}\"},\"query-input\":{\"@type\":\"PropertyValueSpecification\",\"valueRequired\":true,\"valueName\":\"search_term_string\"}}],\"inLanguage\":\"nb-NO\"}]}<\/script>\n<!-- \/ Yoast SEO plugin. -->","yoast_head_json":{"title":"Fremgangsm\u00e5te for \u00e5 s\u00f8ke om B2-visum - USA B2","description":"Slik s\u00f8ker du om B2-visum p\u00e5 nettet. Prosedyren er detaljert og best\u00e5r av flere trinn.","robots":{"index":"index","follow":"follow","max-snippet":"max-snippet:-1","max-image-preview":"max-image-preview:large","max-video-preview":"max-video-preview:-1"},"canonical":"https:\/\/usa-b2.com\/no\/visa-b2-visumsoknadsprosedyre\/","og_locale":"nb_NO","og_type":"article","og_title":"Fremgangsm\u00e5te for \u00e5 s\u00f8ke om B2-visum - USA B2","og_description":"Slik s\u00f8ker du om B2-visum p\u00e5 nettet. Prosedyren er detaljert og best\u00e5r av flere trinn.","og_url":"https:\/\/usa-b2.com\/no\/visa-b2-visumsoknadsprosedyre\/","og_site_name":"USA B2","article_modified_time":"2025-02-06T10:08:56+00:00","og_image":[{"width":562,"height":274,"url":"https:\/\/usa-b2.com\/wp-content\/uploads\/2024\/02\/ID-b2-visa-application.webp","type":"image\/webp"}],"twitter_card":"summary_large_image","twitter_misc":{"Ansl. lesetid":"4 minutter"},"schema":{"@context":"https:\/\/schema.org","@graph":[{"@type":"WebPage","@id":"https:\/\/usa-b2.com\/no\/visa-b2-visumsoknadsprosedyre\/","url":"https:\/\/usa-b2.com\/no\/visa-b2-visumsoknadsprosedyre\/","name":"Fremgangsm\u00e5te for \u00e5 s\u00f8ke om B2-visum - USA B2","isPartOf":{"@id":"https:\/\/usa-b2.com\/no\/#website"},"primaryImageOfPage":{"@id":"https:\/\/usa-b2.com\/no\/visa-b2-visumsoknadsprosedyre\/#primaryimage"},"image":{"@id":"https:\/\/usa-b2.com\/no\/visa-b2-visumsoknadsprosedyre\/#primaryimage"},"thumbnailUrl":"https:\/\/usa-b2.com\/wp-content\/uploads\/2024\/02\/ID-b2-visa-application.webp","datePublished":"2024-02-27T10:25:43+00:00","dateModified":"2025-02-06T10:08:56+00:00","description":"Slik s\u00f8ker du om B2-visum p\u00e5 nettet. Prosedyren er detaljert og best\u00e5r av flere trinn.","breadcrumb":{"@id":"https:\/\/usa-b2.com\/no\/visa-b2-visumsoknadsprosedyre\/#breadcrumb"},"inLanguage":"nb-NO","potentialAction":[{"@type":"ReadAction","target":["https:\/\/usa-b2.com\/no\/visa-b2-visumsoknadsprosedyre\/"]}]},{"@type":"ImageObject","inLanguage":"nb-NO","@id":"https:\/\/usa-b2.com\/no\/visa-b2-visumsoknadsprosedyre\/#primaryimage","url":"https:\/\/usa-b2.com\/wp-content\/uploads\/2024\/02\/ID-b2-visa-application.webp","contentUrl":"https:\/\/usa-b2.com\/wp-content\/uploads\/2024\/02\/ID-b2-visa-application.webp"},{"@type":"BreadcrumbList","@id":"https:\/\/usa-b2.com\/no\/visa-b2-visumsoknadsprosedyre\/#breadcrumb","itemListElement":[{"@type":"ListItem","position":1,"name":"Accueil","item":"https:\/\/usa-b2.com\/no\/usa\/"},{"@type":"ListItem","position":2,"name":"Fremgangsm\u00e5te for \u00e5 s\u00f8ke om B2-visum"}]},{"@type":"WebSite","@id":"https:\/\/usa-b2.com\/no\/#website","url":"https:\/\/usa-b2.com\/no\/","name":"USA B2 VISA","description":"","potentialAction":[{"@type":"SearchAction","target":{"@type":"EntryPoint","urlTemplate":"https:\/\/usa-b2.com\/no\/?s={search_term_string}"},"query-input":{"@type":"PropertyValueSpecification","valueRequired":true,"valueName":"search_term_string"}}],"inLanguage":"nb-NO"}]}},"_links":{"self":[{"href":"https:\/\/usa-b2.com\/no\/wp-json\/wp\/v2\/pages\/2122","targetHints":{"allow":["GET"]}}],"collection":[{"href":"https:\/\/usa-b2.com\/no\/wp-json\/wp\/v2\/pages"}],"about":[{"href":"https:\/\/usa-b2.com\/no\/wp-json\/wp\/v2\/types\/page"}],"author":[{"embeddable":true,"href":"https:\/\/usa-b2.com\/no\/wp-json\/wp\/v2\/users\/1"}],"replies":[{"embeddable":true,"href":"https:\/\/usa-b2.com\/no\/wp-json\/wp\/v2\/comments?post=2122"}],"version-history":[{"count":0,"href":"https:\/\/usa-b2.com\/no\/wp-json\/wp\/v2\/pages\/2122\/revisions"}],"wp:attachment":[{"href":"https:\/\/usa-b2.com\/no\/wp-json\/wp\/v2\/media?parent=2122"}],"curies":[{"name":"wp","href":"https:\/\/api.w.org\/{rel}","templated":true}]}}