{"id":2118,"date":"2024-02-19T17:16:58","date_gmt":"2024-02-19T17:16:58","guid":{"rendered":"https:\/\/usa-b2.com\/personvernerklaering\/"},"modified":"2025-02-06T10:09:37","modified_gmt":"2025-02-06T10:09:37","slug":"personvernerklaering","status":"publish","type":"page","link":"https:\/\/usa-b2.com\/no\/personvernerklaering\/","title":{"rendered":"Personvernerkl\u00e6ring"},"content":{"rendered":"\n<h1 class=\"wp-block-heading\">V\u00e5r personvernerkl\u00e6ring<\/h1>\n\n<p>usa-b2.com er et informasjonsnettsted om mulige bilturer i USA. Nettstedet tilbyr ingen nettbaserte tjenester. Det eneste skjemaet p\u00e5 nettstedet er <a href=\"https:\/\/usa-b2.com\/no\/contact\/\">kontaktskjemaet<\/a>.  <\/p>\n\n<h2 class=\"wp-block-heading\">Innsamling av informasjon p\u00e5 nettstedet<\/h2>\n\n<p>Her er en liste over personopplysninger som kan samles inn p\u00e5 nettstedet v\u00e5rt:<\/p>\n\n<ul class=\"wp-block-list\">\n<li>Informasjon om datamaskinen din, og dermed din IP-adresse, din plassering, din nettleser, ditt operativsystem;<\/li>\n\n\n\n<li>Kontaktinformasjon n\u00e5r du sender en e-post til v\u00e5rt st\u00f8tteteam, for eksempel navn, fornavn, e-post. Informasjonen i e-postene du sender til oss.<\/li>\n<\/ul>\n\n<h2 class=\"wp-block-heading\">Bruk av innsamlet data<\/h2>\n\n<p>Under ingen omstendigheter gir vi din personlige informasjon til tredjeparter. Vi har ingen direkte markedsf\u00f8ring eller kommersiell bruk med dataene som samles inn.<\/p>\n\n<h2 class=\"wp-block-heading\">Oppbevaringsperiode for data<\/h2>\n\n<p>Dataene som samles inn blir regelmessig slettet, dette betyr at vi ikke beholder noe innhold i e-post som har blitt overf\u00f8rt til oss utover en periode p\u00e5 en m\u00e5ned. Vi har ingen markedsf\u00f8ringsbruk av navigasjonsdata.<\/p>\n\n<h2 class=\"wp-block-heading\">Dine rettigheter ang\u00e5ende personopplysninger<\/h2>\n\n<p>Du har rett til \u00e5 kreve at vi gir deg all personlig informasjon vi har om deg; Denne overf\u00f8ringen kan gj\u00f8res mot fremvisning av bevis p\u00e5 din identitet (sertifisert fotokopi av pass + faktura som angir din personlige adresse).<\/p>\n\n<h2 class=\"wp-block-heading\">Oppdatering av denne personvernerkl\u00e6ringen<\/h2>\n\n<p>Med jevne mellomrom oppdaterer vi denne policyen. Det er n\u00f8dvendig \u00e5 sjekke denne siden n\u00e5r du bruker nettstedet for \u00e5 vite endringene i personvernet til personopplysninger.<\/p>\n\n<h2 class=\"wp-block-heading\">Kontekstuelle lenker til tredjeparts nettsteder<\/h2>\n\n<p>Nettstedet v\u00e5rt inneholder hyperkoblinger til tredjeparts nettsteder. Vi har ingen kontroll over disse nettstedene, og er ikke ansvarlige for deres personvernregler eller deres virksomhet eller markedsf\u00f8ringspraksis.<\/p>\n\n<p><\/p>\n","protected":false},"excerpt":{"rendered":"<p>V\u00e5r personvernerkl\u00e6ring usa-b2.com er et informasjonsnettsted om mulige bilturer i USA. Nettstedet tilbyr ingen nettbaserte tjenester. Det eneste skjemaet p\u00e5 nettstedet er kontaktskjemaet. Innsamling av informasjon p\u00e5 nettstedet Her er en liste over personopplysninger som kan samles inn p\u00e5 nettstedet v\u00e5rt: Bruk av innsamlet data Under ingen omstendigheter gir vi din personlige informasjon til tredjeparter. [&hellip;]<\/p>\n","protected":false},"author":1,"featured_media":0,"parent":0,"menu_order":0,"comment_status":"closed","ping_status":"closed","template":"","meta":{"footnotes":""},"class_list":["post-2118","page","type-page","status-publish","hentry"],"yoast_head":"<!-- This site is optimized with the Yoast SEO plugin v27.4 - https:\/\/yoast.com\/product\/yoast-seo-wordpress\/ -->\n<title>Personvernerkl\u00e6ring - USA B2<\/title>\n<meta name=\"description\" content=\"Personvernerkl\u00e6ring for nettstedet usa-b2.com\" \/>\n<meta name=\"robots\" content=\"noindex, nofollow\" \/>\n<meta property=\"og:locale\" content=\"nb_NO\" \/>\n<meta property=\"og:type\" content=\"article\" \/>\n<meta property=\"og:title\" content=\"Personvernerkl\u00e6ring - USA B2\" \/>\n<meta property=\"og:description\" content=\"Personvernerkl\u00e6ring for nettstedet usa-b2.com\" \/>\n<meta property=\"og:url\" content=\"https:\/\/usa-b2.com\/no\/personvernerklaering\/\" \/>\n<meta property=\"og:site_name\" content=\"USA B2\" \/>\n<meta property=\"article:modified_time\" content=\"2025-02-06T10:09:37+00:00\" \/>\n<meta name=\"twitter:card\" content=\"summary_large_image\" \/>\n<meta name=\"twitter:label1\" content=\"Ansl. lesetid\" \/>\n\t<meta name=\"twitter:data1\" content=\"1 minutt\" \/>\n<script type=\"application\/ld+json\" class=\"yoast-schema-graph\">{\"@context\":\"https:\\\/\\\/schema.org\",\"@graph\":[{\"@type\":\"WebPage\",\"@id\":\"https:\\\/\\\/usa-b2.com\\\/no\\\/personvernerklaering\\\/\",\"url\":\"https:\\\/\\\/usa-b2.com\\\/no\\\/personvernerklaering\\\/\",\"name\":\"Personvernerkl\u00e6ring - USA B2\",\"isPartOf\":{\"@id\":\"https:\\\/\\\/usa-b2.com\\\/no\\\/#website\"},\"datePublished\":\"2024-02-19T17:16:58+00:00\",\"dateModified\":\"2025-02-06T10:09:37+00:00\",\"description\":\"Personvernerkl\u00e6ring for nettstedet usa-b2.com\",\"breadcrumb\":{\"@id\":\"https:\\\/\\\/usa-b2.com\\\/no\\\/personvernerklaering\\\/#breadcrumb\"},\"inLanguage\":\"nb-NO\",\"potentialAction\":[{\"@type\":\"ReadAction\",\"target\":[\"https:\\\/\\\/usa-b2.com\\\/no\\\/personvernerklaering\\\/\"]}]},{\"@type\":\"BreadcrumbList\",\"@id\":\"https:\\\/\\\/usa-b2.com\\\/no\\\/personvernerklaering\\\/#breadcrumb\",\"itemListElement\":[{\"@type\":\"ListItem\",\"position\":1,\"name\":\"Accueil\",\"item\":\"https:\\\/\\\/usa-b2.com\\\/no\\\/usa\\\/\"},{\"@type\":\"ListItem\",\"position\":2,\"name\":\"Personvernerkl\u00e6ring\"}]},{\"@type\":\"WebSite\",\"@id\":\"https:\\\/\\\/usa-b2.com\\\/no\\\/#website\",\"url\":\"https:\\\/\\\/usa-b2.com\\\/no\\\/\",\"name\":\"USA B2 VISA\",\"description\":\"\",\"potentialAction\":[{\"@type\":\"SearchAction\",\"target\":{\"@type\":\"EntryPoint\",\"urlTemplate\":\"https:\\\/\\\/usa-b2.com\\\/no\\\/?s={search_term_string}\"},\"query-input\":{\"@type\":\"PropertyValueSpecification\",\"valueRequired\":true,\"valueName\":\"search_term_string\"}}],\"inLanguage\":\"nb-NO\"}]}<\/script>\n<!-- \/ Yoast SEO plugin. -->","yoast_head_json":{"title":"Personvernerkl\u00e6ring - USA B2","description":"Personvernerkl\u00e6ring for nettstedet usa-b2.com","robots":{"index":"noindex","follow":"nofollow"},"og_locale":"nb_NO","og_type":"article","og_title":"Personvernerkl\u00e6ring - USA B2","og_description":"Personvernerkl\u00e6ring for nettstedet usa-b2.com","og_url":"https:\/\/usa-b2.com\/no\/personvernerklaering\/","og_site_name":"USA B2","article_modified_time":"2025-02-06T10:09:37+00:00","twitter_card":"summary_large_image","twitter_misc":{"Ansl. lesetid":"1 minutt"},"schema":{"@context":"https:\/\/schema.org","@graph":[{"@type":"WebPage","@id":"https:\/\/usa-b2.com\/no\/personvernerklaering\/","url":"https:\/\/usa-b2.com\/no\/personvernerklaering\/","name":"Personvernerkl\u00e6ring - USA B2","isPartOf":{"@id":"https:\/\/usa-b2.com\/no\/#website"},"datePublished":"2024-02-19T17:16:58+00:00","dateModified":"2025-02-06T10:09:37+00:00","description":"Personvernerkl\u00e6ring for nettstedet usa-b2.com","breadcrumb":{"@id":"https:\/\/usa-b2.com\/no\/personvernerklaering\/#breadcrumb"},"inLanguage":"nb-NO","potentialAction":[{"@type":"ReadAction","target":["https:\/\/usa-b2.com\/no\/personvernerklaering\/"]}]},{"@type":"BreadcrumbList","@id":"https:\/\/usa-b2.com\/no\/personvernerklaering\/#breadcrumb","itemListElement":[{"@type":"ListItem","position":1,"name":"Accueil","item":"https:\/\/usa-b2.com\/no\/usa\/"},{"@type":"ListItem","position":2,"name":"Personvernerkl\u00e6ring"}]},{"@type":"WebSite","@id":"https:\/\/usa-b2.com\/no\/#website","url":"https:\/\/usa-b2.com\/no\/","name":"USA B2 VISA","description":"","potentialAction":[{"@type":"SearchAction","target":{"@type":"EntryPoint","urlTemplate":"https:\/\/usa-b2.com\/no\/?s={search_term_string}"},"query-input":{"@type":"PropertyValueSpecification","valueRequired":true,"valueName":"search_term_string"}}],"inLanguage":"nb-NO"}]}},"_links":{"self":[{"href":"https:\/\/usa-b2.com\/no\/wp-json\/wp\/v2\/pages\/2118","targetHints":{"allow":["GET"]}}],"collection":[{"href":"https:\/\/usa-b2.com\/no\/wp-json\/wp\/v2\/pages"}],"about":[{"href":"https:\/\/usa-b2.com\/no\/wp-json\/wp\/v2\/types\/page"}],"author":[{"embeddable":true,"href":"https:\/\/usa-b2.com\/no\/wp-json\/wp\/v2\/users\/1"}],"replies":[{"embeddable":true,"href":"https:\/\/usa-b2.com\/no\/wp-json\/wp\/v2\/comments?post=2118"}],"version-history":[{"count":0,"href":"https:\/\/usa-b2.com\/no\/wp-json\/wp\/v2\/pages\/2118\/revisions"}],"wp:attachment":[{"href":"https:\/\/usa-b2.com\/no\/wp-json\/wp\/v2\/media?parent=2118"}],"curies":[{"name":"wp","href":"https:\/\/api.w.org\/{rel}","templated":true}]}}