{"id":2110,"date":"2024-02-10T17:18:58","date_gmt":"2024-02-10T17:18:58","guid":{"rendered":"https:\/\/usa-b2.com\/visum-til-washington\/"},"modified":"2025-10-14T10:52:29","modified_gmt":"2025-10-14T10:52:29","slug":"visum-til-washington","status":"publish","type":"page","link":"https:\/\/usa-b2.com\/no\/visum-til-washington\/","title":{"rendered":"Skaffe visum for \u00e5 reise til Washington"},"content":{"rendered":"\n<h1 class=\"wp-block-heading\" id=\"h-visa-chicago-pour-les-usa\">Washington-visum for reiser til USA<\/h1>\n\n<p>Utenlandske reisende som \u00f8nsker \u00e5 lande i Washington for \u00e5 reise til USA, m\u00e5 v\u00e6re i besittelse av en gyldig reisetillatelse. Det finnes flere typer reisetillatelser, avhengig av form\u00e5let med og varigheten av oppholdet i USA. <\/p>\n\n<h2 class=\"wp-block-heading\" id=\"h-faut-il-un-visa-pour-chicago\">Trenger jeg visum til Washington?<\/h2>\n\n<p>Washington er hovedstaden i USA. Hvis du skal bes\u00f8ke USA via Washington i mer enn 3 m\u00e5neder, trenger du et <a href=\"https:\/\/usa-b2.com\/no\/visum-b2\/\">B2-visum<\/a>. <\/p>\n\n<p><strong>For opphold p\u00e5 under 90 dager<\/strong>: Det er ikke n\u00f8dvendig med b2-visum til Washington. Alt du trenger \u00e5 gj\u00f8re er \u00e5 skaffe deg en reisetillatelse p\u00e5 forh\u00e5nd ved \u00e5 klikke p\u00e5 <a href=\"https:\/\/usa-b2.com\/no\/esta-skjemaet-pa-nettet\/\">ESTA-skjemaet p\u00e5 nettet<\/a>. <\/p>\n\n<div style=\"height:10px\" aria-hidden=\"true\" class=\"wp-block-spacer\"><\/div>\n\n<h2 class=\"wp-block-heading\">Hva er et turistvisum for Washington?<\/h2>\n\n<p>Et B2-turistvisum for Washington gj\u00f8r det mulig for reisende \u00e5 lande i Washington for et opphold i USA. Med et B2-visum kan reisende dra p\u00e5 sightseeing eller bes\u00f8ke slektninger som bor i USA. Visumet er gyldig i en f\u00f8rste periode p\u00e5 6 m\u00e5neder.  <\/p>\n\n<h2 class=\"wp-block-heading\">Trenger jeg visum for en mellomlanding i Washington?<\/h2>\n\n<p>For \u00e5 mellomlande i Washington m\u00e5 reisende ha gyldig reisetillatelse. Det finnes flere mulige reisetillatelser.   <\/p>\n\n<p>Hvis den reisende er statsborger i et land som er med i <a href=\"https:\/\/usa-b2.com\/no\/visumfritak-programmet\/\">Visa Waiver-programmet<\/a>, er det ikke n\u00f8dvendig med <a href=\"https:\/\/usa-b2.com\/no\/transittvisum-usa\/\">transittvisum<\/a>. Reisende kan reise gjennom Washington med en enkel ESTA-autorisasjon.<\/p>\n\n<p>Hvis du ikke er statsborger i et land med visumfritak, m\u00e5 du <a href=\"https:\/\/usa-b2.com\/no\/b2-visumskjema-on-line\/\">s\u00f8ke om B2-visum<\/a> f\u00f8r du planlegger en reise med mellomlanding i Washington.<\/p>\n\n<h2 class=\"wp-block-heading\" id=\"h-quel-est-le-prix-du-visa-pour-chicago\">Hvor mye koster det \u00e5 f\u00e5 visum til Washington?<\/h2>\n\n<p><a href=\"https:\/\/usa-b2.com\/no\/b2-usa-visumavgifter\/\">Prisen for et B2-visum<\/a> til Washington har v\u00e6rt 185 USD siden 2023. Gebyrer m\u00e5 betales n\u00e5r du s\u00f8ker om visum for \u00e5 kunne validere s\u00f8knaden p\u00e5 nettet. Kvitteringen for betaling av gebyret m\u00e5 legges ved dokumentasjonen som en del av <a href=\"https:\/\/usa-b2.com\/no\/visa-b2-visumsoknadsprosedyre\/\">s\u00f8knadsprosedyren for B2-visum<\/a>.<\/p>\n\n<h2 class=\"wp-block-heading\" id=\"h-comment-obtenir-un-visa-pour-chicago\">Hvordan f\u00e5r jeg visum til Washington?<\/h2>\n\n<p>For \u00e5 f\u00e5 et B2-visum for reiser til Washington m\u00e5 du fullf\u00f8re <a href=\"https:\/\/www.uscis.gov\/\">USCIS<\/a>&#8216; online <a href=\"https:\/\/usa-b2.com\/no\/visa-b2-visumsoknadsprosedyre\/\">visums\u00f8knadsprosess<\/a>. Den endelige beslutningen om \u00e5 utstede visum tas etter et <a href=\"https:\/\/usa-b2.com\/no\/utnevnelse-av-usas-ambassade\/\">visumintervju p\u00e5 den amerikanske ambassaden<\/a>.<\/p>\n\n<h2 class=\"wp-block-heading\" id=\"h-faut-il-un-visa-esta-pour-chicago\">Hvem kan s\u00f8ke om ESTA for Washington?<\/h2>\n\n<p>Innbyggere i land som er medlemmer av USAs visumfritaksprogram, kan <a href=\"https:\/\/usa-b2.com\/no\/esta-skjemaet-pa-nettet\/\">s\u00f8ke om ESTA p\u00e5 nettet<\/a> for Washington. Det tar mye kortere tid \u00e5 f\u00e5 ESTA-autorisasjon enn for et B2-visum fra en <a href=\"https:\/\/usa-b2.com\/no\/amerikanske-ambassade\/\">amerikansk ambassade<\/a>.<\/p>\n\n<p>ESTA-godkjenningen for Washington er gyldig i 2 \u00e5r. Den kan utl\u00f8pe tidligere hvis <a href=\"https:\/\/usa-b2.com\/no\/pass-reise-usa\/\">passet som ble brukt til \u00e5 reise til USA<\/a>, utl\u00f8per innen to \u00e5r. Tillatelsen er knyttet til passet som ble brukt til \u00e5 skaffe den. <\/p>\n\n<p>Med en ESTA kan du oppholde deg i USA i maksimalt 90 dager sammenhengende.\nOpphold p\u00e5 90 dager kan v\u00e6re flere i l\u00f8pet av <a href=\"https:\/\/usa-b2.com\/no\/gyldighetsperiode-esta\/\">ESTA-kortets gyldighetstid<\/a> p\u00e5 2 \u00e5r. <\/p>\n","protected":false},"excerpt":{"rendered":"<p>Washington-visum for reiser til USA Utenlandske reisende som \u00f8nsker \u00e5 lande i Washington for \u00e5 reise til USA, m\u00e5 v\u00e6re i besittelse av en gyldig reisetillatelse. Det finnes flere typer reisetillatelser, avhengig av form\u00e5let med og varigheten av oppholdet i USA. Trenger jeg visum til Washington? Washington er hovedstaden i USA. Hvis du skal bes\u00f8ke [&hellip;]<\/p>\n","protected":false},"author":1,"featured_media":0,"parent":0,"menu_order":0,"comment_status":"closed","ping_status":"closed","template":"","meta":{"footnotes":""},"class_list":["post-2110","page","type-page","status-publish","hentry"],"yoast_head":"<!-- This site is optimized with the Yoast SEO plugin v27.4 - https:\/\/yoast.com\/product\/yoast-seo-wordpress\/ -->\n<title>Skaffe visum for \u00e5 reise til Washington - USA B2<\/title>\n<meta name=\"description\" content=\"Slik skaffer du turistvisum for \u00e5 lande i Washington for en mellomlanding eller reise i hele USA\" \/>\n<meta name=\"robots\" content=\"index, follow, max-snippet:-1, max-image-preview:large, max-video-preview:-1\" \/>\n<link rel=\"canonical\" href=\"https:\/\/usa-b2.com\/no\/visum-til-washington\/\" \/>\n<meta property=\"og:locale\" content=\"nb_NO\" \/>\n<meta property=\"og:type\" content=\"article\" \/>\n<meta property=\"og:title\" content=\"Skaffe visum for \u00e5 reise til Washington - USA B2\" \/>\n<meta property=\"og:description\" content=\"Slik skaffer du turistvisum for \u00e5 lande i Washington for en mellomlanding eller reise i hele USA\" \/>\n<meta property=\"og:url\" content=\"https:\/\/usa-b2.com\/no\/visum-til-washington\/\" \/>\n<meta property=\"og:site_name\" content=\"USA B2\" \/>\n<meta property=\"article:modified_time\" content=\"2025-10-14T10:52:29+00:00\" \/>\n<meta name=\"twitter:card\" content=\"summary_large_image\" \/>\n<meta name=\"twitter:label1\" content=\"Ansl. lesetid\" \/>\n\t<meta name=\"twitter:data1\" content=\"2 minutter\" \/>\n<script type=\"application\/ld+json\" class=\"yoast-schema-graph\">{\"@context\":\"https:\\\/\\\/schema.org\",\"@graph\":[{\"@type\":\"WebPage\",\"@id\":\"https:\\\/\\\/usa-b2.com\\\/no\\\/visum-til-washington\\\/\",\"url\":\"https:\\\/\\\/usa-b2.com\\\/no\\\/visum-til-washington\\\/\",\"name\":\"Skaffe visum for \u00e5 reise til Washington - USA B2\",\"isPartOf\":{\"@id\":\"https:\\\/\\\/usa-b2.com\\\/no\\\/#website\"},\"datePublished\":\"2024-02-10T17:18:58+00:00\",\"dateModified\":\"2025-10-14T10:52:29+00:00\",\"description\":\"Slik skaffer du turistvisum for \u00e5 lande i Washington for en mellomlanding eller reise i hele USA\",\"breadcrumb\":{\"@id\":\"https:\\\/\\\/usa-b2.com\\\/no\\\/visum-til-washington\\\/#breadcrumb\"},\"inLanguage\":\"nb-NO\",\"potentialAction\":[{\"@type\":\"ReadAction\",\"target\":[\"https:\\\/\\\/usa-b2.com\\\/no\\\/visum-til-washington\\\/\"]}]},{\"@type\":\"BreadcrumbList\",\"@id\":\"https:\\\/\\\/usa-b2.com\\\/no\\\/visum-til-washington\\\/#breadcrumb\",\"itemListElement\":[{\"@type\":\"ListItem\",\"position\":1,\"name\":\"Accueil\",\"item\":\"https:\\\/\\\/usa-b2.com\\\/no\\\/usa\\\/\"},{\"@type\":\"ListItem\",\"position\":2,\"name\":\"Skaffe visum for \u00e5 reise til Washington\"}]},{\"@type\":\"WebSite\",\"@id\":\"https:\\\/\\\/usa-b2.com\\\/no\\\/#website\",\"url\":\"https:\\\/\\\/usa-b2.com\\\/no\\\/\",\"name\":\"USA B2 VISA\",\"description\":\"\",\"potentialAction\":[{\"@type\":\"SearchAction\",\"target\":{\"@type\":\"EntryPoint\",\"urlTemplate\":\"https:\\\/\\\/usa-b2.com\\\/no\\\/?s={search_term_string}\"},\"query-input\":{\"@type\":\"PropertyValueSpecification\",\"valueRequired\":true,\"valueName\":\"search_term_string\"}}],\"inLanguage\":\"nb-NO\"}]}<\/script>\n<!-- \/ Yoast SEO plugin. -->","yoast_head_json":{"title":"Skaffe visum for \u00e5 reise til Washington - USA B2","description":"Slik skaffer du turistvisum for \u00e5 lande i Washington for en mellomlanding eller reise i hele USA","robots":{"index":"index","follow":"follow","max-snippet":"max-snippet:-1","max-image-preview":"max-image-preview:large","max-video-preview":"max-video-preview:-1"},"canonical":"https:\/\/usa-b2.com\/no\/visum-til-washington\/","og_locale":"nb_NO","og_type":"article","og_title":"Skaffe visum for \u00e5 reise til Washington - USA B2","og_description":"Slik skaffer du turistvisum for \u00e5 lande i Washington for en mellomlanding eller reise i hele USA","og_url":"https:\/\/usa-b2.com\/no\/visum-til-washington\/","og_site_name":"USA B2","article_modified_time":"2025-10-14T10:52:29+00:00","twitter_card":"summary_large_image","twitter_misc":{"Ansl. lesetid":"2 minutter"},"schema":{"@context":"https:\/\/schema.org","@graph":[{"@type":"WebPage","@id":"https:\/\/usa-b2.com\/no\/visum-til-washington\/","url":"https:\/\/usa-b2.com\/no\/visum-til-washington\/","name":"Skaffe visum for \u00e5 reise til Washington - USA B2","isPartOf":{"@id":"https:\/\/usa-b2.com\/no\/#website"},"datePublished":"2024-02-10T17:18:58+00:00","dateModified":"2025-10-14T10:52:29+00:00","description":"Slik skaffer du turistvisum for \u00e5 lande i Washington for en mellomlanding eller reise i hele USA","breadcrumb":{"@id":"https:\/\/usa-b2.com\/no\/visum-til-washington\/#breadcrumb"},"inLanguage":"nb-NO","potentialAction":[{"@type":"ReadAction","target":["https:\/\/usa-b2.com\/no\/visum-til-washington\/"]}]},{"@type":"BreadcrumbList","@id":"https:\/\/usa-b2.com\/no\/visum-til-washington\/#breadcrumb","itemListElement":[{"@type":"ListItem","position":1,"name":"Accueil","item":"https:\/\/usa-b2.com\/no\/usa\/"},{"@type":"ListItem","position":2,"name":"Skaffe visum for \u00e5 reise til Washington"}]},{"@type":"WebSite","@id":"https:\/\/usa-b2.com\/no\/#website","url":"https:\/\/usa-b2.com\/no\/","name":"USA B2 VISA","description":"","potentialAction":[{"@type":"SearchAction","target":{"@type":"EntryPoint","urlTemplate":"https:\/\/usa-b2.com\/no\/?s={search_term_string}"},"query-input":{"@type":"PropertyValueSpecification","valueRequired":true,"valueName":"search_term_string"}}],"inLanguage":"nb-NO"}]}},"_links":{"self":[{"href":"https:\/\/usa-b2.com\/no\/wp-json\/wp\/v2\/pages\/2110","targetHints":{"allow":["GET"]}}],"collection":[{"href":"https:\/\/usa-b2.com\/no\/wp-json\/wp\/v2\/pages"}],"about":[{"href":"https:\/\/usa-b2.com\/no\/wp-json\/wp\/v2\/types\/page"}],"author":[{"embeddable":true,"href":"https:\/\/usa-b2.com\/no\/wp-json\/wp\/v2\/users\/1"}],"replies":[{"embeddable":true,"href":"https:\/\/usa-b2.com\/no\/wp-json\/wp\/v2\/comments?post=2110"}],"version-history":[{"count":4,"href":"https:\/\/usa-b2.com\/no\/wp-json\/wp\/v2\/pages\/2110\/revisions"}],"predecessor-version":[{"id":10372,"href":"https:\/\/usa-b2.com\/no\/wp-json\/wp\/v2\/pages\/2110\/revisions\/10372"}],"wp:attachment":[{"href":"https:\/\/usa-b2.com\/no\/wp-json\/wp\/v2\/media?parent=2110"}],"curies":[{"name":"wp","href":"https:\/\/api.w.org\/{rel}","templated":true}]}}