{"id":2086,"date":"2024-02-10T17:03:04","date_gmt":"2024-02-10T17:03:04","guid":{"rendered":"https:\/\/usa-b2.com\/contact\/"},"modified":"2025-02-06T10:16:08","modified_gmt":"2025-02-06T10:16:08","slug":"contact","status":"publish","type":"page","link":"https:\/\/usa-b2.com\/no\/contact\/","title":{"rendered":"Kontakt oss"},"content":{"rendered":"\n<h1 class=\"wp-block-heading\">Kontaktskjema<\/h1>\n\n<p>Vi er et privateid nyhetsnettsted p\u00e5 nettet som er dedikert til \u00e5 gi informasjon til Internett-brukere. Vi tilbyr ingen kommersielle tjenester. Vi tar ingen skritt for \u00e5 skaffe visum eller reisedokumenter. Vi tilbyr ingen elektroniske tjenester eller administrative prosedyrer.   <\/p>\n\n<p>Vi er p\u00e5 ingen m\u00e5te knyttet til den amerikanske administrasjonen eller noen annen administrasjon. Vi er ikke i stand til \u00e5 gi st\u00f8tte til en prosedyre som utf\u00f8res p\u00e5 et offisielt nettsted eller et privat nettsted som tilbyr hjelp med administrative formaliteter. <\/p>\n\n<p>Nettstedet v\u00e5rt inneholder ulike hyperkoblinger til tredjeparts nettsteder. Vi har ingen lenke til eller kontroll over disse nettstedene og er ikke ansvarlige for deres personvernerkl\u00e6ringer eller kommersielle praksis.<\/p>\n<div class=\"wpforms-container wpforms-container-full wpforms-block wpforms-block-c2a04158-baa2-417a-b99e-abcdb5e92a62 wpforms-render-modern\" id=\"wpforms-1842\"><form id=\"wpforms-form-1842\" class=\"wpforms-validate wpforms-form wpforms-ajax-form\" data-formid=\"1842\" method=\"post\" enctype=\"multipart\/form-data\" action=\"\/no\/wp-json\/wp\/v2\/pages\/2086\" data-token=\"a1f3023464d229a4cd411fa1dfd7b75b\" data-token-time=\"1776058667\"><noscript class=\"wpforms-error-noscript\">Please enable JavaScript in your browser to complete this form.<\/noscript><div id=\"wpforms-error-noscript\" style=\"display: none;\">Please enable JavaScript in your browser to complete this form.<\/div><div class=\"wpforms-field-container\"><div id=\"wpforms-1842-field_0-container\" class=\"wpforms-field wpforms-field-name\" data-field-id=\"0\"><label class=\"wpforms-field-label\" for=\"wpforms-1842-field_0\">Nom <span class=\"wpforms-required-label\" aria-hidden=\"true\">*<\/span><\/label><input type=\"text\" id=\"wpforms-1842-field_0\" class=\"wpforms-field-medium wpforms-field-required\" name=\"wpforms[fields][0]\" aria-errormessage=\"wpforms-1842-field_0-error\" required><\/div><div id=\"wpforms-1842-field_1-container\" class=\"wpforms-field wpforms-field-email\" data-field-id=\"1\"><label class=\"wpforms-field-label\" for=\"wpforms-1842-field_1\">E-mail <span class=\"wpforms-required-label\" aria-hidden=\"true\">*<\/span><\/label><input type=\"email\" id=\"wpforms-1842-field_1\" class=\"wpforms-field-medium wpforms-field-required\" name=\"wpforms[fields][1]\" spellcheck=\"false\" aria-errormessage=\"wpforms-1842-field_1-error\" required><\/div><div id=\"wpforms-1842-field_2-container\" class=\"wpforms-field wpforms-field-textarea\" data-field-id=\"2\"><label class=\"wpforms-field-label\" for=\"wpforms-1842-field_2\">Message<\/label><textarea id=\"wpforms-1842-field_2\" class=\"wpforms-field-medium\" name=\"wpforms[fields][2]\" aria-errormessage=\"wpforms-1842-field_2-error\" ><\/textarea><\/div><\/div><!-- .wpforms-field-container --><div class=\"wpforms-submit-container\" ><input type=\"hidden\" name=\"wpforms[id]\" value=\"1842\"><input type=\"hidden\" name=\"page_title\" value=\"\"><input type=\"hidden\" name=\"page_url\" value=\"https:\/\/usa-b2.com\/no\/wp-json\/wp\/v2\/pages\/2086\"><input type=\"hidden\" name=\"url_referer\" value=\"\"><button type=\"submit\" name=\"wpforms[submit]\" id=\"wpforms-submit-1842\" class=\"wpforms-submit\" data-alt-text=\"in progress...\" data-submit-text=\"OK\" aria-live=\"assertive\" value=\"wpforms-submit\">OK<\/button><img decoding=\"async\" src=\"https:\/\/usa-b2.com\/wp-content\/plugins\/wpforms-lite\/assets\/images\/submit-spin.svg\" class=\"wpforms-submit-spinner\" style=\"display: none;\" width=\"26\" height=\"26\" alt=\"Loading\"><\/div><\/form><\/div>  <!-- .wpforms-container -->","protected":false},"excerpt":{"rendered":"<p>Kontaktskjema Vi er et privateid nyhetsnettsted p\u00e5 nettet som er dedikert til \u00e5 gi informasjon til Internett-brukere. Vi tilbyr ingen kommersielle tjenester. Vi tar ingen skritt for \u00e5 skaffe visum eller reisedokumenter. Vi tilbyr ingen elektroniske tjenester eller administrative prosedyrer. Vi er p\u00e5 ingen m\u00e5te knyttet til den amerikanske administrasjonen eller noen annen administrasjon. Vi [&hellip;]<\/p>\n","protected":false},"author":1,"featured_media":0,"parent":0,"menu_order":0,"comment_status":"closed","ping_status":"closed","template":"","meta":{"footnotes":""},"class_list":["post-2086","page","type-page","status-publish","hentry"],"yoast_head":"<!-- This site is optimized with the Yoast SEO plugin v27.0 - https:\/\/yoast.com\/product\/yoast-seo-wordpress\/ -->\n<title>Kontakt oss - USA B2<\/title>\n<meta name=\"description\" content=\"Kontaktskjema p\u00e5 nettstedet for \u00e5 kontakte oss direkte.\" \/>\n<meta name=\"robots\" content=\"index, follow, max-snippet:-1, max-image-preview:large, max-video-preview:-1\" \/>\n<link rel=\"canonical\" href=\"https:\/\/usa-b2.com\/no\/contact\/\" \/>\n<meta property=\"og:locale\" content=\"nb_NO\" \/>\n<meta property=\"og:type\" content=\"article\" \/>\n<meta property=\"og:title\" content=\"Kontakt oss - USA B2\" \/>\n<meta property=\"og:description\" content=\"Kontaktskjema p\u00e5 nettstedet for \u00e5 kontakte oss direkte.\" \/>\n<meta property=\"og:url\" content=\"https:\/\/usa-b2.com\/no\/contact\/\" \/>\n<meta property=\"og:site_name\" content=\"USA B2\" \/>\n<meta property=\"article:modified_time\" content=\"2025-02-06T10:16:08+00:00\" \/>\n<meta name=\"twitter:card\" content=\"summary_large_image\" \/>\n<meta name=\"twitter:label1\" content=\"Ansl. lesetid\" \/>\n\t<meta name=\"twitter:data1\" content=\"1 minutt\" \/>\n<script type=\"application\/ld+json\" class=\"yoast-schema-graph\">{\"@context\":\"https:\/\/schema.org\",\"@graph\":[{\"@type\":\"WebPage\",\"@id\":\"https:\/\/usa-b2.com\/no\/contact\/\",\"url\":\"https:\/\/usa-b2.com\/no\/contact\/\",\"name\":\"Kontakt oss - USA B2\",\"isPartOf\":{\"@id\":\"https:\/\/usa-b2.com\/no\/#website\"},\"datePublished\":\"2024-02-10T17:03:04+00:00\",\"dateModified\":\"2025-02-06T10:16:08+00:00\",\"description\":\"Kontaktskjema p\u00e5 nettstedet for \u00e5 kontakte oss direkte.\",\"breadcrumb\":{\"@id\":\"https:\/\/usa-b2.com\/no\/contact\/#breadcrumb\"},\"inLanguage\":\"nb-NO\",\"potentialAction\":[{\"@type\":\"ReadAction\",\"target\":[\"https:\/\/usa-b2.com\/no\/contact\/\"]}]},{\"@type\":\"BreadcrumbList\",\"@id\":\"https:\/\/usa-b2.com\/no\/contact\/#breadcrumb\",\"itemListElement\":[{\"@type\":\"ListItem\",\"position\":1,\"name\":\"Accueil\",\"item\":\"https:\/\/usa-b2.com\/no\/guide-roadtrips\/\"},{\"@type\":\"ListItem\",\"position\":2,\"name\":\"Kontakt oss\"}]},{\"@type\":\"WebSite\",\"@id\":\"https:\/\/usa-b2.com\/no\/#website\",\"url\":\"https:\/\/usa-b2.com\/no\/\",\"name\":\"USA B2 VISA\",\"description\":\"\",\"potentialAction\":[{\"@type\":\"SearchAction\",\"target\":{\"@type\":\"EntryPoint\",\"urlTemplate\":\"https:\/\/usa-b2.com\/no\/?s={search_term_string}\"},\"query-input\":{\"@type\":\"PropertyValueSpecification\",\"valueRequired\":true,\"valueName\":\"search_term_string\"}}],\"inLanguage\":\"nb-NO\"}]}<\/script>\n<!-- \/ Yoast SEO plugin. -->","yoast_head_json":{"title":"Kontakt oss - USA B2","description":"Kontaktskjema p\u00e5 nettstedet for \u00e5 kontakte oss direkte.","robots":{"index":"index","follow":"follow","max-snippet":"max-snippet:-1","max-image-preview":"max-image-preview:large","max-video-preview":"max-video-preview:-1"},"canonical":"https:\/\/usa-b2.com\/no\/contact\/","og_locale":"nb_NO","og_type":"article","og_title":"Kontakt oss - USA B2","og_description":"Kontaktskjema p\u00e5 nettstedet for \u00e5 kontakte oss direkte.","og_url":"https:\/\/usa-b2.com\/no\/contact\/","og_site_name":"USA B2","article_modified_time":"2025-02-06T10:16:08+00:00","twitter_card":"summary_large_image","twitter_misc":{"Ansl. lesetid":"1 minutt"},"schema":{"@context":"https:\/\/schema.org","@graph":[{"@type":"WebPage","@id":"https:\/\/usa-b2.com\/no\/contact\/","url":"https:\/\/usa-b2.com\/no\/contact\/","name":"Kontakt oss - USA B2","isPartOf":{"@id":"https:\/\/usa-b2.com\/no\/#website"},"datePublished":"2024-02-10T17:03:04+00:00","dateModified":"2025-02-06T10:16:08+00:00","description":"Kontaktskjema p\u00e5 nettstedet for \u00e5 kontakte oss direkte.","breadcrumb":{"@id":"https:\/\/usa-b2.com\/no\/contact\/#breadcrumb"},"inLanguage":"nb-NO","potentialAction":[{"@type":"ReadAction","target":["https:\/\/usa-b2.com\/no\/contact\/"]}]},{"@type":"BreadcrumbList","@id":"https:\/\/usa-b2.com\/no\/contact\/#breadcrumb","itemListElement":[{"@type":"ListItem","position":1,"name":"Accueil","item":"https:\/\/usa-b2.com\/no\/guide-roadtrips\/"},{"@type":"ListItem","position":2,"name":"Kontakt oss"}]},{"@type":"WebSite","@id":"https:\/\/usa-b2.com\/no\/#website","url":"https:\/\/usa-b2.com\/no\/","name":"USA B2 VISA","description":"","potentialAction":[{"@type":"SearchAction","target":{"@type":"EntryPoint","urlTemplate":"https:\/\/usa-b2.com\/no\/?s={search_term_string}"},"query-input":{"@type":"PropertyValueSpecification","valueRequired":true,"valueName":"search_term_string"}}],"inLanguage":"nb-NO"}]}},"_links":{"self":[{"href":"https:\/\/usa-b2.com\/no\/wp-json\/wp\/v2\/pages\/2086","targetHints":{"allow":["GET"]}}],"collection":[{"href":"https:\/\/usa-b2.com\/no\/wp-json\/wp\/v2\/pages"}],"about":[{"href":"https:\/\/usa-b2.com\/no\/wp-json\/wp\/v2\/types\/page"}],"author":[{"embeddable":true,"href":"https:\/\/usa-b2.com\/no\/wp-json\/wp\/v2\/users\/1"}],"replies":[{"embeddable":true,"href":"https:\/\/usa-b2.com\/no\/wp-json\/wp\/v2\/comments?post=2086"}],"version-history":[{"count":0,"href":"https:\/\/usa-b2.com\/no\/wp-json\/wp\/v2\/pages\/2086\/revisions"}],"wp:attachment":[{"href":"https:\/\/usa-b2.com\/no\/wp-json\/wp\/v2\/media?parent=2086"}],"curies":[{"name":"wp","href":"https:\/\/api.w.org\/{rel}","templated":true}]}}