{"id":2082,"date":"2024-02-10T17:03:45","date_gmt":"2024-02-10T17:03:45","guid":{"rendered":"https:\/\/usa-b2.com\/juridisk-varsel\/"},"modified":"2025-02-06T10:22:13","modified_gmt":"2025-02-06T10:22:13","slug":"juridisk-varsel","status":"publish","type":"page","link":"https:\/\/usa-b2.com\/no\/juridisk-varsel\/","title":{"rendered":"usa-b2.com juridisk merknad"},"content":{"rendered":"\n<h1 class=\"wp-block-heading\">Juridiske merknader for nettstedet<\/h1>\n\n<h2 class=\"wp-block-heading\">Site Editor<\/h2>\n\n<p>Vi er et nettsted med informasjon om turistreiser organisert i USA. Nettstedet utgis av <a href=\"https:\/\/alma-consulting.org\">ALMA Consulting<\/a>, et selskap registrert i Malta (EU). <\/p>\n\n<p>Vi er p\u00e5 ingen m\u00e5te knyttet til den amerikanske administrasjonen eller noen annen administrasjon.  <\/p>\n\n<p>Nettstedet v\u00e5rt inneholder ulike hyperkoblinger til tredjeparts nettsteder. Vi har ingen lenke til eller kontroll over disse nettstedene og er ikke ansvarlige for deres personvernerkl\u00e6ringer eller kommersielle praksis.<\/p>\n\n<p>Bruk <a href=\"https:\/\/usa-b2.com\/no\/contact\/\">kontaktskjemaet<\/a> v\u00e5rt for \u00e5 kontakte oss.<\/p>\n\n<h2 class=\"wp-block-heading\">Hosting av nettsteder<\/h2>\n\n<p>Nettstedet v\u00e5rt hostes av OVH, et selskap basert i Roubaix i Frankrike. OVH er et selskap registrert i Lille M\u00e9tropoles selskapsregister under nummer B424 761 419.<\/p>\n\n<h2 class=\"wp-block-heading\">Behandling av personopplysninger<\/h2>\n\n<p>Vi samler ikke inn personopplysninger for \u00e5 administrere nettstedet. Den eneste registreringen av bes\u00f8kendes personopplysninger p\u00e5 nettet er noen f\u00e5, sjeldne informasjonskapsler. Bes\u00f8kende har rett til \u00e5 f\u00e5 tilgang til, endre, korrigere og slette disse opplysningene. Hvis du vil ut\u00f8ve denne retten, kan du kontakte oss via <a href=\"https:\/\/usa-b2.com\/no\/contact\/\">kontaktskjemaet<\/a> v\u00e5rt.   <\/p>\n\n<p>For mer informasjon, se v\u00e5r <a href=\"https:\/\/usa-b2.com\/no\/personvernerklaering\/\">personvernerkl\u00e6ring<\/a>.<\/p>\n","protected":false},"excerpt":{"rendered":"<p>Juridiske merknader for nettstedet Site Editor Vi er et nettsted med informasjon om turistreiser organisert i USA. Nettstedet utgis av ALMA Consulting, et selskap registrert i Malta (EU). Vi er p\u00e5 ingen m\u00e5te knyttet til den amerikanske administrasjonen eller noen annen administrasjon. Nettstedet v\u00e5rt inneholder ulike hyperkoblinger til tredjeparts nettsteder. Vi har ingen lenke til [&hellip;]<\/p>\n","protected":false},"author":1,"featured_media":0,"parent":0,"menu_order":0,"comment_status":"closed","ping_status":"closed","template":"","meta":{"footnotes":""},"class_list":["post-2082","page","type-page","status-publish","hentry"],"yoast_head":"<!-- This site is optimized with the Yoast SEO plugin v27.0 - https:\/\/yoast.com\/product\/yoast-seo-wordpress\/ -->\n<title>usa-b2.com juridisk merknad - USA B2<\/title>\n<meta name=\"description\" content=\"Juridisk informasjon for nettstedet usa-b2.com\" \/>\n<meta name=\"robots\" content=\"index, follow, max-snippet:-1, max-image-preview:large, max-video-preview:-1\" \/>\n<link rel=\"canonical\" href=\"https:\/\/usa-b2.com\/no\/juridisk-varsel\/\" \/>\n<meta property=\"og:locale\" content=\"nb_NO\" \/>\n<meta property=\"og:type\" content=\"article\" \/>\n<meta property=\"og:title\" content=\"usa-b2.com juridisk merknad - USA B2\" \/>\n<meta property=\"og:description\" content=\"Juridisk informasjon for nettstedet usa-b2.com\" \/>\n<meta property=\"og:url\" content=\"https:\/\/usa-b2.com\/no\/juridisk-varsel\/\" \/>\n<meta property=\"og:site_name\" content=\"USA B2\" \/>\n<meta property=\"article:modified_time\" content=\"2025-02-06T10:22:13+00:00\" \/>\n<meta name=\"twitter:card\" content=\"summary_large_image\" \/>\n<meta name=\"twitter:label1\" content=\"Ansl. lesetid\" \/>\n\t<meta name=\"twitter:data1\" content=\"1 minutt\" \/>\n<script type=\"application\/ld+json\" class=\"yoast-schema-graph\">{\"@context\":\"https:\/\/schema.org\",\"@graph\":[{\"@type\":\"WebPage\",\"@id\":\"https:\/\/usa-b2.com\/no\/juridisk-varsel\/\",\"url\":\"https:\/\/usa-b2.com\/no\/juridisk-varsel\/\",\"name\":\"usa-b2.com juridisk merknad - USA B2\",\"isPartOf\":{\"@id\":\"https:\/\/usa-b2.com\/no\/#website\"},\"datePublished\":\"2024-02-10T17:03:45+00:00\",\"dateModified\":\"2025-02-06T10:22:13+00:00\",\"description\":\"Juridisk informasjon for nettstedet usa-b2.com\",\"breadcrumb\":{\"@id\":\"https:\/\/usa-b2.com\/no\/juridisk-varsel\/#breadcrumb\"},\"inLanguage\":\"nb-NO\",\"potentialAction\":[{\"@type\":\"ReadAction\",\"target\":[\"https:\/\/usa-b2.com\/no\/juridisk-varsel\/\"]}]},{\"@type\":\"BreadcrumbList\",\"@id\":\"https:\/\/usa-b2.com\/no\/juridisk-varsel\/#breadcrumb\",\"itemListElement\":[{\"@type\":\"ListItem\",\"position\":1,\"name\":\"Accueil\",\"item\":\"https:\/\/usa-b2.com\/no\/guide-roadtrips\/\"},{\"@type\":\"ListItem\",\"position\":2,\"name\":\"usa-b2.com juridisk merknad\"}]},{\"@type\":\"WebSite\",\"@id\":\"https:\/\/usa-b2.com\/no\/#website\",\"url\":\"https:\/\/usa-b2.com\/no\/\",\"name\":\"USA B2 VISA\",\"description\":\"\",\"potentialAction\":[{\"@type\":\"SearchAction\",\"target\":{\"@type\":\"EntryPoint\",\"urlTemplate\":\"https:\/\/usa-b2.com\/no\/?s={search_term_string}\"},\"query-input\":{\"@type\":\"PropertyValueSpecification\",\"valueRequired\":true,\"valueName\":\"search_term_string\"}}],\"inLanguage\":\"nb-NO\"}]}<\/script>\n<!-- \/ Yoast SEO plugin. -->","yoast_head_json":{"title":"usa-b2.com juridisk merknad - USA B2","description":"Juridisk informasjon for nettstedet usa-b2.com","robots":{"index":"index","follow":"follow","max-snippet":"max-snippet:-1","max-image-preview":"max-image-preview:large","max-video-preview":"max-video-preview:-1"},"canonical":"https:\/\/usa-b2.com\/no\/juridisk-varsel\/","og_locale":"nb_NO","og_type":"article","og_title":"usa-b2.com juridisk merknad - USA B2","og_description":"Juridisk informasjon for nettstedet usa-b2.com","og_url":"https:\/\/usa-b2.com\/no\/juridisk-varsel\/","og_site_name":"USA B2","article_modified_time":"2025-02-06T10:22:13+00:00","twitter_card":"summary_large_image","twitter_misc":{"Ansl. lesetid":"1 minutt"},"schema":{"@context":"https:\/\/schema.org","@graph":[{"@type":"WebPage","@id":"https:\/\/usa-b2.com\/no\/juridisk-varsel\/","url":"https:\/\/usa-b2.com\/no\/juridisk-varsel\/","name":"usa-b2.com juridisk merknad - USA B2","isPartOf":{"@id":"https:\/\/usa-b2.com\/no\/#website"},"datePublished":"2024-02-10T17:03:45+00:00","dateModified":"2025-02-06T10:22:13+00:00","description":"Juridisk informasjon for nettstedet usa-b2.com","breadcrumb":{"@id":"https:\/\/usa-b2.com\/no\/juridisk-varsel\/#breadcrumb"},"inLanguage":"nb-NO","potentialAction":[{"@type":"ReadAction","target":["https:\/\/usa-b2.com\/no\/juridisk-varsel\/"]}]},{"@type":"BreadcrumbList","@id":"https:\/\/usa-b2.com\/no\/juridisk-varsel\/#breadcrumb","itemListElement":[{"@type":"ListItem","position":1,"name":"Accueil","item":"https:\/\/usa-b2.com\/no\/guide-roadtrips\/"},{"@type":"ListItem","position":2,"name":"usa-b2.com juridisk merknad"}]},{"@type":"WebSite","@id":"https:\/\/usa-b2.com\/no\/#website","url":"https:\/\/usa-b2.com\/no\/","name":"USA B2 VISA","description":"","potentialAction":[{"@type":"SearchAction","target":{"@type":"EntryPoint","urlTemplate":"https:\/\/usa-b2.com\/no\/?s={search_term_string}"},"query-input":{"@type":"PropertyValueSpecification","valueRequired":true,"valueName":"search_term_string"}}],"inLanguage":"nb-NO"}]}},"_links":{"self":[{"href":"https:\/\/usa-b2.com\/no\/wp-json\/wp\/v2\/pages\/2082","targetHints":{"allow":["GET"]}}],"collection":[{"href":"https:\/\/usa-b2.com\/no\/wp-json\/wp\/v2\/pages"}],"about":[{"href":"https:\/\/usa-b2.com\/no\/wp-json\/wp\/v2\/types\/page"}],"author":[{"embeddable":true,"href":"https:\/\/usa-b2.com\/no\/wp-json\/wp\/v2\/users\/1"}],"replies":[{"embeddable":true,"href":"https:\/\/usa-b2.com\/no\/wp-json\/wp\/v2\/comments?post=2082"}],"version-history":[{"count":0,"href":"https:\/\/usa-b2.com\/no\/wp-json\/wp\/v2\/pages\/2082\/revisions"}],"wp:attachment":[{"href":"https:\/\/usa-b2.com\/no\/wp-json\/wp\/v2\/media?parent=2082"}],"curies":[{"name":"wp","href":"https:\/\/api.w.org\/{rel}","templated":true}]}}