{"id":2074,"date":"2024-02-10T17:10:38","date_gmt":"2024-02-10T17:10:38","guid":{"rendered":"https:\/\/usa-b2.com\/besoksvisum-usa\/"},"modified":"2025-10-13T14:26:48","modified_gmt":"2025-10-13T14:26:48","slug":"besoksvisum-usa","status":"publish","type":"page","link":"https:\/\/usa-b2.com\/no\/besoksvisum-usa\/","title":{"rendered":"Bes\u00f8ksvisum for reiser til USA"},"content":{"rendered":"\n<h1 class=\"wp-block-heading\">Bes\u00f8ksvisum til USA<\/h1>\n\n<h2 class=\"wp-block-heading\">Hva er et bes\u00f8ksvisum til USA?<\/h2>\n\n<p>Et amerikansk bes\u00f8ksvisum gir utenlandske statsborgere rett til \u00e5 oppholde seg i USA i en begrenset periode: den f\u00f8rste oppholdsperioden er begrenset til 6 m\u00e5neder. Bes\u00f8ksvisum kan fornyes flere ganger.   <\/p>\n\n<p>Det finnes to typer bes\u00f8ksvisum, avhengig av form\u00e5let med bes\u00f8ket:<\/p>\n\n<ul class=\"wp-block-list\">\n<li><a href=\"https:\/\/usa-b2.com\/no\/b1-visum-usa\/\">B1-visumet<\/a> er et visum for \u00e5 gj\u00f8re forretninger i USA.<\/li>\n\n\n\n<li><a href=\"https:\/\/usa-b2.com\/no\/visum-b2\/\">B2-visumet<\/a> er et turistvisum som gir deg mulighet til \u00e5 bes\u00f8ke venner eller familie i USA.<\/li>\n<\/ul>\n\n<div style=\"height:10px\" aria-hidden=\"true\" class=\"wp-block-spacer\"><\/div>\n\n<h2 class=\"wp-block-heading\">Hva er forskjellene mellom B1- og B2-visum?<\/h2>\n\n<p>Hovedforskjellen mellom de to visumene er form\u00e5let med oppholdet: B1-visumet utstedes av yrkesmessige \u00e5rsaker, mens B2-visumet er for turist- og familieopphold i USA.  <\/p>\n\n<p>For \u00f8vrig er de to visumene i kategori B ganske like. De utstedes for en periode p\u00e5 seks m\u00e5neder, med mulighet for forlengelse i inntil ett \u00e5r. Det er ingen begrensning p\u00e5 antall visumfornyelser.  <\/p>\n\n<h2 class=\"wp-block-heading\">Hvilke aktiviteter er forbudt p\u00e5 et B1\/B2-visum?<\/h2>\n\n<p>Innehavere av et B1\/B2-visum kan reise til USA, men visse aktiviteter er forbudt. F\u00f8lgende er de viktigste aktivitetene som er forbudt for innehavere av et B1\/B2-visum: <\/p>\n\n<ul class=\"wp-block-list\">\n<li>Han kan ikke jobbe i USA;<\/li>\n\n\n\n<li>Han kan ikke bli student;<\/li>\n\n\n\n<li>Han kan ikke g\u00e5 om bord som besetningsmedlem p\u00e5 et fly eller skip;<\/li>\n\n\n\n<li>Han kan ikke fors\u00f8ke \u00e5 f\u00e5 permanent oppholdstillatelse i USA.<\/li>\n<\/ul>\n\n<div style=\"height:10px\" aria-hidden=\"true\" class=\"wp-block-spacer\"><\/div>\n\n<h2 class=\"wp-block-heading\">Hvordan s\u00f8ker jeg om et B1\/B2-visum?<\/h2>\n\n<p><a href=\"https:\/\/usa-b2.com\/fr\/procedure-demande-visa-b2\/\">Visums\u00f8knadsprosedyren<\/a> utf\u00f8res hovedsakelig p\u00e5 nettet. Prosessen best\u00e5r av fem trinn i f\u00f8lgende rekkef\u00f8lge:<\/p>\n\n<ol class=\"wp-block-list\">\n<li>Fyll ut <a href=\"https:\/\/usa-b2.com\/fr\/ds-160\/\">skjema DS-160<\/a> p\u00e5 nettet for \u00e5 starte prosedyren.<\/li>\n\n\n\n<li>Betal <a href=\"https:\/\/usa-b2.com\/fr\/frais-visa-b2-usa\/\">visumgebyret<\/a> for \u00e5 bekrefte visums\u00f8knaden.<\/li>\n\n\n\n<li>Avtale tid for et <a href=\"https:\/\/usa-b2.com\/no\/utnevnelse-av-usas-ambassade\/\">visumintervju p\u00e5 ambassaden<\/a><\/li>\n\n\n\n<li>Samle inn alle underlagsdokumentene for visums\u00f8knaden.<\/li>\n\n\n\n<li>Delta i intervjuet for \u00e5 f\u00e5 visum p\u00e5 <a href=\"https:\/\/usa-b2.com\/fr\/passeport-pour-voyager-aux-usa\/\">passet for \u00e5 reise til USA.<\/a><\/li>\n<\/ol>\n\n<div style=\"height:10px\" aria-hidden=\"true\" class=\"wp-block-spacer\"><\/div>\n\n<h2 class=\"wp-block-heading\">Varighet og gyldighet for B1\/B2-visumet<\/h2>\n\n<p>B1\/B2-visumet kan v\u00e6re gyldig i opptil <strong>10 \u00e5r<\/strong>, og individuelle opphold er vanligvis begrenset til maksimalt <strong>6 m\u00e5neder<\/strong> per innreise. Den n\u00f8yaktige varigheten avgj\u00f8res av immigrasjonsmyndighetene n\u00e5r du ankommer USA. <\/p>\n\n<h2 class=\"wp-block-heading\">Ofte stilte sp\u00f8rsm\u00e5l om B1\/B2-visum<\/h2>\n\n<h3 class=\"wp-block-heading\">Hvor lang tid tar det \u00e5 f\u00e5 et B1\/B2-visum?<\/h3>\n\n<p>Behandlingstiden varierer, men tar vanligvis mellom 2 og 8 uker etter intervjuet.<\/p>\n\n<h3 class=\"wp-block-heading\">Kan jeg jobbe i USA p\u00e5 et B1\/B2-visum?<\/h3>\n\n<p>B1\/B2-visumet gir deg ikke rett til \u00e5 jobbe i USA. Du m\u00e5 s\u00f8ke om et arbeidsvisum hvis du \u00f8nsker \u00e5 ta l\u00f8nnet arbeid.  <\/p>\n\n<h3 class=\"wp-block-heading\">Hva gj\u00f8r du hvis du f\u00e5r avslag?<\/h3>\n\n<p>Hvis du f\u00e5r avslag p\u00e5 s\u00f8knaden din, vil du motta et brev med en begrunnelse. Du kan rette opp svakhetene i s\u00f8knaden din og sende inn en ny s\u00f8knad. <\/p>\n\n<h3 class=\"wp-block-heading\">Kan jeg forlenge oppholdet mitt p\u00e5 et B1\/B2-visum?<\/h3>\n\n<p>Ja, du kan s\u00f8ke om forlengelse av oppholdet hvis du allerede befinner deg i USA. S\u00f8knaden m\u00e5 sendes til <strong>USCIS (United States Citizenship and Immigration Services)<\/strong> f\u00f8r utl\u00f8pet av den autoriserte perioden din. Du m\u00e5 legge frem en solid begrunnelse, for eksempel gyldige grunner til \u00e5 bli lenger og bevis p\u00e5 dine \u00f8konomiske ressurser.  <\/p>\n\n<h3 class=\"wp-block-heading\">Garanterer B1\/B2-visumet innreise til USA?<\/h3>\n\n<p>Et B1\/B2-visum gir deg rett til \u00e5 <strong>reise<\/strong> til <strong>USA<\/strong>, men innreise avgj\u00f8res av immigrasjonsoffiseren ved grenseovergangen. Denne betjenten kan nekte deg innreise hvis det er tvil om intensjonene dine, eller hvis dokumentene dine ikke er i orden.  <\/p>\n\n<h3 class=\"wp-block-heading\">Kan jeg ta med meg familien min p\u00e5 et B1\/B2-visum?<\/h3>\n\n<p>Ja, men hvert familiemedlem, inkludert barn, m\u00e5 s\u00f8ke om og f\u00e5 sitt eget B1\/B2-visum.<\/p>\n","protected":false},"excerpt":{"rendered":"<p>Bes\u00f8ksvisum til USA Hva er et bes\u00f8ksvisum til USA? Et amerikansk bes\u00f8ksvisum gir utenlandske statsborgere rett til \u00e5 oppholde seg i USA i en begrenset periode: den f\u00f8rste oppholdsperioden er begrenset til 6 m\u00e5neder. Bes\u00f8ksvisum kan fornyes flere ganger. Det finnes to typer bes\u00f8ksvisum, avhengig av form\u00e5let med bes\u00f8ket: Hva er forskjellene mellom B1- og [&hellip;]<\/p>\n","protected":false},"author":1,"featured_media":0,"parent":0,"menu_order":0,"comment_status":"closed","ping_status":"closed","template":"","meta":{"footnotes":""},"class_list":["post-2074","page","type-page","status-publish","hentry"],"yoast_head":"<!-- This site is optimized with the Yoast SEO plugin v27.0 - https:\/\/yoast.com\/product\/yoast-seo-wordpress\/ -->\n<title>Bes\u00f8ksvisum for reiser til USA - USA B2<\/title>\n<meta name=\"description\" content=\"Slik skaffer du deg et amerikansk bes\u00f8ksvisum p\u00e5 nettet for \u00e5 oppholde deg i USA i flere m\u00e5neder p\u00e5 stedet\" \/>\n<meta name=\"robots\" content=\"index, follow, max-snippet:-1, max-image-preview:large, max-video-preview:-1\" \/>\n<link rel=\"canonical\" href=\"https:\/\/usa-b2.com\/no\/besoksvisum-usa\/\" \/>\n<meta property=\"og:locale\" content=\"nb_NO\" \/>\n<meta property=\"og:type\" content=\"article\" \/>\n<meta property=\"og:title\" content=\"Bes\u00f8ksvisum for reiser til USA - USA B2\" \/>\n<meta property=\"og:description\" content=\"Slik skaffer du deg et amerikansk bes\u00f8ksvisum p\u00e5 nettet for \u00e5 oppholde deg i USA i flere m\u00e5neder p\u00e5 stedet\" \/>\n<meta property=\"og:url\" content=\"https:\/\/usa-b2.com\/no\/besoksvisum-usa\/\" \/>\n<meta property=\"og:site_name\" content=\"USA B2\" \/>\n<meta property=\"article:modified_time\" content=\"2025-10-13T14:26:48+00:00\" \/>\n<meta name=\"twitter:card\" content=\"summary_large_image\" \/>\n<meta name=\"twitter:label1\" content=\"Ansl. lesetid\" \/>\n\t<meta name=\"twitter:data1\" content=\"3 minutter\" \/>\n<script type=\"application\/ld+json\" class=\"yoast-schema-graph\">{\"@context\":\"https:\/\/schema.org\",\"@graph\":[{\"@type\":\"WebPage\",\"@id\":\"https:\/\/usa-b2.com\/no\/besoksvisum-usa\/\",\"url\":\"https:\/\/usa-b2.com\/no\/besoksvisum-usa\/\",\"name\":\"Bes\u00f8ksvisum for reiser til USA - USA B2\",\"isPartOf\":{\"@id\":\"https:\/\/usa-b2.com\/no\/#website\"},\"datePublished\":\"2024-02-10T17:10:38+00:00\",\"dateModified\":\"2025-10-13T14:26:48+00:00\",\"description\":\"Slik skaffer du deg et amerikansk bes\u00f8ksvisum p\u00e5 nettet for \u00e5 oppholde deg i USA i flere m\u00e5neder p\u00e5 stedet\",\"breadcrumb\":{\"@id\":\"https:\/\/usa-b2.com\/no\/besoksvisum-usa\/#breadcrumb\"},\"inLanguage\":\"nb-NO\",\"potentialAction\":[{\"@type\":\"ReadAction\",\"target\":[\"https:\/\/usa-b2.com\/no\/besoksvisum-usa\/\"]}]},{\"@type\":\"BreadcrumbList\",\"@id\":\"https:\/\/usa-b2.com\/no\/besoksvisum-usa\/#breadcrumb\",\"itemListElement\":[{\"@type\":\"ListItem\",\"position\":1,\"name\":\"Accueil\",\"item\":\"https:\/\/usa-b2.com\/no\/guide-roadtrips\/\"},{\"@type\":\"ListItem\",\"position\":2,\"name\":\"Bes\u00f8ksvisum for reiser til USA\"}]},{\"@type\":\"WebSite\",\"@id\":\"https:\/\/usa-b2.com\/no\/#website\",\"url\":\"https:\/\/usa-b2.com\/no\/\",\"name\":\"USA B2 VISA\",\"description\":\"\",\"potentialAction\":[{\"@type\":\"SearchAction\",\"target\":{\"@type\":\"EntryPoint\",\"urlTemplate\":\"https:\/\/usa-b2.com\/no\/?s={search_term_string}\"},\"query-input\":{\"@type\":\"PropertyValueSpecification\",\"valueRequired\":true,\"valueName\":\"search_term_string\"}}],\"inLanguage\":\"nb-NO\"}]}<\/script>\n<!-- \/ Yoast SEO plugin. -->","yoast_head_json":{"title":"Bes\u00f8ksvisum for reiser til USA - USA B2","description":"Slik skaffer du deg et amerikansk bes\u00f8ksvisum p\u00e5 nettet for \u00e5 oppholde deg i USA i flere m\u00e5neder p\u00e5 stedet","robots":{"index":"index","follow":"follow","max-snippet":"max-snippet:-1","max-image-preview":"max-image-preview:large","max-video-preview":"max-video-preview:-1"},"canonical":"https:\/\/usa-b2.com\/no\/besoksvisum-usa\/","og_locale":"nb_NO","og_type":"article","og_title":"Bes\u00f8ksvisum for reiser til USA - USA B2","og_description":"Slik skaffer du deg et amerikansk bes\u00f8ksvisum p\u00e5 nettet for \u00e5 oppholde deg i USA i flere m\u00e5neder p\u00e5 stedet","og_url":"https:\/\/usa-b2.com\/no\/besoksvisum-usa\/","og_site_name":"USA B2","article_modified_time":"2025-10-13T14:26:48+00:00","twitter_card":"summary_large_image","twitter_misc":{"Ansl. lesetid":"3 minutter"},"schema":{"@context":"https:\/\/schema.org","@graph":[{"@type":"WebPage","@id":"https:\/\/usa-b2.com\/no\/besoksvisum-usa\/","url":"https:\/\/usa-b2.com\/no\/besoksvisum-usa\/","name":"Bes\u00f8ksvisum for reiser til USA - USA B2","isPartOf":{"@id":"https:\/\/usa-b2.com\/no\/#website"},"datePublished":"2024-02-10T17:10:38+00:00","dateModified":"2025-10-13T14:26:48+00:00","description":"Slik skaffer du deg et amerikansk bes\u00f8ksvisum p\u00e5 nettet for \u00e5 oppholde deg i USA i flere m\u00e5neder p\u00e5 stedet","breadcrumb":{"@id":"https:\/\/usa-b2.com\/no\/besoksvisum-usa\/#breadcrumb"},"inLanguage":"nb-NO","potentialAction":[{"@type":"ReadAction","target":["https:\/\/usa-b2.com\/no\/besoksvisum-usa\/"]}]},{"@type":"BreadcrumbList","@id":"https:\/\/usa-b2.com\/no\/besoksvisum-usa\/#breadcrumb","itemListElement":[{"@type":"ListItem","position":1,"name":"Accueil","item":"https:\/\/usa-b2.com\/no\/guide-roadtrips\/"},{"@type":"ListItem","position":2,"name":"Bes\u00f8ksvisum for reiser til USA"}]},{"@type":"WebSite","@id":"https:\/\/usa-b2.com\/no\/#website","url":"https:\/\/usa-b2.com\/no\/","name":"USA B2 VISA","description":"","potentialAction":[{"@type":"SearchAction","target":{"@type":"EntryPoint","urlTemplate":"https:\/\/usa-b2.com\/no\/?s={search_term_string}"},"query-input":{"@type":"PropertyValueSpecification","valueRequired":true,"valueName":"search_term_string"}}],"inLanguage":"nb-NO"}]}},"_links":{"self":[{"href":"https:\/\/usa-b2.com\/no\/wp-json\/wp\/v2\/pages\/2074","targetHints":{"allow":["GET"]}}],"collection":[{"href":"https:\/\/usa-b2.com\/no\/wp-json\/wp\/v2\/pages"}],"about":[{"href":"https:\/\/usa-b2.com\/no\/wp-json\/wp\/v2\/types\/page"}],"author":[{"embeddable":true,"href":"https:\/\/usa-b2.com\/no\/wp-json\/wp\/v2\/users\/1"}],"replies":[{"embeddable":true,"href":"https:\/\/usa-b2.com\/no\/wp-json\/wp\/v2\/comments?post=2074"}],"version-history":[{"count":2,"href":"https:\/\/usa-b2.com\/no\/wp-json\/wp\/v2\/pages\/2074\/revisions"}],"predecessor-version":[{"id":10203,"href":"https:\/\/usa-b2.com\/no\/wp-json\/wp\/v2\/pages\/2074\/revisions\/10203"}],"wp:attachment":[{"href":"https:\/\/usa-b2.com\/no\/wp-json\/wp\/v2\/media?parent=2074"}],"curies":[{"name":"wp","href":"https:\/\/api.w.org\/{rel}","templated":true}]}}