{"id":2061,"date":"2024-02-05T18:28:26","date_gmt":"2024-02-05T18:28:26","guid":{"rendered":"https:\/\/usa-b2.com\/visum-b2\/"},"modified":"2025-09-13T09:22:12","modified_gmt":"2025-09-13T09:22:12","slug":"visum-b2","status":"publish","type":"page","link":"https:\/\/usa-b2.com\/no\/visum-b2\/","title":{"rendered":"Amerikansk B2-visum"},"content":{"rendered":"\n<h1 class=\"wp-block-heading\">Amerikansk B2-visum for bes\u00f8k til USA<\/h1>\n\n<p>B2-visumet er et av de viktigste amerikanske visumene som utenlandske statsborgere som \u00f8nsker \u00e5 bes\u00f8ke USA, s\u00f8ker om hvert \u00e5r.<\/p>\n\n<h2 class=\"wp-block-heading\">Hva er det amerikanske B2-visumet?<\/h2>\n\n<p>B2-visumet er et turistvisum til USA som ogs\u00e5 gir deg mulighet til \u00e5 bes\u00f8ke n\u00e6re venner og familie. B2-visumet gj\u00f8r det ogs\u00e5 mulig \u00e5 oppholde seg i USA for medisinsk behandling eller for \u00e5 delta i sosiale aktiviteter. Det gir deg ikke rett til \u00e5 arbeide i USA. S\u00f8kere m\u00e5 bevise at de har til hensikt \u00e5 returnere til hjemlandet etter det midlertidige oppholdet.   <\/p>\n\n<p><strong>For turistopphold p\u00e5 under 90 dager<\/strong>: Du trenger ikke \u00e5 <a href=\"https:\/\/usa-b2.com\/no\/b2-visumskjema-on-line\/\">s\u00f8ke om B2-visum<\/a> hvis landet ditt er medlem av <a href=\"https:\/\/usa-b2.com\/no\/visumfritak-programmet\/\">Visa Waiver Program<\/a>. Du kan s\u00f8ke om ESTA p\u00e5 bare noen f\u00e5 minutter ved \u00e5 klikke p\u00e5 <a href=\"https:\/\/usa-b2.com\/no\/esta-skjemaet-pa-nettet\/\">ESTA-skjemaet p\u00e5 nettet<\/a>.<\/p>\n\n<div style=\"height:10px\" aria-hidden=\"true\" class=\"wp-block-spacer\"><\/div>\n\n<p><strong>V\u00e6r oppmerksom p\u00e5 dette<\/strong>: <a href=\"https:\/\/usa-b2.com\/no\/forskjellen-mellom-visum-og-esta\/\">ESTA er ikke et visum<\/a>. En ESTA-autorisasjon gir deg ikke de samme rettighetene som et <a href=\"https:\/\/usa-b2.com\/no\/us-b1-b2-visum\/\">b1\/b2-visum<\/a>. <\/p>\n\n<h2 class=\"wp-block-heading\">Hva er kriteriene for \u00e5 f\u00e5 et B2-visum?<\/h2>\n\n<p>De viktigste kravene for \u00e5 f\u00e5 et B2-visum for \u00e5 bes\u00f8ke USA er :<\/p>\n\n<ol class=\"wp-block-list\">\n<li>Midlertidig opphold i USA<\/li>\n\n\n\n<li>Form\u00e5let med oppholdet m\u00e5 v\u00e6re kvalifisert for et B2-visum<\/li>\n\n\n\n<li>Har de \u00f8konomiske midlene som er n\u00f8dvendige for et opphold i USA.<\/li>\n<\/ol>\n\n<div style=\"height:20px\" aria-hidden=\"true\" class=\"wp-block-spacer\"><\/div>\n\n<h3 class=\"wp-block-heading\">1. Midlertidig opphold i USA<\/h3>\n\n<p>For \u00e5 f\u00e5 et B2-visum m\u00e5 s\u00f8keren vise at han eller hun har til hensikt \u00e5 oppholde seg midlertidig i USA. De m\u00e5 bevise at de har en sterk tilknytning til hjemlandet som gj\u00f8r at de \u00f8nsker \u00e5 returnere dit etter endt opphold. <\/p>\n\n<h3 class=\"wp-block-heading\">2. Hva er de kvalifiserte grunnene til opphold?<\/h3>\n\n<p>Her er en liste over \u00e5rsaker til at en kandidat kan s\u00f8ke om B2-visum:<\/p>\n\n<ul class=\"wp-block-list\">\n<li>Turisme i USA<\/li>\n\n\n\n<li>Bes\u00f8ke venner og familie<\/li>\n\n\n\n<li>Delta i vennskapelige eller sosiale arrangementer<\/li>\n\n\n\n<li>Innhenting av medisinsk behandling<\/li>\n\n\n\n<li>Delta i sports- eller musikkarrangementer uten godtgj\u00f8relse.<\/li>\n\n\n\n<li>Delta i l\u00e6rlingplasser uten studiepoeng.<\/li>\n<\/ul>\n\n<div style=\"height:10px\" aria-hidden=\"true\" class=\"wp-block-spacer\"><\/div>\n\n<p>For opphold av forretningsmessige eller yrkesmessige \u00e5rsaker m\u00e5 du s\u00f8ke om et <a href=\"https:\/\/usa-b2.com\/no\/b1-visum-usa\/\">forretningsvisum av typen B1<\/a> eller et annet visum som tilsvarer form\u00e5let med oppholdet. Det finnes et stort antall forskjellige amerikanske visum, avhengig av form\u00e5let med oppholdet. Det finnes til og med et eget <a href=\"https:\/\/usa-b2.com\/no\/transittvisum-usa\/\">visum for transitt gjennom USA<\/a>.<\/p>\n\n<h3 class=\"wp-block-heading\">3. Ha tilstrekkelige \u00f8konomiske ressurser for oppholdet<\/h3>\n\n<p>N\u00e5r du s\u00f8ker om B2-visum, m\u00e5 du bevise at du har tilstrekkelige \u00f8konomiske ressurser til \u00e5 dekke kostnadene ved oppholdet i USA.<\/p>\n\n<h2 class=\"wp-block-heading\">Hvem kan s\u00f8ke om et B2-visum?<\/h2>\n\n<p>Her finner du mer spesifikk informasjon om statsborgere fra visse land som er kvalifisert for B2-visum:<\/p>\n\n<ul class=\"wp-block-list\">\n<li><a href=\"https:\/\/usa-b2.com\/no\/visum-b2-for-franske\/\">B2-visum for franske statsborgere<\/a><\/li>\n\n\n\n<li><a href=\"https:\/\/usa-b2.com\/no\/b2-visum-for-italiener\/\">B2-visum for italienere<\/a><\/li>\n\n\n\n<li><a href=\"https:\/\/usa-b2.com\/no\/b2-visum-for-tyskere\/\">B2-visum for tyskere<\/a><\/li>\n\n\n\n<li><a href=\"https:\/\/usa-b2.com\/no\/b2-visum-for-meksikaner\/\">B2-visum for meksikanere<\/a><\/li>\n\n\n\n<li><a href=\"https:\/\/usa-b2.com\/no\/visum-b1-b2-for-brasilianske\/\">B2-visum for brasilianere<\/a><\/li>\n\n\n\n<li>B2-visum for spanske statsborgere<\/li>\n<\/ul>\n\n<div style=\"height:10px\" aria-hidden=\"true\" class=\"wp-block-spacer\"><\/div>\n\n<h2 class=\"wp-block-heading\">Hvordan s\u00f8ker jeg om B2-visum?<\/h2>\n\n<p><a href=\"https:\/\/usa-b2.com\/no\/visa-b2-visumsoknadsprosedyre\/\">S\u00f8knadsprosedyren for B2-visum<\/a> innledes p\u00e5 nettet. Den dekker f\u00f8lgende faser:<\/p>\n\n<ol class=\"wp-block-list\">\n<li>Fyll ut <a href=\"https:\/\/usa-b2.com\/no\/ds-160\/\">B2-visumskjemaet<\/a> p\u00e5 nettet<\/li>\n\n\n\n<li>Betal <a href=\"https:\/\/usa-b2.com\/no\/b2-usa-visumavgifter\/\">B2-visumgebyret<\/a> p\u00e5 nettet for \u00e5 bekrefte s\u00f8knaden din.<\/li>\n\n\n\n<li>Avtale et <a href=\"https:\/\/usa-b2.com\/no\/utnevnelse-av-usas-ambassade\/\">visumintervju p\u00e5 ambassaden<\/a><\/li>\n\n\n\n<li>Forbered alle dokumentene du trenger til visums\u00f8knaden.<\/li>\n\n\n\n<li>Delta p\u00e5 visumintervjuet.<\/li>\n<\/ol>\n\n<div style=\"height:10px\" aria-hidden=\"true\" class=\"wp-block-spacer\"><\/div>\n\n<p>Visumet vil bli lagt til i <a href=\"https:\/\/usa-b2.com\/no\/pass-reise-usa\/\">passet som brukes til \u00e5 reise til USA<\/a>.<\/p>\n\n<h2 class=\"wp-block-heading\">Hvor mye koster et B2-visum?<\/h2>\n\n<p>N\u00e5r du s\u00f8ker om turistvisum, koster det 185 USD <a href=\"https:\/\/usa-b2.com\/no\/b2-usa-visumavgifter\/\">for et B2-visum p\u00e5 nett<\/a>. Avhengig av s\u00f8kerens statsborgerskap kan det p\u00e5l\u00f8pe ytterligere gebyrer. N\u00e5r utenlandske myndigheter p\u00e5legger gebyrer, krever USA tilsvarende gebyrer for borgere i det aktuelle landet for en B2-visums\u00f8knad.<\/p>\n\n<p>N\u00e5r visumgebyret er betalt, m\u00e5 s\u00f8keren ta vare p\u00e5 kvitteringen for betalingen og legge den ved dokumentasjonen som skal legges frem ved <a href=\"https:\/\/usa-b2.com\/no\/utnevnelse-av-usas-ambassade\/\">visumbes\u00f8ket p\u00e5 ambassaden<\/a>.<\/p>\n\n<h2 class=\"wp-block-heading\">Hvor lang tid tar det \u00e5 f\u00e5 et B2-visum?<\/h2>\n\n<p>Det tar minst noen uker \u00e5 behandle en visums\u00f8knad. Denne perioden avhenger av antall s\u00f8knader som behandles av den amerikanske konsul\u00e6rmyndigheten i s\u00f8kerens hjemland.   <\/p>\n\n<p>Tidsbruken varierer ogs\u00e5 betydelig, avhengig av hvor raskt s\u00f8keren er i stand til \u00e5 gi tilleggsinformasjon og organisere en <a href=\"https:\/\/usa-b2.com\/no\/amerikanske-ambassade\/\">avtale p\u00e5 den amerikanske ambassaden<\/a>.<\/p>\n\n<h2 class=\"wp-block-heading\">Hvor lenge er B2-visumet gyldig?<\/h2>\n\n<p>Den opprinnelige varigheten av et B2-visum er 6 m\u00e5neder. For \u00e5 forlenge visumets varighet m\u00e5 visuminnehaveren s\u00f8ke om forlengelse i ytterligere 6 m\u00e5neder. Du kan bare be om forlengelse etter 3 m\u00e5neder og senest 42 dager f\u00f8r visumet utl\u00f8per.  <\/p>\n\n<h2 class=\"wp-block-heading\">Hvordan ser et B2-visum ut?<\/h2>\n\n<p>Her er et bilde av et B2-visumeksemplar for \u00e5 se hvordan det ser ut. Dette bildet viser ogs\u00e5 m\u00e5lene som kreves for passbildet p\u00e5 visumet. <\/p>\n\n<figure class=\"wp-block-image size-full\"><img fetchpriority=\"high\" decoding=\"async\" width=\"760\" height=\"468\" src=\"https:\/\/usa-b2.com\/wp-content\/uploads\/2024\/02\/Visa-b2.webp\" alt=\"B2-visum med bilde\" class=\"wp-image-1072\" srcset=\"https:\/\/usa-b2.com\/wp-content\/uploads\/2024\/02\/Visa-b2.webp 760w, https:\/\/usa-b2.com\/wp-content\/uploads\/2024\/02\/Visa-b2-300x185.webp 300w\" sizes=\"(max-width: 760px) 100vw, 760px\" \/><figcaption class=\"wp-element-caption\">Bilde av et B2-visum til USA<\/figcaption><\/figure>\n\n<h2 class=\"wp-block-heading\">Er det mulig \u00e5 f\u00e5 Green Card med et B2-visum?<\/h2>\n\n<p>Det er generelt vanskelig \u00e5 f\u00e5 et gr\u00f8nt kort direkte fra et B2-visum. B2-visumet er et midlertidig bes\u00f8ksvisum. For \u00e5 endre status og f\u00e5 permanent oppholdstillatelse m\u00e5 du f\u00f8lge en bestemt prosedyre som for eksempel kan omfatte :  <\/p>\n\n<ul class=\"wp-block-list\">\n<li>Ekteskap med en amerikansk statsborger ;<\/li>\n\n\n\n<li>Et kvalifisert jobbtilbud ;<\/li>\n\n\n\n<li>Familiefadderskap.<\/li>\n<\/ul>\n\n<div style=\"height:10px\" aria-hidden=\"true\" class=\"wp-block-spacer\"><\/div>\n\n<h2 class=\"wp-block-heading\">Hva er de viktigste reisem\u00e5lene som er tilgjengelige med et B2-visum i USA?<\/h2>\n\n<p>B2-visumet tillater utenlandske reisende \u00e5 oppholde seg hvor som helst i USA. Hvis du vil vite mer, kan du ta en titt p\u00e5 spesifikk informasjon om <a href=\"https:\/\/usa-b2.com\/no\/visum-til-new-york\/\">visum til New York<\/a>. P\u00e5 nord\u00f8stkysten av USA bruker mange reisende ogs\u00e5 et <a href=\"https:\/\/usa-b2.com\/no\/visum-til-washington\/\">Washington-visum<\/a> for \u00e5 komme inn i landet. Informasjon om hvordan du skaffer <a href=\"https:\/\/usa-b2.com\/no\/visum-til-boston\/\">visum til Boston<\/a> eller reiser p\u00e5 <a href=\"https:\/\/usa-b2.com\/no\/visum-chicago\/\">visum til Chicago<\/a> er ogs\u00e5 sv\u00e6rt nyttig.   <\/p>\n\n<p>Hvis du reiser til vestkysten som turist, trenger du <a href=\"https:\/\/usa-b2.com\/no\/visum-san-francisco\/\">visum til San Francisco.<\/a> Hvis du reiser lenger nord, trenger du <a href=\"https:\/\/usa-b2.com\/no\/visum-los-angeles\/\">visum til Los Angeles<\/a>.  Hvis du planlegger en tur til Nevada-\u00f8rkenen, kan du se v\u00e5r informasjon om <a href=\"https:\/\/usa-b2.com\/no\/visum-las-vegas\/\">visum til Las Vegas<\/a>.<\/p>\n\n<p>Det andre store turistm\u00e5let i USA er s\u00f8r p\u00e5 \u00f8stkysten. Skaff deg <a href=\"https:\/\/usa-b2.com\/no\/visum-miami\/\">visum til Miami<\/a> for \u00e5 oppdage Florida i USA.<\/p>\n","protected":false},"excerpt":{"rendered":"<p>Amerikansk B2-visum for bes\u00f8k til USA B2-visumet er et av de viktigste amerikanske visumene som utenlandske statsborgere som \u00f8nsker \u00e5 bes\u00f8ke USA, s\u00f8ker om hvert \u00e5r. Hva er det amerikanske B2-visumet? B2-visumet er et turistvisum til USA som ogs\u00e5 gir deg mulighet til \u00e5 bes\u00f8ke n\u00e6re venner og familie. B2-visumet gj\u00f8r det ogs\u00e5 mulig \u00e5 [&hellip;]<\/p>\n","protected":false},"author":1,"featured_media":0,"parent":0,"menu_order":0,"comment_status":"closed","ping_status":"closed","template":"","meta":{"footnotes":""},"class_list":["post-2061","page","type-page","status-publish","hentry"],"yoast_head":"<!-- This site is optimized with the Yoast SEO plugin v27.4 - https:\/\/yoast.com\/product\/yoast-seo-wordpress\/ -->\n<title>Amerikansk B2-visum - USA B2<\/title>\n<meta name=\"description\" content=\"Slik s\u00f8ker du online om B2-visum for \u00e5 reise til USA. Vi forklarer alt\" \/>\n<meta name=\"robots\" content=\"index, follow, max-snippet:-1, max-image-preview:large, max-video-preview:-1\" \/>\n<link rel=\"canonical\" href=\"https:\/\/usa-b2.com\/no\/visum-b2\/\" \/>\n<meta property=\"og:locale\" content=\"nb_NO\" \/>\n<meta property=\"og:type\" content=\"article\" \/>\n<meta property=\"og:title\" content=\"Amerikansk B2-visum - USA B2\" \/>\n<meta property=\"og:description\" content=\"Slik s\u00f8ker du online om B2-visum for \u00e5 reise til USA. Vi forklarer alt\" \/>\n<meta property=\"og:url\" content=\"https:\/\/usa-b2.com\/no\/visum-b2\/\" \/>\n<meta property=\"og:site_name\" content=\"USA B2\" \/>\n<meta property=\"article:modified_time\" content=\"2025-09-13T09:22:12+00:00\" \/>\n<meta property=\"og:image\" content=\"https:\/\/usa-b2.com\/wp-content\/uploads\/2024\/02\/Visa-b2.webp\" \/>\n\t<meta property=\"og:image:width\" content=\"760\" \/>\n\t<meta property=\"og:image:height\" content=\"468\" \/>\n\t<meta property=\"og:image:type\" content=\"image\/webp\" \/>\n<meta name=\"twitter:card\" content=\"summary_large_image\" \/>\n<meta name=\"twitter:label1\" content=\"Ansl. lesetid\" \/>\n\t<meta name=\"twitter:data1\" content=\"5 minutter\" \/>\n<script type=\"application\/ld+json\" class=\"yoast-schema-graph\">{\"@context\":\"https:\\\/\\\/schema.org\",\"@graph\":[{\"@type\":\"WebPage\",\"@id\":\"https:\\\/\\\/usa-b2.com\\\/no\\\/visum-b2\\\/\",\"url\":\"https:\\\/\\\/usa-b2.com\\\/no\\\/visum-b2\\\/\",\"name\":\"Amerikansk B2-visum - USA B2\",\"isPartOf\":{\"@id\":\"https:\\\/\\\/usa-b2.com\\\/no\\\/#website\"},\"primaryImageOfPage\":{\"@id\":\"https:\\\/\\\/usa-b2.com\\\/no\\\/visum-b2\\\/#primaryimage\"},\"image\":{\"@id\":\"https:\\\/\\\/usa-b2.com\\\/no\\\/visum-b2\\\/#primaryimage\"},\"thumbnailUrl\":\"https:\\\/\\\/usa-b2.com\\\/wp-content\\\/uploads\\\/2024\\\/02\\\/Visa-b2.webp\",\"datePublished\":\"2024-02-05T18:28:26+00:00\",\"dateModified\":\"2025-09-13T09:22:12+00:00\",\"description\":\"Slik s\u00f8ker du online om B2-visum for \u00e5 reise til USA. Vi forklarer alt\",\"breadcrumb\":{\"@id\":\"https:\\\/\\\/usa-b2.com\\\/no\\\/visum-b2\\\/#breadcrumb\"},\"inLanguage\":\"nb-NO\",\"potentialAction\":[{\"@type\":\"ReadAction\",\"target\":[\"https:\\\/\\\/usa-b2.com\\\/no\\\/visum-b2\\\/\"]}]},{\"@type\":\"ImageObject\",\"inLanguage\":\"nb-NO\",\"@id\":\"https:\\\/\\\/usa-b2.com\\\/no\\\/visum-b2\\\/#primaryimage\",\"url\":\"https:\\\/\\\/usa-b2.com\\\/wp-content\\\/uploads\\\/2024\\\/02\\\/Visa-b2.webp\",\"contentUrl\":\"https:\\\/\\\/usa-b2.com\\\/wp-content\\\/uploads\\\/2024\\\/02\\\/Visa-b2.webp\"},{\"@type\":\"BreadcrumbList\",\"@id\":\"https:\\\/\\\/usa-b2.com\\\/no\\\/visum-b2\\\/#breadcrumb\",\"itemListElement\":[{\"@type\":\"ListItem\",\"position\":1,\"name\":\"Accueil\",\"item\":\"https:\\\/\\\/usa-b2.com\\\/no\\\/usa\\\/\"},{\"@type\":\"ListItem\",\"position\":2,\"name\":\"Amerikansk B2-visum\"}]},{\"@type\":\"WebSite\",\"@id\":\"https:\\\/\\\/usa-b2.com\\\/no\\\/#website\",\"url\":\"https:\\\/\\\/usa-b2.com\\\/no\\\/\",\"name\":\"USA B2 VISA\",\"description\":\"\",\"potentialAction\":[{\"@type\":\"SearchAction\",\"target\":{\"@type\":\"EntryPoint\",\"urlTemplate\":\"https:\\\/\\\/usa-b2.com\\\/no\\\/?s={search_term_string}\"},\"query-input\":{\"@type\":\"PropertyValueSpecification\",\"valueRequired\":true,\"valueName\":\"search_term_string\"}}],\"inLanguage\":\"nb-NO\"}]}<\/script>\n<!-- \/ Yoast SEO plugin. -->","yoast_head_json":{"title":"Amerikansk B2-visum - USA B2","description":"Slik s\u00f8ker du online om B2-visum for \u00e5 reise til USA. Vi forklarer alt","robots":{"index":"index","follow":"follow","max-snippet":"max-snippet:-1","max-image-preview":"max-image-preview:large","max-video-preview":"max-video-preview:-1"},"canonical":"https:\/\/usa-b2.com\/no\/visum-b2\/","og_locale":"nb_NO","og_type":"article","og_title":"Amerikansk B2-visum - USA B2","og_description":"Slik s\u00f8ker du online om B2-visum for \u00e5 reise til USA. Vi forklarer alt","og_url":"https:\/\/usa-b2.com\/no\/visum-b2\/","og_site_name":"USA B2","article_modified_time":"2025-09-13T09:22:12+00:00","og_image":[{"width":760,"height":468,"url":"https:\/\/usa-b2.com\/wp-content\/uploads\/2024\/02\/Visa-b2.webp","type":"image\/webp"}],"twitter_card":"summary_large_image","twitter_misc":{"Ansl. lesetid":"5 minutter"},"schema":{"@context":"https:\/\/schema.org","@graph":[{"@type":"WebPage","@id":"https:\/\/usa-b2.com\/no\/visum-b2\/","url":"https:\/\/usa-b2.com\/no\/visum-b2\/","name":"Amerikansk B2-visum - USA B2","isPartOf":{"@id":"https:\/\/usa-b2.com\/no\/#website"},"primaryImageOfPage":{"@id":"https:\/\/usa-b2.com\/no\/visum-b2\/#primaryimage"},"image":{"@id":"https:\/\/usa-b2.com\/no\/visum-b2\/#primaryimage"},"thumbnailUrl":"https:\/\/usa-b2.com\/wp-content\/uploads\/2024\/02\/Visa-b2.webp","datePublished":"2024-02-05T18:28:26+00:00","dateModified":"2025-09-13T09:22:12+00:00","description":"Slik s\u00f8ker du online om B2-visum for \u00e5 reise til USA. Vi forklarer alt","breadcrumb":{"@id":"https:\/\/usa-b2.com\/no\/visum-b2\/#breadcrumb"},"inLanguage":"nb-NO","potentialAction":[{"@type":"ReadAction","target":["https:\/\/usa-b2.com\/no\/visum-b2\/"]}]},{"@type":"ImageObject","inLanguage":"nb-NO","@id":"https:\/\/usa-b2.com\/no\/visum-b2\/#primaryimage","url":"https:\/\/usa-b2.com\/wp-content\/uploads\/2024\/02\/Visa-b2.webp","contentUrl":"https:\/\/usa-b2.com\/wp-content\/uploads\/2024\/02\/Visa-b2.webp"},{"@type":"BreadcrumbList","@id":"https:\/\/usa-b2.com\/no\/visum-b2\/#breadcrumb","itemListElement":[{"@type":"ListItem","position":1,"name":"Accueil","item":"https:\/\/usa-b2.com\/no\/usa\/"},{"@type":"ListItem","position":2,"name":"Amerikansk B2-visum"}]},{"@type":"WebSite","@id":"https:\/\/usa-b2.com\/no\/#website","url":"https:\/\/usa-b2.com\/no\/","name":"USA B2 VISA","description":"","potentialAction":[{"@type":"SearchAction","target":{"@type":"EntryPoint","urlTemplate":"https:\/\/usa-b2.com\/no\/?s={search_term_string}"},"query-input":{"@type":"PropertyValueSpecification","valueRequired":true,"valueName":"search_term_string"}}],"inLanguage":"nb-NO"}]}},"_links":{"self":[{"href":"https:\/\/usa-b2.com\/no\/wp-json\/wp\/v2\/pages\/2061","targetHints":{"allow":["GET"]}}],"collection":[{"href":"https:\/\/usa-b2.com\/no\/wp-json\/wp\/v2\/pages"}],"about":[{"href":"https:\/\/usa-b2.com\/no\/wp-json\/wp\/v2\/types\/page"}],"author":[{"embeddable":true,"href":"https:\/\/usa-b2.com\/no\/wp-json\/wp\/v2\/users\/1"}],"replies":[{"embeddable":true,"href":"https:\/\/usa-b2.com\/no\/wp-json\/wp\/v2\/comments?post=2061"}],"version-history":[{"count":4,"href":"https:\/\/usa-b2.com\/no\/wp-json\/wp\/v2\/pages\/2061\/revisions"}],"predecessor-version":[{"id":9762,"href":"https:\/\/usa-b2.com\/no\/wp-json\/wp\/v2\/pages\/2061\/revisions\/9762"}],"wp:attachment":[{"href":"https:\/\/usa-b2.com\/no\/wp-json\/wp\/v2\/media?parent=2061"}],"curies":[{"name":"wp","href":"https:\/\/api.w.org\/{rel}","templated":true}]}}