{"id":2053,"date":"2024-02-10T17:21:47","date_gmt":"2024-02-10T17:21:47","guid":{"rendered":"https:\/\/usa-b2.com\/b1-visum-usa\/"},"modified":"2025-10-13T13:35:50","modified_gmt":"2025-10-13T13:35:50","slug":"b1-visum-usa","status":"publish","type":"page","link":"https:\/\/usa-b2.com\/no\/b1-visum-usa\/","title":{"rendered":"B1-visum for reiser til USA"},"content":{"rendered":"\n<h1 class=\"wp-block-heading\">Skaffe B1-visum for \u00e5 drive forretningsvirksomhet i USA<\/h1>\n\n<p>B1-visumet er et amerikansk visum for ikke-immigranter. Den gjelder for utenlandske statsborgere som \u00f8nsker \u00e5 reise til USA i forretnings\u00f8yemed. B1-visumet tillater utenlandske statsborgere \u00e5 utf\u00f8re f\u00f8lgende aktiviteter:  <\/p>\n\n<ul class=\"wp-block-list\">\n<li>Investering i USA  <\/li>\n\n\n\n<li>Forhandling av en profesjonell kontrakt<\/li>\n\n\n\n<li>M\u00f8t partnerbedrifter i USA<\/li>\n\n\n\n<li>Deltakelse i faglige arrangementer.<\/li>\n<\/ul>\n\n<div style=\"height:10px\" aria-hidden=\"true\" class=\"wp-block-spacer\"><\/div>\n\n<p><strong>For opphold p\u00e5 mindre enn 90 dager i USA<\/strong>: Det er ikke n\u00f8dvendig \u00e5 f\u00e5 et B1-visum. Alt du trenger \u00e5 gj\u00f8re er \u00e5 skaffe deg en elektronisk ESTA-reisetillatelse ved \u00e5 klikke p\u00e5 det <a href=\"https:\/\/usa-b2.com\/no\/esta-skjemaet-pa-nettet\/\">elektroniske skjemaet<\/a>. <\/p>\n\n<div style=\"height:10px\" aria-hidden=\"true\" class=\"wp-block-spacer\"><\/div>\n\n<h2 class=\"wp-block-heading\">Hva er kriteriene for \u00e5 f\u00e5 B1-visum?<\/h2>\n\n<p>Kriteriene for \u00e5 s\u00f8ke om B1-forretningsvisum er som f\u00f8lger:<\/p>\n\n<ul class=\"wp-block-list\">\n<li>Form\u00e5let med oppholdet m\u00e5 v\u00e6re \u00e5 drive virksomhet i USA.<\/li>\n\n\n\n<li>S\u00f8keren m\u00e5 v\u00e6re i stand til \u00e5 finansiere alle kostnadene ved oppholdet.<\/li>\n\n\n\n<li>S\u00f8kere m\u00e5 ogs\u00e5 dokumentere at de har til hensikt \u00e5 returnere til hjemlandet etter endt opphold. Han kan ikke under noen omstendigheter planlegge \u00e5 bli i USA. <\/li>\n<\/ul>\n\n<div style=\"height:10px\" aria-hidden=\"true\" class=\"wp-block-spacer\"><\/div>\n\n<p>Som en del av visums\u00f8knaden m\u00e5 s\u00f8keren dokumentere at oppholdet oppfyller de fastsatte kriteriene.<\/p>\n\n<h2 class=\"wp-block-heading\">Hvordan s\u00f8ke om B1 visum?<\/h2>\n\n<p>F\u00f8lg trinnene nedenfor for \u00e5 s\u00f8ke om B1-visum p\u00e5 nettet:<\/p>\n\n<ol class=\"wp-block-list\">\n<li>Fyll ut s\u00f8knadsskjemaet for <a href=\"https:\/\/usa-b2.com\/fr\/ds-160\/\">DS 160<\/a> B1-visum p\u00e5 nettet<\/li>\n\n\n\n<li>Betal <a href=\"https:\/\/usa-b2.com\/fr\/frais-visa-b2-usa\/\">visumavgiften<\/a> p\u00e5 nettet for \u00e5 bekrefte s\u00f8knaden.<\/li>\n\n\n\n<li>Avtale et <a href=\"https:\/\/usa-b2.com\/no\/utnevnelse-av-usas-ambassade\/\">visumintervju p\u00e5 ambassaden<\/a><\/li>\n\n\n\n<li>Forbered alle dokumentene du trenger til visums\u00f8knaden.<\/li>\n\n\n\n<li>Delta p\u00e5 visumintervjuet.<\/li>\n<\/ol>\n\n<div style=\"height:10px\" aria-hidden=\"true\" class=\"wp-block-spacer\"><\/div>\n\n<p>Visumet vil bli p\u00e5f\u00f8rt <a href=\"https:\/\/usa-b2.com\/fr\/passeport-pour-voyager-aux-usa\/\">passet som brukes til \u00e5 reise til USA<\/a>.<\/p>\n\n<h2 class=\"wp-block-heading\">Varighet og vilk\u00e5r for B1-visum<\/h2>\n\n<h3 class=\"wp-block-heading\">Gyldighet<\/h3>\n\n<p>B1-visumet er vanligvis gyldig i flere \u00e5r, med flere innreiseperioder. Hvert opphold er imidlertid begrenset til <strong>maksimalt 1 til 6 m\u00e5neder<\/strong>, noe som avgj\u00f8res av immigrasjonsmyndighetene ved ankomst til USA. <\/p>\n\n<h3 class=\"wp-block-heading\">Betingelser<\/h3>\n\n<ul class=\"wp-block-list\">\n<li>B1-visumet gir deg ikke rett til \u00e5 jobbe eller motta l\u00f8nn fra et amerikansk selskap.<\/li>\n\n\n\n<li>Den reisende m\u00e5 forlate USA f\u00f8r utl\u00f8pet av den perioden som er godkjent av immigrasjonsmyndighetene.<\/li>\n<\/ul>\n\n<div style=\"height:10px\" aria-hidden=\"true\" class=\"wp-block-spacer\"><\/div>\n\n<h2 class=\"wp-block-heading\">Fordeler med B1-visum<\/h2>\n\n<ul class=\"wp-block-list\">\n<li><strong>Fleksibilitet<\/strong>: B1-visumet tillater gjentatte opphold i l\u00f8pet av gyldighetsperioden.<\/li>\n\n\n\n<li><strong>Profesjonell tilgang<\/strong>: Ideell for \u00e5 etablere forretningsforbindelser, delta p\u00e5 konferanser eller utforske forretningsmuligheter.<\/li>\n\n\n\n<li><strong>Ikke-restriktivt<\/strong>: Det er ikke knyttet til en bestemt arbeidsgiver, slik et arbeidsvisum er.<\/li>\n<\/ul>\n\n<div style=\"height:10px\" aria-hidden=\"true\" class=\"wp-block-spacer\"><\/div>\n\n<h2 class=\"wp-block-heading\">Vanlige sp\u00f8rsm\u00e5l om B1-visum<\/h2>\n\n<h3 class=\"wp-block-heading\">Kan jeg jobbe i USA p\u00e5 et B1-visum?<\/h3>\n\n<p>B1-visumet gir deg ikke rett til \u00e5 jobbe eller motta l\u00f8nn i USA. Det gir deg bare mulighet til \u00e5 delta i midlertidige yrkesaktiviteter.  <\/p>\n\n<h3 class=\"wp-block-heading\">Kan jeg forlenge oppholdet mitt p\u00e5 et B1-visum?<\/h3>\n\n<p>Ja, du kan be <strong>USCIS<\/strong> om forlengelse f\u00f8r utl\u00f8pet av den autoriserte perioden din. Du m\u00e5 oppgi en gyldig grunn og dokumentasjon. <\/p>\n\n<h3 class=\"wp-block-heading\">Hvor lang tid tar det \u00e5 f\u00e5 et B1-visum?<\/h3>\n\n<p>Behandlingen kan ta fra noen f\u00e5 dager til flere uker, avhengig av tilgjengeligheten p\u00e5 den <a href=\"https:\/\/usa-b2.com\/fr\/ambassade-des-etats-unis\/\">amerikanske ambassaden<\/a>.<\/p>\n\n<h3 class=\"wp-block-heading\">Kan B1-visumet brukes til turisme?<\/h3>\n\n<p>Nei, B1-visumet er kun for forretningsaktiviteter. Hvis du vil kombinere forretningsvirksomhet og turisme, m\u00e5 du <a href=\"https:\/\/usa-b2.com\/fr\/formulaire-visa-b2-en-ligne\/\">s\u00f8ke om et B2-visum p\u00e5 nettet<\/a>. <\/p>\n\n<h3 class=\"wp-block-heading\">Hva skal jeg gj\u00f8re hvis jeg f\u00e5r avslag p\u00e5 B1-visumet mitt?<\/h3>\n\n<p>Hvis s\u00f8knaden avsl\u00e5s, vil s\u00f8keren motta et brev med en begrunnelse. Det er tillatt \u00e5 sende inn en ny s\u00f8knad ved f\u00f8rst \u00e5 rette opp de svake punktene som er identifisert.<\/p>\n","protected":false},"excerpt":{"rendered":"<p>Skaffe B1-visum for \u00e5 drive forretningsvirksomhet i USA B1-visumet er et amerikansk visum for ikke-immigranter. Den gjelder for utenlandske statsborgere som \u00f8nsker \u00e5 reise til USA i forretnings\u00f8yemed. B1-visumet tillater utenlandske statsborgere \u00e5 utf\u00f8re f\u00f8lgende aktiviteter: For opphold p\u00e5 mindre enn 90 dager i USA: Det er ikke n\u00f8dvendig \u00e5 f\u00e5 et B1-visum. Alt du [&hellip;]<\/p>\n","protected":false},"author":1,"featured_media":0,"parent":0,"menu_order":0,"comment_status":"closed","ping_status":"closed","template":"","meta":{"footnotes":""},"class_list":["post-2053","page","type-page","status-publish","hentry"],"yoast_head":"<!-- This site is optimized with the Yoast SEO plugin v27.0 - https:\/\/yoast.com\/product\/yoast-seo-wordpress\/ -->\n<title>B1-visum for reiser til USA - USA B2<\/title>\n<meta name=\"description\" content=\"Fremgangsm\u00e5te for \u00e5 f\u00e5 et amerikansk B1 forretningsvisum for \u00e5 bes\u00f8ke USA i forretnings\u00f8yemed\" \/>\n<meta name=\"robots\" content=\"index, follow, max-snippet:-1, max-image-preview:large, max-video-preview:-1\" \/>\n<link rel=\"canonical\" href=\"https:\/\/usa-b2.com\/no\/b1-visum-usa\/\" \/>\n<meta property=\"og:locale\" content=\"nb_NO\" \/>\n<meta property=\"og:type\" content=\"article\" \/>\n<meta property=\"og:title\" content=\"B1-visum for reiser til USA - USA B2\" \/>\n<meta property=\"og:description\" content=\"Fremgangsm\u00e5te for \u00e5 f\u00e5 et amerikansk B1 forretningsvisum for \u00e5 bes\u00f8ke USA i forretnings\u00f8yemed\" \/>\n<meta property=\"og:url\" content=\"https:\/\/usa-b2.com\/no\/b1-visum-usa\/\" \/>\n<meta property=\"og:site_name\" content=\"USA B2\" \/>\n<meta property=\"article:modified_time\" content=\"2025-10-13T13:35:50+00:00\" \/>\n<meta name=\"twitter:card\" content=\"summary_large_image\" \/>\n<meta name=\"twitter:label1\" content=\"Ansl. lesetid\" \/>\n\t<meta name=\"twitter:data1\" content=\"3 minutter\" \/>\n<script type=\"application\/ld+json\" class=\"yoast-schema-graph\">{\"@context\":\"https:\/\/schema.org\",\"@graph\":[{\"@type\":\"WebPage\",\"@id\":\"https:\/\/usa-b2.com\/no\/b1-visum-usa\/\",\"url\":\"https:\/\/usa-b2.com\/no\/b1-visum-usa\/\",\"name\":\"B1-visum for reiser til USA - USA B2\",\"isPartOf\":{\"@id\":\"https:\/\/usa-b2.com\/no\/#website\"},\"datePublished\":\"2024-02-10T17:21:47+00:00\",\"dateModified\":\"2025-10-13T13:35:50+00:00\",\"description\":\"Fremgangsm\u00e5te for \u00e5 f\u00e5 et amerikansk B1 forretningsvisum for \u00e5 bes\u00f8ke USA i forretnings\u00f8yemed\",\"breadcrumb\":{\"@id\":\"https:\/\/usa-b2.com\/no\/b1-visum-usa\/#breadcrumb\"},\"inLanguage\":\"nb-NO\",\"potentialAction\":[{\"@type\":\"ReadAction\",\"target\":[\"https:\/\/usa-b2.com\/no\/b1-visum-usa\/\"]}]},{\"@type\":\"BreadcrumbList\",\"@id\":\"https:\/\/usa-b2.com\/no\/b1-visum-usa\/#breadcrumb\",\"itemListElement\":[{\"@type\":\"ListItem\",\"position\":1,\"name\":\"Accueil\",\"item\":\"https:\/\/usa-b2.com\/no\/guide-roadtrips\/\"},{\"@type\":\"ListItem\",\"position\":2,\"name\":\"B1-visum for reiser til USA\"}]},{\"@type\":\"WebSite\",\"@id\":\"https:\/\/usa-b2.com\/no\/#website\",\"url\":\"https:\/\/usa-b2.com\/no\/\",\"name\":\"USA B2 VISA\",\"description\":\"\",\"potentialAction\":[{\"@type\":\"SearchAction\",\"target\":{\"@type\":\"EntryPoint\",\"urlTemplate\":\"https:\/\/usa-b2.com\/no\/?s={search_term_string}\"},\"query-input\":{\"@type\":\"PropertyValueSpecification\",\"valueRequired\":true,\"valueName\":\"search_term_string\"}}],\"inLanguage\":\"nb-NO\"}]}<\/script>\n<!-- \/ Yoast SEO plugin. -->","yoast_head_json":{"title":"B1-visum for reiser til USA - USA B2","description":"Fremgangsm\u00e5te for \u00e5 f\u00e5 et amerikansk B1 forretningsvisum for \u00e5 bes\u00f8ke USA i forretnings\u00f8yemed","robots":{"index":"index","follow":"follow","max-snippet":"max-snippet:-1","max-image-preview":"max-image-preview:large","max-video-preview":"max-video-preview:-1"},"canonical":"https:\/\/usa-b2.com\/no\/b1-visum-usa\/","og_locale":"nb_NO","og_type":"article","og_title":"B1-visum for reiser til USA - USA B2","og_description":"Fremgangsm\u00e5te for \u00e5 f\u00e5 et amerikansk B1 forretningsvisum for \u00e5 bes\u00f8ke USA i forretnings\u00f8yemed","og_url":"https:\/\/usa-b2.com\/no\/b1-visum-usa\/","og_site_name":"USA B2","article_modified_time":"2025-10-13T13:35:50+00:00","twitter_card":"summary_large_image","twitter_misc":{"Ansl. lesetid":"3 minutter"},"schema":{"@context":"https:\/\/schema.org","@graph":[{"@type":"WebPage","@id":"https:\/\/usa-b2.com\/no\/b1-visum-usa\/","url":"https:\/\/usa-b2.com\/no\/b1-visum-usa\/","name":"B1-visum for reiser til USA - USA B2","isPartOf":{"@id":"https:\/\/usa-b2.com\/no\/#website"},"datePublished":"2024-02-10T17:21:47+00:00","dateModified":"2025-10-13T13:35:50+00:00","description":"Fremgangsm\u00e5te for \u00e5 f\u00e5 et amerikansk B1 forretningsvisum for \u00e5 bes\u00f8ke USA i forretnings\u00f8yemed","breadcrumb":{"@id":"https:\/\/usa-b2.com\/no\/b1-visum-usa\/#breadcrumb"},"inLanguage":"nb-NO","potentialAction":[{"@type":"ReadAction","target":["https:\/\/usa-b2.com\/no\/b1-visum-usa\/"]}]},{"@type":"BreadcrumbList","@id":"https:\/\/usa-b2.com\/no\/b1-visum-usa\/#breadcrumb","itemListElement":[{"@type":"ListItem","position":1,"name":"Accueil","item":"https:\/\/usa-b2.com\/no\/guide-roadtrips\/"},{"@type":"ListItem","position":2,"name":"B1-visum for reiser til USA"}]},{"@type":"WebSite","@id":"https:\/\/usa-b2.com\/no\/#website","url":"https:\/\/usa-b2.com\/no\/","name":"USA B2 VISA","description":"","potentialAction":[{"@type":"SearchAction","target":{"@type":"EntryPoint","urlTemplate":"https:\/\/usa-b2.com\/no\/?s={search_term_string}"},"query-input":{"@type":"PropertyValueSpecification","valueRequired":true,"valueName":"search_term_string"}}],"inLanguage":"nb-NO"}]}},"_links":{"self":[{"href":"https:\/\/usa-b2.com\/no\/wp-json\/wp\/v2\/pages\/2053","targetHints":{"allow":["GET"]}}],"collection":[{"href":"https:\/\/usa-b2.com\/no\/wp-json\/wp\/v2\/pages"}],"about":[{"href":"https:\/\/usa-b2.com\/no\/wp-json\/wp\/v2\/types\/page"}],"author":[{"embeddable":true,"href":"https:\/\/usa-b2.com\/no\/wp-json\/wp\/v2\/users\/1"}],"replies":[{"embeddable":true,"href":"https:\/\/usa-b2.com\/no\/wp-json\/wp\/v2\/comments?post=2053"}],"version-history":[{"count":2,"href":"https:\/\/usa-b2.com\/no\/wp-json\/wp\/v2\/pages\/2053\/revisions"}],"predecessor-version":[{"id":10096,"href":"https:\/\/usa-b2.com\/no\/wp-json\/wp\/v2\/pages\/2053\/revisions\/10096"}],"wp:attachment":[{"href":"https:\/\/usa-b2.com\/no\/wp-json\/wp\/v2\/media?parent=2053"}],"curies":[{"name":"wp","href":"https:\/\/api.w.org\/{rel}","templated":true}]}}