{"id":2041,"date":"2024-02-10T17:02:13","date_gmt":"2024-02-10T17:02:13","guid":{"rendered":"https:\/\/usa-b2.com\/b2-visumskjema-on-line\/"},"modified":"2026-02-25T15:31:00","modified_gmt":"2026-02-25T15:31:00","slug":"b2-visumskjema-on-line","status":"publish","type":"page","link":"https:\/\/usa-b2.com\/no\/b2-visumskjema-on-line\/","title":{"rendered":"B2-visumskjema p\u00e5 nettet"},"content":{"rendered":"\t\t<div data-elementor-type=\"wp-page\" data-elementor-id=\"2041\" class=\"elementor elementor-2041 elementor-65\" data-elementor-post-type=\"page\">\n\t\t\t\t<div class=\"elementor-element elementor-element-3aaff0cb e-flex e-con-boxed e-con e-parent\" data-id=\"3aaff0cb\" data-element_type=\"container\" data-e-type=\"container\">\n\t\t\t\t\t<div class=\"e-con-inner\">\n\t\t\t\t<div class=\"elementor-element elementor-element-13dd7548 elementor-widget elementor-widget-text-editor\" data-id=\"13dd7548\" data-element_type=\"widget\" data-e-type=\"widget\" data-widget_type=\"text-editor.default\">\n\t\t\t\t<div class=\"elementor-widget-container\">\n\t\t\t\t\t\t\t\t\t<h1>Online-skjema for \u00e5 f\u00e5 B2-visum<\/h1>\t\t\t\t\t\t\t\t<\/div>\n\t\t\t\t<\/div>\n\t\t\t\t\t<\/div>\n\t\t\t\t<\/div>\n\t\t<div class=\"elementor-element elementor-element-ab55e48 e-flex e-con-boxed e-con e-parent\" data-id=\"ab55e48\" data-element_type=\"container\" data-e-type=\"container\">\n\t\t\t\t\t<div class=\"e-con-inner\">\n\t\t\t\t<div class=\"elementor-element elementor-element-313046a elementor-widget elementor-widget-text-editor\" data-id=\"313046a\" data-element_type=\"widget\" data-e-type=\"widget\" data-widget_type=\"text-editor.default\">\n\t\t\t\t<div class=\"elementor-widget-container\">\n\t\t\t\t\t\t\t\t\t<p>Du kan bare s\u00f8ke om B2-visum p\u00e5 nettet. S\u00f8kere m\u00e5 fylle ut skjema DS-160 og betale visumavgiften p\u00e5 nettet.   <\/p>\t\t\t\t\t\t\t\t<\/div>\n\t\t\t\t<\/div>\n\t\t\t\t\t<\/div>\n\t\t\t\t<\/div>\n\t\t<div class=\"elementor-element elementor-element-1c6e5a1 e-flex e-con-boxed e-con e-parent\" data-id=\"1c6e5a1\" data-element_type=\"container\" data-e-type=\"container\">\n\t\t\t\t\t<div class=\"e-con-inner\">\n\t\t\t\t<div class=\"elementor-element elementor-element-3bc75779 elementor-widget elementor-widget-button\" data-id=\"3bc75779\" data-element_type=\"widget\" data-e-type=\"widget\" data-widget_type=\"button.default\">\n\t\t\t\t<div class=\"elementor-widget-container\">\n\t\t\t\t\t\t\t\t\t<div class=\"elementor-button-wrapper\">\n\t\t\t\t\t<a class=\"elementor-button elementor-button-link elementor-size-sm\" href=\"https:\/\/usa-b2.com\/fr\/recommends\/us-b2\/\">\n\t\t\t\t\t\t<span class=\"elementor-button-content-wrapper\">\n\t\t\t\t\t\t\t\t\t<span class=\"elementor-button-text\">Fyll ut det elektroniske skjemaet<\/span>\n\t\t\t\t\t<\/span>\n\t\t\t\t\t<\/a>\n\t\t\t\t<\/div>\n\t\t\t\t\t\t\t\t<\/div>\n\t\t\t\t<\/div>\n\t\t\t\t\t<\/div>\n\t\t\t\t<\/div>\n\t\t<div class=\"elementor-element elementor-element-c883d67 e-flex e-con-boxed e-con e-parent\" data-id=\"c883d67\" data-element_type=\"container\" data-e-type=\"container\">\n\t\t\t\t\t<div class=\"e-con-inner\">\n\t\t\t\t<div class=\"elementor-element elementor-element-259ccca elementor-widget elementor-widget-text-editor\" data-id=\"259ccca\" data-element_type=\"widget\" data-e-type=\"widget\" data-widget_type=\"text-editor.default\">\n\t\t\t\t<div class=\"elementor-widget-container\">\n\t\t\t\t\t\t\t\t\t<p><span style=\"color: #000000;\"><b>For et opphold p\u00e5 mindre enn 90 dager i USA<\/b><\/span> Du trenger ikke \u00e5 skaffe deg et B2-visum eller opps\u00f8ke den amerikanske ambassaden. Alt du trenger \u00e5 gj\u00f8re er \u00e5 s\u00f8ke om en elektronisk reisetillatelse ved \u00e5 fylle ut <a href=\"https:\/\/usa-b2.com\/no\/esta-skjemaet-pa-nettet\/\">ESTA-skjemaet p\u00e5 nettet.<\/a> <\/p>\t\t\t\t\t\t\t\t<\/div>\n\t\t\t\t<\/div>\n\t\t\t\t\t<\/div>\n\t\t\t\t<\/div>\n\t\t<div class=\"elementor-element elementor-element-acb5d05 e-flex e-con-boxed e-con e-parent\" data-id=\"acb5d05\" data-element_type=\"container\" data-e-type=\"container\">\n\t\t\t\t\t<div class=\"e-con-inner\">\n\t\t\t\t<div class=\"elementor-element elementor-element-57baf36 elementor-widget elementor-widget-spacer\" data-id=\"57baf36\" data-element_type=\"widget\" data-e-type=\"widget\" data-widget_type=\"spacer.default\">\n\t\t\t\t<div class=\"elementor-widget-container\">\n\t\t\t\t\t\t\t<div class=\"elementor-spacer\">\n\t\t\t<div class=\"elementor-spacer-inner\"><\/div>\n\t\t<\/div>\n\t\t\t\t\t\t<\/div>\n\t\t\t\t<\/div>\n\t\t\t\t\t<\/div>\n\t\t\t\t<\/div>\n\t\t<div class=\"elementor-element elementor-element-4594086 e-flex e-con-boxed e-con e-parent\" data-id=\"4594086\" data-element_type=\"container\" data-e-type=\"container\">\n\t\t\t\t\t<div class=\"e-con-inner\">\n\t\t\t\t<div class=\"elementor-element elementor-element-0561204 elementor-widget elementor-widget-text-editor\" data-id=\"0561204\" data-element_type=\"widget\" data-e-type=\"widget\" data-widget_type=\"text-editor.default\">\n\t\t\t\t<div class=\"elementor-widget-container\">\n\t\t\t\t\t\t\t\t\t<h2>Hvor lang tid tar det \u00e5 behandle et B2-visum?<\/h2>\n<p>Behandlingstiden for en B2-visums\u00f8knad er minst flere uker og kan v\u00e6re s\u00e5 lang som flere m\u00e5neder. Denne tidsrammen avhenger hovedsakelig av hvor mange s\u00f8knader som skal behandles av den amerikanske ambassaden eller konsulatet i s\u00f8kerens land. Det finnes andre grunner til at behandlingstiden kan v\u00e6re lengre, for eksempel :  <\/p>\n<ul>\n<li>Hvis kandidatens mappe ikke er fullstendig, eller hvis kandidaten er forsinket med \u00e5 gi tilleggsinformasjon;<\/li>\n<li>Hvis s\u00f8keren er for sent ute med \u00e5 avtale tid for <a href=\"https:\/\/usa-b2.com\/no\/utnevnelse-av-usas-ambassade\/\">visumintervju med den amerikanske ambassaden<\/a> eller konsulatet.<\/li>\n<\/ul>\t\t\t\t\t\t\t\t<\/div>\n\t\t\t\t<\/div>\n\t\t\t\t\t<\/div>\n\t\t\t\t<\/div>\n\t\t<div class=\"elementor-element elementor-element-3f8b40a e-flex e-con-boxed e-con e-parent\" data-id=\"3f8b40a\" data-element_type=\"container\" data-e-type=\"container\">\n\t\t\t\t\t<div class=\"e-con-inner\">\n\t\t\t\t<div class=\"elementor-element elementor-element-dfcba0d elementor-widget elementor-widget-spacer\" data-id=\"dfcba0d\" data-element_type=\"widget\" data-e-type=\"widget\" data-widget_type=\"spacer.default\">\n\t\t\t\t<div class=\"elementor-widget-container\">\n\t\t\t\t\t\t\t<div class=\"elementor-spacer\">\n\t\t\t<div class=\"elementor-spacer-inner\"><\/div>\n\t\t<\/div>\n\t\t\t\t\t\t<\/div>\n\t\t\t\t<\/div>\n\t\t\t\t\t<\/div>\n\t\t\t\t<\/div>\n\t\t<div class=\"elementor-element elementor-element-a38079a e-flex e-con-boxed e-con e-parent\" data-id=\"a38079a\" data-element_type=\"container\" data-e-type=\"container\">\n\t\t\t\t\t<div class=\"e-con-inner\">\n\t\t\t\t<div class=\"elementor-element elementor-element-c854383 elementor-widget elementor-widget-text-editor\" data-id=\"c854383\" data-element_type=\"widget\" data-e-type=\"widget\" data-widget_type=\"text-editor.default\">\n\t\t\t\t<div class=\"elementor-widget-container\">\n\t\t\t\t\t\t\t\t\t<h2>Forbered deg til intervjuet ved den amerikanske ambassaden<\/h2>\n<p>For \u00e5 fullf\u00f8re B2-visumprosessen m\u00e5 s\u00f8kerne m\u00f8te til et intervju med en visumansvarlig p\u00e5 ambassaden. Kandidaten m\u00e5 forberede seg til dette intervjuet. De vil bli bedt om \u00e5 forklare hvorfor de \u00f8nsker \u00e5 reise til USA. Alle underlagsdokumenter vil bli kontrollert p\u00e5 m\u00f8tet.   <\/p>\t\t\t\t\t\t\t\t<\/div>\n\t\t\t\t<\/div>\n\t\t\t\t<div class=\"elementor-element elementor-element-80d967c elementor-widget elementor-widget-heading\" data-id=\"80d967c\" data-element_type=\"widget\" data-e-type=\"widget\" data-widget_type=\"heading.default\">\n\t\t\t\t<div class=\"elementor-widget-container\">\n\t\t\t\t\t<h2 class=\"elementor-heading-title elementor-size-default\">Mer informasjon om hvilke land som er kvalifisert for B2-visum<\/h2>\t\t\t\t<\/div>\n\t\t\t\t<\/div>\n\t\t\t\t<div class=\"elementor-element elementor-element-b41e668 elementor-widget elementor-widget-text-editor\" data-id=\"b41e668\" data-element_type=\"widget\" data-e-type=\"widget\" data-widget_type=\"text-editor.default\">\n\t\t\t\t<div class=\"elementor-widget-container\">\n\t\t\t\t\t\t\t\t\t<p>Her finner du mer spesifikk informasjon om statsborgere fra visse land som er kvalifisert for B2-visum:<\/p><ul><li><a href=\"https:\/\/usa-b2.com\/no\/visum-b2-for-franske\/\">B2-visum for franske statsborgere<\/a><\/li><li><a href=\"https:\/\/usa-b2.com\/no\/b2-visum-for-italiener\/\">B2-visum for italienere<\/a><\/li><li><a href=\"https:\/\/usa-b2.com\/no\/b2-visum-for-tyskere\/\">B2-visum for tyskere<\/a><\/li><li><a href=\"https:\/\/usa-b2.com\/no\/b2-visum-for-meksikaner\/\">B2-visum for meksikanere<\/a><\/li><li><a href=\"https:\/\/usa-b2.com\/no\/visum-b1-b2-for-brasilianske\/\">B2-visum for brasilianere<\/a><\/li><li>B2-visum for spanske statsborgere<\/li><\/ul>\t\t\t\t\t\t\t\t<\/div>\n\t\t\t\t<\/div>\n\t\t\t\t\t<\/div>\n\t\t\t\t<\/div>\n\t\t\t\t<\/div>\n\t\t","protected":false},"excerpt":{"rendered":"<p>Online-skjema for \u00e5 f\u00e5 B2-visum Du kan bare s\u00f8ke om B2-visum p\u00e5 nettet. S\u00f8kere m\u00e5 fylle ut skjema DS-160 og betale visumavgiften p\u00e5 nettet. Fyll ut det elektroniske skjemaet For et opphold p\u00e5 mindre enn 90 dager i USA Du trenger ikke \u00e5 skaffe deg et B2-visum eller opps\u00f8ke den amerikanske ambassaden. Alt du trenger [&hellip;]<\/p>\n","protected":false},"author":1,"featured_media":0,"parent":0,"menu_order":0,"comment_status":"closed","ping_status":"closed","template":"","meta":{"footnotes":""},"class_list":["post-2041","page","type-page","status-publish","hentry"],"yoast_head":"<!-- This site is optimized with the Yoast SEO plugin v27.0 - https:\/\/yoast.com\/product\/yoast-seo-wordpress\/ -->\n<title>B2-visumskjema p\u00e5 nettet - USA B2<\/title>\n<meta name=\"description\" content=\"Fyll ut nettskjemaet p\u00e5 bare noen f\u00e5 minutter for \u00e5 f\u00e5 et B2-visum for reiser til USA\" \/>\n<meta name=\"robots\" content=\"index, follow, max-snippet:-1, max-image-preview:large, max-video-preview:-1\" \/>\n<link rel=\"canonical\" href=\"https:\/\/usa-b2.com\/no\/b2-visumskjema-on-line\/\" \/>\n<meta property=\"og:locale\" content=\"nb_NO\" \/>\n<meta property=\"og:type\" content=\"article\" \/>\n<meta property=\"og:title\" content=\"B2-visumskjema p\u00e5 nettet - USA B2\" \/>\n<meta property=\"og:description\" content=\"Fyll ut nettskjemaet p\u00e5 bare noen f\u00e5 minutter for \u00e5 f\u00e5 et B2-visum for reiser til USA\" \/>\n<meta property=\"og:url\" content=\"https:\/\/usa-b2.com\/no\/b2-visumskjema-on-line\/\" \/>\n<meta property=\"og:site_name\" content=\"USA B2\" \/>\n<meta property=\"article:modified_time\" content=\"2026-02-25T15:31:00+00:00\" \/>\n<meta name=\"twitter:card\" content=\"summary_large_image\" \/>\n<meta name=\"twitter:label1\" content=\"Ansl. lesetid\" \/>\n\t<meta name=\"twitter:data1\" content=\"1 minutt\" \/>\n<script type=\"application\/ld+json\" class=\"yoast-schema-graph\">{\"@context\":\"https:\/\/schema.org\",\"@graph\":[{\"@type\":\"WebPage\",\"@id\":\"https:\/\/usa-b2.com\/no\/b2-visumskjema-on-line\/\",\"url\":\"https:\/\/usa-b2.com\/no\/b2-visumskjema-on-line\/\",\"name\":\"B2-visumskjema p\u00e5 nettet - USA B2\",\"isPartOf\":{\"@id\":\"https:\/\/usa-b2.com\/no\/#website\"},\"datePublished\":\"2024-02-10T17:02:13+00:00\",\"dateModified\":\"2026-02-25T15:31:00+00:00\",\"description\":\"Fyll ut nettskjemaet p\u00e5 bare noen f\u00e5 minutter for \u00e5 f\u00e5 et B2-visum for reiser til USA\",\"breadcrumb\":{\"@id\":\"https:\/\/usa-b2.com\/no\/b2-visumskjema-on-line\/#breadcrumb\"},\"inLanguage\":\"nb-NO\",\"potentialAction\":[{\"@type\":\"ReadAction\",\"target\":[\"https:\/\/usa-b2.com\/no\/b2-visumskjema-on-line\/\"]}]},{\"@type\":\"BreadcrumbList\",\"@id\":\"https:\/\/usa-b2.com\/no\/b2-visumskjema-on-line\/#breadcrumb\",\"itemListElement\":[{\"@type\":\"ListItem\",\"position\":1,\"name\":\"Accueil\",\"item\":\"https:\/\/usa-b2.com\/no\/guide-roadtrips\/\"},{\"@type\":\"ListItem\",\"position\":2,\"name\":\"B2-visumskjema p\u00e5 nettet\"}]},{\"@type\":\"WebSite\",\"@id\":\"https:\/\/usa-b2.com\/no\/#website\",\"url\":\"https:\/\/usa-b2.com\/no\/\",\"name\":\"USA B2 VISA\",\"description\":\"\",\"potentialAction\":[{\"@type\":\"SearchAction\",\"target\":{\"@type\":\"EntryPoint\",\"urlTemplate\":\"https:\/\/usa-b2.com\/no\/?s={search_term_string}\"},\"query-input\":{\"@type\":\"PropertyValueSpecification\",\"valueRequired\":true,\"valueName\":\"search_term_string\"}}],\"inLanguage\":\"nb-NO\"}]}<\/script>\n<!-- \/ Yoast SEO plugin. -->","yoast_head_json":{"title":"B2-visumskjema p\u00e5 nettet - USA B2","description":"Fyll ut nettskjemaet p\u00e5 bare noen f\u00e5 minutter for \u00e5 f\u00e5 et B2-visum for reiser til USA","robots":{"index":"index","follow":"follow","max-snippet":"max-snippet:-1","max-image-preview":"max-image-preview:large","max-video-preview":"max-video-preview:-1"},"canonical":"https:\/\/usa-b2.com\/no\/b2-visumskjema-on-line\/","og_locale":"nb_NO","og_type":"article","og_title":"B2-visumskjema p\u00e5 nettet - USA B2","og_description":"Fyll ut nettskjemaet p\u00e5 bare noen f\u00e5 minutter for \u00e5 f\u00e5 et B2-visum for reiser til USA","og_url":"https:\/\/usa-b2.com\/no\/b2-visumskjema-on-line\/","og_site_name":"USA B2","article_modified_time":"2026-02-25T15:31:00+00:00","twitter_card":"summary_large_image","twitter_misc":{"Ansl. lesetid":"1 minutt"},"schema":{"@context":"https:\/\/schema.org","@graph":[{"@type":"WebPage","@id":"https:\/\/usa-b2.com\/no\/b2-visumskjema-on-line\/","url":"https:\/\/usa-b2.com\/no\/b2-visumskjema-on-line\/","name":"B2-visumskjema p\u00e5 nettet - USA B2","isPartOf":{"@id":"https:\/\/usa-b2.com\/no\/#website"},"datePublished":"2024-02-10T17:02:13+00:00","dateModified":"2026-02-25T15:31:00+00:00","description":"Fyll ut nettskjemaet p\u00e5 bare noen f\u00e5 minutter for \u00e5 f\u00e5 et B2-visum for reiser til USA","breadcrumb":{"@id":"https:\/\/usa-b2.com\/no\/b2-visumskjema-on-line\/#breadcrumb"},"inLanguage":"nb-NO","potentialAction":[{"@type":"ReadAction","target":["https:\/\/usa-b2.com\/no\/b2-visumskjema-on-line\/"]}]},{"@type":"BreadcrumbList","@id":"https:\/\/usa-b2.com\/no\/b2-visumskjema-on-line\/#breadcrumb","itemListElement":[{"@type":"ListItem","position":1,"name":"Accueil","item":"https:\/\/usa-b2.com\/no\/guide-roadtrips\/"},{"@type":"ListItem","position":2,"name":"B2-visumskjema p\u00e5 nettet"}]},{"@type":"WebSite","@id":"https:\/\/usa-b2.com\/no\/#website","url":"https:\/\/usa-b2.com\/no\/","name":"USA B2 VISA","description":"","potentialAction":[{"@type":"SearchAction","target":{"@type":"EntryPoint","urlTemplate":"https:\/\/usa-b2.com\/no\/?s={search_term_string}"},"query-input":{"@type":"PropertyValueSpecification","valueRequired":true,"valueName":"search_term_string"}}],"inLanguage":"nb-NO"}]}},"_links":{"self":[{"href":"https:\/\/usa-b2.com\/no\/wp-json\/wp\/v2\/pages\/2041","targetHints":{"allow":["GET"]}}],"collection":[{"href":"https:\/\/usa-b2.com\/no\/wp-json\/wp\/v2\/pages"}],"about":[{"href":"https:\/\/usa-b2.com\/no\/wp-json\/wp\/v2\/types\/page"}],"author":[{"embeddable":true,"href":"https:\/\/usa-b2.com\/no\/wp-json\/wp\/v2\/users\/1"}],"replies":[{"embeddable":true,"href":"https:\/\/usa-b2.com\/no\/wp-json\/wp\/v2\/comments?post=2041"}],"version-history":[{"count":3,"href":"https:\/\/usa-b2.com\/no\/wp-json\/wp\/v2\/pages\/2041\/revisions"}],"predecessor-version":[{"id":11092,"href":"https:\/\/usa-b2.com\/no\/wp-json\/wp\/v2\/pages\/2041\/revisions\/11092"}],"wp:attachment":[{"href":"https:\/\/usa-b2.com\/no\/wp-json\/wp\/v2\/media?parent=2041"}],"curies":[{"name":"wp","href":"https:\/\/api.w.org\/{rel}","templated":true}]}}