{"id":2029,"date":"2024-02-10T16:58:41","date_gmt":"2024-02-10T16:58:41","guid":{"rendered":"https:\/\/usa-b2.com\/skjema-esta-on-line\/"},"modified":"2026-02-25T14:43:04","modified_gmt":"2026-02-25T14:43:04","slug":"esta-skjemaet-pa-nettet","status":"publish","type":"page","link":"https:\/\/usa-b2.com\/no\/esta-skjemaet-pa-nettet\/","title":{"rendered":"Fyll ut ESTA-skjemaet p\u00e5 nettet"},"content":{"rendered":"\t\t<div data-elementor-type=\"wp-page\" data-elementor-id=\"2029\" class=\"elementor elementor-2029 elementor-61\" data-elementor-post-type=\"page\">\n\t\t\t\t<div class=\"elementor-element elementor-element-56419ff8 e-flex e-con-boxed e-con e-parent\" data-id=\"56419ff8\" data-element_type=\"container\" data-e-type=\"container\">\n\t\t\t\t\t<div class=\"e-con-inner\">\n\t\t\t\t<div class=\"elementor-element elementor-element-2867cae2 elementor-widget elementor-widget-text-editor\" data-id=\"2867cae2\" data-element_type=\"widget\" data-e-type=\"widget\" data-widget_type=\"text-editor.default\">\n\t\t\t\t<div class=\"elementor-widget-container\">\n\t\t\t\t\t\t\t\t\t<h1>Online-skjema for \u00e5 f\u00e5 ESTA<\/h1>\n<p>Formalitetene for innreise til USA for et opphold p\u00e5 mindre enn 90 dager kan fullf\u00f8res direkte p\u00e5 nettet. Du trenger ikke \u00e5 bestille time p\u00e5 den amerikanske ambassaden eller konsulatet for \u00e5 f\u00e5 ESTA-reisetillatelse. <\/p>\t\t\t\t\t\t\t\t<\/div>\n\t\t\t\t<\/div>\n\t\t\t\t\t<\/div>\n\t\t\t\t<\/div>\n\t\t<div class=\"elementor-element elementor-element-2b6b869 e-flex e-con-boxed e-con e-parent\" data-id=\"2b6b869\" data-element_type=\"container\" data-e-type=\"container\">\n\t\t\t\t\t<div class=\"e-con-inner\">\n\t\t\t\t<div class=\"elementor-element elementor-element-ce061ad elementor-widget elementor-widget-button\" data-id=\"ce061ad\" data-element_type=\"widget\" data-e-type=\"widget\" data-widget_type=\"button.default\">\n\t\t\t\t<div class=\"elementor-widget-container\">\n\t\t\t\t\t\t\t\t\t<div class=\"elementor-button-wrapper\">\n\t\t\t\t\t<a class=\"elementor-button elementor-button-link elementor-size-sm\" href=\"https:\/\/usa-b2.com\/fr\/recommends\/no-esta\/\">\n\t\t\t\t\t\t<span class=\"elementor-button-content-wrapper\">\n\t\t\t\t\t\t\t\t\t<span class=\"elementor-button-text\">Fyll ut det elektroniske skjemaet<\/span>\n\t\t\t\t\t<\/span>\n\t\t\t\t\t<\/a>\n\t\t\t\t<\/div>\n\t\t\t\t\t\t\t\t<\/div>\n\t\t\t\t<\/div>\n\t\t\t\t\t<\/div>\n\t\t\t\t<\/div>\n\t\t<div class=\"elementor-element elementor-element-b8872fc e-flex e-con-boxed e-con e-parent\" data-id=\"b8872fc\" data-element_type=\"container\" data-e-type=\"container\">\n\t\t\t\t\t<div class=\"e-con-inner\">\n\t\t\t\t<div class=\"elementor-element elementor-element-30e6387 elementor-widget elementor-widget-spacer\" data-id=\"30e6387\" data-element_type=\"widget\" data-e-type=\"widget\" data-widget_type=\"spacer.default\">\n\t\t\t\t<div class=\"elementor-widget-container\">\n\t\t\t\t\t\t\t<div class=\"elementor-spacer\">\n\t\t\t<div class=\"elementor-spacer-inner\"><\/div>\n\t\t<\/div>\n\t\t\t\t\t\t<\/div>\n\t\t\t\t<\/div>\n\t\t\t\t\t<\/div>\n\t\t\t\t<\/div>\n\t\t<div class=\"elementor-element elementor-element-9542cde e-flex e-con-boxed e-con e-parent\" data-id=\"9542cde\" data-element_type=\"container\" data-e-type=\"container\">\n\t\t\t\t\t<div class=\"e-con-inner\">\n\t\t\t\t<div class=\"elementor-element elementor-element-ff08436 elementor-widget elementor-widget-text-editor\" data-id=\"ff08436\" data-element_type=\"widget\" data-e-type=\"widget\" data-widget_type=\"text-editor.default\">\n\t\t\t\t<div class=\"elementor-widget-container\">\n\t\t\t\t\t\t\t\t\t<p>Det elektroniske skjemaet kan fylles ut p\u00e5 noen f\u00e5 minutter hvis s\u00f8keren har reisedokumentene sine.<\/p><p>ESTA er en del av <a href=\"https:\/\/usa-b2.com\/no\/visumfritak-programmet\/\">visumfritaksprogrammet<\/a>. Dette amerikanske visumfritaksprogrammet gj\u00f8r det mulig for statsborgere fra medlemslandene \u00e5 reise til USA uten visum i forbindelse med turisme, forretninger eller transitt. <\/p>\t\t\t\t\t\t\t\t<\/div>\n\t\t\t\t<\/div>\n\t\t\t\t\t<\/div>\n\t\t\t\t<\/div>\n\t\t<div class=\"elementor-element elementor-element-47b375d e-flex e-con-boxed e-con e-parent\" data-id=\"47b375d\" data-element_type=\"container\" data-e-type=\"container\">\n\t\t\t\t\t<div class=\"e-con-inner\">\n\t\t\t\t<div class=\"elementor-element elementor-element-6e123f9 elementor-widget elementor-widget-text-editor\" data-id=\"6e123f9\" data-element_type=\"widget\" data-e-type=\"widget\" data-widget_type=\"text-editor.default\">\n\t\t\t\t<div class=\"elementor-widget-container\">\n\t\t\t\t\t\t\t\t\t<h2>Hvor lang tid tar det \u00e5 behandle en ESTA-s\u00f8knad?<\/h2><p>N\u00e5r ESTA-s\u00f8knaden er betalt p\u00e5 nett, blir den validert og g\u00e5r videre til behandling. Behandlingen er datastyrt og tar bare noen f\u00e5 minutter.  Det betyr at s\u00f8kere kan motta en e-post i l\u00f8pet av f\u00e5 minutter som bekrefter at ESTA-godkjenningen er godkjent.<\/p><p>Noen ganger n\u00e5r ikke svaret frem til kandidaten i l\u00f8pet av noen f\u00e5 minutter. I noen tilfeller kreves det menneskelig behandling for \u00e5 validere foresp\u00f8rselen. Det offisielle ESTA-nettstedet forplikter seg til \u00e5 gi svar innen 72 timer. For mer informasjon, se siden v\u00e5r som forklarer <a href=\"https:\/\/usa-b2.com\/no\/hva-er-en-esta\/\">hva ESTA er<\/a>.   <\/p>\t\t\t\t\t\t\t\t<\/div>\n\t\t\t\t<\/div>\n\t\t\t\t\t<\/div>\n\t\t\t\t<\/div>\n\t\t<div class=\"elementor-element elementor-element-dad46bc e-flex e-con-boxed e-con e-parent\" data-id=\"dad46bc\" data-element_type=\"container\" data-e-type=\"container\">\n\t\t\t\t\t<div class=\"e-con-inner\">\n\t\t\t\t<div class=\"elementor-element elementor-element-6d0d0c4 elementor-widget elementor-widget-text-editor\" data-id=\"6d0d0c4\" data-element_type=\"widget\" data-e-type=\"widget\" data-widget_type=\"text-editor.default\">\n\t\t\t\t<div class=\"elementor-widget-container\">\n\t\t\t\t\t\t\t\t\t<h2>Hvor lenge er en ESTA-godkjenning gyldig?<\/h2><p><a href=\"https:\/\/usa-b2.com\/no\/gyldighetsperiode-esta\/\">ESTA er gyldig<\/a> i en begrenset periode. Den f\u00f8rste gyldighetsperioden er vanligvis 2 \u00e5r. Under visse betingelser reduseres gyldighetsperioden: Hvis for eksempel <a href=\"https:\/\/usa-b2.com\/no\/pass-reise-usa\/\">passet til USA<\/a> som ble brukt for \u00e5 f\u00e5 ESTA, ikke lenger er gyldig, er ikke ESTA-en i seg selv gyldig lenger.  <\/p>\t\t\t\t\t\t\t\t<\/div>\n\t\t\t\t<\/div>\n\t\t\t\t\t<\/div>\n\t\t\t\t<\/div>\n\t\t<div class=\"elementor-element elementor-element-ee7de17 e-flex e-con-boxed e-con e-parent\" data-id=\"ee7de17\" data-element_type=\"container\" data-e-type=\"container\">\n\t\t\t\t\t<div class=\"e-con-inner\">\n\t\t\t\t<div class=\"elementor-element elementor-element-b0556fc elementor-widget elementor-widget-text-editor\" data-id=\"b0556fc\" data-element_type=\"widget\" data-e-type=\"widget\" data-widget_type=\"text-editor.default\">\n\t\t\t\t<div class=\"elementor-widget-container\">\n\t\t\t\t\t\t\t\t\t<h2>B\u00f8r jeg skrive ut ESTA-godkjenningen min?<\/h2><p>ESTA-s\u00f8knadsprosessen er 100 % nettbasert. Svaret p\u00e5 ESTA-s\u00f8knaden sendes kun til s\u00f8keren via e-post. Det er imidlertid ikke n\u00f8dvendig \u00e5 ha <a href=\"https:\/\/usa-b2.com\/no\/skriv-ut-esta\/\">skrevet ut ESTA-en din<\/a> f\u00f8r du drar til flyplassen.  <\/p><p>Datasystemet som har validert reisetillatelsen, konsulteres av amerikanske tollmyndigheter n\u00e5r den reisende ankommer grensen til USA.<\/p>\t\t\t\t\t\t\t\t<\/div>\n\t\t\t\t<\/div>\n\t\t\t\t\t<\/div>\n\t\t\t\t<\/div>\n\t\t\t\t<\/div>\n\t\t","protected":false},"excerpt":{"rendered":"<p>Online-skjema for \u00e5 f\u00e5 ESTA Formalitetene for innreise til USA for et opphold p\u00e5 mindre enn 90 dager kan fullf\u00f8res direkte p\u00e5 nettet. Du trenger ikke \u00e5 bestille time p\u00e5 den amerikanske ambassaden eller konsulatet for \u00e5 f\u00e5 ESTA-reisetillatelse. Fyll ut det elektroniske skjemaet Det elektroniske skjemaet kan fylles ut p\u00e5 noen f\u00e5 minutter hvis [&hellip;]<\/p>\n","protected":false},"author":1,"featured_media":0,"parent":0,"menu_order":0,"comment_status":"closed","ping_status":"closed","template":"","meta":{"footnotes":""},"class_list":["post-2029","page","type-page","status-publish","hentry"],"yoast_head":"<!-- This site is optimized with the Yoast SEO plugin v27.0 - https:\/\/yoast.com\/product\/yoast-seo-wordpress\/ -->\n<title>Fyll ut ESTA-skjemaet p\u00e5 nettet - USA B2<\/title>\n<meta name=\"description\" content=\"Fyll ut ESTA-skjemaet p\u00e5 nettet for \u00e5 f\u00e5 et reisesertifikat til USA p\u00e5 bare noen f\u00e5 minutter.\" \/>\n<meta name=\"robots\" content=\"index, follow, max-snippet:-1, max-image-preview:large, max-video-preview:-1\" \/>\n<link rel=\"canonical\" href=\"https:\/\/usa-b2.com\/no\/esta-skjemaet-pa-nettet\/\" \/>\n<meta property=\"og:locale\" content=\"nb_NO\" \/>\n<meta property=\"og:type\" content=\"article\" \/>\n<meta property=\"og:title\" content=\"Fyll ut ESTA-skjemaet p\u00e5 nettet - USA B2\" \/>\n<meta property=\"og:description\" content=\"Fyll ut ESTA-skjemaet p\u00e5 nettet for \u00e5 f\u00e5 et reisesertifikat til USA p\u00e5 bare noen f\u00e5 minutter.\" \/>\n<meta property=\"og:url\" content=\"https:\/\/usa-b2.com\/no\/esta-skjemaet-pa-nettet\/\" \/>\n<meta property=\"og:site_name\" content=\"USA B2\" \/>\n<meta property=\"article:modified_time\" content=\"2026-02-25T14:43:04+00:00\" \/>\n<meta name=\"twitter:card\" content=\"summary_large_image\" \/>\n<meta name=\"twitter:label1\" content=\"Ansl. lesetid\" \/>\n\t<meta name=\"twitter:data1\" content=\"1 minutt\" \/>\n<script type=\"application\/ld+json\" class=\"yoast-schema-graph\">{\"@context\":\"https:\/\/schema.org\",\"@graph\":[{\"@type\":\"WebPage\",\"@id\":\"https:\/\/usa-b2.com\/no\/esta-skjemaet-pa-nettet\/\",\"url\":\"https:\/\/usa-b2.com\/no\/esta-skjemaet-pa-nettet\/\",\"name\":\"Fyll ut ESTA-skjemaet p\u00e5 nettet - USA B2\",\"isPartOf\":{\"@id\":\"https:\/\/usa-b2.com\/no\/#website\"},\"datePublished\":\"2024-02-10T16:58:41+00:00\",\"dateModified\":\"2026-02-25T14:43:04+00:00\",\"description\":\"Fyll ut ESTA-skjemaet p\u00e5 nettet for \u00e5 f\u00e5 et reisesertifikat til USA p\u00e5 bare noen f\u00e5 minutter.\",\"breadcrumb\":{\"@id\":\"https:\/\/usa-b2.com\/no\/esta-skjemaet-pa-nettet\/#breadcrumb\"},\"inLanguage\":\"nb-NO\",\"potentialAction\":[{\"@type\":\"ReadAction\",\"target\":[\"https:\/\/usa-b2.com\/no\/esta-skjemaet-pa-nettet\/\"]}]},{\"@type\":\"BreadcrumbList\",\"@id\":\"https:\/\/usa-b2.com\/no\/esta-skjemaet-pa-nettet\/#breadcrumb\",\"itemListElement\":[{\"@type\":\"ListItem\",\"position\":1,\"name\":\"Accueil\",\"item\":\"https:\/\/usa-b2.com\/no\/guide-roadtrips\/\"},{\"@type\":\"ListItem\",\"position\":2,\"name\":\"Fyll ut ESTA-skjemaet p\u00e5 nettet\"}]},{\"@type\":\"WebSite\",\"@id\":\"https:\/\/usa-b2.com\/no\/#website\",\"url\":\"https:\/\/usa-b2.com\/no\/\",\"name\":\"USA B2 VISA\",\"description\":\"\",\"potentialAction\":[{\"@type\":\"SearchAction\",\"target\":{\"@type\":\"EntryPoint\",\"urlTemplate\":\"https:\/\/usa-b2.com\/no\/?s={search_term_string}\"},\"query-input\":{\"@type\":\"PropertyValueSpecification\",\"valueRequired\":true,\"valueName\":\"search_term_string\"}}],\"inLanguage\":\"nb-NO\"}]}<\/script>\n<!-- \/ Yoast SEO plugin. -->","yoast_head_json":{"title":"Fyll ut ESTA-skjemaet p\u00e5 nettet - USA B2","description":"Fyll ut ESTA-skjemaet p\u00e5 nettet for \u00e5 f\u00e5 et reisesertifikat til USA p\u00e5 bare noen f\u00e5 minutter.","robots":{"index":"index","follow":"follow","max-snippet":"max-snippet:-1","max-image-preview":"max-image-preview:large","max-video-preview":"max-video-preview:-1"},"canonical":"https:\/\/usa-b2.com\/no\/esta-skjemaet-pa-nettet\/","og_locale":"nb_NO","og_type":"article","og_title":"Fyll ut ESTA-skjemaet p\u00e5 nettet - USA B2","og_description":"Fyll ut ESTA-skjemaet p\u00e5 nettet for \u00e5 f\u00e5 et reisesertifikat til USA p\u00e5 bare noen f\u00e5 minutter.","og_url":"https:\/\/usa-b2.com\/no\/esta-skjemaet-pa-nettet\/","og_site_name":"USA B2","article_modified_time":"2026-02-25T14:43:04+00:00","twitter_card":"summary_large_image","twitter_misc":{"Ansl. lesetid":"1 minutt"},"schema":{"@context":"https:\/\/schema.org","@graph":[{"@type":"WebPage","@id":"https:\/\/usa-b2.com\/no\/esta-skjemaet-pa-nettet\/","url":"https:\/\/usa-b2.com\/no\/esta-skjemaet-pa-nettet\/","name":"Fyll ut ESTA-skjemaet p\u00e5 nettet - USA B2","isPartOf":{"@id":"https:\/\/usa-b2.com\/no\/#website"},"datePublished":"2024-02-10T16:58:41+00:00","dateModified":"2026-02-25T14:43:04+00:00","description":"Fyll ut ESTA-skjemaet p\u00e5 nettet for \u00e5 f\u00e5 et reisesertifikat til USA p\u00e5 bare noen f\u00e5 minutter.","breadcrumb":{"@id":"https:\/\/usa-b2.com\/no\/esta-skjemaet-pa-nettet\/#breadcrumb"},"inLanguage":"nb-NO","potentialAction":[{"@type":"ReadAction","target":["https:\/\/usa-b2.com\/no\/esta-skjemaet-pa-nettet\/"]}]},{"@type":"BreadcrumbList","@id":"https:\/\/usa-b2.com\/no\/esta-skjemaet-pa-nettet\/#breadcrumb","itemListElement":[{"@type":"ListItem","position":1,"name":"Accueil","item":"https:\/\/usa-b2.com\/no\/guide-roadtrips\/"},{"@type":"ListItem","position":2,"name":"Fyll ut ESTA-skjemaet p\u00e5 nettet"}]},{"@type":"WebSite","@id":"https:\/\/usa-b2.com\/no\/#website","url":"https:\/\/usa-b2.com\/no\/","name":"USA B2 VISA","description":"","potentialAction":[{"@type":"SearchAction","target":{"@type":"EntryPoint","urlTemplate":"https:\/\/usa-b2.com\/no\/?s={search_term_string}"},"query-input":{"@type":"PropertyValueSpecification","valueRequired":true,"valueName":"search_term_string"}}],"inLanguage":"nb-NO"}]}},"_links":{"self":[{"href":"https:\/\/usa-b2.com\/no\/wp-json\/wp\/v2\/pages\/2029","targetHints":{"allow":["GET"]}}],"collection":[{"href":"https:\/\/usa-b2.com\/no\/wp-json\/wp\/v2\/pages"}],"about":[{"href":"https:\/\/usa-b2.com\/no\/wp-json\/wp\/v2\/types\/page"}],"author":[{"embeddable":true,"href":"https:\/\/usa-b2.com\/no\/wp-json\/wp\/v2\/users\/1"}],"replies":[{"embeddable":true,"href":"https:\/\/usa-b2.com\/no\/wp-json\/wp\/v2\/comments?post=2029"}],"version-history":[{"count":2,"href":"https:\/\/usa-b2.com\/no\/wp-json\/wp\/v2\/pages\/2029\/revisions"}],"predecessor-version":[{"id":11046,"href":"https:\/\/usa-b2.com\/no\/wp-json\/wp\/v2\/pages\/2029\/revisions\/11046"}],"wp:attachment":[{"href":"https:\/\/usa-b2.com\/no\/wp-json\/wp\/v2\/media?parent=2029"}],"curies":[{"name":"wp","href":"https:\/\/api.w.org\/{rel}","templated":true}]}}