{"id":2025,"date":"2024-02-10T17:17:00","date_gmt":"2024-02-10T17:17:00","guid":{"rendered":"https:\/\/usa-b2.com\/amerikanske-ambassade\/"},"modified":"2025-11-28T09:36:13","modified_gmt":"2025-11-28T09:36:13","slug":"amerikanske-ambassade","status":"publish","type":"page","link":"https:\/\/usa-b2.com\/no\/amerikanske-ambassade\/","title":{"rendered":"Amerikas forente staters ambassade"},"content":{"rendered":"\n<h1 class=\"wp-block-heading\" id=\"h-ambassade-des-etats-unis-a-paris-en-france\">Amerikanske ambassader rundt om i verden<\/h1>\n\n<h2 class=\"wp-block-heading\">Hva er en amerikansk ambassade?<\/h2>\n\n<p>Den amerikanske ambassaden er USAs diplomatiske representant i alle land i verden. Form\u00e5let med den amerikanske ambassaden er \u00e5 beskytte amerikanske borgere utenfor amerikansk territorium. Ambassaden bist\u00e5r i utviklingen av amerikanske interesser og tilbyr tjenester til amerikanske borgere over hele verden.  <\/p>\n\n<p>Amerikanske ambassader er involvert i <a href=\"https:\/\/usa-b2.com\/no\/visa-b2-visumsoknadsprosedyre\/\">visums\u00f8knadsprosedyren<\/a> for utenlandske reisende til USA.<\/p>\n\n<p><strong>For et opphold p\u00e5 mindre enn 90 dager i USA<\/strong>: En statsborger fra et VWP-medlemsland trenger ikke \u00e5 skaffe visum og bestille time p\u00e5 den amerikanske ambassaden. Du kan f\u00e5 et reisesertifikat p\u00e5 nettet ved \u00e5 klikke p\u00e5 <a href=\"https:\/\/usa-b2.com\/no\/esta-skjemaet-pa-nettet\/\">ESTA-skjemaet<\/a>. <\/p>\n\n<h2 class=\"wp-block-heading\">Hvor finner jeg en amerikansk ambassade?<\/h2>\n\n<p>For \u00e5 finne den amerikanske ambassaden eller konsulatet som ligger n\u00e6rmest deg, kan du g\u00e5 til <a href=\"https:\/\/www.usembassy.gov\/\">denne siden<\/a>, som gir en oversikt over amerikanske administrative representasjoner rundt om i verden.<\/p>\n\n<h2 class=\"wp-block-heading\">Hvordan bestiller jeg time p\u00e5 den amerikanske ambassaden?<\/h2>\n\n<p>N\u00e5r du s\u00f8ker <a href=\"https:\/\/usa-b2.com\/no\/b2-visumskjema-on-line\/\">om visum til USA<\/a>, m\u00e5 du m\u00f8te opp til et intervju for \u00e5 f\u00e5 s\u00f8knaden ferdigbehandlet. For \u00e5 avtale et intervju med en amerikansk konsul\u00e6r tjenestemann m\u00e5 s\u00f8kerne logge seg inn p\u00e5 det offisielle nettstedet <a href=\"https:\/\/www.uscis.gov\/\">uscis.gov<\/a> og gj\u00f8re en <a href=\"https:\/\/usa-b2.com\/no\/utnevnelse-av-usas-ambassade\/\">avtale med den amerikanske ambassaden<\/a>.  <\/p>\n\n<p>N\u00e5r intervjudatoen er bekreftet, kan kandidatene laste ned invitasjonen til intervjuet.\nInvitasjonen m\u00e5 legges ved dokumentasjonen til visums\u00f8knaden. <\/p>\n","protected":false},"excerpt":{"rendered":"<p>Amerikanske ambassader rundt om i verden Hva er en amerikansk ambassade? Den amerikanske ambassaden er USAs diplomatiske representant i alle land i verden. Form\u00e5let med den amerikanske ambassaden er \u00e5 beskytte amerikanske borgere utenfor amerikansk territorium. Ambassaden bist\u00e5r i utviklingen av amerikanske interesser og tilbyr tjenester til amerikanske borgere over hele verden. Amerikanske ambassader er [&hellip;]<\/p>\n","protected":false},"author":1,"featured_media":0,"parent":0,"menu_order":0,"comment_status":"closed","ping_status":"closed","template":"","meta":{"footnotes":""},"class_list":["post-2025","page","type-page","status-publish","hentry"],"yoast_head":"<!-- This site is optimized with the Yoast SEO plugin v27.4 - https:\/\/yoast.com\/product\/yoast-seo-wordpress\/ -->\n<title>Amerikas forente staters ambassade - USA B2<\/title>\n<meta name=\"description\" content=\"Hvor finner du den n\u00e6rmeste amerikanske ambassaden i n\u00e6rheten av der du bor for \u00e5 s\u00f8ke om visum til USA?\" \/>\n<meta name=\"robots\" content=\"index, follow, max-snippet:-1, max-image-preview:large, max-video-preview:-1\" \/>\n<link rel=\"canonical\" href=\"https:\/\/usa-b2.com\/no\/amerikanske-ambassade\/\" \/>\n<meta property=\"og:locale\" content=\"nb_NO\" \/>\n<meta property=\"og:type\" content=\"article\" \/>\n<meta property=\"og:title\" content=\"Amerikas forente staters ambassade - USA B2\" \/>\n<meta property=\"og:description\" content=\"Hvor finner du den n\u00e6rmeste amerikanske ambassaden i n\u00e6rheten av der du bor for \u00e5 s\u00f8ke om visum til USA?\" \/>\n<meta property=\"og:url\" content=\"https:\/\/usa-b2.com\/no\/amerikanske-ambassade\/\" \/>\n<meta property=\"og:site_name\" content=\"USA B2\" \/>\n<meta property=\"article:modified_time\" content=\"2025-11-28T09:36:13+00:00\" \/>\n<meta name=\"twitter:card\" content=\"summary_large_image\" \/>\n<meta name=\"twitter:label1\" content=\"Ansl. lesetid\" \/>\n\t<meta name=\"twitter:data1\" content=\"1 minutt\" \/>\n<script type=\"application\/ld+json\" class=\"yoast-schema-graph\">{\"@context\":\"https:\\\/\\\/schema.org\",\"@graph\":[{\"@type\":\"WebPage\",\"@id\":\"https:\\\/\\\/usa-b2.com\\\/no\\\/amerikanske-ambassade\\\/\",\"url\":\"https:\\\/\\\/usa-b2.com\\\/no\\\/amerikanske-ambassade\\\/\",\"name\":\"Amerikas forente staters ambassade - USA B2\",\"isPartOf\":{\"@id\":\"https:\\\/\\\/usa-b2.com\\\/no\\\/#website\"},\"datePublished\":\"2024-02-10T17:17:00+00:00\",\"dateModified\":\"2025-11-28T09:36:13+00:00\",\"description\":\"Hvor finner du den n\u00e6rmeste amerikanske ambassaden i n\u00e6rheten av der du bor for \u00e5 s\u00f8ke om visum til USA?\",\"breadcrumb\":{\"@id\":\"https:\\\/\\\/usa-b2.com\\\/no\\\/amerikanske-ambassade\\\/#breadcrumb\"},\"inLanguage\":\"nb-NO\",\"potentialAction\":[{\"@type\":\"ReadAction\",\"target\":[\"https:\\\/\\\/usa-b2.com\\\/no\\\/amerikanske-ambassade\\\/\"]}]},{\"@type\":\"BreadcrumbList\",\"@id\":\"https:\\\/\\\/usa-b2.com\\\/no\\\/amerikanske-ambassade\\\/#breadcrumb\",\"itemListElement\":[{\"@type\":\"ListItem\",\"position\":1,\"name\":\"Accueil\",\"item\":\"https:\\\/\\\/usa-b2.com\\\/no\\\/usa\\\/\"},{\"@type\":\"ListItem\",\"position\":2,\"name\":\"Amerikas forente staters ambassade\"}]},{\"@type\":\"WebSite\",\"@id\":\"https:\\\/\\\/usa-b2.com\\\/no\\\/#website\",\"url\":\"https:\\\/\\\/usa-b2.com\\\/no\\\/\",\"name\":\"USA B2 VISA\",\"description\":\"\",\"potentialAction\":[{\"@type\":\"SearchAction\",\"target\":{\"@type\":\"EntryPoint\",\"urlTemplate\":\"https:\\\/\\\/usa-b2.com\\\/no\\\/?s={search_term_string}\"},\"query-input\":{\"@type\":\"PropertyValueSpecification\",\"valueRequired\":true,\"valueName\":\"search_term_string\"}}],\"inLanguage\":\"nb-NO\"}]}<\/script>\n<!-- \/ Yoast SEO plugin. -->","yoast_head_json":{"title":"Amerikas forente staters ambassade - USA B2","description":"Hvor finner du den n\u00e6rmeste amerikanske ambassaden i n\u00e6rheten av der du bor for \u00e5 s\u00f8ke om visum til USA?","robots":{"index":"index","follow":"follow","max-snippet":"max-snippet:-1","max-image-preview":"max-image-preview:large","max-video-preview":"max-video-preview:-1"},"canonical":"https:\/\/usa-b2.com\/no\/amerikanske-ambassade\/","og_locale":"nb_NO","og_type":"article","og_title":"Amerikas forente staters ambassade - USA B2","og_description":"Hvor finner du den n\u00e6rmeste amerikanske ambassaden i n\u00e6rheten av der du bor for \u00e5 s\u00f8ke om visum til USA?","og_url":"https:\/\/usa-b2.com\/no\/amerikanske-ambassade\/","og_site_name":"USA B2","article_modified_time":"2025-11-28T09:36:13+00:00","twitter_card":"summary_large_image","twitter_misc":{"Ansl. lesetid":"1 minutt"},"schema":{"@context":"https:\/\/schema.org","@graph":[{"@type":"WebPage","@id":"https:\/\/usa-b2.com\/no\/amerikanske-ambassade\/","url":"https:\/\/usa-b2.com\/no\/amerikanske-ambassade\/","name":"Amerikas forente staters ambassade - USA B2","isPartOf":{"@id":"https:\/\/usa-b2.com\/no\/#website"},"datePublished":"2024-02-10T17:17:00+00:00","dateModified":"2025-11-28T09:36:13+00:00","description":"Hvor finner du den n\u00e6rmeste amerikanske ambassaden i n\u00e6rheten av der du bor for \u00e5 s\u00f8ke om visum til USA?","breadcrumb":{"@id":"https:\/\/usa-b2.com\/no\/amerikanske-ambassade\/#breadcrumb"},"inLanguage":"nb-NO","potentialAction":[{"@type":"ReadAction","target":["https:\/\/usa-b2.com\/no\/amerikanske-ambassade\/"]}]},{"@type":"BreadcrumbList","@id":"https:\/\/usa-b2.com\/no\/amerikanske-ambassade\/#breadcrumb","itemListElement":[{"@type":"ListItem","position":1,"name":"Accueil","item":"https:\/\/usa-b2.com\/no\/usa\/"},{"@type":"ListItem","position":2,"name":"Amerikas forente staters ambassade"}]},{"@type":"WebSite","@id":"https:\/\/usa-b2.com\/no\/#website","url":"https:\/\/usa-b2.com\/no\/","name":"USA B2 VISA","description":"","potentialAction":[{"@type":"SearchAction","target":{"@type":"EntryPoint","urlTemplate":"https:\/\/usa-b2.com\/no\/?s={search_term_string}"},"query-input":{"@type":"PropertyValueSpecification","valueRequired":true,"valueName":"search_term_string"}}],"inLanguage":"nb-NO"}]}},"_links":{"self":[{"href":"https:\/\/usa-b2.com\/no\/wp-json\/wp\/v2\/pages\/2025","targetHints":{"allow":["GET"]}}],"collection":[{"href":"https:\/\/usa-b2.com\/no\/wp-json\/wp\/v2\/pages"}],"about":[{"href":"https:\/\/usa-b2.com\/no\/wp-json\/wp\/v2\/types\/page"}],"author":[{"embeddable":true,"href":"https:\/\/usa-b2.com\/no\/wp-json\/wp\/v2\/users\/1"}],"replies":[{"embeddable":true,"href":"https:\/\/usa-b2.com\/no\/wp-json\/wp\/v2\/comments?post=2025"}],"version-history":[{"count":2,"href":"https:\/\/usa-b2.com\/no\/wp-json\/wp\/v2\/pages\/2025\/revisions"}],"predecessor-version":[{"id":10905,"href":"https:\/\/usa-b2.com\/no\/wp-json\/wp\/v2\/pages\/2025\/revisions\/10905"}],"wp:attachment":[{"href":"https:\/\/usa-b2.com\/no\/wp-json\/wp\/v2\/media?parent=2025"}],"curies":[{"name":"wp","href":"https:\/\/api.w.org\/{rel}","templated":true}]}}