{"id":9339,"date":"2025-06-06T07:37:34","date_gmt":"2025-06-06T07:37:34","guid":{"rendered":"https:\/\/usa-b2.com\/visto-b2-per-tedeschi\/"},"modified":"2025-06-09T18:34:14","modified_gmt":"2025-06-09T18:34:14","slug":"visto-b2-per-tedeschi","status":"publish","type":"page","link":"https:\/\/usa-b2.com\/it\/visto-b2-per-tedeschi\/","title":{"rendered":"Ottenere un visto B2 per un tedesco"},"content":{"rendered":"\n<h1 class=\"wp-block-heading\">Richiedere un visto B2 per gli Stati Uniti dalla Germania<\/h1>\n\n<p>Sei un <strong>cittadino tedesco<\/strong> e stai pianificando una vacanza negli Stati Uniti? Se il tuo viaggio dura pi\u00f9 di 90 giorni o se non puoi utilizzare l&#8217;ESTA, il <strong>visto B2 per i tedeschi<\/strong> \u00e8 la soluzione ideale. <\/p>\n\n<h3 class=\"wp-block-heading\">Cos&#8217;\u00e8 un visto B2?<\/h3>\n\n<p>Il <strong>visto B2<\/strong> \u00e8 un <a href=\"https:\/\/usa-b2.com\/it\/visto-visitatore-stati-uniti\/\">visto per visitatori<\/a> non immigrati negli Stati Uniti, destinato a soggiorni temporanei per :<\/p>\n\n<ul class=\"wp-block-list\">\n<li><strong>Turismo<\/strong> o vacanze<\/li>\n\n\n\n<li><strong>Visita in famiglia o in amicizia<\/strong><\/li>\n\n\n\n<li><strong>Assistenza medica negli Stati Uniti<\/strong><\/li>\n<\/ul>\n\n<div style=\"height:10px\" aria-hidden=\"true\" class=\"wp-block-spacer\"><\/div>\n\n<h3 class=\"wp-block-heading\">I cittadini tedeschi hanno bisogno di un visto B2?<\/h3>\n\n<p>No, <strong>non necessariamente<\/strong>.<br \/>I tedeschi possono compilare il <a href=\"https:\/\/usa-b2.com\/it\/modulo-esta-online\/\">modulo ESTA online<\/a> per soggiorni <strong>inferiori a 90 giorni<\/strong>. La Germania fa parte del <a href=\"https:\/\/usa-b2.com\/it\/visa-waiver-program\/\">Programma Viaggio senza Visto<\/a>. <\/p>\n\n<p>Tuttavia, nei seguenti casi, il <strong>visto americano B2<\/strong> \u00e8 consigliato o addirittura obbligatorio per un tedesco:<\/p>\n\n<ul class=\"wp-block-list\">\n<li>Hai <strong>superato la durata del soggiorno autorizzato<\/strong> in passato<\/li>\n\n\n\n<li>Ti \u00e8 stata <strong>rifiutata l&#8217;ESTA<\/strong><\/li>\n\n\n\n<li>Desideri <strong>soggiornare per pi\u00f9 di 90 giorni<\/strong><\/li>\n\n\n\n<li>Hai precedenti penali o circostanze particolari<\/li>\n<\/ul>\n\n<div style=\"height:10px\" aria-hidden=\"true\" class=\"wp-block-spacer\"><\/div>\n\n<h3 class=\"wp-block-heading\">Procedura per ottenere un visto B2 dalla Germania<\/h3>\n\n<ol class=\"wp-block-list\">\n<li>Compilazione del <a href=\"https:\/\/usa-b2.com\/it\/ds-160\/\">modulo DS-160<\/a><\/li>\n\n\n\n<li>Pagare la <a href=\"https:\/\/usa-b2.com\/it\/tasse-visto-b2\/\">tassa per il visto B2<\/a><\/li>\n\n\n\n<li>Prendi un <a href=\"https:\/\/usa-b2.com\/it\/appuntamento-visto-ambasciata-stati-uniti\/\">appuntamento presso l&#8217;ambasciata<\/a> in Germania<\/li>\n\n\n\n<li>Presenta i tuoi documenti (passaporto, documenti giustificativi, prova di ritorno)<\/li>\n\n\n\n<li>Superare il colloquio consolare<\/li>\n<\/ol>\n\n<div style=\"height:10px\" aria-hidden=\"true\" class=\"wp-block-spacer\"><\/div>\n\n<h3 class=\"wp-block-heading\">Dove posso recarmi per un colloquio in Germania?<\/h3>\n\n<ul class=\"wp-block-list\">\n<li><a href=\"https:\/\/usa-b2.com\/it\/ambasciata-americana\/\">Ambasciata degli Stati Uniti<\/a> a Berlino<\/li>\n\n\n\n<li>Consolato a Francoforte o Monaco<\/li>\n<\/ul>\n\n<h3 class=\"wp-block-heading\">Durata e validit\u00e0<\/h3>\n\n<ul class=\"wp-block-list\">\n<li>Il visto B2 pu\u00f2 essere <strong>valido per un massimo di 10 anni<\/strong>.<\/li>\n\n\n\n<li>Ogni ingresso autorizza un soggiorno <strong>massimo<\/strong> di <strong>6 mesi<\/strong>.<\/li>\n<\/ul>\n\n<h2 class=\"wp-block-heading\">DOMANDE FREQUENTI<\/h2>\n\n<div class=\"schema-faq wp-block-yoast-faq-block\"><div class=\"schema-faq-section\" id=\"faq-question-1749195650019\"><strong class=\"schema-faq-question\"><strong>Il visto B2 sostituisce l&#8217;ESTA?<\/strong><\/strong> <p class=\"schema-faq-answer\">No. Si tratta di un&#8217;alternativa pi\u00f9 completa, utile in caso di <strong>rifiuto o di soggiorno prolungato<\/strong>.<\/p> <\/div> <div class=\"schema-faq-section\" id=\"faq-question-1749195662823\"><strong class=\"schema-faq-question\"><strong>Posso viaggiare con la mia famiglia?<\/strong><\/strong> <p class=\"schema-faq-answer\">S\u00ec, ogni membro deve presentare la propria domanda.<\/p> <\/div> <\/div>\n","protected":false},"excerpt":{"rendered":"<p>Richiedere un visto B2 per gli Stati Uniti dalla Germania Sei un cittadino tedesco e stai pianificando una vacanza negli Stati Uniti? Se il tuo viaggio dura pi\u00f9 di 90 giorni o se non puoi utilizzare l&#8217;ESTA, il visto B2 per i tedeschi \u00e8 la soluzione ideale. Cos&#8217;\u00e8 un visto B2? Il visto B2 \u00e8 [&hellip;]<\/p>\n","protected":false},"author":1,"featured_media":0,"parent":0,"menu_order":0,"comment_status":"closed","ping_status":"closed","template":"","meta":{"footnotes":""},"class_list":["post-9339","page","type-page","status-publish","hentry"],"yoast_head":"<!-- This site is optimized with the Yoast SEO plugin v27.4 - https:\/\/yoast.com\/product\/yoast-seo-wordpress\/ -->\n<title>Ottenere un visto B2 per un tedesco - USA B2<\/title>\n<meta name=\"description\" content=\"I cittadini tedeschi possono richiedere un visto B2 per gli Stati Uniti per un soggiorno turistico di oltre 90 giorni.\" \/>\n<meta name=\"robots\" content=\"index, follow, max-snippet:-1, max-image-preview:large, max-video-preview:-1\" \/>\n<link rel=\"canonical\" href=\"https:\/\/usa-b2.com\/it\/visto-b2-per-tedeschi\/\" \/>\n<meta property=\"og:locale\" content=\"it_IT\" \/>\n<meta property=\"og:type\" content=\"article\" \/>\n<meta property=\"og:title\" content=\"Ottenere un visto B2 per un tedesco - USA B2\" \/>\n<meta property=\"og:description\" content=\"I cittadini tedeschi possono richiedere un visto B2 per gli Stati Uniti per un soggiorno turistico di oltre 90 giorni.\" \/>\n<meta property=\"og:url\" content=\"https:\/\/usa-b2.com\/it\/visto-b2-per-tedeschi\/\" \/>\n<meta property=\"og:site_name\" content=\"USA B2\" \/>\n<meta property=\"article:modified_time\" content=\"2025-06-09T18:34:14+00:00\" \/>\n<meta name=\"twitter:card\" content=\"summary_large_image\" \/>\n<meta name=\"twitter:label1\" content=\"Tempo di lettura stimato\" \/>\n\t<meta name=\"twitter:data1\" content=\"1 minuto\" \/>\n<script type=\"application\/ld+json\" class=\"yoast-schema-graph\">{\"@context\":\"https:\\\/\\\/schema.org\",\"@graph\":[{\"@type\":[\"WebPage\",\"FAQPage\"],\"@id\":\"https:\\\/\\\/usa-b2.com\\\/it\\\/visto-b2-per-tedeschi\\\/\",\"url\":\"https:\\\/\\\/usa-b2.com\\\/it\\\/visto-b2-per-tedeschi\\\/\",\"name\":\"Ottenere un visto B2 per un tedesco - USA B2\",\"isPartOf\":{\"@id\":\"https:\\\/\\\/usa-b2.com\\\/it\\\/#website\"},\"datePublished\":\"2025-06-06T07:37:34+00:00\",\"dateModified\":\"2025-06-09T18:34:14+00:00\",\"description\":\"I cittadini tedeschi possono richiedere un visto B2 per gli Stati Uniti per un soggiorno turistico di oltre 90 giorni.\",\"breadcrumb\":{\"@id\":\"https:\\\/\\\/usa-b2.com\\\/it\\\/visto-b2-per-tedeschi\\\/#breadcrumb\"},\"mainEntity\":[{\"@id\":\"https:\\\/\\\/usa-b2.com\\\/it\\\/visto-b2-per-tedeschi\\\/#faq-question-1749195650019\"},{\"@id\":\"https:\\\/\\\/usa-b2.com\\\/it\\\/visto-b2-per-tedeschi\\\/#faq-question-1749195662823\"}],\"inLanguage\":\"it-IT\",\"potentialAction\":[{\"@type\":\"ReadAction\",\"target\":[\"https:\\\/\\\/usa-b2.com\\\/it\\\/visto-b2-per-tedeschi\\\/\"]}]},{\"@type\":\"BreadcrumbList\",\"@id\":\"https:\\\/\\\/usa-b2.com\\\/it\\\/visto-b2-per-tedeschi\\\/#breadcrumb\",\"itemListElement\":[{\"@type\":\"ListItem\",\"position\":1,\"name\":\"Accueil\",\"item\":\"https:\\\/\\\/usa-b2.com\\\/it\\\/usa\\\/\"},{\"@type\":\"ListItem\",\"position\":2,\"name\":\"Ottenere un visto B2 per un tedesco\"}]},{\"@type\":\"WebSite\",\"@id\":\"https:\\\/\\\/usa-b2.com\\\/it\\\/#website\",\"url\":\"https:\\\/\\\/usa-b2.com\\\/it\\\/\",\"name\":\"USA B2 VISA\",\"description\":\"\",\"potentialAction\":[{\"@type\":\"SearchAction\",\"target\":{\"@type\":\"EntryPoint\",\"urlTemplate\":\"https:\\\/\\\/usa-b2.com\\\/it\\\/?s={search_term_string}\"},\"query-input\":{\"@type\":\"PropertyValueSpecification\",\"valueRequired\":true,\"valueName\":\"search_term_string\"}}],\"inLanguage\":\"it-IT\"},{\"@type\":\"Question\",\"@id\":\"https:\\\/\\\/usa-b2.com\\\/it\\\/visto-b2-per-tedeschi\\\/#faq-question-1749195650019\",\"position\":1,\"url\":\"https:\\\/\\\/usa-b2.com\\\/it\\\/visto-b2-per-tedeschi\\\/#faq-question-1749195650019\",\"name\":\"Il visto B2 sostituisce l'ESTA?\",\"answerCount\":1,\"acceptedAnswer\":{\"@type\":\"Answer\",\"text\":\"No. Si tratta di un'alternativa pi\u00f9 completa, utile in caso di <strong>rifiuto o di soggiorno prolungato<\\\/strong>.\",\"inLanguage\":\"it-IT\"},\"inLanguage\":\"it-IT\"},{\"@type\":\"Question\",\"@id\":\"https:\\\/\\\/usa-b2.com\\\/it\\\/visto-b2-per-tedeschi\\\/#faq-question-1749195662823\",\"position\":2,\"url\":\"https:\\\/\\\/usa-b2.com\\\/it\\\/visto-b2-per-tedeschi\\\/#faq-question-1749195662823\",\"name\":\"Posso viaggiare con la mia famiglia?\",\"answerCount\":1,\"acceptedAnswer\":{\"@type\":\"Answer\",\"text\":\"S\u00ec, ogni membro deve presentare la propria domanda.\",\"inLanguage\":\"it-IT\"},\"inLanguage\":\"it-IT\"}]}<\/script>\n<!-- \/ Yoast SEO plugin. -->","yoast_head_json":{"title":"Ottenere un visto B2 per un tedesco - USA B2","description":"I cittadini tedeschi possono richiedere un visto B2 per gli Stati Uniti per un soggiorno turistico di oltre 90 giorni.","robots":{"index":"index","follow":"follow","max-snippet":"max-snippet:-1","max-image-preview":"max-image-preview:large","max-video-preview":"max-video-preview:-1"},"canonical":"https:\/\/usa-b2.com\/it\/visto-b2-per-tedeschi\/","og_locale":"it_IT","og_type":"article","og_title":"Ottenere un visto B2 per un tedesco - USA B2","og_description":"I cittadini tedeschi possono richiedere un visto B2 per gli Stati Uniti per un soggiorno turistico di oltre 90 giorni.","og_url":"https:\/\/usa-b2.com\/it\/visto-b2-per-tedeschi\/","og_site_name":"USA B2","article_modified_time":"2025-06-09T18:34:14+00:00","twitter_card":"summary_large_image","twitter_misc":{"Tempo di lettura stimato":"1 minuto"},"schema":{"@context":"https:\/\/schema.org","@graph":[{"@type":["WebPage","FAQPage"],"@id":"https:\/\/usa-b2.com\/it\/visto-b2-per-tedeschi\/","url":"https:\/\/usa-b2.com\/it\/visto-b2-per-tedeschi\/","name":"Ottenere un visto B2 per un tedesco - USA B2","isPartOf":{"@id":"https:\/\/usa-b2.com\/it\/#website"},"datePublished":"2025-06-06T07:37:34+00:00","dateModified":"2025-06-09T18:34:14+00:00","description":"I cittadini tedeschi possono richiedere un visto B2 per gli Stati Uniti per un soggiorno turistico di oltre 90 giorni.","breadcrumb":{"@id":"https:\/\/usa-b2.com\/it\/visto-b2-per-tedeschi\/#breadcrumb"},"mainEntity":[{"@id":"https:\/\/usa-b2.com\/it\/visto-b2-per-tedeschi\/#faq-question-1749195650019"},{"@id":"https:\/\/usa-b2.com\/it\/visto-b2-per-tedeschi\/#faq-question-1749195662823"}],"inLanguage":"it-IT","potentialAction":[{"@type":"ReadAction","target":["https:\/\/usa-b2.com\/it\/visto-b2-per-tedeschi\/"]}]},{"@type":"BreadcrumbList","@id":"https:\/\/usa-b2.com\/it\/visto-b2-per-tedeschi\/#breadcrumb","itemListElement":[{"@type":"ListItem","position":1,"name":"Accueil","item":"https:\/\/usa-b2.com\/it\/usa\/"},{"@type":"ListItem","position":2,"name":"Ottenere un visto B2 per un tedesco"}]},{"@type":"WebSite","@id":"https:\/\/usa-b2.com\/it\/#website","url":"https:\/\/usa-b2.com\/it\/","name":"USA B2 VISA","description":"","potentialAction":[{"@type":"SearchAction","target":{"@type":"EntryPoint","urlTemplate":"https:\/\/usa-b2.com\/it\/?s={search_term_string}"},"query-input":{"@type":"PropertyValueSpecification","valueRequired":true,"valueName":"search_term_string"}}],"inLanguage":"it-IT"},{"@type":"Question","@id":"https:\/\/usa-b2.com\/it\/visto-b2-per-tedeschi\/#faq-question-1749195650019","position":1,"url":"https:\/\/usa-b2.com\/it\/visto-b2-per-tedeschi\/#faq-question-1749195650019","name":"Il visto B2 sostituisce l'ESTA?","answerCount":1,"acceptedAnswer":{"@type":"Answer","text":"No. Si tratta di un'alternativa pi\u00f9 completa, utile in caso di <strong>rifiuto o di soggiorno prolungato<\/strong>.","inLanguage":"it-IT"},"inLanguage":"it-IT"},{"@type":"Question","@id":"https:\/\/usa-b2.com\/it\/visto-b2-per-tedeschi\/#faq-question-1749195662823","position":2,"url":"https:\/\/usa-b2.com\/it\/visto-b2-per-tedeschi\/#faq-question-1749195662823","name":"Posso viaggiare con la mia famiglia?","answerCount":1,"acceptedAnswer":{"@type":"Answer","text":"S\u00ec, ogni membro deve presentare la propria domanda.","inLanguage":"it-IT"},"inLanguage":"it-IT"}]}},"_links":{"self":[{"href":"https:\/\/usa-b2.com\/it\/wp-json\/wp\/v2\/pages\/9339","targetHints":{"allow":["GET"]}}],"collection":[{"href":"https:\/\/usa-b2.com\/it\/wp-json\/wp\/v2\/pages"}],"about":[{"href":"https:\/\/usa-b2.com\/it\/wp-json\/wp\/v2\/types\/page"}],"author":[{"embeddable":true,"href":"https:\/\/usa-b2.com\/it\/wp-json\/wp\/v2\/users\/1"}],"replies":[{"embeddable":true,"href":"https:\/\/usa-b2.com\/it\/wp-json\/wp\/v2\/comments?post=9339"}],"version-history":[{"count":2,"href":"https:\/\/usa-b2.com\/it\/wp-json\/wp\/v2\/pages\/9339\/revisions"}],"predecessor-version":[{"id":9436,"href":"https:\/\/usa-b2.com\/it\/wp-json\/wp\/v2\/pages\/9339\/revisions\/9436"}],"wp:attachment":[{"href":"https:\/\/usa-b2.com\/it\/wp-json\/wp\/v2\/media?parent=9339"}],"curies":[{"name":"wp","href":"https:\/\/api.w.org\/{rel}","templated":true}]}}