{"id":9110,"date":"2025-05-23T09:31:31","date_gmt":"2025-05-23T09:31:31","guid":{"rendered":"https:\/\/usa-b2.com\/visto-b2-per-italiano\/"},"modified":"2025-10-13T14:24:32","modified_gmt":"2025-10-13T14:24:32","slug":"visto-b2-per-italiano","status":"publish","type":"page","link":"https:\/\/usa-b2.com\/it\/visto-b2-per-italiano\/","title":{"rendered":"Ottenere un visto B2 per un italiano che si reca negli USA"},"content":{"rendered":"\n<h1 class=\"wp-block-heading\">Visto B2 per gli italiani che si recano negli Stati Uniti<\/h1>\n\n<p>Se sei un cittadino italiano e devi recarti negli Stati Uniti per turismo, per visitare un parente o per recarti da un medico: il visto B2 \u00e8 il <a href=\"https:\/\/usa-b2.com\/fr\/visa-visiteur-usa\/\">visto per visitatori USA<\/a> di cui hai bisogno. In questa guida completa scoprirai come ottenere un <strong>visto B2 USA per italiani<\/strong>, le condizioni, le scadenze e i documenti necessari. <\/p>\n\n<h2 class=\"wp-block-heading\">Cos&#8217;\u00e8 un visto B2?<\/h2>\n\n<p>Il <a href=\"https:\/\/usa-b2.com\/it\/visto-b2\/\">visto americano B2<\/a> \u00e8 un visto non immigrante destinato a persone che desiderano soggiornare temporaneamente negli Stati Uniti per : Turismo, vacanze, cure mediche o visita a parenti.<\/p>\n\n<h2 class=\"wp-block-heading\">Gli italiani hanno bisogno di un visto B2?<\/h2>\n\n<p>Se sei un <strong>cittadino italiano<\/strong> che si reca negli Stati Uniti per meno di 90 giorni, in linea di principio puoi utilizzare l&#8217;<a href=\"https:\/\/usa-b2.com\/fr\/c-est-quoi-une-esta\/\">autorizzazione elettronica di viaggio ESTA<\/a>.<\/p>\n\n<p>Ma se ti \u00e8 gi\u00e0 stato rifiutato un ESTA, se il tuo viaggio \u00e8 pi\u00f9 lungo o se hai un profilo ad alto rischio, \u00e8 preferibile <a href=\"https:\/\/usa-b2.com\/fr\/procedure-demande-visa-b2\/\">richiedere un visto USA B2<\/a>.<\/p>\n\n<h2 class=\"wp-block-heading\">Come posso richiedere un visto B2 dall&#8217;Italia?<\/h2>\n\n<h3 class=\"wp-block-heading\">1. Compila il modulo DS-160 online<\/h3>\n\n<p>Il <a href=\"https:\/\/usa-b2.com\/fr\/ds-160\/\">modulo DS-160<\/a> \u00e8 obbligatorio per tutte le richieste di visto turistico.<\/p>\n\n<h3 class=\"wp-block-heading\">2. Pagare la tassa di iscrizione<\/h3>\n\n<p><a href=\"https:\/\/usa-b2.com\/fr\/frais-visa-b2-usa\/\">Il costo del visto B2<\/a> \u00e8 di <strong>185 USD<\/strong>, pagabili online.<\/p>\n\n<h3 class=\"wp-block-heading\">3. Prendi un appuntamento presso l&#8217;Ambasciata degli Stati Uniti in Italia<\/h3>\n\n<p>Tutti i candidati devono sostenere un <a href=\"https:\/\/usa-b2.com\/it\/appuntamento-visto-ambasciata-stati-uniti\/\">colloquio presso l&#8217;Ambasciata degli Stati Uniti<\/a>.<\/p>\n\n<h3 class=\"wp-block-heading\">4. Preparare i documenti necessari<\/h3>\n\n<ul class=\"wp-block-list\">\n<li><a href=\"https:\/\/usa-b2.com\/fr\/passeport-pour-voyager-aux-usa\/\">Passaporto valido per viaggiare negli Stati Uniti<\/a><\/li>\n\n\n\n<li>Fototessera<\/li>\n\n\n\n<li>Rendiconti finanziari<\/li>\n\n\n\n<li>Prova del tuo legame con l&#8217;Italia (lavoro, famiglia, alloggio, ecc.)<\/li>\n<\/ul>\n\n<h3 class=\"wp-block-heading\">5. Vai al colloquio e attendi la decisione<\/h3>\n\n<p>Dopo il colloquio, il visto viene generalmente rilasciato entro <strong>7-15 giorni lavorativi<\/strong>.<\/p>\n\n<h2 class=\"wp-block-heading\">Dove posso andare per un colloquio in Italia?<\/h2>\n\n<p><strong>Ambasciata degli Stati Uniti a Roma<\/strong><br\/>Via Vittorio Veneto, 121, 00187 Roma.<br\/>Sito ufficiale: <a href=\"https:\/\/it.usembassy.gov\/\">it.usembassy.gov<\/a><\/p>\n\n<h2 class=\"wp-block-heading\">FAQ sul visto B2 per gli italiani<\/h2>\n\n<div class=\"schema-faq wp-block-yoast-faq-block\"><div class=\"schema-faq-section\" id=\"faq-question-1747998967682\"><strong class=\"schema-faq-question\"><strong>Per quanto tempo \u00e8 valido un visto B2?<\/strong><\/strong> <p class=\"schema-faq-answer\">Il visto \u00e8 valido <strong>per un massimo di 10 anni<\/strong>, ma ogni soggiorno <strong>\u00e8 limitato a un massimo di 6 mesi<\/strong>.<\/p> <\/div> <div class=\"schema-faq-section\" id=\"faq-question-1747998984062\"><strong class=\"schema-faq-question\"><strong>Posso prolungare il mio visto B2 negli Stati Uniti?<\/strong><\/strong> <p class=\"schema-faq-answer\">S\u00ec, \u00e8 possibile <strong>richiedere<\/strong> una <strong>proroga<\/strong> dagli Stati Uniti, ma deve essere giustificata.<\/p> <\/div> <div class=\"schema-faq-section\" id=\"faq-question-1747998994557\"><strong class=\"schema-faq-question\"><strong>\u00c8 pi\u00f9 sicuro richiedere un visto B2 piuttosto che l&#8217;ESTA?<\/strong><\/strong> <p class=\"schema-faq-answer\">S\u00ec, soprattutto se sei stato rifiutato o se vuoi <strong>evitare il rischio di un rifiuto<\/strong>.<\/p> <\/div> <\/div>\n","protected":false},"excerpt":{"rendered":"<p>Visto B2 per gli italiani che si recano negli Stati Uniti Se sei un cittadino italiano e devi recarti negli Stati Uniti per turismo, per visitare un parente o per recarti da un medico: il visto B2 \u00e8 il visto per visitatori USA di cui hai bisogno. In questa guida completa scoprirai come ottenere un [&hellip;]<\/p>\n","protected":false},"author":1,"featured_media":0,"parent":0,"menu_order":0,"comment_status":"closed","ping_status":"closed","template":"","meta":{"footnotes":""},"class_list":["post-9110","page","type-page","status-publish","hentry"],"yoast_head":"<!-- This site is optimized with the Yoast SEO plugin v27.4 - https:\/\/yoast.com\/product\/yoast-seo-wordpress\/ -->\n<title>Ottenere un visto B2 per un italiano che si reca negli USA - USA B2<\/title>\n<meta name=\"description\" content=\"Se sei italiano e vuoi recarti negli Stati Uniti, puoi ottenere un visto B2 per viaggi turistici o d&#039;affari.\" \/>\n<meta name=\"robots\" content=\"index, follow, max-snippet:-1, max-image-preview:large, max-video-preview:-1\" \/>\n<link rel=\"canonical\" href=\"https:\/\/usa-b2.com\/it\/visto-b2-per-italiano\/\" \/>\n<meta property=\"og:locale\" content=\"it_IT\" \/>\n<meta property=\"og:type\" content=\"article\" \/>\n<meta property=\"og:title\" content=\"Ottenere un visto B2 per un italiano che si reca negli USA - USA B2\" \/>\n<meta property=\"og:description\" content=\"Se sei italiano e vuoi recarti negli Stati Uniti, puoi ottenere un visto B2 per viaggi turistici o d&#039;affari.\" \/>\n<meta property=\"og:url\" content=\"https:\/\/usa-b2.com\/it\/visto-b2-per-italiano\/\" \/>\n<meta property=\"og:site_name\" content=\"USA B2\" \/>\n<meta property=\"article:modified_time\" content=\"2025-10-13T14:24:32+00:00\" \/>\n<meta name=\"twitter:card\" content=\"summary_large_image\" \/>\n<meta name=\"twitter:label1\" content=\"Tempo di lettura stimato\" \/>\n\t<meta name=\"twitter:data1\" content=\"2 minuti\" \/>\n<script type=\"application\/ld+json\" class=\"yoast-schema-graph\">{\"@context\":\"https:\\\/\\\/schema.org\",\"@graph\":[{\"@type\":[\"WebPage\",\"FAQPage\"],\"@id\":\"https:\\\/\\\/usa-b2.com\\\/it\\\/visto-b2-per-italiano\\\/\",\"url\":\"https:\\\/\\\/usa-b2.com\\\/it\\\/visto-b2-per-italiano\\\/\",\"name\":\"Ottenere un visto B2 per un italiano che si reca negli USA - USA B2\",\"isPartOf\":{\"@id\":\"https:\\\/\\\/usa-b2.com\\\/it\\\/#website\"},\"datePublished\":\"2025-05-23T09:31:31+00:00\",\"dateModified\":\"2025-10-13T14:24:32+00:00\",\"description\":\"Se sei italiano e vuoi recarti negli Stati Uniti, puoi ottenere un visto B2 per viaggi turistici o d'affari.\",\"breadcrumb\":{\"@id\":\"https:\\\/\\\/usa-b2.com\\\/it\\\/visto-b2-per-italiano\\\/#breadcrumb\"},\"mainEntity\":[{\"@id\":\"https:\\\/\\\/usa-b2.com\\\/it\\\/visto-b2-per-italiano\\\/#faq-question-1747998967682\"},{\"@id\":\"https:\\\/\\\/usa-b2.com\\\/it\\\/visto-b2-per-italiano\\\/#faq-question-1747998984062\"},{\"@id\":\"https:\\\/\\\/usa-b2.com\\\/it\\\/visto-b2-per-italiano\\\/#faq-question-1747998994557\"}],\"inLanguage\":\"it-IT\",\"potentialAction\":[{\"@type\":\"ReadAction\",\"target\":[\"https:\\\/\\\/usa-b2.com\\\/it\\\/visto-b2-per-italiano\\\/\"]}]},{\"@type\":\"BreadcrumbList\",\"@id\":\"https:\\\/\\\/usa-b2.com\\\/it\\\/visto-b2-per-italiano\\\/#breadcrumb\",\"itemListElement\":[{\"@type\":\"ListItem\",\"position\":1,\"name\":\"Accueil\",\"item\":\"https:\\\/\\\/usa-b2.com\\\/it\\\/usa\\\/\"},{\"@type\":\"ListItem\",\"position\":2,\"name\":\"Ottenere un visto B2 per un italiano che si reca negli USA\"}]},{\"@type\":\"WebSite\",\"@id\":\"https:\\\/\\\/usa-b2.com\\\/it\\\/#website\",\"url\":\"https:\\\/\\\/usa-b2.com\\\/it\\\/\",\"name\":\"USA B2 VISA\",\"description\":\"\",\"potentialAction\":[{\"@type\":\"SearchAction\",\"target\":{\"@type\":\"EntryPoint\",\"urlTemplate\":\"https:\\\/\\\/usa-b2.com\\\/it\\\/?s={search_term_string}\"},\"query-input\":{\"@type\":\"PropertyValueSpecification\",\"valueRequired\":true,\"valueName\":\"search_term_string\"}}],\"inLanguage\":\"it-IT\"},{\"@type\":\"Question\",\"@id\":\"https:\\\/\\\/usa-b2.com\\\/it\\\/visto-b2-per-italiano\\\/#faq-question-1747998967682\",\"position\":1,\"url\":\"https:\\\/\\\/usa-b2.com\\\/it\\\/visto-b2-per-italiano\\\/#faq-question-1747998967682\",\"name\":\"Per quanto tempo \u00e8 valido un visto B2?\",\"answerCount\":1,\"acceptedAnswer\":{\"@type\":\"Answer\",\"text\":\"Il visto \u00e8 valido <strong>per un massimo di 10 anni<\\\/strong>, ma ogni soggiorno <strong>\u00e8 limitato a un massimo di 6 mesi<\\\/strong>.\",\"inLanguage\":\"it-IT\"},\"inLanguage\":\"it-IT\"},{\"@type\":\"Question\",\"@id\":\"https:\\\/\\\/usa-b2.com\\\/it\\\/visto-b2-per-italiano\\\/#faq-question-1747998984062\",\"position\":2,\"url\":\"https:\\\/\\\/usa-b2.com\\\/it\\\/visto-b2-per-italiano\\\/#faq-question-1747998984062\",\"name\":\"Posso prolungare il mio visto B2 negli Stati Uniti?\",\"answerCount\":1,\"acceptedAnswer\":{\"@type\":\"Answer\",\"text\":\"S\u00ec, \u00e8 possibile <strong>richiedere<\\\/strong> una <strong>proroga<\\\/strong> dagli Stati Uniti, ma deve essere giustificata.\",\"inLanguage\":\"it-IT\"},\"inLanguage\":\"it-IT\"},{\"@type\":\"Question\",\"@id\":\"https:\\\/\\\/usa-b2.com\\\/it\\\/visto-b2-per-italiano\\\/#faq-question-1747998994557\",\"position\":3,\"url\":\"https:\\\/\\\/usa-b2.com\\\/it\\\/visto-b2-per-italiano\\\/#faq-question-1747998994557\",\"name\":\"\u00c8 pi\u00f9 sicuro richiedere un visto B2 piuttosto che l'ESTA?\",\"answerCount\":1,\"acceptedAnswer\":{\"@type\":\"Answer\",\"text\":\"S\u00ec, soprattutto se sei stato rifiutato o se vuoi <strong>evitare il rischio di un rifiuto<\\\/strong>.\",\"inLanguage\":\"it-IT\"},\"inLanguage\":\"it-IT\"}]}<\/script>\n<!-- \/ Yoast SEO plugin. -->","yoast_head_json":{"title":"Ottenere un visto B2 per un italiano che si reca negli USA - USA B2","description":"Se sei italiano e vuoi recarti negli Stati Uniti, puoi ottenere un visto B2 per viaggi turistici o d'affari.","robots":{"index":"index","follow":"follow","max-snippet":"max-snippet:-1","max-image-preview":"max-image-preview:large","max-video-preview":"max-video-preview:-1"},"canonical":"https:\/\/usa-b2.com\/it\/visto-b2-per-italiano\/","og_locale":"it_IT","og_type":"article","og_title":"Ottenere un visto B2 per un italiano che si reca negli USA - USA B2","og_description":"Se sei italiano e vuoi recarti negli Stati Uniti, puoi ottenere un visto B2 per viaggi turistici o d'affari.","og_url":"https:\/\/usa-b2.com\/it\/visto-b2-per-italiano\/","og_site_name":"USA B2","article_modified_time":"2025-10-13T14:24:32+00:00","twitter_card":"summary_large_image","twitter_misc":{"Tempo di lettura stimato":"2 minuti"},"schema":{"@context":"https:\/\/schema.org","@graph":[{"@type":["WebPage","FAQPage"],"@id":"https:\/\/usa-b2.com\/it\/visto-b2-per-italiano\/","url":"https:\/\/usa-b2.com\/it\/visto-b2-per-italiano\/","name":"Ottenere un visto B2 per un italiano che si reca negli USA - USA B2","isPartOf":{"@id":"https:\/\/usa-b2.com\/it\/#website"},"datePublished":"2025-05-23T09:31:31+00:00","dateModified":"2025-10-13T14:24:32+00:00","description":"Se sei italiano e vuoi recarti negli Stati Uniti, puoi ottenere un visto B2 per viaggi turistici o d'affari.","breadcrumb":{"@id":"https:\/\/usa-b2.com\/it\/visto-b2-per-italiano\/#breadcrumb"},"mainEntity":[{"@id":"https:\/\/usa-b2.com\/it\/visto-b2-per-italiano\/#faq-question-1747998967682"},{"@id":"https:\/\/usa-b2.com\/it\/visto-b2-per-italiano\/#faq-question-1747998984062"},{"@id":"https:\/\/usa-b2.com\/it\/visto-b2-per-italiano\/#faq-question-1747998994557"}],"inLanguage":"it-IT","potentialAction":[{"@type":"ReadAction","target":["https:\/\/usa-b2.com\/it\/visto-b2-per-italiano\/"]}]},{"@type":"BreadcrumbList","@id":"https:\/\/usa-b2.com\/it\/visto-b2-per-italiano\/#breadcrumb","itemListElement":[{"@type":"ListItem","position":1,"name":"Accueil","item":"https:\/\/usa-b2.com\/it\/usa\/"},{"@type":"ListItem","position":2,"name":"Ottenere un visto B2 per un italiano che si reca negli USA"}]},{"@type":"WebSite","@id":"https:\/\/usa-b2.com\/it\/#website","url":"https:\/\/usa-b2.com\/it\/","name":"USA B2 VISA","description":"","potentialAction":[{"@type":"SearchAction","target":{"@type":"EntryPoint","urlTemplate":"https:\/\/usa-b2.com\/it\/?s={search_term_string}"},"query-input":{"@type":"PropertyValueSpecification","valueRequired":true,"valueName":"search_term_string"}}],"inLanguage":"it-IT"},{"@type":"Question","@id":"https:\/\/usa-b2.com\/it\/visto-b2-per-italiano\/#faq-question-1747998967682","position":1,"url":"https:\/\/usa-b2.com\/it\/visto-b2-per-italiano\/#faq-question-1747998967682","name":"Per quanto tempo \u00e8 valido un visto B2?","answerCount":1,"acceptedAnswer":{"@type":"Answer","text":"Il visto \u00e8 valido <strong>per un massimo di 10 anni<\/strong>, ma ogni soggiorno <strong>\u00e8 limitato a un massimo di 6 mesi<\/strong>.","inLanguage":"it-IT"},"inLanguage":"it-IT"},{"@type":"Question","@id":"https:\/\/usa-b2.com\/it\/visto-b2-per-italiano\/#faq-question-1747998984062","position":2,"url":"https:\/\/usa-b2.com\/it\/visto-b2-per-italiano\/#faq-question-1747998984062","name":"Posso prolungare il mio visto B2 negli Stati Uniti?","answerCount":1,"acceptedAnswer":{"@type":"Answer","text":"S\u00ec, \u00e8 possibile <strong>richiedere<\/strong> una <strong>proroga<\/strong> dagli Stati Uniti, ma deve essere giustificata.","inLanguage":"it-IT"},"inLanguage":"it-IT"},{"@type":"Question","@id":"https:\/\/usa-b2.com\/it\/visto-b2-per-italiano\/#faq-question-1747998994557","position":3,"url":"https:\/\/usa-b2.com\/it\/visto-b2-per-italiano\/#faq-question-1747998994557","name":"\u00c8 pi\u00f9 sicuro richiedere un visto B2 piuttosto che l'ESTA?","answerCount":1,"acceptedAnswer":{"@type":"Answer","text":"S\u00ec, soprattutto se sei stato rifiutato o se vuoi <strong>evitare il rischio di un rifiuto<\/strong>.","inLanguage":"it-IT"},"inLanguage":"it-IT"}]}},"_links":{"self":[{"href":"https:\/\/usa-b2.com\/it\/wp-json\/wp\/v2\/pages\/9110","targetHints":{"allow":["GET"]}}],"collection":[{"href":"https:\/\/usa-b2.com\/it\/wp-json\/wp\/v2\/pages"}],"about":[{"href":"https:\/\/usa-b2.com\/it\/wp-json\/wp\/v2\/types\/page"}],"author":[{"embeddable":true,"href":"https:\/\/usa-b2.com\/it\/wp-json\/wp\/v2\/users\/1"}],"replies":[{"embeddable":true,"href":"https:\/\/usa-b2.com\/it\/wp-json\/wp\/v2\/comments?post=9110"}],"version-history":[{"count":2,"href":"https:\/\/usa-b2.com\/it\/wp-json\/wp\/v2\/pages\/9110\/revisions"}],"predecessor-version":[{"id":10195,"href":"https:\/\/usa-b2.com\/it\/wp-json\/wp\/v2\/pages\/9110\/revisions\/10195"}],"wp:attachment":[{"href":"https:\/\/usa-b2.com\/it\/wp-json\/wp\/v2\/media?parent=9110"}],"curies":[{"name":"wp","href":"https:\/\/api.w.org\/{rel}","templated":true}]}}