{"id":8647,"date":"2025-03-18T12:32:41","date_gmt":"2025-03-18T12:32:41","guid":{"rendered":"https:\/\/usa-b2.com\/great-lakes-circle-tour\/"},"modified":"2025-04-10T18:33:42","modified_gmt":"2025-04-10T18:33:42","slug":"great-lakes-circle-tour","status":"publish","type":"page","link":"https:\/\/usa-b2.com\/it\/great-lakes-circle-tour\/","title":{"rendered":"Giro dei Grandi Laghi: Il viaggio in auto intorno ai Grandi Laghi per eccellenza"},"content":{"rendered":"\n<h1 class=\"wp-block-heading\">Viaggio in auto del Great Lakes Circle Tour: tappe, hotel e luoghi da fotografare<\/h1>\n\n<p>Il <a href=\"http:\/\/www.greatlakescircletour.org\/\">Great Lakes Circle Tour<\/a> \u00e8 un itinerario leggendario che ti permette di esplorare i Grandi Laghi degli <a href=\"https:\/\/www.usa.gov\/\">Stati Uniti<\/a> e del <a href=\"https:\/\/www.canada.ca\/en.html\">Canada<\/a> in auto. Questo spettacolare viaggio su strada ti immerge nel cuore di paesaggi grandiosi, parchi nazionali imponenti, citt\u00e0 vivaci e luoghi indimenticabili da fotografare. Che tu sia una coppia in cerca di una fuga romantica o una famiglia in cerca di un&#8217;avventura coinvolgente, questo itinerario intorno ai cinque laghi pi\u00f9 grandi del Nord America ti promette un&#8217;esperienza unica.  <\/p>\n\n<figure class=\"wp-block-image size-large\"><img fetchpriority=\"high\" decoding=\"async\" width=\"1024\" height=\"576\" src=\"https:\/\/usa-b2.com\/wp-content\/uploads\/2025\/03\/Great-Lakes-Circle-Tour-USA-1-1024x576.jpg\" alt=\"\" class=\"wp-image-8374\" srcset=\"https:\/\/usa-b2.com\/wp-content\/uploads\/2025\/03\/Great-Lakes-Circle-Tour-USA-1-1024x576.jpg 1024w, https:\/\/usa-b2.com\/wp-content\/uploads\/2025\/03\/Great-Lakes-Circle-Tour-USA-1-300x169.jpg 300w, https:\/\/usa-b2.com\/wp-content\/uploads\/2025\/03\/Great-Lakes-Circle-Tour-USA-1-768x432.jpg 768w, https:\/\/usa-b2.com\/wp-content\/uploads\/2025\/03\/Great-Lakes-Circle-Tour-USA-1-1536x864.jpg 1536w, https:\/\/usa-b2.com\/wp-content\/uploads\/2025\/03\/Great-Lakes-Circle-Tour-USA-1-2048x1152.jpg 2048w\" sizes=\"(max-width: 1024px) 100vw, 1024px\" \/><\/figure>\n\n<h2 class=\"wp-block-heading\">Itinerario dettagliato per il tour del Circolo dei Grandi Laghi<\/h2>\n\n<p>Seguire il Great Lakes Circle Tour richiede un&#8217;attenta pianificazione. Ecco un suggerimento per un itinerario ottimizzato per visitare i luoghi imperdibili. <\/p>\n\n<h3 class=\"wp-block-heading\">Partenza da Chicago (Lago Michigan)<\/h3>\n\n<p>Inizia il tuo viaggio a <a href=\"https:\/\/www.chicago.gov\/city\/en.html\">Chicago<\/a>, una citt\u00e0 iconica con grattacieli impressionanti. Goditi il <a href=\"https:\/\/www.chicago.gov\/city\/en\/depts\/dca\/supp_info\/millennium_park.html\">Millennium Park<\/a>, il <a href=\"https:\/\/navypier.org\/\">Navy Pier<\/a> e una crociera sul fiume Chicago. Questa vivace citt\u00e0 \u00e8 l&#8217;introduzione perfetta al tuo viaggio in auto, grazie alla sua miscela unica di architettura moderna e alla sua tranquilla cornice lacustre.  <\/p>\n\n<h3 class=\"wp-block-heading\">Attraversare il Michigan e l&#8217;Ontario (Lago Huron e Lago Erie)<\/h3>\n\n<p>Continua il tuo viaggio a <a href=\"https:\/\/detroitmi.gov\/\">Detroit<\/a>, una citt\u00e0 in pieno rinnovamento, dove la storia industriale incontra la scena culturale. Attraversa il confine canadese per raggiungere <a href=\"https:\/\/www.toronto.ca\/\">Toronto<\/a>, la dinamica capitale dell&#8217;<a href=\"https:\/\/www.ontario.ca\/page\/government-ontario\">Ontario<\/a>. Non perdere la <a href=\"https:\/\/www.cntower.ca\/\">CN Tower<\/a>, da cui potrai ammirare una vista mozzafiato della citt\u00e0 e del lago. Poi fai una sosta alle Cascate <a href=\"https:\/\/niagarafalls.ca\/\">del Niagara<\/a>, una meraviglia naturale che non smette mai di stupire i visitatori.   <\/p>\n\n<h3 class=\"wp-block-heading\">Risalire verso il Wisconsin e il Minnesota (Lago Superiore)<\/h3>\n\n<p>Tornato negli Stati Uniti, esplora <a href=\"https:\/\/duluthmn.gov\/\">Duluth<\/a>, una citt\u00e0 costiera sul Lago Superiore con paesaggi mozzafiato. Raggiungi il <a href=\"https:\/\/www.nps.gov\/piro\/index.htm\">Pictured Rocks National Lakeshore<\/a>, noto per le sue scogliere colorate e le formazioni rocciose scolpite dall&#8217;erosione. Termina questa parte del viaggio con una visita a <a href=\"https:\/\/www.mackinacisland.org\/\">Mackinac Island<\/a>, dove le auto non sono ammesse, il che la rende un luogo perfetto per un giro in bicicletta o una carrozza trainata da cavalli.  <\/p>\n\n<h2 class=\"wp-block-heading\">I paesaggi e i parchi nazionali pi\u00f9 belli<\/h2>\n\n<p>Il Great Lakes Circle Tour \u00e8 ricco di panorami spettacolari e riserve naturali incontaminate che meritano una visita.<\/p>\n\n<h3 class=\"wp-block-heading\">Parchi nazionali da non perdere<\/h3>\n\n<p>Gli amanti della natura non potranno perdersi il <a href=\"http:\/\/www.isleroyale.info\/\">Parco Nazionale di Isle Royale<\/a>, un gioiello remoto accessibile solo in barca o in idrovolante, perfetto per fare escursioni e osservare la fauna selvatica. Un&#8217;altra meta imperdibile \u00e8 lo <a href=\"https:\/\/www.sleepingbeardunes.com\/\">Sleeping Bear Dunes National Lakeshore<\/a>, dove immense dune di sabbia offrono una vista mozzafiato sul Lago Michigan. <\/p>\n\n<h3 class=\"wp-block-heading\">Paesaggi mozzafiato<\/h3>\n\n<p>Un viaggio in auto intorno ai Grandi Laghi ti far\u00e0 scoprire una grande variet\u00e0 di paesaggi, da vaste spiagge a fitte foreste e impressionanti formazioni rocciose. Le <a href=\"https:\/\/www.apostleisland.com\/\">Isole Apostole<\/a> nel <a href=\"https:\/\/wisconsindot.gov\/Pages\/online-srvcs\/external\/dmv.aspx\">Wisconsin<\/a> offrono spettacolari grotte di ghiaccio in inverno e indimenticabili escursioni in kayak in estate. Le scogliere di <a href=\"https:\/\/picturedrocks.com\/fares-schedule\/\">Pictured Rocks<\/a> nel <a href=\"https:\/\/www.michigan.gov\/som\">Michigan<\/a>, invece, rivelano tonalit\u00e0 spettacolari con il cambiare delle stagioni. <\/p>\n\n<h3 class=\"wp-block-heading\">Luoghi di sosta consigliati<\/h3>\n\n<p>Per goderti al meglio il viaggio, fai una sosta all&#8217;<a href=\"https:\/\/www.holland.org\/holland-state-park\/\">Holland State Park<\/a>, un luogo ideale per ammirare il tramonto sull&#8217;iconico faro<a href=\"https:\/\/bigredlighthouse.com\/\">&#8220;Big Red&#8221;<\/a>. Un&#8217;altra tappa imperdibile sono le <a href=\"https:\/\/www.niagarafallsusa.com\/\">Cascate del Niagara<\/a>, che offrono panorami mozzafiato e attivit\u00e0 come la crociera sotto le cascate o l&#8217;esplorazione dei tunnel dietro l&#8217;acqua. <\/p>\n\n<h2 class=\"wp-block-heading\">Dove alloggiare: citt\u00e0 e alloggi consigliati<\/h2>\n\n<p>Pianifica le tue soste in modo da poter riposare bene e goderti ogni fase del viaggio.<\/p>\n\n<h3 class=\"wp-block-heading\">Citt\u00e0 preferite<\/h3>\n\n<p>Alcune fermate sono perfette per passare la notte ed esplorare l&#8217;area circostante. Chicago \u00e8 un luogo ideale per iniziare o terminare il tuo viaggio, grazie alla sua variegata offerta di hotel. Toronto \u00e8 una meta imperdibile per combinare il comfort urbano con la vicinanza alle meraviglie naturali. Pi\u00f9 a nord, Duluth \u00e8 una destinazione piacevole per una pausa rilassante prima di esplorare il Lago Superiore.   <\/p>\n\n<h3 class=\"wp-block-heading\">Hotel e rifugi consigliati<\/h3>\n\n<figure class=\"wp-block-table\"><table class=\"has-fixed-layout\"><tbody><tr><td><strong>Citt\u00e0<\/strong><\/td><td><strong>Hotel consigliato<\/strong><\/td><td><strong>Tipo di alloggio<\/strong><\/td><\/tr><tr><td>Chicago<\/td><td><a href=\"https:\/\/www.langhamhospitalitygroup.com\/en\/\">Il Langham<\/a><\/td><td>Lusso<\/td><\/tr><tr><td>Toronto<\/td><td><a href=\"https:\/\/www.fairmont.com\/royal-york-toronto\/?goto=fiche_hotel&amp;code_hotel=A551&amp;merchantid=seo-maps-CA-A551&amp;sourceid=aw-cen&amp;utm_medium=seo%20maps&amp;utm_source=google%20Maps&amp;utm_campaign=seo%20maps\">Fairmont Royal York<\/a><\/td><td>La storia<\/td><\/tr><tr><td>Duluth<\/td><td><a href=\"https:\/\/inn.fitgers.com\/\">Fitger&#8217;s Inn<\/a><\/td><td>Lungomare<\/td><\/tr><\/tbody><\/table><\/figure>\n\n<h2 class=\"wp-block-heading\">Luoghi da fotografare su Instagram<\/h2>\n\n<p>Immortala il tuo viaggio con scatti spettacolari.<\/p>\n\n<h3 class=\"wp-block-heading\">Viste panoramiche<\/h3>\n\n<p>Per una foto indimenticabile, sali sullo <a href=\"https:\/\/theskydeck.com\/\">Skydeck di Chicago<\/a>, dove la<a href=\"https:\/\/www.willistower.com\/\"> Willis<\/a> Tower offre una vista a volo d&#8217;uccello della citt\u00e0. Le cascate del Niagara sono un altro luogo iconico, perfetto per immortalare la potenza della natura. <\/p>\n\n<h3 class=\"wp-block-heading\">Luoghi atipici per foto uniche<\/h3>\n\n<p>Alcuni luoghi offrono un&#8217;atmosfera e un ambiente unici, come Mackinac Island, con le sue carrozze trainate da cavalli e la sua architettura pittoresca. Un&#8217;altra opzione \u00e8 la <a href=\"https:\/\/duneclimbinn.com\/\">Dune Climb<\/a>, Sleeping Bear Dunes, dove potrai ammirare un panorama eccezionale del Lago Michigan. <\/p>\n\n<h2 class=\"wp-block-heading\">Attivit\u00e0 per le coppie<\/h2>\n\n<p>Un viaggio in auto intorno ai Grandi Laghi \u00e8 una fuga ideale per le coppie in cerca di avventura e romanticismo.<\/p>\n\n<h3 class=\"wp-block-heading\">Esperienze romantiche<\/h3>\n\n<p>Vivi un momento unico durante una crociera con cena sul lago Michigan, con una vista mozzafiato su Chicago illuminata. Per una pausa benessere, opta per un centro termale a Toronto, dove il relax \u00e8 garantito con una vista mozzafiato sul lago. <\/p>\n\n<h3 class=\"wp-block-heading\">Attivit\u00e0 per due all&#8217;aria aperta<\/h3>\n\n<p>Le coppie che amano la vita all&#8217;aria aperta apprezzeranno un&#8217;escursione sull&#8217;Isle Royale, un luogo selvaggio e incontaminato. Un&#8217;altra opzione da non perdere \u00e8 il tramonto all&#8217;Holland State Park, un luogo idilliaco per una fuga romantica. <\/p>\n\n<h2 class=\"wp-block-heading\">Attivit\u00e0 in famiglia<\/h2>\n\n<p>Viaggiare con i bambini durante il Great Lakes Circle Tour pu\u00f2 essere un&#8217;esperienza memorabile con le giuste attivit\u00e0.<\/p>\n\n<h3 class=\"wp-block-heading\">Parchi e attrazioni per bambini<\/h3>\n\n<p>Le famiglie apprezzeranno una visita allo <a href=\"https:\/\/www.sheddaquarium.org\/\">Shedd Aquarium<\/a> di Chicago, che offre un&#8217;affascinante immersione nel mondo marino. Per gli amanti del brivido, il <a href=\"https:\/\/www.canadaswonderland.com\/\">Canada&#8217;s Wonderland<\/a> di Toronto \u00e8 un&#8217;opzione eccellente, con le sue numerose attrazioni adatte ai visitatori pi\u00f9 giovani. <\/p>\n\n<h3 class=\"wp-block-heading\">Esperienze divertenti e interattive<\/h3>\n\n<p>I bambini appassionati di automobili ameranno il Ford Museum di Detroit, dove la storia dell&#8217;automobile prende vita. Per un&#8217;avventura pi\u00f9 naturale, fai una crociera alle <a href=\"https:\/\/www.leeds1000islands.ca\/en\/Index.aspx\">Thousand Islands in Ontario<\/a> e scopri un paesaggio unico che unisce storia e natura. <\/p>\n\n<p>Il Great Lakes Circle Tour \u00e8 un <a href=\"https:\/\/usa-b2.com\/it\/\">viaggio americano<\/a> unico nel suo genere che combina natura grandiosa, scoperte urbane ed esperienze indimenticabili. Che tu sia una coppia in cerca di romanticismo o una famiglia in cerca di divertimento, questo itinerario ha qualcosa per tutti. Prepara il tuo viaggio in auto, prendi la macchina fotografica e parti alla conquista delle meraviglie dei Grandi Laghi!  <\/p>\n\n<p><\/p>\n","protected":false},"excerpt":{"rendered":"<p>Viaggio in auto del Great Lakes Circle Tour: tappe, hotel e luoghi da fotografare Il Great Lakes Circle Tour \u00e8 un itinerario leggendario che ti permette di esplorare i Grandi Laghi degli Stati Uniti e del Canada in auto. Questo spettacolare viaggio su strada ti immerge nel cuore di paesaggi grandiosi, parchi nazionali imponenti, citt\u00e0 [&hellip;]<\/p>\n","protected":false},"author":1,"featured_media":0,"parent":0,"menu_order":0,"comment_status":"closed","ping_status":"closed","template":"","meta":{"footnotes":""},"class_list":["post-8647","page","type-page","status-publish","hentry"],"yoast_head":"<!-- This site is optimized with the Yoast SEO plugin v27.4 - https:\/\/yoast.com\/product\/yoast-seo-wordpress\/ -->\n<title>Giro dei Grandi Laghi: Il viaggio in auto intorno ai Grandi Laghi per eccellenza - USA B2<\/title>\n<meta name=\"description\" content=\"Scopri il Great Lakes Circle Tour, un viaggio epico intorno ai Grandi Laghi con itinerari, paesaggi, alloggi e attivit\u00e0.\" \/>\n<meta name=\"robots\" content=\"index, follow, max-snippet:-1, max-image-preview:large, max-video-preview:-1\" \/>\n<link rel=\"canonical\" href=\"https:\/\/usa-b2.com\/it\/great-lakes-circle-tour\/\" \/>\n<meta property=\"og:locale\" content=\"it_IT\" \/>\n<meta property=\"og:type\" content=\"article\" \/>\n<meta property=\"og:title\" content=\"Giro dei Grandi Laghi: Il viaggio in auto intorno ai Grandi Laghi per eccellenza - USA B2\" \/>\n<meta property=\"og:description\" content=\"Scopri il Great Lakes Circle Tour, un viaggio epico intorno ai Grandi Laghi con itinerari, paesaggi, alloggi e attivit\u00e0.\" \/>\n<meta property=\"og:url\" content=\"https:\/\/usa-b2.com\/it\/great-lakes-circle-tour\/\" \/>\n<meta property=\"og:site_name\" content=\"USA B2\" \/>\n<meta property=\"article:modified_time\" content=\"2025-04-10T18:33:42+00:00\" \/>\n<meta property=\"og:image\" content=\"https:\/\/usa-b2.com\/wp-content\/uploads\/2025\/03\/Great-Lakes-Circle-Tour-USA-1-scaled.jpg\" \/>\n\t<meta property=\"og:image:width\" content=\"2560\" \/>\n\t<meta property=\"og:image:height\" content=\"1440\" \/>\n\t<meta property=\"og:image:type\" content=\"image\/jpeg\" \/>\n<meta name=\"twitter:card\" content=\"summary_large_image\" \/>\n<meta name=\"twitter:label1\" content=\"Tempo di lettura stimato\" \/>\n\t<meta name=\"twitter:data1\" content=\"5 minuti\" \/>\n<script type=\"application\/ld+json\" class=\"yoast-schema-graph\">{\"@context\":\"https:\\\/\\\/schema.org\",\"@graph\":[{\"@type\":\"WebPage\",\"@id\":\"https:\\\/\\\/usa-b2.com\\\/it\\\/great-lakes-circle-tour\\\/\",\"url\":\"https:\\\/\\\/usa-b2.com\\\/it\\\/great-lakes-circle-tour\\\/\",\"name\":\"Giro dei Grandi Laghi: Il viaggio in auto intorno ai Grandi Laghi per eccellenza - USA B2\",\"isPartOf\":{\"@id\":\"https:\\\/\\\/usa-b2.com\\\/it\\\/#website\"},\"primaryImageOfPage\":{\"@id\":\"https:\\\/\\\/usa-b2.com\\\/it\\\/great-lakes-circle-tour\\\/#primaryimage\"},\"image\":{\"@id\":\"https:\\\/\\\/usa-b2.com\\\/it\\\/great-lakes-circle-tour\\\/#primaryimage\"},\"thumbnailUrl\":\"https:\\\/\\\/usa-b2.com\\\/wp-content\\\/uploads\\\/2025\\\/03\\\/Great-Lakes-Circle-Tour-USA-1-1024x576.jpg\",\"datePublished\":\"2025-03-18T12:32:41+00:00\",\"dateModified\":\"2025-04-10T18:33:42+00:00\",\"description\":\"Scopri il Great Lakes Circle Tour, un viaggio epico intorno ai Grandi Laghi con itinerari, paesaggi, alloggi e attivit\u00e0.\",\"breadcrumb\":{\"@id\":\"https:\\\/\\\/usa-b2.com\\\/it\\\/great-lakes-circle-tour\\\/#breadcrumb\"},\"inLanguage\":\"it-IT\",\"potentialAction\":[{\"@type\":\"ReadAction\",\"target\":[\"https:\\\/\\\/usa-b2.com\\\/it\\\/great-lakes-circle-tour\\\/\"]}]},{\"@type\":\"ImageObject\",\"inLanguage\":\"it-IT\",\"@id\":\"https:\\\/\\\/usa-b2.com\\\/it\\\/great-lakes-circle-tour\\\/#primaryimage\",\"url\":\"https:\\\/\\\/usa-b2.com\\\/wp-content\\\/uploads\\\/2025\\\/03\\\/Great-Lakes-Circle-Tour-USA-1-1024x576.jpg\",\"contentUrl\":\"https:\\\/\\\/usa-b2.com\\\/wp-content\\\/uploads\\\/2025\\\/03\\\/Great-Lakes-Circle-Tour-USA-1-1024x576.jpg\"},{\"@type\":\"BreadcrumbList\",\"@id\":\"https:\\\/\\\/usa-b2.com\\\/it\\\/great-lakes-circle-tour\\\/#breadcrumb\",\"itemListElement\":[{\"@type\":\"ListItem\",\"position\":1,\"name\":\"Accueil\",\"item\":\"https:\\\/\\\/usa-b2.com\\\/it\\\/usa\\\/\"},{\"@type\":\"ListItem\",\"position\":2,\"name\":\"Giro dei Grandi Laghi: Il viaggio in auto intorno ai Grandi Laghi per eccellenza\"}]},{\"@type\":\"WebSite\",\"@id\":\"https:\\\/\\\/usa-b2.com\\\/it\\\/#website\",\"url\":\"https:\\\/\\\/usa-b2.com\\\/it\\\/\",\"name\":\"USA B2 VISA\",\"description\":\"\",\"potentialAction\":[{\"@type\":\"SearchAction\",\"target\":{\"@type\":\"EntryPoint\",\"urlTemplate\":\"https:\\\/\\\/usa-b2.com\\\/it\\\/?s={search_term_string}\"},\"query-input\":{\"@type\":\"PropertyValueSpecification\",\"valueRequired\":true,\"valueName\":\"search_term_string\"}}],\"inLanguage\":\"it-IT\"}]}<\/script>\n<!-- \/ Yoast SEO plugin. -->","yoast_head_json":{"title":"Giro dei Grandi Laghi: Il viaggio in auto intorno ai Grandi Laghi per eccellenza - USA B2","description":"Scopri il Great Lakes Circle Tour, un viaggio epico intorno ai Grandi Laghi con itinerari, paesaggi, alloggi e attivit\u00e0.","robots":{"index":"index","follow":"follow","max-snippet":"max-snippet:-1","max-image-preview":"max-image-preview:large","max-video-preview":"max-video-preview:-1"},"canonical":"https:\/\/usa-b2.com\/it\/great-lakes-circle-tour\/","og_locale":"it_IT","og_type":"article","og_title":"Giro dei Grandi Laghi: Il viaggio in auto intorno ai Grandi Laghi per eccellenza - USA B2","og_description":"Scopri il Great Lakes Circle Tour, un viaggio epico intorno ai Grandi Laghi con itinerari, paesaggi, alloggi e attivit\u00e0.","og_url":"https:\/\/usa-b2.com\/it\/great-lakes-circle-tour\/","og_site_name":"USA B2","article_modified_time":"2025-04-10T18:33:42+00:00","og_image":[{"width":2560,"height":1440,"url":"https:\/\/usa-b2.com\/wp-content\/uploads\/2025\/03\/Great-Lakes-Circle-Tour-USA-1-scaled.jpg","type":"image\/jpeg"}],"twitter_card":"summary_large_image","twitter_misc":{"Tempo di lettura stimato":"5 minuti"},"schema":{"@context":"https:\/\/schema.org","@graph":[{"@type":"WebPage","@id":"https:\/\/usa-b2.com\/it\/great-lakes-circle-tour\/","url":"https:\/\/usa-b2.com\/it\/great-lakes-circle-tour\/","name":"Giro dei Grandi Laghi: Il viaggio in auto intorno ai Grandi Laghi per eccellenza - USA B2","isPartOf":{"@id":"https:\/\/usa-b2.com\/it\/#website"},"primaryImageOfPage":{"@id":"https:\/\/usa-b2.com\/it\/great-lakes-circle-tour\/#primaryimage"},"image":{"@id":"https:\/\/usa-b2.com\/it\/great-lakes-circle-tour\/#primaryimage"},"thumbnailUrl":"https:\/\/usa-b2.com\/wp-content\/uploads\/2025\/03\/Great-Lakes-Circle-Tour-USA-1-1024x576.jpg","datePublished":"2025-03-18T12:32:41+00:00","dateModified":"2025-04-10T18:33:42+00:00","description":"Scopri il Great Lakes Circle Tour, un viaggio epico intorno ai Grandi Laghi con itinerari, paesaggi, alloggi e attivit\u00e0.","breadcrumb":{"@id":"https:\/\/usa-b2.com\/it\/great-lakes-circle-tour\/#breadcrumb"},"inLanguage":"it-IT","potentialAction":[{"@type":"ReadAction","target":["https:\/\/usa-b2.com\/it\/great-lakes-circle-tour\/"]}]},{"@type":"ImageObject","inLanguage":"it-IT","@id":"https:\/\/usa-b2.com\/it\/great-lakes-circle-tour\/#primaryimage","url":"https:\/\/usa-b2.com\/wp-content\/uploads\/2025\/03\/Great-Lakes-Circle-Tour-USA-1-1024x576.jpg","contentUrl":"https:\/\/usa-b2.com\/wp-content\/uploads\/2025\/03\/Great-Lakes-Circle-Tour-USA-1-1024x576.jpg"},{"@type":"BreadcrumbList","@id":"https:\/\/usa-b2.com\/it\/great-lakes-circle-tour\/#breadcrumb","itemListElement":[{"@type":"ListItem","position":1,"name":"Accueil","item":"https:\/\/usa-b2.com\/it\/usa\/"},{"@type":"ListItem","position":2,"name":"Giro dei Grandi Laghi: Il viaggio in auto intorno ai Grandi Laghi per eccellenza"}]},{"@type":"WebSite","@id":"https:\/\/usa-b2.com\/it\/#website","url":"https:\/\/usa-b2.com\/it\/","name":"USA B2 VISA","description":"","potentialAction":[{"@type":"SearchAction","target":{"@type":"EntryPoint","urlTemplate":"https:\/\/usa-b2.com\/it\/?s={search_term_string}"},"query-input":{"@type":"PropertyValueSpecification","valueRequired":true,"valueName":"search_term_string"}}],"inLanguage":"it-IT"}]}},"_links":{"self":[{"href":"https:\/\/usa-b2.com\/it\/wp-json\/wp\/v2\/pages\/8647","targetHints":{"allow":["GET"]}}],"collection":[{"href":"https:\/\/usa-b2.com\/it\/wp-json\/wp\/v2\/pages"}],"about":[{"href":"https:\/\/usa-b2.com\/it\/wp-json\/wp\/v2\/types\/page"}],"author":[{"embeddable":true,"href":"https:\/\/usa-b2.com\/it\/wp-json\/wp\/v2\/users\/1"}],"replies":[{"embeddable":true,"href":"https:\/\/usa-b2.com\/it\/wp-json\/wp\/v2\/comments?post=8647"}],"version-history":[{"count":0,"href":"https:\/\/usa-b2.com\/it\/wp-json\/wp\/v2\/pages\/8647\/revisions"}],"wp:attachment":[{"href":"https:\/\/usa-b2.com\/it\/wp-json\/wp\/v2\/media?parent=8647"}],"curies":[{"name":"wp","href":"https:\/\/api.w.org\/{rel}","templated":true}]}}