{"id":8552,"date":"2025-04-10T16:14:56","date_gmt":"2025-04-10T16:14:56","guid":{"rendered":"https:\/\/usa-b2.com\/visto-b1-b2-degli-stati-uniti\/"},"modified":"2025-06-09T18:34:14","modified_gmt":"2025-06-09T18:34:14","slug":"visto-b1-b2-degli-stati-uniti","status":"publish","type":"page","link":"https:\/\/usa-b2.com\/it\/visto-b1-b2-degli-stati-uniti\/","title":{"rendered":"Visto B1\/B2 per visitare gli Stati Uniti"},"content":{"rendered":"\n<h1 class=\"wp-block-heading\">Il visto b1b2 per recarsi negli USA<\/h1>\n\n<p>Il <strong>visto USA B1\/B2<\/strong> \u00e8 il <a href=\"https:\/\/usa-b2.com\/it\/visto-visitatore-stati-uniti\/\">visto per visitatori pi\u00f9 comune in America<\/a>. Che tu stia viaggiando per affari o per piacere, questo visto \u00e8 la soluzione ideale per un <strong>soggiorno temporaneo<\/strong> sul suolo americano. In questa guida scoprirai tutto quello che c&#8217;\u00e8 da sapere sul visto <strong>B1\/B2<\/strong>, le sue condizioni, la sua utilit\u00e0 e le modalit\u00e0 di richiesta.  <\/p>\n\n<h2 class=\"wp-block-heading\">Cos&#8217;\u00e8 il visto B1\/B2?<\/h2>\n\n<p>Il <strong>visto B1\/B2<\/strong> \u00e8 un <strong>visto per non immigrati<\/strong> rilasciato dalle autorit\u00e0 americane per le persone che desiderano entrare negli Stati Uniti su base temporanea.<\/p>\n\n<ul class=\"wp-block-list\">\n<li>Il <a href=\"https:\/\/usa-b2.com\/it\/visto-b1-usa\/\">visto B1<\/a> \u00e8 destinato ai <strong>viaggi d&#8217;affari<\/strong> (riunioni, conferenze, contratti, ecc.).<\/li>\n\n\n\n<li>Il <a href=\"https:\/\/usa-b2.com\/it\/visto-b2\/\">visto B2<\/a> \u00e8 destinato al <strong>turismo, alle visite familiari o alle cure mediche<\/strong>.<\/li>\n\n\n\n<li>Spesso vengono combinati in un <strong>visto USA B1\/B2<\/strong>, il che significa che puoi viaggiare per entrambi gli scopi con lo stesso documento.<\/li>\n<\/ul>\n\n<div style=\"height:20px\" aria-hidden=\"true\" class=\"wp-block-spacer\"><\/div>\n\n<h2 class=\"wp-block-heading\">Chi pu\u00f2 richiedere un visto B1\/B2 per gli Stati Uniti?<\/h2>\n\n<p>Chi non \u00e8 idoneo al <a href=\"https:\/\/usa-b2.com\/it\/che-cose-esta\/\">programma ESTA<\/a> o desidera soggiornare <strong>negli Stati Uniti per pi\u00f9 di 90 giorni<\/strong> pu\u00f2 richiedere un <strong>visto statunitense B1 B2<\/strong>. \u00c8 particolarmente utile per : <\/p>\n\n<ul class=\"wp-block-list\">\n<li>Cittadini di paesi che non aderiscono al <a href=\"https:\/\/usa-b2.com\/it\/programma-di-esenzione-dal-visto\/\">Programma Viaggio senza Visto (Visa Waiver Programme)<\/a><\/li>\n\n\n\n<li>Persone che hanno bisogno di maggiore flessibilit\u00e0 per quanto riguarda la durata o lo scopo del loro soggiorno.<\/li>\n\n\n\n<li>Viaggiatori ai quali \u00e8 gi\u00e0 stata negata l&#8217;autorizzazione ESTA<\/li>\n<\/ul>\n\n<div style=\"height:20px\" aria-hidden=\"true\" class=\"wp-block-spacer\"><\/div>\n\n<h2 class=\"wp-block-heading\">Periodo di validit\u00e0 e condizioni del visto B1 B2<\/h2>\n\n<p>Il <strong>visto B1\/B2 USA<\/strong> pu\u00f2 essere valido da <strong>1 a 10 anni<\/strong>, a seconda del tuo paese di residenza e delle decisioni del consolato americano. Autorizza : <\/p>\n\n<ul class=\"wp-block-list\">\n<li><strong>Soggiorni temporanei<\/strong> fino a 6 mesi per ingresso<\/li>\n\n\n\n<li><strong>Diversi ingressi<\/strong> negli Stati Uniti durante il periodo di validit\u00e0<\/li>\n\n\n\n<li>Nessuna autorizzazione al lavoro o allo studio retribuito<\/li>\n<\/ul>\n\n<p>\ud83d\udd17 Vedi anche: <a href=\"https:\/\/usa-b2.com\/it\/differenza-tra-visto-ed-esta\/\">Differenza tra ESTA e visto<\/a><br \/>\ud83d\udd17 Vedi anche: <a href=\"https:\/\/usa-b2.com\/it\/passaporto-viaggio-negli-stati-uniti\/\">Passaporto valido per viaggiare negli USA<\/a><\/p>\n\n<h2 class=\"wp-block-heading\">Come si ottiene un visto B1 B2 per gli Stati Uniti?<\/h2>\n\n<h3 class=\"wp-block-heading\">1. Compila il modulo DS-160<\/h3>\n\n<p>Il <a href=\"https:\/\/usa-b2.com\/it\/ds-160\/\">modulo ufficiale DS-160<\/a> per tutte le richieste di <strong>visto per non immigrati negli Stati Uniti<\/strong>.<\/p>\n\n<h3 class=\"wp-block-heading\">2. Pagare la tassa di iscrizione<\/h3>\n\n<p>Il <a href=\"https:\/\/usa-b2.com\/it\/tasse-visto-b2\/\">prezzo del visto<\/a> varia a seconda del tipo di visto statunitense scelto. In generale, il visto <strong>B1\/B2<\/strong> costa circa <strong>185 USD<\/strong> di spese amministrative da pagare al momento della <a href=\"https:\/\/usa-b2.com\/it\/procedura-richiesta-visto-b2\/\">richiesta<\/a>. <\/p>\n\n<h3 class=\"wp-block-heading\">3. Fissa un appuntamento presso l&#8217;ambasciata statunitense<\/h3>\n\n<p>Il colloquio \u00e8 <strong>obbligatorio<\/strong> per la maggior parte dei candidati. Dovrai spiegare le ragioni del tuo viaggio. Consulta il nostro articolo sull&#8217;<a href=\"https:\/\/usa-b2.com\/it\/appuntamento-visto-ambasciata-stati-uniti\/\">appuntamento all&#8217;ambasciata statunitense<\/a> per prepararti a questo importante passo.  <\/p>\n\n<h3 class=\"wp-block-heading\">4. Preparare i documenti necessari<\/h3>\n\n<ul class=\"wp-block-list\">\n<li><a href=\"https:\/\/usa-b2.com\/it\/passaporto-viaggio-negli-stati-uniti\/\">Passaporto valido per gli Stati Uniti<\/a><\/li>\n\n\n\n<li>Fototessera<\/li>\n\n\n\n<li>Prova dei fondi, itinerario di viaggio, lettere di invito (se applicabile)<\/li>\n<\/ul>\n\n<h3 class=\"wp-block-heading\">5. Attendere la decisione<\/h3>\n\n<p>Il <strong>tempo necessario per ottenere una licenza<\/strong> varia. In media, sono necessarie <strong>da 1 a 4 settimane<\/strong>. <br \/><\/p>\n\n<h2 class=\"wp-block-heading\">Illustrazione della procedura per ottenere un visto b1\/b2<\/h2>\n\n<figure class=\"wp-block-image size-large\"><img fetchpriority=\"high\" decoding=\"async\" width=\"683\" height=\"1024\" src=\"https:\/\/usa-b2.com\/wp-content\/uploads\/2025\/04\/us-visa-b1b2-683x1024.png\" alt=\"Come ottenere un visto B1 B2\" class=\"wp-image-8440\" srcset=\"https:\/\/usa-b2.com\/wp-content\/uploads\/2025\/04\/us-visa-b1b2-683x1024.png 683w, https:\/\/usa-b2.com\/wp-content\/uploads\/2025\/04\/us-visa-b1b2-200x300.png 200w, https:\/\/usa-b2.com\/wp-content\/uploads\/2025\/04\/us-visa-b1b2-768x1152.png 768w, https:\/\/usa-b2.com\/wp-content\/uploads\/2025\/04\/us-visa-b1b2.png 1024w\" sizes=\"(max-width: 683px) 100vw, 683px\" \/><figcaption class=\"wp-element-caption\">Come ottenere un visto B1\/B2<\/figcaption><\/figure>\n\n<h2 class=\"wp-block-heading\">Domande frequenti sul visto USA B1\/B2<\/h2>\n\n<h3 class=\"wp-block-heading\">Posso lavorare con un visto B1\/B2?<\/h3>\n\n<p>No. Il <strong>visto B1 B2 USA<\/strong> \u00e8 strettamente riservato ai <strong>visitatori temporanei<\/strong> che non svolgono un&#8217;attivit\u00e0 lavorativa o di studio retribuita.<\/p>\n\n<h3 class=\"wp-block-heading\">Un visto americano B1 e B2 pu\u00f2 essere esteso?<\/h3>\n\n<p>S\u00ec, ma \u00e8 <strong>complicato<\/strong>. La proroga deve essere richiesta <strong>almeno 45 giorni prima della scadenza<\/strong>. <\/p>\n\n<h3 class=\"wp-block-heading\">\u00c8 la stessa cosa dell&#8217;ESTA?<\/h3>\n\n<p>No. L&#8217;<strong>ESTA<\/strong> \u00e8 riservato a determinati Paesi e ha una durata <strong>massima di 90 giorni<\/strong>. Il <strong>visto USA B1\/B2<\/strong> \u00e8 pi\u00f9 flessibile ma richiede pi\u00f9 formalit\u00e0. <\/p>\n\n<h2 class=\"wp-block-heading\">Perch\u00e9 scegliere il visto B1 B2 per visitare gli Stati Uniti?<\/h2>\n\n<p>Il <strong>visto USA B1\/B2<\/strong> \u00e8 ideale se desideri :<\/p>\n\n<ul class=\"wp-block-list\">\n<li><strong>Visitare i parenti, fare un giro turistico, andare da un medico<\/strong><\/li>\n\n\n\n<li><strong>Partecipa a conferenze e incontri professionali<\/strong><\/li>\n\n\n\n<li>Viaggiare <strong>regolarmente negli Stati Uniti<\/strong> con un visto valido per diversi anni<\/li>\n\n\n\n<li>Un&#8217;<strong>alternativa all&#8217;ESTA<\/strong><\/li>\n<\/ul>\n\n<h2 class=\"wp-block-heading\">In poche parole<\/h2>\n\n<figure class=\"wp-block-table\"><table class=\"has-fixed-layout\"><thead><tr><th>Elemento<\/th><th>Dettaglio<\/th><\/tr><\/thead><tbody><tr><td>Tipo di visto<\/td><td><strong>Visti B1\/B2<\/strong> (affari e turismo)<\/td><\/tr><tr><td>Durata del soggiorno<\/td><td>Fino a 6 mesi per iscrizione<\/td><\/tr><tr><td>Periodo di validit\u00e0<\/td><td>Fino a 10 anni<\/td><\/tr><tr><td>Numero di voci<\/td><td>Multiplo<\/td><\/tr><tr><td>Possiamo lavorare?<\/td><td>\u274c No<\/td><\/tr><tr><td>Possiamo studiare?<\/td><td>\u274c No (tranne in casi particolari)<\/td><\/tr><\/tbody><\/table><\/figure>\n","protected":false},"excerpt":{"rendered":"<p>Il visto b1b2 per recarsi negli USA Il visto USA B1\/B2 \u00e8 il visto per visitatori pi\u00f9 comune in America. Che tu stia viaggiando per affari o per piacere, questo visto \u00e8 la soluzione ideale per un soggiorno temporaneo sul suolo americano. In questa guida scoprirai tutto quello che c&#8217;\u00e8 da sapere sul visto B1\/B2, [&hellip;]<\/p>\n","protected":false},"author":1,"featured_media":0,"parent":0,"menu_order":0,"comment_status":"closed","ping_status":"closed","template":"","meta":{"footnotes":""},"class_list":["post-8552","page","type-page","status-publish","hentry"],"yoast_head":"<!-- This site is optimized with the Yoast SEO plugin v27.4 - https:\/\/yoast.com\/product\/yoast-seo-wordpress\/ -->\n<title>Visto B1\/B2 per visitare gli Stati Uniti - USA B2<\/title>\n<meta name=\"description\" content=\"Il visto b1\/B2 per gli Stati Uniti consente ai viaggiatori di soggiornare per turismo o affari per pi\u00f9 di 90 giorni.\" \/>\n<meta name=\"robots\" content=\"index, follow, max-snippet:-1, max-image-preview:large, max-video-preview:-1\" \/>\n<link rel=\"canonical\" href=\"https:\/\/usa-b2.com\/it\/visto-b1-b2-degli-stati-uniti\/\" \/>\n<meta property=\"og:locale\" content=\"it_IT\" \/>\n<meta property=\"og:type\" content=\"article\" \/>\n<meta property=\"og:title\" content=\"Visto B1\/B2 per visitare gli Stati Uniti - USA B2\" \/>\n<meta property=\"og:description\" content=\"Il visto b1\/B2 per gli Stati Uniti consente ai viaggiatori di soggiornare per turismo o affari per pi\u00f9 di 90 giorni.\" \/>\n<meta property=\"og:url\" content=\"https:\/\/usa-b2.com\/it\/visto-b1-b2-degli-stati-uniti\/\" \/>\n<meta property=\"og:site_name\" content=\"USA B2\" \/>\n<meta property=\"article:modified_time\" content=\"2025-06-09T18:34:14+00:00\" \/>\n<meta property=\"og:image\" content=\"https:\/\/usa-b2.com\/wp-content\/uploads\/2025\/04\/us-visa-b1b2.png\" \/>\n\t<meta property=\"og:image:width\" content=\"1024\" \/>\n\t<meta property=\"og:image:height\" content=\"1536\" \/>\n\t<meta property=\"og:image:type\" content=\"image\/png\" \/>\n<meta name=\"twitter:card\" content=\"summary_large_image\" \/>\n<meta name=\"twitter:label1\" content=\"Tempo di lettura stimato\" \/>\n\t<meta name=\"twitter:data1\" content=\"3 minuti\" \/>\n<script type=\"application\/ld+json\" class=\"yoast-schema-graph\">{\"@context\":\"https:\\\/\\\/schema.org\",\"@graph\":[{\"@type\":\"WebPage\",\"@id\":\"https:\\\/\\\/usa-b2.com\\\/it\\\/visto-b1-b2-degli-stati-uniti\\\/\",\"url\":\"https:\\\/\\\/usa-b2.com\\\/it\\\/visto-b1-b2-degli-stati-uniti\\\/\",\"name\":\"Visto B1\\\/B2 per visitare gli Stati Uniti - USA B2\",\"isPartOf\":{\"@id\":\"https:\\\/\\\/usa-b2.com\\\/it\\\/#website\"},\"primaryImageOfPage\":{\"@id\":\"https:\\\/\\\/usa-b2.com\\\/it\\\/visto-b1-b2-degli-stati-uniti\\\/#primaryimage\"},\"image\":{\"@id\":\"https:\\\/\\\/usa-b2.com\\\/it\\\/visto-b1-b2-degli-stati-uniti\\\/#primaryimage\"},\"thumbnailUrl\":\"https:\\\/\\\/usa-b2.com\\\/wp-content\\\/uploads\\\/2025\\\/04\\\/us-visa-b1b2-683x1024.png\",\"datePublished\":\"2025-04-10T16:14:56+00:00\",\"dateModified\":\"2025-06-09T18:34:14+00:00\",\"description\":\"Il visto b1\\\/B2 per gli Stati Uniti consente ai viaggiatori di soggiornare per turismo o affari per pi\u00f9 di 90 giorni.\",\"breadcrumb\":{\"@id\":\"https:\\\/\\\/usa-b2.com\\\/it\\\/visto-b1-b2-degli-stati-uniti\\\/#breadcrumb\"},\"inLanguage\":\"it-IT\",\"potentialAction\":[{\"@type\":\"ReadAction\",\"target\":[\"https:\\\/\\\/usa-b2.com\\\/it\\\/visto-b1-b2-degli-stati-uniti\\\/\"]}]},{\"@type\":\"ImageObject\",\"inLanguage\":\"it-IT\",\"@id\":\"https:\\\/\\\/usa-b2.com\\\/it\\\/visto-b1-b2-degli-stati-uniti\\\/#primaryimage\",\"url\":\"https:\\\/\\\/usa-b2.com\\\/wp-content\\\/uploads\\\/2025\\\/04\\\/us-visa-b1b2-683x1024.png\",\"contentUrl\":\"https:\\\/\\\/usa-b2.com\\\/wp-content\\\/uploads\\\/2025\\\/04\\\/us-visa-b1b2-683x1024.png\"},{\"@type\":\"BreadcrumbList\",\"@id\":\"https:\\\/\\\/usa-b2.com\\\/it\\\/visto-b1-b2-degli-stati-uniti\\\/#breadcrumb\",\"itemListElement\":[{\"@type\":\"ListItem\",\"position\":1,\"name\":\"Accueil\",\"item\":\"https:\\\/\\\/usa-b2.com\\\/it\\\/usa\\\/\"},{\"@type\":\"ListItem\",\"position\":2,\"name\":\"Visto B1\\\/B2 per visitare gli Stati Uniti\"}]},{\"@type\":\"WebSite\",\"@id\":\"https:\\\/\\\/usa-b2.com\\\/it\\\/#website\",\"url\":\"https:\\\/\\\/usa-b2.com\\\/it\\\/\",\"name\":\"USA B2 VISA\",\"description\":\"\",\"potentialAction\":[{\"@type\":\"SearchAction\",\"target\":{\"@type\":\"EntryPoint\",\"urlTemplate\":\"https:\\\/\\\/usa-b2.com\\\/it\\\/?s={search_term_string}\"},\"query-input\":{\"@type\":\"PropertyValueSpecification\",\"valueRequired\":true,\"valueName\":\"search_term_string\"}}],\"inLanguage\":\"it-IT\"}]}<\/script>\n<!-- \/ Yoast SEO plugin. -->","yoast_head_json":{"title":"Visto B1\/B2 per visitare gli Stati Uniti - USA B2","description":"Il visto b1\/B2 per gli Stati Uniti consente ai viaggiatori di soggiornare per turismo o affari per pi\u00f9 di 90 giorni.","robots":{"index":"index","follow":"follow","max-snippet":"max-snippet:-1","max-image-preview":"max-image-preview:large","max-video-preview":"max-video-preview:-1"},"canonical":"https:\/\/usa-b2.com\/it\/visto-b1-b2-degli-stati-uniti\/","og_locale":"it_IT","og_type":"article","og_title":"Visto B1\/B2 per visitare gli Stati Uniti - USA B2","og_description":"Il visto b1\/B2 per gli Stati Uniti consente ai viaggiatori di soggiornare per turismo o affari per pi\u00f9 di 90 giorni.","og_url":"https:\/\/usa-b2.com\/it\/visto-b1-b2-degli-stati-uniti\/","og_site_name":"USA B2","article_modified_time":"2025-06-09T18:34:14+00:00","og_image":[{"width":1024,"height":1536,"url":"https:\/\/usa-b2.com\/wp-content\/uploads\/2025\/04\/us-visa-b1b2.png","type":"image\/png"}],"twitter_card":"summary_large_image","twitter_misc":{"Tempo di lettura stimato":"3 minuti"},"schema":{"@context":"https:\/\/schema.org","@graph":[{"@type":"WebPage","@id":"https:\/\/usa-b2.com\/it\/visto-b1-b2-degli-stati-uniti\/","url":"https:\/\/usa-b2.com\/it\/visto-b1-b2-degli-stati-uniti\/","name":"Visto B1\/B2 per visitare gli Stati Uniti - USA B2","isPartOf":{"@id":"https:\/\/usa-b2.com\/it\/#website"},"primaryImageOfPage":{"@id":"https:\/\/usa-b2.com\/it\/visto-b1-b2-degli-stati-uniti\/#primaryimage"},"image":{"@id":"https:\/\/usa-b2.com\/it\/visto-b1-b2-degli-stati-uniti\/#primaryimage"},"thumbnailUrl":"https:\/\/usa-b2.com\/wp-content\/uploads\/2025\/04\/us-visa-b1b2-683x1024.png","datePublished":"2025-04-10T16:14:56+00:00","dateModified":"2025-06-09T18:34:14+00:00","description":"Il visto b1\/B2 per gli Stati Uniti consente ai viaggiatori di soggiornare per turismo o affari per pi\u00f9 di 90 giorni.","breadcrumb":{"@id":"https:\/\/usa-b2.com\/it\/visto-b1-b2-degli-stati-uniti\/#breadcrumb"},"inLanguage":"it-IT","potentialAction":[{"@type":"ReadAction","target":["https:\/\/usa-b2.com\/it\/visto-b1-b2-degli-stati-uniti\/"]}]},{"@type":"ImageObject","inLanguage":"it-IT","@id":"https:\/\/usa-b2.com\/it\/visto-b1-b2-degli-stati-uniti\/#primaryimage","url":"https:\/\/usa-b2.com\/wp-content\/uploads\/2025\/04\/us-visa-b1b2-683x1024.png","contentUrl":"https:\/\/usa-b2.com\/wp-content\/uploads\/2025\/04\/us-visa-b1b2-683x1024.png"},{"@type":"BreadcrumbList","@id":"https:\/\/usa-b2.com\/it\/visto-b1-b2-degli-stati-uniti\/#breadcrumb","itemListElement":[{"@type":"ListItem","position":1,"name":"Accueil","item":"https:\/\/usa-b2.com\/it\/usa\/"},{"@type":"ListItem","position":2,"name":"Visto B1\/B2 per visitare gli Stati Uniti"}]},{"@type":"WebSite","@id":"https:\/\/usa-b2.com\/it\/#website","url":"https:\/\/usa-b2.com\/it\/","name":"USA B2 VISA","description":"","potentialAction":[{"@type":"SearchAction","target":{"@type":"EntryPoint","urlTemplate":"https:\/\/usa-b2.com\/it\/?s={search_term_string}"},"query-input":{"@type":"PropertyValueSpecification","valueRequired":true,"valueName":"search_term_string"}}],"inLanguage":"it-IT"}]}},"_links":{"self":[{"href":"https:\/\/usa-b2.com\/it\/wp-json\/wp\/v2\/pages\/8552","targetHints":{"allow":["GET"]}}],"collection":[{"href":"https:\/\/usa-b2.com\/it\/wp-json\/wp\/v2\/pages"}],"about":[{"href":"https:\/\/usa-b2.com\/it\/wp-json\/wp\/v2\/types\/page"}],"author":[{"embeddable":true,"href":"https:\/\/usa-b2.com\/it\/wp-json\/wp\/v2\/users\/1"}],"replies":[{"embeddable":true,"href":"https:\/\/usa-b2.com\/it\/wp-json\/wp\/v2\/comments?post=8552"}],"version-history":[{"count":1,"href":"https:\/\/usa-b2.com\/it\/wp-json\/wp\/v2\/pages\/8552\/revisions"}],"predecessor-version":[{"id":9435,"href":"https:\/\/usa-b2.com\/it\/wp-json\/wp\/v2\/pages\/8552\/revisions\/9435"}],"wp:attachment":[{"href":"https:\/\/usa-b2.com\/it\/wp-json\/wp\/v2\/media?parent=8552"}],"curies":[{"name":"wp","href":"https:\/\/api.w.org\/{rel}","templated":true}]}}