{"id":6224,"date":"2025-01-15T10:13:22","date_gmt":"2025-01-15T10:13:22","guid":{"rendered":"https:\/\/usa-b2.com\/blue-ridge-parkway-stati-uniti\/"},"modified":"2025-01-21T10:35:16","modified_gmt":"2025-01-21T10:35:16","slug":"blue-ridge-parkway-stati-uniti","status":"publish","type":"page","link":"https:\/\/usa-b2.com\/it\/blue-ridge-parkway-stati-uniti\/","title":{"rendered":"Scopri il Blue Ridge Parkway negli Stati Uniti"},"content":{"rendered":"\n<h1 class=\"wp-block-heading\">Come si organizza un viaggio in auto sulla Blue Ridge Parkway?<\/h1>\n\n<p>La <a href=\"https:\/\/www.blueridgeparkway.org\/\">Blue Ridge Parkway<\/a>, soprannominata &#8220;America&#8217;s Favorite Drive&#8221;, \u00e8 una delle pi\u00f9 belle strade panoramiche degli Stati Uniti. Estendendosi per quasi 755 chilometri tra la <a href=\"https:\/\/www.virginia.org\/\">Virginia<\/a> e la Carolina del Nord, questo leggendario percorso attraversa scenari mozzafiato, da montagne verdeggianti a valli tranquille. Che tu sia un appassionato di escursioni, un appassionato di fotografia o semplicemente alla ricerca di un po&#8217; di pace e tranquillit\u00e0, questa guida completa ti dir\u00e0 tutto quello che devi sapere per goderti al meglio questo leggendario viaggio su strada.  <\/p>\n\n<figure class=\"wp-block-image size-full\"><img fetchpriority=\"high\" decoding=\"async\" width=\"597\" height=\"336\" src=\"https:\/\/usa-b2.com\/wp-content\/uploads\/2025\/01\/Blue-Ridge-Parkway-Virginie-Caroline-Nord-USA-edited.png\" alt=\"\" class=\"wp-image-6796\" srcset=\"https:\/\/usa-b2.com\/wp-content\/uploads\/2025\/01\/Blue-Ridge-Parkway-Virginie-Caroline-Nord-USA-edited.png 597w, https:\/\/usa-b2.com\/wp-content\/uploads\/2025\/01\/Blue-Ridge-Parkway-Virginie-Caroline-Nord-USA-edited-300x169.png 300w\" sizes=\"(max-width: 597px) 100vw, 597px\" \/><\/figure>\n\n<h2 class=\"wp-block-heading\">Scopri il Blue Ridge Parkway<\/h2>\n\n<h3 class=\"wp-block-heading\">Da non perdere<\/h3>\n\n<ul class=\"wp-block-list\">\n<li><strong>Chilometro 0<\/strong>: Afton Overlook (Virginia): Un primo spettacolare scorcio delle montagne circostanti.<\/li>\n\n\n\n<li><strong>Chilometro 85<\/strong>: Peaks of Otter: sentieri accessibili e un lago pittoresco perfetto per un picnic.<\/li>\n\n\n\n<li><strong>Chilometro 316<\/strong>: Linville Falls, Carolina del Nord: Una cascata impressionante, ideale per gli appassionati di fotografia.<\/li>\n\n\n\n<li><strong>Cherokee<\/strong>: la fine della Parkway, vicino al Parco Nazionale delle Great Smoky Mountains.<\/li>\n<\/ul>\n\n<h3 class=\"wp-block-heading\">I variegati paesaggi lungo il percorso<\/h3>\n\n<p>La Blue Ridge Parkway offre una variet\u00e0 di panorami, dalle fitte foreste della Virginia alle aspre vette della Carolina del Nord. In autunno, il fogliame fiammeggiante attira visitatori da tutto il mondo, mentre in primavera i fiori selvatici tappezzano i bordi. I tunnel scavati nelle montagne aggiungono un tocco pittoresco all&#8217;esperienza.  <\/p>\n\n<h2 class=\"wp-block-heading\">Dove alloggiare: alloggi e citt\u00e0 strategiche<\/h2>\n\n<h3 class=\"wp-block-heading\">Citt\u00e0 di sosta preferite<\/h3>\n\n<ul class=\"wp-block-list\">\n<li><strong><a href=\"https:\/\/www.roanokeva.gov\/148\/Visitors-Tourism\">Roanoke<\/a> (Virginia)<\/strong>: ideale per esplorare la parte settentrionale della Parkway, questa citt\u00e0 offre hotel confortevoli e una vivace scena di ristoranti.<\/li>\n\n\n\n<li><strong><a href=\"https:\/\/www.exploreasheville.com\/\">Asheville<\/a> (Carolina del Nord) <\/strong>: Una tappa obbligata per gli amanti dell&#8217;arte, della musica e della cucina locale.<\/li>\n\n\n\n<li><strong><a href=\"https:\/\/blowingrock.com\/\">Blowing Rock<\/a> (Carolina del Nord)<\/strong>: Un&#8217;incantevole cittadina nota per i suoi negozi, i ristoranti e l&#8217;atmosfera di montagna.<\/li>\n<\/ul>\n\n<h3 class=\"wp-block-heading\">Alloggi a Parkway e dintorni<\/h3>\n\n<ul class=\"wp-block-list\">\n<li><strong>Logge storiche<\/strong>: <a href=\"https:\/\/www.peaksofotter.com\/\">Peaks of Otter Lodge<\/a> e Pisgah Inn offrono un ambiente autentico e viste mozzafiato.<\/li>\n\n\n\n<li><strong>Campeggio<\/strong>: i campeggi ben attrezzati, come il Doughton Park, offrono un&#8217;immersione totale nella natura.<\/li>\n<\/ul>\n\n<h2 class=\"wp-block-heading\">Itinerario consigliato di 5 giorni<\/h2>\n\n<figure class=\"wp-block-table\"><table class=\"has-fixed-layout\"><tbody><tr><td class=\"has-text-align-center\" data-align=\"center\"><strong>Giorno<\/strong><\/td><td class=\"has-text-align-center\" data-align=\"center\"><strong>Sezione<\/strong><\/td><td class=\"has-text-align-center\" data-align=\"center\"><strong>Attivit\u00e0 principali<\/strong><\/td><td class=\"has-text-align-center\" data-align=\"center\"><strong>Sistemazione suggerita<\/strong><\/td><\/tr><tr><td class=\"has-text-align-center\" data-align=\"center\">1<\/td><td class=\"has-text-align-center\" data-align=\"center\">Da Afton a Roanoke<\/td><td class=\"has-text-align-center\" data-align=\"center\">Prospettiva di Afton, Roccia di Humpback<\/td><td class=\"has-text-align-center\" data-align=\"center\">Roanoke<\/td><\/tr><tr><td class=\"has-text-align-center\" data-align=\"center\">2<\/td><td class=\"has-text-align-center\" data-align=\"center\">Da Roanoke a Blowing Rock<\/td><td class=\"has-text-align-center\" data-align=\"center\">Picchi di roccia di Otter, Mulino Mabry<\/td><td class=\"has-text-align-center\" data-align=\"center\">Roccia soffiante<\/td><\/tr><tr><td class=\"has-text-align-center\" data-align=\"center\">3<\/td><td class=\"has-text-align-center\" data-align=\"center\">Blowing Rock ad Asheville<\/td><td class=\"has-text-align-center\" data-align=\"center\">Cascate di Linville, Grandfather Mountain<\/td><td class=\"has-text-align-center\" data-align=\"center\">Asheville<\/td><\/tr><tr><td class=\"has-text-align-center\" data-align=\"center\">4<\/td><td class=\"has-text-align-center\" data-align=\"center\">Da Asheville a Mount Pisgah<\/td><td class=\"has-text-align-center\" data-align=\"center\">Pisgah Inn, Giardini di Craggy<\/td><td class=\"has-text-align-center\" data-align=\"center\">Pisgah Inn<\/td><\/tr><tr><td class=\"has-text-align-center\" data-align=\"center\">5<\/td><td class=\"has-text-align-center\" data-align=\"center\">Monte Pisgah a <a href=\"https:\/\/visitcherokeenc.com\/\">Cherokee<\/a><\/td><td class=\"has-text-align-center\" data-align=\"center\">Waterrock Knob, Cherokee<\/td><td class=\"has-text-align-center\" data-align=\"center\">Cherokee<\/td><\/tr><\/tbody><\/table><\/figure>\n\n<p><br\/>Questo itinerario ti permette di scoprire i punti salienti del Parkway e di conciliare l&#8217;esplorazione con il relax.<\/p>\n\n<h2 class=\"wp-block-heading\">Luoghi da fotografare su Instagram<\/h2>\n\n<h3 class=\"wp-block-heading\">I paesaggi perfetti per i tuoi scatti<\/h3>\n\n<p>La Blue Ridge Parkway \u00e8 ricca di luoghi fotogenici. Tra questi ci sono: <\/p>\n\n<ul class=\"wp-block-list\">\n<li><strong>Craggy Gardens (chilometro 364)<\/strong>: panorami colorati, soprattutto in primavera.<\/li>\n\n\n\n<li><strong>Mabry Mill (Milepost 176)<\/strong>: un vecchio mulino a macine circondato da un paesaggio bucolico, perfetto per foto rustiche.<\/li>\n\n\n\n<li><strong>Waterrock Knob (Milepost 451)<\/strong>: Una vista spettacolare al tramonto.<\/li>\n<\/ul>\n\n<h3 class=\"wp-block-heading\">Suggerimenti per immortalare la strada del parco<\/h3>\n\n<p>Per ottenere le foto migliori, concentrati sulle albe e sui tramonti, quando la luce \u00e8 morbida e i colori vivaci. Non dimenticare di immortalare gli iconici tunnel e le curve tortuose della strada. <\/p>\n\n<h2 class=\"wp-block-heading\">Attivit\u00e0 in base al tipo di viaggio<\/h2>\n\n<h3 class=\"wp-block-heading\">Per le coppie: momenti romantici<\/h3>\n\n<ul class=\"wp-block-list\">\n<li><strong>Passeggiate tranquille e punti panoramici<\/strong>: sentieri come il Flat Top Trail ai Peaks of Otter offrono momenti di pace e tranquillit\u00e0 per due.<\/li>\n\n\n\n<li><strong>Degustazioni locali <\/strong>: ad Asheville, assapora piatti e vini regionali in un&#8217;atmosfera amichevole.<\/li>\n\n\n\n<li><strong>Osservazione delle stelle<\/strong>: il basso inquinamento luminoso del Parkway lo rende un luogo ideale per contemplare la Via Lattea.<\/li>\n<\/ul>\n\n<h3 class=\"wp-block-heading\">Con la famiglia: avventure a misura di bambino<\/h3>\n\n<ul class=\"wp-block-list\">\n<li><strong>Attivit\u00e0 educative<\/strong>: i centri visitatori come Humpback Rocks offrono programmi interattivi per i bambini.<\/li>\n\n\n\n<li><strong>Passeggiate accessibili <\/strong>: il sentiero delle cascate di Linville \u00e8 breve e facile, perfetto per le famiglie con bambini piccoli.<\/li>\n\n\n\n<li><strong>Picnic all&#8217;aperto<\/strong>: diverse aree lungo la Parkway, come il Doughton Park, sono ideali per un pasto all&#8217;aria aperta.<\/li>\n<\/ul>\n\n<p>La Blue Ridge Parkway \u00e8 molto pi\u00f9 di una semplice strada: \u00e8 un&#8217;esperienza coinvolgente nel cuore della bellezza naturale dell&#8217;America. Che tu sia alla ricerca di avventura, relax o ricordi di famiglia, questo viaggio ti lascer\u00e0 immagini e sensazioni indimenticabili. Pianifica il tuo itinerario, mettiti in viaggio e lasciati incantare dalle meraviglie delle Blue Ridge Mountains.  <\/p>\n","protected":false},"excerpt":{"rendered":"<p>Come si organizza un viaggio in auto sulla Blue Ridge Parkway? La Blue Ridge Parkway, soprannominata &#8220;America&#8217;s Favorite Drive&#8221;, \u00e8 una delle pi\u00f9 belle strade panoramiche degli Stati Uniti. Estendendosi per quasi 755 chilometri tra la Virginia e la Carolina del Nord, questo leggendario percorso attraversa scenari mozzafiato, da montagne verdeggianti a valli tranquille. Che [&hellip;]<\/p>\n","protected":false},"author":1,"featured_media":0,"parent":0,"menu_order":0,"comment_status":"closed","ping_status":"closed","template":"","meta":{"footnotes":""},"class_list":["post-6224","page","type-page","status-publish","hentry"],"yoast_head":"<!-- This site is optimized with the Yoast SEO plugin v27.4 - https:\/\/yoast.com\/product\/yoast-seo-wordpress\/ -->\n<title>Scopri il Blue Ridge Parkway negli Stati Uniti - USA B2<\/title>\n<meta name=\"description\" content=\"Scopri la Blue Ridge Parkway: gli itinerari, i migliori alloggi, i luoghi da fotografare e le attivit\u00e0 per coppie e famiglie!\" \/>\n<meta name=\"robots\" content=\"index, follow, max-snippet:-1, max-image-preview:large, max-video-preview:-1\" \/>\n<link rel=\"canonical\" href=\"https:\/\/usa-b2.com\/it\/blue-ridge-parkway-stati-uniti\/\" \/>\n<meta property=\"og:locale\" content=\"it_IT\" \/>\n<meta property=\"og:type\" content=\"article\" \/>\n<meta property=\"og:title\" content=\"Scopri il Blue Ridge Parkway negli Stati Uniti - USA B2\" \/>\n<meta property=\"og:description\" content=\"Scopri la Blue Ridge Parkway: gli itinerari, i migliori alloggi, i luoghi da fotografare e le attivit\u00e0 per coppie e famiglie!\" \/>\n<meta property=\"og:url\" content=\"https:\/\/usa-b2.com\/it\/blue-ridge-parkway-stati-uniti\/\" \/>\n<meta property=\"og:site_name\" content=\"USA B2\" \/>\n<meta property=\"article:modified_time\" content=\"2025-01-21T10:35:16+00:00\" \/>\n<meta property=\"og:image\" content=\"https:\/\/usa-b2.com\/wp-content\/uploads\/2025\/01\/Blue-Ridge-Parkway-Virginie-Caroline-Nord-USA-edited.png\" \/>\n\t<meta property=\"og:image:width\" content=\"597\" \/>\n\t<meta property=\"og:image:height\" content=\"336\" \/>\n\t<meta property=\"og:image:type\" content=\"image\/png\" \/>\n<meta name=\"twitter:card\" content=\"summary_large_image\" \/>\n<meta name=\"twitter:label1\" content=\"Tempo di lettura stimato\" \/>\n\t<meta name=\"twitter:data1\" content=\"3 minuti\" \/>\n<script type=\"application\/ld+json\" class=\"yoast-schema-graph\">{\"@context\":\"https:\\\/\\\/schema.org\",\"@graph\":[{\"@type\":\"WebPage\",\"@id\":\"https:\\\/\\\/usa-b2.com\\\/it\\\/blue-ridge-parkway-stati-uniti\\\/\",\"url\":\"https:\\\/\\\/usa-b2.com\\\/it\\\/blue-ridge-parkway-stati-uniti\\\/\",\"name\":\"Scopri il Blue Ridge Parkway negli Stati Uniti - USA B2\",\"isPartOf\":{\"@id\":\"https:\\\/\\\/usa-b2.com\\\/it\\\/#website\"},\"primaryImageOfPage\":{\"@id\":\"https:\\\/\\\/usa-b2.com\\\/it\\\/blue-ridge-parkway-stati-uniti\\\/#primaryimage\"},\"image\":{\"@id\":\"https:\\\/\\\/usa-b2.com\\\/it\\\/blue-ridge-parkway-stati-uniti\\\/#primaryimage\"},\"thumbnailUrl\":\"https:\\\/\\\/usa-b2.com\\\/wp-content\\\/uploads\\\/2025\\\/01\\\/Blue-Ridge-Parkway-Virginie-Caroline-Nord-USA-edited.png\",\"datePublished\":\"2025-01-15T10:13:22+00:00\",\"dateModified\":\"2025-01-21T10:35:16+00:00\",\"description\":\"Scopri la Blue Ridge Parkway: gli itinerari, i migliori alloggi, i luoghi da fotografare e le attivit\u00e0 per coppie e famiglie!\",\"breadcrumb\":{\"@id\":\"https:\\\/\\\/usa-b2.com\\\/it\\\/blue-ridge-parkway-stati-uniti\\\/#breadcrumb\"},\"inLanguage\":\"it-IT\",\"potentialAction\":[{\"@type\":\"ReadAction\",\"target\":[\"https:\\\/\\\/usa-b2.com\\\/it\\\/blue-ridge-parkway-stati-uniti\\\/\"]}]},{\"@type\":\"ImageObject\",\"inLanguage\":\"it-IT\",\"@id\":\"https:\\\/\\\/usa-b2.com\\\/it\\\/blue-ridge-parkway-stati-uniti\\\/#primaryimage\",\"url\":\"https:\\\/\\\/usa-b2.com\\\/wp-content\\\/uploads\\\/2025\\\/01\\\/Blue-Ridge-Parkway-Virginie-Caroline-Nord-USA-edited.png\",\"contentUrl\":\"https:\\\/\\\/usa-b2.com\\\/wp-content\\\/uploads\\\/2025\\\/01\\\/Blue-Ridge-Parkway-Virginie-Caroline-Nord-USA-edited.png\"},{\"@type\":\"BreadcrumbList\",\"@id\":\"https:\\\/\\\/usa-b2.com\\\/it\\\/blue-ridge-parkway-stati-uniti\\\/#breadcrumb\",\"itemListElement\":[{\"@type\":\"ListItem\",\"position\":1,\"name\":\"Accueil\",\"item\":\"https:\\\/\\\/usa-b2.com\\\/it\\\/usa\\\/\"},{\"@type\":\"ListItem\",\"position\":2,\"name\":\"Scopri il Blue Ridge Parkway negli Stati Uniti\"}]},{\"@type\":\"WebSite\",\"@id\":\"https:\\\/\\\/usa-b2.com\\\/it\\\/#website\",\"url\":\"https:\\\/\\\/usa-b2.com\\\/it\\\/\",\"name\":\"USA B2 VISA\",\"description\":\"\",\"potentialAction\":[{\"@type\":\"SearchAction\",\"target\":{\"@type\":\"EntryPoint\",\"urlTemplate\":\"https:\\\/\\\/usa-b2.com\\\/it\\\/?s={search_term_string}\"},\"query-input\":{\"@type\":\"PropertyValueSpecification\",\"valueRequired\":true,\"valueName\":\"search_term_string\"}}],\"inLanguage\":\"it-IT\"}]}<\/script>\n<!-- \/ Yoast SEO plugin. -->","yoast_head_json":{"title":"Scopri il Blue Ridge Parkway negli Stati Uniti - USA B2","description":"Scopri la Blue Ridge Parkway: gli itinerari, i migliori alloggi, i luoghi da fotografare e le attivit\u00e0 per coppie e famiglie!","robots":{"index":"index","follow":"follow","max-snippet":"max-snippet:-1","max-image-preview":"max-image-preview:large","max-video-preview":"max-video-preview:-1"},"canonical":"https:\/\/usa-b2.com\/it\/blue-ridge-parkway-stati-uniti\/","og_locale":"it_IT","og_type":"article","og_title":"Scopri il Blue Ridge Parkway negli Stati Uniti - USA B2","og_description":"Scopri la Blue Ridge Parkway: gli itinerari, i migliori alloggi, i luoghi da fotografare e le attivit\u00e0 per coppie e famiglie!","og_url":"https:\/\/usa-b2.com\/it\/blue-ridge-parkway-stati-uniti\/","og_site_name":"USA B2","article_modified_time":"2025-01-21T10:35:16+00:00","og_image":[{"width":597,"height":336,"url":"https:\/\/usa-b2.com\/wp-content\/uploads\/2025\/01\/Blue-Ridge-Parkway-Virginie-Caroline-Nord-USA-edited.png","type":"image\/png"}],"twitter_card":"summary_large_image","twitter_misc":{"Tempo di lettura stimato":"3 minuti"},"schema":{"@context":"https:\/\/schema.org","@graph":[{"@type":"WebPage","@id":"https:\/\/usa-b2.com\/it\/blue-ridge-parkway-stati-uniti\/","url":"https:\/\/usa-b2.com\/it\/blue-ridge-parkway-stati-uniti\/","name":"Scopri il Blue Ridge Parkway negli Stati Uniti - USA B2","isPartOf":{"@id":"https:\/\/usa-b2.com\/it\/#website"},"primaryImageOfPage":{"@id":"https:\/\/usa-b2.com\/it\/blue-ridge-parkway-stati-uniti\/#primaryimage"},"image":{"@id":"https:\/\/usa-b2.com\/it\/blue-ridge-parkway-stati-uniti\/#primaryimage"},"thumbnailUrl":"https:\/\/usa-b2.com\/wp-content\/uploads\/2025\/01\/Blue-Ridge-Parkway-Virginie-Caroline-Nord-USA-edited.png","datePublished":"2025-01-15T10:13:22+00:00","dateModified":"2025-01-21T10:35:16+00:00","description":"Scopri la Blue Ridge Parkway: gli itinerari, i migliori alloggi, i luoghi da fotografare e le attivit\u00e0 per coppie e famiglie!","breadcrumb":{"@id":"https:\/\/usa-b2.com\/it\/blue-ridge-parkway-stati-uniti\/#breadcrumb"},"inLanguage":"it-IT","potentialAction":[{"@type":"ReadAction","target":["https:\/\/usa-b2.com\/it\/blue-ridge-parkway-stati-uniti\/"]}]},{"@type":"ImageObject","inLanguage":"it-IT","@id":"https:\/\/usa-b2.com\/it\/blue-ridge-parkway-stati-uniti\/#primaryimage","url":"https:\/\/usa-b2.com\/wp-content\/uploads\/2025\/01\/Blue-Ridge-Parkway-Virginie-Caroline-Nord-USA-edited.png","contentUrl":"https:\/\/usa-b2.com\/wp-content\/uploads\/2025\/01\/Blue-Ridge-Parkway-Virginie-Caroline-Nord-USA-edited.png"},{"@type":"BreadcrumbList","@id":"https:\/\/usa-b2.com\/it\/blue-ridge-parkway-stati-uniti\/#breadcrumb","itemListElement":[{"@type":"ListItem","position":1,"name":"Accueil","item":"https:\/\/usa-b2.com\/it\/usa\/"},{"@type":"ListItem","position":2,"name":"Scopri il Blue Ridge Parkway negli Stati Uniti"}]},{"@type":"WebSite","@id":"https:\/\/usa-b2.com\/it\/#website","url":"https:\/\/usa-b2.com\/it\/","name":"USA B2 VISA","description":"","potentialAction":[{"@type":"SearchAction","target":{"@type":"EntryPoint","urlTemplate":"https:\/\/usa-b2.com\/it\/?s={search_term_string}"},"query-input":{"@type":"PropertyValueSpecification","valueRequired":true,"valueName":"search_term_string"}}],"inLanguage":"it-IT"}]}},"_links":{"self":[{"href":"https:\/\/usa-b2.com\/it\/wp-json\/wp\/v2\/pages\/6224","targetHints":{"allow":["GET"]}}],"collection":[{"href":"https:\/\/usa-b2.com\/it\/wp-json\/wp\/v2\/pages"}],"about":[{"href":"https:\/\/usa-b2.com\/it\/wp-json\/wp\/v2\/types\/page"}],"author":[{"embeddable":true,"href":"https:\/\/usa-b2.com\/it\/wp-json\/wp\/v2\/users\/1"}],"replies":[{"embeddable":true,"href":"https:\/\/usa-b2.com\/it\/wp-json\/wp\/v2\/comments?post=6224"}],"version-history":[{"count":0,"href":"https:\/\/usa-b2.com\/it\/wp-json\/wp\/v2\/pages\/6224\/revisions"}],"wp:attachment":[{"href":"https:\/\/usa-b2.com\/it\/wp-json\/wp\/v2\/media?parent=6224"}],"curies":[{"name":"wp","href":"https:\/\/api.w.org\/{rel}","templated":true}]}}