{"id":6140,"date":"2025-01-15T09:01:21","date_gmt":"2025-01-15T09:01:21","guid":{"rendered":"https:\/\/usa-b2.com\/pacific-coast-highway\/"},"modified":"2025-10-16T10:00:39","modified_gmt":"2025-10-16T10:00:39","slug":"autostrada-della-costa-pacifica","status":"publish","type":"page","link":"https:\/\/usa-b2.com\/it\/autostrada-della-costa-pacifica\/","title":{"rendered":"Viaggiare sulla Pacific Coast Highway negli Stati Uniti"},"content":{"rendered":"\n<h1 class=\"wp-block-heading\">Come organizzare il tuo viaggio sulla Pacific Coast Highway?<\/h1>\n\n<p>La <a href=\"https:\/\/www.visittheusa.com\/trip\/pacific-coast-highway-road-trip\">Pacific Coast Highway<\/a> (PCH), ufficialmente nota come California State Route 1, \u00e8 molto pi\u00f9 di una semplice strada. Questo nastro d&#8217;asfalto lungo la costa californiana offre un&#8217;immersione totale in scenari mozzafiato, citt\u00e0 pittoresche ed esperienze memorabili ad ogni angolo. Che tu sia alla ricerca di avventura o di pace e tranquillit\u00e0, questa guida dettagliata ti aiuter\u00e0 a pianificare una fuga indimenticabile.  <\/p>\n\n<figure class=\"wp-block-image size-full\"><img fetchpriority=\"high\" decoding=\"async\" width=\"831\" height=\"467\" src=\"https:\/\/usa-b2.com\/wp-content\/uploads\/2025\/01\/Pacific-Coast-Highway-usa-edited.png\" alt=\"\" class=\"wp-image-6503\" srcset=\"https:\/\/usa-b2.com\/wp-content\/uploads\/2025\/01\/Pacific-Coast-Highway-usa-edited.png 831w, https:\/\/usa-b2.com\/wp-content\/uploads\/2025\/01\/Pacific-Coast-Highway-usa-edited-300x169.png 300w, https:\/\/usa-b2.com\/wp-content\/uploads\/2025\/01\/Pacific-Coast-Highway-usa-edited-768x432.png 768w\" sizes=\"(max-width: 831px) 100vw, 831px\" \/><\/figure>\n\n<h2 class=\"wp-block-heading\">Perch\u00e9 visitare la Pacific Coast Highway?<\/h2>\n\n<p>La Pacific Coast Highway \u00e8 un vero e proprio inno alla diversit\u00e0 e alla bellezza naturale della <a href=\"https:\/\/www.ca.gov\/\">California<\/a>. Percorrendo questa iconica strada, attraverserai una variet\u00e0 di paesaggi che ti porteranno da spiagge dorate a scogliere frastagliate, da foreste lussureggianti a citt\u00e0 vivaci. \u00c8 un viaggio in cui ogni momento offre una nuova scoperta, che si tratti di viste panoramiche sull&#8217;Oceano Pacifico o di incantevoli villaggi adagiati sulla costa.  <\/p>\n\n<p>Uno degli aspetti pi\u00f9 interessanti della PCH \u00e8 il suo ritmo. A differenza delle moderne autostrade, questo percorso ti invita a rallentare e ad assaporare ogni chilometro. Le soste frequenti non sono solo un&#8217;opzione, ma una necessit\u00e0, perch\u00e9 lungo il percorso si susseguono panorami spettacolari e attrazioni uniche. Questo viaggio \u00e8 ideale per chi vuole riconnettersi con la natura, godere di momenti di serenit\u00e0 o semplicemente esplorare un angolo di paradiso al proprio ritmo.   <\/p>\n\n<h2 class=\"wp-block-heading\">Luoghi da non perdere in viaggio<\/h2>\n\n<h3 class=\"wp-block-heading\">Paesaggi mitici<\/h3>\n\n<p>La Pacific Coast Highway \u00e8 famosa in tutto il mondo per i suoi paesaggi mozzafiato. A Big Sur, le spettacolari scogliere che si gettano nell&#8217;oceano creano un&#8217;atmosfera unica, dove ogni curva rivela un nuovo panorama da cartolina. La Point Lobos State Natural Reserve, invece, \u00e8 un paradiso per gli amanti della fauna selvatica, con sentieri costieri e vedute di leoni marini e delfini.  <\/p>\n\n<p>La 17-Mile Drive \u00e8 un altro punto di forza del percorso. Questo tratto privato \u00e8 costellato di luoghi iconici come il Lone Cypress e lussuosi campi da golf. Offre un&#8217;atmosfera unica, che fonde il lusso con la bellezza selvaggia. Infine, l&#8217;Hearst Castle \u00e8 una tappa obbligata. Questa stravagante dimora, costruita dal magnate dei giornali William Randolph Hearst, si affaccia sull&#8217;oceano e offre un affascinante tour di storia e opulenza.    <\/p>\n\n<h4 class=\"wp-block-heading\">Elenco dei luoghi da non perdere :<\/h4>\n\n<ul class=\"wp-block-list\">\n<li>Big Sur e le sue maestose scogliere<\/li>\n\n\n\n<li>Point Lobos per gli amanti della natura<\/li>\n\n\n\n<li>Il <a href=\"https:\/\/hearstcastle.org\/\">Castello di Hearst<\/a>, un capolavoro architettonico<\/li>\n\n\n\n<li>Parchi nazionali<\/li>\n<\/ul>\n\n<p>Anche i parchi nazionali lungo il percorso meritano una visita. Il <g id=\"gid_0\">Channel Islands National Park<\/g>, accessibile da Ventura, \u00e8 un paradiso per gli amanti del kayak, dello snorkeling e delle escursioni. Pi\u00f9 a nord, i parchi <g id=\"gid_1\">nazionali<\/g> e statali di <g id=\"gid_1\">Redwood<\/g> ospitano le famose sequoie giganti, alcuni degli alberi pi\u00f9 alti del mondo. Questi parchi sono l&#8217;occasione perfetta per immergersi in ecosistemi unici e fare una pausa nella natura al centro del tuo viaggio.   <\/p>\n\n<h2 class=\"wp-block-heading\">Dove dormire lungo la PCH?<\/h2>\n\n<h3 class=\"wp-block-heading\">Hotel e ostelli<\/h3>\n\n<p>La scelta dell&#8217;alloggio pu\u00f2 rendere il tuo viaggio un&#8217;esperienza ancora pi\u00f9 memorabile. Carmel-by-the-Sea, ad esempio, \u00e8 un&#8217;incantevole cittadina dove puoi soggiornare in accoglienti locande o boutique hotel. Le strade acciottolate e le gallerie d&#8217;arte di questa piccola citt\u00e0 la rendono una tappa perfetta per una notte di riposo. Pi\u00f9 a sud, Santa Barbara offre hotel sul mare che combinano comfort ed eleganza.   <\/p>\n\n<h3 class=\"wp-block-heading\">Campeggi per un&#8217;immersione totale<\/h3>\n\n<p>Per gli amanti della vita all&#8217;aria aperta, il campeggio lungo la Pacific Coast Highway \u00e8 un&#8217;opzione incredibile. Campeggi come il Kirk Creek Campground, a Big Sur, offrono una vista diretta sull&#8217;oceano, permettendoti di addormentarti al suono delle onde. Questi luoghi sono perfetti per chi vuole vivere appieno la natura californiana risparmiando sull&#8217;alloggio.  <\/p>\n\n<h4 class=\"wp-block-heading\">Sistemazione consigliata :<\/h4>\n\n<figure class=\"wp-block-table\"><table class=\"has-fixed-layout\"><tbody><tr><td><strong>Citt\u00e0<\/strong><\/td><td><strong>Tipo di alloggio<\/strong><\/td><td><strong>Nome consigliato<\/strong><\/td><\/tr><tr><td>Carmel-by-the-Sea<\/td><td>Hotel di charme<\/td><td>Il Carmel Inn<\/td><\/tr><tr><td>Big Sur<\/td><td>Campeggio Kirk<\/td><td>Campeggio Creek<\/td><\/tr><tr><td>Santa Barbara<\/td><td>Hotel sul mare<\/td><td>Locanda Santa Barbara<\/td><\/tr><\/tbody><\/table><\/figure>\n\n<h2 class=\"wp-block-heading\"><br\/>Il percorso ideale da seguire<\/h2>\n\n<h3 class=\"wp-block-heading\">Tappa 1: Da San Francisco a Monterey<\/h3>\n\n<p>Inizia il tuo viaggio a <a href=\"https:\/\/www.sftravel.com\/\">San Francisco<\/a> attraversando il leggendario <a href=\"https:\/\/www.goldengate.org\/bridge\/visiting-the-bridge\/\">Golden Gate Bridge<\/a>. Prenditi del tempo per visitare i quartieri simbolo della citt\u00e0, come <a href=\"https:\/\/www.fishermanswharf.org\/\">Fisherman&#8217;s Wharf<\/a> e Chinatown, prima di dirigerti verso <a href=\"https:\/\/monterey.gov\/\">Monterey<\/a>. Durante il tragitto, fai una sosta ad Half Moon Bay, una spiaggia tranquilla ideale per un picnic. Una volta a Monterey, non perderti il suo famoso acquario e <a href=\"https:\/\/canneryrow.com\/experience-cannery-row\/\">Cannery Row<\/a>, una strada storica piena di negozi e ristoranti.   <\/p>\n\n<h3 class=\"wp-block-heading\">Tappa 2: Da Monterey a Big Sur<\/h3>\n\n<p>Questo tratto \u00e8 uno dei pi\u00f9 spettacolari del percorso. Lungo il percorso, fai una sosta alla Point <g id=\"gid_0\">Lobos State Reserve<\/g> per un&#8217;escursione costiera. Prosegui fino a <g id=\"gid_1\">Big Sur<\/g>, dove il Bixby Creek Bridge offre una vista iconica. Esplora anche le McWay Falls, una cascata unica che si getta direttamente nell&#8217;oceano.   <\/p>\n\n<h3 class=\"wp-block-heading\">Tappa 3: Da Big Sur a Santa Barbara<\/h3>\n\n<p>Passa per <a href=\"https:\/\/www.slocity.org\/\">San Luis Obispo<\/a> e fermati al Castello di Hearst per un&#8217;affascinante visita. Pi\u00f9 a sud, goditi le tranquille spiagge di Santa Barbara ed esplora il suo vivace centro citt\u00e0 prima di concludere il tuo viaggio. <\/p>\n\n<h2 class=\"wp-block-heading\">Formalit\u00e0 amministrative preliminari<\/h2>\n\n<p>Per poter percorrere la Pacific Coast Highway, devi anticipare le formalit\u00e0 di viaggio:<\/p>\n\n<ul class=\"wp-block-list\">\n<li>Controlla la validit\u00e0 del tuo <a href=\"https:\/\/usa-b2.com\/it\/passaporto-viaggio-negli-stati-uniti\/\">passaporto per gli Stati Uniti<\/a>.<\/li>\n\n\n\n<li>Completa il <a href=\"https:\/\/usa-b2.com\/it\/modulo-esta-online\/\">modulo ESTA online<\/a>. Se il tuo paese non fa parte del <a href=\"https:\/\/usa-b2.com\/it\/programma-di-esenzione-dal-visto\/\">Programma Viaggio senza Visto degli Stati Uniti<\/a>, dovrai richiedere un <a href=\"https:\/\/usa-b2.com\/it\/visto-b1-b2-degli-stati-uniti\/\">visto B1-B2<\/a>. <\/li>\n<\/ul>\n\n<div style=\"height:10px\" aria-hidden=\"true\" class=\"wp-block-spacer\"><\/div>\n\n<h2 class=\"wp-block-heading\">Luoghi imperdibili per le foto<\/h2>\n\n<p>La Pacific Coast Highway \u00e8 ricca di luoghi ideali per catturare ricordi. A <a href=\"https:\/\/mcwayfalls.com\/\">McWay Falls<\/a>, la cascata che si getta nell&#8217;oceano offre una vista unica, mentre il Bixby Bridge \u00e8 un punto di riferimento spesso fotografato. Per scatti pi\u00f9 artistici, recati a Pfeiffer Beach, nota per la sua sabbia viola, o al Santa Monica Pier, dove il tramonto crea una luce magica. Questi luoghi sono ideali per immortalare il tuo viaggio e condividere scatti memorabili sui social network.   <\/p>\n\n<h2 class=\"wp-block-heading\">Attivit\u00e0 adatte al tuo profilo<\/h2>\n\n<h3 class=\"wp-block-heading\">Coppia<\/h3>\n\n<p>Per le coppie, la PCH offre opportunit\u00e0 romantiche ad ogni angolo. A <a href=\"https:\/\/icilosangeles.fr\/decouvrir-los-angeles\/quartiers\/malibu-beach\/\">Malibu<\/a>, prenota una cena per due in un ristorante con vista sull&#8217;oceano. A Santa Barbara, opta per una passeggiata a cavallo lungo le spiagge. Questi momenti di intimit\u00e0 aggiungono magia al tuo viaggio in auto.   <\/p>\n\n<h3 class=\"wp-block-heading\">Con la famiglia<\/h3>\n\n<p>Viaggiare in famiglia lungo la Pacific Coast Highway \u00e8 un&#8217;esperienza gratificante. I bambini ameranno lo zoo di Santa Barbara o le escursioni in kayak a Monterey. Anche le spiagge come Morro Bay offrono relax e divertimento per grandi e piccini.  <\/p>\n\n<p>La Pacific Coast Highway \u00e8 un itinerario da sogno, che combina paesaggi sublimi, attivit\u00e0 varie e soste memorabili. Che tu stia viaggiando in coppia o in famiglia, questo percorso offre un&#8217;esperienza indimenticabile, dove ogni sosta \u00e8 una scoperta. Pianifica con cura il tuo viaggio e lasciati sedurre da una delle strade pi\u00f9 belle del mondo.  <\/p>\n","protected":false},"excerpt":{"rendered":"<p>Come organizzare il tuo viaggio sulla Pacific Coast Highway? La Pacific Coast Highway (PCH), ufficialmente nota come California State Route 1, \u00e8 molto pi\u00f9 di una semplice strada. Questo nastro d&#8217;asfalto lungo la costa californiana offre un&#8217;immersione totale in scenari mozzafiato, citt\u00e0 pittoresche ed esperienze memorabili ad ogni angolo. Che tu sia alla ricerca di [&hellip;]<\/p>\n","protected":false},"author":1,"featured_media":0,"parent":0,"menu_order":0,"comment_status":"closed","ping_status":"closed","template":"","meta":{"footnotes":""},"class_list":["post-6140","page","type-page","status-publish","hentry"],"yoast_head":"<!-- This site is optimized with the Yoast SEO plugin v27.4 - https:\/\/yoast.com\/product\/yoast-seo-wordpress\/ -->\n<title>Viaggiare sulla Pacific Coast Highway negli Stati Uniti - USA B2<\/title>\n<meta name=\"description\" content=\"Scopri l&#039;itinerario perfetto, le tappe imperdibili, dove alloggiare e cosa fare per esplorare la Pacific Coast Highway.\" \/>\n<meta name=\"robots\" content=\"index, follow, max-snippet:-1, max-image-preview:large, max-video-preview:-1\" \/>\n<link rel=\"canonical\" href=\"https:\/\/usa-b2.com\/it\/autostrada-della-costa-pacifica\/\" \/>\n<meta property=\"og:locale\" content=\"it_IT\" \/>\n<meta property=\"og:type\" content=\"article\" \/>\n<meta property=\"og:title\" content=\"Viaggiare sulla Pacific Coast Highway negli Stati Uniti - USA B2\" \/>\n<meta property=\"og:description\" content=\"Scopri l&#039;itinerario perfetto, le tappe imperdibili, dove alloggiare e cosa fare per esplorare la Pacific Coast Highway.\" \/>\n<meta property=\"og:url\" content=\"https:\/\/usa-b2.com\/it\/autostrada-della-costa-pacifica\/\" \/>\n<meta property=\"og:site_name\" content=\"USA B2\" \/>\n<meta property=\"article:modified_time\" content=\"2025-10-16T10:00:39+00:00\" \/>\n<meta property=\"og:image\" content=\"https:\/\/usa-b2.com\/wp-content\/uploads\/2025\/01\/Pacific-Coast-Highway-usa-edited.png\" \/>\n\t<meta property=\"og:image:width\" content=\"831\" \/>\n\t<meta property=\"og:image:height\" content=\"467\" \/>\n\t<meta property=\"og:image:type\" content=\"image\/png\" \/>\n<meta name=\"twitter:card\" content=\"summary_large_image\" \/>\n<meta name=\"twitter:label1\" content=\"Tempo di lettura stimato\" \/>\n\t<meta name=\"twitter:data1\" content=\"5 minuti\" \/>\n<script type=\"application\/ld+json\" class=\"yoast-schema-graph\">{\"@context\":\"https:\\\/\\\/schema.org\",\"@graph\":[{\"@type\":\"WebPage\",\"@id\":\"https:\\\/\\\/usa-b2.com\\\/it\\\/autostrada-della-costa-pacifica\\\/\",\"url\":\"https:\\\/\\\/usa-b2.com\\\/it\\\/autostrada-della-costa-pacifica\\\/\",\"name\":\"Viaggiare sulla Pacific Coast Highway negli Stati Uniti - USA B2\",\"isPartOf\":{\"@id\":\"https:\\\/\\\/usa-b2.com\\\/it\\\/#website\"},\"primaryImageOfPage\":{\"@id\":\"https:\\\/\\\/usa-b2.com\\\/it\\\/autostrada-della-costa-pacifica\\\/#primaryimage\"},\"image\":{\"@id\":\"https:\\\/\\\/usa-b2.com\\\/it\\\/autostrada-della-costa-pacifica\\\/#primaryimage\"},\"thumbnailUrl\":\"https:\\\/\\\/usa-b2.com\\\/wp-content\\\/uploads\\\/2025\\\/01\\\/Pacific-Coast-Highway-usa-edited.png\",\"datePublished\":\"2025-01-15T09:01:21+00:00\",\"dateModified\":\"2025-10-16T10:00:39+00:00\",\"description\":\"Scopri l'itinerario perfetto, le tappe imperdibili, dove alloggiare e cosa fare per esplorare la Pacific Coast Highway.\",\"breadcrumb\":{\"@id\":\"https:\\\/\\\/usa-b2.com\\\/it\\\/autostrada-della-costa-pacifica\\\/#breadcrumb\"},\"inLanguage\":\"it-IT\",\"potentialAction\":[{\"@type\":\"ReadAction\",\"target\":[\"https:\\\/\\\/usa-b2.com\\\/it\\\/autostrada-della-costa-pacifica\\\/\"]}]},{\"@type\":\"ImageObject\",\"inLanguage\":\"it-IT\",\"@id\":\"https:\\\/\\\/usa-b2.com\\\/it\\\/autostrada-della-costa-pacifica\\\/#primaryimage\",\"url\":\"https:\\\/\\\/usa-b2.com\\\/wp-content\\\/uploads\\\/2025\\\/01\\\/Pacific-Coast-Highway-usa-edited.png\",\"contentUrl\":\"https:\\\/\\\/usa-b2.com\\\/wp-content\\\/uploads\\\/2025\\\/01\\\/Pacific-Coast-Highway-usa-edited.png\"},{\"@type\":\"BreadcrumbList\",\"@id\":\"https:\\\/\\\/usa-b2.com\\\/it\\\/autostrada-della-costa-pacifica\\\/#breadcrumb\",\"itemListElement\":[{\"@type\":\"ListItem\",\"position\":1,\"name\":\"Accueil\",\"item\":\"https:\\\/\\\/usa-b2.com\\\/it\\\/usa\\\/\"},{\"@type\":\"ListItem\",\"position\":2,\"name\":\"Viaggiare sulla Pacific Coast Highway negli Stati Uniti\"}]},{\"@type\":\"WebSite\",\"@id\":\"https:\\\/\\\/usa-b2.com\\\/it\\\/#website\",\"url\":\"https:\\\/\\\/usa-b2.com\\\/it\\\/\",\"name\":\"USA B2 VISA\",\"description\":\"\",\"potentialAction\":[{\"@type\":\"SearchAction\",\"target\":{\"@type\":\"EntryPoint\",\"urlTemplate\":\"https:\\\/\\\/usa-b2.com\\\/it\\\/?s={search_term_string}\"},\"query-input\":{\"@type\":\"PropertyValueSpecification\",\"valueRequired\":true,\"valueName\":\"search_term_string\"}}],\"inLanguage\":\"it-IT\"}]}<\/script>\n<!-- \/ Yoast SEO plugin. -->","yoast_head_json":{"title":"Viaggiare sulla Pacific Coast Highway negli Stati Uniti - USA B2","description":"Scopri l'itinerario perfetto, le tappe imperdibili, dove alloggiare e cosa fare per esplorare la Pacific Coast Highway.","robots":{"index":"index","follow":"follow","max-snippet":"max-snippet:-1","max-image-preview":"max-image-preview:large","max-video-preview":"max-video-preview:-1"},"canonical":"https:\/\/usa-b2.com\/it\/autostrada-della-costa-pacifica\/","og_locale":"it_IT","og_type":"article","og_title":"Viaggiare sulla Pacific Coast Highway negli Stati Uniti - USA B2","og_description":"Scopri l'itinerario perfetto, le tappe imperdibili, dove alloggiare e cosa fare per esplorare la Pacific Coast Highway.","og_url":"https:\/\/usa-b2.com\/it\/autostrada-della-costa-pacifica\/","og_site_name":"USA B2","article_modified_time":"2025-10-16T10:00:39+00:00","og_image":[{"width":831,"height":467,"url":"https:\/\/usa-b2.com\/wp-content\/uploads\/2025\/01\/Pacific-Coast-Highway-usa-edited.png","type":"image\/png"}],"twitter_card":"summary_large_image","twitter_misc":{"Tempo di lettura stimato":"5 minuti"},"schema":{"@context":"https:\/\/schema.org","@graph":[{"@type":"WebPage","@id":"https:\/\/usa-b2.com\/it\/autostrada-della-costa-pacifica\/","url":"https:\/\/usa-b2.com\/it\/autostrada-della-costa-pacifica\/","name":"Viaggiare sulla Pacific Coast Highway negli Stati Uniti - USA B2","isPartOf":{"@id":"https:\/\/usa-b2.com\/it\/#website"},"primaryImageOfPage":{"@id":"https:\/\/usa-b2.com\/it\/autostrada-della-costa-pacifica\/#primaryimage"},"image":{"@id":"https:\/\/usa-b2.com\/it\/autostrada-della-costa-pacifica\/#primaryimage"},"thumbnailUrl":"https:\/\/usa-b2.com\/wp-content\/uploads\/2025\/01\/Pacific-Coast-Highway-usa-edited.png","datePublished":"2025-01-15T09:01:21+00:00","dateModified":"2025-10-16T10:00:39+00:00","description":"Scopri l'itinerario perfetto, le tappe imperdibili, dove alloggiare e cosa fare per esplorare la Pacific Coast Highway.","breadcrumb":{"@id":"https:\/\/usa-b2.com\/it\/autostrada-della-costa-pacifica\/#breadcrumb"},"inLanguage":"it-IT","potentialAction":[{"@type":"ReadAction","target":["https:\/\/usa-b2.com\/it\/autostrada-della-costa-pacifica\/"]}]},{"@type":"ImageObject","inLanguage":"it-IT","@id":"https:\/\/usa-b2.com\/it\/autostrada-della-costa-pacifica\/#primaryimage","url":"https:\/\/usa-b2.com\/wp-content\/uploads\/2025\/01\/Pacific-Coast-Highway-usa-edited.png","contentUrl":"https:\/\/usa-b2.com\/wp-content\/uploads\/2025\/01\/Pacific-Coast-Highway-usa-edited.png"},{"@type":"BreadcrumbList","@id":"https:\/\/usa-b2.com\/it\/autostrada-della-costa-pacifica\/#breadcrumb","itemListElement":[{"@type":"ListItem","position":1,"name":"Accueil","item":"https:\/\/usa-b2.com\/it\/usa\/"},{"@type":"ListItem","position":2,"name":"Viaggiare sulla Pacific Coast Highway negli Stati Uniti"}]},{"@type":"WebSite","@id":"https:\/\/usa-b2.com\/it\/#website","url":"https:\/\/usa-b2.com\/it\/","name":"USA B2 VISA","description":"","potentialAction":[{"@type":"SearchAction","target":{"@type":"EntryPoint","urlTemplate":"https:\/\/usa-b2.com\/it\/?s={search_term_string}"},"query-input":{"@type":"PropertyValueSpecification","valueRequired":true,"valueName":"search_term_string"}}],"inLanguage":"it-IT"}]}},"_links":{"self":[{"href":"https:\/\/usa-b2.com\/it\/wp-json\/wp\/v2\/pages\/6140","targetHints":{"allow":["GET"]}}],"collection":[{"href":"https:\/\/usa-b2.com\/it\/wp-json\/wp\/v2\/pages"}],"about":[{"href":"https:\/\/usa-b2.com\/it\/wp-json\/wp\/v2\/types\/page"}],"author":[{"embeddable":true,"href":"https:\/\/usa-b2.com\/it\/wp-json\/wp\/v2\/users\/1"}],"replies":[{"embeddable":true,"href":"https:\/\/usa-b2.com\/it\/wp-json\/wp\/v2\/comments?post=6140"}],"version-history":[{"count":2,"href":"https:\/\/usa-b2.com\/it\/wp-json\/wp\/v2\/pages\/6140\/revisions"}],"predecessor-version":[{"id":10636,"href":"https:\/\/usa-b2.com\/it\/wp-json\/wp\/v2\/pages\/6140\/revisions\/10636"}],"wp:attachment":[{"href":"https:\/\/usa-b2.com\/it\/wp-json\/wp\/v2\/media?parent=6140"}],"curies":[{"name":"wp","href":"https:\/\/api.w.org\/{rel}","templated":true}]}}