{"id":5870,"date":"2025-01-09T15:37:29","date_gmt":"2025-01-09T15:37:29","guid":{"rendered":"https:\/\/usa-b2.com\/guida-viaggi-strada-negli-stati-uniti\/"},"modified":"2026-04-17T06:50:34","modified_gmt":"2026-04-17T06:50:34","slug":"usa","status":"publish","type":"page","link":"https:\/\/usa-b2.com\/it\/","title":{"rendered":"Formalit\u00e0 e visti per viaggiare negli Stati Uniti"},"content":{"rendered":"\t\t<div data-elementor-type=\"wp-page\" data-elementor-id=\"5870\" class=\"elementor elementor-5870 elementor-5862\" data-elementor-post-type=\"page\">\n\t\t\t\t<div class=\"elementor-element elementor-element-25f0184b e-flex e-con-boxed e-con e-parent\" data-id=\"25f0184b\" data-element_type=\"container\" data-e-type=\"container\">\n\t\t\t\t\t<div class=\"e-con-inner\">\n\t\t\t\t<div class=\"elementor-element elementor-element-da8eda0 elementor-widget elementor-widget-heading\" data-id=\"da8eda0\" data-element_type=\"widget\" data-e-type=\"widget\" data-widget_type=\"heading.default\">\n\t\t\t\t<div class=\"elementor-widget-container\">\n\t\t\t\t\t<h1 class=\"elementor-heading-title elementor-size-default\">Ingresso negli Stati Uniti: formalit\u00e0, visti e autorizzazioni di viaggio<\/h1>\t\t\t\t<\/div>\n\t\t\t\t<\/div>\n\t\t\t\t<div class=\"elementor-element elementor-element-3057987b elementor-widget elementor-widget-text-editor\" data-id=\"3057987b\" data-element_type=\"widget\" data-e-type=\"widget\" data-widget_type=\"text-editor.default\">\n\t\t\t\t<div class=\"elementor-widget-container\">\n\t\t\t\t\t\t\t\t\t<p>L&#8217;ingresso negli Stati Uniti \u00e8 soggetto a rigide regole stabilite dalle autorit\u00e0 federali statunitensi. A seconda della tua nazionalit\u00e0, della durata e dello scopo del tuo soggiorno, dovrai richiedere un&#8217;autorizzazione di viaggio elettronica o un visto rilasciato dai servizi consolari statunitensi. <\/p>\n<p>Che tu sia un turista, un viaggiatore d&#8217;affari, uno studente o un viaggiatore in transito, i requisiti per entrare in Europa possono variare a seconda della tua nazionalit\u00e0, della durata del tuo soggiorno e del paese di destinazione. Qui troverai tutte le informazioni necessarie per capire i passi da compiere prima di partire. <\/p>\t\t\t\t\t\t\t\t<\/div>\n\t\t\t\t<\/div>\n\t\t\t\t\t<\/div>\n\t\t\t\t<\/div>\n\t\t<div class=\"elementor-element elementor-element-0783ab2 e-flex e-con-boxed e-con e-parent\" data-id=\"0783ab2\" data-element_type=\"container\" data-e-type=\"container\">\n\t\t\t\t\t<div class=\"e-con-inner\">\n\t\t\t\t<div class=\"elementor-element elementor-element-655d6cf elementor-widget elementor-widget-heading\" data-id=\"655d6cf\" data-element_type=\"widget\" data-e-type=\"widget\" data-widget_type=\"heading.default\">\n\t\t\t\t<div class=\"elementor-widget-container\">\n\t\t\t\t\t<h1 class=\"elementor-heading-title elementor-size-default\">Principali formalit\u00e0 per entrare negli Stati Uniti<\/h1>\t\t\t\t<\/div>\n\t\t\t\t<\/div>\n\t\t\t\t<div class=\"elementor-element elementor-element-bc72304 elementor-widget elementor-widget-text-editor\" data-id=\"bc72304\" data-element_type=\"widget\" data-e-type=\"widget\" data-widget_type=\"text-editor.default\">\n\t\t\t\t<div class=\"elementor-widget-container\">\n\t\t\t\t\t\t\t\t\t<p>I requisiti in termini di documenti o impegni personali possono includere:<\/p>\n<ul>\n<li>Un <a href=\"https:\/\/usa-b2.com\/it\/passaporto-viaggio-negli-stati-uniti\/\">passaporto biometrico valido<\/a><\/li>\n<li><a href=\"https:\/\/usa-b2.com\/it\/che-cose-esta\/\">Autorizzazione ESTA<\/a> o visto valido<\/li>\n<li>Un biglietto di ritorno o di proseguimento<\/li>\n<li>Prova di soggiorno (alloggio, risorse finanziarie)<\/li>\n<li>Conformit\u00e0 ai requisiti di salute e sicurezza vigenti<\/li>\n<\/ul>\n<p> <\/p>\n<p>Il mancato rispetto di questi requisiti pu\u00f2 comportare il rifiuto dell&#8217;imbarco o dell&#8217;ammissione negli Stati Uniti.<\/p>\t\t\t\t\t\t\t\t<\/div>\n\t\t\t\t<\/div>\n\t\t\t\t\t<\/div>\n\t\t\t\t<\/div>\n\t\t<div class=\"elementor-element elementor-element-3b41ded e-flex e-con-boxed e-con e-parent\" data-id=\"3b41ded\" data-element_type=\"container\" data-e-type=\"container\">\n\t\t\t\t\t<div class=\"e-con-inner\">\n\t\t\t\t<div class=\"elementor-element elementor-element-5eed267 elementor-widget elementor-widget-heading\" data-id=\"5eed267\" data-element_type=\"widget\" data-e-type=\"widget\" data-widget_type=\"heading.default\">\n\t\t\t\t<div class=\"elementor-widget-container\">\n\t\t\t\t\t<h1 class=\"elementor-heading-title elementor-size-default\">Quadro normativo e controlli all'ingresso<\/h1>\t\t\t\t<\/div>\n\t\t\t\t<\/div>\n\t\t\t\t<div class=\"elementor-element elementor-element-f65c260 elementor-widget elementor-widget-text-editor\" data-id=\"f65c260\" data-element_type=\"widget\" data-e-type=\"widget\" data-widget_type=\"text-editor.default\">\n\t\t\t\t<div class=\"elementor-widget-container\">\n\t\t\t\t\t\t\t\t\t<p>Le autorit\u00e0 statunitensi, in particolare il <a href=\"https:\/\/www.dhs.gov\/\">Department of Homeland Security<\/a> (DHS) e il <a href=\"https:\/\/www.cbp.gov\/\">Customs and Border Protection<\/a> (CBP), hanno poteri discrezionali quando effettuano controlli alle frontiere.<\/p>\n<p>Anche con un <a href=\"https:\/\/usa-b2.com\/it\/visto-b2\/\">visto B2<\/a> valido o un&#8217;autorizzazione ESTA, l&#8217;ingresso non \u00e8 mai garantito.<\/p>\t\t\t\t\t\t\t\t<\/div>\n\t\t\t\t<\/div>\n\t\t\t\t\t<\/div>\n\t\t\t\t<\/div>\n\t\t<div class=\"elementor-element elementor-element-16607a42 e-flex e-con-boxed e-con e-parent\" data-id=\"16607a42\" data-element_type=\"container\" data-e-type=\"container\">\n\t\t\t\t\t<div class=\"e-con-inner\">\n\t\t\t\t<div class=\"elementor-element elementor-element-5a4c4ba9 elementor-widget elementor-widget-heading\" data-id=\"5a4c4ba9\" data-element_type=\"widget\" data-e-type=\"widget\" data-widget_type=\"heading.default\">\n\t\t\t\t<div class=\"elementor-widget-container\">\n\t\t\t\t\t<h2 class=\"elementor-heading-title elementor-size-default\">Individua la formalit\u00e0 pi\u00f9 adatta alla tua situazione<\/h2>\t\t\t\t<\/div>\n\t\t\t\t<\/div>\n\t\t\t\t<div class=\"elementor-element elementor-element-44123fad elementor-widget elementor-widget-text-editor\" data-id=\"44123fad\" data-element_type=\"widget\" data-e-type=\"widget\" data-widget_type=\"text-editor.default\">\n\t\t\t\t<div class=\"elementor-widget-container\">\n\t\t\t\t\t\t\t\t\t<p>Prima di intraprendere qualsiasi iniziativa, \u00e8 fondamentale determinare il regime di ingresso applicabile al viaggiatore:<\/p>\t\t\t\t\t\t\t\t<\/div>\n\t\t\t\t<\/div>\n\t\t\t\t\t<\/div>\n\t\t\t\t<\/div>\n\t\t\t\t<section class=\"elementor-section elementor-inner-section elementor-element elementor-element-4134e1d elementor-section-boxed elementor-section-height-default elementor-section-height-default\" data-id=\"4134e1d\" data-element_type=\"section\" data-e-type=\"section\">\n\t\t\t\t\t\t<div class=\"elementor-container elementor-column-gap-narrow\">\n\t\t\t\t\t<div class=\"elementor-column elementor-col-33 elementor-inner-column elementor-element elementor-element-24af75f4\" data-id=\"24af75f4\" data-element_type=\"column\" data-e-type=\"column\" data-settings=\"{&quot;background_background&quot;:&quot;classic&quot;}\">\n\t\t\t<div class=\"elementor-widget-wrap elementor-element-populated\">\n\t\t\t\t\t\t<div class=\"elementor-element elementor-element-fb508c6 elementor-widget elementor-widget-heading\" data-id=\"fb508c6\" data-element_type=\"widget\" data-e-type=\"widget\" data-widget_type=\"heading.default\">\n\t\t\t\t<div class=\"elementor-widget-container\">\n\t\t\t\t\t<h3 class=\"elementor-heading-title elementor-size-default\">Breve viaggio turistico<\/h3>\t\t\t\t<\/div>\n\t\t\t\t<\/div>\n\t\t\t\t<div class=\"elementor-element elementor-element-d1b2990 elementor-widget elementor-widget-text-editor\" data-id=\"d1b2990\" data-element_type=\"widget\" data-e-type=\"widget\" data-widget_type=\"text-editor.default\">\n\t\t\t\t<div class=\"elementor-widget-container\">\n\t\t\t\t\t\t\t\t\t<p>Non \u00e8 necessario ottenere un visto; \u00e8 sufficiente compilare il <a href=\"https:\/\/usa-b2.com\/it\/modulo-esta-online\/\">modulo ESTA online<\/a>.<\/p>\t\t\t\t\t\t\t\t<\/div>\n\t\t\t\t<\/div>\n\t\t\t\t\t<\/div>\n\t\t<\/div>\n\t\t\t\t<div class=\"elementor-column elementor-col-33 elementor-inner-column elementor-element elementor-element-ecde766\" data-id=\"ecde766\" data-element_type=\"column\" data-e-type=\"column\" data-settings=\"{&quot;background_background&quot;:&quot;classic&quot;}\">\n\t\t\t<div class=\"elementor-widget-wrap elementor-element-populated\">\n\t\t\t\t\t\t<div class=\"elementor-element elementor-element-99a3cf6 elementor-widget elementor-widget-heading\" data-id=\"99a3cf6\" data-element_type=\"widget\" data-e-type=\"widget\" data-widget_type=\"heading.default\">\n\t\t\t\t<div class=\"elementor-widget-container\">\n\t\t\t\t\t<h3 class=\"elementor-heading-title elementor-size-default\">Soggiorno turistico prolungato<\/h3>\t\t\t\t<\/div>\n\t\t\t\t<\/div>\n\t\t\t\t<div class=\"elementor-element elementor-element-bc73e2d elementor-widget elementor-widget-text-editor\" data-id=\"bc73e2d\" data-element_type=\"widget\" data-e-type=\"widget\" data-widget_type=\"text-editor.default\">\n\t\t\t\t<div class=\"elementor-widget-container\">\n\t\t\t\t\t\t\t\t\t<p>Se il tuo soggiorno supera i 90 giorni, dovrai compilare il <a href=\"https:\/\/usa-b2.com\/it\/modulo-visto-b2-online\/\">modulo per il visto B2<\/a>.<\/p>\t\t\t\t\t\t\t\t<\/div>\n\t\t\t\t<\/div>\n\t\t\t\t\t<\/div>\n\t\t<\/div>\n\t\t\t\t<div class=\"elementor-column elementor-col-33 elementor-inner-column elementor-element elementor-element-d523a50\" data-id=\"d523a50\" data-element_type=\"column\" data-e-type=\"column\" data-settings=\"{&quot;background_background&quot;:&quot;classic&quot;}\">\n\t\t\t<div class=\"elementor-widget-wrap elementor-element-populated\">\n\t\t\t\t\t\t<div class=\"elementor-element elementor-element-1b87837 elementor-widget elementor-widget-heading\" data-id=\"1b87837\" data-element_type=\"widget\" data-e-type=\"widget\" data-widget_type=\"heading.default\">\n\t\t\t\t<div class=\"elementor-widget-container\">\n\t\t\t\t\t<h3 class=\"elementor-heading-title elementor-size-default\">Viaggi d'affari<\/h3>\t\t\t\t<\/div>\n\t\t\t\t<\/div>\n\t\t\t\t<div class=\"elementor-element elementor-element-ce3d72b elementor-widget elementor-widget-text-editor\" data-id=\"ce3d72b\" data-element_type=\"widget\" data-e-type=\"widget\" data-widget_type=\"text-editor.default\">\n\t\t\t\t<div class=\"elementor-widget-container\">\n\t\t\t\t\t\t\t\t\t<p>\u00c8 necessario ottenere un <a href=\"https:\/\/usa-b2.com\/it\/visto-transito-stati-uniti\/\">visto di transito<\/a> o scegliere uno dei visti americani specifici.  <\/p>\t\t\t\t\t\t\t\t<\/div>\n\t\t\t\t<\/div>\n\t\t\t\t\t<\/div>\n\t\t<\/div>\n\t\t\t\t\t<\/div>\n\t\t<\/section>\n\t\t<div class=\"elementor-element elementor-element-bcc78b1 e-flex e-con-boxed e-con e-parent\" data-id=\"bcc78b1\" data-element_type=\"container\" data-e-type=\"container\">\n\t\t\t\t\t<div class=\"e-con-inner\">\n\t\t\t\t<div class=\"elementor-element elementor-element-d12a41e elementor-widget elementor-widget-spacer\" data-id=\"d12a41e\" data-element_type=\"widget\" data-e-type=\"widget\" data-widget_type=\"spacer.default\">\n\t\t\t\t<div class=\"elementor-widget-container\">\n\t\t\t\t\t\t\t<div class=\"elementor-spacer\">\n\t\t\t<div class=\"elementor-spacer-inner\"><\/div>\n\t\t<\/div>\n\t\t\t\t\t\t<\/div>\n\t\t\t\t<\/div>\n\t\t\t\t<div class=\"elementor-element elementor-element-9771599 elementor-widget elementor-widget-heading\" data-id=\"9771599\" data-element_type=\"widget\" data-e-type=\"widget\" data-widget_type=\"heading.default\">\n\t\t\t\t<div class=\"elementor-widget-container\">\n\t\t\t\t\t<h2 class=\"elementor-heading-title elementor-size-default\">Preparare il tuo soggiorno negli Stati Uniti<\/h2>\t\t\t\t<\/div>\n\t\t\t\t<\/div>\n\t\t\t\t<div class=\"elementor-element elementor-element-81e2890 elementor-widget elementor-widget-image\" data-id=\"81e2890\" data-element_type=\"widget\" data-e-type=\"widget\" data-widget_type=\"image.default\">\n\t\t\t\t<div class=\"elementor-widget-container\">\n\t\t\t\t\t\t\t\t\t\t\t\t<figure class=\"wp-caption\">\n\t\t\t\t\t\t\t\t\t\t<img fetchpriority=\"high\" decoding=\"async\" width=\"768\" height=\"615\" src=\"https:\/\/usa-b2.com\/wp-content\/uploads\/2026\/04\/usa-travel-768x615.png\" class=\"attachment-medium_large size-medium_large wp-image-11232\" alt=\"Viaggio negli Stati Uniti\" srcset=\"https:\/\/usa-b2.com\/wp-content\/uploads\/2026\/04\/usa-travel-768x615.png 768w, https:\/\/usa-b2.com\/wp-content\/uploads\/2026\/04\/usa-travel-300x240.png 300w, https:\/\/usa-b2.com\/wp-content\/uploads\/2026\/04\/usa-travel-1024x819.png 1024w, https:\/\/usa-b2.com\/wp-content\/uploads\/2026\/04\/usa-travel.png 1402w\" sizes=\"(max-width: 768px) 100vw, 768px\" \/>\t\t\t\t\t\t\t\t\t\t\t<figcaption class=\"widget-image-caption wp-caption-text\">Preparazione del viaggio negli Stati Uniti<\/figcaption>\n\t\t\t\t\t\t\t\t\t\t<\/figure>\n\t\t\t\t\t\t\t\t\t<\/div>\n\t\t\t\t<\/div>\n\t\t\t\t\t<\/div>\n\t\t\t\t<\/div>\n\t\t<div class=\"elementor-element elementor-element-aa03b27 e-flex e-con-boxed e-con e-parent\" data-id=\"aa03b27\" data-element_type=\"container\" data-e-type=\"container\">\n\t\t\t\t\t<div class=\"e-con-inner\">\n\t\t\t\t<div class=\"elementor-element elementor-element-9420c73 elementor-widget elementor-widget-spacer\" data-id=\"9420c73\" data-element_type=\"widget\" data-e-type=\"widget\" data-widget_type=\"spacer.default\">\n\t\t\t\t<div class=\"elementor-widget-container\">\n\t\t\t\t\t\t\t<div class=\"elementor-spacer\">\n\t\t\t<div class=\"elementor-spacer-inner\"><\/div>\n\t\t<\/div>\n\t\t\t\t\t\t<\/div>\n\t\t\t\t<\/div>\n\t\t\t\t\t<\/div>\n\t\t\t\t<\/div>\n\t\t<div class=\"elementor-element elementor-element-5908cfe e-flex e-con-boxed e-con e-parent\" data-id=\"5908cfe\" data-element_type=\"container\" data-e-type=\"container\">\n\t\t\t\t\t<div class=\"e-con-inner\">\n\t\t<div class=\"elementor-element elementor-element-defe722 e-con-full e-flex e-con e-child\" data-id=\"defe722\" data-element_type=\"container\" data-e-type=\"container\">\n\t\t\t\t<div class=\"elementor-element elementor-element-0a47d46 elementor-widget elementor-widget-heading\" data-id=\"0a47d46\" data-element_type=\"widget\" data-e-type=\"widget\" data-widget_type=\"heading.default\">\n\t\t\t\t<div class=\"elementor-widget-container\">\n\t\t\t\t\t<h2 class=\"elementor-heading-title elementor-size-default\">I migliori viaggi su strada negli Stati Uniti<\/h2>\t\t\t\t<\/div>\n\t\t\t\t<\/div>\n\t\t\t\t<div class=\"elementor-element elementor-element-151d6e2 elementor-widget elementor-widget-heading\" data-id=\"151d6e2\" data-element_type=\"widget\" data-e-type=\"widget\" data-widget_type=\"heading.default\">\n\t\t\t\t<div class=\"elementor-widget-container\">\n\t\t\t\t\t<h5 class=\"elementor-heading-title elementor-size-default\">Ecco una lista dei migliori roadtrip degli Stati Uniti. Questi itinerari includono paesaggi mozzafiato, attrazioni culturali e tappe imperdibili. <\/h5>\t\t\t\t<\/div>\n\t\t\t\t<\/div>\n\t\t\t\t<\/div>\n\t\t\t\t\t<\/div>\n\t\t\t\t<\/div>\n\t\t<div class=\"elementor-element elementor-element-42d81b6 e-flex e-con-boxed e-con e-parent\" data-id=\"42d81b6\" data-element_type=\"container\" data-e-type=\"container\">\n\t\t\t\t\t<div class=\"e-con-inner\">\n\t\t\t\t<div class=\"elementor-element elementor-element-895c792 elementor-widget elementor-widget-html\" data-id=\"895c792\" data-element_type=\"widget\" data-e-type=\"widget\" data-widget_type=\"html.default\">\n\t\t\t\t<div class=\"elementor-widget-container\">\n\t\t\t\t\t<table>\n  <thead>\n    <tr>\n      <th>Nome del viaggio<\/th>\n      <th>Distanza<\/th>\n      <th>Durata<\/th>\n    <\/tr>\n  <\/thead>\n  <tbody>\n    <tr>\n      <td><a href=\"https:\/\/usa-b2.com\/it\/autostrada-della-costa-pacifica\/\">Autostrada della costa del Pacifico<\/a><\/td>\n      <td>~1.050 km (650 miglia)<\/td>\n      <td>7-10 giorni<\/td>\n    <\/tr>\n    <tr>\n      <td><a href=\"https:\/\/usa-b2.com\/it\/grandi-parchi-ovest-stati-uniti\/\">Grandi Parchi Occidentali<\/a><\/td>\n      <td>~1.100 km (680 miglia)<\/td>\n      <td>7-9 giorni<\/td>\n    <\/tr>\n    <tr>\n      <td><a href=\"https:\/\/usa-b2.com\/it\/yosemite-sierra-nevada-stati-uniti\/\">Yosemite e Sierra Nevada<\/a><\/td>\n      <td>~500 km (310 miglia)<\/td>\n      <td>4-5 giorni<\/td>\n    <\/tr>\n    <tr>\n      <td><a href=\"https:\/\/usa-b2.com\/it\/deserto-nevada-stati-uniti\/\">Nevada e California<\/a><\/td>\n      <td>~1.200 km (750 miglia)<\/td>\n      <td>6-8 giorni<\/td>\n    <\/tr>\n    <tr>\n      <td><a href=\"https:\/\/usa-b2.com\/it\/blue-ridge-parkway-stati-uniti\/\">Blue Ridge Parkway<\/a><\/td>\n      <td>~755 km (469 miglia)<\/td>\n      <td>5-7 giorni<\/td>\n    <\/tr>\n    <tr>\n      <td><a href=\"https:\/\/usa-b2.com\/it\/tour-del-fogliame-autunnale-in-nuova-inghilterra\/\">Tour del fogliame autunnale del New England<\/a><\/td>\n      <td>~800 km (500 miglia)<\/td>\n      <td>7-9 giorni<\/td>\n    <\/tr>\n    <tr>\n      <td><a href=\"https:\/\/usa-b2.com\/it\/viaggio-boston-a-washington\/\">Da Boston a Washington D.C.<\/a><\/td>\n      <td>~725 km (450 miglia)<\/td>\n      <td>7 giorni<\/td>\n    <\/tr>\n    <tr>\n      <td><a href=\"https:\/\/usa-b2.com\/it\/spiagge-florida-costa-atlantica\/\">Le spiagge della Florida<\/a><\/td>\n      <td>~600 km (370 miglia)<\/td>\n      <td>5 giorni<\/td>\n    <\/tr>\n    <tr>\n      <td><a href=\"https:\/\/usa-b2.com\/it\/route-66-the-mother-road\/\">Route 66 (Strada Madre)<\/a><\/td>\n      <td>~3.940 km (2.448 miglia)<\/td>\n      <td>2-3 settimane<\/td>\n    <\/tr>\n    <tr>\n      <td><a href=\"https:\/\/usa-b2.com\/it\/great-lakes-circle-tour\/\">Giro dei Grandi Laghi<\/a><\/td>\n      <td>~2.000 km (1.240 miglia)<\/td>\n      <td>10-14 giorni<\/td>\n    <\/tr>\n    <tr>\n      <td><a href=\"https:\/\/usa-b2.com\/it\/badlands-et-black-hills-dakota-du-sud\/\">Badlands e Black Hills<\/a><\/td>\n      <td>~1.000 km (620 miglia)<\/td>\n      <td>7 giorni<\/td>\n    <\/tr>\n    <tr>\n      <td><a href=\"https:\/\/usa-b2.com\/it\/ozarks-scenic-byway-missouri\/\">Strada panoramica degli Ozarks<\/a><\/td>\n      <td>~500 km (310 miglia)<\/td>\n      <td>4-5 giorni<\/td>\n    <\/tr>\n    <tr>\n      <td><a href=\"https:\/\/usa-b2.com\/it\/texas-hill-country\/\">Texas Hill Country<\/a><\/td>\n      <td>~450 km (280 miglia)<\/td>\n      <td>4-5 giorni<\/td>\n    <\/tr>\n    <tr>\n      <td><a href=\"https:\/\/usa-b2.com\/it\/florida-keys\/\">Florida Keys<\/a><\/td>\n      <td>~260 km (160 miglia)<\/td>\n      <td>3-4 giorni<\/td>\n    <\/tr>\n    <tr>\n      <td><a href=\"https:\/\/usa-b2.com\/it\/viaggio-strada-sud-ovest-stati-uniti\/\">Grande Circolo<\/a><\/td>\n      <td>~2.000 km (1.250 miglia)<\/td>\n      <td>10-14 giorni<\/td>\n    <\/tr>\n    <tr>\n      <td><a href=\"https:\/\/usa-b2.com\/it\/deep-south-music-tour\/\">Tour musicale del profondo Sud<\/a><\/td>\n      <td>~1.300 km (800 miglia)<\/td>\n      <td>10 giorni<\/td>\n    <\/tr>\n  <\/tbody>\n<\/table>\t\t\t\t<\/div>\n\t\t\t\t<\/div>\n\t\t\t\t\t<\/div>\n\t\t\t\t<\/div>\n\t\t\t\t<\/div>\n\t\t","protected":false},"excerpt":{"rendered":"<p>Ingresso negli Stati Uniti: formalit\u00e0, visti e autorizzazioni di viaggio L&#8217;ingresso negli Stati Uniti \u00e8 soggetto a rigide regole stabilite dalle autorit\u00e0 federali statunitensi. A seconda della tua nazionalit\u00e0, della durata e dello scopo del tuo soggiorno, dovrai richiedere un&#8217;autorizzazione di viaggio elettronica o un visto rilasciato dai servizi consolari statunitensi. Che tu sia un [&hellip;]<\/p>\n","protected":false},"author":1,"featured_media":0,"parent":0,"menu_order":0,"comment_status":"closed","ping_status":"closed","template":"","meta":{"footnotes":""},"class_list":["post-5870","page","type-page","status-publish","hentry"],"yoast_head":"<!-- This site is optimized with the Yoast SEO plugin v27.4 - https:\/\/yoast.com\/product\/yoast-seo-wordpress\/ -->\n<title>Formalit\u00e0 e visti per viaggiare negli Stati Uniti - USA B2<\/title>\n<meta name=\"description\" content=\"Prepararsi all&#039;ingresso negli Stati Uniti: formalit\u00e0, visti e autorizzazioni di viaggio per gli USA\" \/>\n<meta name=\"robots\" content=\"index, follow, max-snippet:-1, max-image-preview:large, max-video-preview:-1\" \/>\n<link rel=\"canonical\" href=\"https:\/\/usa-b2.com\/it\/\" \/>\n<meta property=\"og:locale\" content=\"it_IT\" \/>\n<meta property=\"og:type\" content=\"article\" \/>\n<meta property=\"og:title\" content=\"Formalit\u00e0 e visti per viaggiare negli Stati Uniti - USA B2\" \/>\n<meta property=\"og:description\" content=\"Prepararsi all&#039;ingresso negli Stati Uniti: formalit\u00e0, visti e autorizzazioni di viaggio per gli USA\" \/>\n<meta property=\"og:url\" content=\"https:\/\/usa-b2.com\/it\/\" \/>\n<meta property=\"og:site_name\" content=\"USA B2\" \/>\n<meta property=\"article:modified_time\" content=\"2026-04-17T06:50:34+00:00\" \/>\n<meta property=\"og:image\" content=\"https:\/\/usa-b2.com\/wp-content\/uploads\/2026\/04\/usa-travel-1024x819.png\" \/>\n\t<meta property=\"og:image:width\" content=\"1024\" \/>\n\t<meta property=\"og:image:height\" content=\"819\" \/>\n\t<meta property=\"og:image:type\" content=\"image\/png\" \/>\n<meta name=\"twitter:card\" content=\"summary_large_image\" \/>\n<meta name=\"twitter:label1\" content=\"Tempo di lettura stimato\" \/>\n\t<meta name=\"twitter:data1\" content=\"2 minuti\" \/>\n<script type=\"application\/ld+json\" class=\"yoast-schema-graph\">{\"@context\":\"https:\\\/\\\/schema.org\",\"@graph\":[{\"@type\":\"WebPage\",\"@id\":\"https:\\\/\\\/usa-b2.com\\\/it\\\/\",\"url\":\"https:\\\/\\\/usa-b2.com\\\/it\\\/\",\"name\":\"Formalit\u00e0 e visti per viaggiare negli Stati Uniti - USA B2\",\"isPartOf\":{\"@id\":\"https:\\\/\\\/usa-b2.com\\\/it\\\/#website\"},\"primaryImageOfPage\":{\"@id\":\"https:\\\/\\\/usa-b2.com\\\/it\\\/#primaryimage\"},\"image\":{\"@id\":\"https:\\\/\\\/usa-b2.com\\\/it\\\/#primaryimage\"},\"thumbnailUrl\":\"https:\\\/\\\/usa-b2.com\\\/wp-content\\\/uploads\\\/2026\\\/04\\\/usa-travel-768x615.png\",\"datePublished\":\"2025-01-09T15:37:29+00:00\",\"dateModified\":\"2026-04-17T06:50:34+00:00\",\"description\":\"Prepararsi all'ingresso negli Stati Uniti: formalit\u00e0, visti e autorizzazioni di viaggio per gli USA\",\"breadcrumb\":{\"@id\":\"https:\\\/\\\/usa-b2.com\\\/it\\\/#breadcrumb\"},\"inLanguage\":\"it-IT\",\"potentialAction\":[{\"@type\":\"ReadAction\",\"target\":[\"https:\\\/\\\/usa-b2.com\\\/it\\\/\"]}]},{\"@type\":\"ImageObject\",\"inLanguage\":\"it-IT\",\"@id\":\"https:\\\/\\\/usa-b2.com\\\/it\\\/#primaryimage\",\"url\":\"https:\\\/\\\/usa-b2.com\\\/wp-content\\\/uploads\\\/2026\\\/04\\\/usa-travel-768x615.png\",\"contentUrl\":\"https:\\\/\\\/usa-b2.com\\\/wp-content\\\/uploads\\\/2026\\\/04\\\/usa-travel-768x615.png\"},{\"@type\":\"BreadcrumbList\",\"@id\":\"https:\\\/\\\/usa-b2.com\\\/it\\\/#breadcrumb\",\"itemListElement\":[{\"@type\":\"ListItem\",\"position\":1,\"name\":\"Accueil\",\"item\":\"https:\\\/\\\/usa-b2.com\\\/it\\\/usa\\\/\"},{\"@type\":\"ListItem\",\"position\":2,\"name\":\"Formalit\u00e0 e visti per viaggiare negli Stati Uniti\"}]},{\"@type\":\"WebSite\",\"@id\":\"https:\\\/\\\/usa-b2.com\\\/it\\\/#website\",\"url\":\"https:\\\/\\\/usa-b2.com\\\/it\\\/\",\"name\":\"USA B2 VISA\",\"description\":\"\",\"potentialAction\":[{\"@type\":\"SearchAction\",\"target\":{\"@type\":\"EntryPoint\",\"urlTemplate\":\"https:\\\/\\\/usa-b2.com\\\/it\\\/?s={search_term_string}\"},\"query-input\":{\"@type\":\"PropertyValueSpecification\",\"valueRequired\":true,\"valueName\":\"search_term_string\"}}],\"inLanguage\":\"it-IT\"}]}<\/script>\n<!-- \/ Yoast SEO plugin. -->","yoast_head_json":{"title":"Formalit\u00e0 e visti per viaggiare negli Stati Uniti - USA B2","description":"Prepararsi all'ingresso negli Stati Uniti: formalit\u00e0, visti e autorizzazioni di viaggio per gli USA","robots":{"index":"index","follow":"follow","max-snippet":"max-snippet:-1","max-image-preview":"max-image-preview:large","max-video-preview":"max-video-preview:-1"},"canonical":"https:\/\/usa-b2.com\/it\/","og_locale":"it_IT","og_type":"article","og_title":"Formalit\u00e0 e visti per viaggiare negli Stati Uniti - USA B2","og_description":"Prepararsi all'ingresso negli Stati Uniti: formalit\u00e0, visti e autorizzazioni di viaggio per gli USA","og_url":"https:\/\/usa-b2.com\/it\/","og_site_name":"USA B2","article_modified_time":"2026-04-17T06:50:34+00:00","og_image":[{"width":1024,"height":819,"url":"https:\/\/usa-b2.com\/wp-content\/uploads\/2026\/04\/usa-travel-1024x819.png","type":"image\/png"}],"twitter_card":"summary_large_image","twitter_misc":{"Tempo di lettura stimato":"2 minuti"},"schema":{"@context":"https:\/\/schema.org","@graph":[{"@type":"WebPage","@id":"https:\/\/usa-b2.com\/it\/","url":"https:\/\/usa-b2.com\/it\/","name":"Formalit\u00e0 e visti per viaggiare negli Stati Uniti - USA B2","isPartOf":{"@id":"https:\/\/usa-b2.com\/it\/#website"},"primaryImageOfPage":{"@id":"https:\/\/usa-b2.com\/it\/#primaryimage"},"image":{"@id":"https:\/\/usa-b2.com\/it\/#primaryimage"},"thumbnailUrl":"https:\/\/usa-b2.com\/wp-content\/uploads\/2026\/04\/usa-travel-768x615.png","datePublished":"2025-01-09T15:37:29+00:00","dateModified":"2026-04-17T06:50:34+00:00","description":"Prepararsi all'ingresso negli Stati Uniti: formalit\u00e0, visti e autorizzazioni di viaggio per gli USA","breadcrumb":{"@id":"https:\/\/usa-b2.com\/it\/#breadcrumb"},"inLanguage":"it-IT","potentialAction":[{"@type":"ReadAction","target":["https:\/\/usa-b2.com\/it\/"]}]},{"@type":"ImageObject","inLanguage":"it-IT","@id":"https:\/\/usa-b2.com\/it\/#primaryimage","url":"https:\/\/usa-b2.com\/wp-content\/uploads\/2026\/04\/usa-travel-768x615.png","contentUrl":"https:\/\/usa-b2.com\/wp-content\/uploads\/2026\/04\/usa-travel-768x615.png"},{"@type":"BreadcrumbList","@id":"https:\/\/usa-b2.com\/it\/#breadcrumb","itemListElement":[{"@type":"ListItem","position":1,"name":"Accueil","item":"https:\/\/usa-b2.com\/it\/usa\/"},{"@type":"ListItem","position":2,"name":"Formalit\u00e0 e visti per viaggiare negli Stati Uniti"}]},{"@type":"WebSite","@id":"https:\/\/usa-b2.com\/it\/#website","url":"https:\/\/usa-b2.com\/it\/","name":"USA B2 VISA","description":"","potentialAction":[{"@type":"SearchAction","target":{"@type":"EntryPoint","urlTemplate":"https:\/\/usa-b2.com\/it\/?s={search_term_string}"},"query-input":{"@type":"PropertyValueSpecification","valueRequired":true,"valueName":"search_term_string"}}],"inLanguage":"it-IT"}]}},"_links":{"self":[{"href":"https:\/\/usa-b2.com\/it\/wp-json\/wp\/v2\/pages\/5870","targetHints":{"allow":["GET"]}}],"collection":[{"href":"https:\/\/usa-b2.com\/it\/wp-json\/wp\/v2\/pages"}],"about":[{"href":"https:\/\/usa-b2.com\/it\/wp-json\/wp\/v2\/types\/page"}],"author":[{"embeddable":true,"href":"https:\/\/usa-b2.com\/it\/wp-json\/wp\/v2\/users\/1"}],"replies":[{"embeddable":true,"href":"https:\/\/usa-b2.com\/it\/wp-json\/wp\/v2\/comments?post=5870"}],"version-history":[{"count":5,"href":"https:\/\/usa-b2.com\/it\/wp-json\/wp\/v2\/pages\/5870\/revisions"}],"predecessor-version":[{"id":11291,"href":"https:\/\/usa-b2.com\/it\/wp-json\/wp\/v2\/pages\/5870\/revisions\/11291"}],"wp:attachment":[{"href":"https:\/\/usa-b2.com\/it\/wp-json\/wp\/v2\/media?parent=5870"}],"curies":[{"name":"wp","href":"https:\/\/api.w.org\/{rel}","templated":true}]}}