{"id":418,"date":"2024-02-10T17:15:31","date_gmt":"2024-02-10T17:15:31","guid":{"rendered":"https:\/\/usa-b2.com\/appuntamento-visto-ambasciata-stati-uniti\/"},"modified":"2025-10-13T13:14:50","modified_gmt":"2025-10-13T13:14:50","slug":"appuntamento-visto-ambasciata-stati-uniti","status":"publish","type":"page","link":"https:\/\/usa-b2.com\/it\/appuntamento-visto-ambasciata-stati-uniti\/","title":{"rendered":"Colloquio per il visto presso l&#8217;Ambasciata degli Stati Uniti"},"content":{"rendered":"\n<h1 class=\"wp-block-heading\">Colloquio per il visto presso l&#8217;ambasciata statunitense<\/h1>\n\n<p>Quando si <a href=\"https:\/\/usa-b2.com\/fr\/formulaire-visa-b2-en-ligne\/\">richiede un visto B2<\/a>, il richiedente deve sostenere un colloquio con un funzionario consolare statunitense. Lo scopo di questo colloquio \u00e8 quello di convalidare la domanda di visto. Il colloquio si svolge presso l&#8217;ambasciata o il consolato degli Stati Uniti nel Paese d&#8217;origine del richiedente il <a href=\"https:\/\/usa-b2.com\/it\/visto-b2\/\">visto B2<\/a>.<\/p>\n\n<p><strong>Per un soggiorno turistico inferiore a 90 giorni <\/strong>: non \u00e8 necessario fissare un appuntamento in ambasciata per richiedere un visto B2. Puoi <a href=\"https:\/\/usa-b2.com\/it\/modulo-esta-online\/\">richiedere l&#8217;ESTA<\/a> in modo semplice e veloce online.<\/p>\n\n<div style=\"height:10px\" aria-hidden=\"true\" class=\"wp-block-spacer\"><\/div>\n\n<h2 class=\"wp-block-heading\" id=\"h-comment-obtenir-un-rendez-vous-a-l-ambassade-des-etats-unis\">Come posso fissare un appuntamento all&#8217;ambasciata statunitense?<\/h2>\n\n<p>Per fissare un appuntamento per l&#8217;esame della domanda di visto, il richiedente deve collegarsi al sito web dell&#8217;<a href=\"https:\/\/www.uscis.gov\/\">USCIS<\/a>. I pazienti scelgono online la data e l&#8217;ora dell&#8217;appuntamento e la maggior parte dei colloqui si svolge dal luned\u00ec al venerd\u00ec dalle 8.30 alle 9.30.<\/p>\n\n<h2 class=\"wp-block-heading\">Come mi preparo al colloquio per il visto?<\/h2>\n\n<p>Una volta fissata la data dell&#8217;appuntamento dal Centro nazionale visti statunitense, il richiedente deve prepararsi per il colloquio. Ecco i passi essenziali per prepararsi a un colloquio di successo e ottenere il visto B2: <\/p>\n\n<h3 class=\"wp-block-heading\">Sottoporsi a una visita medica<\/h3>\n\n<p>Tutti i richiedenti il visto devono sottoporsi a una visita medica da parte di un medico approvato dall&#8217;<a href=\"https:\/\/usa-b2.com\/fr\/ambassade-des-etats-unis\/\">ambasciata statunitense<\/a> nel paese di origine del richiedente. L&#8217;elenco delle istruzioni specifiche per ogni Paese \u00e8 disponibile presso l&#8217;ambasciata americana. Una visita medica effettuata da un medico non accreditato non sar\u00e0 accettata per la richiesta del visto.<\/p>\n\n<p>I risultati della visita medica vengono inviati direttamente all&#8217;ambasciata. In alcuni Paesi, i risultati vengono consegnati al candidato in una busta sigillata da consegnare chiusa il giorno del colloquio. <\/p>\n\n<h3 class=\"wp-block-heading\">Raccogliere i documenti di supporto da fornire al colloquio<\/h3>\n\n<p>Ogni domanda di visto richiede una documentazione di supporto. Tutti i documenti indicati nella domanda di visto devono essere presentati in originale o in forma di copia autenticata. Questa \u00e8 la parte pi\u00f9 amministrativa della <a href=\"https:\/\/usa-b2.com\/fr\/procedure-demande-visa-b2\/\">procedura di richiesta del visto B2<\/a>.  <\/p>\n\n<p>La domanda di visto B2 non pu\u00f2 essere finalizzata se mancano alcuni documenti. Il richiedente dovr\u00e0 fissare un altro appuntamento con l&#8217;ambasciata per presentare i documenti mancanti e ottenere il visto. <\/p>\n\n<h2 class=\"wp-block-heading\" id=\"h-comment-se-passe-le-rendez-vous-a-l-ambassade-des-etats-unis\">Come funziona il colloquio per il visto?<\/h2>\n\n<p>Il richiedente deve portare all&#8217;appuntamento la conferma stampata della domanda di visto. Prima dell&#8217;appuntamento, \u00e8 necessario prevedere un supplemento di 15 minuti per superare i controlli di sicurezza dell&#8217;ambasciata. Una volta completati i controlli di sicurezza, le impronte digitali del candidato saranno registrate e gli sar\u00e0 consentito l&#8217;accesso alla sala riunioni.  <\/p>\n\n<p>L&#8217;appuntamento in ambasciata dura in media 15 minuti e si svolge in inglese. A volte il colloquio pu\u00f2 essere condotto nella lingua locale se il funzionario consolare la parla correntemente. Ecco i punti principali trattati durante il colloquio per il visto B2:  <\/p>\n\n<ul class=\"wp-block-list\">\n<li>Perch\u00e9 visita gli Stati Uniti?<\/li>\n\n\n\n<li>Qual \u00e8 l&#8217;itinerario previsto, l&#8217;alloggio e le prenotazioni?  <\/li>\n\n\n\n<li>Come viene finanziata la vacanza?<\/li>\n<\/ul>\n\n<p>Per concludere il colloquio, il funzionario consolare indicher\u00e0 se il visto \u00e8 stato concesso. Il passaporto timbrato con il visto B2 sar\u00e0 inviato per posta al termine del colloquio. <\/p>\n\n<h2 class=\"wp-block-heading\">Quali documenti devo portare al colloquio?<\/h2>\n\n<p>I richiedenti devono portare con s\u00e9 tutti i documenti originali o certificati necessari per la richiesta di visto. Ecco un elenco dei documenti minimi richiesti: <\/p>\n\n<ul class=\"wp-block-list\">\n<li>Lettera di nomina<\/li>\n\n\n\n<li><a href=\"https:\/\/usa-b2.com\/fr\/passeport-pour-voyager-aux-usa\/\">Passaporto valido per gli Stati Uniti<\/a> e valido per almeno 6 mesi dopo la data di arrivo prevista negli Stati Uniti.<\/li>\n\n\n\n<li>2 fototessere a colori conformi ai requisiti per il visto<\/li>\n\n\n\n<li>I documenti originali o le copie certificate dei documenti caricati al momento della presentazione della domanda di visto.<\/li>\n\n\n\n<li>La prova del pagamento dei <a href=\"https:\/\/usa-b2.com\/fr\/frais-visa-b2-usa\/\">diritti di visto<\/a> \u00e8 conservata nel fascicolo del richiedente.<\/li>\n<\/ul>\n\n<div style=\"height:10px\" aria-hidden=\"true\" class=\"wp-block-spacer\"><\/div>\n\n<h2 class=\"wp-block-heading\">Cosa succede se il candidato non si presenta al colloquio?<\/h2>\n\n<p>Se il richiedente non si presenta all&#8217;appuntamento previsto, la pratica verr\u00e0 chiusa e la domanda di visto annullata. Le quote versate non saranno rimborsate. <\/p>\n","protected":false},"excerpt":{"rendered":"<p>Colloquio per il visto presso l&#8217;ambasciata statunitense Quando si richiede un visto B2, il richiedente deve sostenere un colloquio con un funzionario consolare statunitense. Lo scopo di questo colloquio \u00e8 quello di convalidare la domanda di visto. Il colloquio si svolge presso l&#8217;ambasciata o il consolato degli Stati Uniti nel Paese d&#8217;origine del richiedente il [&hellip;]<\/p>\n","protected":false},"author":1,"featured_media":0,"parent":0,"menu_order":0,"comment_status":"closed","ping_status":"closed","template":"","meta":{"footnotes":""},"class_list":["post-418","page","type-page","status-publish","hentry"],"yoast_head":"<!-- This site is optimized with the Yoast SEO plugin v27.0 - https:\/\/yoast.com\/product\/yoast-seo-wordpress\/ -->\n<title>Colloquio per il visto presso l&#039;Ambasciata degli Stati Uniti - USA B2<\/title>\n<meta name=\"description\" content=\"La procedura per la richiesta di un visto B2 prevede un colloquio tra il richiedente e un funzionario consolare statunitense. Ecco tutti i dettagli.\" \/>\n<meta name=\"robots\" content=\"index, follow, max-snippet:-1, max-image-preview:large, max-video-preview:-1\" \/>\n<link rel=\"canonical\" href=\"https:\/\/usa-b2.com\/it\/appuntamento-visto-ambasciata-stati-uniti\/\" \/>\n<meta property=\"og:locale\" content=\"it_IT\" \/>\n<meta property=\"og:type\" content=\"article\" \/>\n<meta property=\"og:title\" content=\"Colloquio per il visto presso l&#039;Ambasciata degli Stati Uniti - USA B2\" \/>\n<meta property=\"og:description\" content=\"La procedura per la richiesta di un visto B2 prevede un colloquio tra il richiedente e un funzionario consolare statunitense. Ecco tutti i dettagli.\" \/>\n<meta property=\"og:url\" content=\"https:\/\/usa-b2.com\/it\/appuntamento-visto-ambasciata-stati-uniti\/\" \/>\n<meta property=\"og:site_name\" content=\"USA B2\" \/>\n<meta property=\"article:modified_time\" content=\"2025-10-13T13:14:50+00:00\" \/>\n<meta name=\"twitter:card\" content=\"summary_large_image\" \/>\n<meta name=\"twitter:label1\" content=\"Tempo di lettura stimato\" \/>\n\t<meta name=\"twitter:data1\" content=\"3 minuti\" \/>\n<script type=\"application\/ld+json\" class=\"yoast-schema-graph\">{\"@context\":\"https:\/\/schema.org\",\"@graph\":[{\"@type\":\"WebPage\",\"@id\":\"https:\/\/usa-b2.com\/it\/appuntamento-visto-ambasciata-stati-uniti\/\",\"url\":\"https:\/\/usa-b2.com\/it\/appuntamento-visto-ambasciata-stati-uniti\/\",\"name\":\"Colloquio per il visto presso l'Ambasciata degli Stati Uniti - USA B2\",\"isPartOf\":{\"@id\":\"https:\/\/usa-b2.com\/it\/#website\"},\"datePublished\":\"2024-02-10T17:15:31+00:00\",\"dateModified\":\"2025-10-13T13:14:50+00:00\",\"description\":\"La procedura per la richiesta di un visto B2 prevede un colloquio tra il richiedente e un funzionario consolare statunitense. Ecco tutti i dettagli.\",\"breadcrumb\":{\"@id\":\"https:\/\/usa-b2.com\/it\/appuntamento-visto-ambasciata-stati-uniti\/#breadcrumb\"},\"inLanguage\":\"it-IT\",\"potentialAction\":[{\"@type\":\"ReadAction\",\"target\":[\"https:\/\/usa-b2.com\/it\/appuntamento-visto-ambasciata-stati-uniti\/\"]}]},{\"@type\":\"BreadcrumbList\",\"@id\":\"https:\/\/usa-b2.com\/it\/appuntamento-visto-ambasciata-stati-uniti\/#breadcrumb\",\"itemListElement\":[{\"@type\":\"ListItem\",\"position\":1,\"name\":\"Accueil\",\"item\":\"https:\/\/usa-b2.com\/it\/guida-roadtrips-usa\/\"},{\"@type\":\"ListItem\",\"position\":2,\"name\":\"Colloquio per il visto presso l&#8217;Ambasciata degli Stati Uniti\"}]},{\"@type\":\"WebSite\",\"@id\":\"https:\/\/usa-b2.com\/it\/#website\",\"url\":\"https:\/\/usa-b2.com\/it\/\",\"name\":\"USA B2 VISA\",\"description\":\"\",\"potentialAction\":[{\"@type\":\"SearchAction\",\"target\":{\"@type\":\"EntryPoint\",\"urlTemplate\":\"https:\/\/usa-b2.com\/it\/?s={search_term_string}\"},\"query-input\":{\"@type\":\"PropertyValueSpecification\",\"valueRequired\":true,\"valueName\":\"search_term_string\"}}],\"inLanguage\":\"it-IT\"}]}<\/script>\n<!-- \/ Yoast SEO plugin. -->","yoast_head_json":{"title":"Colloquio per il visto presso l'Ambasciata degli Stati Uniti - USA B2","description":"La procedura per la richiesta di un visto B2 prevede un colloquio tra il richiedente e un funzionario consolare statunitense. Ecco tutti i dettagli.","robots":{"index":"index","follow":"follow","max-snippet":"max-snippet:-1","max-image-preview":"max-image-preview:large","max-video-preview":"max-video-preview:-1"},"canonical":"https:\/\/usa-b2.com\/it\/appuntamento-visto-ambasciata-stati-uniti\/","og_locale":"it_IT","og_type":"article","og_title":"Colloquio per il visto presso l'Ambasciata degli Stati Uniti - USA B2","og_description":"La procedura per la richiesta di un visto B2 prevede un colloquio tra il richiedente e un funzionario consolare statunitense. Ecco tutti i dettagli.","og_url":"https:\/\/usa-b2.com\/it\/appuntamento-visto-ambasciata-stati-uniti\/","og_site_name":"USA B2","article_modified_time":"2025-10-13T13:14:50+00:00","twitter_card":"summary_large_image","twitter_misc":{"Tempo di lettura stimato":"3 minuti"},"schema":{"@context":"https:\/\/schema.org","@graph":[{"@type":"WebPage","@id":"https:\/\/usa-b2.com\/it\/appuntamento-visto-ambasciata-stati-uniti\/","url":"https:\/\/usa-b2.com\/it\/appuntamento-visto-ambasciata-stati-uniti\/","name":"Colloquio per il visto presso l'Ambasciata degli Stati Uniti - USA B2","isPartOf":{"@id":"https:\/\/usa-b2.com\/it\/#website"},"datePublished":"2024-02-10T17:15:31+00:00","dateModified":"2025-10-13T13:14:50+00:00","description":"La procedura per la richiesta di un visto B2 prevede un colloquio tra il richiedente e un funzionario consolare statunitense. Ecco tutti i dettagli.","breadcrumb":{"@id":"https:\/\/usa-b2.com\/it\/appuntamento-visto-ambasciata-stati-uniti\/#breadcrumb"},"inLanguage":"it-IT","potentialAction":[{"@type":"ReadAction","target":["https:\/\/usa-b2.com\/it\/appuntamento-visto-ambasciata-stati-uniti\/"]}]},{"@type":"BreadcrumbList","@id":"https:\/\/usa-b2.com\/it\/appuntamento-visto-ambasciata-stati-uniti\/#breadcrumb","itemListElement":[{"@type":"ListItem","position":1,"name":"Accueil","item":"https:\/\/usa-b2.com\/it\/guida-roadtrips-usa\/"},{"@type":"ListItem","position":2,"name":"Colloquio per il visto presso l&#8217;Ambasciata degli Stati Uniti"}]},{"@type":"WebSite","@id":"https:\/\/usa-b2.com\/it\/#website","url":"https:\/\/usa-b2.com\/it\/","name":"USA B2 VISA","description":"","potentialAction":[{"@type":"SearchAction","target":{"@type":"EntryPoint","urlTemplate":"https:\/\/usa-b2.com\/it\/?s={search_term_string}"},"query-input":{"@type":"PropertyValueSpecification","valueRequired":true,"valueName":"search_term_string"}}],"inLanguage":"it-IT"}]}},"_links":{"self":[{"href":"https:\/\/usa-b2.com\/it\/wp-json\/wp\/v2\/pages\/418","targetHints":{"allow":["GET"]}}],"collection":[{"href":"https:\/\/usa-b2.com\/it\/wp-json\/wp\/v2\/pages"}],"about":[{"href":"https:\/\/usa-b2.com\/it\/wp-json\/wp\/v2\/types\/page"}],"author":[{"embeddable":true,"href":"https:\/\/usa-b2.com\/it\/wp-json\/wp\/v2\/users\/1"}],"replies":[{"embeddable":true,"href":"https:\/\/usa-b2.com\/it\/wp-json\/wp\/v2\/comments?post=418"}],"version-history":[{"count":2,"href":"https:\/\/usa-b2.com\/it\/wp-json\/wp\/v2\/pages\/418\/revisions"}],"predecessor-version":[{"id":10080,"href":"https:\/\/usa-b2.com\/it\/wp-json\/wp\/v2\/pages\/418\/revisions\/10080"}],"wp:attachment":[{"href":"https:\/\/usa-b2.com\/it\/wp-json\/wp\/v2\/media?parent=418"}],"curies":[{"name":"wp","href":"https:\/\/api.w.org\/{rel}","templated":true}]}}