{"id":314,"date":"2024-02-10T17:03:45","date_gmt":"2024-02-10T17:03:45","guid":{"rendered":"https:\/\/usa-b2.com\/avviso-legale\/"},"modified":"2025-02-06T10:22:13","modified_gmt":"2025-02-06T10:22:13","slug":"avviso-legale","status":"publish","type":"page","link":"https:\/\/usa-b2.com\/it\/avviso-legale\/","title":{"rendered":"avviso legale di usa-b2.com"},"content":{"rendered":"\n<h1 class=\"wp-block-heading\">Avvertenze legali per il sito web<\/h1>\n\n<h2 class=\"wp-block-heading\">Editore del sito web<\/h2>\n\n<p>Siamo un sito di informazione online sui viaggi turistici su strada organizzati negli Stati Uniti. Il sito \u00e8 pubblicato da <a href=\"https:\/\/alma-consulting.org\">ALMA Consulting<\/a>, una societ\u00e0 registrata a Malta (UE). <\/p>\n\n<p>Non siamo in alcun modo legati all&#8217;amministrazione statunitense o a qualsiasi altra amministrazione.  <\/p>\n\n<p>Il nostro sito web contiene diversi collegamenti ipertestuali a siti web di terzi. Non abbiamo alcun collegamento o controllo su questi siti e non siamo responsabili delle loro politiche sulla privacy o pratiche commerciali.<\/p>\n\n<p>Per contattarci, utilizzate il nostro <a href=\"https:\/\/usa-b2.com\/it\/contact\/\">modulo di contatto<\/a>.<\/p>\n\n<h2 class=\"wp-block-heading\">Hosting del sito web<\/h2>\n\n<p>Il nostro sito web \u00e8 ospitato da OVH, una societ\u00e0 con sede a Roubaix, in Francia. OVH \u00e8 una societ\u00e0 iscritta al registro delle imprese di Lille M\u00e9tropole con il numero B424 761 419.<\/p>\n\n<h2 class=\"wp-block-heading\">Trattamento dei dati personali<\/h2>\n\n<p>Non raccogliamo alcun dato personale per la gestione del sito. L&#8217;unica registrazione online dei dati personali dei visitatori riguarda alcuni rari cookie di navigazione. I visitatori hanno il diritto di accedere, modificare, rettificare e cancellare questi dati. Per esercitare questo diritto, vi preghiamo di contattarci utilizzando il nostro <a href=\"https:\/\/usa-b2.com\/it\/contact\/\">modulo di contatto<\/a>.   <\/p>\n\n<p>Per maggiori dettagli, consultare la nostra <a href=\"https:\/\/usa-b2.com\/it\/informativa-sulla-privacy\/\">informativa sulla privacy<\/a>.<\/p>\n","protected":false},"excerpt":{"rendered":"<p>Avvertenze legali per il sito web Editore del sito web Siamo un sito di informazione online sui viaggi turistici su strada organizzati negli Stati Uniti. Il sito \u00e8 pubblicato da ALMA Consulting, una societ\u00e0 registrata a Malta (UE). Non siamo in alcun modo legati all&#8217;amministrazione statunitense o a qualsiasi altra amministrazione. Il nostro sito web [&hellip;]<\/p>\n","protected":false},"author":1,"featured_media":0,"parent":0,"menu_order":0,"comment_status":"closed","ping_status":"closed","template":"","meta":{"footnotes":""},"class_list":["post-314","page","type-page","status-publish","hentry"],"yoast_head":"<!-- This site is optimized with the Yoast SEO plugin v27.4 - https:\/\/yoast.com\/product\/yoast-seo-wordpress\/ -->\n<title>avviso legale di usa-b2.com - USA B2<\/title>\n<meta name=\"description\" content=\"Informazioni legali per il sito web usa-b2.com\" \/>\n<meta name=\"robots\" content=\"index, follow, max-snippet:-1, max-image-preview:large, max-video-preview:-1\" \/>\n<link rel=\"canonical\" href=\"https:\/\/usa-b2.com\/it\/avviso-legale\/\" \/>\n<meta property=\"og:locale\" content=\"it_IT\" \/>\n<meta property=\"og:type\" content=\"article\" \/>\n<meta property=\"og:title\" content=\"avviso legale di usa-b2.com - USA B2\" \/>\n<meta property=\"og:description\" content=\"Informazioni legali per il sito web usa-b2.com\" \/>\n<meta property=\"og:url\" content=\"https:\/\/usa-b2.com\/it\/avviso-legale\/\" \/>\n<meta property=\"og:site_name\" content=\"USA B2\" \/>\n<meta property=\"article:modified_time\" content=\"2025-02-06T10:22:13+00:00\" \/>\n<meta name=\"twitter:card\" content=\"summary_large_image\" \/>\n<meta name=\"twitter:label1\" content=\"Tempo di lettura stimato\" \/>\n\t<meta name=\"twitter:data1\" content=\"1 minuto\" \/>\n<script type=\"application\/ld+json\" class=\"yoast-schema-graph\">{\"@context\":\"https:\\\/\\\/schema.org\",\"@graph\":[{\"@type\":\"WebPage\",\"@id\":\"https:\\\/\\\/usa-b2.com\\\/it\\\/avviso-legale\\\/\",\"url\":\"https:\\\/\\\/usa-b2.com\\\/it\\\/avviso-legale\\\/\",\"name\":\"avviso legale di usa-b2.com - USA B2\",\"isPartOf\":{\"@id\":\"https:\\\/\\\/usa-b2.com\\\/it\\\/#website\"},\"datePublished\":\"2024-02-10T17:03:45+00:00\",\"dateModified\":\"2025-02-06T10:22:13+00:00\",\"description\":\"Informazioni legali per il sito web usa-b2.com\",\"breadcrumb\":{\"@id\":\"https:\\\/\\\/usa-b2.com\\\/it\\\/avviso-legale\\\/#breadcrumb\"},\"inLanguage\":\"it-IT\",\"potentialAction\":[{\"@type\":\"ReadAction\",\"target\":[\"https:\\\/\\\/usa-b2.com\\\/it\\\/avviso-legale\\\/\"]}]},{\"@type\":\"BreadcrumbList\",\"@id\":\"https:\\\/\\\/usa-b2.com\\\/it\\\/avviso-legale\\\/#breadcrumb\",\"itemListElement\":[{\"@type\":\"ListItem\",\"position\":1,\"name\":\"Accueil\",\"item\":\"https:\\\/\\\/usa-b2.com\\\/it\\\/usa\\\/\"},{\"@type\":\"ListItem\",\"position\":2,\"name\":\"avviso legale di usa-b2.com\"}]},{\"@type\":\"WebSite\",\"@id\":\"https:\\\/\\\/usa-b2.com\\\/it\\\/#website\",\"url\":\"https:\\\/\\\/usa-b2.com\\\/it\\\/\",\"name\":\"USA B2 VISA\",\"description\":\"\",\"potentialAction\":[{\"@type\":\"SearchAction\",\"target\":{\"@type\":\"EntryPoint\",\"urlTemplate\":\"https:\\\/\\\/usa-b2.com\\\/it\\\/?s={search_term_string}\"},\"query-input\":{\"@type\":\"PropertyValueSpecification\",\"valueRequired\":true,\"valueName\":\"search_term_string\"}}],\"inLanguage\":\"it-IT\"}]}<\/script>\n<!-- \/ Yoast SEO plugin. -->","yoast_head_json":{"title":"avviso legale di usa-b2.com - USA B2","description":"Informazioni legali per il sito web usa-b2.com","robots":{"index":"index","follow":"follow","max-snippet":"max-snippet:-1","max-image-preview":"max-image-preview:large","max-video-preview":"max-video-preview:-1"},"canonical":"https:\/\/usa-b2.com\/it\/avviso-legale\/","og_locale":"it_IT","og_type":"article","og_title":"avviso legale di usa-b2.com - USA B2","og_description":"Informazioni legali per il sito web usa-b2.com","og_url":"https:\/\/usa-b2.com\/it\/avviso-legale\/","og_site_name":"USA B2","article_modified_time":"2025-02-06T10:22:13+00:00","twitter_card":"summary_large_image","twitter_misc":{"Tempo di lettura stimato":"1 minuto"},"schema":{"@context":"https:\/\/schema.org","@graph":[{"@type":"WebPage","@id":"https:\/\/usa-b2.com\/it\/avviso-legale\/","url":"https:\/\/usa-b2.com\/it\/avviso-legale\/","name":"avviso legale di usa-b2.com - USA B2","isPartOf":{"@id":"https:\/\/usa-b2.com\/it\/#website"},"datePublished":"2024-02-10T17:03:45+00:00","dateModified":"2025-02-06T10:22:13+00:00","description":"Informazioni legali per il sito web usa-b2.com","breadcrumb":{"@id":"https:\/\/usa-b2.com\/it\/avviso-legale\/#breadcrumb"},"inLanguage":"it-IT","potentialAction":[{"@type":"ReadAction","target":["https:\/\/usa-b2.com\/it\/avviso-legale\/"]}]},{"@type":"BreadcrumbList","@id":"https:\/\/usa-b2.com\/it\/avviso-legale\/#breadcrumb","itemListElement":[{"@type":"ListItem","position":1,"name":"Accueil","item":"https:\/\/usa-b2.com\/it\/usa\/"},{"@type":"ListItem","position":2,"name":"avviso legale di usa-b2.com"}]},{"@type":"WebSite","@id":"https:\/\/usa-b2.com\/it\/#website","url":"https:\/\/usa-b2.com\/it\/","name":"USA B2 VISA","description":"","potentialAction":[{"@type":"SearchAction","target":{"@type":"EntryPoint","urlTemplate":"https:\/\/usa-b2.com\/it\/?s={search_term_string}"},"query-input":{"@type":"PropertyValueSpecification","valueRequired":true,"valueName":"search_term_string"}}],"inLanguage":"it-IT"}]}},"_links":{"self":[{"href":"https:\/\/usa-b2.com\/it\/wp-json\/wp\/v2\/pages\/314","targetHints":{"allow":["GET"]}}],"collection":[{"href":"https:\/\/usa-b2.com\/it\/wp-json\/wp\/v2\/pages"}],"about":[{"href":"https:\/\/usa-b2.com\/it\/wp-json\/wp\/v2\/types\/page"}],"author":[{"embeddable":true,"href":"https:\/\/usa-b2.com\/it\/wp-json\/wp\/v2\/users\/1"}],"replies":[{"embeddable":true,"href":"https:\/\/usa-b2.com\/it\/wp-json\/wp\/v2\/comments?post=314"}],"version-history":[{"count":0,"href":"https:\/\/usa-b2.com\/it\/wp-json\/wp\/v2\/pages\/314\/revisions"}],"wp:attachment":[{"href":"https:\/\/usa-b2.com\/it\/wp-json\/wp\/v2\/media?parent=314"}],"curies":[{"name":"wp","href":"https:\/\/api.w.org\/{rel}","templated":true}]}}