{"id":2761,"date":"2024-06-25T10:10:23","date_gmt":"2024-06-25T10:10:23","guid":{"rendered":"https:\/\/usa-b2.com\/periodo-validita-esta\/"},"modified":"2025-10-13T13:14:50","modified_gmt":"2025-10-13T13:14:50","slug":"periodo-validita-esta","status":"publish","type":"page","link":"https:\/\/usa-b2.com\/it\/periodo-validita-esta\/","title":{"rendered":"L&#8217;ESTA ha un periodo di validit\u00e0 limitato"},"content":{"rendered":"\n<h1 class=\"wp-block-heading\">Per quanto tempo \u00e8 valida l&#8217;autorizzazione ESTA?<\/h1>\n\n<p>L&#8217;autorizzazione al viaggio ESTA ha una data di validit\u00e0 limitata. Per rinnovare l&#8217;autorizzazione ESTA per gli Stati Uniti, \u00e8 sufficiente compilare il <a href=\"https:\/\/usa-b2.com\/it\/modulo-esta-online\/\">modulo ESTA online<\/a>. <\/p>\n\n<div style=\"height:10px\" aria-hidden=\"true\" class=\"wp-block-spacer\"><\/div>\n\n<h2 class=\"wp-block-heading\">Per quanto tempo \u00e8 valida l&#8217;ESTA?<\/h2>\n\n<p>Le autorizzazioni ESTA hanno una validit\u00e0 iniziale di 2 anni. Durante questo periodo, i viaggiatori possono effettuare pi\u00f9 visite negli Stati Uniti senza dover presentare una nuova domanda. Ogni soggiorno non deve superare i 90 giorni negli Stati Uniti.  <\/p>\n\n<h2 class=\"wp-block-heading\">Quando si riduce il periodo di validit\u00e0?<\/h2>\n\n<p>Il periodo di validit\u00e0 dell&#8217;ESTA pu\u00f2 essere ridotto in alcune situazioni. Ecco i tre motivi principali per la cessazione anticipata dell&#8217;ESTA: <\/p>\n\n<ol class=\"wp-block-list\">\n<li><strong>Quando alcune delle informazioni personali fornite per ottenere l&#8217;ESTA non sono pi\u00f9 valide<\/strong>. Se il nome, il sesso o la nazionalit\u00e0 del titolare dell&#8217;ESTA cambiano, l&#8217;ESTA non \u00e8 pi\u00f9 valida e occorre presentare una nuova domanda ESTA utilizzando le informazioni personali aggiornate. <\/li>\n\n\n\n<li><strong>Quando il passaporto utilizzato per ottenere l&#8217;ESTA \u00e8 scaduto<\/strong>. L&#8217;ESTA \u00e8 collegata al passaporto utilizzato per la richiesta iniziale. Se il passaporto scade, l&#8217;ESTA non \u00e8 automaticamente pi\u00f9 valido. Il viaggiatore deve presentare una nuova domanda ESTA con il nuovo <a href=\"https:\/\/usa-b2.com\/fr\/passeport-pour-voyager-aux-usa\/\">passaporto valido per gli Stati Uniti<\/a>.   <\/li>\n\n\n\n<li><strong>Quando le risposte alle domande di sicurezza contenute nella domanda ESTA non sono pi\u00f9 valide<\/strong>. Se le risposte alle domande personali sul modulo ESTA non sono pi\u00f9 valide, l&#8217;ESTA non \u00e8 pi\u00f9 valido. Devi richiedere nuovamente l&#8217;autorizzazione al viaggio sul sito ufficiale dell&#8217;ESTA aggiornando le risposte alle domande sulla salute e la sicurezza contenute nel modulo ESTA.  <\/li>\n<\/ol>\n\n<div style=\"height:10px\" aria-hidden=\"true\" class=\"wp-block-spacer\"><\/div>\n\n<h2 class=\"wp-block-heading\">Scadenza di un&#8217;autorizzazione ESTA durante un soggiorno negli USA<\/h2>\n\n<p>Quando l&#8217;autorizzazione ESTA scade durante un soggiorno negli Stati Uniti, il viaggiatore \u00e8 autorizzato dal governo americano a completare il suo soggiorno negli USA entro il termine di 90 giorni. Lasciare gli Stati Uniti dopo la scadenza dell&#8217;ESTA non \u00e8 generalmente un problema.<\/p>\n\n<p>Tuttavia, se hai intenzione di rimanere negli Stati Uniti per pi\u00f9 di 90 giorni, devi ottenere un <a href=\"https:\/\/usa-b2.com\/it\/visto-b2\/\">visto turistico B2<\/a>. Il superamento del periodo di soggiorno autorizzato di 90 giorni \u00e8 estremamente impopolare per le autorit\u00e0 americane.<\/p>\n","protected":false},"excerpt":{"rendered":"<p>Per quanto tempo \u00e8 valida l&#8217;autorizzazione ESTA? L&#8217;autorizzazione al viaggio ESTA ha una data di validit\u00e0 limitata. Per rinnovare l&#8217;autorizzazione ESTA per gli Stati Uniti, \u00e8 sufficiente compilare il modulo ESTA online. Per quanto tempo \u00e8 valida l&#8217;ESTA? Le autorizzazioni ESTA hanno una validit\u00e0 iniziale di 2 anni. Durante questo periodo, i viaggiatori possono effettuare [&hellip;]<\/p>\n","protected":false},"author":1,"featured_media":0,"parent":0,"menu_order":0,"comment_status":"closed","ping_status":"closed","template":"","meta":{"footnotes":""},"class_list":["post-2761","page","type-page","status-publish","hentry"],"yoast_head":"<!-- This site is optimized with the Yoast SEO plugin v27.4 - https:\/\/yoast.com\/product\/yoast-seo-wordpress\/ -->\n<title>L&#039;ESTA ha un periodo di validit\u00e0 limitato - USA B2<\/title>\n<meta name=\"description\" content=\"Le autorizzazioni ESTA sono valide per un periodo di tempo limitato, quindi \u00e8 importante verificarne la validit\u00e0 prima di partire.\" \/>\n<meta name=\"robots\" content=\"index, follow, max-snippet:-1, max-image-preview:large, max-video-preview:-1\" \/>\n<link rel=\"canonical\" href=\"https:\/\/usa-b2.com\/it\/periodo-validita-esta\/\" \/>\n<meta property=\"og:locale\" content=\"it_IT\" \/>\n<meta property=\"og:type\" content=\"article\" \/>\n<meta property=\"og:title\" content=\"L&#039;ESTA ha un periodo di validit\u00e0 limitato - USA B2\" \/>\n<meta property=\"og:description\" content=\"Le autorizzazioni ESTA sono valide per un periodo di tempo limitato, quindi \u00e8 importante verificarne la validit\u00e0 prima di partire.\" \/>\n<meta property=\"og:url\" content=\"https:\/\/usa-b2.com\/it\/periodo-validita-esta\/\" \/>\n<meta property=\"og:site_name\" content=\"USA B2\" \/>\n<meta property=\"article:modified_time\" content=\"2025-10-13T13:14:50+00:00\" \/>\n<meta name=\"twitter:card\" content=\"summary_large_image\" \/>\n<meta name=\"twitter:label1\" content=\"Tempo di lettura stimato\" \/>\n\t<meta name=\"twitter:data1\" content=\"2 minuti\" \/>\n<script type=\"application\/ld+json\" class=\"yoast-schema-graph\">{\"@context\":\"https:\\\/\\\/schema.org\",\"@graph\":[{\"@type\":\"WebPage\",\"@id\":\"https:\\\/\\\/usa-b2.com\\\/it\\\/periodo-validita-esta\\\/\",\"url\":\"https:\\\/\\\/usa-b2.com\\\/it\\\/periodo-validita-esta\\\/\",\"name\":\"L'ESTA ha un periodo di validit\u00e0 limitato - USA B2\",\"isPartOf\":{\"@id\":\"https:\\\/\\\/usa-b2.com\\\/it\\\/#website\"},\"datePublished\":\"2024-06-25T10:10:23+00:00\",\"dateModified\":\"2025-10-13T13:14:50+00:00\",\"description\":\"Le autorizzazioni ESTA sono valide per un periodo di tempo limitato, quindi \u00e8 importante verificarne la validit\u00e0 prima di partire.\",\"breadcrumb\":{\"@id\":\"https:\\\/\\\/usa-b2.com\\\/it\\\/periodo-validita-esta\\\/#breadcrumb\"},\"inLanguage\":\"it-IT\",\"potentialAction\":[{\"@type\":\"ReadAction\",\"target\":[\"https:\\\/\\\/usa-b2.com\\\/it\\\/periodo-validita-esta\\\/\"]}]},{\"@type\":\"BreadcrumbList\",\"@id\":\"https:\\\/\\\/usa-b2.com\\\/it\\\/periodo-validita-esta\\\/#breadcrumb\",\"itemListElement\":[{\"@type\":\"ListItem\",\"position\":1,\"name\":\"Accueil\",\"item\":\"https:\\\/\\\/usa-b2.com\\\/it\\\/usa\\\/\"},{\"@type\":\"ListItem\",\"position\":2,\"name\":\"L&#8217;ESTA ha un periodo di validit\u00e0 limitato\"}]},{\"@type\":\"WebSite\",\"@id\":\"https:\\\/\\\/usa-b2.com\\\/it\\\/#website\",\"url\":\"https:\\\/\\\/usa-b2.com\\\/it\\\/\",\"name\":\"USA B2 VISA\",\"description\":\"\",\"potentialAction\":[{\"@type\":\"SearchAction\",\"target\":{\"@type\":\"EntryPoint\",\"urlTemplate\":\"https:\\\/\\\/usa-b2.com\\\/it\\\/?s={search_term_string}\"},\"query-input\":{\"@type\":\"PropertyValueSpecification\",\"valueRequired\":true,\"valueName\":\"search_term_string\"}}],\"inLanguage\":\"it-IT\"}]}<\/script>\n<!-- \/ Yoast SEO plugin. -->","yoast_head_json":{"title":"L'ESTA ha un periodo di validit\u00e0 limitato - USA B2","description":"Le autorizzazioni ESTA sono valide per un periodo di tempo limitato, quindi \u00e8 importante verificarne la validit\u00e0 prima di partire.","robots":{"index":"index","follow":"follow","max-snippet":"max-snippet:-1","max-image-preview":"max-image-preview:large","max-video-preview":"max-video-preview:-1"},"canonical":"https:\/\/usa-b2.com\/it\/periodo-validita-esta\/","og_locale":"it_IT","og_type":"article","og_title":"L'ESTA ha un periodo di validit\u00e0 limitato - USA B2","og_description":"Le autorizzazioni ESTA sono valide per un periodo di tempo limitato, quindi \u00e8 importante verificarne la validit\u00e0 prima di partire.","og_url":"https:\/\/usa-b2.com\/it\/periodo-validita-esta\/","og_site_name":"USA B2","article_modified_time":"2025-10-13T13:14:50+00:00","twitter_card":"summary_large_image","twitter_misc":{"Tempo di lettura stimato":"2 minuti"},"schema":{"@context":"https:\/\/schema.org","@graph":[{"@type":"WebPage","@id":"https:\/\/usa-b2.com\/it\/periodo-validita-esta\/","url":"https:\/\/usa-b2.com\/it\/periodo-validita-esta\/","name":"L'ESTA ha un periodo di validit\u00e0 limitato - USA B2","isPartOf":{"@id":"https:\/\/usa-b2.com\/it\/#website"},"datePublished":"2024-06-25T10:10:23+00:00","dateModified":"2025-10-13T13:14:50+00:00","description":"Le autorizzazioni ESTA sono valide per un periodo di tempo limitato, quindi \u00e8 importante verificarne la validit\u00e0 prima di partire.","breadcrumb":{"@id":"https:\/\/usa-b2.com\/it\/periodo-validita-esta\/#breadcrumb"},"inLanguage":"it-IT","potentialAction":[{"@type":"ReadAction","target":["https:\/\/usa-b2.com\/it\/periodo-validita-esta\/"]}]},{"@type":"BreadcrumbList","@id":"https:\/\/usa-b2.com\/it\/periodo-validita-esta\/#breadcrumb","itemListElement":[{"@type":"ListItem","position":1,"name":"Accueil","item":"https:\/\/usa-b2.com\/it\/usa\/"},{"@type":"ListItem","position":2,"name":"L&#8217;ESTA ha un periodo di validit\u00e0 limitato"}]},{"@type":"WebSite","@id":"https:\/\/usa-b2.com\/it\/#website","url":"https:\/\/usa-b2.com\/it\/","name":"USA B2 VISA","description":"","potentialAction":[{"@type":"SearchAction","target":{"@type":"EntryPoint","urlTemplate":"https:\/\/usa-b2.com\/it\/?s={search_term_string}"},"query-input":{"@type":"PropertyValueSpecification","valueRequired":true,"valueName":"search_term_string"}}],"inLanguage":"it-IT"}]}},"_links":{"self":[{"href":"https:\/\/usa-b2.com\/it\/wp-json\/wp\/v2\/pages\/2761","targetHints":{"allow":["GET"]}}],"collection":[{"href":"https:\/\/usa-b2.com\/it\/wp-json\/wp\/v2\/pages"}],"about":[{"href":"https:\/\/usa-b2.com\/it\/wp-json\/wp\/v2\/types\/page"}],"author":[{"embeddable":true,"href":"https:\/\/usa-b2.com\/it\/wp-json\/wp\/v2\/users\/1"}],"replies":[{"embeddable":true,"href":"https:\/\/usa-b2.com\/it\/wp-json\/wp\/v2\/comments?post=2761"}],"version-history":[{"count":2,"href":"https:\/\/usa-b2.com\/it\/wp-json\/wp\/v2\/pages\/2761\/revisions"}],"predecessor-version":[{"id":10078,"href":"https:\/\/usa-b2.com\/it\/wp-json\/wp\/v2\/pages\/2761\/revisions\/10078"}],"wp:attachment":[{"href":"https:\/\/usa-b2.com\/it\/wp-json\/wp\/v2\/media?parent=2761"}],"curies":[{"name":"wp","href":"https:\/\/api.w.org\/{rel}","templated":true}]}}