{"id":275,"date":"2024-02-10T17:21:47","date_gmt":"2024-02-10T17:21:47","guid":{"rendered":"https:\/\/usa-b2.com\/visto-b1-usa\/"},"modified":"2026-04-17T15:17:21","modified_gmt":"2026-04-17T15:17:21","slug":"visto-b1-usa","status":"publish","type":"page","link":"https:\/\/usa-b2.com\/it\/visto-b1-usa\/","title":{"rendered":"Il visto B1 per recarsi negli Stati Uniti"},"content":{"rendered":"\n<h1 class=\"wp-block-heading\">Ottenere un visto B1 per fare affari negli USA<\/h1>\n\n<p>Il visto B1 \u00e8 un visto statunitense per non immigrati. Si applica ai cittadini stranieri che desiderano recarsi negli Stati Uniti per motivi di lavoro. Il visto B1 consente ai cittadini stranieri di svolgere le seguenti attivit\u00e0:  <\/p>\n\n<ul class=\"wp-block-list\">\n<li>Investire negli Stati Uniti <\/li>\n\n\n\n<li>Negoziare un contratto professionale<\/li>\n\n\n\n<li>Incontrare le aziende partner negli Stati Uniti<\/li>\n\n\n\n<li>Partecipare a eventi professionali.<\/li>\n<\/ul>\n\n<div style=\"height:10px\" aria-hidden=\"true\" class=\"wp-block-spacer\"><\/div>\n\n<p><strong>Per un soggiorno negli Stati Uniti inferiore a 90 giorni<\/strong>: non \u00e8 necessario ottenere un visto B1. Tutto ci\u00f2 che dovete fare \u00e8 ottenere un&#8217;autorizzazione elettronica di viaggio ESTA cliccando sul <a href=\"https:\/\/usa-b2.com\/it\/modulo-esta-online\/\">modulo online<\/a>. <\/p>\n\n<div style=\"height:10px\" aria-hidden=\"true\" class=\"wp-block-spacer\"><\/div>\n\n<h2 class=\"wp-block-heading\">Quali sono i criteri di ammissibilit\u00e0 per il visto B1?<\/h2>\n\n<p>I criteri di ammissibilit\u00e0 per la richiesta di un visto d&#8217;affari B1 sono i seguenti:<\/p>\n\n<ul class=\"wp-block-list\">\n<li>Lo scopo del soggiorno deve essere quello di svolgere attivit\u00e0 commerciali negli Stati Uniti.<\/li>\n\n\n\n<li>Il richiedente deve essere in grado di finanziare tutti i costi del soggiorno<\/li>\n\n\n\n<li>I richiedenti devono inoltre dimostrare di avere l&#8217;intenzione di tornare nel proprio Paese d&#8217;origine al termine del soggiorno. In nessun caso pu\u00f2 pensare di rimanere negli Stati Uniti. <\/li>\n<\/ul>\n\n<div style=\"height:10px\" aria-hidden=\"true\" class=\"wp-block-spacer\"><\/div>\n\n<p>Nell&#8217;ambito della domanda di visto, i richiedenti devono fornire documenti giustificativi per dimostrare che il loro soggiorno soddisfa i criteri stabiliti.<\/p>\n\n<h2 class=\"wp-block-heading\">Come si richiede un visto B1?<\/h2>\n\n<p>Per richiedere un visto B1 online, seguite i passaggi indicati di seguito:<\/p>\n\n<ol class=\"wp-block-list\">\n<li>Compilare online il modulo <a href=\"https:\/\/usa-b2.com\/it\/ds-160\/\">DS 160<\/a> di richiesta del visto B1<\/li>\n\n\n\n<li>Pagare i <a href=\"https:\/\/usa-b2.com\/it\/tasse-visto-b2\/\">diritti per il visto<\/a> online per convalidare la domanda<\/li>\n\n\n\n<li>Fissare un <a href=\"https:\/\/usa-b2.com\/it\/appuntamento-visto-ambasciata-stati-uniti\/\">colloquio per il visto presso l&#8217;ambasciata<\/a><\/li>\n\n\n\n<li>Preparare tutti i documenti di supporto per la domanda di visto<\/li>\n\n\n\n<li>Partecipare al colloquio per il visto.<\/li>\n<\/ol>\n\n<div style=\"height:10px\" aria-hidden=\"true\" class=\"wp-block-spacer\"><\/div>\n\n<p>Il visto ottenuto verr\u00e0 apposto sul <a href=\"https:\/\/usa-b2.com\/it\/passaporto-viaggio-negli-stati-uniti\/\">passaporto utilizzato per recarsi negli Stati Uniti<\/a>.<\/p>\n\n<h2 class=\"wp-block-heading\">Durata e condizioni del visto B1<\/h2>\n\n<h3 class=\"wp-block-heading\">Validit\u00e0<\/h3>\n\n<p>Il visto B1 \u00e8 generalmente valido per diversi anni, con ingressi multipli. Tuttavia, ogni soggiorno \u00e8 limitato a un <strong>massimo di 1-6 mesi<\/strong>, come stabilito dalle autorit\u00e0 di immigrazione all&#8217;arrivo negli Stati Uniti. <\/p>\n\n<h3 class=\"wp-block-heading\">Condizioni<\/h3>\n\n<ul class=\"wp-block-list\">\n<li>Il visto B1 non ti permette di lavorare o di ricevere uno stipendio da un&#8217;azienda americana.<\/li>\n\n\n\n<li>Il viaggiatore deve lasciare gli Stati Uniti prima della fine del periodo autorizzato dal funzionario dell&#8217;immigrazione.<\/li>\n<\/ul>\n\n<div style=\"height:10px\" aria-hidden=\"true\" class=\"wp-block-spacer\"><\/div>\n\n<h2 class=\"wp-block-heading\">Vantaggi del visto B1<\/h2>\n\n<ul class=\"wp-block-list\">\n<li><strong>Flessibilit\u00e0<\/strong>: il visto B1 consente soggiorni ripetuti per tutta la durata della sua validit\u00e0.<\/li>\n\n\n\n<li><strong>Accesso professionale<\/strong>: ideale per stabilire relazioni commerciali, partecipare a conferenze o esplorare opportunit\u00e0 di business.<\/li>\n\n\n\n<li><strong>Non restrittivo<\/strong>: non \u00e8 legato a un datore di lavoro specifico come nel caso di un visto di lavoro.<\/li>\n<\/ul>\n\n<div style=\"height:10px\" aria-hidden=\"true\" class=\"wp-block-spacer\"><\/div>\n\n<h2 class=\"wp-block-heading\">FAQ sul visto B1<\/h2>\n\n<h3 class=\"wp-block-heading\">Posso lavorare negli Stati Uniti con un visto B1?<\/h3>\n\n<p>No. Il visto B1 non ti permette di lavorare o di ricevere uno stipendio negli Stati Uniti. Ti permette solo di partecipare ad attivit\u00e0 professionali temporanee. <\/p>\n\n<h3 class=\"wp-block-heading\">Posso prolungare il mio soggiorno con un visto B1?<\/h3>\n\n<p>S\u00ec, puoi richiedere una proroga all&#8217;<strong>USCIS<\/strong> prima della scadenza del periodo autorizzato. \u00c8 necessario fornire una motivazione valida e dei documenti di supporto. <\/p>\n\n<h3 class=\"wp-block-heading\">Quanto tempo occorre per ottenere un visto B1?<\/h3>\n\n<p>Il trattamento pu\u00f2 durare da pochi giorni a diverse settimane, a seconda della disponibilit\u00e0 di appuntamenti presso l&#8217;<a href=\"https:\/\/usa-b2.com\/it\/ambasciata-americana\/\">ambasciata americana<\/a>.<\/p>\n\n<h3 class=\"wp-block-heading\">Il visto B1 pu\u00f2 essere utilizzato per turismo?<\/h3>\n\n<p>No, il visto B1 \u00e8 riservato alle attivit\u00e0 commerciali. Per combinare affari e turismo, devi <a href=\"https:\/\/usa-b2.com\/it\/modulo-visto-b2-online\/\">richiedere un visto B2 online<\/a>. <\/p>\n\n<h3 class=\"wp-block-heading\">Cosa devo fare se il mio visto B1 viene rifiutato?<\/h3>\n\n<p>Se la domanda viene respinta, il richiedente riceve una lettera che ne spiega i motivi. I candidati possono presentare una nuova domanda, correggendo le eventuali carenze individuate in precedenza. <\/p>\n","protected":false},"excerpt":{"rendered":"<p>Ottenere un visto B1 per fare affari negli USA Il visto B1 \u00e8 un visto statunitense per non immigrati. Si applica ai cittadini stranieri che desiderano recarsi negli Stati Uniti per motivi di lavoro. Il visto B1 consente ai cittadini stranieri di svolgere le seguenti attivit\u00e0: Per un soggiorno negli Stati Uniti inferiore a 90 [&hellip;]<\/p>\n","protected":false},"author":1,"featured_media":0,"parent":0,"menu_order":0,"comment_status":"closed","ping_status":"closed","template":"","meta":{"footnotes":""},"class_list":["post-275","page","type-page","status-publish","hentry"],"yoast_head":"<!-- This site is optimized with the Yoast SEO plugin v27.4 - https:\/\/yoast.com\/product\/yoast-seo-wordpress\/ -->\n<title>Il visto B1 per recarsi negli Stati Uniti - USA B2<\/title>\n<meta name=\"description\" content=\"Procedura per l&#039;ottenimento di un visto d&#039;affari B1 per visitare gli Stati Uniti per motivi di lavoro\" \/>\n<meta name=\"robots\" content=\"index, follow, max-snippet:-1, max-image-preview:large, max-video-preview:-1\" \/>\n<link rel=\"canonical\" href=\"https:\/\/usa-b2.com\/it\/visto-b1-usa\/\" \/>\n<meta property=\"og:locale\" content=\"it_IT\" \/>\n<meta property=\"og:type\" content=\"article\" \/>\n<meta property=\"og:title\" content=\"Il visto B1 per recarsi negli Stati Uniti - USA B2\" \/>\n<meta property=\"og:description\" content=\"Procedura per l&#039;ottenimento di un visto d&#039;affari B1 per visitare gli Stati Uniti per motivi di lavoro\" \/>\n<meta property=\"og:url\" content=\"https:\/\/usa-b2.com\/it\/visto-b1-usa\/\" \/>\n<meta property=\"og:site_name\" content=\"USA B2\" \/>\n<meta property=\"article:modified_time\" content=\"2026-04-17T15:17:21+00:00\" \/>\n<meta name=\"twitter:card\" content=\"summary_large_image\" \/>\n<meta name=\"twitter:label1\" content=\"Tempo di lettura stimato\" \/>\n\t<meta name=\"twitter:data1\" content=\"3 minuti\" \/>\n<script type=\"application\/ld+json\" class=\"yoast-schema-graph\">{\"@context\":\"https:\\\/\\\/schema.org\",\"@graph\":[{\"@type\":\"WebPage\",\"@id\":\"https:\\\/\\\/usa-b2.com\\\/it\\\/visto-b1-usa\\\/\",\"url\":\"https:\\\/\\\/usa-b2.com\\\/it\\\/visto-b1-usa\\\/\",\"name\":\"Il visto B1 per recarsi negli Stati Uniti - USA B2\",\"isPartOf\":{\"@id\":\"https:\\\/\\\/usa-b2.com\\\/it\\\/#website\"},\"datePublished\":\"2024-02-10T17:21:47+00:00\",\"dateModified\":\"2026-04-17T15:17:21+00:00\",\"description\":\"Procedura per l'ottenimento di un visto d'affari B1 per visitare gli Stati Uniti per motivi di lavoro\",\"breadcrumb\":{\"@id\":\"https:\\\/\\\/usa-b2.com\\\/it\\\/visto-b1-usa\\\/#breadcrumb\"},\"inLanguage\":\"it-IT\",\"potentialAction\":[{\"@type\":\"ReadAction\",\"target\":[\"https:\\\/\\\/usa-b2.com\\\/it\\\/visto-b1-usa\\\/\"]}]},{\"@type\":\"BreadcrumbList\",\"@id\":\"https:\\\/\\\/usa-b2.com\\\/it\\\/visto-b1-usa\\\/#breadcrumb\",\"itemListElement\":[{\"@type\":\"ListItem\",\"position\":1,\"name\":\"Accueil\",\"item\":\"https:\\\/\\\/usa-b2.com\\\/it\\\/usa\\\/\"},{\"@type\":\"ListItem\",\"position\":2,\"name\":\"Il visto B1 per recarsi negli Stati Uniti\"}]},{\"@type\":\"WebSite\",\"@id\":\"https:\\\/\\\/usa-b2.com\\\/it\\\/#website\",\"url\":\"https:\\\/\\\/usa-b2.com\\\/it\\\/\",\"name\":\"USA B2 VISA\",\"description\":\"\",\"potentialAction\":[{\"@type\":\"SearchAction\",\"target\":{\"@type\":\"EntryPoint\",\"urlTemplate\":\"https:\\\/\\\/usa-b2.com\\\/it\\\/?s={search_term_string}\"},\"query-input\":{\"@type\":\"PropertyValueSpecification\",\"valueRequired\":true,\"valueName\":\"search_term_string\"}}],\"inLanguage\":\"it-IT\"}]}<\/script>\n<!-- \/ Yoast SEO plugin. -->","yoast_head_json":{"title":"Il visto B1 per recarsi negli Stati Uniti - USA B2","description":"Procedura per l'ottenimento di un visto d'affari B1 per visitare gli Stati Uniti per motivi di lavoro","robots":{"index":"index","follow":"follow","max-snippet":"max-snippet:-1","max-image-preview":"max-image-preview:large","max-video-preview":"max-video-preview:-1"},"canonical":"https:\/\/usa-b2.com\/it\/visto-b1-usa\/","og_locale":"it_IT","og_type":"article","og_title":"Il visto B1 per recarsi negli Stati Uniti - USA B2","og_description":"Procedura per l'ottenimento di un visto d'affari B1 per visitare gli Stati Uniti per motivi di lavoro","og_url":"https:\/\/usa-b2.com\/it\/visto-b1-usa\/","og_site_name":"USA B2","article_modified_time":"2026-04-17T15:17:21+00:00","twitter_card":"summary_large_image","twitter_misc":{"Tempo di lettura stimato":"3 minuti"},"schema":{"@context":"https:\/\/schema.org","@graph":[{"@type":"WebPage","@id":"https:\/\/usa-b2.com\/it\/visto-b1-usa\/","url":"https:\/\/usa-b2.com\/it\/visto-b1-usa\/","name":"Il visto B1 per recarsi negli Stati Uniti - USA B2","isPartOf":{"@id":"https:\/\/usa-b2.com\/it\/#website"},"datePublished":"2024-02-10T17:21:47+00:00","dateModified":"2026-04-17T15:17:21+00:00","description":"Procedura per l'ottenimento di un visto d'affari B1 per visitare gli Stati Uniti per motivi di lavoro","breadcrumb":{"@id":"https:\/\/usa-b2.com\/it\/visto-b1-usa\/#breadcrumb"},"inLanguage":"it-IT","potentialAction":[{"@type":"ReadAction","target":["https:\/\/usa-b2.com\/it\/visto-b1-usa\/"]}]},{"@type":"BreadcrumbList","@id":"https:\/\/usa-b2.com\/it\/visto-b1-usa\/#breadcrumb","itemListElement":[{"@type":"ListItem","position":1,"name":"Accueil","item":"https:\/\/usa-b2.com\/it\/usa\/"},{"@type":"ListItem","position":2,"name":"Il visto B1 per recarsi negli Stati Uniti"}]},{"@type":"WebSite","@id":"https:\/\/usa-b2.com\/it\/#website","url":"https:\/\/usa-b2.com\/it\/","name":"USA B2 VISA","description":"","potentialAction":[{"@type":"SearchAction","target":{"@type":"EntryPoint","urlTemplate":"https:\/\/usa-b2.com\/it\/?s={search_term_string}"},"query-input":{"@type":"PropertyValueSpecification","valueRequired":true,"valueName":"search_term_string"}}],"inLanguage":"it-IT"}]}},"_links":{"self":[{"href":"https:\/\/usa-b2.com\/it\/wp-json\/wp\/v2\/pages\/275","targetHints":{"allow":["GET"]}}],"collection":[{"href":"https:\/\/usa-b2.com\/it\/wp-json\/wp\/v2\/pages"}],"about":[{"href":"https:\/\/usa-b2.com\/it\/wp-json\/wp\/v2\/types\/page"}],"author":[{"embeddable":true,"href":"https:\/\/usa-b2.com\/it\/wp-json\/wp\/v2\/users\/1"}],"replies":[{"embeddable":true,"href":"https:\/\/usa-b2.com\/it\/wp-json\/wp\/v2\/comments?post=275"}],"version-history":[{"count":5,"href":"https:\/\/usa-b2.com\/it\/wp-json\/wp\/v2\/pages\/275\/revisions"}],"predecessor-version":[{"id":11476,"href":"https:\/\/usa-b2.com\/it\/wp-json\/wp\/v2\/pages\/275\/revisions\/11476"}],"wp:attachment":[{"href":"https:\/\/usa-b2.com\/it\/wp-json\/wp\/v2\/media?parent=275"}],"curies":[{"name":"wp","href":"https:\/\/api.w.org\/{rel}","templated":true}]}}