{"id":184,"date":"2024-02-10T17:17:00","date_gmt":"2024-02-10T17:17:00","guid":{"rendered":"https:\/\/usa-b2.com\/ambasciata-americana\/"},"modified":"2025-10-14T10:50:24","modified_gmt":"2025-10-14T10:50:24","slug":"ambasciata-americana","status":"publish","type":"page","link":"https:\/\/usa-b2.com\/it\/ambasciata-americana\/","title":{"rendered":"Ambasciata degli Stati Uniti d&#8217;America"},"content":{"rendered":"\n<h1 class=\"wp-block-heading\" id=\"h-ambassade-des-etats-unis-a-paris-en-france\">Ambasciate statunitensi nel mondo<\/h1>\n\n<h2 class=\"wp-block-heading\">Che cos&#8217;\u00e8 un&#8217;ambasciata statunitense?<\/h2>\n\n<p>L&#8217;Ambasciata degli Stati Uniti \u00e8 la rappresentanza diplomatica degli Stati Uniti in ogni Paese del mondo. Lo scopo dell&#8217;ambasciata statunitense \u00e8 quello di proteggere i cittadini americani al di fuori del territorio degli Stati Uniti. L&#8217;Ambasciata contribuisce allo sviluppo degli interessi statunitensi e fornisce servizi ai cittadini americani in tutto il mondo.  <\/p>\n\n<p>Le ambasciate americane sono coinvolte nella <a href=\"https:\/\/usa-b2.com\/it\/procedura-richiesta-visto-b2\/\">procedura di richiesta del visto<\/a> per i viaggiatori stranieri negli Stati Uniti.<\/p>\n\n<p><strong>Per un soggiorno negli Stati Uniti inferiore a 90 giorni<\/strong>: un cittadino di un Paese membro del VWP non ha bisogno di ottenere un visto e di fissare un appuntamento presso l&#8217;ambasciata statunitense. \u00c8 possibile ottenere un certificato di viaggio online facendo clic sul <a href=\"https:\/\/usa-b2.com\/it\/modulo-esta-online\/\">modulo ESTA online<\/a>. <\/p>\n\n<h2 class=\"wp-block-heading\">Dove posso trovare un&#8217;ambasciata statunitense?<\/h2>\n\n<p>Per trovare l&#8217;ambasciata o il consolato americano pi\u00f9 vicino a voi, basta consultare <a href=\"https:\/\/www.usembassy.gov\/\">questa pagina<\/a>, che fornisce una sintesi delle rappresentanze amministrative americane nel mondo.<\/p>\n\n<h2 class=\"wp-block-heading\">Come posso fissare un appuntamento all&#8217;ambasciata statunitense?<\/h2>\n\n<p>Quando si <a href=\"https:\/\/usa-b2.com\/it\/modulo-visto-b2-online\/\">richiede un visto per gli Stati Uniti<\/a>, i richiedenti devono partecipare a un colloquio per finalizzare la loro domanda. Per fissare un colloquio con un funzionario consolare statunitense, i richiedenti devono collegarsi al sito ufficiale <a href=\"https:\/\/www.uscis.gov\/\">uscis.gov<\/a> e fissare un <a href=\"https:\/\/usa-b2.com\/it\/appuntamento-visto-ambasciata-stati-uniti\/\">appuntamento con l&#8217;ambasciata statunitense<\/a>. <\/p>\n\n<p>Una volta confermata la data del colloquio, i candidati possono scaricare l&#8217;invito al colloquio. L&#8217;invito deve essere allegato ai documenti giustificativi della domanda di visto. <\/p>\n","protected":false},"excerpt":{"rendered":"<p>Ambasciate statunitensi nel mondo Che cos&#8217;\u00e8 un&#8217;ambasciata statunitense? L&#8217;Ambasciata degli Stati Uniti \u00e8 la rappresentanza diplomatica degli Stati Uniti in ogni Paese del mondo. Lo scopo dell&#8217;ambasciata statunitense \u00e8 quello di proteggere i cittadini americani al di fuori del territorio degli Stati Uniti. L&#8217;Ambasciata contribuisce allo sviluppo degli interessi statunitensi e fornisce servizi ai cittadini [&hellip;]<\/p>\n","protected":false},"author":1,"featured_media":0,"parent":0,"menu_order":0,"comment_status":"closed","ping_status":"closed","template":"","meta":{"footnotes":""},"class_list":["post-184","page","type-page","status-publish","hentry"],"yoast_head":"<!-- This site is optimized with the Yoast SEO plugin v27.4 - https:\/\/yoast.com\/product\/yoast-seo-wordpress\/ -->\n<title>Ambasciata degli Stati Uniti d&#039;America - USA B2<\/title>\n<meta name=\"description\" content=\"Dove trovare l&#039;ambasciata americana pi\u00f9 vicina al luogo di residenza per richiedere un visto per gli USA\" \/>\n<meta name=\"robots\" content=\"index, follow, max-snippet:-1, max-image-preview:large, max-video-preview:-1\" \/>\n<link rel=\"canonical\" href=\"https:\/\/usa-b2.com\/it\/ambasciata-americana\/\" \/>\n<meta property=\"og:locale\" content=\"it_IT\" \/>\n<meta property=\"og:type\" content=\"article\" \/>\n<meta property=\"og:title\" content=\"Ambasciata degli Stati Uniti d&#039;America - USA B2\" \/>\n<meta property=\"og:description\" content=\"Dove trovare l&#039;ambasciata americana pi\u00f9 vicina al luogo di residenza per richiedere un visto per gli USA\" \/>\n<meta property=\"og:url\" content=\"https:\/\/usa-b2.com\/it\/ambasciata-americana\/\" \/>\n<meta property=\"og:site_name\" content=\"USA B2\" \/>\n<meta property=\"article:modified_time\" content=\"2025-10-14T10:50:24+00:00\" \/>\n<meta name=\"twitter:card\" content=\"summary_large_image\" \/>\n<meta name=\"twitter:label1\" content=\"Tempo di lettura stimato\" \/>\n\t<meta name=\"twitter:data1\" content=\"1 minuto\" \/>\n<script type=\"application\/ld+json\" class=\"yoast-schema-graph\">{\"@context\":\"https:\\\/\\\/schema.org\",\"@graph\":[{\"@type\":\"WebPage\",\"@id\":\"https:\\\/\\\/usa-b2.com\\\/it\\\/ambasciata-americana\\\/\",\"url\":\"https:\\\/\\\/usa-b2.com\\\/it\\\/ambasciata-americana\\\/\",\"name\":\"Ambasciata degli Stati Uniti d'America - USA B2\",\"isPartOf\":{\"@id\":\"https:\\\/\\\/usa-b2.com\\\/it\\\/#website\"},\"datePublished\":\"2024-02-10T17:17:00+00:00\",\"dateModified\":\"2025-10-14T10:50:24+00:00\",\"description\":\"Dove trovare l'ambasciata americana pi\u00f9 vicina al luogo di residenza per richiedere un visto per gli USA\",\"breadcrumb\":{\"@id\":\"https:\\\/\\\/usa-b2.com\\\/it\\\/ambasciata-americana\\\/#breadcrumb\"},\"inLanguage\":\"it-IT\",\"potentialAction\":[{\"@type\":\"ReadAction\",\"target\":[\"https:\\\/\\\/usa-b2.com\\\/it\\\/ambasciata-americana\\\/\"]}]},{\"@type\":\"BreadcrumbList\",\"@id\":\"https:\\\/\\\/usa-b2.com\\\/it\\\/ambasciata-americana\\\/#breadcrumb\",\"itemListElement\":[{\"@type\":\"ListItem\",\"position\":1,\"name\":\"Accueil\",\"item\":\"https:\\\/\\\/usa-b2.com\\\/it\\\/usa\\\/\"},{\"@type\":\"ListItem\",\"position\":2,\"name\":\"Ambasciata degli Stati Uniti d&#8217;America\"}]},{\"@type\":\"WebSite\",\"@id\":\"https:\\\/\\\/usa-b2.com\\\/it\\\/#website\",\"url\":\"https:\\\/\\\/usa-b2.com\\\/it\\\/\",\"name\":\"USA B2 VISA\",\"description\":\"\",\"potentialAction\":[{\"@type\":\"SearchAction\",\"target\":{\"@type\":\"EntryPoint\",\"urlTemplate\":\"https:\\\/\\\/usa-b2.com\\\/it\\\/?s={search_term_string}\"},\"query-input\":{\"@type\":\"PropertyValueSpecification\",\"valueRequired\":true,\"valueName\":\"search_term_string\"}}],\"inLanguage\":\"it-IT\"}]}<\/script>\n<!-- \/ Yoast SEO plugin. -->","yoast_head_json":{"title":"Ambasciata degli Stati Uniti d'America - USA B2","description":"Dove trovare l'ambasciata americana pi\u00f9 vicina al luogo di residenza per richiedere un visto per gli USA","robots":{"index":"index","follow":"follow","max-snippet":"max-snippet:-1","max-image-preview":"max-image-preview:large","max-video-preview":"max-video-preview:-1"},"canonical":"https:\/\/usa-b2.com\/it\/ambasciata-americana\/","og_locale":"it_IT","og_type":"article","og_title":"Ambasciata degli Stati Uniti d'America - USA B2","og_description":"Dove trovare l'ambasciata americana pi\u00f9 vicina al luogo di residenza per richiedere un visto per gli USA","og_url":"https:\/\/usa-b2.com\/it\/ambasciata-americana\/","og_site_name":"USA B2","article_modified_time":"2025-10-14T10:50:24+00:00","twitter_card":"summary_large_image","twitter_misc":{"Tempo di lettura stimato":"1 minuto"},"schema":{"@context":"https:\/\/schema.org","@graph":[{"@type":"WebPage","@id":"https:\/\/usa-b2.com\/it\/ambasciata-americana\/","url":"https:\/\/usa-b2.com\/it\/ambasciata-americana\/","name":"Ambasciata degli Stati Uniti d'America - USA B2","isPartOf":{"@id":"https:\/\/usa-b2.com\/it\/#website"},"datePublished":"2024-02-10T17:17:00+00:00","dateModified":"2025-10-14T10:50:24+00:00","description":"Dove trovare l'ambasciata americana pi\u00f9 vicina al luogo di residenza per richiedere un visto per gli USA","breadcrumb":{"@id":"https:\/\/usa-b2.com\/it\/ambasciata-americana\/#breadcrumb"},"inLanguage":"it-IT","potentialAction":[{"@type":"ReadAction","target":["https:\/\/usa-b2.com\/it\/ambasciata-americana\/"]}]},{"@type":"BreadcrumbList","@id":"https:\/\/usa-b2.com\/it\/ambasciata-americana\/#breadcrumb","itemListElement":[{"@type":"ListItem","position":1,"name":"Accueil","item":"https:\/\/usa-b2.com\/it\/usa\/"},{"@type":"ListItem","position":2,"name":"Ambasciata degli Stati Uniti d&#8217;America"}]},{"@type":"WebSite","@id":"https:\/\/usa-b2.com\/it\/#website","url":"https:\/\/usa-b2.com\/it\/","name":"USA B2 VISA","description":"","potentialAction":[{"@type":"SearchAction","target":{"@type":"EntryPoint","urlTemplate":"https:\/\/usa-b2.com\/it\/?s={search_term_string}"},"query-input":{"@type":"PropertyValueSpecification","valueRequired":true,"valueName":"search_term_string"}}],"inLanguage":"it-IT"}]}},"_links":{"self":[{"href":"https:\/\/usa-b2.com\/it\/wp-json\/wp\/v2\/pages\/184","targetHints":{"allow":["GET"]}}],"collection":[{"href":"https:\/\/usa-b2.com\/it\/wp-json\/wp\/v2\/pages"}],"about":[{"href":"https:\/\/usa-b2.com\/it\/wp-json\/wp\/v2\/types\/page"}],"author":[{"embeddable":true,"href":"https:\/\/usa-b2.com\/it\/wp-json\/wp\/v2\/users\/1"}],"replies":[{"embeddable":true,"href":"https:\/\/usa-b2.com\/it\/wp-json\/wp\/v2\/comments?post=184"}],"version-history":[{"count":2,"href":"https:\/\/usa-b2.com\/it\/wp-json\/wp\/v2\/pages\/184\/revisions"}],"predecessor-version":[{"id":10362,"href":"https:\/\/usa-b2.com\/it\/wp-json\/wp\/v2\/pages\/184\/revisions\/10362"}],"wp:attachment":[{"href":"https:\/\/usa-b2.com\/it\/wp-json\/wp\/v2\/media?parent=184"}],"curies":[{"name":"wp","href":"https:\/\/api.w.org\/{rel}","templated":true}]}}