{"id":1509,"date":"2024-02-10T17:20:38","date_gmt":"2024-02-10T17:20:38","guid":{"rendered":"https:\/\/usa-b2.com\/visto-miami\/"},"modified":"2025-10-14T10:34:16","modified_gmt":"2025-10-14T10:34:16","slug":"visto-miami","status":"publish","type":"page","link":"https:\/\/usa-b2.com\/it\/visto-miami\/","title":{"rendered":"Ottenere un visto per recarsi a Miami"},"content":{"rendered":"\n<h1 class=\"wp-block-heading\" id=\"h-visa-chicago-pour-les-usa\">Visto Miami per recarsi negli Stati Uniti<\/h1>\n\n<p>I viaggiatori stranieri che intendono arrivare a Miami per recarsi negli Stati Uniti devono essere in possesso di un&#8217;autorizzazione di viaggio valida. Esistono diversi tipi di autorizzazione al viaggio, a seconda dello scopo e della durata del soggiorno negli Stati Uniti. <\/p>\n\n<h2 class=\"wp-block-heading\" id=\"h-faut-il-un-visa-pour-chicago\">Ho bisogno di un visto per Miami?<\/h2>\n\n<p>Miami \u00e8 una citt\u00e0 americana della Florida. \u00c8 una delle principali destinazioni turistiche a sud della costa orientale americana. Se vi recate negli Stati Uniti come turisti per pi\u00f9 di 3 mesi, avrete bisogno di un <a href=\"https:\/\/usa-b2.com\/it\/visto-b2\/\">visto B2<\/a>.  <\/p>\n\n<p><strong>Per soggiorni inferiori a 90 giorni<\/strong>: non \u00e8 necessario ottenere un visto b2 per Miami. Tutto ci\u00f2 che dovete fare \u00e8 ottenere un&#8217;autorizzazione al viaggio cliccando sul <a href=\"https:\/\/usa-b2.com\/it\/modulo-esta-online\/\">modulo ESTA online<\/a>. <\/p>\n\n<div style=\"height:10px\" aria-hidden=\"true\" class=\"wp-block-spacer\"><\/div>\n\n<h2 class=\"wp-block-heading\">Cos&#8217;\u00e8 il visto turistico per Miami?<\/h2>\n\n<p>Il visto turistico B2 per Miami consente ai viaggiatori di atterrare a Miami, in Florida, per un soggiorno negli Stati Uniti. Con un visto B2, i viaggiatori possono fare visite turistiche o visitare i parenti che vivono negli Stati Uniti. Il visto \u00e8 valido per un periodo iniziale di 6 mesi.  <\/p>\n\n<h2 class=\"wp-block-heading\">Ho bisogno di un visto per fare uno scalo a Miami?<\/h2>\n\n<p>Per effettuare uno scalo a Miami, i viaggiatori devono essere in possesso di un&#8217;autorizzazione di viaggio valida. Esistono diverse possibilit\u00e0 di autorizzazione al viaggio.   <\/p>\n\n<p>Se il viaggiatore \u00e8 cittadino di un Paese membro del <a href=\"https:\/\/usa-b2.com\/it\/programma-di-esenzione-dal-visto\/\">Programma Viaggio senza Visto<\/a>, non \u00e8 necessario ottenere un <a href=\"https:\/\/usa-b2.com\/it\/visto-transito-stati-uniti\/\">visto di transito<\/a>. I viaggiatori possono transitare da Miami con l&#8217;autorizzazione ESTA.<\/p>\n\n<p>Se il viaggiatore non \u00e8 cittadino di un Paese esente da visto, deve <a href=\"https:\/\/usa-b2.com\/it\/modulo-visto-b2-online\/\">richiedere un visto B2<\/a> prima di pianificare un viaggio con scalo a Miami.<\/p>\n\n<h2 class=\"wp-block-heading\" id=\"h-quel-est-le-prix-du-visa-pour-chicago\">Quali sono i costi del visto per Miami?<\/h2>\n\n<p>Il <a href=\"https:\/\/usa-b2.com\/it\/tasse-visto-b2\/\">costo del visto B2<\/a> per Miami \u00e8 di 185 dollari a partire dal 2023. Le tasse devono essere pagate al momento della richiesta di un visto per convalidare la domanda online. La ricevuta di pagamento della tassa deve essere allegata ai documenti giustificativi nell&#8217;ambito della <a href=\"https:\/\/usa-b2.com\/it\/procedura-richiesta-visto-b2\/\">procedura di richiesta del visto B2<\/a>.<\/p>\n\n<h2 class=\"wp-block-heading\" id=\"h-comment-obtenir-un-visa-pour-chicago\">Come ottenere un visto per Miami?<\/h2>\n\n<p>Per ottenere un visto B2 per recarsi a Miami, \u00e8 necessario completare la <a href=\"https:\/\/usa-b2.com\/it\/procedura-richiesta-visto-b2\/\">procedura di richiesta di visto<\/a> online dell&#8217;<a href=\"https:\/\/www.uscis.gov\/\">USCIS<\/a>. La decisione finale di rilasciare il visto sar\u00e0 presa dopo un <a href=\"https:\/\/usa-b2.com\/it\/appuntamento-visto-ambasciata-stati-uniti\/\">colloquio presso l&#8217;ambasciata americana<\/a>.<\/p>\n\n<h2 class=\"wp-block-heading\" id=\"h-faut-il-un-visa-esta-pour-chicago\">Chi pu\u00f2 richiedere l&#8217;ESTA per Miami?<\/h2>\n\n<p>I cittadini dei Paesi aderenti al Programma Viaggio senza Visto degli Stati Uniti possono <a href=\"https:\/\/usa-b2.com\/it\/modulo-esta-online\/\">richiedere un&#8217;ESTA<\/a> per Miami online. Il tempo necessario per ottenere l&#8217;autorizzazione ESTA \u00e8 molto pi\u00f9 breve di quello necessario per ottenere un visto B2 presso un&#8217;<a href=\"https:\/\/usa-b2.com\/it\/ambasciata-americana\/\">ambasciata americana<\/a>.<\/p>\n\n<p>L&#8217;autorizzazione ESTA per Miami \u00e8 valida per 2 anni. Pu\u00f2 scadere prima se il <g id=\"gid_0\">passaporto utilizzato per recarsi negli USA<\/g> scade durante il periodo di 2 anni. L&#8217;autorizzazione \u00e8 legata al passaporto utilizzato per ottenerla.  <\/p>\n\n<p>L&#8217;ESTA consente di soggiornare negli Stati Uniti per un massimo di 90 giorni consecutivi.\nI soggiorni di 90 giorni possono essere multipli durante i 2 anni di <a href=\"https:\/\/usa-b2.com\/it\/periodo-validita-esta\/\">validit\u00e0 dell&#8217;ESTA<\/a>. <\/p>\n","protected":false},"excerpt":{"rendered":"<p>Visto Miami per recarsi negli Stati Uniti I viaggiatori stranieri che intendono arrivare a Miami per recarsi negli Stati Uniti devono essere in possesso di un&#8217;autorizzazione di viaggio valida. Esistono diversi tipi di autorizzazione al viaggio, a seconda dello scopo e della durata del soggiorno negli Stati Uniti. Ho bisogno di un visto per Miami? [&hellip;]<\/p>\n","protected":false},"author":1,"featured_media":0,"parent":0,"menu_order":0,"comment_status":"closed","ping_status":"closed","template":"","meta":{"footnotes":""},"class_list":["post-1509","page","type-page","status-publish","hentry"],"yoast_head":"<!-- This site is optimized with the Yoast SEO plugin v27.4 - https:\/\/yoast.com\/product\/yoast-seo-wordpress\/ -->\n<title>Ottenere un visto per recarsi a Miami - USA B2<\/title>\n<meta name=\"description\" content=\"Come ottenere un visto di viaggio per recarsi a Miami negli Stati Uniti, e quindi viaggiare sul territorio americano\" \/>\n<meta name=\"robots\" content=\"index, follow, max-snippet:-1, max-image-preview:large, max-video-preview:-1\" \/>\n<link rel=\"canonical\" href=\"https:\/\/usa-b2.com\/it\/visto-miami\/\" \/>\n<meta property=\"og:locale\" content=\"it_IT\" \/>\n<meta property=\"og:type\" content=\"article\" \/>\n<meta property=\"og:title\" content=\"Ottenere un visto per recarsi a Miami - USA B2\" \/>\n<meta property=\"og:description\" content=\"Come ottenere un visto di viaggio per recarsi a Miami negli Stati Uniti, e quindi viaggiare sul territorio americano\" \/>\n<meta property=\"og:url\" content=\"https:\/\/usa-b2.com\/it\/visto-miami\/\" \/>\n<meta property=\"og:site_name\" content=\"USA B2\" \/>\n<meta property=\"article:modified_time\" content=\"2025-10-14T10:34:16+00:00\" \/>\n<meta name=\"twitter:card\" content=\"summary_large_image\" \/>\n<meta name=\"twitter:label1\" content=\"Tempo di lettura stimato\" \/>\n\t<meta name=\"twitter:data1\" content=\"2 minuti\" \/>\n<script type=\"application\/ld+json\" class=\"yoast-schema-graph\">{\"@context\":\"https:\\\/\\\/schema.org\",\"@graph\":[{\"@type\":\"WebPage\",\"@id\":\"https:\\\/\\\/usa-b2.com\\\/it\\\/visto-miami\\\/\",\"url\":\"https:\\\/\\\/usa-b2.com\\\/it\\\/visto-miami\\\/\",\"name\":\"Ottenere un visto per recarsi a Miami - USA B2\",\"isPartOf\":{\"@id\":\"https:\\\/\\\/usa-b2.com\\\/it\\\/#website\"},\"datePublished\":\"2024-02-10T17:20:38+00:00\",\"dateModified\":\"2025-10-14T10:34:16+00:00\",\"description\":\"Come ottenere un visto di viaggio per recarsi a Miami negli Stati Uniti, e quindi viaggiare sul territorio americano\",\"breadcrumb\":{\"@id\":\"https:\\\/\\\/usa-b2.com\\\/it\\\/visto-miami\\\/#breadcrumb\"},\"inLanguage\":\"it-IT\",\"potentialAction\":[{\"@type\":\"ReadAction\",\"target\":[\"https:\\\/\\\/usa-b2.com\\\/it\\\/visto-miami\\\/\"]}]},{\"@type\":\"BreadcrumbList\",\"@id\":\"https:\\\/\\\/usa-b2.com\\\/it\\\/visto-miami\\\/#breadcrumb\",\"itemListElement\":[{\"@type\":\"ListItem\",\"position\":1,\"name\":\"Accueil\",\"item\":\"https:\\\/\\\/usa-b2.com\\\/it\\\/\"},{\"@type\":\"ListItem\",\"position\":2,\"name\":\"Ottenere un visto per recarsi a Miami\"}]},{\"@type\":\"WebSite\",\"@id\":\"https:\\\/\\\/usa-b2.com\\\/it\\\/#website\",\"url\":\"https:\\\/\\\/usa-b2.com\\\/it\\\/\",\"name\":\"USA B2 VISA\",\"description\":\"\",\"potentialAction\":[{\"@type\":\"SearchAction\",\"target\":{\"@type\":\"EntryPoint\",\"urlTemplate\":\"https:\\\/\\\/usa-b2.com\\\/it\\\/?s={search_term_string}\"},\"query-input\":{\"@type\":\"PropertyValueSpecification\",\"valueRequired\":true,\"valueName\":\"search_term_string\"}}],\"inLanguage\":\"it-IT\"}]}<\/script>\n<!-- \/ Yoast SEO plugin. -->","yoast_head_json":{"title":"Ottenere un visto per recarsi a Miami - USA B2","description":"Come ottenere un visto di viaggio per recarsi a Miami negli Stati Uniti, e quindi viaggiare sul territorio americano","robots":{"index":"index","follow":"follow","max-snippet":"max-snippet:-1","max-image-preview":"max-image-preview:large","max-video-preview":"max-video-preview:-1"},"canonical":"https:\/\/usa-b2.com\/it\/visto-miami\/","og_locale":"it_IT","og_type":"article","og_title":"Ottenere un visto per recarsi a Miami - USA B2","og_description":"Come ottenere un visto di viaggio per recarsi a Miami negli Stati Uniti, e quindi viaggiare sul territorio americano","og_url":"https:\/\/usa-b2.com\/it\/visto-miami\/","og_site_name":"USA B2","article_modified_time":"2025-10-14T10:34:16+00:00","twitter_card":"summary_large_image","twitter_misc":{"Tempo di lettura stimato":"2 minuti"},"schema":{"@context":"https:\/\/schema.org","@graph":[{"@type":"WebPage","@id":"https:\/\/usa-b2.com\/it\/visto-miami\/","url":"https:\/\/usa-b2.com\/it\/visto-miami\/","name":"Ottenere un visto per recarsi a Miami - USA B2","isPartOf":{"@id":"https:\/\/usa-b2.com\/it\/#website"},"datePublished":"2024-02-10T17:20:38+00:00","dateModified":"2025-10-14T10:34:16+00:00","description":"Come ottenere un visto di viaggio per recarsi a Miami negli Stati Uniti, e quindi viaggiare sul territorio americano","breadcrumb":{"@id":"https:\/\/usa-b2.com\/it\/visto-miami\/#breadcrumb"},"inLanguage":"it-IT","potentialAction":[{"@type":"ReadAction","target":["https:\/\/usa-b2.com\/it\/visto-miami\/"]}]},{"@type":"BreadcrumbList","@id":"https:\/\/usa-b2.com\/it\/visto-miami\/#breadcrumb","itemListElement":[{"@type":"ListItem","position":1,"name":"Accueil","item":"https:\/\/usa-b2.com\/it\/"},{"@type":"ListItem","position":2,"name":"Ottenere un visto per recarsi a Miami"}]},{"@type":"WebSite","@id":"https:\/\/usa-b2.com\/it\/#website","url":"https:\/\/usa-b2.com\/it\/","name":"USA B2 VISA","description":"","potentialAction":[{"@type":"SearchAction","target":{"@type":"EntryPoint","urlTemplate":"https:\/\/usa-b2.com\/it\/?s={search_term_string}"},"query-input":{"@type":"PropertyValueSpecification","valueRequired":true,"valueName":"search_term_string"}}],"inLanguage":"it-IT"}]}},"_links":{"self":[{"href":"https:\/\/usa-b2.com\/it\/wp-json\/wp\/v2\/pages\/1509","targetHints":{"allow":["GET"]}}],"collection":[{"href":"https:\/\/usa-b2.com\/it\/wp-json\/wp\/v2\/pages"}],"about":[{"href":"https:\/\/usa-b2.com\/it\/wp-json\/wp\/v2\/types\/page"}],"author":[{"embeddable":true,"href":"https:\/\/usa-b2.com\/it\/wp-json\/wp\/v2\/users\/1"}],"replies":[{"embeddable":true,"href":"https:\/\/usa-b2.com\/it\/wp-json\/wp\/v2\/comments?post=1509"}],"version-history":[{"count":2,"href":"https:\/\/usa-b2.com\/it\/wp-json\/wp\/v2\/pages\/1509\/revisions"}],"predecessor-version":[{"id":10286,"href":"https:\/\/usa-b2.com\/it\/wp-json\/wp\/v2\/pages\/1509\/revisions\/10286"}],"wp:attachment":[{"href":"https:\/\/usa-b2.com\/it\/wp-json\/wp\/v2\/media?parent=1509"}],"curies":[{"name":"wp","href":"https:\/\/api.w.org\/{rel}","templated":true}]}}