{"id":1383,"date":"2024-02-10T17:20:07","date_gmt":"2024-02-10T17:20:07","guid":{"rendered":"https:\/\/usa-b2.com\/visto-los-angeles\/"},"modified":"2025-10-14T11:23:06","modified_gmt":"2025-10-14T11:23:06","slug":"visto-los-angeles","status":"publish","type":"page","link":"https:\/\/usa-b2.com\/it\/visto-los-angeles\/","title":{"rendered":"Visto per visitare Los Angeles negli Stati Uniti"},"content":{"rendered":"\n<h1 class=\"wp-block-heading\" id=\"h-visa-chicago-pour-les-usa\">Visto Los Angeles per entrare negli Stati Uniti<\/h1>\n\n<p>I viaggiatori stranieri che intendono arrivare a Los Angeles per recarsi negli Stati Uniti devono essere in possesso di un&#8217;autorizzazione di viaggio valida. Esistono diversi tipi di autorizzazione al viaggio, a seconda dello scopo e della durata del soggiorno negli Stati Uniti. <\/p>\n\n<h2 class=\"wp-block-heading\" id=\"h-faut-il-un-visa-pour-chicago\">Ho bisogno di un visto per Los Angeles?<\/h2>\n\n<p>Los Angeles \u00e8 una delle principali citt\u00e0 della California. \u00c8 una delle principali destinazioni turistiche della California. Se vi recate negli Stati Uniti come turisti per pi\u00f9 di 3 mesi, avrete bisogno di un <a href=\"https:\/\/usa-b2.com\/it\/visto-b2\/\">visto B2<\/a>.  <\/p>\n\n<p><strong>Per soggiorni inferiori a 90 giorni<\/strong>: non \u00e8 necessario ottenere un visto b2 per Los Angeles. Tutto ci\u00f2 che dovete fare \u00e8 ottenere un&#8217;autorizzazione al viaggio cliccando sul <a href=\"https:\/\/usa-b2.com\/it\/modulo-esta-online\/\">modulo ESTA online<\/a>. <\/p>\n\n<div style=\"height:10px\" aria-hidden=\"true\" class=\"wp-block-spacer\"><\/div>\n\n<h2 class=\"wp-block-heading\">Che cos&#8217;\u00e8 un visto turistico per Los Angeles?<\/h2>\n\n<p>Il visto turistico B2 per Los Angeles consente ai viaggiatori di atterrare a Los Angeles per un soggiorno negli Stati Uniti. Con un visto B2, i viaggiatori possono fare visite turistiche o visitare i parenti che vivono negli Stati Uniti. Il visto \u00e8 valido per un periodo iniziale di 6 mesi.  <\/p>\n\n<h2 class=\"wp-block-heading\">Ho bisogno di un visto per uno scalo a Los Angeles?<\/h2>\n\n<p>Per effettuare uno scalo a Los Angeles, i viaggiatori devono essere in possesso di un&#8217;autorizzazione di viaggio valida. Esistono diverse possibilit\u00e0 di autorizzazione al viaggio.  <\/p>\n\n<p>Se il viaggiatore \u00e8 cittadino di un Paese membro del <a href=\"https:\/\/usa-b2.com\/it\/programma-di-esenzione-dal-visto\/\">Programma Viaggio senza Visto<\/a>, non \u00e8 necessario ottenere un <a href=\"https:\/\/usa-b2.com\/it\/visto-transito-stati-uniti\/\">visto di transito<\/a>. I viaggiatori possono transitare per Los Angeles con una semplice autorizzazione ESTA.<\/p>\n\n<p>Se il viaggiatore non \u00e8 cittadino di un Paese esente da visto, dovr\u00e0 <a href=\"https:\/\/usa-b2.com\/it\/modulo-visto-b2-online\/\">richiedere un visto B2<\/a> prima di considerare un viaggio con scalo a Los Angeles.<\/p>\n\n<h2 class=\"wp-block-heading\" id=\"h-quel-est-le-prix-du-visa-pour-chicago\">Quanto costa ottenere un visto per Los Angeles?<\/h2>\n\n<p>Il <a href=\"https:\/\/usa-b2.com\/it\/tasse-visto-b2\/\">costo di un visto B2<\/a> per Los Angeles \u00e8 di 185 dollari dal 2023. Le tasse devono essere pagate al momento della richiesta di un visto per convalidare la domanda online. La ricevuta di pagamento della tassa deve essere allegata ai documenti giustificativi nell&#8217;ambito della <a href=\"https:\/\/usa-b2.com\/it\/procedura-richiesta-visto-b2\/\">procedura di richiesta del visto B2<\/a>.<\/p>\n\n<h2 class=\"wp-block-heading\" id=\"h-comment-obtenir-un-visa-pour-chicago\">Come si ottiene un visto per Los Angeles?<\/h2>\n\n<p>Per ottenere un visto B2 per recarsi a Los Angeles, \u00e8 necessario completare la <a href=\"https:\/\/usa-b2.com\/it\/procedura-richiesta-visto-b2\/\">procedura di richiesta di visto<\/a> online dell&#8217;<a href=\"https:\/\/www.uscis.gov\/\">USCIS<\/a>. La decisione finale di rilasciare il visto sar\u00e0 presa dopo un <a href=\"https:\/\/usa-b2.com\/it\/appuntamento-visto-ambasciata-stati-uniti\/\">colloquio presso l&#8217;ambasciata americana<\/a>.<\/p>\n\n<h2 class=\"wp-block-heading\" id=\"h-faut-il-un-visa-esta-pour-chicago\">Chi pu\u00f2 richiedere un ESTA per Los Angeles?<\/h2>\n\n<p>I cittadini dei Paesi aderenti al Programma Viaggio senza Visto degli Stati Uniti possono <a href=\"https:\/\/usa-b2.com\/it\/modulo-esta-online\/\">richiedere un&#8217;ESTA<\/a> per Los Angeles online. Il tempo necessario per ottenere l&#8217;autorizzazione ESTA \u00e8 molto pi\u00f9 breve di quello necessario per ottenere un visto B2 presso un&#8217;<a href=\"https:\/\/usa-b2.com\/it\/ambasciata-americana\/\">ambasciata americana<\/a>.<\/p>\n\n<p>L&#8217;autorizzazione ESTA per Los Angeles \u00e8 valida per 2 anni. Pu\u00f2 scadere prima se il <a href=\"https:\/\/usa-b2.com\/it\/passaporto-viaggio-negli-stati-uniti\/\">passaporto utilizzato per recarsi negli USA<\/a> scade entro 2 anni. L&#8217;autorizzazione \u00e8 legata al passaporto utilizzato per ottenerla. <\/p>\n\n<p>L&#8217;ESTA consente di soggiornare negli Stati Uniti per un massimo di 90 giorni consecutivi.\nI soggiorni di 90 giorni possono essere multipli durante i 2 anni di <a href=\"https:\/\/usa-b2.com\/it\/periodo-validita-esta\/\">validit\u00e0 dell&#8217;ESTA<\/a>. <\/p>\n","protected":false},"excerpt":{"rendered":"<p>Visto Los Angeles per entrare negli Stati Uniti I viaggiatori stranieri che intendono arrivare a Los Angeles per recarsi negli Stati Uniti devono essere in possesso di un&#8217;autorizzazione di viaggio valida. Esistono diversi tipi di autorizzazione al viaggio, a seconda dello scopo e della durata del soggiorno negli Stati Uniti. Ho bisogno di un visto [&hellip;]<\/p>\n","protected":false},"author":1,"featured_media":0,"parent":0,"menu_order":0,"comment_status":"closed","ping_status":"closed","template":"","meta":{"footnotes":""},"class_list":["post-1383","page","type-page","status-publish","hentry"],"yoast_head":"<!-- This site is optimized with the Yoast SEO plugin v27.4 - https:\/\/yoast.com\/product\/yoast-seo-wordpress\/ -->\n<title>Visto per visitare Los Angeles negli Stati Uniti - USA B2<\/title>\n<meta name=\"description\" content=\"Come ottenere un visto per atterrare a Los Angeles, California, e poi viaggiare negli Stati Uniti.\" \/>\n<meta name=\"robots\" content=\"index, follow, max-snippet:-1, max-image-preview:large, max-video-preview:-1\" \/>\n<link rel=\"canonical\" href=\"https:\/\/usa-b2.com\/it\/visto-los-angeles\/\" \/>\n<meta property=\"og:locale\" content=\"it_IT\" \/>\n<meta property=\"og:type\" content=\"article\" \/>\n<meta property=\"og:title\" content=\"Visto per visitare Los Angeles negli Stati Uniti - USA B2\" \/>\n<meta property=\"og:description\" content=\"Come ottenere un visto per atterrare a Los Angeles, California, e poi viaggiare negli Stati Uniti.\" \/>\n<meta property=\"og:url\" content=\"https:\/\/usa-b2.com\/it\/visto-los-angeles\/\" \/>\n<meta property=\"og:site_name\" content=\"USA B2\" \/>\n<meta property=\"article:modified_time\" content=\"2025-10-14T11:23:06+00:00\" \/>\n<meta name=\"twitter:card\" content=\"summary_large_image\" \/>\n<meta name=\"twitter:label1\" content=\"Tempo di lettura stimato\" \/>\n\t<meta name=\"twitter:data1\" content=\"2 minuti\" \/>\n<script type=\"application\/ld+json\" class=\"yoast-schema-graph\">{\"@context\":\"https:\\\/\\\/schema.org\",\"@graph\":[{\"@type\":\"WebPage\",\"@id\":\"https:\\\/\\\/usa-b2.com\\\/it\\\/visto-los-angeles\\\/\",\"url\":\"https:\\\/\\\/usa-b2.com\\\/it\\\/visto-los-angeles\\\/\",\"name\":\"Visto per visitare Los Angeles negli Stati Uniti - USA B2\",\"isPartOf\":{\"@id\":\"https:\\\/\\\/usa-b2.com\\\/it\\\/#website\"},\"datePublished\":\"2024-02-10T17:20:07+00:00\",\"dateModified\":\"2025-10-14T11:23:06+00:00\",\"description\":\"Come ottenere un visto per atterrare a Los Angeles, California, e poi viaggiare negli Stati Uniti.\",\"breadcrumb\":{\"@id\":\"https:\\\/\\\/usa-b2.com\\\/it\\\/visto-los-angeles\\\/#breadcrumb\"},\"inLanguage\":\"it-IT\",\"potentialAction\":[{\"@type\":\"ReadAction\",\"target\":[\"https:\\\/\\\/usa-b2.com\\\/it\\\/visto-los-angeles\\\/\"]}]},{\"@type\":\"BreadcrumbList\",\"@id\":\"https:\\\/\\\/usa-b2.com\\\/it\\\/visto-los-angeles\\\/#breadcrumb\",\"itemListElement\":[{\"@type\":\"ListItem\",\"position\":1,\"name\":\"Accueil\",\"item\":\"https:\\\/\\\/usa-b2.com\\\/it\\\/usa\\\/\"},{\"@type\":\"ListItem\",\"position\":2,\"name\":\"Visto per visitare Los Angeles negli Stati Uniti\"}]},{\"@type\":\"WebSite\",\"@id\":\"https:\\\/\\\/usa-b2.com\\\/it\\\/#website\",\"url\":\"https:\\\/\\\/usa-b2.com\\\/it\\\/\",\"name\":\"USA B2 VISA\",\"description\":\"\",\"potentialAction\":[{\"@type\":\"SearchAction\",\"target\":{\"@type\":\"EntryPoint\",\"urlTemplate\":\"https:\\\/\\\/usa-b2.com\\\/it\\\/?s={search_term_string}\"},\"query-input\":{\"@type\":\"PropertyValueSpecification\",\"valueRequired\":true,\"valueName\":\"search_term_string\"}}],\"inLanguage\":\"it-IT\"}]}<\/script>\n<!-- \/ Yoast SEO plugin. -->","yoast_head_json":{"title":"Visto per visitare Los Angeles negli Stati Uniti - USA B2","description":"Come ottenere un visto per atterrare a Los Angeles, California, e poi viaggiare negli Stati Uniti.","robots":{"index":"index","follow":"follow","max-snippet":"max-snippet:-1","max-image-preview":"max-image-preview:large","max-video-preview":"max-video-preview:-1"},"canonical":"https:\/\/usa-b2.com\/it\/visto-los-angeles\/","og_locale":"it_IT","og_type":"article","og_title":"Visto per visitare Los Angeles negli Stati Uniti - USA B2","og_description":"Come ottenere un visto per atterrare a Los Angeles, California, e poi viaggiare negli Stati Uniti.","og_url":"https:\/\/usa-b2.com\/it\/visto-los-angeles\/","og_site_name":"USA B2","article_modified_time":"2025-10-14T11:23:06+00:00","twitter_card":"summary_large_image","twitter_misc":{"Tempo di lettura stimato":"2 minuti"},"schema":{"@context":"https:\/\/schema.org","@graph":[{"@type":"WebPage","@id":"https:\/\/usa-b2.com\/it\/visto-los-angeles\/","url":"https:\/\/usa-b2.com\/it\/visto-los-angeles\/","name":"Visto per visitare Los Angeles negli Stati Uniti - USA B2","isPartOf":{"@id":"https:\/\/usa-b2.com\/it\/#website"},"datePublished":"2024-02-10T17:20:07+00:00","dateModified":"2025-10-14T11:23:06+00:00","description":"Come ottenere un visto per atterrare a Los Angeles, California, e poi viaggiare negli Stati Uniti.","breadcrumb":{"@id":"https:\/\/usa-b2.com\/it\/visto-los-angeles\/#breadcrumb"},"inLanguage":"it-IT","potentialAction":[{"@type":"ReadAction","target":["https:\/\/usa-b2.com\/it\/visto-los-angeles\/"]}]},{"@type":"BreadcrumbList","@id":"https:\/\/usa-b2.com\/it\/visto-los-angeles\/#breadcrumb","itemListElement":[{"@type":"ListItem","position":1,"name":"Accueil","item":"https:\/\/usa-b2.com\/it\/usa\/"},{"@type":"ListItem","position":2,"name":"Visto per visitare Los Angeles negli Stati Uniti"}]},{"@type":"WebSite","@id":"https:\/\/usa-b2.com\/it\/#website","url":"https:\/\/usa-b2.com\/it\/","name":"USA B2 VISA","description":"","potentialAction":[{"@type":"SearchAction","target":{"@type":"EntryPoint","urlTemplate":"https:\/\/usa-b2.com\/it\/?s={search_term_string}"},"query-input":{"@type":"PropertyValueSpecification","valueRequired":true,"valueName":"search_term_string"}}],"inLanguage":"it-IT"}]}},"_links":{"self":[{"href":"https:\/\/usa-b2.com\/it\/wp-json\/wp\/v2\/pages\/1383","targetHints":{"allow":["GET"]}}],"collection":[{"href":"https:\/\/usa-b2.com\/it\/wp-json\/wp\/v2\/pages"}],"about":[{"href":"https:\/\/usa-b2.com\/it\/wp-json\/wp\/v2\/types\/page"}],"author":[{"embeddable":true,"href":"https:\/\/usa-b2.com\/it\/wp-json\/wp\/v2\/users\/1"}],"replies":[{"embeddable":true,"href":"https:\/\/usa-b2.com\/it\/wp-json\/wp\/v2\/comments?post=1383"}],"version-history":[{"count":2,"href":"https:\/\/usa-b2.com\/it\/wp-json\/wp\/v2\/pages\/1383\/revisions"}],"predecessor-version":[{"id":10514,"href":"https:\/\/usa-b2.com\/it\/wp-json\/wp\/v2\/pages\/1383\/revisions\/10514"}],"wp:attachment":[{"href":"https:\/\/usa-b2.com\/it\/wp-json\/wp\/v2\/media?parent=1383"}],"curies":[{"name":"wp","href":"https:\/\/api.w.org\/{rel}","templated":true}]}}