{"id":1299,"date":"2024-02-27T10:27:31","date_gmt":"2024-02-27T10:27:31","guid":{"rendered":"https:\/\/usa-b2.com\/visto-transito-stati-uniti\/"},"modified":"2025-11-04T16:08:56","modified_gmt":"2025-11-04T16:08:56","slug":"visto-transito-stati-uniti","status":"publish","type":"page","link":"https:\/\/usa-b2.com\/it\/visto-transito-stati-uniti\/","title":{"rendered":"Visto di transito per gli Stati Uniti"},"content":{"rendered":"\n<h1 class=\"wp-block-heading\">Ottenere un visto per il transito negli Stati Uniti<\/h1>\n\n<p>Per uno scalo negli Stati Uniti, i viaggiatori stranieri devono essere in possesso dell&#8217;autorizzazione al transito in territorio americano. Il visto di transito consente ai viaggiatori di transitare negli Stati Uniti per raggiungere una destinazione finale.<\/p>\n\n<p><strong>Per uno scalo negli Stati Uniti<\/strong>: non \u00e8 necessario richiedere un visto di transito. Potete semplicemente richiedere l&#8217;autorizzazione al viaggio ESTA cliccando sul <a href=\"https:\/\/usa-b2.com\/it\/modulo-esta-online\/\">modulo ESTA online<\/a>. <\/p>\n\n<div style=\"height:10px\" aria-hidden=\"true\" class=\"wp-block-spacer\"><\/div>\n\n<h2 class=\"wp-block-heading\">Che cos&#8217;\u00e8 un visto di transito?<\/h2>\n\n<p>Il visto di transito per gli Stati Uniti \u00e8 un&#8217;autorizzazione all&#8217;ingresso negli Stati Uniti. Permette di rimanere negli Stati Uniti per uno scalo. Il titolare del visto deve proseguire il viaggio e lasciare gli Stati Uniti come previsto.<\/p>\n\n<h2 class=\"wp-block-heading\">Chi pu\u00f2 richiedere un visto di transito?<\/h2>\n\n<p>Tutti i viaggiatori stranieri che fanno scalo negli Stati Uniti possono richiedere un visto di transito per gli Stati Uniti. La loro destinazione finale non deve essere negli Stati Uniti, altrimenti dovranno richiedere un <a href=\"https:\/\/usa-b2.com\/it\/visto-visitatore-stati-uniti\/\">visto per visitatori B1\/B2<\/a> o qualsiasi altro tipo di visto americano.   <\/p>\n\n<p>Esiste una serie di altri casi specifici, come :  <\/p>\n\n<ul class=\"wp-block-list\">\n<li>I cittadini stranieri o i funzionari delle Nazioni Unite possono anche ottenere un visto di transito per le operazioni ONU a New York;<\/li>\n\n\n\n<li>I funzionari governativi stranieri che viaggiano per affari governativi possono ottenere un visto di transito per uno scalo negli Stati Uniti.<\/li>\n<\/ul>\n\n<h2 class=\"wp-block-heading\">Quali sono i diversi visti di transito?<\/h2>\n\n<p>I visti di transito si dividono in tre categorie principali, adatte a diverse situazioni di viaggio:<\/p>\n\n<ol class=\"wp-block-list\">\n<li><strong>Il visto C1: per i viaggiatori tradizionali in transito<\/strong><br\/>Questo tipo di visto \u00e8 pensato per i passeggeri che fanno uno scalo temporaneo in un Paese prima di proseguire il viaggio verso una destinazione finale. Ad esempio, se stai viaggiando verso un altro Paese con una coincidenza che richiede l&#8217;ingresso nel Paese, il visto C1 ti permette di soggiornare legalmente nella zona di transito o di viaggiarvi per un breve periodo. Questo visto \u00e8 spesso utilizzato da turisti o professionisti che viaggiano a livello internazionale.<\/li>\n\n\n\n<li><strong>Il visto C2: per i viaggiatori in transito verso la sede delle Nazioni Unite<\/strong><br\/>Il visto C2 \u00e8 destinato esclusivamente a coloro che si recano presso la sede delle Nazioni Unite a New York per missioni ufficiali o eventi legati all&#8217;ONU. Si applica rigorosamente al transito e in genere limita gli spostamenti al perimetro specifico dell&#8217;ONU. Questo visto risponde alle esigenze di delegati, dipendenti o rappresentanti che partecipano a conferenze o riunioni internazionali.<\/li>\n\n\n\n<li><strong>Il visto C3: per i membri di governi stranieri<\/strong><br\/>Questo visto \u00e8 destinato ai membri di governi stranieri, alle loro famiglie o ai loro accompagnatori, che viaggiano in un paese per affari ufficiali. Riflette il loro status diplomatico e permette loro di attraversare brevemente un paese rispettando i protocolli internazionali.<\/li>\n<\/ol>\n\n<p>A seconda del profilo del viaggiatore, \u00e8 fondamentale scegliere la giusta categoria di visto.<\/p>\n\n<h2 class=\"wp-block-heading\">Come si ottiene un visto di transito?<\/h2>\n\n<p>Per ottenere un visto di transito per gli Stati Uniti \u00e8 necessario seguire una serie di passaggi:<\/p>\n\n<ul class=\"wp-block-list\">\n<li>Stabilisci quale tipo di visto \u00e8 necessario, un visto C1, C2 o C3 a seconda della situazione;<\/li>\n\n\n\n<li>Compila il <a href=\"https:\/\/usa-b2.com\/it\/ds-160\/\">modulo DS-160<\/a> online, fornendo informazioni accurate e complete.<\/li>\n\n\n\n<li>Una volta inviato il modulo, paga la <a href=\"https:\/\/usa-b2.com\/fr\/frais-visa-b2-usa\/\">tassa di richiesta del visto<\/a>, non rimborsabile.<\/li>\n\n\n\n<li>Quindi fissa un <a href=\"https:\/\/usa-b2.com\/it\/appuntamento-visto-ambasciata-stati-uniti\/\">colloquio presso l&#8217;ambasciata americana<\/a> del tuo paese di residenza. A questo colloquio dovrai presentare i documenti di supporto, tra cui : \n<ul class=\"wp-block-list\">\n<li>Un <a href=\"https:\/\/usa-b2.com\/it\/passaporto-viaggio-negli-stati-uniti\/\">passaporto valido per viaggiare negli Stati Uniti<\/a><\/li>\n\n\n\n<li>La foto che soddisfa i requisiti<\/li>\n\n\n\n<li>Conferma del <a href=\"https:\/\/usa-b2.com\/it\/ds-160\/\">modulo DS-160<\/a><\/li>\n\n\n\n<li>Prova dell&#8217;itinerario di viaggio, ad esempio biglietti aerei.<\/li>\n\n\n\n<li>Qualsiasi documento che certifichi lo status di funzionario con un visto C2 o C3.<\/li>\n<\/ul>\n<\/li>\n<\/ul>\n\n<div style=\"height:10px\" aria-hidden=\"true\" class=\"wp-block-spacer\"><\/div>\n\n<p>\u00c8 importante dimostrare che il transito negli Stati Uniti non sar\u00e0 un&#8217;opportunit\u00e0 per rimanere nel paese. Una volta approvato, il visto verr\u00e0 apposto sul passaporto per consentire il transito legale negli Stati Uniti.<\/p>\n","protected":false},"excerpt":{"rendered":"<p>Ottenere un visto per il transito negli Stati Uniti Per uno scalo negli Stati Uniti, i viaggiatori stranieri devono essere in possesso dell&#8217;autorizzazione al transito in territorio americano. Il visto di transito consente ai viaggiatori di transitare negli Stati Uniti per raggiungere una destinazione finale. Per uno scalo negli Stati Uniti: non \u00e8 necessario richiedere [&hellip;]<\/p>\n","protected":false},"author":1,"featured_media":0,"parent":0,"menu_order":0,"comment_status":"closed","ping_status":"closed","template":"","meta":{"footnotes":""},"class_list":["post-1299","page","type-page","status-publish","hentry"],"yoast_head":"<!-- This site is optimized with the Yoast SEO plugin v27.4 - https:\/\/yoast.com\/product\/yoast-seo-wordpress\/ -->\n<title>Visto di transito per gli Stati Uniti - USA B2<\/title>\n<meta name=\"description\" content=\"Per effettuare uno scalo negli Stati Uniti, \u00e8 necessario un visto valido o un&#039;autorizzazione ESTA.\" \/>\n<meta name=\"robots\" content=\"index, follow, max-snippet:-1, max-image-preview:large, max-video-preview:-1\" \/>\n<link rel=\"canonical\" href=\"https:\/\/usa-b2.com\/it\/visto-transito-stati-uniti\/\" \/>\n<meta property=\"og:locale\" content=\"it_IT\" \/>\n<meta property=\"og:type\" content=\"article\" \/>\n<meta property=\"og:title\" content=\"Visto di transito per gli Stati Uniti - USA B2\" \/>\n<meta property=\"og:description\" content=\"Per effettuare uno scalo negli Stati Uniti, \u00e8 necessario un visto valido o un&#039;autorizzazione ESTA.\" \/>\n<meta property=\"og:url\" content=\"https:\/\/usa-b2.com\/it\/visto-transito-stati-uniti\/\" \/>\n<meta property=\"og:site_name\" content=\"USA B2\" \/>\n<meta property=\"article:modified_time\" content=\"2025-11-04T16:08:56+00:00\" \/>\n<meta name=\"twitter:card\" content=\"summary_large_image\" \/>\n<meta name=\"twitter:label1\" content=\"Tempo di lettura stimato\" \/>\n\t<meta name=\"twitter:data1\" content=\"3 minuti\" \/>\n<script type=\"application\/ld+json\" class=\"yoast-schema-graph\">{\"@context\":\"https:\\\/\\\/schema.org\",\"@graph\":[{\"@type\":\"WebPage\",\"@id\":\"https:\\\/\\\/usa-b2.com\\\/it\\\/visto-transito-stati-uniti\\\/\",\"url\":\"https:\\\/\\\/usa-b2.com\\\/it\\\/visto-transito-stati-uniti\\\/\",\"name\":\"Visto di transito per gli Stati Uniti - USA B2\",\"isPartOf\":{\"@id\":\"https:\\\/\\\/usa-b2.com\\\/it\\\/#website\"},\"datePublished\":\"2024-02-27T10:27:31+00:00\",\"dateModified\":\"2025-11-04T16:08:56+00:00\",\"description\":\"Per effettuare uno scalo negli Stati Uniti, \u00e8 necessario un visto valido o un'autorizzazione ESTA.\",\"breadcrumb\":{\"@id\":\"https:\\\/\\\/usa-b2.com\\\/it\\\/visto-transito-stati-uniti\\\/#breadcrumb\"},\"inLanguage\":\"it-IT\",\"potentialAction\":[{\"@type\":\"ReadAction\",\"target\":[\"https:\\\/\\\/usa-b2.com\\\/it\\\/visto-transito-stati-uniti\\\/\"]}]},{\"@type\":\"BreadcrumbList\",\"@id\":\"https:\\\/\\\/usa-b2.com\\\/it\\\/visto-transito-stati-uniti\\\/#breadcrumb\",\"itemListElement\":[{\"@type\":\"ListItem\",\"position\":1,\"name\":\"Accueil\",\"item\":\"https:\\\/\\\/usa-b2.com\\\/it\\\/usa\\\/\"},{\"@type\":\"ListItem\",\"position\":2,\"name\":\"Visto di transito per gli Stati Uniti\"}]},{\"@type\":\"WebSite\",\"@id\":\"https:\\\/\\\/usa-b2.com\\\/it\\\/#website\",\"url\":\"https:\\\/\\\/usa-b2.com\\\/it\\\/\",\"name\":\"USA B2 VISA\",\"description\":\"\",\"potentialAction\":[{\"@type\":\"SearchAction\",\"target\":{\"@type\":\"EntryPoint\",\"urlTemplate\":\"https:\\\/\\\/usa-b2.com\\\/it\\\/?s={search_term_string}\"},\"query-input\":{\"@type\":\"PropertyValueSpecification\",\"valueRequired\":true,\"valueName\":\"search_term_string\"}}],\"inLanguage\":\"it-IT\"}]}<\/script>\n<!-- \/ Yoast SEO plugin. -->","yoast_head_json":{"title":"Visto di transito per gli Stati Uniti - USA B2","description":"Per effettuare uno scalo negli Stati Uniti, \u00e8 necessario un visto valido o un'autorizzazione ESTA.","robots":{"index":"index","follow":"follow","max-snippet":"max-snippet:-1","max-image-preview":"max-image-preview:large","max-video-preview":"max-video-preview:-1"},"canonical":"https:\/\/usa-b2.com\/it\/visto-transito-stati-uniti\/","og_locale":"it_IT","og_type":"article","og_title":"Visto di transito per gli Stati Uniti - USA B2","og_description":"Per effettuare uno scalo negli Stati Uniti, \u00e8 necessario un visto valido o un'autorizzazione ESTA.","og_url":"https:\/\/usa-b2.com\/it\/visto-transito-stati-uniti\/","og_site_name":"USA B2","article_modified_time":"2025-11-04T16:08:56+00:00","twitter_card":"summary_large_image","twitter_misc":{"Tempo di lettura stimato":"3 minuti"},"schema":{"@context":"https:\/\/schema.org","@graph":[{"@type":"WebPage","@id":"https:\/\/usa-b2.com\/it\/visto-transito-stati-uniti\/","url":"https:\/\/usa-b2.com\/it\/visto-transito-stati-uniti\/","name":"Visto di transito per gli Stati Uniti - USA B2","isPartOf":{"@id":"https:\/\/usa-b2.com\/it\/#website"},"datePublished":"2024-02-27T10:27:31+00:00","dateModified":"2025-11-04T16:08:56+00:00","description":"Per effettuare uno scalo negli Stati Uniti, \u00e8 necessario un visto valido o un'autorizzazione ESTA.","breadcrumb":{"@id":"https:\/\/usa-b2.com\/it\/visto-transito-stati-uniti\/#breadcrumb"},"inLanguage":"it-IT","potentialAction":[{"@type":"ReadAction","target":["https:\/\/usa-b2.com\/it\/visto-transito-stati-uniti\/"]}]},{"@type":"BreadcrumbList","@id":"https:\/\/usa-b2.com\/it\/visto-transito-stati-uniti\/#breadcrumb","itemListElement":[{"@type":"ListItem","position":1,"name":"Accueil","item":"https:\/\/usa-b2.com\/it\/usa\/"},{"@type":"ListItem","position":2,"name":"Visto di transito per gli Stati Uniti"}]},{"@type":"WebSite","@id":"https:\/\/usa-b2.com\/it\/#website","url":"https:\/\/usa-b2.com\/it\/","name":"USA B2 VISA","description":"","potentialAction":[{"@type":"SearchAction","target":{"@type":"EntryPoint","urlTemplate":"https:\/\/usa-b2.com\/it\/?s={search_term_string}"},"query-input":{"@type":"PropertyValueSpecification","valueRequired":true,"valueName":"search_term_string"}}],"inLanguage":"it-IT"}]}},"_links":{"self":[{"href":"https:\/\/usa-b2.com\/it\/wp-json\/wp\/v2\/pages\/1299","targetHints":{"allow":["GET"]}}],"collection":[{"href":"https:\/\/usa-b2.com\/it\/wp-json\/wp\/v2\/pages"}],"about":[{"href":"https:\/\/usa-b2.com\/it\/wp-json\/wp\/v2\/types\/page"}],"author":[{"embeddable":true,"href":"https:\/\/usa-b2.com\/it\/wp-json\/wp\/v2\/users\/1"}],"replies":[{"embeddable":true,"href":"https:\/\/usa-b2.com\/it\/wp-json\/wp\/v2\/comments?post=1299"}],"version-history":[{"count":2,"href":"https:\/\/usa-b2.com\/it\/wp-json\/wp\/v2\/pages\/1299\/revisions"}],"predecessor-version":[{"id":10841,"href":"https:\/\/usa-b2.com\/it\/wp-json\/wp\/v2\/pages\/1299\/revisions\/10841"}],"wp:attachment":[{"href":"https:\/\/usa-b2.com\/it\/wp-json\/wp\/v2\/media?parent=1299"}],"curies":[{"name":"wp","href":"https:\/\/api.w.org\/{rel}","templated":true}]}}