{"id":1235,"date":"2024-02-10T17:19:29","date_gmt":"2024-02-10T17:19:29","guid":{"rendered":"https:\/\/usa-b2.com\/visto-chicago\/"},"modified":"2025-10-13T12:44:41","modified_gmt":"2025-10-13T12:44:41","slug":"visto-chicago","status":"publish","type":"page","link":"https:\/\/usa-b2.com\/it\/visto-chicago\/","title":{"rendered":"Entrare negli Stati Uniti con un visto per Chicago"},"content":{"rendered":"\n<h1 class=\"wp-block-heading\" id=\"h-visa-chicago-pour-les-usa\">Visto Chicago per recarsi negli Stati Uniti<\/h1>\n\n<p>I viaggiatori stranieri che intendono arrivare a Chicago per recarsi negli Stati Uniti devono essere in possesso di un&#8217;autorizzazione di viaggio valida. Esistono diversi tipi di autorizzazione al viaggio, a seconda dello scopo e della durata del soggiorno negli Stati Uniti. <\/p>\n\n<h2 class=\"wp-block-heading\" id=\"h-faut-il-un-visa-pour-chicago\">Ho bisogno di un visto per Chicago?<\/h2>\n\n<p>Chicago \u00e8 una grande citt\u00e0 americana sulle rive del lago Michigan. \u00c8 una delle principali destinazioni turistiche del nord degli Stati Uniti. I viaggiatori stranieri devono essere in possesso di un <a href=\"https:\/\/usa-b2.com\/it\/visto-b2\/\">visto B2<\/a> per un soggiorno turistico di oltre 3 mesi.  <\/p>\n\n<p><strong>Per soggiorni inferiori a 90 giorni<\/strong>: non \u00e8 necessario ottenere un visto b2 per Chicago. Tutto ci\u00f2 che dovete fare \u00e8 ottenere un&#8217;autorizzazione al viaggio cliccando sul <a href=\"https:\/\/usa-b2.com\/it\/modulo-esta-online\/\">modulo ESTA online<\/a>. <\/p>\n\n<div style=\"height:10px\" aria-hidden=\"true\" class=\"wp-block-spacer\"><\/div>\n\n<h2 class=\"wp-block-heading\">Cos&#8217;\u00e8 un visto turistico per Chicago?<\/h2>\n\n<p>Il visto turistico B2 per Chicago consente ai viaggiatori di atterrare a Chicago per un soggiorno negli Stati Uniti. Con un visto B2, i viaggiatori possono fare visite turistiche o visitare i parenti che vivono negli Stati Uniti. Il visto \u00e8 valido per un periodo iniziale di 6 mesi.  <\/p>\n\n<h2 class=\"wp-block-heading\">Ho bisogno di un visto per uno scalo a Chicago?<\/h2>\n\n<p>Per effettuare uno scalo a Chicago, i viaggiatori devono essere in possesso di un&#8217;autorizzazione di viaggio valida.\nEsistono diverse possibilit\u00e0 di autorizzazione al viaggio.   <\/p>\n\n<p>Se il viaggiatore \u00e8 cittadino di un Paese membro del <a href=\"https:\/\/usa-b2.com\/fr\/visa-waiver-program\/\">Programma Viaggio senza Visto<\/a>, non \u00e8 necessario ottenere un <a href=\"https:\/\/usa-b2.com\/fr\/visa-transit-usa\/\">visto di transito<\/a>. I viaggiatori possono transitare a Chicago con l&#8217;autorizzazione ESTA.<\/p>\n\n<p>Se non siete cittadini di un Paese esente da visto, dovrete <a href=\"https:\/\/usa-b2.com\/fr\/formulaire-visa-b2-en-ligne\/\">richiedere un visto B2<\/a> prima di pianificare un viaggio con scalo a Chicago.<\/p>\n\n<h2 class=\"wp-block-heading\" id=\"h-quel-est-le-prix-du-visa-pour-chicago\">Quanto costa ottenere un visto per Chicago?<\/h2>\n\n<p>La <a href=\"https:\/\/usa-b2.com\/fr\/frais-visa-b2-usa\/\">tariffa per un visto B2<\/a> per Chicago \u00e8 di 185 dollari dal 2023. Le tasse devono essere pagate al momento della richiesta di un visto per convalidare la domanda online. La ricevuta di pagamento della tassa deve essere allegata ai documenti giustificativi nell&#8217;ambito della <a href=\"https:\/\/usa-b2.com\/fr\/procedure-demande-visa-b2\/\">procedura di richiesta del visto B2<\/a>.<\/p>\n\n<h2 class=\"wp-block-heading\" id=\"h-comment-obtenir-un-visa-pour-chicago\">Come si ottiene un visto per Chicago?<\/h2>\n\n<p>Per ottenere un visto B2 per recarsi a Chicago, \u00e8 necessario completare la <a href=\"https:\/\/usa-b2.com\/fr\/procedure-demande-visa-b2\/\">procedura di richiesta di visto<\/a> online dell&#8217;<a href=\"https:\/\/www.uscis.gov\/\">USCIS<\/a>. La decisione finale di rilasciare il visto sar\u00e0 presa dopo un <a href=\"https:\/\/usa-b2.com\/it\/appuntamento-visto-ambasciata-stati-uniti\/\">colloquio presso l&#8217;ambasciata americana<\/a>.<\/p>\n\n<h2 class=\"wp-block-heading\" id=\"h-faut-il-un-visa-esta-pour-chicago\">Chi pu\u00f2 richiedere un ESTA per Chicago?<\/h2>\n\n<p>I cittadini dei Paesi aderenti al Programma Viaggio senza Visto degli Stati Uniti possono <a href=\"https:\/\/usa-b2.com\/it\/modulo-esta-online\/\">richiedere un&#8217;ESTA<\/a> per Chicago online. Il tempo necessario per ottenere l&#8217;autorizzazione ESTA \u00e8 molto pi\u00f9 breve di quello necessario per ottenere un visto B2 presso un&#8217;<a href=\"https:\/\/usa-b2.com\/fr\/ambassade-des-etats-unis\/\">ambasciata americana<\/a>. <\/p>\n\n<p>L&#8217;autorizzazione ESTA per Chicago \u00e8 valida per 2 anni. Pu\u00f2 scadere prima se il <a href=\"https:\/\/usa-b2.com\/fr\/passeport-pour-voyager-aux-usa\/\">passaporto utilizzato per recarsi negli USA<\/a> scade entro 2 anni. L&#8217;autorizzazione \u00e8 legata al passaporto utilizzato per ottenerla.  <\/p>\n\n<p>L&#8217;ESTA consente di soggiornare negli Stati Uniti per un massimo di 90 giorni consecutivi.\nI soggiorni di 90 giorni possono essere multipli durante i 2 anni di <a href=\"https:\/\/usa-b2.com\/fr\/esta-duree-validite\/\">validit\u00e0 dell&#8217;ESTA<\/a>. <\/p>\n","protected":false},"excerpt":{"rendered":"<p>Visto Chicago per recarsi negli Stati Uniti I viaggiatori stranieri che intendono arrivare a Chicago per recarsi negli Stati Uniti devono essere in possesso di un&#8217;autorizzazione di viaggio valida. Esistono diversi tipi di autorizzazione al viaggio, a seconda dello scopo e della durata del soggiorno negli Stati Uniti. Ho bisogno di un visto per Chicago? [&hellip;]<\/p>\n","protected":false},"author":1,"featured_media":0,"parent":0,"menu_order":0,"comment_status":"closed","ping_status":"closed","template":"","meta":{"footnotes":""},"class_list":["post-1235","page","type-page","status-publish","hentry"],"yoast_head":"<!-- This site is optimized with the Yoast SEO plugin v27.4 - https:\/\/yoast.com\/product\/yoast-seo-wordpress\/ -->\n<title>Entrare negli Stati Uniti con un visto per Chicago - USA B2<\/title>\n<meta name=\"description\" content=\"Come ottenere un visto americano per recarsi negli Stati Uniti quando si atterra a Chicago per una visita turistica.\" \/>\n<meta name=\"robots\" content=\"index, follow, max-snippet:-1, max-image-preview:large, max-video-preview:-1\" \/>\n<link rel=\"canonical\" href=\"https:\/\/usa-b2.com\/it\/visto-chicago\/\" \/>\n<meta property=\"og:locale\" content=\"it_IT\" \/>\n<meta property=\"og:type\" content=\"article\" \/>\n<meta property=\"og:title\" content=\"Entrare negli Stati Uniti con un visto per Chicago - USA B2\" \/>\n<meta property=\"og:description\" content=\"Come ottenere un visto americano per recarsi negli Stati Uniti quando si atterra a Chicago per una visita turistica.\" \/>\n<meta property=\"og:url\" content=\"https:\/\/usa-b2.com\/it\/visto-chicago\/\" \/>\n<meta property=\"og:site_name\" content=\"USA B2\" \/>\n<meta property=\"article:modified_time\" content=\"2025-10-13T12:44:41+00:00\" \/>\n<meta name=\"twitter:card\" content=\"summary_large_image\" \/>\n<meta name=\"twitter:label1\" content=\"Tempo di lettura stimato\" \/>\n\t<meta name=\"twitter:data1\" content=\"2 minuti\" \/>\n<script type=\"application\/ld+json\" class=\"yoast-schema-graph\">{\"@context\":\"https:\\\/\\\/schema.org\",\"@graph\":[{\"@type\":\"WebPage\",\"@id\":\"https:\\\/\\\/usa-b2.com\\\/it\\\/visto-chicago\\\/\",\"url\":\"https:\\\/\\\/usa-b2.com\\\/it\\\/visto-chicago\\\/\",\"name\":\"Entrare negli Stati Uniti con un visto per Chicago - USA B2\",\"isPartOf\":{\"@id\":\"https:\\\/\\\/usa-b2.com\\\/it\\\/#website\"},\"datePublished\":\"2024-02-10T17:19:29+00:00\",\"dateModified\":\"2025-10-13T12:44:41+00:00\",\"description\":\"Come ottenere un visto americano per recarsi negli Stati Uniti quando si atterra a Chicago per una visita turistica.\",\"breadcrumb\":{\"@id\":\"https:\\\/\\\/usa-b2.com\\\/it\\\/visto-chicago\\\/#breadcrumb\"},\"inLanguage\":\"it-IT\",\"potentialAction\":[{\"@type\":\"ReadAction\",\"target\":[\"https:\\\/\\\/usa-b2.com\\\/it\\\/visto-chicago\\\/\"]}]},{\"@type\":\"BreadcrumbList\",\"@id\":\"https:\\\/\\\/usa-b2.com\\\/it\\\/visto-chicago\\\/#breadcrumb\",\"itemListElement\":[{\"@type\":\"ListItem\",\"position\":1,\"name\":\"Accueil\",\"item\":\"https:\\\/\\\/usa-b2.com\\\/it\\\/usa\\\/\"},{\"@type\":\"ListItem\",\"position\":2,\"name\":\"Entrare negli Stati Uniti con un visto per Chicago\"}]},{\"@type\":\"WebSite\",\"@id\":\"https:\\\/\\\/usa-b2.com\\\/it\\\/#website\",\"url\":\"https:\\\/\\\/usa-b2.com\\\/it\\\/\",\"name\":\"USA B2 VISA\",\"description\":\"\",\"potentialAction\":[{\"@type\":\"SearchAction\",\"target\":{\"@type\":\"EntryPoint\",\"urlTemplate\":\"https:\\\/\\\/usa-b2.com\\\/it\\\/?s={search_term_string}\"},\"query-input\":{\"@type\":\"PropertyValueSpecification\",\"valueRequired\":true,\"valueName\":\"search_term_string\"}}],\"inLanguage\":\"it-IT\"}]}<\/script>\n<!-- \/ Yoast SEO plugin. -->","yoast_head_json":{"title":"Entrare negli Stati Uniti con un visto per Chicago - USA B2","description":"Come ottenere un visto americano per recarsi negli Stati Uniti quando si atterra a Chicago per una visita turistica.","robots":{"index":"index","follow":"follow","max-snippet":"max-snippet:-1","max-image-preview":"max-image-preview:large","max-video-preview":"max-video-preview:-1"},"canonical":"https:\/\/usa-b2.com\/it\/visto-chicago\/","og_locale":"it_IT","og_type":"article","og_title":"Entrare negli Stati Uniti con un visto per Chicago - USA B2","og_description":"Come ottenere un visto americano per recarsi negli Stati Uniti quando si atterra a Chicago per una visita turistica.","og_url":"https:\/\/usa-b2.com\/it\/visto-chicago\/","og_site_name":"USA B2","article_modified_time":"2025-10-13T12:44:41+00:00","twitter_card":"summary_large_image","twitter_misc":{"Tempo di lettura stimato":"2 minuti"},"schema":{"@context":"https:\/\/schema.org","@graph":[{"@type":"WebPage","@id":"https:\/\/usa-b2.com\/it\/visto-chicago\/","url":"https:\/\/usa-b2.com\/it\/visto-chicago\/","name":"Entrare negli Stati Uniti con un visto per Chicago - USA B2","isPartOf":{"@id":"https:\/\/usa-b2.com\/it\/#website"},"datePublished":"2024-02-10T17:19:29+00:00","dateModified":"2025-10-13T12:44:41+00:00","description":"Come ottenere un visto americano per recarsi negli Stati Uniti quando si atterra a Chicago per una visita turistica.","breadcrumb":{"@id":"https:\/\/usa-b2.com\/it\/visto-chicago\/#breadcrumb"},"inLanguage":"it-IT","potentialAction":[{"@type":"ReadAction","target":["https:\/\/usa-b2.com\/it\/visto-chicago\/"]}]},{"@type":"BreadcrumbList","@id":"https:\/\/usa-b2.com\/it\/visto-chicago\/#breadcrumb","itemListElement":[{"@type":"ListItem","position":1,"name":"Accueil","item":"https:\/\/usa-b2.com\/it\/usa\/"},{"@type":"ListItem","position":2,"name":"Entrare negli Stati Uniti con un visto per Chicago"}]},{"@type":"WebSite","@id":"https:\/\/usa-b2.com\/it\/#website","url":"https:\/\/usa-b2.com\/it\/","name":"USA B2 VISA","description":"","potentialAction":[{"@type":"SearchAction","target":{"@type":"EntryPoint","urlTemplate":"https:\/\/usa-b2.com\/it\/?s={search_term_string}"},"query-input":{"@type":"PropertyValueSpecification","valueRequired":true,"valueName":"search_term_string"}}],"inLanguage":"it-IT"}]}},"_links":{"self":[{"href":"https:\/\/usa-b2.com\/it\/wp-json\/wp\/v2\/pages\/1235","targetHints":{"allow":["GET"]}}],"collection":[{"href":"https:\/\/usa-b2.com\/it\/wp-json\/wp\/v2\/pages"}],"about":[{"href":"https:\/\/usa-b2.com\/it\/wp-json\/wp\/v2\/types\/page"}],"author":[{"embeddable":true,"href":"https:\/\/usa-b2.com\/it\/wp-json\/wp\/v2\/users\/1"}],"replies":[{"embeddable":true,"href":"https:\/\/usa-b2.com\/it\/wp-json\/wp\/v2\/comments?post=1235"}],"version-history":[{"count":2,"href":"https:\/\/usa-b2.com\/it\/wp-json\/wp\/v2\/pages\/1235\/revisions"}],"predecessor-version":[{"id":9970,"href":"https:\/\/usa-b2.com\/it\/wp-json\/wp\/v2\/pages\/1235\/revisions\/9970"}],"wp:attachment":[{"href":"https:\/\/usa-b2.com\/it\/wp-json\/wp\/v2\/media?parent=1235"}],"curies":[{"name":"wp","href":"https:\/\/api.w.org\/{rel}","templated":true}]}}