{"id":1106,"date":"2024-02-10T17:14:25","date_gmt":"2024-02-10T17:14:25","guid":{"rendered":"https:\/\/usa-b2.com\/tasse-visto-b2\/"},"modified":"2025-10-13T14:23:49","modified_gmt":"2025-10-13T14:23:49","slug":"tasse-visto-b2","status":"publish","type":"page","link":"https:\/\/usa-b2.com\/it\/tasse-visto-b2\/","title":{"rendered":"Tariffe per il visto americano B2"},"content":{"rendered":"\n<h1 class=\"wp-block-heading\">Quanto costa un visto B2?<\/h1>\n\n<p>Quando si richiede un visto B2, i richiedenti devono pagare una tassa amministrativa per convalidare la loro domanda. Il pagamento della tassa \u00e8 obbligatorio e avviene prima dell&#8217;elaborazione della domanda di visto. <\/p>\n\n<p><strong>Per un soggiorno di meno di 90 giorni negli Stati Uniti<\/strong>: non \u00e8 necessario richiedere un visto. Potete richiedere un&#8217;autorizzazione elettronica al viaggio in pochi minuti cliccando sul <a href=\"https:\/\/usa-b2.com\/it\/modulo-esta-online\/\">modulo ESTA online<\/a>.<\/p>\n\n<div style=\"height:10px\" aria-hidden=\"true\" class=\"wp-block-spacer\"><\/div>\n\n<h2 class=\"wp-block-heading\" id=\"h-qui-est-concerne-par-ces-frais\">Chi paga i costi?<\/h2>\n\n<p>Le spese per la richiesta di un visto per gli Stati Uniti si applicano a tutti i cittadini stranieri che desiderano visitare gli Stati Uniti, indipendentemente dall&#8217;et\u00e0. Questa tassa non \u00e8 rimborsabile e deve essere pagata prima dell&#8217;elaborazione della domanda di visto. <\/p>\n\n<h2 class=\"wp-block-heading\">Quando devo pagare i diritti per il visto?<\/h2>\n\n<p>Il pagamento della tassa per il visto \u00e8 richiesto una volta che il richiedente ha compilato il modulo di richiesta del visto <a href=\"https:\/\/usa-b2.com\/fr\/ds-160\/\">DS 160<\/a>. Il pagamento della tassa convalida la domanda di visto e ne avvia l&#8217;elaborazione amministrativa. <\/p>\n\n<h2 class=\"wp-block-heading\" id=\"h-montant-des-frais-pour-une-demande-de-visa-usa\">A quanto ammontano le tasse?<\/h2>\n\n<p>La tassa per la convalida di una domanda di <a href=\"https:\/\/usa-b2.com\/it\/visto-b2\/\">visto B2<\/a> \u00e8 di 185 USD. Questo importo \u00e8 fissato dal Dipartimento di Stato americano e viene aggiornato regolarmente. Informazioni pi\u00f9 dettagliate sono disponibili a <a href=\"https:\/\/travel.state.gov\/content\/travel\/en\/us-visas\/visa-information-resources\/fees\/fees-visa-services.html\">questa pagina<\/a>.<\/p>\n\n<h2 class=\"wp-block-heading\" id=\"h-comment-payer-les-frais-de-visa\">Come si paga il visto?<\/h2>\n\n<h3 class=\"wp-block-heading\" id=\"h-paiement-des-frais-par-virement-bancaire\">Pagamento delle tasse con carta di credito<\/h3>\n\n<p>I richiedenti possono pagare i diritti di visto direttamente online con carta di credito. L&#8217;importo \u00e8 espresso in dollari, ma sar\u00e0 convertito automaticamente dalla banca nella valuta locale. <\/p>\n\n<h3 class=\"wp-block-heading\" id=\"h-paiement-des-frais-par-virement-bancaire\">Pagamento delle tasse tramite bonifico bancario<\/h3>\n\n<p>I richiedenti possono pagare i diritti di visto anche tramite bonifico bancario. Le tariffe sono espresse in dollari e in altre valute locali. Il tasso di cambio utilizzato \u00e8 stabilito dal Dipartimento di Stato americano.  <\/p>\n\n<h3 class=\"wp-block-heading\" id=\"h-paiement-en-cash-avec-un-bordereau-de-depot\">Pagamento tramite polizza di versamento<\/h3>\n\n<p>I richiedenti possono anche pagare i diritti di visto in contanti. \u00c8 necessario effettuare un deposito monetario in una banca accreditata dagli Stati Uniti. In cambio, riceveranno una ricevuta di deposito come prova del pagamento delle tasse.  <\/p>\n\n<h2 class=\"wp-block-heading\" id=\"h-limitations-liees-au-paiement-des-frais-de-visa\">Rimborso dei diritti pagati in caso di rifiuto del visto<\/h2>\n\n<p>Non \u00e8 possibile alcun rimborso delle spese di visto pagate, indipendentemente dall&#8217;esito della domanda.<\/p>\n\n<p>Il pagamento della tassa non \u00e8 inoltre trasferibile a un altro richiedente per un&#8217;altra domanda di visto B2. Non pu\u00f2 essere utilizzato o trasferito per un&#8217;altra richiesta di visto.<\/p>\n\n<p>Se non si utilizza la ricevuta per 1 anno, le tasse pagate vanno perse. Non sar\u00e0 pi\u00f9 possibile utilizzare la ricevuta per giustificare il pagamento della tassa e non sar\u00e0 possibile ottenere un <a href=\"https:\/\/usa-b2.com\/it\/appuntamento-visto-ambasciata-stati-uniti\/\">appuntamento per il visto presso l&#8217;ambasciata<\/a> con questa ricevuta non valida. Il pagamento iniziale non utilizzato sar\u00e0 annullato. Il pagamento di questa tassa non \u00e8 rimborsabile per nessun motivo.<\/p>\n\n<h2 class=\"wp-block-heading\">Durata della validit\u00e0 del pagamento dei diritti di visto<\/h2>\n\n<p>Il candidato riceve una ricevuta numerata al momento del pagamento della tassa. Questo certificato di pagamento \u00e8 valido per 1 anno. I candidati devono quindi fissare un appuntamento presso l&#8217;ambasciata americana per il colloquio entro il periodo di validit\u00e0 di 1 anno del pagamento.  <\/p>\n","protected":false},"excerpt":{"rendered":"<p>Quanto costa un visto B2? Quando si richiede un visto B2, i richiedenti devono pagare una tassa amministrativa per convalidare la loro domanda. Il pagamento della tassa \u00e8 obbligatorio e avviene prima dell&#8217;elaborazione della domanda di visto. Per un soggiorno di meno di 90 giorni negli Stati Uniti: non \u00e8 necessario richiedere un visto. Potete [&hellip;]<\/p>\n","protected":false},"author":1,"featured_media":0,"parent":0,"menu_order":0,"comment_status":"closed","ping_status":"closed","template":"","meta":{"footnotes":""},"class_list":["post-1106","page","type-page","status-publish","hentry"],"yoast_head":"<!-- This site is optimized with the Yoast SEO plugin v27.4 - https:\/\/yoast.com\/product\/yoast-seo-wordpress\/ -->\n<title>Tariffe per il visto americano B2 - USA B2<\/title>\n<meta name=\"description\" content=\"Quanto devo pagare online per un visto turistico B2 per gli Stati Uniti?\" \/>\n<meta name=\"robots\" content=\"index, follow, max-snippet:-1, max-image-preview:large, max-video-preview:-1\" \/>\n<link rel=\"canonical\" href=\"https:\/\/usa-b2.com\/it\/tasse-visto-b2\/\" \/>\n<meta property=\"og:locale\" content=\"it_IT\" \/>\n<meta property=\"og:type\" content=\"article\" \/>\n<meta property=\"og:title\" content=\"Tariffe per il visto americano B2 - USA B2\" \/>\n<meta property=\"og:description\" content=\"Quanto devo pagare online per un visto turistico B2 per gli Stati Uniti?\" \/>\n<meta property=\"og:url\" content=\"https:\/\/usa-b2.com\/it\/tasse-visto-b2\/\" \/>\n<meta property=\"og:site_name\" content=\"USA B2\" \/>\n<meta property=\"article:modified_time\" content=\"2025-10-13T14:23:49+00:00\" \/>\n<meta name=\"twitter:card\" content=\"summary_large_image\" \/>\n<meta name=\"twitter:label1\" content=\"Tempo di lettura stimato\" \/>\n\t<meta name=\"twitter:data1\" content=\"2 minuti\" \/>\n<script type=\"application\/ld+json\" class=\"yoast-schema-graph\">{\"@context\":\"https:\\\/\\\/schema.org\",\"@graph\":[{\"@type\":\"WebPage\",\"@id\":\"https:\\\/\\\/usa-b2.com\\\/it\\\/tasse-visto-b2\\\/\",\"url\":\"https:\\\/\\\/usa-b2.com\\\/it\\\/tasse-visto-b2\\\/\",\"name\":\"Tariffe per il visto americano B2 - USA B2\",\"isPartOf\":{\"@id\":\"https:\\\/\\\/usa-b2.com\\\/it\\\/#website\"},\"datePublished\":\"2024-02-10T17:14:25+00:00\",\"dateModified\":\"2025-10-13T14:23:49+00:00\",\"description\":\"Quanto devo pagare online per un visto turistico B2 per gli Stati Uniti?\",\"breadcrumb\":{\"@id\":\"https:\\\/\\\/usa-b2.com\\\/it\\\/tasse-visto-b2\\\/#breadcrumb\"},\"inLanguage\":\"it-IT\",\"potentialAction\":[{\"@type\":\"ReadAction\",\"target\":[\"https:\\\/\\\/usa-b2.com\\\/it\\\/tasse-visto-b2\\\/\"]}]},{\"@type\":\"BreadcrumbList\",\"@id\":\"https:\\\/\\\/usa-b2.com\\\/it\\\/tasse-visto-b2\\\/#breadcrumb\",\"itemListElement\":[{\"@type\":\"ListItem\",\"position\":1,\"name\":\"Accueil\",\"item\":\"https:\\\/\\\/usa-b2.com\\\/it\\\/usa\\\/\"},{\"@type\":\"ListItem\",\"position\":2,\"name\":\"Tariffe per il visto americano B2\"}]},{\"@type\":\"WebSite\",\"@id\":\"https:\\\/\\\/usa-b2.com\\\/it\\\/#website\",\"url\":\"https:\\\/\\\/usa-b2.com\\\/it\\\/\",\"name\":\"USA B2 VISA\",\"description\":\"\",\"potentialAction\":[{\"@type\":\"SearchAction\",\"target\":{\"@type\":\"EntryPoint\",\"urlTemplate\":\"https:\\\/\\\/usa-b2.com\\\/it\\\/?s={search_term_string}\"},\"query-input\":{\"@type\":\"PropertyValueSpecification\",\"valueRequired\":true,\"valueName\":\"search_term_string\"}}],\"inLanguage\":\"it-IT\"}]}<\/script>\n<!-- \/ Yoast SEO plugin. -->","yoast_head_json":{"title":"Tariffe per il visto americano B2 - USA B2","description":"Quanto devo pagare online per un visto turistico B2 per gli Stati Uniti?","robots":{"index":"index","follow":"follow","max-snippet":"max-snippet:-1","max-image-preview":"max-image-preview:large","max-video-preview":"max-video-preview:-1"},"canonical":"https:\/\/usa-b2.com\/it\/tasse-visto-b2\/","og_locale":"it_IT","og_type":"article","og_title":"Tariffe per il visto americano B2 - USA B2","og_description":"Quanto devo pagare online per un visto turistico B2 per gli Stati Uniti?","og_url":"https:\/\/usa-b2.com\/it\/tasse-visto-b2\/","og_site_name":"USA B2","article_modified_time":"2025-10-13T14:23:49+00:00","twitter_card":"summary_large_image","twitter_misc":{"Tempo di lettura stimato":"2 minuti"},"schema":{"@context":"https:\/\/schema.org","@graph":[{"@type":"WebPage","@id":"https:\/\/usa-b2.com\/it\/tasse-visto-b2\/","url":"https:\/\/usa-b2.com\/it\/tasse-visto-b2\/","name":"Tariffe per il visto americano B2 - USA B2","isPartOf":{"@id":"https:\/\/usa-b2.com\/it\/#website"},"datePublished":"2024-02-10T17:14:25+00:00","dateModified":"2025-10-13T14:23:49+00:00","description":"Quanto devo pagare online per un visto turistico B2 per gli Stati Uniti?","breadcrumb":{"@id":"https:\/\/usa-b2.com\/it\/tasse-visto-b2\/#breadcrumb"},"inLanguage":"it-IT","potentialAction":[{"@type":"ReadAction","target":["https:\/\/usa-b2.com\/it\/tasse-visto-b2\/"]}]},{"@type":"BreadcrumbList","@id":"https:\/\/usa-b2.com\/it\/tasse-visto-b2\/#breadcrumb","itemListElement":[{"@type":"ListItem","position":1,"name":"Accueil","item":"https:\/\/usa-b2.com\/it\/usa\/"},{"@type":"ListItem","position":2,"name":"Tariffe per il visto americano B2"}]},{"@type":"WebSite","@id":"https:\/\/usa-b2.com\/it\/#website","url":"https:\/\/usa-b2.com\/it\/","name":"USA B2 VISA","description":"","potentialAction":[{"@type":"SearchAction","target":{"@type":"EntryPoint","urlTemplate":"https:\/\/usa-b2.com\/it\/?s={search_term_string}"},"query-input":{"@type":"PropertyValueSpecification","valueRequired":true,"valueName":"search_term_string"}}],"inLanguage":"it-IT"}]}},"_links":{"self":[{"href":"https:\/\/usa-b2.com\/it\/wp-json\/wp\/v2\/pages\/1106","targetHints":{"allow":["GET"]}}],"collection":[{"href":"https:\/\/usa-b2.com\/it\/wp-json\/wp\/v2\/pages"}],"about":[{"href":"https:\/\/usa-b2.com\/it\/wp-json\/wp\/v2\/types\/page"}],"author":[{"embeddable":true,"href":"https:\/\/usa-b2.com\/it\/wp-json\/wp\/v2\/users\/1"}],"replies":[{"embeddable":true,"href":"https:\/\/usa-b2.com\/it\/wp-json\/wp\/v2\/comments?post=1106"}],"version-history":[{"count":2,"href":"https:\/\/usa-b2.com\/it\/wp-json\/wp\/v2\/pages\/1106\/revisions"}],"predecessor-version":[{"id":10191,"href":"https:\/\/usa-b2.com\/it\/wp-json\/wp\/v2\/pages\/1106\/revisions\/10191"}],"wp:attachment":[{"href":"https:\/\/usa-b2.com\/it\/wp-json\/wp\/v2\/media?parent=1106"}],"curies":[{"name":"wp","href":"https:\/\/api.w.org\/{rel}","templated":true}]}}