{"id":9613,"date":"2025-08-16T10:09:01","date_gmt":"2025-08-16T10:09:01","guid":{"rendered":"https:\/\/usa-b2.com\/?page_id=9613"},"modified":"2025-08-16T16:57:29","modified_gmt":"2025-08-16T16:57:29","slug":"visa-b2-pour-mexicains","status":"publish","type":"page","link":"https:\/\/usa-b2.com\/fr\/visa-b2-pour-mexicains\/","title":{"rendered":"Obtention du visa B2 pour un mexicain"},"content":{"rendered":"\n<h1 class=\"wp-block-heading\">Comment obtenir un visa B2 depuis le Mexique<\/h1>\n\n\n\n<h2 class=\"wp-block-heading\">Qu\u2019est-ce que le visa B2 am\u00e9ricain ?<\/h2>\n\n\n\n<p>Le <strong>visa B2<\/strong> est un <a href=\"https:\/\/usa-b2.com\/fr\/visa-visiteur-usa\/\">visa visiteur<\/a> destin\u00e9 aux personnes qui souhaitent entrer aux \u00c9tats-Unis pour :<\/p>\n\n\n\n<ul class=\"wp-block-list\">\n<li>Faire du tourisme (vacances, d\u00e9couverte des villes am\u00e9ricaines, parcs nationaux, etc.)<\/li>\n\n\n\n<li>Visiter la famille ou des amis<\/li>\n\n\n\n<li>Recevoir des soins m\u00e9dicaux<\/li>\n\n\n\n<li>Participer \u00e0 des \u00e9v\u00e9nements sociaux ou culturels (concerts, conf\u00e9rences, mariages\u2026)<\/li>\n<\/ul>\n\n\n\n<p>\u26a0\ufe0f Attention : le visa B2 <strong>n\u2019autorise pas \u00e0 travailler ni \u00e0 \u00e9tudier<\/strong> aux \u00c9tats-Unis.<\/p>\n\n\n\n<h2 class=\"wp-block-heading\">Conditions d\u2019\u00e9ligibilit\u00e9 pour les citoyens mexicains<\/h2>\n\n\n\n<p>Afin d\u2019obtenir un visa B2, le demandeur mexicain doit d\u00e9montrer :<\/p>\n\n\n\n<ol class=\"wp-block-list\">\n<li>L\u2019intention de retourner au Mexique \u00e0 l\u2019issue du voyage.<\/li>\n\n\n\n<li>La possession d\u2019un passeport mexicain valide, dont la dur\u00e9e couvre au moins six mois apr\u00e8s la date pr\u00e9vue de sortie du territoire am\u00e9ricain.<\/li>\n\n\n\n<li>Un projet de s\u00e9jour temporaire, justifi\u00e9 par un itin\u00e9raire, une invitation ou une r\u00e9servation.<\/li>\n\n\n\n<li>Des attaches solides au Mexique, telles qu\u2019un emploi, une entreprise, des biens immobiliers ou des liens familiaux.<\/li>\n\n\n\n<li>Des ressources financi\u00e8res suffisantes, prouvant la capacit\u00e9 \u00e0 assumer les frais li\u00e9s au s\u00e9jour.<\/li>\n<\/ol>\n\n\n\n<div style=\"height:10px\" aria-hidden=\"true\" class=\"wp-block-spacer\"><\/div>\n\n\n\n<h2 class=\"wp-block-heading\">La proc\u00e9dure de demande \u00e9tape par \u00e9tape<\/h2>\n\n\n\n<ol class=\"wp-block-list\">\n<li>Remplir le <a href=\"https:\/\/usa-b2.com\/fr\/ds-160\/\">formulaire DS-160<\/a> sur le site officiel du D\u00e9partement d\u2019\u00c9tat am\u00e9ricain. Le formulaire se compl\u00e8te en ligne, vous devez t\u00e9l\u00e9versez une photo r\u00e9cente au format requis.<\/li>\n\n\n\n<li>Payer les <a href=\"https:\/\/usa-b2.com\/fr\/frais-visa-b2-usa\/\">frais de visa<\/a>. Les frais de visa B2 s\u2019\u00e9l\u00e8vent \u00e0 <strong>185 USD<\/strong> et ne sont pas remboursables. Le paiement s\u2019effectue en ligne ou aupr\u00e8s d\u2019un centre autoris\u00e9.<\/li>\n\n\n\n<li>Planifier un <a href=\"https:\/\/usa-b2.com\/fr\/rendez-vous-visa-ambassade-usa\/\">rendez-vous sur le site de l\u2019Ambassade des \u00c9tats-Unis<\/a> au Mexique. Vous devrez vous rendre <strong>au CAS (Centro de Atenci\u00f3n a Solicitantes)<\/strong> pour la prise d\u2019empreintes et de photos. Ensuite vous pourrez fixez un rendez-vous \u00e0 l\u2019Ambassade ou au Consulat (Mexico, Monterrey, Guadalajara, Tijuana, etc.).<\/li>\n\n\n\n<li>Passer l\u2019entretien consulaire. Vous devrez apportez votre <strong>passeport<\/strong>, la <strong>confirmation DS-160<\/strong>, le <strong>re\u00e7u du paiement<\/strong>, et tout document prouvant vos liens avec le Mexique. L\u2019agent consulaire posera des questions sur : vos revenus, votre emploi, votre famille, votre projet de voyage.<\/li>\n\n\n\n<li>R\u00e9cup\u00e9rer son visa. Si accept\u00e9, votre <strong>visa B2<\/strong> sera coll\u00e9 dans votre passeport.<\/li>\n<\/ol>\n\n\n\n<div style=\"height:10px\" aria-hidden=\"true\" class=\"wp-block-spacer\"><\/div>\n\n\n\n<h2 class=\"wp-block-heading\">Conseils pour maximiser vos chances d\u2019obtention<\/h2>\n\n\n\n<ul class=\"wp-block-list\">\n<li><strong>Soyez honn\u00eate et clair<\/strong> lors de l\u2019entretien.<\/li>\n\n\n\n<li>Pr\u00e9parez des <strong>preuves de retour au Mexique<\/strong> (contrat de travail, inscription scolaire, actes de propri\u00e9t\u00e9).<\/li>\n\n\n\n<li>\u00c9vitez de donner l\u2019impression que vous souhaitez rester ill\u00e9galement aux \u00c9tats-Unis.<\/li>\n\n\n\n<li>Pr\u00e9sentez un <strong>itin\u00e9raire de voyage r\u00e9aliste<\/strong> (billets, r\u00e9servations, invitation familiale si applicable).<\/li>\n<\/ul>\n\n\n\n<p><\/p>\n","protected":false},"excerpt":{"rendered":"<p>Comment obtenir un visa B2 depuis le Mexique Qu\u2019est-ce que le visa B2 am\u00e9ricain ? Le visa B2 est un visa visiteur destin\u00e9 aux personnes qui souhaitent entrer aux \u00c9tats-Unis pour : \u26a0\ufe0f Attention : le visa B2 n\u2019autorise pas \u00e0 travailler ni \u00e0 \u00e9tudier aux \u00c9tats-Unis. Conditions d\u2019\u00e9ligibilit\u00e9 pour les citoyens mexicains Afin d\u2019obtenir [&hellip;]<\/p>\n","protected":false},"author":1,"featured_media":0,"parent":0,"menu_order":0,"comment_status":"closed","ping_status":"closed","template":"","meta":{"footnotes":""},"class_list":["post-9613","page","type-page","status-publish","hentry"],"yoast_head":"<!-- This site is optimized with the Yoast SEO plugin v27.0 - https:\/\/yoast.com\/product\/yoast-seo-wordpress\/ -->\n<title>Obtention du visa B2 pour un mexicain - USA B2<\/title>\n<meta name=\"description\" content=\"Proc\u00e9dure l\u00e9gale et conditions pour obtenir un visa B2 am\u00e9ricain en tant que citoyen mexicain : \u00e9ligibilit\u00e9, d\u00e9marches, co\u00fbts et d\u00e9lais.\" \/>\n<meta name=\"robots\" content=\"index, follow, max-snippet:-1, max-image-preview:large, max-video-preview:-1\" \/>\n<link rel=\"canonical\" href=\"https:\/\/usa-b2.com\/fr\/visa-b2-pour-mexicains\/\" \/>\n<meta property=\"og:locale\" content=\"fr_FR\" \/>\n<meta property=\"og:type\" content=\"article\" \/>\n<meta property=\"og:title\" content=\"Obtention du visa B2 pour un mexicain - USA B2\" \/>\n<meta property=\"og:description\" content=\"Proc\u00e9dure l\u00e9gale et conditions pour obtenir un visa B2 am\u00e9ricain en tant que citoyen mexicain : \u00e9ligibilit\u00e9, d\u00e9marches, co\u00fbts et d\u00e9lais.\" \/>\n<meta property=\"og:url\" content=\"https:\/\/usa-b2.com\/fr\/visa-b2-pour-mexicains\/\" \/>\n<meta property=\"og:site_name\" content=\"USA B2\" \/>\n<meta property=\"article:modified_time\" content=\"2025-08-16T16:57:29+00:00\" \/>\n<meta name=\"twitter:card\" content=\"summary_large_image\" \/>\n<meta name=\"twitter:label1\" content=\"Dur\u00e9e de lecture estim\u00e9e\" \/>\n\t<meta name=\"twitter:data1\" content=\"2 minutes\" \/>\n<script type=\"application\/ld+json\" class=\"yoast-schema-graph\">{\"@context\":\"https:\/\/schema.org\",\"@graph\":[{\"@type\":\"WebPage\",\"@id\":\"https:\/\/usa-b2.com\/fr\/visa-b2-pour-mexicains\/\",\"url\":\"https:\/\/usa-b2.com\/fr\/visa-b2-pour-mexicains\/\",\"name\":\"Obtention du visa B2 pour un mexicain - USA B2\",\"isPartOf\":{\"@id\":\"https:\/\/usa-b2.com\/fr\/#website\"},\"datePublished\":\"2025-08-16T10:09:01+00:00\",\"dateModified\":\"2025-08-16T16:57:29+00:00\",\"description\":\"Proc\u00e9dure l\u00e9gale et conditions pour obtenir un visa B2 am\u00e9ricain en tant que citoyen mexicain : \u00e9ligibilit\u00e9, d\u00e9marches, co\u00fbts et d\u00e9lais.\",\"breadcrumb\":{\"@id\":\"https:\/\/usa-b2.com\/fr\/visa-b2-pour-mexicains\/#breadcrumb\"},\"inLanguage\":\"fr-FR\",\"potentialAction\":[{\"@type\":\"ReadAction\",\"target\":[\"https:\/\/usa-b2.com\/fr\/visa-b2-pour-mexicains\/\"]}]},{\"@type\":\"BreadcrumbList\",\"@id\":\"https:\/\/usa-b2.com\/fr\/visa-b2-pour-mexicains\/#breadcrumb\",\"itemListElement\":[{\"@type\":\"ListItem\",\"position\":1,\"name\":\"Accueil\",\"item\":\"https:\/\/usa-b2.com\/fr\/\"},{\"@type\":\"ListItem\",\"position\":2,\"name\":\"Obtention du visa B2 pour un mexicain\"}]},{\"@type\":\"WebSite\",\"@id\":\"https:\/\/usa-b2.com\/fr\/#website\",\"url\":\"https:\/\/usa-b2.com\/fr\/\",\"name\":\"USA B2 VISA\",\"description\":\"\",\"potentialAction\":[{\"@type\":\"SearchAction\",\"target\":{\"@type\":\"EntryPoint\",\"urlTemplate\":\"https:\/\/usa-b2.com\/fr\/?s={search_term_string}\"},\"query-input\":{\"@type\":\"PropertyValueSpecification\",\"valueRequired\":true,\"valueName\":\"search_term_string\"}}],\"inLanguage\":\"fr-FR\"}]}<\/script>\n<!-- \/ Yoast SEO plugin. -->","yoast_head_json":{"title":"Obtention du visa B2 pour un mexicain - USA B2","description":"Proc\u00e9dure l\u00e9gale et conditions pour obtenir un visa B2 am\u00e9ricain en tant que citoyen mexicain : \u00e9ligibilit\u00e9, d\u00e9marches, co\u00fbts et d\u00e9lais.","robots":{"index":"index","follow":"follow","max-snippet":"max-snippet:-1","max-image-preview":"max-image-preview:large","max-video-preview":"max-video-preview:-1"},"canonical":"https:\/\/usa-b2.com\/fr\/visa-b2-pour-mexicains\/","og_locale":"fr_FR","og_type":"article","og_title":"Obtention du visa B2 pour un mexicain - USA B2","og_description":"Proc\u00e9dure l\u00e9gale et conditions pour obtenir un visa B2 am\u00e9ricain en tant que citoyen mexicain : \u00e9ligibilit\u00e9, d\u00e9marches, co\u00fbts et d\u00e9lais.","og_url":"https:\/\/usa-b2.com\/fr\/visa-b2-pour-mexicains\/","og_site_name":"USA B2","article_modified_time":"2025-08-16T16:57:29+00:00","twitter_card":"summary_large_image","twitter_misc":{"Dur\u00e9e de lecture estim\u00e9e":"2 minutes"},"schema":{"@context":"https:\/\/schema.org","@graph":[{"@type":"WebPage","@id":"https:\/\/usa-b2.com\/fr\/visa-b2-pour-mexicains\/","url":"https:\/\/usa-b2.com\/fr\/visa-b2-pour-mexicains\/","name":"Obtention du visa B2 pour un mexicain - USA B2","isPartOf":{"@id":"https:\/\/usa-b2.com\/fr\/#website"},"datePublished":"2025-08-16T10:09:01+00:00","dateModified":"2025-08-16T16:57:29+00:00","description":"Proc\u00e9dure l\u00e9gale et conditions pour obtenir un visa B2 am\u00e9ricain en tant que citoyen mexicain : \u00e9ligibilit\u00e9, d\u00e9marches, co\u00fbts et d\u00e9lais.","breadcrumb":{"@id":"https:\/\/usa-b2.com\/fr\/visa-b2-pour-mexicains\/#breadcrumb"},"inLanguage":"fr-FR","potentialAction":[{"@type":"ReadAction","target":["https:\/\/usa-b2.com\/fr\/visa-b2-pour-mexicains\/"]}]},{"@type":"BreadcrumbList","@id":"https:\/\/usa-b2.com\/fr\/visa-b2-pour-mexicains\/#breadcrumb","itemListElement":[{"@type":"ListItem","position":1,"name":"Accueil","item":"https:\/\/usa-b2.com\/fr\/"},{"@type":"ListItem","position":2,"name":"Obtention du visa B2 pour un mexicain"}]},{"@type":"WebSite","@id":"https:\/\/usa-b2.com\/fr\/#website","url":"https:\/\/usa-b2.com\/fr\/","name":"USA B2 VISA","description":"","potentialAction":[{"@type":"SearchAction","target":{"@type":"EntryPoint","urlTemplate":"https:\/\/usa-b2.com\/fr\/?s={search_term_string}"},"query-input":{"@type":"PropertyValueSpecification","valueRequired":true,"valueName":"search_term_string"}}],"inLanguage":"fr-FR"}]}},"_links":{"self":[{"href":"https:\/\/usa-b2.com\/fr\/wp-json\/wp\/v2\/pages\/9613","targetHints":{"allow":["GET"]}}],"collection":[{"href":"https:\/\/usa-b2.com\/fr\/wp-json\/wp\/v2\/pages"}],"about":[{"href":"https:\/\/usa-b2.com\/fr\/wp-json\/wp\/v2\/types\/page"}],"author":[{"embeddable":true,"href":"https:\/\/usa-b2.com\/fr\/wp-json\/wp\/v2\/users\/1"}],"replies":[{"embeddable":true,"href":"https:\/\/usa-b2.com\/fr\/wp-json\/wp\/v2\/comments?post=9613"}],"version-history":[{"count":5,"href":"https:\/\/usa-b2.com\/fr\/wp-json\/wp\/v2\/pages\/9613\/revisions"}],"predecessor-version":[{"id":9638,"href":"https:\/\/usa-b2.com\/fr\/wp-json\/wp\/v2\/pages\/9613\/revisions\/9638"}],"wp:attachment":[{"href":"https:\/\/usa-b2.com\/fr\/wp-json\/wp\/v2\/media?parent=9613"}],"curies":[{"name":"wp","href":"https:\/\/api.w.org\/{rel}","templated":true}]}}