{"id":87,"date":"2024-02-10T17:17:00","date_gmt":"2024-02-10T17:17:00","guid":{"rendered":"https:\/\/usa-b2.com\/?page_id=87"},"modified":"2025-02-06T10:31:42","modified_gmt":"2025-02-06T10:31:42","slug":"ambassade-des-etats-unis","status":"publish","type":"page","link":"https:\/\/usa-b2.com\/fr\/ambassade-des-etats-unis\/","title":{"rendered":"Ambassade des Etats Unis d&rsquo;Am\u00e9rique"},"content":{"rendered":"\n<h1 class=\"wp-block-heading\" id=\"h-ambassade-des-etats-unis-a-paris-en-france\">Ambassades des Etats-Unis dans le monde<\/h1>\n\n\n\n<h2 class=\"wp-block-heading\">Qu\u2019est ce qu\u2019une ambassade des Etats-Unis ?<\/h2>\n\n\n\n<p>L\u2019ambassade des \u00c9tats-Unis est le repr\u00e9sentant diplomatique des Etats-Unis dans chaque pays du monde. L&rsquo;objectif de l\u2019ambassade des \u00c9tats-Unis est de prot\u00e9ger les citoyens am\u00e9ricains hors du territoire am\u00e9ricains. L\u2019ambassade aide au d\u00e9veloppement des int\u00e9r\u00eats des \u00c9tats-Unis et offre des services aux citoyens am\u00e9ricains \u00e0 travers le monde.<\/p>\n\n\n\n<p>Les ambassades am\u00e9ricaines participent \u00e0 la <a href=\"https:\/\/usa-b2.com\/fr\/procedure-demande-visa-b2\/\">proc\u00e9dure de demande de visa<\/a> pour les voyageurs \u00e9trangers d\u00e9sirant se rendre aux USA.<\/p>\n\n\n\n<p><strong>Pour un s\u00e9jour de moins de 90 jours aux Etats-Unis<\/strong>\u00a0: Un citoyen d&rsquo;un pays membre du VWP n&rsquo;a pas besoin d&rsquo;obtenir un visa et un rendez-vous \u00e0 l\u2019ambassade des Etats Unis. Il peut obtenir une attestation de voyage en ligne en cliquant sur\u00a0<a href=\"https:\/\/usa-b2.com\/fr\/formulaire-esta-en-ligne\/\">formulaire ESTA en ligne<\/a>.<\/p>\n\n\n\n<h2 class=\"wp-block-heading\">O\u00f9 trouver une ambassade des Etats-Unis ?<\/h2>\n\n\n\n<p>Pour trouver l&rsquo;ambassade am\u00e9ricaine ou le consulat am\u00e9ricain le plus proche de vous il suffit de consulter <a href=\"https:\/\/www.usembassy.gov\/\">cette page<\/a> qui pr\u00e9sente un r\u00e9capitulatif des repr\u00e9sentations administratives am\u00e9ricaines \u00e0 travers le monde.<\/p>\n\n\n\n<h2 class=\"wp-block-heading\">Comment prendre rendez-vous \u00e0 l\u2019ambassade des Etats Unis ?<\/h2>\n\n\n\n<p>Dans le cadre d&rsquo;une <a href=\"https:\/\/usa-b2.com\/fr\/formulaire-visa-b2-en-ligne\/\">demande de visa am\u00e9ricain<\/a>, le candidat doit participer \u00e0 un\u00a0entretien pour finaliser sa candidature. Pour planifier cet entretien avec un agent consulaire am\u00e9ricain, le candidat doit se connecter en ligne sur le site officiel\u00a0<a href=\"https:\/\/www.uscis.gov\/\">uscis.gov<\/a> et prendre <a href=\"https:\/\/usa-b2.com\/fr\/rendez-vous-visa-ambassade-usa\/\">rendez-vous aupr\u00e8s de l&rsquo;ambassade am\u00e9ricaine<\/a>. <\/p>\n\n\n\n<p>D\u00e8s que la date d&rsquo;entretien est valid\u00e9e, le candidat peut t\u00e9l\u00e9charger sa convocation pour l&rsquo;entretien. La convocation devra \u00eatre jointe aux documents justificatifs de sa demande de visa.<\/p>\n","protected":false},"excerpt":{"rendered":"<p>Ambassades des Etats-Unis dans le monde Qu\u2019est ce qu\u2019une ambassade des Etats-Unis ? L\u2019ambassade des \u00c9tats-Unis est le repr\u00e9sentant diplomatique des Etats-Unis dans chaque pays du monde. L&rsquo;objectif de l\u2019ambassade des \u00c9tats-Unis est de prot\u00e9ger les citoyens am\u00e9ricains hors du territoire am\u00e9ricains. L\u2019ambassade aide au d\u00e9veloppement des int\u00e9r\u00eats des \u00c9tats-Unis et offre des services aux [&hellip;]<\/p>\n","protected":false},"author":1,"featured_media":0,"parent":0,"menu_order":0,"comment_status":"closed","ping_status":"closed","template":"","meta":{"footnotes":""},"class_list":["post-87","page","type-page","status-publish","hentry"],"yoast_head":"<!-- This site is optimized with the Yoast SEO plugin v27.0 - https:\/\/yoast.com\/product\/yoast-seo-wordpress\/ -->\n<title>Ambassade des Etats Unis d&#039;Am\u00e9rique - USA B2<\/title>\n<meta name=\"description\" content=\"Ou trouver l&#039;ambassade am\u00e9ricaine la plus proche de votre lieu de r\u00e9sidence pour effectuer une demande de visa pour les USA\" \/>\n<meta name=\"robots\" content=\"index, follow, max-snippet:-1, max-image-preview:large, max-video-preview:-1\" \/>\n<link rel=\"canonical\" href=\"https:\/\/usa-b2.com\/fr\/ambassade-des-etats-unis\/\" \/>\n<meta property=\"og:locale\" content=\"fr_FR\" \/>\n<meta property=\"og:type\" content=\"article\" \/>\n<meta property=\"og:title\" content=\"Ambassade des Etats Unis d&#039;Am\u00e9rique - USA B2\" \/>\n<meta property=\"og:description\" content=\"Ou trouver l&#039;ambassade am\u00e9ricaine la plus proche de votre lieu de r\u00e9sidence pour effectuer une demande de visa pour les USA\" \/>\n<meta property=\"og:url\" content=\"https:\/\/usa-b2.com\/fr\/ambassade-des-etats-unis\/\" \/>\n<meta property=\"og:site_name\" content=\"USA B2\" \/>\n<meta property=\"article:modified_time\" content=\"2025-02-06T10:31:42+00:00\" \/>\n<meta name=\"twitter:card\" content=\"summary_large_image\" \/>\n<meta name=\"twitter:label1\" content=\"Dur\u00e9e de lecture estim\u00e9e\" \/>\n\t<meta name=\"twitter:data1\" content=\"2 minutes\" \/>\n<script type=\"application\/ld+json\" class=\"yoast-schema-graph\">{\"@context\":\"https:\/\/schema.org\",\"@graph\":[{\"@type\":\"WebPage\",\"@id\":\"https:\/\/usa-b2.com\/fr\/ambassade-des-etats-unis\/\",\"url\":\"https:\/\/usa-b2.com\/fr\/ambassade-des-etats-unis\/\",\"name\":\"Ambassade des Etats Unis d'Am\u00e9rique - USA B2\",\"isPartOf\":{\"@id\":\"https:\/\/usa-b2.com\/fr\/#website\"},\"datePublished\":\"2024-02-10T17:17:00+00:00\",\"dateModified\":\"2025-02-06T10:31:42+00:00\",\"description\":\"Ou trouver l'ambassade am\u00e9ricaine la plus proche de votre lieu de r\u00e9sidence pour effectuer une demande de visa pour les USA\",\"breadcrumb\":{\"@id\":\"https:\/\/usa-b2.com\/fr\/ambassade-des-etats-unis\/#breadcrumb\"},\"inLanguage\":\"fr-FR\",\"potentialAction\":[{\"@type\":\"ReadAction\",\"target\":[\"https:\/\/usa-b2.com\/fr\/ambassade-des-etats-unis\/\"]}]},{\"@type\":\"BreadcrumbList\",\"@id\":\"https:\/\/usa-b2.com\/fr\/ambassade-des-etats-unis\/#breadcrumb\",\"itemListElement\":[{\"@type\":\"ListItem\",\"position\":1,\"name\":\"Accueil\",\"item\":\"https:\/\/usa-b2.com\/fr\/\"},{\"@type\":\"ListItem\",\"position\":2,\"name\":\"Ambassade des Etats Unis d&rsquo;Am\u00e9rique\"}]},{\"@type\":\"WebSite\",\"@id\":\"https:\/\/usa-b2.com\/fr\/#website\",\"url\":\"https:\/\/usa-b2.com\/fr\/\",\"name\":\"USA B2 VISA\",\"description\":\"\",\"potentialAction\":[{\"@type\":\"SearchAction\",\"target\":{\"@type\":\"EntryPoint\",\"urlTemplate\":\"https:\/\/usa-b2.com\/fr\/?s={search_term_string}\"},\"query-input\":{\"@type\":\"PropertyValueSpecification\",\"valueRequired\":true,\"valueName\":\"search_term_string\"}}],\"inLanguage\":\"fr-FR\"}]}<\/script>\n<!-- \/ Yoast SEO plugin. -->","yoast_head_json":{"title":"Ambassade des Etats Unis d'Am\u00e9rique - USA B2","description":"Ou trouver l'ambassade am\u00e9ricaine la plus proche de votre lieu de r\u00e9sidence pour effectuer une demande de visa pour les USA","robots":{"index":"index","follow":"follow","max-snippet":"max-snippet:-1","max-image-preview":"max-image-preview:large","max-video-preview":"max-video-preview:-1"},"canonical":"https:\/\/usa-b2.com\/fr\/ambassade-des-etats-unis\/","og_locale":"fr_FR","og_type":"article","og_title":"Ambassade des Etats Unis d'Am\u00e9rique - USA B2","og_description":"Ou trouver l'ambassade am\u00e9ricaine la plus proche de votre lieu de r\u00e9sidence pour effectuer une demande de visa pour les USA","og_url":"https:\/\/usa-b2.com\/fr\/ambassade-des-etats-unis\/","og_site_name":"USA B2","article_modified_time":"2025-02-06T10:31:42+00:00","twitter_card":"summary_large_image","twitter_misc":{"Dur\u00e9e de lecture estim\u00e9e":"2 minutes"},"schema":{"@context":"https:\/\/schema.org","@graph":[{"@type":"WebPage","@id":"https:\/\/usa-b2.com\/fr\/ambassade-des-etats-unis\/","url":"https:\/\/usa-b2.com\/fr\/ambassade-des-etats-unis\/","name":"Ambassade des Etats Unis d'Am\u00e9rique - USA B2","isPartOf":{"@id":"https:\/\/usa-b2.com\/fr\/#website"},"datePublished":"2024-02-10T17:17:00+00:00","dateModified":"2025-02-06T10:31:42+00:00","description":"Ou trouver l'ambassade am\u00e9ricaine la plus proche de votre lieu de r\u00e9sidence pour effectuer une demande de visa pour les USA","breadcrumb":{"@id":"https:\/\/usa-b2.com\/fr\/ambassade-des-etats-unis\/#breadcrumb"},"inLanguage":"fr-FR","potentialAction":[{"@type":"ReadAction","target":["https:\/\/usa-b2.com\/fr\/ambassade-des-etats-unis\/"]}]},{"@type":"BreadcrumbList","@id":"https:\/\/usa-b2.com\/fr\/ambassade-des-etats-unis\/#breadcrumb","itemListElement":[{"@type":"ListItem","position":1,"name":"Accueil","item":"https:\/\/usa-b2.com\/fr\/"},{"@type":"ListItem","position":2,"name":"Ambassade des Etats Unis d&rsquo;Am\u00e9rique"}]},{"@type":"WebSite","@id":"https:\/\/usa-b2.com\/fr\/#website","url":"https:\/\/usa-b2.com\/fr\/","name":"USA B2 VISA","description":"","potentialAction":[{"@type":"SearchAction","target":{"@type":"EntryPoint","urlTemplate":"https:\/\/usa-b2.com\/fr\/?s={search_term_string}"},"query-input":{"@type":"PropertyValueSpecification","valueRequired":true,"valueName":"search_term_string"}}],"inLanguage":"fr-FR"}]}},"_links":{"self":[{"href":"https:\/\/usa-b2.com\/fr\/wp-json\/wp\/v2\/pages\/87","targetHints":{"allow":["GET"]}}],"collection":[{"href":"https:\/\/usa-b2.com\/fr\/wp-json\/wp\/v2\/pages"}],"about":[{"href":"https:\/\/usa-b2.com\/fr\/wp-json\/wp\/v2\/types\/page"}],"author":[{"embeddable":true,"href":"https:\/\/usa-b2.com\/fr\/wp-json\/wp\/v2\/users\/1"}],"replies":[{"embeddable":true,"href":"https:\/\/usa-b2.com\/fr\/wp-json\/wp\/v2\/comments?post=87"}],"version-history":[{"count":0,"href":"https:\/\/usa-b2.com\/fr\/wp-json\/wp\/v2\/pages\/87\/revisions"}],"wp:attachment":[{"href":"https:\/\/usa-b2.com\/fr\/wp-json\/wp\/v2\/media?parent=87"}],"curies":[{"name":"wp","href":"https:\/\/api.w.org\/{rel}","templated":true}]}}