{"id":81,"date":"2024-02-10T17:14:25","date_gmt":"2024-02-10T17:14:25","guid":{"rendered":"https:\/\/usa-b2.com\/?page_id=81"},"modified":"2025-10-13T13:34:57","modified_gmt":"2025-10-13T13:34:57","slug":"frais-visa-b2-usa","status":"publish","type":"page","link":"https:\/\/usa-b2.com\/fr\/frais-visa-b2-usa\/","title":{"rendered":"Les frais \u00e0 payer pour le visa B2 am\u00e9ricain"},"content":{"rendered":"\n<h1 class=\"wp-block-heading\">Quel est le prix \u00e0 payer pour le visa B2<\/h1>\n\n\n\n<p>Dans le cadre d&rsquo;une demande de visa B2, le candidat doit r\u00e9gler des frais administratifs pour valider son dossier. Le paiement des frais est obligatoire et intervient avant que la demande de visa soit trait\u00e9e.<\/p>\n\n\n\n<p><strong>Pour un s\u00e9jour de moins de 90 jours aux Etats-Unis<\/strong>&nbsp;: Il n\u2019est pas n\u00e9cessaire de demander un visa. Il vous suffit de faire une demande d&rsquo;autorisation de voyage \u00e9lectronique en quelques minutes en cliquant sur&nbsp;<a href=\"https:\/\/usa-b2.com\/fr\/formulaire-esta-en-ligne\/\">formulaire ESTA en ligne<\/a>.<\/p>\n\n\n\n<div style=\"height:10px\" aria-hidden=\"true\" class=\"wp-block-spacer\"><\/div>\n\n\n\n<h2 class=\"wp-block-heading\" id=\"h-qui-est-concerne-par-ces-frais\">Qui doit payer les frais ?\u200b<\/h2>\n\n\n\n<p>Les frais \u00e0 payer pour effectuer une demande de&nbsp;visa pour les Etats-Unis&nbsp;concernent tous les citoyens \u00e9trangers d\u00e9sirant s\u00e9journer sur le territoire am\u00e9ricain, quel que soit leur \u00e2ge. Ces frais sont non remboursables et pay\u00e9s avant que la demande de visa soit trait\u00e9e.<\/p>\n\n\n\n<h2 class=\"wp-block-heading\">Quand faut-il payer les frais de visa ?<\/h2>\n\n\n\n<p>Le paiement des frais de visa est exig\u00e9 une fois que le candidat a compl\u00e9t\u00e9 le <a href=\"https:\/\/usa-b2.com\/fr\/ds-160\/\">formulaire DS 160<\/a> de demande de visa. Le paiement des frais permet de valider de la demande de visa et d\u00e9marrer son traitement administratif.<\/p>\n\n\n\n<h2 class=\"wp-block-heading\" id=\"h-montant-des-frais-pour-une-demande-de-visa-usa\">Quel est le montant des frais ?<\/h2>\n\n\n\n<p>Le montant des frais \u00e0 payer pour valider une demande de <a href=\"https:\/\/usa-b2.com\/fr\/visa-b2\/\">visa B2<\/a> est de 185 $ US. Ce montant est fix\u00e9 par le D\u00e9partement d&rsquo;Etat am\u00e9ricain et mis \u00e0 jour r\u00e9guli\u00e8rement. Plus d&rsquo;informations d\u00e9taill\u00e9es sont disponibles sur <a href=\"https:\/\/travel.state.gov\/content\/travel\/en\/us-visas\/visa-information-resources\/fees\/fees-visa-services.html\">cette page<\/a>.<\/p>\n\n\n\n<h2 class=\"wp-block-heading\" id=\"h-comment-payer-les-frais-de-visa\">Comment payer les frais de visa\u200b ?<\/h2>\n\n\n\n<h3 class=\"wp-block-heading\" id=\"h-paiement-des-frais-par-virement-bancaire\">Paiement des frais par carte bancaire<\/h3>\n\n\n\n<p>Le candidat peut r\u00e9gler les frais de visa directement en ligne par carte bancaire. Le montant est exprim\u00e9 en dollars mais sera converti dans sa monnaie locale automatiquement par sa banque.<\/p>\n\n\n\n<h3 class=\"wp-block-heading\" id=\"h-paiement-des-frais-par-virement-bancaire\">Paiement des frais par virement bancaire\u200b<\/h3>\n\n\n\n<p>Le candidat peut \u00e9galement payer les frais de visa par virement bancaire. Le montant des frais est indiqu\u00e9 en dollars et dans plusieurs autres monnaies locales. Le taux de change utilis\u00e9 est fix\u00e9 par le D\u00e9partement d\u2019\u00c9tat am\u00e9ricain.<\/p>\n\n\n\n<h3 class=\"wp-block-heading\" id=\"h-paiement-en-cash-avec-un-bordereau-de-depot\">Paiement par bordereau de d\u00e9p\u00f4t\u200b<\/h3>\n\n\n\n<p>Le candidat peut \u00e9galement r\u00e9gler les frais de visa en esp\u00e8ces mon\u00e9taires. Il faut effectuer un d\u00e9p\u00f4t mon\u00e9taire dans une banque accr\u00e9dit\u00e9e par les USA. En \u00e9change il obtiendra un bordereau de d\u00e9p\u00f4t comme justificatif de paiement des frais.<\/p>\n\n\n\n<h2 class=\"wp-block-heading\" id=\"h-limitations-liees-au-paiement-des-frais-de-visa\">Remboursement des frais pay\u00e9s en cas de refus de visa<\/h2>\n\n\n\n<p>Aucun remboursement des frais de visa pay\u00e9s n\u2019est possible, quel que soit le r\u00e9sultat de la demande.<\/p>\n\n\n\n<p>Le paiement des frais n&rsquo;est pas non plus transf\u00e9rable \u00e0 un autre candidat dans le cadre d\u2019une autre demande de visa B2. Il ne peut pas \u00eatre utilis\u00e9 ou transf\u00e9r\u00e9 pour une autre demande de visa.<\/p>\n\n\n\n<p>Si vous n\u2019utilisez pas le re\u00e7u pendant 1 an, les frais pay\u00e9s sont perdus. Vous ne pourrez plus utiliser le re\u00e7u pour justifier du paiement des frais et vous ne pourrez pas obtenir de <a href=\"https:\/\/usa-b2.com\/fr\/rendez-vous-visa-ambassade-usa\/\">rendez-vous visa \u00e0 l&rsquo;ambassade<\/a> avec ce re\u00e7u non valide. Votre paiement initial non utilis\u00e9 sera donc annul\u00e9. Le paiement de ces frais sera non remboursable quel que soit le motif invoqu\u00e9.<\/p>\n\n\n\n<h2 class=\"wp-block-heading\">Dur\u00e9e de validit\u00e9 du paiement des frais de visa<\/h2>\n\n\n\n<p>Le candidat re\u00e7oit un re\u00e7u num\u00e9rot\u00e9 lorsque le paiement des frais est effectu\u00e9. Cette attestation de paiement a une validit\u00e9 de 1 an. Le candidat doit donc prendre rendez-vous \u00e0 l\u2019ambassade am\u00e9ricaine pour son entretien au cours des 1 an de validit\u00e9 du paiement.<\/p>\n","protected":false},"excerpt":{"rendered":"<p>Quel est le prix \u00e0 payer pour le visa B2 Dans le cadre d&rsquo;une demande de visa B2, le candidat doit r\u00e9gler des frais administratifs pour valider son dossier. Le paiement des frais est obligatoire et intervient avant que la demande de visa soit trait\u00e9e. Pour un s\u00e9jour de moins de 90 jours aux Etats-Unis&nbsp;: [&hellip;]<\/p>\n","protected":false},"author":1,"featured_media":0,"parent":0,"menu_order":0,"comment_status":"closed","ping_status":"closed","template":"","meta":{"footnotes":""},"class_list":["post-81","page","type-page","status-publish","hentry"],"yoast_head":"<!-- This site is optimized with the Yoast SEO plugin v27.4 - https:\/\/yoast.com\/product\/yoast-seo-wordpress\/ -->\n<title>Les frais \u00e0 payer pour le visa B2 am\u00e9ricain - USA B2<\/title>\n<meta name=\"description\" content=\"Quel est le montant des frais \u00e0 payer en ligne dans le cadre d&#039;une demande de visa touristique B2 am\u00e9ricain\" \/>\n<meta name=\"robots\" content=\"index, follow, max-snippet:-1, max-image-preview:large, max-video-preview:-1\" \/>\n<link rel=\"canonical\" href=\"https:\/\/usa-b2.com\/fr\/frais-visa-b2-usa\/\" \/>\n<meta property=\"og:locale\" content=\"fr_FR\" \/>\n<meta property=\"og:type\" content=\"article\" \/>\n<meta property=\"og:title\" content=\"Les frais \u00e0 payer pour le visa B2 am\u00e9ricain - USA B2\" \/>\n<meta property=\"og:description\" content=\"Quel est le montant des frais \u00e0 payer en ligne dans le cadre d&#039;une demande de visa touristique B2 am\u00e9ricain\" \/>\n<meta property=\"og:url\" content=\"https:\/\/usa-b2.com\/fr\/frais-visa-b2-usa\/\" \/>\n<meta property=\"og:site_name\" content=\"USA B2\" \/>\n<meta property=\"article:modified_time\" content=\"2025-10-13T13:34:57+00:00\" \/>\n<meta name=\"twitter:card\" content=\"summary_large_image\" \/>\n<meta name=\"twitter:label1\" content=\"Dur\u00e9e de lecture estim\u00e9e\" \/>\n\t<meta name=\"twitter:data1\" content=\"3 minutes\" \/>\n<script type=\"application\/ld+json\" class=\"yoast-schema-graph\">{\"@context\":\"https:\\\/\\\/schema.org\",\"@graph\":[{\"@type\":\"WebPage\",\"@id\":\"https:\\\/\\\/usa-b2.com\\\/fr\\\/frais-visa-b2-usa\\\/\",\"url\":\"https:\\\/\\\/usa-b2.com\\\/fr\\\/frais-visa-b2-usa\\\/\",\"name\":\"Les frais \u00e0 payer pour le visa B2 am\u00e9ricain - USA B2\",\"isPartOf\":{\"@id\":\"https:\\\/\\\/usa-b2.com\\\/fr\\\/#website\"},\"datePublished\":\"2024-02-10T17:14:25+00:00\",\"dateModified\":\"2025-10-13T13:34:57+00:00\",\"description\":\"Quel est le montant des frais \u00e0 payer en ligne dans le cadre d'une demande de visa touristique B2 am\u00e9ricain\",\"breadcrumb\":{\"@id\":\"https:\\\/\\\/usa-b2.com\\\/fr\\\/frais-visa-b2-usa\\\/#breadcrumb\"},\"inLanguage\":\"fr-FR\",\"potentialAction\":[{\"@type\":\"ReadAction\",\"target\":[\"https:\\\/\\\/usa-b2.com\\\/fr\\\/frais-visa-b2-usa\\\/\"]}]},{\"@type\":\"BreadcrumbList\",\"@id\":\"https:\\\/\\\/usa-b2.com\\\/fr\\\/frais-visa-b2-usa\\\/#breadcrumb\",\"itemListElement\":[{\"@type\":\"ListItem\",\"position\":1,\"name\":\"Accueil\",\"item\":\"https:\\\/\\\/usa-b2.com\\\/fr\\\/\"},{\"@type\":\"ListItem\",\"position\":2,\"name\":\"Les frais \u00e0 payer pour le visa B2 am\u00e9ricain\"}]},{\"@type\":\"WebSite\",\"@id\":\"https:\\\/\\\/usa-b2.com\\\/fr\\\/#website\",\"url\":\"https:\\\/\\\/usa-b2.com\\\/fr\\\/\",\"name\":\"USA B2 VISA\",\"description\":\"\",\"potentialAction\":[{\"@type\":\"SearchAction\",\"target\":{\"@type\":\"EntryPoint\",\"urlTemplate\":\"https:\\\/\\\/usa-b2.com\\\/fr\\\/?s={search_term_string}\"},\"query-input\":{\"@type\":\"PropertyValueSpecification\",\"valueRequired\":true,\"valueName\":\"search_term_string\"}}],\"inLanguage\":\"fr-FR\"}]}<\/script>\n<!-- \/ Yoast SEO plugin. -->","yoast_head_json":{"title":"Les frais \u00e0 payer pour le visa B2 am\u00e9ricain - USA B2","description":"Quel est le montant des frais \u00e0 payer en ligne dans le cadre d'une demande de visa touristique B2 am\u00e9ricain","robots":{"index":"index","follow":"follow","max-snippet":"max-snippet:-1","max-image-preview":"max-image-preview:large","max-video-preview":"max-video-preview:-1"},"canonical":"https:\/\/usa-b2.com\/fr\/frais-visa-b2-usa\/","og_locale":"fr_FR","og_type":"article","og_title":"Les frais \u00e0 payer pour le visa B2 am\u00e9ricain - USA B2","og_description":"Quel est le montant des frais \u00e0 payer en ligne dans le cadre d'une demande de visa touristique B2 am\u00e9ricain","og_url":"https:\/\/usa-b2.com\/fr\/frais-visa-b2-usa\/","og_site_name":"USA B2","article_modified_time":"2025-10-13T13:34:57+00:00","twitter_card":"summary_large_image","twitter_misc":{"Dur\u00e9e de lecture estim\u00e9e":"3 minutes"},"schema":{"@context":"https:\/\/schema.org","@graph":[{"@type":"WebPage","@id":"https:\/\/usa-b2.com\/fr\/frais-visa-b2-usa\/","url":"https:\/\/usa-b2.com\/fr\/frais-visa-b2-usa\/","name":"Les frais \u00e0 payer pour le visa B2 am\u00e9ricain - USA B2","isPartOf":{"@id":"https:\/\/usa-b2.com\/fr\/#website"},"datePublished":"2024-02-10T17:14:25+00:00","dateModified":"2025-10-13T13:34:57+00:00","description":"Quel est le montant des frais \u00e0 payer en ligne dans le cadre d'une demande de visa touristique B2 am\u00e9ricain","breadcrumb":{"@id":"https:\/\/usa-b2.com\/fr\/frais-visa-b2-usa\/#breadcrumb"},"inLanguage":"fr-FR","potentialAction":[{"@type":"ReadAction","target":["https:\/\/usa-b2.com\/fr\/frais-visa-b2-usa\/"]}]},{"@type":"BreadcrumbList","@id":"https:\/\/usa-b2.com\/fr\/frais-visa-b2-usa\/#breadcrumb","itemListElement":[{"@type":"ListItem","position":1,"name":"Accueil","item":"https:\/\/usa-b2.com\/fr\/"},{"@type":"ListItem","position":2,"name":"Les frais \u00e0 payer pour le visa B2 am\u00e9ricain"}]},{"@type":"WebSite","@id":"https:\/\/usa-b2.com\/fr\/#website","url":"https:\/\/usa-b2.com\/fr\/","name":"USA B2 VISA","description":"","potentialAction":[{"@type":"SearchAction","target":{"@type":"EntryPoint","urlTemplate":"https:\/\/usa-b2.com\/fr\/?s={search_term_string}"},"query-input":{"@type":"PropertyValueSpecification","valueRequired":true,"valueName":"search_term_string"}}],"inLanguage":"fr-FR"}]}},"_links":{"self":[{"href":"https:\/\/usa-b2.com\/fr\/wp-json\/wp\/v2\/pages\/81","targetHints":{"allow":["GET"]}}],"collection":[{"href":"https:\/\/usa-b2.com\/fr\/wp-json\/wp\/v2\/pages"}],"about":[{"href":"https:\/\/usa-b2.com\/fr\/wp-json\/wp\/v2\/types\/page"}],"author":[{"embeddable":true,"href":"https:\/\/usa-b2.com\/fr\/wp-json\/wp\/v2\/users\/1"}],"replies":[{"embeddable":true,"href":"https:\/\/usa-b2.com\/fr\/wp-json\/wp\/v2\/comments?post=81"}],"version-history":[{"count":1,"href":"https:\/\/usa-b2.com\/fr\/wp-json\/wp\/v2\/pages\/81\/revisions"}],"predecessor-version":[{"id":10093,"href":"https:\/\/usa-b2.com\/fr\/wp-json\/wp\/v2\/pages\/81\/revisions\/10093"}],"wp:attachment":[{"href":"https:\/\/usa-b2.com\/fr\/wp-json\/wp\/v2\/media?parent=81"}],"curies":[{"name":"wp","href":"https:\/\/api.w.org\/{rel}","templated":true}]}}