{"id":78,"date":"2024-02-10T17:12:20","date_gmt":"2024-02-10T17:12:20","guid":{"rendered":"https:\/\/usa-b2.com\/?page_id=78"},"modified":"2025-06-09T18:25:12","modified_gmt":"2025-06-09T18:25:12","slug":"visa-waiver-program","status":"publish","type":"page","link":"https:\/\/usa-b2.com\/fr\/visa-waiver-program\/","title":{"rendered":"Le programme d&rsquo;exemption de visa am\u00e9ricain"},"content":{"rendered":"\n<h1 class=\"wp-block-heading\">Le Visa Waiver Program am\u00e9ricain<\/h1>\n\n\n\n<h2 class=\"wp-block-heading\">Qu&rsquo;est ce que le Visa Waiver Program ?<\/h2>\n\n\n\n<p>Le Visa Waiver Program (VWP) permet aux ressortissants de certains pays de voyager aux \u00c9tats-Unis pour le tourisme ou les affaires pour un s\u00e9jour de 90 jours au maximum sans obtenir de visa. Pour pouvoir b\u00e9n\u00e9ficier de cette exemption de visa, les ressortissants des pays partenaires doivent obtenir une autorisation \u00e9lectronique de voyage <a href=\"https:\/\/usa-b2.com\/fr\/formulaire-esta-en-ligne\/\">ESTA en ligne<\/a>.<\/p>\n\n\n\n<h2 class=\"wp-block-heading\">Liste des pays membres du VWP<\/h2>\n\n\n\n<p>L&rsquo;Isra\u00ebl est le dernier pays en date \u00e0 avoir \u00e9t\u00e9 admis au sein du VWP au cours du mois d&rsquo;Octobre 2023. Cela porte \u00e0 41 le nombre de pays b\u00e9n\u00e9ficiant du programme d&rsquo;exemption de visa am\u00e9ricain pour leur ressortissants.<\/p>\n\n\n\n<figure class=\"wp-block-table\"><table><tbody><tr><td><a href=\"https:\/\/usa-b2.com\/fr\/visa-b2-pour-allemands\/\">Allemagne<\/a><\/td><td>Espagne<\/td><td>Liechtenstein<\/td><td>Royaume-Uni<\/td><\/tr><tr><td>Andorre<\/td><td>Finlande<\/td><td>Lituanie<\/td><td>Saint-Marin<\/td><\/tr><tr><td>Australie<\/td><td><a href=\"https:\/\/usa-b2.com\/fr\/visa-b2-pour-francais\/\">France<\/a><\/td><td>Luxembourg<\/td><td>Singapour<\/td><\/tr><tr><td>Autriche<\/td><td>Gr\u00e8ce<\/td><td>Malte<\/td><td>Slovaquie<\/td><\/tr><tr><td>Belgique<\/td><td>Hongrie<\/td><td>Monaco<\/td><td>Slov\u00e9nie<\/td><\/tr><tr><td>Brunei<\/td><td>Irlande<\/td><td>Norv\u00e8ge<\/td><td>Su\u00e8de<\/td><\/tr><tr><td>Chili<\/td><td>Islande<\/td><td>Nouvelle Z\u00e9lande<\/td><td>Suisse<\/td><\/tr><tr><td>Croatie<\/td><td>Isra\u00ebl<\/td><td>Pays-Bas<\/td><td>Ta\u00efwan<\/td><\/tr><tr><td>Cor\u00e9e du Sud<\/td><td><a href=\"https:\/\/usa-b2.com\/fr\/visa-b2-pour-italiens\/\">Italie<\/a><\/td><td>Pologne<\/td><td><\/td><\/tr><tr><td>Danemark<\/td><td>Japon<\/td><td>Portugal<\/td><td><\/td><\/tr><tr><td>Estonie<\/td><td>Lettonie<\/td><td>R\u00e9publique Tch\u00e8que<\/td><td><\/td><\/tr><\/tbody><\/table><figcaption class=\"wp-element-caption\">Liste des pays membres du Visa Waiver Program am\u00e9ricain<\/figcaption><\/figure>\n\n\n\n<h2 class=\"wp-block-heading\" id=\"h-gt-comment-un-pays-adhere-t-il-au-programme-de-dispense-de-visa\">Comment faire pour adh\u00e9rer au programme de dispense de visa ?<\/h2>\n\n\n\n<p>Les pays qui souhaitent devenir membre du programme d\u2019exemption de visa am\u00e9ricain doivent satisfaire \u00e0 certaines conditions de gestion de leurs fronti\u00e8res. Les principales conditions \u00e9dict\u00e9es par le D\u00e9partement d&rsquo;Etat am\u00e9ricain sont :<\/p>\n\n\n\n<ul class=\"wp-block-list\">\n<li>D\u00e9livrer des passeports \u00e9lectroniques \u00e0 ses ressortissants<\/li>\n\n\n\n<li>Participer au partage des donn\u00e9es de s\u00e9curit\u00e9 avec les \u00c9tats-Unis<\/li>\n\n\n\n<li>Informer les Etats Unis en permanence des passeports vol\u00e9s ou perdus<\/li>\n\n\n\n<li>Avoir une taux de refus de passeports visiteur de type B inf\u00e9rieur \u00e0 3% pour ses ressortissants<\/li>\n\n\n\n<li>Lutter activement contre le terrorisme lors des contr\u00f4les aux fronti\u00e8res.<\/li>\n<\/ul>\n\n\n\n<div style=\"height:10px\" aria-hidden=\"true\" class=\"wp-block-spacer\"><\/div>\n\n\n\n<h2 class=\"wp-block-heading\">Comment faire si votre pays n&rsquo;est pas membre du VWP<\/h2>\n\n\n\n<p>Si votre pays d&rsquo;origine ne fait pas partie des pays membres du VWP, vous ne pouvez pas demander une autorisation de voyage \u00e9lectronique ESTA. Pour s\u00e9journer aux Etats Unis il vous faut effectuer une demande de <a href=\"https:\/\/usa-b2.com\/fr\/formulaire-visa-b2-en-ligne\/\">visa B2 en ligne<\/a>.<\/p>\n","protected":false},"excerpt":{"rendered":"<p>Le Visa Waiver Program am\u00e9ricain Qu&rsquo;est ce que le Visa Waiver Program ? Le Visa Waiver Program (VWP) permet aux ressortissants de certains pays de voyager aux \u00c9tats-Unis pour le tourisme ou les affaires pour un s\u00e9jour de 90 jours au maximum sans obtenir de visa. Pour pouvoir b\u00e9n\u00e9ficier de cette exemption de visa, les [&hellip;]<\/p>\n","protected":false},"author":1,"featured_media":0,"parent":0,"menu_order":0,"comment_status":"closed","ping_status":"closed","template":"","meta":{"footnotes":""},"class_list":["post-78","page","type-page","status-publish","hentry"],"yoast_head":"<!-- This site is optimized with the Yoast SEO plugin v27.4 - https:\/\/yoast.com\/product\/yoast-seo-wordpress\/ -->\n<title>Le programme d&#039;exemption de visa am\u00e9ricain - USA B2<\/title>\n<meta name=\"description\" content=\"D\u00e9couvrez ce qu&#039;est le Visa Waiver Program am\u00e9ricain qui permet \u00e0 des ressortissants \u00e9trangers de voyager aux USA sans visa\" \/>\n<meta name=\"robots\" content=\"index, follow, max-snippet:-1, max-image-preview:large, max-video-preview:-1\" \/>\n<link rel=\"canonical\" href=\"https:\/\/usa-b2.com\/fr\/visa-waiver-program\/\" \/>\n<meta property=\"og:locale\" content=\"fr_FR\" \/>\n<meta property=\"og:type\" content=\"article\" \/>\n<meta property=\"og:title\" content=\"Le programme d&#039;exemption de visa am\u00e9ricain - USA B2\" \/>\n<meta property=\"og:description\" content=\"D\u00e9couvrez ce qu&#039;est le Visa Waiver Program am\u00e9ricain qui permet \u00e0 des ressortissants \u00e9trangers de voyager aux USA sans visa\" \/>\n<meta property=\"og:url\" content=\"https:\/\/usa-b2.com\/fr\/visa-waiver-program\/\" \/>\n<meta property=\"og:site_name\" content=\"USA B2\" \/>\n<meta property=\"article:modified_time\" content=\"2025-06-09T18:25:12+00:00\" \/>\n<meta name=\"twitter:card\" content=\"summary_large_image\" \/>\n<meta name=\"twitter:label1\" content=\"Dur\u00e9e de lecture estim\u00e9e\" \/>\n\t<meta name=\"twitter:data1\" content=\"2 minutes\" \/>\n<script type=\"application\/ld+json\" class=\"yoast-schema-graph\">{\"@context\":\"https:\\\/\\\/schema.org\",\"@graph\":[{\"@type\":\"WebPage\",\"@id\":\"https:\\\/\\\/usa-b2.com\\\/fr\\\/visa-waiver-program\\\/\",\"url\":\"https:\\\/\\\/usa-b2.com\\\/fr\\\/visa-waiver-program\\\/\",\"name\":\"Le programme d'exemption de visa am\u00e9ricain - USA B2\",\"isPartOf\":{\"@id\":\"https:\\\/\\\/usa-b2.com\\\/fr\\\/#website\"},\"datePublished\":\"2024-02-10T17:12:20+00:00\",\"dateModified\":\"2025-06-09T18:25:12+00:00\",\"description\":\"D\u00e9couvrez ce qu'est le Visa Waiver Program am\u00e9ricain qui permet \u00e0 des ressortissants \u00e9trangers de voyager aux USA sans visa\",\"breadcrumb\":{\"@id\":\"https:\\\/\\\/usa-b2.com\\\/fr\\\/visa-waiver-program\\\/#breadcrumb\"},\"inLanguage\":\"fr-FR\",\"potentialAction\":[{\"@type\":\"ReadAction\",\"target\":[\"https:\\\/\\\/usa-b2.com\\\/fr\\\/visa-waiver-program\\\/\"]}]},{\"@type\":\"BreadcrumbList\",\"@id\":\"https:\\\/\\\/usa-b2.com\\\/fr\\\/visa-waiver-program\\\/#breadcrumb\",\"itemListElement\":[{\"@type\":\"ListItem\",\"position\":1,\"name\":\"Accueil\",\"item\":\"https:\\\/\\\/usa-b2.com\\\/fr\\\/\"},{\"@type\":\"ListItem\",\"position\":2,\"name\":\"Le programme d&rsquo;exemption de visa am\u00e9ricain\"}]},{\"@type\":\"WebSite\",\"@id\":\"https:\\\/\\\/usa-b2.com\\\/fr\\\/#website\",\"url\":\"https:\\\/\\\/usa-b2.com\\\/fr\\\/\",\"name\":\"USA B2 VISA\",\"description\":\"\",\"potentialAction\":[{\"@type\":\"SearchAction\",\"target\":{\"@type\":\"EntryPoint\",\"urlTemplate\":\"https:\\\/\\\/usa-b2.com\\\/fr\\\/?s={search_term_string}\"},\"query-input\":{\"@type\":\"PropertyValueSpecification\",\"valueRequired\":true,\"valueName\":\"search_term_string\"}}],\"inLanguage\":\"fr-FR\"}]}<\/script>\n<!-- \/ Yoast SEO plugin. -->","yoast_head_json":{"title":"Le programme d'exemption de visa am\u00e9ricain - USA B2","description":"D\u00e9couvrez ce qu'est le Visa Waiver Program am\u00e9ricain qui permet \u00e0 des ressortissants \u00e9trangers de voyager aux USA sans visa","robots":{"index":"index","follow":"follow","max-snippet":"max-snippet:-1","max-image-preview":"max-image-preview:large","max-video-preview":"max-video-preview:-1"},"canonical":"https:\/\/usa-b2.com\/fr\/visa-waiver-program\/","og_locale":"fr_FR","og_type":"article","og_title":"Le programme d'exemption de visa am\u00e9ricain - USA B2","og_description":"D\u00e9couvrez ce qu'est le Visa Waiver Program am\u00e9ricain qui permet \u00e0 des ressortissants \u00e9trangers de voyager aux USA sans visa","og_url":"https:\/\/usa-b2.com\/fr\/visa-waiver-program\/","og_site_name":"USA B2","article_modified_time":"2025-06-09T18:25:12+00:00","twitter_card":"summary_large_image","twitter_misc":{"Dur\u00e9e de lecture estim\u00e9e":"2 minutes"},"schema":{"@context":"https:\/\/schema.org","@graph":[{"@type":"WebPage","@id":"https:\/\/usa-b2.com\/fr\/visa-waiver-program\/","url":"https:\/\/usa-b2.com\/fr\/visa-waiver-program\/","name":"Le programme d'exemption de visa am\u00e9ricain - USA B2","isPartOf":{"@id":"https:\/\/usa-b2.com\/fr\/#website"},"datePublished":"2024-02-10T17:12:20+00:00","dateModified":"2025-06-09T18:25:12+00:00","description":"D\u00e9couvrez ce qu'est le Visa Waiver Program am\u00e9ricain qui permet \u00e0 des ressortissants \u00e9trangers de voyager aux USA sans visa","breadcrumb":{"@id":"https:\/\/usa-b2.com\/fr\/visa-waiver-program\/#breadcrumb"},"inLanguage":"fr-FR","potentialAction":[{"@type":"ReadAction","target":["https:\/\/usa-b2.com\/fr\/visa-waiver-program\/"]}]},{"@type":"BreadcrumbList","@id":"https:\/\/usa-b2.com\/fr\/visa-waiver-program\/#breadcrumb","itemListElement":[{"@type":"ListItem","position":1,"name":"Accueil","item":"https:\/\/usa-b2.com\/fr\/"},{"@type":"ListItem","position":2,"name":"Le programme d&rsquo;exemption de visa am\u00e9ricain"}]},{"@type":"WebSite","@id":"https:\/\/usa-b2.com\/fr\/#website","url":"https:\/\/usa-b2.com\/fr\/","name":"USA B2 VISA","description":"","potentialAction":[{"@type":"SearchAction","target":{"@type":"EntryPoint","urlTemplate":"https:\/\/usa-b2.com\/fr\/?s={search_term_string}"},"query-input":{"@type":"PropertyValueSpecification","valueRequired":true,"valueName":"search_term_string"}}],"inLanguage":"fr-FR"}]}},"_links":{"self":[{"href":"https:\/\/usa-b2.com\/fr\/wp-json\/wp\/v2\/pages\/78","targetHints":{"allow":["GET"]}}],"collection":[{"href":"https:\/\/usa-b2.com\/fr\/wp-json\/wp\/v2\/pages"}],"about":[{"href":"https:\/\/usa-b2.com\/fr\/wp-json\/wp\/v2\/types\/page"}],"author":[{"embeddable":true,"href":"https:\/\/usa-b2.com\/fr\/wp-json\/wp\/v2\/users\/1"}],"replies":[{"embeddable":true,"href":"https:\/\/usa-b2.com\/fr\/wp-json\/wp\/v2\/comments?post=78"}],"version-history":[{"count":1,"href":"https:\/\/usa-b2.com\/fr\/wp-json\/wp\/v2\/pages\/78\/revisions"}],"predecessor-version":[{"id":9393,"href":"https:\/\/usa-b2.com\/fr\/wp-json\/wp\/v2\/pages\/78\/revisions\/9393"}],"wp:attachment":[{"href":"https:\/\/usa-b2.com\/fr\/wp-json\/wp\/v2\/media?parent=78"}],"curies":[{"name":"wp","href":"https:\/\/api.w.org\/{rel}","templated":true}]}}