{"id":7745,"date":"2025-03-17T13:14:29","date_gmt":"2025-03-17T13:14:29","guid":{"rendered":"https:\/\/usa-b2.com\/?page_id=7745"},"modified":"2025-11-04T10:36:16","modified_gmt":"2025-11-04T10:36:16","slug":"le-sud-ouest-grand-circle","status":"publish","type":"page","link":"https:\/\/usa-b2.com\/fr\/le-sud-ouest-grand-circle\/","title":{"rendered":"Road Trip dans le Sud-Ouest des \u00c9tats-Unis"},"content":{"rendered":"\n<h1 class=\"wp-block-heading\">Sud-Ouest des \u00c9tats-Unis en voiture : guide du road trip parfait<\/h1>\n\n\n\n<h2 class=\"wp-block-heading\">Itin\u00e9raire du Grand Circle Road Trip <\/h2>\n\n\n\n<figure class=\"wp-block-image size-large\"><img fetchpriority=\"high\" decoding=\"async\" width=\"1024\" height=\"576\" src=\"https:\/\/usa-b2.com\/wp-content\/uploads\/2025\/03\/Grand-circle-road-trip-1024x576.jpg\" alt=\"\" class=\"wp-image-8187\" srcset=\"https:\/\/usa-b2.com\/wp-content\/uploads\/2025\/03\/Grand-circle-road-trip-1024x576.jpg 1024w, https:\/\/usa-b2.com\/wp-content\/uploads\/2025\/03\/Grand-circle-road-trip-300x169.jpg 300w, https:\/\/usa-b2.com\/wp-content\/uploads\/2025\/03\/Grand-circle-road-trip-768x432.jpg 768w, https:\/\/usa-b2.com\/wp-content\/uploads\/2025\/03\/Grand-circle-road-trip.jpg 1280w\" sizes=\"(max-width: 1024px) 100vw, 1024px\" \/><\/figure>\n\n\n\n<h3 class=\"wp-block-heading\">D\u00e9part et premi\u00e8re \u00e9tape : Las Vegas<\/h3>\n\n\n\n<p><a href=\"https:\/\/www.lasvegasnevada.gov\/\">Las Vegas<\/a> est le point de d\u00e9part id\u00e9al pour un road trip dans le Sud-Ouest am\u00e9ricain. L\u2019a\u00e9roport international accueille de nombreux vols et offre un large choix de locations de voitures. Avant de prendre la route, il vaut la peine de passer une soir\u00e9e \u00e0 explorer le Strip, les h\u00f4tels-casinos mythiques comme le <a href=\"https:\/\/bellagio.mgmresorts.com\/en.html\">Bellagio<\/a> et son c\u00e9l\u00e8bre spectacle de fontaines, ou encore le <a href=\"https:\/\/vegasexperience.com\/\">Fremont Street Experience<\/a> pour une immersion lumineuse dans l\u2019ambiance de Vegas.<\/p>\n\n\n\n<p>Le lendemain, cap sur le <a href=\"https:\/\/www.grandcanyon.org\/experience-grand-canyon\">Grand Canyon<\/a> via la <a href=\"https:\/\/usa-b2.com\/fr\/route-66-the-mother-road\/\">Route 66<\/a>, en passant par Seligman, une ville embl\u00e9matique pour une pause vintage et un burger typique.<\/p>\n\n\n\n<h3 class=\"wp-block-heading\">Grand Canyon &amp; Monument Valley (Jours 2-4)<\/h3>\n\n\n\n<p>Le Grand Canyon est l\u2019un des sites naturels les plus visit\u00e9s au monde. Pour une exp\u00e9rience optimale, privil\u00e9giez le South Rim, qui offre des panoramas incroyables sur le canyon. Parmi les meilleurs spots :<\/p>\n\n\n\n<ul class=\"wp-block-list\">\n<li><strong>Mather Point<\/strong> : Parfait pour un lever de soleil grandiose.<\/li>\n\n\n\n<li><strong>Desert View Watchtower<\/strong> : Une tour d\u2019observation offrant un point de vue panoramique.<\/li>\n<\/ul>\n\n\n\n<p>Apr\u00e8s avoir explor\u00e9 le canyon, direction <a href=\"https:\/\/horseshoebend.co\/\">Horseshoe Bend<\/a>, une boucle spectaculaire du Colorado. Enfin, <a href=\"https:\/\/navajonationparks.org\/navajo-tribal-parks\/monument-valley\/\">Monument Valley<\/a> vous plongera dans les d\u00e9cors des westerns l\u00e9gendaires, avec une excursion en 4&#215;4 guid\u00e9e par les <a href=\"https:\/\/www.navajo-nsn.gov\/\">Navajos<\/a>.<\/p>\n\n\n\n<h3 class=\"wp-block-heading\">Antelope Canyon &amp; Bryce Canyon (Jours 5-7)<\/h3>\n\n\n\n<p>L\u2019<a href=\"https:\/\/www.antelopecanyontickets.com\/\">Antelope Canyon<\/a> est un canyon sculpt\u00e9 par l\u2019eau, c\u00e9l\u00e8bre pour ses jeux de lumi\u00e8re magiques. Accessible uniquement avec un guide, ce lieu est un incontournable pour les photographes.<\/p>\n\n\n\n<p>Ensuite, direction <a href=\"https:\/\/www.nps.gov\/brca\/index.htm\">Bryce Canyon<\/a>, o\u00f9 les hoodoos (chemin\u00e9es de f\u00e9e) forment un d\u00e9cor digne d\u2019un autre monde. Pour une immersion totale, la randonn\u00e9e <a href=\"https:\/\/navajonationparks.org\/navajo-tribal-parks\/monument-valley\/\">Navajo Loop Trail<\/a> vous permettra d\u2019explorer les formations rocheuses depuis l\u2019int\u00e9rieur du canyon.<\/p>\n\n\n\n<h3 class=\"wp-block-heading\">Zion National Park &amp; retour \u00e0 Las Vegas (Jours 8-10)<\/h3>\n\n\n\n<p>Le <a href=\"https:\/\/zionnationalpark.com\/\">Zion National Park<\/a> est un paradis pour les randonneurs. L\u2019un des sentiers les plus populaires, <a href=\"https:\/\/www.angelslandingdtla.com\/\">Angels Landing<\/a>, offre une vue panoramique \u00e9poustouflante. Pour une randonn\u00e9e plus accessible, The Narrows permet de marcher dans une rivi\u00e8re au c\u0153ur d\u2019un canyon.<\/p>\n\n\n\n<p>Enfin, retour \u00e0 Las Vegas pour une derni\u00e8re nuit anim\u00e9e avant la fin du road trip.<\/p>\n\n\n\n<h2 class=\"wp-block-heading\">Les Parcs Nationaux et Paysages Iconiques \u00e0 D\u00e9couvrir<\/h2>\n\n\n\n<h3 class=\"wp-block-heading\">Les Parcs Incontournables<\/h3>\n\n\n\n<p>Les parcs nationaux du Grand Circle sont parmi les plus beaux des \u00c9tats-Unis. Le Grand Canyon impressionne par son immensit\u00e9, tandis que Bryce Canyon et ses formations rocheuses offrent un d\u00e9cor f\u00e9\u00e9rique. \u00c0 <a href=\"https:\/\/www.recreation.gov\/timed-entry\/10088426\">Arches National Park<\/a>, les visiteurs peuvent admirer plus de 2 000 arches naturelles, dont <a href=\"https:\/\/delicatearchfilm.com\/\">Delicate Arch<\/a>, embl\u00e8me de l\u2019Utah.<\/p>\n\n\n\n<p>Zion, quant \u00e0 lui, est un m\u00e9lange parfait entre falaises vertigineuses et rivi\u00e8res sinueuses. Un autre joyau moins connu, Canyonlands, propose des paysages lunaires et un calme absolu.<\/p>\n\n\n\n<h3 class=\"wp-block-heading\">Aires d\u2019Arr\u00eats Incontournables<\/h3>\n\n\n\n<p>Tout au long du road trip, plusieurs points d\u2019int\u00e9r\u00eat m\u00e9ritent une pause :<\/p>\n\n\n\n<ul class=\"wp-block-list\">\n<li>Horseshoe Bend : Un point de vue \u00e0 270\u00b0 sur le fleuve Colorado.<\/li>\n\n\n\n<li>For\u00eat p\u00e9trifi\u00e9e : Un d\u00e9cor unique o\u00f9 des arbres fossilis\u00e9s remontent \u00e0 200 millions d\u2019ann\u00e9es.<\/li>\n\n\n\n<li>Goosenecks State Park : Un canyon spectaculaire fa\u00e7onn\u00e9 par le fleuve San Juan.<\/li>\n<\/ul>\n\n\n\n<h2 class=\"wp-block-heading\">O\u00f9 Dormir ? H\u00f4tels et Villes Recommand\u00e9s<\/h2>\n\n\n\n<h3 class=\"wp-block-heading\">Villes o\u00f9 faire \u00e9tape<\/h3>\n\n\n\n<p>Le choix des villes o\u00f9 s\u2019arr\u00eater influence le confort du road trip. Las Vegas est parfaite pour une arriv\u00e9e et un d\u00e9part en toute simplicit\u00e9. Page est une escale id\u00e9ale pour visiter Horseshoe Bend et Antelope Canyon. Moab, avec ses infrastructures touristiques, est parfaite pour explorer Arches et Canyonlands. Enfin, Zion et Bryce Canyon proposent des h\u00e9bergements en immersion totale dans la nature.<\/p>\n\n\n\n<h3 class=\"wp-block-heading\">Meilleurs H\u00f4tels et Options<\/h3>\n\n\n\n<p>Voici quelques recommandations en fonction de votre budget :<\/p>\n\n\n\n<figure class=\"wp-block-table\"><table class=\"has-fixed-layout\"><tbody><tr><td><strong>Lieu<\/strong><\/td><td><strong>H\u00f4tel recommand\u00e9<\/strong><\/td><td><strong>Budget<\/strong><\/td><\/tr><tr><td>Las Vegas<\/td><td><a href=\"https:\/\/www.venetianlasvegas.com\/\">The Venetian<\/a><\/td><td>$$$<\/td><\/tr><tr><td>Grand Canyon<\/td><td><a href=\"https:\/\/www.visitgrandcanyon.com\/yavapai-lodge\">Yavapai Lodge<\/a><\/td><td>$$<\/td><\/tr><tr><td>Bryce Canyon<\/td><td><a href=\"https:\/\/www.bestwestern.com\/en_US\/book\/hotel-rooms.45040.html\">Best Western Ruby\u2019s Inn<\/a><\/td><td>$$<\/td><\/tr><tr><td>Moab<\/td><td><a href=\"https:\/\/www.hilton.com\/en\/hotels\/cnycuqq-hoodoo-moab\/\">Hoodoo Moab by Hilton<\/a><\/td><td>$$$<\/td><\/tr><tr><td>Zion<\/td><td><a href=\"https:\/\/www.zionlodge.com\/\">Zion Lodge<\/a><\/td><td>$$$<\/td><\/tr><\/tbody><\/table><\/figure>\n\n\n\n<h2 class=\"wp-block-heading\">Formalit\u00e9s administratives pr\u00e9alables<\/h2>\n\n\n\n<p>Avant de pouvoir visiter le Sud-Ouest des \u00c9tats-Unis en voiture, il faut anticiper les formalit\u00e9s de voyage. Il est n\u00e9cessaire de v\u00e9rifier que :<\/p>\n\n\n\n<ul class=\"wp-block-list\">\n<li>Son <a href=\"https:\/\/usa-b2.com\/fr\/passeport-pour-voyager-aux-usa\/\">passeport pour voyager aux USA<\/a> est valide.<\/li>\n\n\n\n<li>Vous \u00eates \u00e9ligible \u00e0 l&rsquo;obtention d&rsquo;une <a href=\"https:\/\/usa-b2.com\/fr\/c-est-quoi-une-esta\/\">autorisation de voyage ESTA<\/a> dans le cadre du <a href=\"https:\/\/usa-b2.com\/fr\/visa-waiver-program\/\">programme d\u2019exemption de visa<\/a>. Si ce n\u2019est pas le cas, il faudra obtenir un <a href=\"https:\/\/usa-b2.com\/fr\/visa-b2\/\">visa B2 touristique<\/a>.<\/li>\n<\/ul>\n\n\n\n<div style=\"height:10px\" aria-hidden=\"true\" class=\"wp-block-spacer\"><\/div>\n\n\n\n<h2 class=\"wp-block-heading\"> Les Spots Photo les Plus Instagrammables<\/h2>\n\n\n\n<h3 class=\"wp-block-heading\">Paysages Naturels Iconiques<\/h3>\n\n\n\n<p>Certains sites du Grand Circle sont de v\u00e9ritables joyaux photographiques. Horseshoe Bend est probablement le spot le plus c\u00e9l\u00e8bre, avec sa vue plongeante sur le Colorado. Antelope Canyon, gr\u00e2ce \u00e0 ses formations sculpt\u00e9es par le vent et l\u2019eau, offre un jeu de lumi\u00e8re magique parfait pour Instagram.<\/p>\n\n\n\n<h3 class=\"wp-block-heading\">Couchers de Soleil Magiques<\/h3>\n\n\n\n<p>Le coucher de soleil transforme les paysages et cr\u00e9e des clich\u00e9s spectaculaires. Parmi les meilleurs endroits :<\/p>\n\n\n\n<ul class=\"wp-block-list\">\n<li><strong>Le Grand Canyon (Yavapai Point)<\/strong> : Des couleurs incroyables sur les falaises.<\/li>\n\n\n\n<li><strong>Monument Valley<\/strong> : L\u2019ombre des c\u00e9l\u00e8bres buttes rouges s\u2019\u00e9tend \u00e0 perte de vue.<\/li>\n<\/ul>\n\n\n\n<h2 class=\"wp-block-heading\">Activit\u00e9s \u00e0 Faire en Couple<\/h2>\n\n\n\n<h3 class=\"wp-block-heading\">Exp\u00e9riences Romantiques<\/h3>\n\n\n\n<p>Voyager en couple permet de vivre des moments magiques dans des paysages incroyables. Une balade \u00e0 cheval \u00e0 Monument Valley au coucher du soleil est une exp\u00e9rience inoubliable. Pour les amateurs de sensations fortes, un survol du Grand Canyon en h\u00e9licopt\u00e8re permet de voir les gorges sous un angle unique.<\/p>\n\n\n\n<h3 class=\"wp-block-heading\">Dormir en pleine nature<\/h3>\n\n\n\n<p>Passer une nuit en pleine nature ajoute une touche romantique au voyage. \u00c0 Zion, un camping sous un ciel \u00e9toil\u00e9 immacul\u00e9 est une option id\u00e9ale. Pour une exp\u00e9rience plus boh\u00e8me, dormir dans un Airstream \u00e0 Joshua Tree offre une atmosph\u00e8re paisible et intime.<\/p>\n\n\n\n<h2 class=\"wp-block-heading\">Activit\u00e9s pour un Road Trip en Famille<\/h2>\n\n\n\n<h3 class=\"wp-block-heading\">Exp\u00e9riences Ludiques<\/h3>\n\n\n\n<p>Pour rendre le voyage captivant pour les enfants, plusieurs activit\u00e9s sont id\u00e9ales. \u00c0 <a href=\"https:\/\/moabcity.org\/\">Moab<\/a>, un mus\u00e9e de dinosaures expose des fossiles et empreintes pr\u00e9historiques. \u00c0 Bryce Canyon, la randonn\u00e9e Navajo Loop Trail est accessible aux familles et offre un spectacle naturel unique.<\/p>\n\n\n\n<h3 class=\"wp-block-heading\">O\u00f9 Manger en Famille<\/h3>\n\n\n\n<p>Les pauses repas sont essentielles en road trip. Quelques adresses id\u00e9ales pour les familles :<\/p>\n\n\n\n<ul class=\"wp-block-list\">\n<li><a href=\"https:\/\/www.thunderbirdutah.com\/\">Thunderbird Restaurant (Utah)<\/a> : Un diner am\u00e9ricain authentique avec des tartes maison.<\/li>\n\n\n\n<li><a href=\"https:\/\/www.bigtexan.com\/\">Big Texan Steak Ranch<\/a> (Route 66) : Une ambiance western avec un menu enfant adapt\u00e9.<\/li>\n<\/ul>\n\n\n\n<p>Le Grand Circle Road Trip est une aventure mythique et l&rsquo;un des meilleurs <a href=\"https:\/\/usa-b2.com\/fr\/\">roadtrips am\u00e9ricains<\/a>. Que vous voyagiez en couple ou en famille, chaque jour r\u00e9serve son lot de d\u00e9couvertes. Pr\u00e9parez bien votre itin\u00e9raire, choisissez vos h\u00f4tels avec soin et ouvrez grand les yeux : ce voyage restera grav\u00e9 \u00e0 jamais !<\/p>\n","protected":false},"excerpt":{"rendered":"<p>Sud-Ouest des \u00c9tats-Unis en voiture : guide du road trip parfait Itin\u00e9raire du Grand Circle Road Trip D\u00e9part et premi\u00e8re \u00e9tape : Las Vegas Las Vegas est le point de d\u00e9part id\u00e9al pour un road trip dans le Sud-Ouest am\u00e9ricain. L\u2019a\u00e9roport international accueille de nombreux vols et offre un large choix de locations de voitures. [&hellip;]<\/p>\n","protected":false},"author":1,"featured_media":0,"parent":0,"menu_order":0,"comment_status":"closed","ping_status":"closed","template":"","meta":{"footnotes":""},"class_list":["post-7745","page","type-page","status-publish","hentry"],"yoast_head":"<!-- This site is optimized with the Yoast SEO plugin v27.4 - https:\/\/yoast.com\/product\/yoast-seo-wordpress\/ -->\n<title>Road Trip dans le Sud-Ouest des \u00c9tats-Unis - USA B2<\/title>\n<meta name=\"description\" content=\"D\u00e9couvrez le Grand Circle Road Trip : itin\u00e9raire, parcs nationaux, h\u00f4tel et spots photo pour un voyage dans le Sud-Ouest des \u00c9tats-Unis !\" \/>\n<meta name=\"robots\" content=\"index, follow, max-snippet:-1, max-image-preview:large, max-video-preview:-1\" \/>\n<link rel=\"canonical\" href=\"https:\/\/usa-b2.com\/fr\/le-sud-ouest-grand-circle\/\" \/>\n<meta property=\"og:locale\" content=\"fr_FR\" \/>\n<meta property=\"og:type\" content=\"article\" \/>\n<meta property=\"og:title\" content=\"Road Trip dans le Sud-Ouest des \u00c9tats-Unis - USA B2\" \/>\n<meta property=\"og:description\" content=\"D\u00e9couvrez le Grand Circle Road Trip : itin\u00e9raire, parcs nationaux, h\u00f4tel et spots photo pour un voyage dans le Sud-Ouest des \u00c9tats-Unis !\" \/>\n<meta property=\"og:url\" content=\"https:\/\/usa-b2.com\/fr\/le-sud-ouest-grand-circle\/\" \/>\n<meta property=\"og:site_name\" content=\"USA B2\" \/>\n<meta property=\"article:modified_time\" content=\"2025-11-04T10:36:16+00:00\" \/>\n<meta property=\"og:image\" content=\"https:\/\/usa-b2.com\/wp-content\/uploads\/2025\/03\/Grand-circle-road-trip.jpg\" \/>\n\t<meta property=\"og:image:width\" content=\"1280\" \/>\n\t<meta property=\"og:image:height\" content=\"720\" \/>\n\t<meta property=\"og:image:type\" content=\"image\/jpeg\" \/>\n<meta name=\"twitter:card\" content=\"summary_large_image\" \/>\n<meta name=\"twitter:label1\" content=\"Dur\u00e9e de lecture estim\u00e9e\" \/>\n\t<meta name=\"twitter:data1\" content=\"6 minutes\" \/>\n<script type=\"application\/ld+json\" class=\"yoast-schema-graph\">{\"@context\":\"https:\\\/\\\/schema.org\",\"@graph\":[{\"@type\":\"WebPage\",\"@id\":\"https:\\\/\\\/usa-b2.com\\\/fr\\\/le-sud-ouest-grand-circle\\\/\",\"url\":\"https:\\\/\\\/usa-b2.com\\\/fr\\\/le-sud-ouest-grand-circle\\\/\",\"name\":\"Road Trip dans le Sud-Ouest des \u00c9tats-Unis - USA B2\",\"isPartOf\":{\"@id\":\"https:\\\/\\\/usa-b2.com\\\/fr\\\/#website\"},\"primaryImageOfPage\":{\"@id\":\"https:\\\/\\\/usa-b2.com\\\/fr\\\/le-sud-ouest-grand-circle\\\/#primaryimage\"},\"image\":{\"@id\":\"https:\\\/\\\/usa-b2.com\\\/fr\\\/le-sud-ouest-grand-circle\\\/#primaryimage\"},\"thumbnailUrl\":\"https:\\\/\\\/usa-b2.com\\\/wp-content\\\/uploads\\\/2025\\\/03\\\/Grand-circle-road-trip-1024x576.jpg\",\"datePublished\":\"2025-03-17T13:14:29+00:00\",\"dateModified\":\"2025-11-04T10:36:16+00:00\",\"description\":\"D\u00e9couvrez le Grand Circle Road Trip : itin\u00e9raire, parcs nationaux, h\u00f4tel et spots photo pour un voyage dans le Sud-Ouest des \u00c9tats-Unis !\",\"breadcrumb\":{\"@id\":\"https:\\\/\\\/usa-b2.com\\\/fr\\\/le-sud-ouest-grand-circle\\\/#breadcrumb\"},\"inLanguage\":\"fr-FR\",\"potentialAction\":[{\"@type\":\"ReadAction\",\"target\":[\"https:\\\/\\\/usa-b2.com\\\/fr\\\/le-sud-ouest-grand-circle\\\/\"]}]},{\"@type\":\"ImageObject\",\"inLanguage\":\"fr-FR\",\"@id\":\"https:\\\/\\\/usa-b2.com\\\/fr\\\/le-sud-ouest-grand-circle\\\/#primaryimage\",\"url\":\"https:\\\/\\\/usa-b2.com\\\/wp-content\\\/uploads\\\/2025\\\/03\\\/Grand-circle-road-trip-1024x576.jpg\",\"contentUrl\":\"https:\\\/\\\/usa-b2.com\\\/wp-content\\\/uploads\\\/2025\\\/03\\\/Grand-circle-road-trip-1024x576.jpg\"},{\"@type\":\"BreadcrumbList\",\"@id\":\"https:\\\/\\\/usa-b2.com\\\/fr\\\/le-sud-ouest-grand-circle\\\/#breadcrumb\",\"itemListElement\":[{\"@type\":\"ListItem\",\"position\":1,\"name\":\"Accueil\",\"item\":\"https:\\\/\\\/usa-b2.com\\\/fr\\\/\"},{\"@type\":\"ListItem\",\"position\":2,\"name\":\"Road Trip dans le Sud-Ouest des \u00c9tats-Unis\"}]},{\"@type\":\"WebSite\",\"@id\":\"https:\\\/\\\/usa-b2.com\\\/fr\\\/#website\",\"url\":\"https:\\\/\\\/usa-b2.com\\\/fr\\\/\",\"name\":\"USA B2 VISA\",\"description\":\"\",\"potentialAction\":[{\"@type\":\"SearchAction\",\"target\":{\"@type\":\"EntryPoint\",\"urlTemplate\":\"https:\\\/\\\/usa-b2.com\\\/fr\\\/?s={search_term_string}\"},\"query-input\":{\"@type\":\"PropertyValueSpecification\",\"valueRequired\":true,\"valueName\":\"search_term_string\"}}],\"inLanguage\":\"fr-FR\"}]}<\/script>\n<!-- \/ Yoast SEO plugin. -->","yoast_head_json":{"title":"Road Trip dans le Sud-Ouest des \u00c9tats-Unis - USA B2","description":"D\u00e9couvrez le Grand Circle Road Trip : itin\u00e9raire, parcs nationaux, h\u00f4tel et spots photo pour un voyage dans le Sud-Ouest des \u00c9tats-Unis !","robots":{"index":"index","follow":"follow","max-snippet":"max-snippet:-1","max-image-preview":"max-image-preview:large","max-video-preview":"max-video-preview:-1"},"canonical":"https:\/\/usa-b2.com\/fr\/le-sud-ouest-grand-circle\/","og_locale":"fr_FR","og_type":"article","og_title":"Road Trip dans le Sud-Ouest des \u00c9tats-Unis - USA B2","og_description":"D\u00e9couvrez le Grand Circle Road Trip : itin\u00e9raire, parcs nationaux, h\u00f4tel et spots photo pour un voyage dans le Sud-Ouest des \u00c9tats-Unis !","og_url":"https:\/\/usa-b2.com\/fr\/le-sud-ouest-grand-circle\/","og_site_name":"USA B2","article_modified_time":"2025-11-04T10:36:16+00:00","og_image":[{"width":1280,"height":720,"url":"https:\/\/usa-b2.com\/wp-content\/uploads\/2025\/03\/Grand-circle-road-trip.jpg","type":"image\/jpeg"}],"twitter_card":"summary_large_image","twitter_misc":{"Dur\u00e9e de lecture estim\u00e9e":"6 minutes"},"schema":{"@context":"https:\/\/schema.org","@graph":[{"@type":"WebPage","@id":"https:\/\/usa-b2.com\/fr\/le-sud-ouest-grand-circle\/","url":"https:\/\/usa-b2.com\/fr\/le-sud-ouest-grand-circle\/","name":"Road Trip dans le Sud-Ouest des \u00c9tats-Unis - USA B2","isPartOf":{"@id":"https:\/\/usa-b2.com\/fr\/#website"},"primaryImageOfPage":{"@id":"https:\/\/usa-b2.com\/fr\/le-sud-ouest-grand-circle\/#primaryimage"},"image":{"@id":"https:\/\/usa-b2.com\/fr\/le-sud-ouest-grand-circle\/#primaryimage"},"thumbnailUrl":"https:\/\/usa-b2.com\/wp-content\/uploads\/2025\/03\/Grand-circle-road-trip-1024x576.jpg","datePublished":"2025-03-17T13:14:29+00:00","dateModified":"2025-11-04T10:36:16+00:00","description":"D\u00e9couvrez le Grand Circle Road Trip : itin\u00e9raire, parcs nationaux, h\u00f4tel et spots photo pour un voyage dans le Sud-Ouest des \u00c9tats-Unis !","breadcrumb":{"@id":"https:\/\/usa-b2.com\/fr\/le-sud-ouest-grand-circle\/#breadcrumb"},"inLanguage":"fr-FR","potentialAction":[{"@type":"ReadAction","target":["https:\/\/usa-b2.com\/fr\/le-sud-ouest-grand-circle\/"]}]},{"@type":"ImageObject","inLanguage":"fr-FR","@id":"https:\/\/usa-b2.com\/fr\/le-sud-ouest-grand-circle\/#primaryimage","url":"https:\/\/usa-b2.com\/wp-content\/uploads\/2025\/03\/Grand-circle-road-trip-1024x576.jpg","contentUrl":"https:\/\/usa-b2.com\/wp-content\/uploads\/2025\/03\/Grand-circle-road-trip-1024x576.jpg"},{"@type":"BreadcrumbList","@id":"https:\/\/usa-b2.com\/fr\/le-sud-ouest-grand-circle\/#breadcrumb","itemListElement":[{"@type":"ListItem","position":1,"name":"Accueil","item":"https:\/\/usa-b2.com\/fr\/"},{"@type":"ListItem","position":2,"name":"Road Trip dans le Sud-Ouest des \u00c9tats-Unis"}]},{"@type":"WebSite","@id":"https:\/\/usa-b2.com\/fr\/#website","url":"https:\/\/usa-b2.com\/fr\/","name":"USA B2 VISA","description":"","potentialAction":[{"@type":"SearchAction","target":{"@type":"EntryPoint","urlTemplate":"https:\/\/usa-b2.com\/fr\/?s={search_term_string}"},"query-input":{"@type":"PropertyValueSpecification","valueRequired":true,"valueName":"search_term_string"}}],"inLanguage":"fr-FR"}]}},"_links":{"self":[{"href":"https:\/\/usa-b2.com\/fr\/wp-json\/wp\/v2\/pages\/7745","targetHints":{"allow":["GET"]}}],"collection":[{"href":"https:\/\/usa-b2.com\/fr\/wp-json\/wp\/v2\/pages"}],"about":[{"href":"https:\/\/usa-b2.com\/fr\/wp-json\/wp\/v2\/types\/page"}],"author":[{"embeddable":true,"href":"https:\/\/usa-b2.com\/fr\/wp-json\/wp\/v2\/users\/1"}],"replies":[{"embeddable":true,"href":"https:\/\/usa-b2.com\/fr\/wp-json\/wp\/v2\/comments?post=7745"}],"version-history":[{"count":2,"href":"https:\/\/usa-b2.com\/fr\/wp-json\/wp\/v2\/pages\/7745\/revisions"}],"predecessor-version":[{"id":10800,"href":"https:\/\/usa-b2.com\/fr\/wp-json\/wp\/v2\/pages\/7745\/revisions\/10800"}],"wp:attachment":[{"href":"https:\/\/usa-b2.com\/fr\/wp-json\/wp\/v2\/media?parent=7745"}],"curies":[{"name":"wp","href":"https:\/\/api.w.org\/{rel}","templated":true}]}}