{"id":75,"date":"2024-02-10T17:10:38","date_gmt":"2024-02-10T17:10:38","guid":{"rendered":"https:\/\/usa-b2.com\/?page_id=75"},"modified":"2025-10-13T13:35:19","modified_gmt":"2025-10-13T13:35:19","slug":"visa-visiteur-usa","status":"publish","type":"page","link":"https:\/\/usa-b2.com\/fr\/visa-visiteur-usa\/","title":{"rendered":"Le visa visiteur pour voyager aux Etats Unis"},"content":{"rendered":"\n<h1 class=\"wp-block-heading\">Visa visiteur pour les USA<\/h1>\n\n\n\n<h2 class=\"wp-block-heading\">Qu&rsquo;est ce qu&rsquo;un visa visiteur pour les Etats Unis ?<\/h2>\n\n\n\n<p>Un visa visiteur am\u00e9ricain permet \u00e0 un ressortissant \u00e9tranger de s\u00e9journer aux Etats Unis pour une dur\u00e9e limit\u00e9e : La dur\u00e9e initiale du s\u00e9jour est limit\u00e9e \u00e0 6 mois. Le visa visiteur peut \u00eatre renouvel\u00e9 \u00e0 plusieurs reprises. <\/p>\n\n\n\n<p>Il existe deux types de visa visiteur selon le motif du s\u00e9jour :<\/p>\n\n\n\n<ul class=\"wp-block-list\">\n<li>Le <a href=\"https:\/\/usa-b2.com\/fr\/visa-b1-usa\/\">visa B1<\/a> est un visa pour effectuer des affaires aux \u00c9tats-Unis.<\/li>\n\n\n\n<li>Le <a href=\"https:\/\/usa-b2.com\/fr\/visa-b2\/\">visa B2<\/a> est un visa touristique qui permet de visiter les \u00c9tats-Unis, rendre visite \u00e0 des amis ou de la famille sur place.<\/li>\n<\/ul>\n\n\n\n<div style=\"height:10px\" aria-hidden=\"true\" class=\"wp-block-spacer\"><\/div>\n\n\n\n<h2 class=\"wp-block-heading\">Quelles diff\u00e9rences entre le visa B1 et le visa B2 ?<\/h2>\n\n\n\n<p>La principale diff\u00e9rence entre les deux visas est le motif du s\u00e9jour : Le visa B1 est d\u00e9livr\u00e9 pour des raisons professionnelles, tandis que le visa B2 est destin\u00e9 aux s\u00e9jours touristiques et familiaux aux \u00c9tats-Unis. <\/p>\n\n\n\n<p>Pour le reste, les deux visas de cat\u00e9gorie B sont assez similaires. Ils sont d\u00e9livr\u00e9s pour une dur\u00e9e de six mois avec la possibilit\u00e9 de les prolonger jusqu&rsquo;\u00e0 un an. Il n\u2019y a pas de limite sur le nombre de renouvellement de visas.<\/p>\n\n\n\n<h2 class=\"wp-block-heading\">Quelles sont les activit\u00e9s interdites avec un visa B1\/B2 ?<\/h2>\n\n\n\n<p>Le d\u00e9tenteur d&rsquo;un visa B1\/B2 peut voyager aux \u00c9tats-Unis mais certaines activit\u00e9s sont interdites. Voici les principales activit\u00e9s interdites au d\u00e9tenteur d&rsquo;un visa B1\/B2 :<\/p>\n\n\n\n<ul class=\"wp-block-list\">\n<li>Il ne peut pas travailler aux USA ;<\/li>\n\n\n\n<li>Il ne peut pas devenir \u00e9tudiant ;<\/li>\n\n\n\n<li>Il ne peut pas embarquer en tant que membre d&rsquo;\u00e9quipage sur un avion ou un navire ;<\/li>\n\n\n\n<li>Il ne peut pas essayez de devenir r\u00e9sident permanent aux \u00c9tats-Unis.<\/li>\n<\/ul>\n\n\n\n<div style=\"height:10px\" aria-hidden=\"true\" class=\"wp-block-spacer\"><\/div>\n\n\n\n<h2 class=\"wp-block-heading\">Comment faire une demande de visa B1\/B2 ?<\/h2>\n\n\n\n<p>La <a href=\"https:\/\/usa-b2.com\/fr\/procedure-demande-visa-b2\/\">proc\u00e9dure de demande de visa<\/a> se d\u00e9roule principalement en ligne. Le processus comprend les cinq \u00e9tapes dans l&rsquo;ordre suivant :<\/p>\n\n\n\n<ol class=\"wp-block-list\">\n<li>Compl\u00e9ter le <a href=\"https:\/\/usa-b2.com\/fr\/ds-160\/\">formulaire DS-160<\/a> en ligne pour initier la proc\u00e9dure<\/li>\n\n\n\n<li>Payez les <a href=\"https:\/\/usa-b2.com\/fr\/frais-visa-b2-usa\/\">frais de visa<\/a> pour valider la demande de visa<\/li>\n\n\n\n<li>Prendre rendez vous pour passer un <a href=\"https:\/\/usa-b2.com\/fr\/rendez-vous-visa-ambassade-usa\/\">entretien de visa \u00e0 l&rsquo;ambassade<\/a><\/li>\n\n\n\n<li>R\u00e9unir l&rsquo;ensemble des pi\u00e8ces justificatifs de la demande de visa<\/li>\n\n\n\n<li>Participer \u00e0 l&rsquo;entretien pour obtenir le visa sur le <a href=\"https:\/\/usa-b2.com\/fr\/passeport-pour-voyager-aux-usa\/\">passeport pour voyager aux USA<\/a>.<\/li>\n<\/ol>\n\n\n\n<div style=\"height:10px\" aria-hidden=\"true\" class=\"wp-block-spacer\"><\/div>\n\n\n\n<h2 class=\"wp-block-heading\">Dur\u00e9e et validit\u00e9 du visa B1\/B2<\/h2>\n\n\n\n<p>Le visa B1\/B2 peut \u00eatre valable pour une p\u00e9riode allant jusqu&rsquo;\u00e0 <strong>10 ans<\/strong>, avec des s\u00e9jours individuels g\u00e9n\u00e9ralement limit\u00e9s \u00e0 <strong>6 mois<\/strong> maximum par entr\u00e9e. La dur\u00e9e exacte est d\u00e9termin\u00e9e par l&rsquo;officier de l&rsquo;immigration lors de votre arriv\u00e9e aux \u00c9tats-Unis.<\/p>\n\n\n\n<h2 class=\"wp-block-heading\">Questions fr\u00e9quentes sur le visa B1\/B2<\/h2>\n\n\n\n<h3 class=\"wp-block-heading\">Combien de temps faut-il pour obtenir le visa B1\/B2 ?<\/h3>\n\n\n\n<p>Le d\u00e9lai de traitement varie, mais il faut g\u00e9n\u00e9ralement compter entre 2 et 8 semaines apr\u00e8s l&rsquo;entretien.<\/p>\n\n\n\n<h3 class=\"wp-block-heading\">Puis-je travailler aux \u00c9tats-Unis avec un visa B1\/B2 ?<\/h3>\n\n\n\n<p>Non. Le visa B1\/B2 ne permet pas de travailler aux \u00c9tats-Unis. Vous devez demander un visa de travail si vous souhaitez exercer une activit\u00e9 professionnelle r\u00e9mun\u00e9r\u00e9e.<\/p>\n\n\n\n<h3 class=\"wp-block-heading\">Que faire en cas de refus ?<\/h3>\n\n\n\n<p>Si votre demande est refus\u00e9e, vous recevrez une lettre expliquant les raisons. Vous pouvez corriger les points faibles de votre demande et soumettre une nouvelle requ\u00eate.<\/p>\n\n\n\n<h3 class=\"wp-block-heading\">Puis-je prolonger mon s\u00e9jour avec un visa B1\/B2 ?<\/h3>\n\n\n\n<p>Oui, vous pouvez demander une prolongation de s\u00e9jour si vous \u00eates d\u00e9j\u00e0 aux \u00c9tats-Unis. La demande doit \u00eatre soumise au <strong>USCIS (United States Citizenship and Immigration Services)<\/strong> avant l&rsquo;expiration de votre p\u00e9riode autoris\u00e9e. Vous devrez fournir des justificatifs solides, comme des raisons valables pour rester plus longtemps et des preuves de vos ressources financi\u00e8res.<\/p>\n\n\n\n<h3 class=\"wp-block-heading\">Le visa B1\/B2 garantit il mon entr\u00e9e aux \u00c9tats-Unis ?<\/h3>\n\n\n\n<p>Non. Un visa B1\/B2 vous permet de <strong>voyager jusqu\u2019aux \u00c9tats-Unis<\/strong>, mais l\u2019entr\u00e9e est d\u00e9termin\u00e9e par l\u2019agent d&rsquo;immigration au poste-fronti\u00e8re. Cet agent peut vous refuser l\u2019entr\u00e9e si des doutes surgissent sur vos intentions ou si vos documents ne sont pas conformes.<\/p>\n\n\n\n<h3 class=\"wp-block-heading\">Puis-je emmener ma famille avec moi sur un visa B1\/B2 ?<\/h3>\n\n\n\n<p>Oui, mais chaque membre de votre famille, y compris les enfants, doit demander et obtenir son propre visa B1\/B2.<\/p>\n","protected":false},"excerpt":{"rendered":"<p>Visa visiteur pour les USA Qu&rsquo;est ce qu&rsquo;un visa visiteur pour les Etats Unis ? Un visa visiteur am\u00e9ricain permet \u00e0 un ressortissant \u00e9tranger de s\u00e9journer aux Etats Unis pour une dur\u00e9e limit\u00e9e : La dur\u00e9e initiale du s\u00e9jour est limit\u00e9e \u00e0 6 mois. Le visa visiteur peut \u00eatre renouvel\u00e9 \u00e0 plusieurs reprises. Il existe [&hellip;]<\/p>\n","protected":false},"author":1,"featured_media":0,"parent":0,"menu_order":0,"comment_status":"closed","ping_status":"closed","template":"","meta":{"footnotes":""},"class_list":["post-75","page","type-page","status-publish","hentry"],"yoast_head":"<!-- This site is optimized with the Yoast SEO plugin v27.0 - https:\/\/yoast.com\/product\/yoast-seo-wordpress\/ -->\n<title>Le visa visiteur pour voyager aux Etats Unis - USA B2<\/title>\n<meta name=\"description\" content=\"Comment obtenir son visa visiteur am\u00e9ricain en ligne pour s\u00e9journer aux Etats Unis pendant plusieurs mois sur place\" \/>\n<meta name=\"robots\" content=\"index, follow, max-snippet:-1, max-image-preview:large, max-video-preview:-1\" \/>\n<link rel=\"canonical\" href=\"https:\/\/usa-b2.com\/fr\/visa-visiteur-usa\/\" \/>\n<meta property=\"og:locale\" content=\"fr_FR\" \/>\n<meta property=\"og:type\" content=\"article\" \/>\n<meta property=\"og:title\" content=\"Le visa visiteur pour voyager aux Etats Unis - USA B2\" \/>\n<meta property=\"og:description\" content=\"Comment obtenir son visa visiteur am\u00e9ricain en ligne pour s\u00e9journer aux Etats Unis pendant plusieurs mois sur place\" \/>\n<meta property=\"og:url\" content=\"https:\/\/usa-b2.com\/fr\/visa-visiteur-usa\/\" \/>\n<meta property=\"og:site_name\" content=\"USA B2\" \/>\n<meta property=\"article:modified_time\" content=\"2025-10-13T13:35:19+00:00\" \/>\n<meta name=\"twitter:card\" content=\"summary_large_image\" \/>\n<meta name=\"twitter:label1\" content=\"Dur\u00e9e de lecture estim\u00e9e\" \/>\n\t<meta name=\"twitter:data1\" content=\"4 minutes\" \/>\n<script type=\"application\/ld+json\" class=\"yoast-schema-graph\">{\"@context\":\"https:\/\/schema.org\",\"@graph\":[{\"@type\":\"WebPage\",\"@id\":\"https:\/\/usa-b2.com\/fr\/visa-visiteur-usa\/\",\"url\":\"https:\/\/usa-b2.com\/fr\/visa-visiteur-usa\/\",\"name\":\"Le visa visiteur pour voyager aux Etats Unis - USA B2\",\"isPartOf\":{\"@id\":\"https:\/\/usa-b2.com\/fr\/#website\"},\"datePublished\":\"2024-02-10T17:10:38+00:00\",\"dateModified\":\"2025-10-13T13:35:19+00:00\",\"description\":\"Comment obtenir son visa visiteur am\u00e9ricain en ligne pour s\u00e9journer aux Etats Unis pendant plusieurs mois sur place\",\"breadcrumb\":{\"@id\":\"https:\/\/usa-b2.com\/fr\/visa-visiteur-usa\/#breadcrumb\"},\"inLanguage\":\"fr-FR\",\"potentialAction\":[{\"@type\":\"ReadAction\",\"target\":[\"https:\/\/usa-b2.com\/fr\/visa-visiteur-usa\/\"]}]},{\"@type\":\"BreadcrumbList\",\"@id\":\"https:\/\/usa-b2.com\/fr\/visa-visiteur-usa\/#breadcrumb\",\"itemListElement\":[{\"@type\":\"ListItem\",\"position\":1,\"name\":\"Accueil\",\"item\":\"https:\/\/usa-b2.com\/fr\/\"},{\"@type\":\"ListItem\",\"position\":2,\"name\":\"Le visa visiteur pour voyager aux Etats Unis\"}]},{\"@type\":\"WebSite\",\"@id\":\"https:\/\/usa-b2.com\/fr\/#website\",\"url\":\"https:\/\/usa-b2.com\/fr\/\",\"name\":\"USA B2 VISA\",\"description\":\"\",\"potentialAction\":[{\"@type\":\"SearchAction\",\"target\":{\"@type\":\"EntryPoint\",\"urlTemplate\":\"https:\/\/usa-b2.com\/fr\/?s={search_term_string}\"},\"query-input\":{\"@type\":\"PropertyValueSpecification\",\"valueRequired\":true,\"valueName\":\"search_term_string\"}}],\"inLanguage\":\"fr-FR\"}]}<\/script>\n<!-- \/ Yoast SEO plugin. -->","yoast_head_json":{"title":"Le visa visiteur pour voyager aux Etats Unis - USA B2","description":"Comment obtenir son visa visiteur am\u00e9ricain en ligne pour s\u00e9journer aux Etats Unis pendant plusieurs mois sur place","robots":{"index":"index","follow":"follow","max-snippet":"max-snippet:-1","max-image-preview":"max-image-preview:large","max-video-preview":"max-video-preview:-1"},"canonical":"https:\/\/usa-b2.com\/fr\/visa-visiteur-usa\/","og_locale":"fr_FR","og_type":"article","og_title":"Le visa visiteur pour voyager aux Etats Unis - USA B2","og_description":"Comment obtenir son visa visiteur am\u00e9ricain en ligne pour s\u00e9journer aux Etats Unis pendant plusieurs mois sur place","og_url":"https:\/\/usa-b2.com\/fr\/visa-visiteur-usa\/","og_site_name":"USA B2","article_modified_time":"2025-10-13T13:35:19+00:00","twitter_card":"summary_large_image","twitter_misc":{"Dur\u00e9e de lecture estim\u00e9e":"4 minutes"},"schema":{"@context":"https:\/\/schema.org","@graph":[{"@type":"WebPage","@id":"https:\/\/usa-b2.com\/fr\/visa-visiteur-usa\/","url":"https:\/\/usa-b2.com\/fr\/visa-visiteur-usa\/","name":"Le visa visiteur pour voyager aux Etats Unis - USA B2","isPartOf":{"@id":"https:\/\/usa-b2.com\/fr\/#website"},"datePublished":"2024-02-10T17:10:38+00:00","dateModified":"2025-10-13T13:35:19+00:00","description":"Comment obtenir son visa visiteur am\u00e9ricain en ligne pour s\u00e9journer aux Etats Unis pendant plusieurs mois sur place","breadcrumb":{"@id":"https:\/\/usa-b2.com\/fr\/visa-visiteur-usa\/#breadcrumb"},"inLanguage":"fr-FR","potentialAction":[{"@type":"ReadAction","target":["https:\/\/usa-b2.com\/fr\/visa-visiteur-usa\/"]}]},{"@type":"BreadcrumbList","@id":"https:\/\/usa-b2.com\/fr\/visa-visiteur-usa\/#breadcrumb","itemListElement":[{"@type":"ListItem","position":1,"name":"Accueil","item":"https:\/\/usa-b2.com\/fr\/"},{"@type":"ListItem","position":2,"name":"Le visa visiteur pour voyager aux Etats Unis"}]},{"@type":"WebSite","@id":"https:\/\/usa-b2.com\/fr\/#website","url":"https:\/\/usa-b2.com\/fr\/","name":"USA B2 VISA","description":"","potentialAction":[{"@type":"SearchAction","target":{"@type":"EntryPoint","urlTemplate":"https:\/\/usa-b2.com\/fr\/?s={search_term_string}"},"query-input":{"@type":"PropertyValueSpecification","valueRequired":true,"valueName":"search_term_string"}}],"inLanguage":"fr-FR"}]}},"_links":{"self":[{"href":"https:\/\/usa-b2.com\/fr\/wp-json\/wp\/v2\/pages\/75","targetHints":{"allow":["GET"]}}],"collection":[{"href":"https:\/\/usa-b2.com\/fr\/wp-json\/wp\/v2\/pages"}],"about":[{"href":"https:\/\/usa-b2.com\/fr\/wp-json\/wp\/v2\/types\/page"}],"author":[{"embeddable":true,"href":"https:\/\/usa-b2.com\/fr\/wp-json\/wp\/v2\/users\/1"}],"replies":[{"embeddable":true,"href":"https:\/\/usa-b2.com\/fr\/wp-json\/wp\/v2\/comments?post=75"}],"version-history":[{"count":1,"href":"https:\/\/usa-b2.com\/fr\/wp-json\/wp\/v2\/pages\/75\/revisions"}],"predecessor-version":[{"id":10094,"href":"https:\/\/usa-b2.com\/fr\/wp-json\/wp\/v2\/pages\/75\/revisions\/10094"}],"wp:attachment":[{"href":"https:\/\/usa-b2.com\/fr\/wp-json\/wp\/v2\/media?parent=75"}],"curies":[{"name":"wp","href":"https:\/\/api.w.org\/{rel}","templated":true}]}}