{"id":73,"date":"2024-02-10T17:09:57","date_gmt":"2024-02-10T17:09:57","guid":{"rendered":"https:\/\/usa-b2.com\/?page_id=73"},"modified":"2025-02-06T10:03:25","modified_gmt":"2025-02-06T10:03:25","slug":"difference-entre-visa-et-esta","status":"publish","type":"page","link":"https:\/\/usa-b2.com\/fr\/difference-entre-visa-et-esta\/","title":{"rendered":"Quelle est la diff\u00e9rence entre un visa et l\u2019ESTA"},"content":{"rendered":"\n<h1 class=\"wp-block-heading\">Quelles sont les principales diff\u00e9rences entre le visa et l\u2019ESTA ?<\/h1>\n\n\n\n<p>Une autorisation ESTA et un visa sont tous deux des documents n\u00e9cessaires pour entrer aux \u00c9tats-Unis. Cependant, ils diff\u00e8rent dans leurs proc\u00e9dures d\u2019obtention, leurs dur\u00e9es de validit\u00e9 et leurs conditions d\u2019utilisation. Les trois diff\u00e9rences fondamentales entre un visa et une autorisation ESTA sont :<\/p>\n\n\n\n<ol class=\"wp-block-list\">\n<li>Le visa est d\u00e9livr\u00e9 par une <a href=\"https:\/\/usa-b2.com\/fr\/ambassade-des-etats-unis\/\">ambassade am\u00e9ricaine<\/a> ou le consulat du pays de r\u00e9sidence du voyageur, tandis que l&rsquo;ESTA est une autorisation \u00e9lectronique obtenue en ligne.<\/li>\n\n\n\n<li>Le visa a des conditions et une dur\u00e9e de validit\u00e9 sp\u00e9cifiques pour chaque type de visa, tandis que l&rsquo;ESTA est valable pour des s\u00e9jours de courte dur\u00e9e de moins de 90 jours dans le cadre du Programme d&rsquo;Exemption de Visa. La <a href=\"https:\/\/usa-b2.com\/fr\/esta-duree-validite\/\">dur\u00e9e de validit\u00e9 de l&rsquo;ESTA<\/a> est au maximum de 2 ans.<\/li>\n\n\n\n<li>Les <a href=\"https:\/\/usa-b2.com\/fr\/procedure-demande-visa-b2\/\">proc\u00e9dures pour obtenir un visa<\/a> impliquent souvent une <a href=\"https:\/\/usa-b2.com\/fr\/rendez-vous-visa-ambassade-usa\/\">entrevue consulaire<\/a> et des documents suppl\u00e9mentaires, tandis que l&rsquo;ESTA exige simplement de compl\u00e9ter un <a href=\"https:\/\/usa-b2.com\/fr\/formulaire-esta-en-ligne\/\">formulaire en ligne<\/a> et payez directement les frais.<\/li>\n<\/ol>\n\n\n\n<h2 class=\"wp-block-heading\">Est ce qu\u2019un ESTA est un visa am\u00e9ricain ?<\/h2>\n\n\n\n<p>Non, une autorisation ESTA approuv\u00e9e n\u2019est pas un visa. Une <a href=\"https:\/\/usa-b2.com\/fr\/c-est-quoi-une-esta\/\">autorisation ESTA<\/a> ne peut pas servir de visa am\u00e9ricain aux yeux de la loi am\u00e9ricaine. L\u2019ESTA ne poss\u00e8de pas les crit\u00e8res l\u00e9gaux et r\u00e9glementaires d\u2019un <a href=\"https:\/\/usa-b2.com\/fr\/visa-visiteur-usa\/\">visa am\u00e9ricain<\/a>.<\/p>\n\n\n\n<h2 class=\"wp-block-heading\">Peut-on voyager avec un ESTA si on poss\u00e8de un visa pour les Etats Unis ?<\/h2>\n\n\n\n<p>Non, une personnes qui poss\u00e8de un visa am\u00e9ricain valide doit voyager avec ce visa aux \u00c9tats-Unis. Le s\u00e9jour doit correspondre au motif pour lequel il a obtenu son visa. Le voyageur n\u2019a pas \u00e0 faire de <a href=\"https:\/\/usa-b2.com\/fr\/formulaire-esta-en-ligne\/\">demande ESTA en ligne<\/a> pour voyager. <\/p>\n\n\n\n<h2 class=\"wp-block-heading\">Les citoyens de l&rsquo;Union Europ\u00e9enne peuvent-ils voyager aux \u00c9tats-Unis sans visa ?<\/h2>\n\n\n\n<p>Les citoyens europ\u00e9ens peuvent voyager aux \u00c9tats-Unis sans visa avec une simple autorisation ESTA sous certaines conditions :<\/p>\n\n\n\n<ul class=\"wp-block-list\">\n<li>Le s\u00e9jour doit dur\u00e9e moins de 90 jours sur place<\/li>\n\n\n\n<li>Il faut poss\u00e9der un <a href=\"https:\/\/usa-b2.com\/fr\/passeport-pour-voyager-aux-usa\/\">passeport biom\u00e9trique ou \u00e9lectronique<\/a><\/li>\n\n\n\n<li>Il faut voyager via une compagnie agr\u00e9\u00e9e par le <a href=\"https:\/\/usa-b2.com\/fr\/visa-waiver-program\/\">Visa Waiver Program<\/a><\/li>\n\n\n\n<li>Le voyageur doit poss\u00e9der un billet de retour.<\/li>\n<\/ul>\n\n\n\n<p><strong>Exception<\/strong> : Certains pays europ\u00e9ens ne font toujours pas partie des pays membres du <a href=\"https:\/\/usa-b2.com\/fr\/visa-waiver-program\/\">Visa Waiver Program<\/a>. Leurs ressortissants ne peuvent pas obtenir d\u2019autorisation ESTA, ils doivent faire une <a href=\"https:\/\/usa-b2.com\/fr\/procedure-demande-visa-b2\/\">demande de visa B2<\/a> en ligne pour voyager aux Etats Unis. Il s\u2019agit principalement des pays europ\u00e9ens suivants : la Bulgarie, la Roumanie et Chypre.<\/p>\n","protected":false},"excerpt":{"rendered":"<p>Quelles sont les principales diff\u00e9rences entre le visa et l\u2019ESTA ? Une autorisation ESTA et un visa sont tous deux des documents n\u00e9cessaires pour entrer aux \u00c9tats-Unis. Cependant, ils diff\u00e8rent dans leurs proc\u00e9dures d\u2019obtention, leurs dur\u00e9es de validit\u00e9 et leurs conditions d\u2019utilisation. Les trois diff\u00e9rences fondamentales entre un visa et une autorisation ESTA sont : [&hellip;]<\/p>\n","protected":false},"author":1,"featured_media":0,"parent":0,"menu_order":0,"comment_status":"closed","ping_status":"closed","template":"","meta":{"footnotes":""},"class_list":["post-73","page","type-page","status-publish","hentry"],"yoast_head":"<!-- This site is optimized with the Yoast SEO plugin v27.4 - https:\/\/yoast.com\/product\/yoast-seo-wordpress\/ -->\n<title>Quelle est la diff\u00e9rence entre un visa et l\u2019ESTA - USA B2<\/title>\n<meta name=\"description\" content=\"Comprendre en d\u00e9tail la diff\u00e9rence entre un visa am\u00e9ricain et une autorisation de voyage ESTA pour voyager aux Etats Unis\" \/>\n<meta name=\"robots\" content=\"index, follow, max-snippet:-1, max-image-preview:large, max-video-preview:-1\" \/>\n<link rel=\"canonical\" href=\"https:\/\/usa-b2.com\/fr\/difference-entre-visa-et-esta\/\" \/>\n<meta property=\"og:locale\" content=\"fr_FR\" \/>\n<meta property=\"og:type\" content=\"article\" \/>\n<meta property=\"og:title\" content=\"Quelle est la diff\u00e9rence entre un visa et l\u2019ESTA - USA B2\" \/>\n<meta property=\"og:description\" content=\"Comprendre en d\u00e9tail la diff\u00e9rence entre un visa am\u00e9ricain et une autorisation de voyage ESTA pour voyager aux Etats Unis\" \/>\n<meta property=\"og:url\" content=\"https:\/\/usa-b2.com\/fr\/difference-entre-visa-et-esta\/\" \/>\n<meta property=\"og:site_name\" content=\"USA B2\" \/>\n<meta property=\"article:modified_time\" content=\"2025-02-06T10:03:25+00:00\" \/>\n<meta name=\"twitter:card\" content=\"summary_large_image\" \/>\n<meta name=\"twitter:label1\" content=\"Dur\u00e9e de lecture estim\u00e9e\" \/>\n\t<meta name=\"twitter:data1\" content=\"2 minutes\" \/>\n<script type=\"application\/ld+json\" class=\"yoast-schema-graph\">{\"@context\":\"https:\\\/\\\/schema.org\",\"@graph\":[{\"@type\":\"WebPage\",\"@id\":\"https:\\\/\\\/usa-b2.com\\\/fr\\\/difference-entre-visa-et-esta\\\/\",\"url\":\"https:\\\/\\\/usa-b2.com\\\/fr\\\/difference-entre-visa-et-esta\\\/\",\"name\":\"Quelle est la diff\u00e9rence entre un visa et l\u2019ESTA - USA B2\",\"isPartOf\":{\"@id\":\"https:\\\/\\\/usa-b2.com\\\/fr\\\/#website\"},\"datePublished\":\"2024-02-10T17:09:57+00:00\",\"dateModified\":\"2025-02-06T10:03:25+00:00\",\"description\":\"Comprendre en d\u00e9tail la diff\u00e9rence entre un visa am\u00e9ricain et une autorisation de voyage ESTA pour voyager aux Etats Unis\",\"breadcrumb\":{\"@id\":\"https:\\\/\\\/usa-b2.com\\\/fr\\\/difference-entre-visa-et-esta\\\/#breadcrumb\"},\"inLanguage\":\"fr-FR\",\"potentialAction\":[{\"@type\":\"ReadAction\",\"target\":[\"https:\\\/\\\/usa-b2.com\\\/fr\\\/difference-entre-visa-et-esta\\\/\"]}]},{\"@type\":\"BreadcrumbList\",\"@id\":\"https:\\\/\\\/usa-b2.com\\\/fr\\\/difference-entre-visa-et-esta\\\/#breadcrumb\",\"itemListElement\":[{\"@type\":\"ListItem\",\"position\":1,\"name\":\"Accueil\",\"item\":\"https:\\\/\\\/usa-b2.com\\\/fr\\\/\"},{\"@type\":\"ListItem\",\"position\":2,\"name\":\"Quelle est la diff\u00e9rence entre un visa et l\u2019ESTA\"}]},{\"@type\":\"WebSite\",\"@id\":\"https:\\\/\\\/usa-b2.com\\\/fr\\\/#website\",\"url\":\"https:\\\/\\\/usa-b2.com\\\/fr\\\/\",\"name\":\"USA B2 VISA\",\"description\":\"\",\"potentialAction\":[{\"@type\":\"SearchAction\",\"target\":{\"@type\":\"EntryPoint\",\"urlTemplate\":\"https:\\\/\\\/usa-b2.com\\\/fr\\\/?s={search_term_string}\"},\"query-input\":{\"@type\":\"PropertyValueSpecification\",\"valueRequired\":true,\"valueName\":\"search_term_string\"}}],\"inLanguage\":\"fr-FR\"}]}<\/script>\n<!-- \/ Yoast SEO plugin. -->","yoast_head_json":{"title":"Quelle est la diff\u00e9rence entre un visa et l\u2019ESTA - USA B2","description":"Comprendre en d\u00e9tail la diff\u00e9rence entre un visa am\u00e9ricain et une autorisation de voyage ESTA pour voyager aux Etats Unis","robots":{"index":"index","follow":"follow","max-snippet":"max-snippet:-1","max-image-preview":"max-image-preview:large","max-video-preview":"max-video-preview:-1"},"canonical":"https:\/\/usa-b2.com\/fr\/difference-entre-visa-et-esta\/","og_locale":"fr_FR","og_type":"article","og_title":"Quelle est la diff\u00e9rence entre un visa et l\u2019ESTA - USA B2","og_description":"Comprendre en d\u00e9tail la diff\u00e9rence entre un visa am\u00e9ricain et une autorisation de voyage ESTA pour voyager aux Etats Unis","og_url":"https:\/\/usa-b2.com\/fr\/difference-entre-visa-et-esta\/","og_site_name":"USA B2","article_modified_time":"2025-02-06T10:03:25+00:00","twitter_card":"summary_large_image","twitter_misc":{"Dur\u00e9e de lecture estim\u00e9e":"2 minutes"},"schema":{"@context":"https:\/\/schema.org","@graph":[{"@type":"WebPage","@id":"https:\/\/usa-b2.com\/fr\/difference-entre-visa-et-esta\/","url":"https:\/\/usa-b2.com\/fr\/difference-entre-visa-et-esta\/","name":"Quelle est la diff\u00e9rence entre un visa et l\u2019ESTA - USA B2","isPartOf":{"@id":"https:\/\/usa-b2.com\/fr\/#website"},"datePublished":"2024-02-10T17:09:57+00:00","dateModified":"2025-02-06T10:03:25+00:00","description":"Comprendre en d\u00e9tail la diff\u00e9rence entre un visa am\u00e9ricain et une autorisation de voyage ESTA pour voyager aux Etats Unis","breadcrumb":{"@id":"https:\/\/usa-b2.com\/fr\/difference-entre-visa-et-esta\/#breadcrumb"},"inLanguage":"fr-FR","potentialAction":[{"@type":"ReadAction","target":["https:\/\/usa-b2.com\/fr\/difference-entre-visa-et-esta\/"]}]},{"@type":"BreadcrumbList","@id":"https:\/\/usa-b2.com\/fr\/difference-entre-visa-et-esta\/#breadcrumb","itemListElement":[{"@type":"ListItem","position":1,"name":"Accueil","item":"https:\/\/usa-b2.com\/fr\/"},{"@type":"ListItem","position":2,"name":"Quelle est la diff\u00e9rence entre un visa et l\u2019ESTA"}]},{"@type":"WebSite","@id":"https:\/\/usa-b2.com\/fr\/#website","url":"https:\/\/usa-b2.com\/fr\/","name":"USA B2 VISA","description":"","potentialAction":[{"@type":"SearchAction","target":{"@type":"EntryPoint","urlTemplate":"https:\/\/usa-b2.com\/fr\/?s={search_term_string}"},"query-input":{"@type":"PropertyValueSpecification","valueRequired":true,"valueName":"search_term_string"}}],"inLanguage":"fr-FR"}]}},"_links":{"self":[{"href":"https:\/\/usa-b2.com\/fr\/wp-json\/wp\/v2\/pages\/73","targetHints":{"allow":["GET"]}}],"collection":[{"href":"https:\/\/usa-b2.com\/fr\/wp-json\/wp\/v2\/pages"}],"about":[{"href":"https:\/\/usa-b2.com\/fr\/wp-json\/wp\/v2\/types\/page"}],"author":[{"embeddable":true,"href":"https:\/\/usa-b2.com\/fr\/wp-json\/wp\/v2\/users\/1"}],"replies":[{"embeddable":true,"href":"https:\/\/usa-b2.com\/fr\/wp-json\/wp\/v2\/comments?post=73"}],"version-history":[{"count":0,"href":"https:\/\/usa-b2.com\/fr\/wp-json\/wp\/v2\/pages\/73\/revisions"}],"wp:attachment":[{"href":"https:\/\/usa-b2.com\/fr\/wp-json\/wp\/v2\/media?parent=73"}],"curies":[{"name":"wp","href":"https:\/\/api.w.org\/{rel}","templated":true}]}}