{"id":61,"date":"2024-02-10T16:58:41","date_gmt":"2024-02-10T16:58:41","guid":{"rendered":"https:\/\/usa-b2.com\/?page_id=61"},"modified":"2026-02-25T14:29:05","modified_gmt":"2026-02-25T14:29:05","slug":"formulaire-esta-en-ligne","status":"publish","type":"page","link":"https:\/\/usa-b2.com\/fr\/formulaire-esta-en-ligne\/","title":{"rendered":"Compl\u00e9ter le formulaire ESTA en ligne"},"content":{"rendered":"\t\t<div data-elementor-type=\"wp-page\" data-elementor-id=\"61\" class=\"elementor elementor-61\" data-elementor-post-type=\"page\">\n\t\t\t\t<div class=\"elementor-element elementor-element-56419ff8 e-flex e-con-boxed e-con e-parent\" data-id=\"56419ff8\" data-element_type=\"container\" data-e-type=\"container\">\n\t\t\t\t\t<div class=\"e-con-inner\">\n\t\t\t\t<div class=\"elementor-element elementor-element-2867cae2 elementor-widget elementor-widget-text-editor\" data-id=\"2867cae2\" data-element_type=\"widget\" data-e-type=\"widget\" data-widget_type=\"text-editor.default\">\n\t\t\t\t<div class=\"elementor-widget-container\">\n\t\t\t\t\t\t\t\t\t<h1>Formulaire en ligne pour obtenir un ESTA<\/h1>\n<p>Les formalit\u00e9s d\u2019entr\u00e9e sur le territoire am\u00e9ricain pour un s\u00e9jour de moins de 90 jours peuvent s\u2019effectuer directement en ligne. Il n\u2019est pas n\u00e9cessaire d\u2019obtenir un rendez-vous \u00e0 l\u2019ambassade ou au consulat am\u00e9ricain pour obtenir une autorisation de voyage ESTA.<\/p>\t\t\t\t\t\t\t\t<\/div>\n\t\t\t\t<\/div>\n\t\t\t\t\t<\/div>\n\t\t\t\t<\/div>\n\t\t<div class=\"elementor-element elementor-element-2b6b869 e-flex e-con-boxed e-con e-parent\" data-id=\"2b6b869\" data-element_type=\"container\" data-e-type=\"container\">\n\t\t\t\t\t<div class=\"e-con-inner\">\n\t\t\t\t<div class=\"elementor-element elementor-element-ce061ad elementor-widget elementor-widget-button\" data-id=\"ce061ad\" data-element_type=\"widget\" data-e-type=\"widget\" data-widget_type=\"button.default\">\n\t\t\t\t<div class=\"elementor-widget-container\">\n\t\t\t\t\t\t\t\t\t<div class=\"elementor-button-wrapper\">\n\t\t\t\t\t<a class=\"elementor-button elementor-button-link elementor-size-sm\" href=\"https:\/\/usa-b2.com\/fr\/recommends\/fr-esta\/\">\n\t\t\t\t\t\t<span class=\"elementor-button-content-wrapper\">\n\t\t\t\t\t\t\t\t\t<span class=\"elementor-button-text\">Compl\u00e9ter le formulaire en ligne<\/span>\n\t\t\t\t\t<\/span>\n\t\t\t\t\t<\/a>\n\t\t\t\t<\/div>\n\t\t\t\t\t\t\t\t<\/div>\n\t\t\t\t<\/div>\n\t\t\t\t\t<\/div>\n\t\t\t\t<\/div>\n\t\t<div class=\"elementor-element elementor-element-b8872fc e-flex e-con-boxed e-con e-parent\" data-id=\"b8872fc\" data-element_type=\"container\" data-e-type=\"container\">\n\t\t\t\t\t<div class=\"e-con-inner\">\n\t\t\t\t<div class=\"elementor-element elementor-element-30e6387 elementor-widget elementor-widget-spacer\" data-id=\"30e6387\" data-element_type=\"widget\" data-e-type=\"widget\" data-widget_type=\"spacer.default\">\n\t\t\t\t<div class=\"elementor-widget-container\">\n\t\t\t\t\t\t\t<div class=\"elementor-spacer\">\n\t\t\t<div class=\"elementor-spacer-inner\"><\/div>\n\t\t<\/div>\n\t\t\t\t\t\t<\/div>\n\t\t\t\t<\/div>\n\t\t\t\t\t<\/div>\n\t\t\t\t<\/div>\n\t\t<div class=\"elementor-element elementor-element-9542cde e-flex e-con-boxed e-con e-parent\" data-id=\"9542cde\" data-element_type=\"container\" data-e-type=\"container\">\n\t\t\t\t\t<div class=\"e-con-inner\">\n\t\t\t\t<div class=\"elementor-element elementor-element-ff08436 elementor-widget elementor-widget-text-editor\" data-id=\"ff08436\" data-element_type=\"widget\" data-e-type=\"widget\" data-widget_type=\"text-editor.default\">\n\t\t\t\t<div class=\"elementor-widget-container\">\n\t\t\t\t\t\t\t\t\t<p>Le formulaire en ligne peut se compl\u00e9ter en quelques minutes si le demandeur est en possession de ses documents de voyage.<\/p><p>L&rsquo;ESTA fait partie du <a href=\"https:\/\/usa-b2.com\/fr\/visa-waiver-program\/\">Visa Waiver Program<\/a>. Ce programme am\u00e9ricain d\u2019exemption de visa permet aux ressortissants des pays membres de voyager aux \u00c9tats-Unis sans visa dans le cadre d&rsquo;un s\u00e9jour touristique, d\u2019affaires ou de transit.<\/p>\t\t\t\t\t\t\t\t<\/div>\n\t\t\t\t<\/div>\n\t\t\t\t\t<\/div>\n\t\t\t\t<\/div>\n\t\t<div class=\"elementor-element elementor-element-47b375d e-flex e-con-boxed e-con e-parent\" data-id=\"47b375d\" data-element_type=\"container\" data-e-type=\"container\">\n\t\t\t\t\t<div class=\"e-con-inner\">\n\t\t\t\t<div class=\"elementor-element elementor-element-6e123f9 elementor-widget elementor-widget-text-editor\" data-id=\"6e123f9\" data-element_type=\"widget\" data-e-type=\"widget\" data-widget_type=\"text-editor.default\">\n\t\t\t\t<div class=\"elementor-widget-container\">\n\t\t\t\t\t\t\t\t\t<h2>Quel est le d\u00e9lai de traitement d&rsquo;une demande ESTA ?<\/h2><p>Une fois que l&rsquo;ESTA a \u00e9t\u00e9 pay\u00e9 en ligne, la demande ESTA est valid\u00e9e et bascule en traitement. Le traitement de la demande est informatis\u00e9 et ne prend que quelques minutes. Donc il arrive que le demandeur re\u00e7oivent par email en quelques minutes l&rsquo;acceptation de son autorisation ESTA.<\/p><p>Parfois la r\u00e9ponse ne parvient pas au candidat en quelques minutes. En effet, il arrive qu&rsquo;il y ait un traitement humain n\u00e9cessaire \u00e0 la validation de la demande. Le site officiel ESTA s&rsquo;engage \u00e0 donner sa r\u00e9ponse en 72h au maximum. Pour plus d&rsquo;informations, consulter notre page explicative sur <a href=\"https:\/\/usa-b2.com\/fr\/c-est-quoi-une-esta\/\">ce qu&rsquo;est l&rsquo;ESTA<\/a>.<\/p>\t\t\t\t\t\t\t\t<\/div>\n\t\t\t\t<\/div>\n\t\t\t\t\t<\/div>\n\t\t\t\t<\/div>\n\t\t<div class=\"elementor-element elementor-element-dad46bc e-flex e-con-boxed e-con e-parent\" data-id=\"dad46bc\" data-element_type=\"container\" data-e-type=\"container\">\n\t\t\t\t\t<div class=\"e-con-inner\">\n\t\t\t\t<div class=\"elementor-element elementor-element-6d0d0c4 elementor-widget elementor-widget-text-editor\" data-id=\"6d0d0c4\" data-element_type=\"widget\" data-e-type=\"widget\" data-widget_type=\"text-editor.default\">\n\t\t\t\t<div class=\"elementor-widget-container\">\n\t\t\t\t\t\t\t\t\t<h2>Quelle est la dur\u00e9e de validit\u00e9 d&rsquo;une autorisation ESTA ?<\/h2><p>La <a href=\"https:\/\/usa-b2.com\/fr\/esta-duree-validite\/\">dur\u00e9e de validit\u00e9 de l&rsquo;ESTA<\/a> est limit\u00e9e dans le temps. La dur\u00e9e de validit\u00e9 initiale est en g\u00e9n\u00e9ral de 2 ans. Dans certaines conditions, la dur\u00e9e de validit\u00e9 est r\u00e9duite : Par exemple, lorsque le <a href=\"https:\/\/usa-b2.com\/fr\/passeport-pour-voyager-aux-usa\/\">passeport pour les USA<\/a> qui a servi \u00e0 obtenir l\u2019ESTA n\u2019est plus valide, alors l\u2019ESTA n\u2019est lui m\u00eame plus valable.<\/p>\t\t\t\t\t\t\t\t<\/div>\n\t\t\t\t<\/div>\n\t\t\t\t\t<\/div>\n\t\t\t\t<\/div>\n\t\t<div class=\"elementor-element elementor-element-ee7de17 e-flex e-con-boxed e-con e-parent\" data-id=\"ee7de17\" data-element_type=\"container\" data-e-type=\"container\">\n\t\t\t\t\t<div class=\"e-con-inner\">\n\t\t\t\t<div class=\"elementor-element elementor-element-b0556fc elementor-widget elementor-widget-text-editor\" data-id=\"b0556fc\" data-element_type=\"widget\" data-e-type=\"widget\" data-widget_type=\"text-editor.default\">\n\t\t\t\t<div class=\"elementor-widget-container\">\n\t\t\t\t\t\t\t\t\t<h2>Faut-il imprimer son autorisation ESTA ?<\/h2><p>Le processus d&rsquo;obtention d&rsquo;une ESTA se d\u00e9roule \u00e0 100% en ligne. La r\u00e9ponse \u00e0 la demande ESTA est envoy\u00e9e uniquement par email au demandeur. Pour autant, il n&rsquo;est pas n\u00e9cessaire d&rsquo;avoir <a href=\"https:\/\/usa-b2.com\/fr\/imprimer-esta\/\">imprim\u00e9 son ESTA<\/a> avant de se rendre \u00e0 l&rsquo;a\u00e9roport.<\/p><p>En effet, le syst\u00e8me informatique ayant valid\u00e9 l&rsquo;autorisation de voyage est consult\u00e9 par les agents des douanes am\u00e9ricaines lorsque le voyageur arrive \u00e0 la fronti\u00e8re am\u00e9ricaine.<\/p>\t\t\t\t\t\t\t\t<\/div>\n\t\t\t\t<\/div>\n\t\t\t\t\t<\/div>\n\t\t\t\t<\/div>\n\t\t\t\t<\/div>\n\t\t","protected":false},"excerpt":{"rendered":"<p>Formulaire en ligne pour obtenir un ESTA Les formalit\u00e9s d\u2019entr\u00e9e sur le territoire am\u00e9ricain pour un s\u00e9jour de moins de 90 jours peuvent s\u2019effectuer directement en ligne. Il n\u2019est pas n\u00e9cessaire d\u2019obtenir un rendez-vous \u00e0 l\u2019ambassade ou au consulat am\u00e9ricain pour obtenir une autorisation de voyage ESTA. Compl\u00e9ter le formulaire en ligne Le formulaire en [&hellip;]<\/p>\n","protected":false},"author":1,"featured_media":0,"parent":0,"menu_order":0,"comment_status":"closed","ping_status":"closed","template":"","meta":{"footnotes":""},"class_list":["post-61","page","type-page","status-publish","hentry"],"yoast_head":"<!-- This site is optimized with the Yoast SEO plugin v27.0 - https:\/\/yoast.com\/product\/yoast-seo-wordpress\/ -->\n<title>Compl\u00e9ter le formulaire ESTA en ligne - USA B2<\/title>\n<meta name=\"description\" content=\"Compl\u00e9tez le formulaire ESTA en ligne pour obtenir une attestation de voyage pour les Etats Unis en quelques minutes\" \/>\n<meta name=\"robots\" content=\"index, follow, max-snippet:-1, max-image-preview:large, max-video-preview:-1\" \/>\n<link rel=\"canonical\" href=\"https:\/\/usa-b2.com\/fr\/formulaire-esta-en-ligne\/\" \/>\n<meta property=\"og:locale\" content=\"fr_FR\" \/>\n<meta property=\"og:type\" content=\"article\" \/>\n<meta property=\"og:title\" content=\"Compl\u00e9ter le formulaire ESTA en ligne - USA B2\" \/>\n<meta property=\"og:description\" content=\"Compl\u00e9tez le formulaire ESTA en ligne pour obtenir une attestation de voyage pour les Etats Unis en quelques minutes\" \/>\n<meta property=\"og:url\" content=\"https:\/\/usa-b2.com\/fr\/formulaire-esta-en-ligne\/\" \/>\n<meta property=\"og:site_name\" content=\"USA B2\" \/>\n<meta property=\"article:modified_time\" content=\"2026-02-25T14:29:05+00:00\" \/>\n<meta name=\"twitter:card\" content=\"summary_large_image\" \/>\n<meta name=\"twitter:label1\" content=\"Dur\u00e9e de lecture estim\u00e9e\" \/>\n\t<meta name=\"twitter:data1\" content=\"2 minutes\" \/>\n<script type=\"application\/ld+json\" class=\"yoast-schema-graph\">{\"@context\":\"https:\/\/schema.org\",\"@graph\":[{\"@type\":\"WebPage\",\"@id\":\"https:\/\/usa-b2.com\/fr\/formulaire-esta-en-ligne\/\",\"url\":\"https:\/\/usa-b2.com\/fr\/formulaire-esta-en-ligne\/\",\"name\":\"Compl\u00e9ter le formulaire ESTA en ligne - USA B2\",\"isPartOf\":{\"@id\":\"https:\/\/usa-b2.com\/fr\/#website\"},\"datePublished\":\"2024-02-10T16:58:41+00:00\",\"dateModified\":\"2026-02-25T14:29:05+00:00\",\"description\":\"Compl\u00e9tez le formulaire ESTA en ligne pour obtenir une attestation de voyage pour les Etats Unis en quelques minutes\",\"breadcrumb\":{\"@id\":\"https:\/\/usa-b2.com\/fr\/formulaire-esta-en-ligne\/#breadcrumb\"},\"inLanguage\":\"fr-FR\",\"potentialAction\":[{\"@type\":\"ReadAction\",\"target\":[\"https:\/\/usa-b2.com\/fr\/formulaire-esta-en-ligne\/\"]}]},{\"@type\":\"BreadcrumbList\",\"@id\":\"https:\/\/usa-b2.com\/fr\/formulaire-esta-en-ligne\/#breadcrumb\",\"itemListElement\":[{\"@type\":\"ListItem\",\"position\":1,\"name\":\"Accueil\",\"item\":\"https:\/\/usa-b2.com\/fr\/\"},{\"@type\":\"ListItem\",\"position\":2,\"name\":\"Compl\u00e9ter le formulaire ESTA en ligne\"}]},{\"@type\":\"WebSite\",\"@id\":\"https:\/\/usa-b2.com\/fr\/#website\",\"url\":\"https:\/\/usa-b2.com\/fr\/\",\"name\":\"USA B2 VISA\",\"description\":\"\",\"potentialAction\":[{\"@type\":\"SearchAction\",\"target\":{\"@type\":\"EntryPoint\",\"urlTemplate\":\"https:\/\/usa-b2.com\/fr\/?s={search_term_string}\"},\"query-input\":{\"@type\":\"PropertyValueSpecification\",\"valueRequired\":true,\"valueName\":\"search_term_string\"}}],\"inLanguage\":\"fr-FR\"}]}<\/script>\n<!-- \/ Yoast SEO plugin. -->","yoast_head_json":{"title":"Compl\u00e9ter le formulaire ESTA en ligne - USA B2","description":"Compl\u00e9tez le formulaire ESTA en ligne pour obtenir une attestation de voyage pour les Etats Unis en quelques minutes","robots":{"index":"index","follow":"follow","max-snippet":"max-snippet:-1","max-image-preview":"max-image-preview:large","max-video-preview":"max-video-preview:-1"},"canonical":"https:\/\/usa-b2.com\/fr\/formulaire-esta-en-ligne\/","og_locale":"fr_FR","og_type":"article","og_title":"Compl\u00e9ter le formulaire ESTA en ligne - USA B2","og_description":"Compl\u00e9tez le formulaire ESTA en ligne pour obtenir une attestation de voyage pour les Etats Unis en quelques minutes","og_url":"https:\/\/usa-b2.com\/fr\/formulaire-esta-en-ligne\/","og_site_name":"USA B2","article_modified_time":"2026-02-25T14:29:05+00:00","twitter_card":"summary_large_image","twitter_misc":{"Dur\u00e9e de lecture estim\u00e9e":"2 minutes"},"schema":{"@context":"https:\/\/schema.org","@graph":[{"@type":"WebPage","@id":"https:\/\/usa-b2.com\/fr\/formulaire-esta-en-ligne\/","url":"https:\/\/usa-b2.com\/fr\/formulaire-esta-en-ligne\/","name":"Compl\u00e9ter le formulaire ESTA en ligne - USA B2","isPartOf":{"@id":"https:\/\/usa-b2.com\/fr\/#website"},"datePublished":"2024-02-10T16:58:41+00:00","dateModified":"2026-02-25T14:29:05+00:00","description":"Compl\u00e9tez le formulaire ESTA en ligne pour obtenir une attestation de voyage pour les Etats Unis en quelques minutes","breadcrumb":{"@id":"https:\/\/usa-b2.com\/fr\/formulaire-esta-en-ligne\/#breadcrumb"},"inLanguage":"fr-FR","potentialAction":[{"@type":"ReadAction","target":["https:\/\/usa-b2.com\/fr\/formulaire-esta-en-ligne\/"]}]},{"@type":"BreadcrumbList","@id":"https:\/\/usa-b2.com\/fr\/formulaire-esta-en-ligne\/#breadcrumb","itemListElement":[{"@type":"ListItem","position":1,"name":"Accueil","item":"https:\/\/usa-b2.com\/fr\/"},{"@type":"ListItem","position":2,"name":"Compl\u00e9ter le formulaire ESTA en ligne"}]},{"@type":"WebSite","@id":"https:\/\/usa-b2.com\/fr\/#website","url":"https:\/\/usa-b2.com\/fr\/","name":"USA B2 VISA","description":"","potentialAction":[{"@type":"SearchAction","target":{"@type":"EntryPoint","urlTemplate":"https:\/\/usa-b2.com\/fr\/?s={search_term_string}"},"query-input":{"@type":"PropertyValueSpecification","valueRequired":true,"valueName":"search_term_string"}}],"inLanguage":"fr-FR"}]}},"_links":{"self":[{"href":"https:\/\/usa-b2.com\/fr\/wp-json\/wp\/v2\/pages\/61","targetHints":{"allow":["GET"]}}],"collection":[{"href":"https:\/\/usa-b2.com\/fr\/wp-json\/wp\/v2\/pages"}],"about":[{"href":"https:\/\/usa-b2.com\/fr\/wp-json\/wp\/v2\/types\/page"}],"author":[{"embeddable":true,"href":"https:\/\/usa-b2.com\/fr\/wp-json\/wp\/v2\/users\/1"}],"replies":[{"embeddable":true,"href":"https:\/\/usa-b2.com\/fr\/wp-json\/wp\/v2\/comments?post=61"}],"version-history":[{"count":3,"href":"https:\/\/usa-b2.com\/fr\/wp-json\/wp\/v2\/pages\/61\/revisions"}],"predecessor-version":[{"id":11025,"href":"https:\/\/usa-b2.com\/fr\/wp-json\/wp\/v2\/pages\/61\/revisions\/11025"}],"wp:attachment":[{"href":"https:\/\/usa-b2.com\/fr\/wp-json\/wp\/v2\/media?parent=61"}],"curies":[{"name":"wp","href":"https:\/\/api.w.org\/{rel}","templated":true}]}}