{"id":4446,"date":"2024-11-18T12:39:44","date_gmt":"2024-11-18T12:39:44","guid":{"rendered":"https:\/\/usa-b2.com\/?page_id=4446"},"modified":"2025-10-28T16:32:37","modified_gmt":"2025-10-28T16:32:37","slug":"passeport-pour-voyager-aux-usa","status":"publish","type":"page","link":"https:\/\/usa-b2.com\/fr\/passeport-pour-voyager-aux-usa\/","title":{"rendered":"Quel passeport pour voyager aux Etats Unis"},"content":{"rendered":"\n<h1 class=\"wp-block-heading\">Quels sont les types de passeport autoris\u00e9s pour entrer aux USA ?<\/h1>\n\n\n\n<p>Pour voyager aux \u00c9tats-Unis, certaines exigences sp\u00e9cifiques s&rsquo;appliquent au type de passeport. Voici les crit\u00e8res qui s&rsquo;appliquent aux voyageurs \u00e9trangers souhaitant entrer aux USA :<\/p>\n\n\n\n<ul class=\"wp-block-list\">\n<li>Le passeport du voyageur doit \u00eatre biom\u00e9trique ou \u00e9lectronique.<\/li>\n\n\n\n<li>La validit\u00e9 du passeport doit couvrir au moins 6 mois apr\u00e8s la date pr\u00e9vue de d\u00e9part des \u00c9tats-Unis.<\/li>\n<\/ul>\n\n\n\n<div style=\"height:10px\" aria-hidden=\"true\" class=\"wp-block-spacer\"><\/div>\n\n\n\n<p><strong>\u00c0 noter :<\/strong> La validit\u00e9 du passeport influence \u00e9galement celle de l\u2019autorisation de voyage associ\u00e9e. Si votre passeport expire, le visa obtenu sur le passeport devient automatiquement invalide. Il est n\u00e9cessaire de renouveler le visa aupr\u00e8s d&rsquo;une <a href=\"https:\/\/usa-b2.com\/fr\/ambassade-des-etats-unis\/\">ambassade am\u00e9ricaine<\/a> lorsque le nouveau passeport sera d\u00e9livr\u00e9 .<\/p>\n\n\n\n<h2 class=\"wp-block-heading\">Qu\u2019est-ce qu\u2019un passeport biom\u00e9trique ?<\/h2>\n\n\n\n<p>Le passeport biom\u00e9trique repr\u00e9sente une avanc\u00e9e significative en mati\u00e8re de s\u00e9curit\u00e9 des documents de voyage pour les \u00c9tats-Unis. Ce type de passeport est \u00e9quip\u00e9 d\u2019une puce \u00e9lectronique qui stocke des donn\u00e9es biom\u00e9triques essentielles au d\u00e9tenteur. Ces informations incluent :<\/p>\n\n\n\n<ul class=\"wp-block-list\">\n<li>Les donn\u00e9es personnelles telles que le nom, la date de naissance et l\u2019adresse.<\/li>\n\n\n\n<li>Les donn\u00e9es biom\u00e9triques comme la photo faciale et les empreintes digitales.<\/li>\n<\/ul>\n\n\n\n<div style=\"height:10px\" aria-hidden=\"true\" class=\"wp-block-spacer\"><\/div>\n\n\n\n<p>L\u2019objectif principal du passeport biom\u00e9trique est d&rsquo;am\u00e9liorer la s\u00e9curit\u00e9 et limiter les risques de fraude ou de falsification. Le type de passeport sera v\u00e9rifi\u00e9 lors de la <a href=\"https:\/\/usa-b2.com\/fr\/procedure-demande-visa-b2\/\">proc\u00e9dure de demande de visa<\/a>.<\/p>\n\n\n\n<h2 class=\"wp-block-heading\">Quelle diff\u00e9rence entre un passeport biom\u00e9trique et un passeport \u00e9lectronique ?<\/h2>\n\n\n\n<p>Un passeport \u00e9lectronique d\u00e9signe un document de voyage contenant une puce \u00e9lectronique pour stocker les informations d\u2019identification. Tous les passeports biom\u00e9triques sont des passeports \u00e9lectroniques, mais certains pays diff\u00e9rencient ces deux termes. Un passeport biom\u00e9trique contient des donn\u00e9es sp\u00e9cifiques, comme des empreintes digitales ou des scans faciaux, ce qui n\u2019est pas syst\u00e9matiquement le cas pour tous les passeports \u00e9lectroniques.<\/p>\n\n\n\n<h2 class=\"wp-block-heading\">Comment reconna\u00eetre un passeport biom\u00e9trique ou \u00e9lectronique ?<\/h2>\n\n\n\n<p>Pour identifier si votre passeport est biom\u00e9trique ou \u00e9lectronique, recherchez le symbole dor\u00e9 situ\u00e9 sous le mot \u00ab\u00a0Passeport\u00a0\u00bb sur la couverture. Ce pictogramme, repr\u00e9sentant un cercle entre deux lignes \u00e9paisses, est une indication claire que le passeport dispose d\u2019une puce \u00e9lectronique int\u00e9gr\u00e9e.<\/p>\n","protected":false},"excerpt":{"rendered":"<p>Quels sont les types de passeport autoris\u00e9s pour entrer aux USA ? Pour voyager aux \u00c9tats-Unis, certaines exigences sp\u00e9cifiques s&rsquo;appliquent au type de passeport. Voici les crit\u00e8res qui s&rsquo;appliquent aux voyageurs \u00e9trangers souhaitant entrer aux USA : \u00c0 noter : La validit\u00e9 du passeport influence \u00e9galement celle de l\u2019autorisation de voyage associ\u00e9e. Si votre passeport [&hellip;]<\/p>\n","protected":false},"author":1,"featured_media":0,"parent":0,"menu_order":0,"comment_status":"closed","ping_status":"closed","template":"","meta":{"footnotes":""},"class_list":["post-4446","page","type-page","status-publish","hentry"],"yoast_head":"<!-- This site is optimized with the Yoast SEO plugin v27.4 - https:\/\/yoast.com\/product\/yoast-seo-wordpress\/ -->\n<title>Quel passeport pour voyager aux Etats Unis - USA B2<\/title>\n<meta name=\"description\" content=\"Les \u00c9tats-Unis imposent certaines conditions concernant le type de passeport pour les voyageurs d\u00e9sirant voyager aux Etats Unis\" \/>\n<meta name=\"robots\" content=\"index, follow, max-snippet:-1, max-image-preview:large, max-video-preview:-1\" \/>\n<link rel=\"canonical\" href=\"https:\/\/usa-b2.com\/fr\/passeport-pour-voyager-aux-usa\/\" \/>\n<meta property=\"og:locale\" content=\"fr_FR\" \/>\n<meta property=\"og:type\" content=\"article\" \/>\n<meta property=\"og:title\" content=\"Quel passeport pour voyager aux Etats Unis - USA B2\" \/>\n<meta property=\"og:description\" content=\"Les \u00c9tats-Unis imposent certaines conditions concernant le type de passeport pour les voyageurs d\u00e9sirant voyager aux Etats Unis\" \/>\n<meta property=\"og:url\" content=\"https:\/\/usa-b2.com\/fr\/passeport-pour-voyager-aux-usa\/\" \/>\n<meta property=\"og:site_name\" content=\"USA B2\" \/>\n<meta property=\"article:modified_time\" content=\"2025-10-28T16:32:37+00:00\" \/>\n<meta name=\"twitter:card\" content=\"summary_large_image\" \/>\n<meta name=\"twitter:label1\" content=\"Dur\u00e9e de lecture estim\u00e9e\" \/>\n\t<meta name=\"twitter:data1\" content=\"2 minutes\" \/>\n<script type=\"application\/ld+json\" class=\"yoast-schema-graph\">{\"@context\":\"https:\\\/\\\/schema.org\",\"@graph\":[{\"@type\":\"WebPage\",\"@id\":\"https:\\\/\\\/usa-b2.com\\\/fr\\\/passeport-pour-voyager-aux-usa\\\/\",\"url\":\"https:\\\/\\\/usa-b2.com\\\/fr\\\/passeport-pour-voyager-aux-usa\\\/\",\"name\":\"Quel passeport pour voyager aux Etats Unis - USA B2\",\"isPartOf\":{\"@id\":\"https:\\\/\\\/usa-b2.com\\\/fr\\\/#website\"},\"datePublished\":\"2024-11-18T12:39:44+00:00\",\"dateModified\":\"2025-10-28T16:32:37+00:00\",\"description\":\"Les \u00c9tats-Unis imposent certaines conditions concernant le type de passeport pour les voyageurs d\u00e9sirant voyager aux Etats Unis\",\"breadcrumb\":{\"@id\":\"https:\\\/\\\/usa-b2.com\\\/fr\\\/passeport-pour-voyager-aux-usa\\\/#breadcrumb\"},\"inLanguage\":\"fr-FR\",\"potentialAction\":[{\"@type\":\"ReadAction\",\"target\":[\"https:\\\/\\\/usa-b2.com\\\/fr\\\/passeport-pour-voyager-aux-usa\\\/\"]}]},{\"@type\":\"BreadcrumbList\",\"@id\":\"https:\\\/\\\/usa-b2.com\\\/fr\\\/passeport-pour-voyager-aux-usa\\\/#breadcrumb\",\"itemListElement\":[{\"@type\":\"ListItem\",\"position\":1,\"name\":\"Accueil\",\"item\":\"https:\\\/\\\/usa-b2.com\\\/fr\\\/\"},{\"@type\":\"ListItem\",\"position\":2,\"name\":\"Quel passeport pour voyager aux Etats Unis\"}]},{\"@type\":\"WebSite\",\"@id\":\"https:\\\/\\\/usa-b2.com\\\/fr\\\/#website\",\"url\":\"https:\\\/\\\/usa-b2.com\\\/fr\\\/\",\"name\":\"USA B2 VISA\",\"description\":\"\",\"potentialAction\":[{\"@type\":\"SearchAction\",\"target\":{\"@type\":\"EntryPoint\",\"urlTemplate\":\"https:\\\/\\\/usa-b2.com\\\/fr\\\/?s={search_term_string}\"},\"query-input\":{\"@type\":\"PropertyValueSpecification\",\"valueRequired\":true,\"valueName\":\"search_term_string\"}}],\"inLanguage\":\"fr-FR\"}]}<\/script>\n<!-- \/ Yoast SEO plugin. -->","yoast_head_json":{"title":"Quel passeport pour voyager aux Etats Unis - USA B2","description":"Les \u00c9tats-Unis imposent certaines conditions concernant le type de passeport pour les voyageurs d\u00e9sirant voyager aux Etats Unis","robots":{"index":"index","follow":"follow","max-snippet":"max-snippet:-1","max-image-preview":"max-image-preview:large","max-video-preview":"max-video-preview:-1"},"canonical":"https:\/\/usa-b2.com\/fr\/passeport-pour-voyager-aux-usa\/","og_locale":"fr_FR","og_type":"article","og_title":"Quel passeport pour voyager aux Etats Unis - USA B2","og_description":"Les \u00c9tats-Unis imposent certaines conditions concernant le type de passeport pour les voyageurs d\u00e9sirant voyager aux Etats Unis","og_url":"https:\/\/usa-b2.com\/fr\/passeport-pour-voyager-aux-usa\/","og_site_name":"USA B2","article_modified_time":"2025-10-28T16:32:37+00:00","twitter_card":"summary_large_image","twitter_misc":{"Dur\u00e9e de lecture estim\u00e9e":"2 minutes"},"schema":{"@context":"https:\/\/schema.org","@graph":[{"@type":"WebPage","@id":"https:\/\/usa-b2.com\/fr\/passeport-pour-voyager-aux-usa\/","url":"https:\/\/usa-b2.com\/fr\/passeport-pour-voyager-aux-usa\/","name":"Quel passeport pour voyager aux Etats Unis - USA B2","isPartOf":{"@id":"https:\/\/usa-b2.com\/fr\/#website"},"datePublished":"2024-11-18T12:39:44+00:00","dateModified":"2025-10-28T16:32:37+00:00","description":"Les \u00c9tats-Unis imposent certaines conditions concernant le type de passeport pour les voyageurs d\u00e9sirant voyager aux Etats Unis","breadcrumb":{"@id":"https:\/\/usa-b2.com\/fr\/passeport-pour-voyager-aux-usa\/#breadcrumb"},"inLanguage":"fr-FR","potentialAction":[{"@type":"ReadAction","target":["https:\/\/usa-b2.com\/fr\/passeport-pour-voyager-aux-usa\/"]}]},{"@type":"BreadcrumbList","@id":"https:\/\/usa-b2.com\/fr\/passeport-pour-voyager-aux-usa\/#breadcrumb","itemListElement":[{"@type":"ListItem","position":1,"name":"Accueil","item":"https:\/\/usa-b2.com\/fr\/"},{"@type":"ListItem","position":2,"name":"Quel passeport pour voyager aux Etats Unis"}]},{"@type":"WebSite","@id":"https:\/\/usa-b2.com\/fr\/#website","url":"https:\/\/usa-b2.com\/fr\/","name":"USA B2 VISA","description":"","potentialAction":[{"@type":"SearchAction","target":{"@type":"EntryPoint","urlTemplate":"https:\/\/usa-b2.com\/fr\/?s={search_term_string}"},"query-input":{"@type":"PropertyValueSpecification","valueRequired":true,"valueName":"search_term_string"}}],"inLanguage":"fr-FR"}]}},"_links":{"self":[{"href":"https:\/\/usa-b2.com\/fr\/wp-json\/wp\/v2\/pages\/4446","targetHints":{"allow":["GET"]}}],"collection":[{"href":"https:\/\/usa-b2.com\/fr\/wp-json\/wp\/v2\/pages"}],"about":[{"href":"https:\/\/usa-b2.com\/fr\/wp-json\/wp\/v2\/types\/page"}],"author":[{"embeddable":true,"href":"https:\/\/usa-b2.com\/fr\/wp-json\/wp\/v2\/users\/1"}],"replies":[{"embeddable":true,"href":"https:\/\/usa-b2.com\/fr\/wp-json\/wp\/v2\/comments?post=4446"}],"version-history":[{"count":5,"href":"https:\/\/usa-b2.com\/fr\/wp-json\/wp\/v2\/pages\/4446\/revisions"}],"predecessor-version":[{"id":10675,"href":"https:\/\/usa-b2.com\/fr\/wp-json\/wp\/v2\/pages\/4446\/revisions\/10675"}],"wp:attachment":[{"href":"https:\/\/usa-b2.com\/fr\/wp-json\/wp\/v2\/media?parent=4446"}],"curies":[{"name":"wp","href":"https:\/\/api.w.org\/{rel}","templated":true}]}}