{"id":3312,"date":"2024-07-17T10:04:38","date_gmt":"2024-07-17T10:04:38","guid":{"rendered":"https:\/\/usa-b2.com\/?page_id=3312"},"modified":"2025-12-17T15:32:38","modified_gmt":"2025-12-17T15:32:38","slug":"c-est-quoi-une-esta","status":"publish","type":"page","link":"https:\/\/usa-b2.com\/fr\/c-est-quoi-une-esta\/","title":{"rendered":"Qu&rsquo;est ce qu&rsquo;une autorisation ESTA"},"content":{"rendered":"\n<h1 class=\"wp-block-heading\">Qu&rsquo;est-ce que l&rsquo;ESTA ?<\/h1>\n\n\n\n<p>L&rsquo;ESTA signifie Electronic System for Travel Authorization. Il s&rsquo;agit d&rsquo;un syst\u00e8me \u00e9lectronique mis en place par les \u00c9tats-Unis pour pr\u00e9-s\u00e9lectionner les voyageurs avant leur entr\u00e9e sur le territoire am\u00e9ricain. Ce dispositif a \u00e9t\u00e9 mis en place dans le cadre du programme d&rsquo;exemption de visa am\u00e9ricain. Ce programme permet aux citoyens de 41 pays de se rendre aux \u00c9tats-Unis pour des s\u00e9jours de maximum 90 jours sans avoir besoin de visa. <\/p>\n\n\n\n<p><strong>Pour obtenir une autorisation de voyage en quelques minutes<\/strong>, il suffit de compl\u00e9ter le <a href=\"https:\/\/usa-b2.com\/fr\/formulaire-esta-en-ligne\/\">formulaire ESTA en ligne<\/a>.<\/p>\n\n\n\n<div style=\"height:10px\" aria-hidden=\"true\" class=\"wp-block-spacer\"><\/div>\n\n\n\n<h2 class=\"wp-block-heading\">Fonctionnement de l&rsquo;ESTA<\/h2>\n\n\n\n<p>L&rsquo;ESTA est con\u00e7u pour simplifier et s\u00e9curiser les voyages vers les \u00c9tats-Unis. Voici comment il fonctionne :<\/p>\n\n\n\n<ol class=\"wp-block-list\">\n<li><strong>Soumettre une demande en ligne<\/strong> : Les voyageurs doivent remplir le <a href=\"https:\/\/usa-b2.com\/fr\/formulaire-esta-en-ligne\/\">formulaire ESTA en ligne<\/a> sur le site officiel de l&rsquo;ESTA. Le formulaire demande des informations personnelles, des d\u00e9tails sur le voyage, et des r\u00e9ponses \u00e0 des questions de s\u00e9curit\u00e9.<\/li>\n\n\n\n<li><strong>Payer les frais ESTA<\/strong> : Une fois le formulaire rempli, les demandeurs doivent payer en ligne par carte bancaire des frais de 40 USD pour finaliser leur demande ESTA.<\/li>\n\n\n\n<li><strong>Traitement de la demande<\/strong> : Les d\u00e9lais de traitement des demandes ESTA sont tr\u00e8s courts. La plupart des demandes sont trait\u00e9es en quelques minutes, mais il est recommand\u00e9 de soumettre la demande au moins 72 heures avant le d\u00e9part.<\/li>\n\n\n\n<li><strong>R\u00e9ception de l&rsquo;autorisation ESTA<\/strong> : Si la demande est approuv\u00e9e, une <a href=\"https:\/\/usa-b2.com\/fr\/esta-duree-validite\/\">autorisation ESTA est valide<\/a> pour deux ans ou jusqu&rsquo;\u00e0 l&rsquo;expiration du passeport. L&rsquo;attestation <a href=\"https:\/\/usa-b2.com\/fr\/imprimer-esta\/\">ESTA peut \u00eatre imprim\u00e9<\/a>, elle permet d&rsquo;effectuer de multiples s\u00e9jours de 90 jours maximum.<\/li>\n<\/ol>\n\n\n\n<h3 class=\"wp-block-heading\">Pays \u00c9ligibles du VWP<\/h3>\n\n\n\n<p>L&rsquo;ESTA est disponible pour les citoyens des pays participants au <a href=\"https:\/\/usa-b2.com\/fr\/visa-waiver-program\/\">Visa Waiver Program<\/a>. La liste des 41 pays \u00e9ligibles inclue la plupart des pays europ\u00e9ens, le Japon, la Cor\u00e9e du Sud, l&rsquo;Australie, et plusieurs autres pays dont l&rsquo;Isra\u00ebl. <\/p>\n\n\n\n<h3 class=\"wp-block-heading\">Conditions d&rsquo;\u00c9ligibilit\u00e9 de l&rsquo;ESTA<\/h3>\n\n\n\n<p>Pour \u00eatre \u00e9ligible \u00e0 l&rsquo;ESTA, les voyageurs doivent :<\/p>\n\n\n\n<ul class=\"wp-block-list\">\n<li>\u00catre citoyens d&rsquo;un pays participant au programme d&rsquo;exemption de visa ;<\/li>\n\n\n\n<li>Ne pas avoir de <a href=\"https:\/\/usa-b2.com\/fr\/visa-b2\/\">visa B2 touristique<\/a> ou de <a href=\"https:\/\/usa-b2.com\/fr\/visa-transit-usa\/\">visa de transit<\/a> pour les USA en cours de validit\u00e9 ;<\/li>\n\n\n\n<li>Pr\u00e9voir un s\u00e9jour de 90 jours ou moins pour affaires, tourisme ou transit ;<\/li>\n\n\n\n<li>Avoir un <a href=\"https:\/\/usa-b2.com\/fr\/passeport-pour-voyager-aux-usa\/\">passeport \u00e9lectronique valide<\/a>.<\/li>\n<\/ul>\n\n\n\n<h3 class=\"wp-block-heading\">Avantages de l&rsquo;ESTA<\/h3>\n\n\n\n<ul class=\"wp-block-list\">\n<li><strong>Rapidit\u00e9 et commodit\u00e9<\/strong> : Le processus en ligne est rapide et facile, permettant d&rsquo;obtenir une autorisation de voyage sans avoir besoin de se rendre \u00e0 une ambassade ou un consulat.<\/li>\n\n\n\n<li><strong>Validit\u00e9 de 2 ans<\/strong> : Une fois approuv\u00e9e, <a href=\"https:\/\/usa-b2.com\/fr\/esta-duree-validite\/\">l&rsquo;autorisation ESTA est valable pour deux ans<\/a>, permettant des entr\u00e9es multiples aux \u00c9tats-Unis sans besoin de nouvelles demandes \u00e0 chaque voyage.<\/li>\n\n\n\n<li><strong>Renforcement de la s\u00e9curit\u00e9<\/strong> : L&rsquo;ESTA permet aux autorit\u00e9s am\u00e9ricaines de s\u00e9lectionner les voyageurs et de renforcer la s\u00e9curit\u00e9 aux fronti\u00e8res.<\/li>\n<\/ul>\n\n\n\n<div style=\"height:10px\" aria-hidden=\"true\" class=\"wp-block-spacer\"><\/div>\n","protected":false},"excerpt":{"rendered":"<p>Qu&rsquo;est-ce que l&rsquo;ESTA ? L&rsquo;ESTA signifie Electronic System for Travel Authorization. Il s&rsquo;agit d&rsquo;un syst\u00e8me \u00e9lectronique mis en place par les \u00c9tats-Unis pour pr\u00e9-s\u00e9lectionner les voyageurs avant leur entr\u00e9e sur le territoire am\u00e9ricain. Ce dispositif a \u00e9t\u00e9 mis en place dans le cadre du programme d&rsquo;exemption de visa am\u00e9ricain. Ce programme permet aux citoyens de [&hellip;]<\/p>\n","protected":false},"author":1,"featured_media":0,"parent":0,"menu_order":0,"comment_status":"closed","ping_status":"closed","template":"","meta":{"footnotes":""},"class_list":["post-3312","page","type-page","status-publish","hentry"],"yoast_head":"<!-- This site is optimized with the Yoast SEO plugin v27.4 - https:\/\/yoast.com\/product\/yoast-seo-wordpress\/ -->\n<title>Qu&#039;est ce qu&#039;une autorisation ESTA - USA B2<\/title>\n<meta name=\"description\" content=\"On vous explique en d\u00e9tail ce qu&#039;est une autorisation \u00e9lectronique de voyage ESTA pour s\u00e9journer aux Etats Unis\" \/>\n<meta name=\"robots\" content=\"index, follow, max-snippet:-1, max-image-preview:large, max-video-preview:-1\" \/>\n<link rel=\"canonical\" href=\"https:\/\/usa-b2.com\/fr\/c-est-quoi-une-esta\/\" \/>\n<meta property=\"og:locale\" content=\"fr_FR\" \/>\n<meta property=\"og:type\" content=\"article\" \/>\n<meta property=\"og:title\" content=\"Qu&#039;est ce qu&#039;une autorisation ESTA - USA B2\" \/>\n<meta property=\"og:description\" content=\"On vous explique en d\u00e9tail ce qu&#039;est une autorisation \u00e9lectronique de voyage ESTA pour s\u00e9journer aux Etats Unis\" \/>\n<meta property=\"og:url\" content=\"https:\/\/usa-b2.com\/fr\/c-est-quoi-une-esta\/\" \/>\n<meta property=\"og:site_name\" content=\"USA B2\" \/>\n<meta property=\"article:modified_time\" content=\"2025-12-17T15:32:38+00:00\" \/>\n<meta name=\"twitter:card\" content=\"summary_large_image\" \/>\n<meta name=\"twitter:label1\" content=\"Dur\u00e9e de lecture estim\u00e9e\" \/>\n\t<meta name=\"twitter:data1\" content=\"3 minutes\" \/>\n<script type=\"application\/ld+json\" class=\"yoast-schema-graph\">{\"@context\":\"https:\\\/\\\/schema.org\",\"@graph\":[{\"@type\":\"WebPage\",\"@id\":\"https:\\\/\\\/usa-b2.com\\\/fr\\\/c-est-quoi-une-esta\\\/\",\"url\":\"https:\\\/\\\/usa-b2.com\\\/fr\\\/c-est-quoi-une-esta\\\/\",\"name\":\"Qu'est ce qu'une autorisation ESTA - USA B2\",\"isPartOf\":{\"@id\":\"https:\\\/\\\/usa-b2.com\\\/fr\\\/#website\"},\"datePublished\":\"2024-07-17T10:04:38+00:00\",\"dateModified\":\"2025-12-17T15:32:38+00:00\",\"description\":\"On vous explique en d\u00e9tail ce qu'est une autorisation \u00e9lectronique de voyage ESTA pour s\u00e9journer aux Etats Unis\",\"breadcrumb\":{\"@id\":\"https:\\\/\\\/usa-b2.com\\\/fr\\\/c-est-quoi-une-esta\\\/#breadcrumb\"},\"inLanguage\":\"fr-FR\",\"potentialAction\":[{\"@type\":\"ReadAction\",\"target\":[\"https:\\\/\\\/usa-b2.com\\\/fr\\\/c-est-quoi-une-esta\\\/\"]}]},{\"@type\":\"BreadcrumbList\",\"@id\":\"https:\\\/\\\/usa-b2.com\\\/fr\\\/c-est-quoi-une-esta\\\/#breadcrumb\",\"itemListElement\":[{\"@type\":\"ListItem\",\"position\":1,\"name\":\"Accueil\",\"item\":\"https:\\\/\\\/usa-b2.com\\\/fr\\\/\"},{\"@type\":\"ListItem\",\"position\":2,\"name\":\"Qu&rsquo;est ce qu&rsquo;une autorisation ESTA\"}]},{\"@type\":\"WebSite\",\"@id\":\"https:\\\/\\\/usa-b2.com\\\/fr\\\/#website\",\"url\":\"https:\\\/\\\/usa-b2.com\\\/fr\\\/\",\"name\":\"USA B2 VISA\",\"description\":\"\",\"potentialAction\":[{\"@type\":\"SearchAction\",\"target\":{\"@type\":\"EntryPoint\",\"urlTemplate\":\"https:\\\/\\\/usa-b2.com\\\/fr\\\/?s={search_term_string}\"},\"query-input\":{\"@type\":\"PropertyValueSpecification\",\"valueRequired\":true,\"valueName\":\"search_term_string\"}}],\"inLanguage\":\"fr-FR\"}]}<\/script>\n<!-- \/ Yoast SEO plugin. -->","yoast_head_json":{"title":"Qu'est ce qu'une autorisation ESTA - USA B2","description":"On vous explique en d\u00e9tail ce qu'est une autorisation \u00e9lectronique de voyage ESTA pour s\u00e9journer aux Etats Unis","robots":{"index":"index","follow":"follow","max-snippet":"max-snippet:-1","max-image-preview":"max-image-preview:large","max-video-preview":"max-video-preview:-1"},"canonical":"https:\/\/usa-b2.com\/fr\/c-est-quoi-une-esta\/","og_locale":"fr_FR","og_type":"article","og_title":"Qu'est ce qu'une autorisation ESTA - USA B2","og_description":"On vous explique en d\u00e9tail ce qu'est une autorisation \u00e9lectronique de voyage ESTA pour s\u00e9journer aux Etats Unis","og_url":"https:\/\/usa-b2.com\/fr\/c-est-quoi-une-esta\/","og_site_name":"USA B2","article_modified_time":"2025-12-17T15:32:38+00:00","twitter_card":"summary_large_image","twitter_misc":{"Dur\u00e9e de lecture estim\u00e9e":"3 minutes"},"schema":{"@context":"https:\/\/schema.org","@graph":[{"@type":"WebPage","@id":"https:\/\/usa-b2.com\/fr\/c-est-quoi-une-esta\/","url":"https:\/\/usa-b2.com\/fr\/c-est-quoi-une-esta\/","name":"Qu'est ce qu'une autorisation ESTA - USA B2","isPartOf":{"@id":"https:\/\/usa-b2.com\/fr\/#website"},"datePublished":"2024-07-17T10:04:38+00:00","dateModified":"2025-12-17T15:32:38+00:00","description":"On vous explique en d\u00e9tail ce qu'est une autorisation \u00e9lectronique de voyage ESTA pour s\u00e9journer aux Etats Unis","breadcrumb":{"@id":"https:\/\/usa-b2.com\/fr\/c-est-quoi-une-esta\/#breadcrumb"},"inLanguage":"fr-FR","potentialAction":[{"@type":"ReadAction","target":["https:\/\/usa-b2.com\/fr\/c-est-quoi-une-esta\/"]}]},{"@type":"BreadcrumbList","@id":"https:\/\/usa-b2.com\/fr\/c-est-quoi-une-esta\/#breadcrumb","itemListElement":[{"@type":"ListItem","position":1,"name":"Accueil","item":"https:\/\/usa-b2.com\/fr\/"},{"@type":"ListItem","position":2,"name":"Qu&rsquo;est ce qu&rsquo;une autorisation ESTA"}]},{"@type":"WebSite","@id":"https:\/\/usa-b2.com\/fr\/#website","url":"https:\/\/usa-b2.com\/fr\/","name":"USA B2 VISA","description":"","potentialAction":[{"@type":"SearchAction","target":{"@type":"EntryPoint","urlTemplate":"https:\/\/usa-b2.com\/fr\/?s={search_term_string}"},"query-input":{"@type":"PropertyValueSpecification","valueRequired":true,"valueName":"search_term_string"}}],"inLanguage":"fr-FR"}]}},"_links":{"self":[{"href":"https:\/\/usa-b2.com\/fr\/wp-json\/wp\/v2\/pages\/3312","targetHints":{"allow":["GET"]}}],"collection":[{"href":"https:\/\/usa-b2.com\/fr\/wp-json\/wp\/v2\/pages"}],"about":[{"href":"https:\/\/usa-b2.com\/fr\/wp-json\/wp\/v2\/types\/page"}],"author":[{"embeddable":true,"href":"https:\/\/usa-b2.com\/fr\/wp-json\/wp\/v2\/users\/1"}],"replies":[{"embeddable":true,"href":"https:\/\/usa-b2.com\/fr\/wp-json\/wp\/v2\/comments?post=3312"}],"version-history":[{"count":2,"href":"https:\/\/usa-b2.com\/fr\/wp-json\/wp\/v2\/pages\/3312\/revisions"}],"predecessor-version":[{"id":10923,"href":"https:\/\/usa-b2.com\/fr\/wp-json\/wp\/v2\/pages\/3312\/revisions\/10923"}],"wp:attachment":[{"href":"https:\/\/usa-b2.com\/fr\/wp-json\/wp\/v2\/media?parent=3312"}],"curies":[{"name":"wp","href":"https:\/\/api.w.org\/{rel}","templated":true}]}}