{"id":2814,"date":"2024-06-25T15:44:50","date_gmt":"2024-06-25T15:44:50","guid":{"rendered":"https:\/\/usa-b2.com\/?page_id=2814"},"modified":"2025-10-13T12:34:59","modified_gmt":"2025-10-13T12:34:59","slug":"imprimer-esta","status":"publish","type":"page","link":"https:\/\/usa-b2.com\/fr\/imprimer-esta\/","title":{"rendered":"Est-il n\u00e9cessaire d&rsquo;imprimer une ESTA"},"content":{"rendered":"\n<h1 class=\"wp-block-heading\">Imprimer son ESTA pour voyager aux USA<\/h1>\n\n\n\n<p>L\u2019autorisation ESTA est une attestation \u00e9lectronique de voyage. Cela signifie qu\u2019elle s\u2019obtient uniquement en ligne sur le web et que la confirmation d\u2019obtention est transmise par email. Les voyageurs se demandent donc s\u2019il est n\u00e9cessaire d\u2019imprimer son autorisation ESTA avant de voyager aux Etats Unis.<\/p>\n\n\n\n<p><strong>Pour obtenir une autorisation de voyage en quelques minutes <\/strong>: il suffit de cliquer sur&nbsp;<a href=\"https:\/\/usa-b2.com\/fr\/formulaire-esta-en-ligne\/\">formulaire ESTA en ligne<\/a>.<\/p>\n\n\n\n<div style=\"height:10px\" aria-hidden=\"true\" class=\"wp-block-spacer\"><\/div>\n\n\n\n<h2 class=\"wp-block-heading\">Faut-il imprimer sur papier son ESTA ?<\/h2>\n\n\n\n<p><strong>Il n\u2019est pas n\u00e9cessaire d\u2019avoir une autorisation ESTA sur papier<\/strong>&nbsp;lorsque l\u2019on arrive aux Etats Unis. Les agents en charge de la protection des fronti\u00e8res consultent dans le syst\u00e8me informatique le statut de l\u2019autorisation ESTA.&nbsp;Malgr\u00e9 tout, il est parfois rassurant d\u2019imprimer un exemplaire de l\u2019attestation ESTA approuv\u00e9e et l\u2019emporter avec ses documents de voyage.<\/p>\n\n\n\n<p>Une <a href=\"https:\/\/usa-b2.com\/fr\/difference-entre-visa-et-esta\/\">ESTA n\u2019est pas un\u00a0visa pour les USA<\/a>. Dans le cas du <a href=\"https:\/\/usa-b2.com\/fr\/visa-b2\/\">visa B2<\/a>, le voyageur re\u00e7oit un visa imprim\u00e9 et obligatoirement coll\u00e9 dans son <a href=\"https:\/\/usa-b2.com\/fr\/passeport-pour-voyager-aux-usa\/\">passeport pour voyager aux Etats Unis<\/a>. Pour plus d&rsquo;information vous pouvez consulter notre page explicative sur <a href=\"https:\/\/usa-b2.com\/fr\/c-est-quoi-une-esta\/\">ce qu&rsquo;est l&rsquo;ESTA<\/a>.<\/p>\n\n\n\n<h2 class=\"wp-block-heading\">Comment imprimer son ESTA ?<\/h2>\n\n\n\n<p>Lorsque la demande est approuv\u00e9e par le site ESTA officiel, il est possible de l\u2019imprimer \u00e0 partir de l\u2019email de confirmation re\u00e7u. Le voyageur re\u00e7oit \u00e9galement un re\u00e7u \u00e9lectronique du paiement de l\u2019ESTA.<\/p>\n\n\n\n<p><\/p>\n","protected":false},"excerpt":{"rendered":"<p>Imprimer son ESTA pour voyager aux USA L\u2019autorisation ESTA est une attestation \u00e9lectronique de voyage. Cela signifie qu\u2019elle s\u2019obtient uniquement en ligne sur le web et que la confirmation d\u2019obtention est transmise par email. Les voyageurs se demandent donc s\u2019il est n\u00e9cessaire d\u2019imprimer son autorisation ESTA avant de voyager aux Etats Unis. Pour obtenir une [&hellip;]<\/p>\n","protected":false},"author":1,"featured_media":0,"parent":0,"menu_order":0,"comment_status":"closed","ping_status":"closed","template":"","meta":{"footnotes":""},"class_list":["post-2814","page","type-page","status-publish","hentry"],"yoast_head":"<!-- This site is optimized with the Yoast SEO plugin v27.4 - https:\/\/yoast.com\/product\/yoast-seo-wordpress\/ -->\n<title>Est-il n\u00e9cessaire d&#039;imprimer une ESTA - USA B2<\/title>\n<meta name=\"description\" content=\"Est il n\u00e9cessaire d&#039;imprimer son attestation de voyage \u00e9lectronique ESTA pour voyager vers les Etats Unis\" \/>\n<meta name=\"robots\" content=\"index, follow, max-snippet:-1, max-image-preview:large, max-video-preview:-1\" \/>\n<link rel=\"canonical\" href=\"https:\/\/usa-b2.com\/fr\/imprimer-esta\/\" \/>\n<meta property=\"og:locale\" content=\"fr_FR\" \/>\n<meta property=\"og:type\" content=\"article\" \/>\n<meta property=\"og:title\" content=\"Est-il n\u00e9cessaire d&#039;imprimer une ESTA - USA B2\" \/>\n<meta property=\"og:description\" content=\"Est il n\u00e9cessaire d&#039;imprimer son attestation de voyage \u00e9lectronique ESTA pour voyager vers les Etats Unis\" \/>\n<meta property=\"og:url\" content=\"https:\/\/usa-b2.com\/fr\/imprimer-esta\/\" \/>\n<meta property=\"og:site_name\" content=\"USA B2\" \/>\n<meta property=\"article:modified_time\" content=\"2025-10-13T12:34:59+00:00\" \/>\n<meta name=\"twitter:card\" content=\"summary_large_image\" \/>\n<meta name=\"twitter:label1\" content=\"Dur\u00e9e de lecture estim\u00e9e\" \/>\n\t<meta name=\"twitter:data1\" content=\"2 minutes\" \/>\n<script type=\"application\/ld+json\" class=\"yoast-schema-graph\">{\"@context\":\"https:\\\/\\\/schema.org\",\"@graph\":[{\"@type\":\"WebPage\",\"@id\":\"https:\\\/\\\/usa-b2.com\\\/fr\\\/imprimer-esta\\\/\",\"url\":\"https:\\\/\\\/usa-b2.com\\\/fr\\\/imprimer-esta\\\/\",\"name\":\"Est-il n\u00e9cessaire d'imprimer une ESTA - USA B2\",\"isPartOf\":{\"@id\":\"https:\\\/\\\/usa-b2.com\\\/fr\\\/#website\"},\"datePublished\":\"2024-06-25T15:44:50+00:00\",\"dateModified\":\"2025-10-13T12:34:59+00:00\",\"description\":\"Est il n\u00e9cessaire d'imprimer son attestation de voyage \u00e9lectronique ESTA pour voyager vers les Etats Unis\",\"breadcrumb\":{\"@id\":\"https:\\\/\\\/usa-b2.com\\\/fr\\\/imprimer-esta\\\/#breadcrumb\"},\"inLanguage\":\"fr-FR\",\"potentialAction\":[{\"@type\":\"ReadAction\",\"target\":[\"https:\\\/\\\/usa-b2.com\\\/fr\\\/imprimer-esta\\\/\"]}]},{\"@type\":\"BreadcrumbList\",\"@id\":\"https:\\\/\\\/usa-b2.com\\\/fr\\\/imprimer-esta\\\/#breadcrumb\",\"itemListElement\":[{\"@type\":\"ListItem\",\"position\":1,\"name\":\"Accueil\",\"item\":\"https:\\\/\\\/usa-b2.com\\\/fr\\\/\"},{\"@type\":\"ListItem\",\"position\":2,\"name\":\"Est-il n\u00e9cessaire d&rsquo;imprimer une ESTA\"}]},{\"@type\":\"WebSite\",\"@id\":\"https:\\\/\\\/usa-b2.com\\\/fr\\\/#website\",\"url\":\"https:\\\/\\\/usa-b2.com\\\/fr\\\/\",\"name\":\"USA B2 VISA\",\"description\":\"\",\"potentialAction\":[{\"@type\":\"SearchAction\",\"target\":{\"@type\":\"EntryPoint\",\"urlTemplate\":\"https:\\\/\\\/usa-b2.com\\\/fr\\\/?s={search_term_string}\"},\"query-input\":{\"@type\":\"PropertyValueSpecification\",\"valueRequired\":true,\"valueName\":\"search_term_string\"}}],\"inLanguage\":\"fr-FR\"}]}<\/script>\n<!-- \/ Yoast SEO plugin. -->","yoast_head_json":{"title":"Est-il n\u00e9cessaire d'imprimer une ESTA - USA B2","description":"Est il n\u00e9cessaire d'imprimer son attestation de voyage \u00e9lectronique ESTA pour voyager vers les Etats Unis","robots":{"index":"index","follow":"follow","max-snippet":"max-snippet:-1","max-image-preview":"max-image-preview:large","max-video-preview":"max-video-preview:-1"},"canonical":"https:\/\/usa-b2.com\/fr\/imprimer-esta\/","og_locale":"fr_FR","og_type":"article","og_title":"Est-il n\u00e9cessaire d'imprimer une ESTA - USA B2","og_description":"Est il n\u00e9cessaire d'imprimer son attestation de voyage \u00e9lectronique ESTA pour voyager vers les Etats Unis","og_url":"https:\/\/usa-b2.com\/fr\/imprimer-esta\/","og_site_name":"USA B2","article_modified_time":"2025-10-13T12:34:59+00:00","twitter_card":"summary_large_image","twitter_misc":{"Dur\u00e9e de lecture estim\u00e9e":"2 minutes"},"schema":{"@context":"https:\/\/schema.org","@graph":[{"@type":"WebPage","@id":"https:\/\/usa-b2.com\/fr\/imprimer-esta\/","url":"https:\/\/usa-b2.com\/fr\/imprimer-esta\/","name":"Est-il n\u00e9cessaire d'imprimer une ESTA - USA B2","isPartOf":{"@id":"https:\/\/usa-b2.com\/fr\/#website"},"datePublished":"2024-06-25T15:44:50+00:00","dateModified":"2025-10-13T12:34:59+00:00","description":"Est il n\u00e9cessaire d'imprimer son attestation de voyage \u00e9lectronique ESTA pour voyager vers les Etats Unis","breadcrumb":{"@id":"https:\/\/usa-b2.com\/fr\/imprimer-esta\/#breadcrumb"},"inLanguage":"fr-FR","potentialAction":[{"@type":"ReadAction","target":["https:\/\/usa-b2.com\/fr\/imprimer-esta\/"]}]},{"@type":"BreadcrumbList","@id":"https:\/\/usa-b2.com\/fr\/imprimer-esta\/#breadcrumb","itemListElement":[{"@type":"ListItem","position":1,"name":"Accueil","item":"https:\/\/usa-b2.com\/fr\/"},{"@type":"ListItem","position":2,"name":"Est-il n\u00e9cessaire d&rsquo;imprimer une ESTA"}]},{"@type":"WebSite","@id":"https:\/\/usa-b2.com\/fr\/#website","url":"https:\/\/usa-b2.com\/fr\/","name":"USA B2 VISA","description":"","potentialAction":[{"@type":"SearchAction","target":{"@type":"EntryPoint","urlTemplate":"https:\/\/usa-b2.com\/fr\/?s={search_term_string}"},"query-input":{"@type":"PropertyValueSpecification","valueRequired":true,"valueName":"search_term_string"}}],"inLanguage":"fr-FR"}]}},"_links":{"self":[{"href":"https:\/\/usa-b2.com\/fr\/wp-json\/wp\/v2\/pages\/2814","targetHints":{"allow":["GET"]}}],"collection":[{"href":"https:\/\/usa-b2.com\/fr\/wp-json\/wp\/v2\/pages"}],"about":[{"href":"https:\/\/usa-b2.com\/fr\/wp-json\/wp\/v2\/types\/page"}],"author":[{"embeddable":true,"href":"https:\/\/usa-b2.com\/fr\/wp-json\/wp\/v2\/users\/1"}],"replies":[{"embeddable":true,"href":"https:\/\/usa-b2.com\/fr\/wp-json\/wp\/v2\/comments?post=2814"}],"version-history":[{"count":2,"href":"https:\/\/usa-b2.com\/fr\/wp-json\/wp\/v2\/pages\/2814\/revisions"}],"predecessor-version":[{"id":9939,"href":"https:\/\/usa-b2.com\/fr\/wp-json\/wp\/v2\/pages\/2814\/revisions\/9939"}],"wp:attachment":[{"href":"https:\/\/usa-b2.com\/fr\/wp-json\/wp\/v2\/media?parent=2814"}],"curies":[{"name":"wp","href":"https:\/\/api.w.org\/{rel}","templated":true}]}}