{"id":2737,"date":"2024-06-25T10:10:23","date_gmt":"2024-06-25T10:10:23","guid":{"rendered":"https:\/\/usa-b2.com\/?page_id=2737"},"modified":"2025-10-13T12:25:56","modified_gmt":"2025-10-13T12:25:56","slug":"esta-duree-validite","status":"publish","type":"page","link":"https:\/\/usa-b2.com\/fr\/esta-duree-validite\/","title":{"rendered":"L&rsquo;ESTA est limit\u00e9 par sa dur\u00e9e de validit\u00e9"},"content":{"rendered":"\n<h1 class=\"wp-block-heading\">La dur\u00e9e de validit\u00e9 d\u2019une autorisation ESTA<\/h1>\n\n\n\n<p>Une autorisation de voyage ESTA a une date de validit\u00e9 limit\u00e9e dans le temps. Pour renouveler une autorisation ESTA pour les \u00c9tats-Unis, il suffit de compl\u00e9ter le <a href=\"https:\/\/usa-b2.com\/fr\/formulaire-esta-en-ligne\/\">formulaire ESTA en ligne<\/a>.<\/p>\n\n\n\n<div style=\"height:10px\" aria-hidden=\"true\" class=\"wp-block-spacer\"><\/div>\n\n\n\n<h2 class=\"wp-block-heading\">Quelle est la dur\u00e9e de validit\u00e9 d\u2019une ESTA ?<\/h2>\n\n\n\n<p>L\u2019autorisation ESTA a une dur\u00e9e initiale de validit\u00e9 de 2 ans. Au cours de cette p\u00e9riode, les voyageurs peuvent effectuer plusieurs s\u00e9jours aux \u00c9tats-Unis sans soumettre de nouvelle demande. Chaque s\u00e9jour ne doit pas exc\u00e9der 90 jours sur le territoire am\u00e9ricain.<\/p>\n\n\n\n<h2 class=\"wp-block-heading\">Quand est-ce que la dur\u00e9e de validit\u00e9 est r\u00e9duite ?<\/h2>\n\n\n\n<p>La dur\u00e9e de validit\u00e9 de l\u2019ESTA peut \u00eatre r\u00e9duite dans certaines situations. Voici les trois principaux motifs qui peuvent mettre fin de fa\u00e7on anticip\u00e9e \u00e0 la validit\u00e9 de l&rsquo;ESTA :<\/p>\n\n\n\n<ol class=\"wp-block-list\">\n<li><strong>Lorsque certaines informations personnelles renseign\u00e9es pour obtenir l&rsquo;ESTA ne sont plus valables<\/strong>. Lorsque le d\u00e9tenteur d&rsquo;une ESTA change de nom, de sexe, ou de nationalit\u00e9, l&rsquo;ESTA n&rsquo;est plus valable et il est n\u00e9cessaire d&rsquo;effectuer une nouvelle demande ESTA \u00e0 partir des informations personnelles \u00e0 jour.<\/li>\n\n\n\n<li><strong>Lorsque le passeport ayant servi \u00e0 obtenir l&rsquo;ESTA est expir\u00e9<\/strong>. L&rsquo;ESTA est rattach\u00e9e au&nbsp;passeport qui a \u00e9t\u00e9 utilis\u00e9 pour la demande initiale. Si ce passeport expire, l&rsquo;ESTA est automatiquement plus valable. Le voyageur doit effectuer une nouvelle demande ESTA avec le nouveau <a href=\"https:\/\/usa-b2.com\/fr\/passeport-pour-voyager-aux-usa\/\">passeport valide pour les USA<\/a>.<\/li>\n\n\n\n<li><strong>Quand les r\u00e9ponses faites aux questions de s\u00e9curit\u00e9 lors de la demande ESTA ne sont plus valables<\/strong>. Si les r\u00e9ponses faites aux&nbsp;questions d\u2019ordre personnel du formulaire ESTA ne sont plus d&rsquo;actualit\u00e9, l&rsquo;ESTA n&rsquo;est plus valide. Il est n\u00e9cessaire de redemander une autorisation de voyage sur le site ESTA officiel en mettant \u00e0 jour les r\u00e9ponses apporter aux questions de sant\u00e9 et de s\u00e9curit\u00e9 du formulaire ESTA.<\/li>\n<\/ol>\n\n\n\n<div style=\"height:10px\" aria-hidden=\"true\" class=\"wp-block-spacer\"><\/div>\n\n\n\n<h2 class=\"wp-block-heading\">Expiration d\u2019une autorisation ESTA au cours d&rsquo;un s\u00e9jour aux USA<\/h2>\n\n\n\n<p>Lorsqu&rsquo;une autorisation ESTA expire pendant un s\u00e9jour aux \u00c9tats-Unis, le voyageur est autoris\u00e9 par le gouvernement am\u00e9ricain \u00e0 finir son s\u00e9jour aux USA dans la limite du d\u00e9lai de 90 jours sur place. Le d\u00e9part des Etats-Unis alors que l&rsquo;ESTA est expir\u00e9 se passe en g\u00e9n\u00e9ral sans probl\u00e8me.<\/p>\n\n\n\n<p>En revanche, lorsque le s\u00e9jour projet\u00e9 exc\u00e8de les 90 jours aux USA, il est imp\u00e9ratif de privil\u00e9gier un <a href=\"https:\/\/usa-b2.com\/fr\/visa-b2\/\">visa B2 touristique<\/a> pour voyager. Le d\u00e9passement du d\u00e9lai autoris\u00e9 de s\u00e9jour de 90 jours est tr\u00e8s mal accept\u00e9 par les autorit\u00e9s am\u00e9ricaines.<\/p>\n","protected":false},"excerpt":{"rendered":"<p>La dur\u00e9e de validit\u00e9 d\u2019une autorisation ESTA Une autorisation de voyage ESTA a une date de validit\u00e9 limit\u00e9e dans le temps. Pour renouveler une autorisation ESTA pour les \u00c9tats-Unis, il suffit de compl\u00e9ter le formulaire ESTA en ligne. Quelle est la dur\u00e9e de validit\u00e9 d\u2019une ESTA ? L\u2019autorisation ESTA a une dur\u00e9e initiale de validit\u00e9 [&hellip;]<\/p>\n","protected":false},"author":1,"featured_media":0,"parent":0,"menu_order":0,"comment_status":"closed","ping_status":"closed","template":"","meta":{"footnotes":""},"class_list":["post-2737","page","type-page","status-publish","hentry"],"yoast_head":"<!-- This site is optimized with the Yoast SEO plugin v27.4 - https:\/\/yoast.com\/product\/yoast-seo-wordpress\/ -->\n<title>L&#039;ESTA est limit\u00e9 par sa dur\u00e9e de validit\u00e9 - USA B2<\/title>\n<meta name=\"description\" content=\"L&#039;autorisation ESTA a une dur\u00e9e de validit\u00e9 limit\u00e9e dans le temps, il est important de v\u00e9rifier sa validit\u00e9 avant de voyager\" \/>\n<meta name=\"robots\" content=\"index, follow, max-snippet:-1, max-image-preview:large, max-video-preview:-1\" \/>\n<link rel=\"canonical\" href=\"https:\/\/usa-b2.com\/fr\/esta-duree-validite\/\" \/>\n<meta property=\"og:locale\" content=\"fr_FR\" \/>\n<meta property=\"og:type\" content=\"article\" \/>\n<meta property=\"og:title\" content=\"L&#039;ESTA est limit\u00e9 par sa dur\u00e9e de validit\u00e9 - USA B2\" \/>\n<meta property=\"og:description\" content=\"L&#039;autorisation ESTA a une dur\u00e9e de validit\u00e9 limit\u00e9e dans le temps, il est important de v\u00e9rifier sa validit\u00e9 avant de voyager\" \/>\n<meta property=\"og:url\" content=\"https:\/\/usa-b2.com\/fr\/esta-duree-validite\/\" \/>\n<meta property=\"og:site_name\" content=\"USA B2\" \/>\n<meta property=\"article:modified_time\" content=\"2025-10-13T12:25:56+00:00\" \/>\n<meta name=\"twitter:card\" content=\"summary_large_image\" \/>\n<meta name=\"twitter:label1\" content=\"Dur\u00e9e de lecture estim\u00e9e\" \/>\n\t<meta name=\"twitter:data1\" content=\"2 minutes\" \/>\n<script type=\"application\/ld+json\" class=\"yoast-schema-graph\">{\"@context\":\"https:\\\/\\\/schema.org\",\"@graph\":[{\"@type\":\"WebPage\",\"@id\":\"https:\\\/\\\/usa-b2.com\\\/fr\\\/esta-duree-validite\\\/\",\"url\":\"https:\\\/\\\/usa-b2.com\\\/fr\\\/esta-duree-validite\\\/\",\"name\":\"L'ESTA est limit\u00e9 par sa dur\u00e9e de validit\u00e9 - USA B2\",\"isPartOf\":{\"@id\":\"https:\\\/\\\/usa-b2.com\\\/fr\\\/#website\"},\"datePublished\":\"2024-06-25T10:10:23+00:00\",\"dateModified\":\"2025-10-13T12:25:56+00:00\",\"description\":\"L'autorisation ESTA a une dur\u00e9e de validit\u00e9 limit\u00e9e dans le temps, il est important de v\u00e9rifier sa validit\u00e9 avant de voyager\",\"breadcrumb\":{\"@id\":\"https:\\\/\\\/usa-b2.com\\\/fr\\\/esta-duree-validite\\\/#breadcrumb\"},\"inLanguage\":\"fr-FR\",\"potentialAction\":[{\"@type\":\"ReadAction\",\"target\":[\"https:\\\/\\\/usa-b2.com\\\/fr\\\/esta-duree-validite\\\/\"]}]},{\"@type\":\"BreadcrumbList\",\"@id\":\"https:\\\/\\\/usa-b2.com\\\/fr\\\/esta-duree-validite\\\/#breadcrumb\",\"itemListElement\":[{\"@type\":\"ListItem\",\"position\":1,\"name\":\"Accueil\",\"item\":\"https:\\\/\\\/usa-b2.com\\\/fr\\\/\"},{\"@type\":\"ListItem\",\"position\":2,\"name\":\"L&rsquo;ESTA est limit\u00e9 par sa dur\u00e9e de validit\u00e9\"}]},{\"@type\":\"WebSite\",\"@id\":\"https:\\\/\\\/usa-b2.com\\\/fr\\\/#website\",\"url\":\"https:\\\/\\\/usa-b2.com\\\/fr\\\/\",\"name\":\"USA B2 VISA\",\"description\":\"\",\"potentialAction\":[{\"@type\":\"SearchAction\",\"target\":{\"@type\":\"EntryPoint\",\"urlTemplate\":\"https:\\\/\\\/usa-b2.com\\\/fr\\\/?s={search_term_string}\"},\"query-input\":{\"@type\":\"PropertyValueSpecification\",\"valueRequired\":true,\"valueName\":\"search_term_string\"}}],\"inLanguage\":\"fr-FR\"}]}<\/script>\n<!-- \/ Yoast SEO plugin. -->","yoast_head_json":{"title":"L'ESTA est limit\u00e9 par sa dur\u00e9e de validit\u00e9 - USA B2","description":"L'autorisation ESTA a une dur\u00e9e de validit\u00e9 limit\u00e9e dans le temps, il est important de v\u00e9rifier sa validit\u00e9 avant de voyager","robots":{"index":"index","follow":"follow","max-snippet":"max-snippet:-1","max-image-preview":"max-image-preview:large","max-video-preview":"max-video-preview:-1"},"canonical":"https:\/\/usa-b2.com\/fr\/esta-duree-validite\/","og_locale":"fr_FR","og_type":"article","og_title":"L'ESTA est limit\u00e9 par sa dur\u00e9e de validit\u00e9 - USA B2","og_description":"L'autorisation ESTA a une dur\u00e9e de validit\u00e9 limit\u00e9e dans le temps, il est important de v\u00e9rifier sa validit\u00e9 avant de voyager","og_url":"https:\/\/usa-b2.com\/fr\/esta-duree-validite\/","og_site_name":"USA B2","article_modified_time":"2025-10-13T12:25:56+00:00","twitter_card":"summary_large_image","twitter_misc":{"Dur\u00e9e de lecture estim\u00e9e":"2 minutes"},"schema":{"@context":"https:\/\/schema.org","@graph":[{"@type":"WebPage","@id":"https:\/\/usa-b2.com\/fr\/esta-duree-validite\/","url":"https:\/\/usa-b2.com\/fr\/esta-duree-validite\/","name":"L'ESTA est limit\u00e9 par sa dur\u00e9e de validit\u00e9 - USA B2","isPartOf":{"@id":"https:\/\/usa-b2.com\/fr\/#website"},"datePublished":"2024-06-25T10:10:23+00:00","dateModified":"2025-10-13T12:25:56+00:00","description":"L'autorisation ESTA a une dur\u00e9e de validit\u00e9 limit\u00e9e dans le temps, il est important de v\u00e9rifier sa validit\u00e9 avant de voyager","breadcrumb":{"@id":"https:\/\/usa-b2.com\/fr\/esta-duree-validite\/#breadcrumb"},"inLanguage":"fr-FR","potentialAction":[{"@type":"ReadAction","target":["https:\/\/usa-b2.com\/fr\/esta-duree-validite\/"]}]},{"@type":"BreadcrumbList","@id":"https:\/\/usa-b2.com\/fr\/esta-duree-validite\/#breadcrumb","itemListElement":[{"@type":"ListItem","position":1,"name":"Accueil","item":"https:\/\/usa-b2.com\/fr\/"},{"@type":"ListItem","position":2,"name":"L&rsquo;ESTA est limit\u00e9 par sa dur\u00e9e de validit\u00e9"}]},{"@type":"WebSite","@id":"https:\/\/usa-b2.com\/fr\/#website","url":"https:\/\/usa-b2.com\/fr\/","name":"USA B2 VISA","description":"","potentialAction":[{"@type":"SearchAction","target":{"@type":"EntryPoint","urlTemplate":"https:\/\/usa-b2.com\/fr\/?s={search_term_string}"},"query-input":{"@type":"PropertyValueSpecification","valueRequired":true,"valueName":"search_term_string"}}],"inLanguage":"fr-FR"}]}},"_links":{"self":[{"href":"https:\/\/usa-b2.com\/fr\/wp-json\/wp\/v2\/pages\/2737","targetHints":{"allow":["GET"]}}],"collection":[{"href":"https:\/\/usa-b2.com\/fr\/wp-json\/wp\/v2\/pages"}],"about":[{"href":"https:\/\/usa-b2.com\/fr\/wp-json\/wp\/v2\/types\/page"}],"author":[{"embeddable":true,"href":"https:\/\/usa-b2.com\/fr\/wp-json\/wp\/v2\/users\/1"}],"replies":[{"embeddable":true,"href":"https:\/\/usa-b2.com\/fr\/wp-json\/wp\/v2\/comments?post=2737"}],"version-history":[{"count":1,"href":"https:\/\/usa-b2.com\/fr\/wp-json\/wp\/v2\/pages\/2737\/revisions"}],"predecessor-version":[{"id":9933,"href":"https:\/\/usa-b2.com\/fr\/wp-json\/wp\/v2\/pages\/2737\/revisions\/9933"}],"wp:attachment":[{"href":"https:\/\/usa-b2.com\/fr\/wp-json\/wp\/v2\/media?parent=2737"}],"curies":[{"name":"wp","href":"https:\/\/api.w.org\/{rel}","templated":true}]}}