{"id":1193,"date":"2024-02-27T10:27:31","date_gmt":"2024-02-27T10:27:31","guid":{"rendered":"https:\/\/usa-b2.com\/?page_id=1193"},"modified":"2025-02-06T10:03:15","modified_gmt":"2025-02-06T10:03:15","slug":"visa-transit-usa","status":"publish","type":"page","link":"https:\/\/usa-b2.com\/fr\/visa-transit-usa\/","title":{"rendered":"Visa de transit pour les Etats Unis"},"content":{"rendered":"\n<h1 class=\"wp-block-heading\">Obtenir un visa pour transiter par les USA<\/h1>\n\n\n\n<p>Dans le cadre d&rsquo;une escale aux \u00c9tats-Unis, un voyageur \u00e9tranger doit poss\u00e9der une autorisation de transiter sur le territoire am\u00e9ricain. Le visa de transit permet de transiter par les \u00c9tats-Unis dans le cadre d&rsquo;un voyage vers une destination finale.<\/p>\n\n\n\n<p><strong>Pour une escale aux Etats-Unis<\/strong> : Il n\u2019est pas n\u00e9cessaire de demander un visa de transit. Vous pouvez simplement faire une demande d\u2019autorisation de voyage ESTA en cliquant sur&nbsp;<a href=\"https:\/\/usa-b2.com\/fr\/formulaire-esta-en-ligne\/\">formulaire ESTA en ligne<\/a>.<\/p>\n\n\n\n<div style=\"height:10px\" aria-hidden=\"true\" class=\"wp-block-spacer\"><\/div>\n\n\n\n<h2 class=\"wp-block-heading\">Qu&rsquo;est ce qu&rsquo;un visa de transit ?<\/h2>\n\n\n\n<p>Un visa de transit am\u00e9ricain est une autorisation d&rsquo;entrer sur le territoire am\u00e9ricain. Il permet de s\u00e9journer aux USA pour une escale. Le d\u00e9tenteur du visa doit poursuivre son voyage et quitter les \u00c9tats-Unis comme pr\u00e9vu.<\/p>\n\n\n\n<h2 class=\"wp-block-heading\">Qui peut demander un visa de transit ?<\/h2>\n\n\n\n<p>L&rsquo;ensemble des voyageurs \u00e9trangers effectuant une escale aux Etats Unis peuvent demander un visa de transit am\u00e9ricain. Leur destination finale ne doit pas \u00eatre situ\u00e9e aux Etats Unis, sinon ils devront se tourner vers un <a href=\"https:\/\/usa-b2.com\/fr\/visa-visiteur-usa\/\">visa visiteur B1\/B2<\/a> ou tout autre type de visa am\u00e9ricain. <\/p>\n\n\n\n<p>Il existe certains autres cas sp\u00e9cifiques, comme par exemple : <\/p>\n\n\n\n<ul class=\"wp-block-list\">\n<li>Les ressortissants \u00e9trangers ou fonctionnaires de l&rsquo;ONU peuvent \u00e9galement obtenir un visa de transit dans le cadre d&rsquo;une intervention \u00e0 l&rsquo;ONU \u00e0 New York ;<\/li>\n\n\n\n<li>Les fonctionnaires de gouvernements \u00e9trangers qui voyagent dans le cadre d&rsquo;activit\u00e9s gouvernementales peuvent obtenir un visa de transit pour faire une escale aux USA.<\/li>\n<\/ul>\n\n\n\n<h2 class=\"wp-block-heading\">Quels sont les diff\u00e9rents visa de transit ?<\/h2>\n\n\n\n<p>Les visas de transit se divisent en trois cat\u00e9gories principales, adapt\u00e9es \u00e0 des situations de voyage :<\/p>\n\n\n\n<ol class=\"wp-block-list\">\n<li><strong>Le visa C1 : pour les voyageurs traditionnels en transit<\/strong><br>Ce type de visa est con\u00e7u pour les passagers effectuant une escale temporaire dans un pays avant de poursuivre leur voyage vers une destination finale. Par exemple, si vous voyagez vers un autre pays avec une correspondance n\u00e9cessitant une entr\u00e9e sur le territoire, le visa C1 vous permet de rester l\u00e9galement dans la zone de transit ou d\u2019y circuler bri\u00e8vement. Ce visa est souvent utilis\u00e9 par les touristes ou les professionnels effectuant des voyages internationaux.<\/li>\n\n\n\n<li><strong>Le visa C2 : pour les voyageurs en transit vers le si\u00e8ge de l\u2019ONU<\/strong><br>Le visa C2 est exclusivement destin\u00e9 aux personnes se rendant au si\u00e8ge des Nations Unies, \u00e0 New York, dans le cadre de missions officielles ou d\u2019\u00e9v\u00e9nements li\u00e9s \u00e0 l\u2019ONU. Il s\u2019applique strictement au transit et limite g\u00e9n\u00e9ralement les d\u00e9placements au p\u00e9rim\u00e8tre sp\u00e9cifique de l\u2019ONU. Ce visa r\u00e9pond aux besoins des d\u00e9l\u00e9gu\u00e9s, employ\u00e9s ou repr\u00e9sentants participant \u00e0 des conf\u00e9rences internationales ou \u00e0 des r\u00e9unions.<\/li>\n\n\n\n<li><strong>Le visa C3 : pour les membres de gouvernements \u00e9trangers<\/strong><br>Ce visa s\u2019adresse aux membres de gouvernements \u00e9trangers, ainsi qu\u2019\u00e0 leurs familles ou \u00e0 leurs accompagnateurs, qui transitent sur un territoire dans le cadre de missions officielles. Il refl\u00e8te leur statut diplomatique et leur permet de passer bri\u00e8vement par un pays tout en respectant les protocoles internationaux.<\/li>\n<\/ol>\n\n\n\n<p>En fonction du profil du voyageur, il est essentiel de choisir la cat\u00e9gorie de visa adapt\u00e9e.<\/p>\n\n\n\n<h2 class=\"wp-block-heading\">Comment obtenir un visa de transit ?<\/h2>\n\n\n\n<p>Pour obtenir un visa de transit pour les \u00c9tats-Unis, il faut respecter plusieurs \u00e9tapes :<\/p>\n\n\n\n<ul class=\"wp-block-list\">\n<li>D\u00e9terminer quel type de visa est n\u00e9cessaire, un visa C1, C2 ou C3 selon la situation ;<\/li>\n\n\n\n<li>Remplir le <a href=\"https:\/\/usa-b2.com\/fr\/ds-160\/\">formulaire DS-160<\/a> en ligne, en veillant \u00e0 fournir des informations pr\u00e9cises et compl\u00e8tes.<\/li>\n\n\n\n<li>Une fois le formulaire soumis, payez les <a href=\"https:\/\/usa-b2.com\/fr\/frais-visa-b2-usa\/\">frais de demande de visa<\/a> qui sont non remboursables.<\/li>\n\n\n\n<li>Planifiez ensuite une <a href=\"https:\/\/usa-b2.com\/fr\/rendez-vous-visa-ambassade-usa\/\">interview \u00e0 l&rsquo;ambassade am\u00e9ricaine<\/a> du pays de r\u00e9sidence. Lors de cet entretien, il sera n\u00e9cessaire de pr\u00e9senter les documents justificatifs, dont notamment :\n<ul class=\"wp-block-list\">\n<li>Le <a href=\"https:\/\/usa-b2.com\/fr\/passeport-pour-voyager-aux-usa\/\">passeport valide pour voyager aux USA<\/a><\/li>\n\n\n\n<li>La photo conforme aux exigences<\/li>\n\n\n\n<li>La confirmation du <a href=\"https:\/\/usa-b2.com\/fr\/ds-160\/\">formulaire DS-160<\/a><\/li>\n\n\n\n<li>Les preuves de l&rsquo;itin\u00e9raire du voyage, exemple : billets d&rsquo;avion<\/li>\n\n\n\n<li>Tout document attestant du statut officiel dans le cadre d&rsquo;un visa C2 ou C3.<\/li>\n<\/ul>\n<\/li>\n<\/ul>\n\n\n\n<div style=\"height:10px\" aria-hidden=\"true\" class=\"wp-block-spacer\"><\/div>\n\n\n\n<p>Il est important de d\u00e9montrer que le transit aux USA ne sera pas une opportunit\u00e9 de rester sur le territoire am\u00e9ricain. Une fois approuv\u00e9, le visa sera appos\u00e9 sur le passeport pour transiter l\u00e9galement par les \u00c9tats-Unis.<\/p>\n","protected":false},"excerpt":{"rendered":"<p>Obtenir un visa pour transiter par les USA Dans le cadre d&rsquo;une escale aux \u00c9tats-Unis, un voyageur \u00e9tranger doit poss\u00e9der une autorisation de transiter sur le territoire am\u00e9ricain. Le visa de transit permet de transiter par les \u00c9tats-Unis dans le cadre d&rsquo;un voyage vers une destination finale. Pour une escale aux Etats-Unis : Il n\u2019est [&hellip;]<\/p>\n","protected":false},"author":1,"featured_media":0,"parent":0,"menu_order":0,"comment_status":"closed","ping_status":"closed","template":"","meta":{"footnotes":""},"class_list":["post-1193","page","type-page","status-publish","hentry"],"yoast_head":"<!-- This site is optimized with the Yoast SEO plugin v27.4 - https:\/\/yoast.com\/product\/yoast-seo-wordpress\/ -->\n<title>Visa de transit pour les Etats Unis - USA B2<\/title>\n<meta name=\"description\" content=\"Pour faire une escale aux Etats Unis il est n\u00e9cessaire d&#039;\u00eatre en possession d&#039;un visa en r\u00e8gle ou d&#039;une autorisation ESTA.\" \/>\n<meta name=\"robots\" content=\"index, follow, max-snippet:-1, max-image-preview:large, max-video-preview:-1\" \/>\n<link rel=\"canonical\" href=\"https:\/\/usa-b2.com\/fr\/visa-transit-usa\/\" \/>\n<meta property=\"og:locale\" content=\"fr_FR\" \/>\n<meta property=\"og:type\" content=\"article\" \/>\n<meta property=\"og:title\" content=\"Visa de transit pour les Etats Unis - USA B2\" \/>\n<meta property=\"og:description\" content=\"Pour faire une escale aux Etats Unis il est n\u00e9cessaire d&#039;\u00eatre en possession d&#039;un visa en r\u00e8gle ou d&#039;une autorisation ESTA.\" \/>\n<meta property=\"og:url\" content=\"https:\/\/usa-b2.com\/fr\/visa-transit-usa\/\" \/>\n<meta property=\"og:site_name\" content=\"USA B2\" \/>\n<meta property=\"article:modified_time\" content=\"2025-02-06T10:03:15+00:00\" \/>\n<meta name=\"twitter:card\" content=\"summary_large_image\" \/>\n<meta name=\"twitter:label1\" content=\"Dur\u00e9e de lecture estim\u00e9e\" \/>\n\t<meta name=\"twitter:data1\" content=\"4 minutes\" \/>\n<script type=\"application\/ld+json\" class=\"yoast-schema-graph\">{\"@context\":\"https:\\\/\\\/schema.org\",\"@graph\":[{\"@type\":\"WebPage\",\"@id\":\"https:\\\/\\\/usa-b2.com\\\/fr\\\/visa-transit-usa\\\/\",\"url\":\"https:\\\/\\\/usa-b2.com\\\/fr\\\/visa-transit-usa\\\/\",\"name\":\"Visa de transit pour les Etats Unis - USA B2\",\"isPartOf\":{\"@id\":\"https:\\\/\\\/usa-b2.com\\\/fr\\\/#website\"},\"datePublished\":\"2024-02-27T10:27:31+00:00\",\"dateModified\":\"2025-02-06T10:03:15+00:00\",\"description\":\"Pour faire une escale aux Etats Unis il est n\u00e9cessaire d'\u00eatre en possession d'un visa en r\u00e8gle ou d'une autorisation ESTA.\",\"breadcrumb\":{\"@id\":\"https:\\\/\\\/usa-b2.com\\\/fr\\\/visa-transit-usa\\\/#breadcrumb\"},\"inLanguage\":\"fr-FR\",\"potentialAction\":[{\"@type\":\"ReadAction\",\"target\":[\"https:\\\/\\\/usa-b2.com\\\/fr\\\/visa-transit-usa\\\/\"]}]},{\"@type\":\"BreadcrumbList\",\"@id\":\"https:\\\/\\\/usa-b2.com\\\/fr\\\/visa-transit-usa\\\/#breadcrumb\",\"itemListElement\":[{\"@type\":\"ListItem\",\"position\":1,\"name\":\"Accueil\",\"item\":\"https:\\\/\\\/usa-b2.com\\\/fr\\\/\"},{\"@type\":\"ListItem\",\"position\":2,\"name\":\"Visa de transit pour les Etats Unis\"}]},{\"@type\":\"WebSite\",\"@id\":\"https:\\\/\\\/usa-b2.com\\\/fr\\\/#website\",\"url\":\"https:\\\/\\\/usa-b2.com\\\/fr\\\/\",\"name\":\"USA B2 VISA\",\"description\":\"\",\"potentialAction\":[{\"@type\":\"SearchAction\",\"target\":{\"@type\":\"EntryPoint\",\"urlTemplate\":\"https:\\\/\\\/usa-b2.com\\\/fr\\\/?s={search_term_string}\"},\"query-input\":{\"@type\":\"PropertyValueSpecification\",\"valueRequired\":true,\"valueName\":\"search_term_string\"}}],\"inLanguage\":\"fr-FR\"}]}<\/script>\n<!-- \/ Yoast SEO plugin. -->","yoast_head_json":{"title":"Visa de transit pour les Etats Unis - USA B2","description":"Pour faire une escale aux Etats Unis il est n\u00e9cessaire d'\u00eatre en possession d'un visa en r\u00e8gle ou d'une autorisation ESTA.","robots":{"index":"index","follow":"follow","max-snippet":"max-snippet:-1","max-image-preview":"max-image-preview:large","max-video-preview":"max-video-preview:-1"},"canonical":"https:\/\/usa-b2.com\/fr\/visa-transit-usa\/","og_locale":"fr_FR","og_type":"article","og_title":"Visa de transit pour les Etats Unis - USA B2","og_description":"Pour faire une escale aux Etats Unis il est n\u00e9cessaire d'\u00eatre en possession d'un visa en r\u00e8gle ou d'une autorisation ESTA.","og_url":"https:\/\/usa-b2.com\/fr\/visa-transit-usa\/","og_site_name":"USA B2","article_modified_time":"2025-02-06T10:03:15+00:00","twitter_card":"summary_large_image","twitter_misc":{"Dur\u00e9e de lecture estim\u00e9e":"4 minutes"},"schema":{"@context":"https:\/\/schema.org","@graph":[{"@type":"WebPage","@id":"https:\/\/usa-b2.com\/fr\/visa-transit-usa\/","url":"https:\/\/usa-b2.com\/fr\/visa-transit-usa\/","name":"Visa de transit pour les Etats Unis - USA B2","isPartOf":{"@id":"https:\/\/usa-b2.com\/fr\/#website"},"datePublished":"2024-02-27T10:27:31+00:00","dateModified":"2025-02-06T10:03:15+00:00","description":"Pour faire une escale aux Etats Unis il est n\u00e9cessaire d'\u00eatre en possession d'un visa en r\u00e8gle ou d'une autorisation ESTA.","breadcrumb":{"@id":"https:\/\/usa-b2.com\/fr\/visa-transit-usa\/#breadcrumb"},"inLanguage":"fr-FR","potentialAction":[{"@type":"ReadAction","target":["https:\/\/usa-b2.com\/fr\/visa-transit-usa\/"]}]},{"@type":"BreadcrumbList","@id":"https:\/\/usa-b2.com\/fr\/visa-transit-usa\/#breadcrumb","itemListElement":[{"@type":"ListItem","position":1,"name":"Accueil","item":"https:\/\/usa-b2.com\/fr\/"},{"@type":"ListItem","position":2,"name":"Visa de transit pour les Etats Unis"}]},{"@type":"WebSite","@id":"https:\/\/usa-b2.com\/fr\/#website","url":"https:\/\/usa-b2.com\/fr\/","name":"USA B2 VISA","description":"","potentialAction":[{"@type":"SearchAction","target":{"@type":"EntryPoint","urlTemplate":"https:\/\/usa-b2.com\/fr\/?s={search_term_string}"},"query-input":{"@type":"PropertyValueSpecification","valueRequired":true,"valueName":"search_term_string"}}],"inLanguage":"fr-FR"}]}},"_links":{"self":[{"href":"https:\/\/usa-b2.com\/fr\/wp-json\/wp\/v2\/pages\/1193","targetHints":{"allow":["GET"]}}],"collection":[{"href":"https:\/\/usa-b2.com\/fr\/wp-json\/wp\/v2\/pages"}],"about":[{"href":"https:\/\/usa-b2.com\/fr\/wp-json\/wp\/v2\/types\/page"}],"author":[{"embeddable":true,"href":"https:\/\/usa-b2.com\/fr\/wp-json\/wp\/v2\/users\/1"}],"replies":[{"embeddable":true,"href":"https:\/\/usa-b2.com\/fr\/wp-json\/wp\/v2\/comments?post=1193"}],"version-history":[{"count":0,"href":"https:\/\/usa-b2.com\/fr\/wp-json\/wp\/v2\/pages\/1193\/revisions"}],"wp:attachment":[{"href":"https:\/\/usa-b2.com\/fr\/wp-json\/wp\/v2\/media?parent=1193"}],"curies":[{"name":"wp","href":"https:\/\/api.w.org\/{rel}","templated":true}]}}