{"id":107,"date":"2024-02-10T17:21:47","date_gmt":"2024-02-10T17:21:47","guid":{"rendered":"https:\/\/usa-b2.com\/?page_id=107"},"modified":"2025-02-06T10:23:57","modified_gmt":"2025-02-06T10:23:57","slug":"visa-b1-usa","status":"publish","type":"page","link":"https:\/\/usa-b2.com\/fr\/visa-b1-usa\/","title":{"rendered":"Le visa B1 pour voyager aux Etats Unis"},"content":{"rendered":"\n<h1 class=\"wp-block-heading\">Obtenir un visa B1 pour faire des affaires aux USA<\/h1>\n\n\n\n<p>Le visa B1 est un visa am\u00e9ricain destin\u00e9 aux non immigrants. Il concerne les ressortissants \u00e9trangers souhaitant voyager aux \u00c9tats-Unis \u00e0 des fins commerciales. Le visa B1 permet aux ressortissants \u00e9tranger les activit\u00e9s suivantes :<\/p>\n\n\n\n<ul class=\"wp-block-list\">\n<li>Effectuer des investissements aux Etats-Unis <\/li>\n\n\n\n<li>N\u00e9gocier l\u2019obtention d\u2019un contrat professionnel<\/li>\n\n\n\n<li>Rencontrer des soci\u00e9t\u00e9s partenaires aux Etats Unis<\/li>\n\n\n\n<li>Participer \u00e0 des \u00e9v\u00e9nements professionnels.<\/li>\n<\/ul>\n\n\n\n<div style=\"height:10px\" aria-hidden=\"true\" class=\"wp-block-spacer\"><\/div>\n\n\n\n<p><strong>Pour un s\u00e9jour de moins de 90 jours aux Etats-Unis<\/strong> : Il n\u2019est pas n\u00e9cessaire d&rsquo;obtenir un visa B1. Il suffit d&rsquo;obtenir une autorisation de voyage \u00e9lectronique ESTA en cliquant sur <a href=\"https:\/\/usa-b2.com\/fr\/formulaire-esta-en-ligne\/\">formulaire en ligne<\/a>.<\/p>\n\n\n\n<div style=\"height:10px\" aria-hidden=\"true\" class=\"wp-block-spacer\"><\/div>\n\n\n\n<h2 class=\"wp-block-heading\">Quels sont les crit\u00e8res d\u2019\u00e9ligibilit\u00e9 du visa B1<\/h2>\n\n\n\n<p>Les crit\u00e8res d\u2019\u00e9ligibilit\u00e9 pour pouvoir faire une demande de visa d\u2019affaires B1 sont les suivants :<\/p>\n\n\n\n<ul class=\"wp-block-list\">\n<li>Le motif du s\u00e9jour doit \u00eatre de faire des affaires aux Etats Unis<\/li>\n\n\n\n<li>Le candidat doit \u00eatre en capacit\u00e9 de financer l&rsquo;ensemble des frais du s\u00e9jour<\/li>\n\n\n\n<li>Le candidat doit \u00e9galement justifi\u00e9 qu&rsquo;il a le projet de rentrer dans son pays d&rsquo;origine \u00e0 l&rsquo;issue du s\u00e9jour. Il ne peut en aucun cas pr\u00e9voir de rester aux USA.<\/li>\n<\/ul>\n\n\n\n<div style=\"height:10px\" aria-hidden=\"true\" class=\"wp-block-spacer\"><\/div>\n\n\n\n<p>Dans le cadre de la demande de visa, le candidat doit fournir des documents justificatif pour prouver que son s\u00e9jour r\u00e9pond aux crit\u00e8res \u00e9nonc\u00e9s.<\/p>\n\n\n\n<h2 class=\"wp-block-heading\">Comment faire une demande de visa B1 ?<\/h2>\n\n\n\n<p>Pour effectuer une demande de visa B1 en ligne, vous devez suivre la proc\u00e9dure suivante en quelques \u00e9tapes :<\/p>\n\n\n\n<ol class=\"wp-block-list\">\n<li>Compl\u00e9ter en ligne le <a href=\"https:\/\/usa-b2.com\/fr\/ds-160\/\">formulaire DS 160<\/a> de demande de visa B1<\/li>\n\n\n\n<li>R\u00e9gler en ligne les&nbsp;<a href=\"https:\/\/usa-b2.com\/fr\/frais-visa-b2-usa\/\">frais de visa<\/a> pour valider votre demande<\/li>\n\n\n\n<li>Planifiez un&nbsp;<a href=\"https:\/\/usa-b2.com\/fr\/rendez-vous-visa-ambassade-usa\/\">entretien de visa \u00e0 l\u2019ambassade<\/a><\/li>\n\n\n\n<li>Pr\u00e9parez l\u2019ensemble des pi\u00e8ces justificatifs de la demande de visa<\/li>\n\n\n\n<li>Assistez \u00e0 l\u2019entretien pour obtenir le visa.<\/li>\n<\/ol>\n\n\n\n<div style=\"height:10px\" aria-hidden=\"true\" class=\"wp-block-spacer\"><\/div>\n\n\n\n<p>Le visa obtenu sera coll\u00e9 dans le <a href=\"https:\/\/usa-b2.com\/fr\/passeport-pour-voyager-aux-usa\/\">passeport utilis\u00e9 pour voyager aux USA<\/a>.<\/p>\n\n\n\n<h2 class=\"wp-block-heading\">Dur\u00e9e et conditions du visa B1<\/h2>\n\n\n\n<h3 class=\"wp-block-heading\">Validit\u00e9<\/h3>\n\n\n\n<p>Le visa B1 est g\u00e9n\u00e9ralement valable pour plusieurs ann\u00e9es, avec des entr\u00e9es multiples. Cependant, chaque s\u00e9jour est limit\u00e9 \u00e0 une dur\u00e9e de <strong>1 \u00e0 6 mois maximum<\/strong>, d\u00e9termin\u00e9e par les services d\u2019immigration \u00e0 l&rsquo;arriv\u00e9e sur le territoire am\u00e9ricain.<\/p>\n\n\n\n<h3 class=\"wp-block-heading\">Conditions<\/h3>\n\n\n\n<ul class=\"wp-block-list\">\n<li>Le visa B1 ne permet pas de travailler ou recevoir un salaire d&rsquo;une entreprise am\u00e9ricaine.<\/li>\n\n\n\n<li>Le voyageur doit quitter les \u00c9tats-Unis avant la fin de la p\u00e9riode autoris\u00e9e par l\u2019officier d\u2019immigration.<\/li>\n<\/ul>\n\n\n\n<div style=\"height:10px\" aria-hidden=\"true\" class=\"wp-block-spacer\"><\/div>\n\n\n\n<h2 class=\"wp-block-heading\">Avantages du visa B1<\/h2>\n\n\n\n<ul class=\"wp-block-list\">\n<li><strong>Flexibilit\u00e9<\/strong> : Le visa B1 permet des s\u00e9jours r\u00e9p\u00e9t\u00e9s pendant la dur\u00e9e de sa validit\u00e9.<\/li>\n\n\n\n<li><strong>Acc\u00e8s professionnel<\/strong> : Id\u00e9al pour \u00e9tablir des relations commerciales, assister \u00e0 des conf\u00e9rences ou explorer des opportunit\u00e9s d\u2019affaires.<\/li>\n\n\n\n<li><strong>Non restrictif<\/strong> : Il n\u2019est pas li\u00e9 \u00e0 un employeur sp\u00e9cifique comme avec un visa de travail.<\/li>\n<\/ul>\n\n\n\n<div style=\"height:10px\" aria-hidden=\"true\" class=\"wp-block-spacer\"><\/div>\n\n\n\n<h2 class=\"wp-block-heading\">FAQ sur le visa B1<\/h2>\n\n\n\n<h3 class=\"wp-block-heading\">Peut-on travailler aux \u00c9tats-Unis avec un visa B1 ?<\/h3>\n\n\n\n<p>Non. Le visa B1 ne permet pas de travailler ou de recevoir un salaire aux \u00c9tats-Unis. Il permet uniquement de participer \u00e0 des activit\u00e9s professionnelles temporaires.<\/p>\n\n\n\n<h3 class=\"wp-block-heading\">Peut-on prolonger son s\u00e9jour avec un visa B1 ?<\/h3>\n\n\n\n<p>Oui, vous pouvez demander une extension aupr\u00e8s du <strong>USCIS<\/strong> avant l\u2019expiration de votre p\u00e9riode autoris\u00e9e. Vous devez fournir une raison valable et des justificatifs.<\/p>\n\n\n\n<h3 class=\"wp-block-heading\">Combien de temps faut-il pour obtenir le visa B1 ?<\/h3>\n\n\n\n<p>Le traitement peut prendre de quelques jours \u00e0 plusieurs semaines, selon la disponibilit\u00e9 des rendez-vous de votre <a href=\"https:\/\/usa-b2.com\/fr\/ambassade-des-etats-unis\/\">ambassade am\u00e9ricaine<\/a>.<\/p>\n\n\n\n<h3 class=\"wp-block-heading\">Le visa B1 peut-il \u00eatre utilis\u00e9 pour du tourisme ?<\/h3>\n\n\n\n<p>Non, le visa B1 est strictement destin\u00e9 aux activit\u00e9s professionnelles. Pour combiner affaires et tourisme, Il faut faire une <a href=\"https:\/\/usa-b2.com\/fr\/formulaire-visa-b2-en-ligne\/\">demande de visa B2 en ligne<\/a>.<\/p>\n\n\n\n<h3 class=\"wp-block-heading\">Que faire si le visa B1 est refus\u00e9 ?<\/h3>\n\n\n\n<p>En cas de refus, le candidat re\u00e7oit une lettre expliquant les raisons. Il est permit de soumettre une nouvelle demande en corrigeant au pr\u00e9alable les points faibles identifi\u00e9s.<\/p>\n","protected":false},"excerpt":{"rendered":"<p>Obtenir un visa B1 pour faire des affaires aux USA Le visa B1 est un visa am\u00e9ricain destin\u00e9 aux non immigrants. Il concerne les ressortissants \u00e9trangers souhaitant voyager aux \u00c9tats-Unis \u00e0 des fins commerciales. Le visa B1 permet aux ressortissants \u00e9tranger les activit\u00e9s suivantes : Pour un s\u00e9jour de moins de 90 jours aux Etats-Unis [&hellip;]<\/p>\n","protected":false},"author":1,"featured_media":0,"parent":0,"menu_order":0,"comment_status":"closed","ping_status":"closed","template":"","meta":{"footnotes":""},"class_list":["post-107","page","type-page","status-publish","hentry"],"yoast_head":"<!-- This site is optimized with the Yoast SEO plugin v27.4 - https:\/\/yoast.com\/product\/yoast-seo-wordpress\/ -->\n<title>Le visa B1 pour voyager aux Etats Unis - USA B2<\/title>\n<meta name=\"description\" content=\"Proc\u00e9dure pour obtenir un visa d&#039;affaires B1 am\u00e9ricain afin de s\u00e9journer aux Etats Unis dans le cadre d&#039;activit\u00e9s \u00e9conomiques\" \/>\n<meta name=\"robots\" content=\"index, follow, max-snippet:-1, max-image-preview:large, max-video-preview:-1\" \/>\n<link rel=\"canonical\" href=\"https:\/\/usa-b2.com\/fr\/visa-b1-usa\/\" \/>\n<meta property=\"og:locale\" content=\"fr_FR\" \/>\n<meta property=\"og:type\" content=\"article\" \/>\n<meta property=\"og:title\" content=\"Le visa B1 pour voyager aux Etats Unis - USA B2\" \/>\n<meta property=\"og:description\" content=\"Proc\u00e9dure pour obtenir un visa d&#039;affaires B1 am\u00e9ricain afin de s\u00e9journer aux Etats Unis dans le cadre d&#039;activit\u00e9s \u00e9conomiques\" \/>\n<meta property=\"og:url\" content=\"https:\/\/usa-b2.com\/fr\/visa-b1-usa\/\" \/>\n<meta property=\"og:site_name\" content=\"USA B2\" \/>\n<meta property=\"article:modified_time\" content=\"2025-02-06T10:23:57+00:00\" \/>\n<meta name=\"twitter:card\" content=\"summary_large_image\" \/>\n<meta name=\"twitter:label1\" content=\"Dur\u00e9e de lecture estim\u00e9e\" \/>\n\t<meta name=\"twitter:data1\" content=\"3 minutes\" \/>\n<script type=\"application\/ld+json\" class=\"yoast-schema-graph\">{\"@context\":\"https:\\\/\\\/schema.org\",\"@graph\":[{\"@type\":\"WebPage\",\"@id\":\"https:\\\/\\\/usa-b2.com\\\/fr\\\/visa-b1-usa\\\/\",\"url\":\"https:\\\/\\\/usa-b2.com\\\/fr\\\/visa-b1-usa\\\/\",\"name\":\"Le visa B1 pour voyager aux Etats Unis - USA B2\",\"isPartOf\":{\"@id\":\"https:\\\/\\\/usa-b2.com\\\/fr\\\/#website\"},\"datePublished\":\"2024-02-10T17:21:47+00:00\",\"dateModified\":\"2025-02-06T10:23:57+00:00\",\"description\":\"Proc\u00e9dure pour obtenir un visa d'affaires B1 am\u00e9ricain afin de s\u00e9journer aux Etats Unis dans le cadre d'activit\u00e9s \u00e9conomiques\",\"breadcrumb\":{\"@id\":\"https:\\\/\\\/usa-b2.com\\\/fr\\\/visa-b1-usa\\\/#breadcrumb\"},\"inLanguage\":\"fr-FR\",\"potentialAction\":[{\"@type\":\"ReadAction\",\"target\":[\"https:\\\/\\\/usa-b2.com\\\/fr\\\/visa-b1-usa\\\/\"]}]},{\"@type\":\"BreadcrumbList\",\"@id\":\"https:\\\/\\\/usa-b2.com\\\/fr\\\/visa-b1-usa\\\/#breadcrumb\",\"itemListElement\":[{\"@type\":\"ListItem\",\"position\":1,\"name\":\"Accueil\",\"item\":\"https:\\\/\\\/usa-b2.com\\\/fr\\\/\"},{\"@type\":\"ListItem\",\"position\":2,\"name\":\"Le visa B1 pour voyager aux Etats Unis\"}]},{\"@type\":\"WebSite\",\"@id\":\"https:\\\/\\\/usa-b2.com\\\/fr\\\/#website\",\"url\":\"https:\\\/\\\/usa-b2.com\\\/fr\\\/\",\"name\":\"USA B2 VISA\",\"description\":\"\",\"potentialAction\":[{\"@type\":\"SearchAction\",\"target\":{\"@type\":\"EntryPoint\",\"urlTemplate\":\"https:\\\/\\\/usa-b2.com\\\/fr\\\/?s={search_term_string}\"},\"query-input\":{\"@type\":\"PropertyValueSpecification\",\"valueRequired\":true,\"valueName\":\"search_term_string\"}}],\"inLanguage\":\"fr-FR\"}]}<\/script>\n<!-- \/ Yoast SEO plugin. -->","yoast_head_json":{"title":"Le visa B1 pour voyager aux Etats Unis - USA B2","description":"Proc\u00e9dure pour obtenir un visa d'affaires B1 am\u00e9ricain afin de s\u00e9journer aux Etats Unis dans le cadre d'activit\u00e9s \u00e9conomiques","robots":{"index":"index","follow":"follow","max-snippet":"max-snippet:-1","max-image-preview":"max-image-preview:large","max-video-preview":"max-video-preview:-1"},"canonical":"https:\/\/usa-b2.com\/fr\/visa-b1-usa\/","og_locale":"fr_FR","og_type":"article","og_title":"Le visa B1 pour voyager aux Etats Unis - USA B2","og_description":"Proc\u00e9dure pour obtenir un visa d'affaires B1 am\u00e9ricain afin de s\u00e9journer aux Etats Unis dans le cadre d'activit\u00e9s \u00e9conomiques","og_url":"https:\/\/usa-b2.com\/fr\/visa-b1-usa\/","og_site_name":"USA B2","article_modified_time":"2025-02-06T10:23:57+00:00","twitter_card":"summary_large_image","twitter_misc":{"Dur\u00e9e de lecture estim\u00e9e":"3 minutes"},"schema":{"@context":"https:\/\/schema.org","@graph":[{"@type":"WebPage","@id":"https:\/\/usa-b2.com\/fr\/visa-b1-usa\/","url":"https:\/\/usa-b2.com\/fr\/visa-b1-usa\/","name":"Le visa B1 pour voyager aux Etats Unis - USA B2","isPartOf":{"@id":"https:\/\/usa-b2.com\/fr\/#website"},"datePublished":"2024-02-10T17:21:47+00:00","dateModified":"2025-02-06T10:23:57+00:00","description":"Proc\u00e9dure pour obtenir un visa d'affaires B1 am\u00e9ricain afin de s\u00e9journer aux Etats Unis dans le cadre d'activit\u00e9s \u00e9conomiques","breadcrumb":{"@id":"https:\/\/usa-b2.com\/fr\/visa-b1-usa\/#breadcrumb"},"inLanguage":"fr-FR","potentialAction":[{"@type":"ReadAction","target":["https:\/\/usa-b2.com\/fr\/visa-b1-usa\/"]}]},{"@type":"BreadcrumbList","@id":"https:\/\/usa-b2.com\/fr\/visa-b1-usa\/#breadcrumb","itemListElement":[{"@type":"ListItem","position":1,"name":"Accueil","item":"https:\/\/usa-b2.com\/fr\/"},{"@type":"ListItem","position":2,"name":"Le visa B1 pour voyager aux Etats Unis"}]},{"@type":"WebSite","@id":"https:\/\/usa-b2.com\/fr\/#website","url":"https:\/\/usa-b2.com\/fr\/","name":"USA B2 VISA","description":"","potentialAction":[{"@type":"SearchAction","target":{"@type":"EntryPoint","urlTemplate":"https:\/\/usa-b2.com\/fr\/?s={search_term_string}"},"query-input":{"@type":"PropertyValueSpecification","valueRequired":true,"valueName":"search_term_string"}}],"inLanguage":"fr-FR"}]}},"_links":{"self":[{"href":"https:\/\/usa-b2.com\/fr\/wp-json\/wp\/v2\/pages\/107","targetHints":{"allow":["GET"]}}],"collection":[{"href":"https:\/\/usa-b2.com\/fr\/wp-json\/wp\/v2\/pages"}],"about":[{"href":"https:\/\/usa-b2.com\/fr\/wp-json\/wp\/v2\/types\/page"}],"author":[{"embeddable":true,"href":"https:\/\/usa-b2.com\/fr\/wp-json\/wp\/v2\/users\/1"}],"replies":[{"embeddable":true,"href":"https:\/\/usa-b2.com\/fr\/wp-json\/wp\/v2\/comments?post=107"}],"version-history":[{"count":0,"href":"https:\/\/usa-b2.com\/fr\/wp-json\/wp\/v2\/pages\/107\/revisions"}],"wp:attachment":[{"href":"https:\/\/usa-b2.com\/fr\/wp-json\/wp\/v2\/media?parent=107"}],"curies":[{"name":"wp","href":"https:\/\/api.w.org\/{rel}","templated":true}]}}