{"id":103,"date":"2024-02-10T17:20:25","date_gmt":"2024-02-10T17:20:25","guid":{"rendered":"https:\/\/usa-b2.com\/?page_id=103"},"modified":"2025-10-14T11:03:39","modified_gmt":"2025-10-14T11:03:39","slug":"visa-las-vegas","status":"publish","type":"page","link":"https:\/\/usa-b2.com\/fr\/visa-las-vegas\/","title":{"rendered":"Visa pour arriver \u00e0 Las Vegas aux USA"},"content":{"rendered":"\n<h1 class=\"wp-block-heading\" id=\"h-visa-chicago-pour-les-usa\">Visa Las Vegas pour voyagez aux Etats Unis<\/h1>\n\n\n\n<p>Les voyageurs \u00e9trangers pr\u00e9voyant d&rsquo;arriver \u00e0 Las Vegas pour voyager aux Etats Unis doivent \u00eatre en possession d&rsquo;une autorisation de voyage valide. Il existe plusieurs types d\u2019autorisation de voyage en fonction du motif et de la dur\u00e9e du s\u00e9jour aux USA.<\/p>\n\n\n\n<h2 class=\"wp-block-heading\" id=\"h-faut-il-un-visa-pour-chicago\">Faut-il un visa pour Las Vegas ?<\/h2>\n\n\n\n<p>Las Vegas est une ville am\u00e9ricaine situ\u00e9e dans le d\u00e9sert du Nevada. C&rsquo;est une des principales destinations touristiques am\u00e9ricaines. Dans le cadre d&rsquo;un s\u00e9jour touristique de plus de 3 mois aux USA, les voyageurs \u00e9trangers doivent \u00eatre en possession d&rsquo;un <a href=\"https:\/\/usa-b2.com\/fr\/visa-b2\/\">visa B2<\/a>.<\/p>\n\n\n\n<p><strong>Dans le cadre d\u2019un s\u00e9jour de moins de 90 jours<\/strong>&nbsp;: Il n\u2019est pas n\u00e9cessaire d\u2019obtenir un visa b2 pour Las Vegas. Il faut simplement obtenir une autorisation de voyage en cliquant sur&nbsp;<a href=\"https:\/\/usa-b2.com\/fr\/formulaire-esta-en-ligne\/\">formulaire ESTA en ligne<\/a>.<\/p>\n\n\n\n<div style=\"height:10px\" aria-hidden=\"true\" class=\"wp-block-spacer\"><\/div>\n\n\n\n<h2 class=\"wp-block-heading\">Qu\u2019est ce qu\u2019un visa touristique pour Las Vegas ?<\/h2>\n\n\n\n<p>Un visa B2 touristique pour Las Vegas&nbsp;permet aux voyageurs d&rsquo;atterrir \u00e0 Las Vegas dans le Nevada pour un s\u00e9jour aux USA. Avec un visa B2, les voyageurs peuvent faire du tourisme ou visiter leurs proches qui r\u00e9sident aux \u00c9tats-Unis. Le visa a une dur\u00e9e initiale de 6 mois de validit\u00e9.<\/p>\n\n\n\n<h2 class=\"wp-block-heading\">Faut-il un visa pour faire une escale \u00e0 Las Vegas ?<\/h2>\n\n\n\n<p>Pour faire une escale \u00e0 Las Vegas, les voyageurs doivent \u00eatre en possession d&rsquo;une autorisation de voyage valide. Il existe plusieurs autorisations de voyage possibles. <\/p>\n\n\n\n<p>Si le voyageur est ressortissant d&rsquo;un pays membre du <a href=\"https:\/\/usa-b2.com\/fr\/visa-waiver-program\/\">Visa Waiver Program<\/a>, il n&rsquo;est pas n\u00e9cessaire d&rsquo;obtenir un <a href=\"https:\/\/usa-b2.com\/fr\/visa-transit-usa\/\">visa de transit<\/a>.  Le voyageur peut transiter \u00e0 Las Vegas avec une simple autorisation ESTA.<\/p>\n\n\n\n<p>Si le voyageur n&rsquo;est pas citoyen d&rsquo;un pays b\u00e9n\u00e9ficiant d&rsquo;une exemption de visa, il devra faire une <a href=\"https:\/\/usa-b2.com\/fr\/formulaire-visa-b2-en-ligne\/\">demande de visa B2<\/a> avant d&rsquo;envisager un voyage avec une escale \u00e0 Las Vegas.<\/p>\n\n\n\n<h2 class=\"wp-block-heading\" id=\"h-quel-est-le-prix-du-visa-pour-chicago\">Quels sont les frais de visa pour Las Vegas ?<\/h2>\n\n\n\n<p>Les <a href=\"https:\/\/usa-b2.com\/fr\/frais-visa-b2-usa\/\">frais d&rsquo;un visa B2<\/a> pour Las Vegas sont d&rsquo;un montant de 185$ US depuis l&rsquo;ann\u00e9e 2023. Les frais sont \u00e0 payer lors de la demande de visa pour valider le dossier en ligne. Le re\u00e7u du paiement des frais doit \u00eatre joint aux documents justificatifs dans le cadre de la <a href=\"https:\/\/usa-b2.com\/fr\/procedure-demande-visa-b2\/\">proc\u00e9dure de demande de visa B2<\/a>.<\/p>\n\n\n\n<h2 class=\"wp-block-heading\" id=\"h-comment-obtenir-un-visa-pour-chicago\">Comment obtenir un visa pour Las Vegas ?<\/h2>\n\n\n\n<p>Pour obtenir un visa B2 pour voyager \u00e0 Las Vegas, il faut faire suivre le <a href=\"https:\/\/usa-b2.com\/fr\/procedure-demande-visa-b2\/\">processus de demande de visa<\/a> en ligne de <a href=\"https:\/\/www.uscis.gov\/\">USCIS<\/a>. La d\u00e9cision finale de d\u00e9livrer un visa sera prise \u00e0 l&rsquo;issue d&rsquo;une <a href=\"https:\/\/usa-b2.com\/fr\/rendez-vous-visa-ambassade-usa\/\">interview visa \u00e0 l&rsquo;ambassade am\u00e9ricaine<\/a>.<\/p>\n\n\n\n<h2 class=\"wp-block-heading\" id=\"h-faut-il-un-visa-esta-pour-chicago\">Qui peut demander un ESTA pour Las Vegas ?<\/h2>\n\n\n\n<p>Un citoyen d&rsquo;un pays membre du programme d&rsquo;exemption de visa am\u00e9ricain peut faire une <a href=\"https:\/\/usa-b2.com\/fr\/formulaire-esta-en-ligne\/\">demande ESTA en ligne<\/a> pour Las Vegas. Les d\u00e9lais d&rsquo;obtention d&rsquo;une autorisation ESTA sont beaucoup plus courts que pour un visa B2 aupr\u00e8s d&rsquo;une <a href=\"https:\/\/usa-b2.com\/fr\/ambassade-des-etats-unis\/\">ambassade am\u00e9ricaine<\/a>. <\/p>\n\n\n\n<p>Une autorisation ESTA pour Las Vegas a une dur\u00e9e de validit\u00e9 de 2 ans. Il arrive qu&rsquo;elle expire avant si le <a href=\"https:\/\/usa-b2.com\/fr\/passeport-pour-voyager-aux-usa\/\">passeport pour voyager aux USA<\/a> expire au cours des 2 ann\u00e9es. L&rsquo;autorisation est li\u00e9e au passeport qui a servi \u00e0 l&rsquo;obtenir.<\/p>\n\n\n\n<p>Une ESTA permet de s\u00e9journer au maximum 90 jours d&rsquo;affil\u00e9s aux \u00c9tats-Unis. Les s\u00e9jours de 90 jours peuvent \u00eatre multiples au cours des 2 ans de <a href=\"https:\/\/usa-b2.com\/fr\/esta-duree-validite\/\">validit\u00e9 de l&rsquo;ESTA<\/a>.<\/p>\n","protected":false},"excerpt":{"rendered":"<p>Visa Las Vegas pour voyagez aux Etats Unis Les voyageurs \u00e9trangers pr\u00e9voyant d&rsquo;arriver \u00e0 Las Vegas pour voyager aux Etats Unis doivent \u00eatre en possession d&rsquo;une autorisation de voyage valide. Il existe plusieurs types d\u2019autorisation de voyage en fonction du motif et de la dur\u00e9e du s\u00e9jour aux USA. Faut-il un visa pour Las Vegas [&hellip;]<\/p>\n","protected":false},"author":1,"featured_media":0,"parent":0,"menu_order":0,"comment_status":"closed","ping_status":"closed","template":"","meta":{"footnotes":""},"class_list":["post-103","page","type-page","status-publish","hentry"],"yoast_head":"<!-- This site is optimized with the Yoast SEO plugin v27.4 - https:\/\/yoast.com\/product\/yoast-seo-wordpress\/ -->\n<title>Visa pour arriver \u00e0 Las Vegas aux USA - USA B2<\/title>\n<meta name=\"description\" content=\"Comment obtenir une autorisation de voyage pour atterrir \u00e0 Las Vegas et visiter les Etats Unis avec un visa B2 touristique.\" \/>\n<meta name=\"robots\" content=\"index, follow, max-snippet:-1, max-image-preview:large, max-video-preview:-1\" \/>\n<link rel=\"canonical\" href=\"https:\/\/usa-b2.com\/fr\/visa-las-vegas\/\" \/>\n<meta property=\"og:locale\" content=\"fr_FR\" \/>\n<meta property=\"og:type\" content=\"article\" \/>\n<meta property=\"og:title\" content=\"Visa pour arriver \u00e0 Las Vegas aux USA - USA B2\" \/>\n<meta property=\"og:description\" content=\"Comment obtenir une autorisation de voyage pour atterrir \u00e0 Las Vegas et visiter les Etats Unis avec un visa B2 touristique.\" \/>\n<meta property=\"og:url\" content=\"https:\/\/usa-b2.com\/fr\/visa-las-vegas\/\" \/>\n<meta property=\"og:site_name\" content=\"USA B2\" \/>\n<meta property=\"article:modified_time\" content=\"2025-10-14T11:03:39+00:00\" \/>\n<meta name=\"twitter:card\" content=\"summary_large_image\" \/>\n<meta name=\"twitter:label1\" content=\"Dur\u00e9e de lecture estim\u00e9e\" \/>\n\t<meta name=\"twitter:data1\" content=\"3 minutes\" \/>\n<script type=\"application\/ld+json\" class=\"yoast-schema-graph\">{\"@context\":\"https:\\\/\\\/schema.org\",\"@graph\":[{\"@type\":\"WebPage\",\"@id\":\"https:\\\/\\\/usa-b2.com\\\/fr\\\/visa-las-vegas\\\/\",\"url\":\"https:\\\/\\\/usa-b2.com\\\/fr\\\/visa-las-vegas\\\/\",\"name\":\"Visa pour arriver \u00e0 Las Vegas aux USA - USA B2\",\"isPartOf\":{\"@id\":\"https:\\\/\\\/usa-b2.com\\\/fr\\\/#website\"},\"datePublished\":\"2024-02-10T17:20:25+00:00\",\"dateModified\":\"2025-10-14T11:03:39+00:00\",\"description\":\"Comment obtenir une autorisation de voyage pour atterrir \u00e0 Las Vegas et visiter les Etats Unis avec un visa B2 touristique.\",\"breadcrumb\":{\"@id\":\"https:\\\/\\\/usa-b2.com\\\/fr\\\/visa-las-vegas\\\/#breadcrumb\"},\"inLanguage\":\"fr-FR\",\"potentialAction\":[{\"@type\":\"ReadAction\",\"target\":[\"https:\\\/\\\/usa-b2.com\\\/fr\\\/visa-las-vegas\\\/\"]}]},{\"@type\":\"BreadcrumbList\",\"@id\":\"https:\\\/\\\/usa-b2.com\\\/fr\\\/visa-las-vegas\\\/#breadcrumb\",\"itemListElement\":[{\"@type\":\"ListItem\",\"position\":1,\"name\":\"Accueil\",\"item\":\"https:\\\/\\\/usa-b2.com\\\/fr\\\/\"},{\"@type\":\"ListItem\",\"position\":2,\"name\":\"Visa pour arriver \u00e0 Las Vegas aux USA\"}]},{\"@type\":\"WebSite\",\"@id\":\"https:\\\/\\\/usa-b2.com\\\/fr\\\/#website\",\"url\":\"https:\\\/\\\/usa-b2.com\\\/fr\\\/\",\"name\":\"USA B2 VISA\",\"description\":\"\",\"potentialAction\":[{\"@type\":\"SearchAction\",\"target\":{\"@type\":\"EntryPoint\",\"urlTemplate\":\"https:\\\/\\\/usa-b2.com\\\/fr\\\/?s={search_term_string}\"},\"query-input\":{\"@type\":\"PropertyValueSpecification\",\"valueRequired\":true,\"valueName\":\"search_term_string\"}}],\"inLanguage\":\"fr-FR\"}]}<\/script>\n<!-- \/ Yoast SEO plugin. -->","yoast_head_json":{"title":"Visa pour arriver \u00e0 Las Vegas aux USA - USA B2","description":"Comment obtenir une autorisation de voyage pour atterrir \u00e0 Las Vegas et visiter les Etats Unis avec un visa B2 touristique.","robots":{"index":"index","follow":"follow","max-snippet":"max-snippet:-1","max-image-preview":"max-image-preview:large","max-video-preview":"max-video-preview:-1"},"canonical":"https:\/\/usa-b2.com\/fr\/visa-las-vegas\/","og_locale":"fr_FR","og_type":"article","og_title":"Visa pour arriver \u00e0 Las Vegas aux USA - USA B2","og_description":"Comment obtenir une autorisation de voyage pour atterrir \u00e0 Las Vegas et visiter les Etats Unis avec un visa B2 touristique.","og_url":"https:\/\/usa-b2.com\/fr\/visa-las-vegas\/","og_site_name":"USA B2","article_modified_time":"2025-10-14T11:03:39+00:00","twitter_card":"summary_large_image","twitter_misc":{"Dur\u00e9e de lecture estim\u00e9e":"3 minutes"},"schema":{"@context":"https:\/\/schema.org","@graph":[{"@type":"WebPage","@id":"https:\/\/usa-b2.com\/fr\/visa-las-vegas\/","url":"https:\/\/usa-b2.com\/fr\/visa-las-vegas\/","name":"Visa pour arriver \u00e0 Las Vegas aux USA - USA B2","isPartOf":{"@id":"https:\/\/usa-b2.com\/fr\/#website"},"datePublished":"2024-02-10T17:20:25+00:00","dateModified":"2025-10-14T11:03:39+00:00","description":"Comment obtenir une autorisation de voyage pour atterrir \u00e0 Las Vegas et visiter les Etats Unis avec un visa B2 touristique.","breadcrumb":{"@id":"https:\/\/usa-b2.com\/fr\/visa-las-vegas\/#breadcrumb"},"inLanguage":"fr-FR","potentialAction":[{"@type":"ReadAction","target":["https:\/\/usa-b2.com\/fr\/visa-las-vegas\/"]}]},{"@type":"BreadcrumbList","@id":"https:\/\/usa-b2.com\/fr\/visa-las-vegas\/#breadcrumb","itemListElement":[{"@type":"ListItem","position":1,"name":"Accueil","item":"https:\/\/usa-b2.com\/fr\/"},{"@type":"ListItem","position":2,"name":"Visa pour arriver \u00e0 Las Vegas aux USA"}]},{"@type":"WebSite","@id":"https:\/\/usa-b2.com\/fr\/#website","url":"https:\/\/usa-b2.com\/fr\/","name":"USA B2 VISA","description":"","potentialAction":[{"@type":"SearchAction","target":{"@type":"EntryPoint","urlTemplate":"https:\/\/usa-b2.com\/fr\/?s={search_term_string}"},"query-input":{"@type":"PropertyValueSpecification","valueRequired":true,"valueName":"search_term_string"}}],"inLanguage":"fr-FR"}]}},"_links":{"self":[{"href":"https:\/\/usa-b2.com\/fr\/wp-json\/wp\/v2\/pages\/103","targetHints":{"allow":["GET"]}}],"collection":[{"href":"https:\/\/usa-b2.com\/fr\/wp-json\/wp\/v2\/pages"}],"about":[{"href":"https:\/\/usa-b2.com\/fr\/wp-json\/wp\/v2\/types\/page"}],"author":[{"embeddable":true,"href":"https:\/\/usa-b2.com\/fr\/wp-json\/wp\/v2\/users\/1"}],"replies":[{"embeddable":true,"href":"https:\/\/usa-b2.com\/fr\/wp-json\/wp\/v2\/comments?post=103"}],"version-history":[{"count":1,"href":"https:\/\/usa-b2.com\/fr\/wp-json\/wp\/v2\/pages\/103\/revisions"}],"predecessor-version":[{"id":10401,"href":"https:\/\/usa-b2.com\/fr\/wp-json\/wp\/v2\/pages\/103\/revisions\/10401"}],"wp:attachment":[{"href":"https:\/\/usa-b2.com\/fr\/wp-json\/wp\/v2\/media?parent=103"}],"curies":[{"name":"wp","href":"https:\/\/api.w.org\/{rel}","templated":true}]}}